{"id":8423,"date":"2024-10-18T18:10:36","date_gmt":"2024-10-18T18:10:36","guid":{"rendered":"https:\/\/addio.eu\/retningslinjer-for-informasjonskapsler\/"},"modified":"2025-10-07T11:17:23","modified_gmt":"2025-10-07T11:17:23","slug":"retningslinjer-for-informasjonskapsler","status":"publish","type":"page","link":"https:\/\/addio.eu\/no\/retningslinjer-for-informasjonskapsler\/","title":{"rendered":"Retningslinjer for informasjonskapsler"},"content":{"rendered":"\t\t<div data-elementor-type=\"wp-page\" data-elementor-id=\"8423\" class=\"elementor elementor-8423 elementor-2366\" data-elementor-post-type=\"page\">\n\t\t\t\t<div class=\"elementor-element elementor-element-482efb4 e-flex e-con-boxed e-con e-parent\" data-id=\"482efb4\" data-element_type=\"container\">\n\t\t\t\t\t<div class=\"e-con-inner\">\n\t\t<div class=\"elementor-element elementor-element-4abc206 e-con-full e-flex e-con e-child\" data-id=\"4abc206\" data-element_type=\"container\">\n\t\t<div class=\"elementor-element elementor-element-79a61e0 e-con-full e-flex e-con e-child\" data-id=\"79a61e0\" data-element_type=\"container\">\n\t\t\t\t<div class=\"elementor-element elementor-element-2ef6fc3 elementor-widget elementor-widget-text-editor\" data-id=\"2ef6fc3\" data-element_type=\"widget\" data-widget_type=\"text-editor.default\">\n\t\t\t\t<div class=\"elementor-widget-container\">\n\t\t\t\t\t\t\t\t\t<p><strong>Oppdatert 30. september<\/strong><\/p><p><strong>Hos Addio bruker vi informasjonskapsler og lignende sporingsteknologier p\u00e5 nettstedet v\u00e5rt (https:\/\/addio.eu) for \u00e5 forbedre opplevelsen din, analysere bruken og sikre at tjenestene v\u00e5re fungerer effektivt. Denne retningslinjen for informasjonskapsler forklarer hva informasjonskapsler er, hvordan vi bruker dem, dine valg ang\u00e5ende bruken av dem, og hvordan du kan administrere preferansene dine for informasjonskapsler. <\/strong><\/p><p><strong>1. Hva er informasjonskapsler?<\/strong><br>Informasjonskapsler er sm\u00e5 tekstfiler som lagres p\u00e5 enheten din (datamaskin, nettbrett eller smarttelefon) n\u00e5r du bes\u00f8ker et nettsted. De gj\u00f8r det mulig for nettstedet \u00e5 huske handlingene og preferansene dine (som p\u00e5loggingsdetaljer, spr\u00e5k og skjerminnstillinger) over en viss periode, slik at du ikke trenger \u00e5 skrive dem inn p\u00e5 nytt hver gang du bes\u00f8ker nettstedet eller blar mellom sider.<br>Det finnes forskjellige typer informasjonskapsler som vi bruker p\u00e5 nettstedet v\u00e5rt, og hver av dem har et spesifikt form\u00e5l. <\/p><p><strong>2. Typer informasjonskapsler vi bruker<\/strong><br>\n  <strong>2.1 Essensielle informasjonskapsler<br>Disse informasjonskapslene er n\u00f8dvendige for at nettstedet skal fungere ordentlig. Uten dem kan det hende du ikke kan bruke visse funksjoner, for eksempel \u00e5 f\u00e5 tilgang til sikre omr\u00e5der p\u00e5 nettstedet eller fullf\u00f8re transaksjoner.\u2028Eksempler inkluderer:<\/strong>\n<\/p><ul><li>Informasjonskapsler for \u00f8ktadministrasjon for \u00e5 gj\u00f8re det mulig for deg \u00e5 logge p\u00e5 og bruke kundeportalen.<\/li><li>Informasjonskapsler for \u00e5 opprettholde sikkerheten og integriteten til tjenestene v\u00e5re.<br><br><\/li><\/ul><p><strong>2.2 Ytelses- og analysekapsler<\/strong><br>Disse informasjonskapslene hjelper oss \u00e5 forst\u00e5 hvordan bes\u00f8kende samhandler med nettstedet v\u00e5rt ved \u00e5 samle inn informasjon anonymt. Vi bruker disse informasjonskapslene til \u00e5 analysere bes\u00f8ksatferd, spore bruksm\u00f8nstre og forbedre den generelle funksjonaliteten og ytelsen til nettstedet.\u2028Eksempler inkluderer:<\/p><ul><li>Google Analytics-informasjonskapsler for \u00e5 spore nettstedtrafikk og brukertrender.<br><br><\/li><\/ul><p><strong>2.3 Funksjonalitetskapsler<\/strong><br>Funksjonalitetskapsler lar oss huske preferansene dine og tilby personlige funksjoner. Disse informasjonskapslene bidrar til \u00e5 forbedre brukeropplevelsen ved \u00e5 huske valg du har gjort, for eksempel spr\u00e5kinnstillinger eller tidligere handlepreferanser. <\/p><p><br><strong>2..4 Annonserings- og m\u00e5lrettingskapsler<br>Disse informasjonskapslene brukes til \u00e5 levere relevante annonser til deg basert p\u00e5 dine interesser. De sporer surfevanene dine og gj\u00f8r det mulig for oss \u00e5 gi deg m\u00e5lrettede annonser p\u00e5 nettstedet v\u00e5rt eller tredjepartsplattformer. Disse informasjonskapslene begrenser ogs\u00e5 antall ganger du ser en annonse, og hjelper deg med \u00e5 m\u00e5le effektiviteten av annonseringskampanjene v\u00e5re.<\/strong>  <\/p><p><strong>2.5 Tredjepartskapsler<\/strong><br>Vi kan tillate tredjeparts tjenesteleverand\u00f8rer, for eksempel Google, \u00e5 plassere informasjonskapsler p\u00e5 enheten din for analyse- og annonseringsform\u00e5l. Disse tredjepartskapslene er underlagt deres egne retningslinjer for personvern og informasjonskapsler, og vi har ingen kontroll over informasjonen de samler inn. <\/p><p><strong>3. Hvordan vi bruker informasjonskapsler<br>Vi bruker informasjonskapsler av forskjellige \u00e5rsaker, inkludert:<\/strong><\/p><ul><li>For \u00e5 huske p\u00e5loggingsinformasjonen din og holde deg p\u00e5logget.<\/li><li>For \u00e5 forenkle behandlingen av bestillingene dine og sikre sikkerheten til transaksjonene v\u00e5re.<\/li><li>For \u00e5 analysere og forbedre ytelsen og utformingen av nettstedet v\u00e5rt.<\/li><li>For \u00e5 forst\u00e5 hvordan brukere samhandler med nettstedet v\u00e5rt og forbedre brukervennligheten.<\/li><li>For \u00e5 vise personlig innhold og annonser basert p\u00e5 surfeatferden din.<br><br><\/li><\/ul><p><strong>4. Dine valg ang\u00e5ende informasjonskapsler<\/strong><br>Du har rett til \u00e5 godta eller avvise informasjonskapsler p\u00e5 nettstedet v\u00e5rt. Ved ditt f\u00f8rste bes\u00f8k p\u00e5 nettstedet v\u00e5rt vil du bli presentert med et banner for samtykke til informasjonskapsler som lar deg administrere preferansene dine.\u2028 <\/p><p><strong>4.1 Administrere preferanser for informasjonskapsler<br>Du kan administrere eller deaktivere informasjonskapsler n\u00e5r som helst ved \u00e5 justere innstillingene i nettleseren din. Hver nettleser gir forskjellige m\u00e5ter \u00e5 konfigurere preferanser for informasjonskapsler p\u00e5. Nedenfor er lenker for \u00e5 administrere informasjonskapsler i popul\u00e6re nettlesere:<\/strong>  <\/p><ul><li>Google Chrome<\/li><li><a href=\"https:\/\/support.mozilla.org\/en-US\/kb\/enable-and-disable-cookies-website-preferences\">M<\/a><a href=\"https:\/\/support.mozilla.org\/en-US\/kb\/enable-and-disable-cookies-website-preferences\">ozilla Firefox<\/a><\/li><li><a href=\"https:\/\/support.apple.com\/guide\/safari\/manage-cookies-and-website-data-sfri11471\/mac\">Apple Safari<\/a><\/li><li><a href=\"https:\/\/support.microsoft.com\/en-us\/help\/4027947\/microsoft-edge-delete-cookies\">Microsoft Edge<\/a><\/li><\/ul><p>V\u00e6r oppmerksom p\u00e5 at deaktivering av informasjonskapsler kan p\u00e5virke funksjonaliteten til nettstedet v\u00e5rt, og du kan kanskje ikke f\u00e5 tilgang til visse funksjoner.\u2028<br>\n  <br>\n    <strong>4.2 Trekke tilbake samtykke til informasjonskapsler<br>Hvis du tidligere har samtykket til bruk av informasjonskapsler og \u00f8nsker \u00e5 trekke tilbake samtykket ditt, kan du gj\u00f8re det ved \u00e5 fjerne informasjonskapslene som er lagret i nettleserinnstillingene dine, eller ved \u00e5 justere preferansene dine for informasjonskapsler via popup-vinduet for informasjonskapselinnstillinger p\u00e5 nettstedet v\u00e5rt.<\/strong>\n  \n<\/p><p><strong>5 Tredjepartstjenester<\/strong><br>Vi bruker tredjeparts tjenesteleverand\u00f8rer som Google Analytics for \u00e5 hjelpe oss \u00e5 forst\u00e5 hvordan bes\u00f8kende bruker nettstedet v\u00e5rt. Disse tredjepartstjenestene kan ogs\u00e5 bruke informasjonskapsler til \u00e5 samle inn anonyme data, for eksempel antall bes\u00f8kende p\u00e5 nettstedet og popul\u00e6re sider.<br>For mer informasjon om hvordan Google samler inn og behandler data gjennom sine informasjonskapsler, kan du bes\u00f8ke deres personvernregler p\u00e5 <a href=\"https:\/\/policies.google.com\/privacy.\">https:\/\/policies.google.com\/privacy.<\/a> <\/p><p><strong>6 Oppdatering av denne retningslinjen for informasjonskapsler<\/strong><br>Vi kan oppdatere denne retningslinjen for informasjonskapsler fra tid til annen for \u00e5 gjenspeile endringer i v\u00e5re praksiser for bruk av informasjonskapsler eller av juridiske \u00e5rsaker. N\u00e5r vi gj\u00f8r vesentlige endringer, vil vi legge ut en oppdatert versjon av denne retningslinjen p\u00e5 nettstedet v\u00e5rt med en revidert ikrafttredelsesdato.<br>Vi oppfordrer deg til \u00e5 gjennomg\u00e5 denne retningslinjen regelmessig for \u00e5 holde deg informert om hvordan vi bruker informasjonskapsler og dine relaterte valg. <\/p><p><strong>6 Kontakt oss<\/strong><br>Hvis du har sp\u00f8rsm\u00e5l eller bekymringer ang\u00e5ende v\u00e5r bruk av informasjonskapsler eller denne retningslinjen for informasjonskapsler, kan du kontakte oss p\u00e5:<\/p><p><strong>Addio <br>E-post: <a href=\"mailto:info@addio.eu\">info@addio.eu<\/a><\/strong><\/p>\t\t\t\t\t\t\t\t<\/div>\n\t\t\t\t<\/div>\n\t\t\t\t<\/div>\n\t\t<div class=\"elementor-element elementor-element-a36d95e e-con-full e-flex e-con e-child\" data-id=\"a36d95e\" data-element_type=\"container\">\n\t\t\t\t<div class=\"elementor-element elementor-element-5cc2df3 elementor-icon-list--layout-traditional elementor-list-item-link-full_width elementor-widget elementor-widget-icon-list\" data-id=\"5cc2df3\" data-element_type=\"widget\" data-widget_type=\"icon-list.default\">\n\t\t\t\t<div class=\"elementor-widget-container\">\n\t\t\t\t\t\t\t<ul class=\"elementor-icon-list-items\">\n\t\t\t\t\t\t\t<li class=\"elementor-icon-list-item\">\n\t\t\t\t\t\t\t\t\t\t\t<span class=\"elementor-icon-list-icon\">\n\t\t\t\t\t\t\t<svg xmlns=\"http:\/\/www.w3.org\/2000\/svg\" width=\"34\" height=\"34\" viewBox=\"0 0 34 34\" fill=\"none\"><g clip-path=\"url(#clip0_102_8520)\"><path d=\"M8.9802 16.6182C8.87917 16.8627 8.87917 17.1373 8.9802 17.3818C9.02898 17.5031 9.10105 17.6136 9.19233 17.7071L16.2634 24.7782C16.4509 24.9657 16.7053 25.0711 16.9705 25.0711C17.2357 25.0711 17.4901 24.9657 17.6776 24.7782C17.8652 24.5906 17.9705 24.3363 17.9705 24.0711C17.9705 23.8058 17.8652 23.5515 17.6776 23.364L12.3107 17.997L24.0416 18.0041C24.1736 18.0046 24.3044 17.979 24.4265 17.9288C24.5485 17.8785 24.6594 17.8046 24.7528 17.7112C24.8461 17.6179 24.9201 17.507 24.9703 17.3849C25.0206 17.2628 25.0462 17.132 25.0457 17C25.0462 16.868 25.0206 16.7372 24.9703 16.6151C24.9201 16.493 24.8461 16.3821 24.7528 16.2888C24.6594 16.1954 24.5485 16.1215 24.4265 16.0712C24.3044 16.021 24.1736 15.9954 24.0416 15.9959L12.3107 16.003L17.6776 10.636C17.8652 10.4485 17.9705 10.1941 17.9705 9.92893C17.9705 9.66371 17.8652 9.40936 17.6776 9.22182C17.4901 9.03429 17.2357 8.92893 16.9705 8.92893C16.7053 8.92893 16.4509 9.03429 16.2634 9.22182L9.19233 16.2929C9.10105 16.3864 9.02898 16.4969 8.9802 16.6182Z\" fill=\"#00DB72\"><\/path><\/g><defs><clipPath id=\"clip0_102_8520\"><rect width=\"24\" height=\"24\" fill=\"white\" transform=\"translate(16.9707 33.9706) rotate(-135)\"><\/rect><\/clipPath><\/defs><\/svg>\t\t\t\t\t\t<\/span>\n\t\t\t\t\t\t\t\t\t\t<span class=\"elementor-icon-list-text\">Retningslinjer for informasjonskapsler<\/span>\n\t\t\t\t\t\t\t\t\t<\/li>\n\t\t\t\t\t\t<\/ul>\n\t\t\t\t\t\t<\/div>\n\t\t\t\t<\/div>\n\t\t\t\t<div class=\"elementor-element elementor-element-8a5470c elementor-icon-list--layout-traditional elementor-list-item-link-full_width elementor-widget elementor-widget-icon-list\" data-id=\"8a5470c\" data-element_type=\"widget\" data-widget_type=\"icon-list.default\">\n\t\t\t\t<div class=\"elementor-widget-container\">\n\t\t\t\t\t\t\t<ul class=\"elementor-icon-list-items\">\n\t\t\t\t\t\t\t<li class=\"elementor-icon-list-item\">\n\t\t\t\t\t\t\t\t\t\t\t<a href=\"https:\/\/addio.eu\/privacy-policy\/\">\n\n\t\t\t\t\t\t\t\t\t\t\t\t<span class=\"elementor-icon-list-icon\">\n\t\t\t\t\t\t\t<svg xmlns=\"http:\/\/www.w3.org\/2000\/svg\" width=\"24\" height=\"24\" viewBox=\"0 0 24 24\" fill=\"none\"><path d=\"M17.9199 6.62C17.8185 6.37565 17.6243 6.18147 17.3799 6.08C17.2597 6.02876 17.1306 6.00158 16.9999 6H6.99994C6.73472 6 6.48037 6.10536 6.29283 6.29289C6.1053 6.48043 5.99994 6.73478 5.99994 7C5.99994 7.26522 6.1053 7.51957 6.29283 7.70711C6.48037 7.89464 6.73472 8 6.99994 8H14.5899L6.28994 16.29C6.19621 16.383 6.12182 16.4936 6.07105 16.6154C6.02028 16.7373 5.99414 16.868 5.99414 17C5.99414 17.132 6.02028 17.2627 6.07105 17.3846C6.12182 17.5064 6.19621 17.617 6.28994 17.71C6.3829 17.8037 6.4935 17.8781 6.61536 17.9289C6.73722 17.9797 6.86793 18.0058 6.99994 18.0058C7.13195 18.0058 7.26266 17.9797 7.38452 17.9289C7.50638 17.8781 7.61698 17.8037 7.70994 17.71L15.9999 9.41V17C15.9999 17.2652 16.1053 17.5196 16.2928 17.7071C16.4804 17.8946 16.7347 18 16.9999 18C17.2652 18 17.5195 17.8946 17.707 17.7071C17.8946 17.5196 17.9999 17.2652 17.9999 17V7C17.9984 6.86932 17.9712 6.74022 17.9199 6.62Z\" fill=\"#393939\"><\/path><\/svg>\t\t\t\t\t\t<\/span>\n\t\t\t\t\t\t\t\t\t\t<span class=\"elementor-icon-list-text\">Personvernerkl\u00e6ring<\/span>\n\t\t\t\t\t\t\t\t\t\t\t<\/a>\n\t\t\t\t\t\t\t\t\t<\/li>\n\t\t\t\t\t\t<\/ul>\n\t\t\t\t\t\t<\/div>\n\t\t\t\t<\/div>\n\t\t\t\t<div class=\"elementor-element elementor-element-4fc5578 elementor-icon-list--layout-traditional elementor-list-item-link-full_width elementor-widget elementor-widget-icon-list\" data-id=\"4fc5578\" data-element_type=\"widget\" data-widget_type=\"icon-list.default\">\n\t\t\t\t<div class=\"elementor-widget-container\">\n\t\t\t\t\t\t\t<ul class=\"elementor-icon-list-items\">\n\t\t\t\t\t\t\t<li class=\"elementor-icon-list-item\">\n\t\t\t\t\t\t\t\t\t\t\t<a href=\"https:\/\/addio.eu\/terms-and-conditions\/\">\n\n\t\t\t\t\t\t\t\t\t\t\t\t<span class=\"elementor-icon-list-icon\">\n\t\t\t\t\t\t\t<svg xmlns=\"http:\/\/www.w3.org\/2000\/svg\" width=\"24\" height=\"24\" viewBox=\"0 0 24 24\" fill=\"none\"><path d=\"M17.9199 6.62C17.8185 6.37565 17.6243 6.18147 17.3799 6.08C17.2597 6.02876 17.1306 6.00158 16.9999 6H6.99994C6.73472 6 6.48037 6.10536 6.29283 6.29289C6.1053 6.48043 5.99994 6.73478 5.99994 7C5.99994 7.26522 6.1053 7.51957 6.29283 7.70711C6.48037 7.89464 6.73472 8 6.99994 8H14.5899L6.28994 16.29C6.19621 16.383 6.12182 16.4936 6.07105 16.6154C6.02028 16.7373 5.99414 16.868 5.99414 17C5.99414 17.132 6.02028 17.2627 6.07105 17.3846C6.12182 17.5064 6.19621 17.617 6.28994 17.71C6.3829 17.8037 6.4935 17.8781 6.61536 17.9289C6.73722 17.9797 6.86793 18.0058 6.99994 18.0058C7.13195 18.0058 7.26266 17.9797 7.38452 17.9289C7.50638 17.8781 7.61698 17.8037 7.70994 17.71L15.9999 9.41V17C15.9999 17.2652 16.1053 17.5196 16.2928 17.7071C16.4804 17.8946 16.7347 18 16.9999 18C17.2652 18 17.5195 17.8946 17.707 17.7071C17.8946 17.5196 17.9999 17.2652 17.9999 17V7C17.9984 6.86932 17.9712 6.74022 17.9199 6.62Z\" fill=\"#393939\"><\/path><\/svg>\t\t\t\t\t\t<\/span>\n\t\t\t\t\t\t\t\t\t\t<span class=\"elementor-icon-list-text\">Vilk\u00e5r og betingelser<\/span>\n\t\t\t\t\t\t\t\t\t\t\t<\/a>\n\t\t\t\t\t\t\t\t\t<\/li>\n\t\t\t\t\t\t<\/ul>\n\t\t\t\t\t\t<\/div>\n\t\t\t\t<\/div>\n\t\t\t\t<\/div>\n\t\t\t\t<\/div>\n\t\t\t\t\t<\/div>\n\t\t\t\t<\/div>\n\t\t\t\t<\/div>\n\t\t","protected":false},"excerpt":{"rendered":"<p>Oppdatert 30. september Hos Addio bruker vi informasjonskapsler og lignende sporingsteknologier p\u00e5 nettstedet v\u00e5rt (https:\/\/addio.eu) for \u00e5 forbedre opplevelsen din, analysere bruken og sikre at tjenestene v\u00e5re fungerer effektivt. Denne retningslinjen for informasjonskapsler forklarer hva informasjonskapsler er, hvordan vi bruker dem, dine valg ang\u00e5ende bruken av dem, og hvordan du kan administrere preferansene dine for [&hellip;]<\/p>\n","protected":false},"author":3,"featured_media":0,"parent":0,"menu_order":0,"comment_status":"closed","ping_status":"closed","template":"","meta":{"footnotes":""},"class_list":["post-8423","page","type-page","status-publish","hentry"],"yoast_head":"<!-- This site is optimized with the Yoast SEO plugin v26.0 - https:\/\/yoast.com\/wordpress\/plugins\/seo\/ -->\n<title>Retningslinjer for informasjonskapsler - Addio Electronics<\/title>\n<meta name=\"robots\" content=\"index, follow, max-snippet:-1, max-image-preview:large, max-video-preview:-1\" \/>\n<link rel=\"canonical\" href=\"https:\/\/addio.eu\/no\/retningslinjer-for-informasjonskapsler\/\" \/>\n<meta property=\"og:locale\" content=\"nb_NO\" \/>\n<meta property=\"og:type\" content=\"article\" \/>\n<meta property=\"og:title\" content=\"Retningslinjer for informasjonskapsler - Addio Electronics\" \/>\n<meta property=\"og:description\" content=\"Oppdatert 30. september Hos Addio bruker vi informasjonskapsler og lignende sporingsteknologier p\u00e5 nettstedet v\u00e5rt (https:\/\/addio.eu) for \u00e5 forbedre opplevelsen din, analysere bruken og sikre at tjenestene v\u00e5re fungerer effektivt. Denne retningslinjen for informasjonskapsler forklarer hva informasjonskapsler er, hvordan vi bruker dem, dine valg ang\u00e5ende bruken av dem, og hvordan du kan administrere preferansene dine for [&hellip;]\" \/>\n<meta property=\"og:url\" content=\"https:\/\/addio.eu\/no\/retningslinjer-for-informasjonskapsler\/\" \/>\n<meta property=\"og:site_name\" content=\"Addio Electronics\" \/>\n<meta property=\"article:publisher\" content=\"https:\/\/www.facebook.com\/AddioElectronicsAB\/\" \/>\n<meta property=\"article:modified_time\" content=\"2025-10-07T11:17:23+00:00\" \/>\n<meta name=\"twitter:card\" content=\"summary_large_image\" \/>\n<meta name=\"twitter:label1\" content=\"Ansl. lesetid\" \/>\n\t<meta name=\"twitter:data1\" content=\"4 minutt\" \/>\n<script type=\"application\/ld+json\" class=\"yoast-schema-graph\">{\"@context\":\"https:\/\/schema.org\",\"@graph\":[{\"@type\":\"WebPage\",\"@id\":\"https:\/\/addio.eu\/no\/retningslinjer-for-informasjonskapsler\/\",\"url\":\"https:\/\/addio.eu\/no\/retningslinjer-for-informasjonskapsler\/\",\"name\":\"Retningslinjer for informasjonskapsler - Addio Electronics\",\"isPartOf\":{\"@id\":\"https:\/\/addio.eu\/no\/#website\"},\"datePublished\":\"2024-10-18T18:10:36+00:00\",\"dateModified\":\"2025-10-07T11:17:23+00:00\",\"breadcrumb\":{\"@id\":\"https:\/\/addio.eu\/no\/retningslinjer-for-informasjonskapsler\/#breadcrumb\"},\"inLanguage\":\"nb-NO\",\"potentialAction\":[{\"@type\":\"ReadAction\",\"target\":[\"https:\/\/addio.eu\/no\/retningslinjer-for-informasjonskapsler\/\"]}]},{\"@type\":\"BreadcrumbList\",\"@id\":\"https:\/\/addio.eu\/no\/retningslinjer-for-informasjonskapsler\/#breadcrumb\",\"itemListElement\":[{\"@type\":\"ListItem\",\"position\":1,\"name\":\"Home\",\"item\":\"https:\/\/addio.eu\/no\/addio-forside\/\"},{\"@type\":\"ListItem\",\"position\":2,\"name\":\"Retningslinjer for informasjonskapsler\"}]},{\"@type\":\"WebSite\",\"@id\":\"https:\/\/addio.eu\/no\/#website\",\"url\":\"https:\/\/addio.eu\/no\/\",\"name\":\"addio.eu\",\"description\":\"\",\"publisher\":{\"@id\":\"https:\/\/addio.eu\/no\/#organization\"},\"potentialAction\":[{\"@type\":\"SearchAction\",\"target\":{\"@type\":\"EntryPoint\",\"urlTemplate\":\"https:\/\/addio.eu\/no\/?s={search_term_string}\"},\"query-input\":{\"@type\":\"PropertyValueSpecification\",\"valueRequired\":true,\"valueName\":\"search_term_string\"}}],\"inLanguage\":\"nb-NO\"},{\"@type\":\"Organization\",\"@id\":\"https:\/\/addio.eu\/no\/#organization\",\"name\":\"Addio electronics\",\"url\":\"https:\/\/addio.eu\/no\/\",\"logo\":{\"@type\":\"ImageObject\",\"inLanguage\":\"nb-NO\",\"@id\":\"https:\/\/addio.eu\/no\/#\/schema\/logo\/image\/\",\"url\":\"https:\/\/addio.eu\/wp-content\/uploads\/2024\/10\/Lager_1-1.svg\",\"contentUrl\":\"https:\/\/addio.eu\/wp-content\/uploads\/2024\/10\/Lager_1-1.svg\",\"caption\":\"Addio electronics\"},\"image\":{\"@id\":\"https:\/\/addio.eu\/no\/#\/schema\/logo\/image\/\"},\"sameAs\":[\"https:\/\/www.facebook.com\/AddioElectronicsAB\/\",\"https:\/\/www.linkedin.com\/company\/addio-electronics-ab\"]}]}<\/script>\n<!-- \/ Yoast SEO plugin. -->","yoast_head_json":{"title":"Retningslinjer for informasjonskapsler - Addio Electronics","robots":{"index":"index","follow":"follow","max-snippet":"max-snippet:-1","max-image-preview":"max-image-preview:large","max-video-preview":"max-video-preview:-1"},"canonical":"https:\/\/addio.eu\/no\/retningslinjer-for-informasjonskapsler\/","og_locale":"nb_NO","og_type":"article","og_title":"Retningslinjer for informasjonskapsler - Addio Electronics","og_description":"Oppdatert 30. september Hos Addio bruker vi informasjonskapsler og lignende sporingsteknologier p\u00e5 nettstedet v\u00e5rt (https:\/\/addio.eu) for \u00e5 forbedre opplevelsen din, analysere bruken og sikre at tjenestene v\u00e5re fungerer effektivt. Denne retningslinjen for informasjonskapsler forklarer hva informasjonskapsler er, hvordan vi bruker dem, dine valg ang\u00e5ende bruken av dem, og hvordan du kan administrere preferansene dine for [&hellip;]","og_url":"https:\/\/addio.eu\/no\/retningslinjer-for-informasjonskapsler\/","og_site_name":"Addio Electronics","article_publisher":"https:\/\/www.facebook.com\/AddioElectronicsAB\/","article_modified_time":"2025-10-07T11:17:23+00:00","twitter_card":"summary_large_image","twitter_misc":{"Ansl. lesetid":"4 minutt"},"schema":{"@context":"https:\/\/schema.org","@graph":[{"@type":"WebPage","@id":"https:\/\/addio.eu\/no\/retningslinjer-for-informasjonskapsler\/","url":"https:\/\/addio.eu\/no\/retningslinjer-for-informasjonskapsler\/","name":"Retningslinjer for informasjonskapsler - Addio Electronics","isPartOf":{"@id":"https:\/\/addio.eu\/no\/#website"},"datePublished":"2024-10-18T18:10:36+00:00","dateModified":"2025-10-07T11:17:23+00:00","breadcrumb":{"@id":"https:\/\/addio.eu\/no\/retningslinjer-for-informasjonskapsler\/#breadcrumb"},"inLanguage":"nb-NO","potentialAction":[{"@type":"ReadAction","target":["https:\/\/addio.eu\/no\/retningslinjer-for-informasjonskapsler\/"]}]},{"@type":"BreadcrumbList","@id":"https:\/\/addio.eu\/no\/retningslinjer-for-informasjonskapsler\/#breadcrumb","itemListElement":[{"@type":"ListItem","position":1,"name":"Home","item":"https:\/\/addio.eu\/no\/addio-forside\/"},{"@type":"ListItem","position":2,"name":"Retningslinjer for informasjonskapsler"}]},{"@type":"WebSite","@id":"https:\/\/addio.eu\/no\/#website","url":"https:\/\/addio.eu\/no\/","name":"addio.eu","description":"","publisher":{"@id":"https:\/\/addio.eu\/no\/#organization"},"potentialAction":[{"@type":"SearchAction","target":{"@type":"EntryPoint","urlTemplate":"https:\/\/addio.eu\/no\/?s={search_term_string}"},"query-input":{"@type":"PropertyValueSpecification","valueRequired":true,"valueName":"search_term_string"}}],"inLanguage":"nb-NO"},{"@type":"Organization","@id":"https:\/\/addio.eu\/no\/#organization","name":"Addio electronics","url":"https:\/\/addio.eu\/no\/","logo":{"@type":"ImageObject","inLanguage":"nb-NO","@id":"https:\/\/addio.eu\/no\/#\/schema\/logo\/image\/","url":"https:\/\/addio.eu\/wp-content\/uploads\/2024\/10\/Lager_1-1.svg","contentUrl":"https:\/\/addio.eu\/wp-content\/uploads\/2024\/10\/Lager_1-1.svg","caption":"Addio electronics"},"image":{"@id":"https:\/\/addio.eu\/no\/#\/schema\/logo\/image\/"},"sameAs":["https:\/\/www.facebook.com\/AddioElectronicsAB\/","https:\/\/www.linkedin.com\/company\/addio-electronics-ab"]}]}},"_links":{"self":[{"href":"https:\/\/addio.eu\/no\/wp-json\/wp\/v2\/pages\/8423","targetHints":{"allow":["GET"]}}],"collection":[{"href":"https:\/\/addio.eu\/no\/wp-json\/wp\/v2\/pages"}],"about":[{"href":"https:\/\/addio.eu\/no\/wp-json\/wp\/v2\/types\/page"}],"author":[{"embeddable":true,"href":"https:\/\/addio.eu\/no\/wp-json\/wp\/v2\/users\/3"}],"replies":[{"embeddable":true,"href":"https:\/\/addio.eu\/no\/wp-json\/wp\/v2\/comments?post=8423"}],"version-history":[{"count":1,"href":"https:\/\/addio.eu\/no\/wp-json\/wp\/v2\/pages\/8423\/revisions"}],"predecessor-version":[{"id":8424,"href":"https:\/\/addio.eu\/no\/wp-json\/wp\/v2\/pages\/8423\/revisions\/8424"}],"wp:attachment":[{"href":"https:\/\/addio.eu\/no\/wp-json\/wp\/v2\/media?parent=8423"}],"curies":[{"name":"wp","href":"https:\/\/api.w.org\/{rel}","templated":true}]}}