{"id":7708,"date":"2024-10-11T12:21:05","date_gmt":"2024-10-11T12:21:05","guid":{"rendered":"https:\/\/addio.eu\/vilkar-og-betingelser\/"},"modified":"2026-02-09T13:03:57","modified_gmt":"2026-02-09T13:03:57","slug":"vilkar-og-betingelser","status":"publish","type":"page","link":"https:\/\/addio.eu\/no\/vilkar-og-betingelser\/","title":{"rendered":"Vilk\u00e5r og betingelser"},"content":{"rendered":"\t\t<div data-elementor-type=\"wp-page\" data-elementor-id=\"7708\" class=\"elementor elementor-7708 elementor-1141\" data-elementor-post-type=\"page\">\n\t\t\t\t<div class=\"elementor-element elementor-element-0c2cb60 e-flex e-con-boxed e-con e-parent\" data-id=\"0c2cb60\" data-element_type=\"container\">\n\t\t\t\t\t<div class=\"e-con-inner\">\n\t\t\t\t<div class=\"elementor-element elementor-element-758cfa2 elementor-widget elementor-widget-heading\" data-id=\"758cfa2\" data-element_type=\"widget\" data-widget_type=\"heading.default\">\n\t\t\t\t<div class=\"elementor-widget-container\">\n\t\t\t\t\t<h1 class=\"elementor-heading-title elementor-size-default\">Vilk\u00e5r og betingelser<\/h1>\t\t\t\t<\/div>\n\t\t\t\t<\/div>\n\t\t<div class=\"elementor-element elementor-element-1f616ec e-con-full e-flex e-con e-child\" data-id=\"1f616ec\" data-element_type=\"container\">\n\t\t<div class=\"elementor-element elementor-element-8e80135 e-con-full e-flex e-con e-child\" data-id=\"8e80135\" data-element_type=\"container\">\n\t\t\t\t<div class=\"elementor-element elementor-element-17537e1 elementor-widget elementor-widget-text-editor\" data-id=\"17537e1\" data-element_type=\"widget\" data-widget_type=\"text-editor.default\">\n\t\t\t\t<div class=\"elementor-widget-container\">\n\t\t\t\t\t\t\t\t\t<p><strong>Oppdatert 30. september 2025<\/strong><\/p><p><strong>Disse vilk\u00e5rene og betingelsene (\u00abVilk\u00e5r\u00bb) regulerer kj\u00f8p og bruk av produkter og tjenester levert av Addio (<a href=\"https:\/\/addio.eu\/no\/\">https:\/\/addio.eu<\/a>). Ved \u00e5 g\u00e5 inn p\u00e5 nettstedet v\u00e5rt, legge inn en bestilling eller bruke tjenestene v\u00e5re, samtykker du i \u00e5 overholde disse vilk\u00e5rene. Vennligst les dem n\u00f8ye f\u00f8r du foretar et kj\u00f8p eller bruker tjenestene v\u00e5re.  <\/strong><\/p><p><strong>1. Definisjoner<\/strong><\/p><ul><li>\u00abAddio\u00bb refererer til Addio Electronics AB, et selskap registrert i Sverige, som produserer og selger digitale rel\u00e9bokser og tilh\u00f8rende produkter.<\/li><li>\u00abKunde\u00bb refererer til enhver person, selskap, distribut\u00f8r eller organisasjon som kj\u00f8per produkter eller tjenester fra Addio.<\/li><li>\u00abProdukter\u00bb refererer til de digitale rel\u00e9boksene og annen maskinvare som selges av Addio via nettstedet.<\/li><li>\u00abTjenester\u00bb refererer til ytterligere st\u00f8ttetjenester levert av Addio, inkludert teknisk assistanse for systemoppsett og feils\u00f8king.<br>\u00abNettsted\u00bb refererer til https:\/\/addio.eu.<\/li><\/ul><p><strong>2. Omfang av produkter og tjenester<\/strong><br><strong>2.1 Produkter<\/strong>\u2028<br>Addio designer, produserer og selger digitale rel\u00e9bokser og annen tilh\u00f8rende maskinvare. Alle produkter er laget i Sverige og selges direkte til forbrukere, bedrifter og distribut\u00f8rer globalt. De prim\u00e6re produktkategoriene inkluderer:  <\/p><ul><li>Hovedenheter<\/li><li>Bryterpaneler og h\u00e5nd-<\/li><li>kontrollere<\/li><li>CAN-enheter og sensorer<\/li><li>Koblingsbokser for CAN og kontakter<\/li><li>Symbolark og tilpassede enheter<\/li><\/ul><p><strong>2.2 St\u00f8ttetjenester\u2028<\/strong><br>\u2028I tillegg til fysiske produkter tilbyr Addio betalte st\u00f8ttetjenester for \u00e5 hjelpe kunder med systemintegrasjon og oppsett. Disse tjenestene kan inkludere tekniske konsultasjoner, feils\u00f8king og tilpassede l\u00f8sninger basert p\u00e5 kundens behov. <\/p><p><strong>2.3 Tilgjengelighet av produkter\u2028<br><\/strong>Addio forbeholder seg retten til \u00e5 endre eller avvikle ethvert produkt eller tjeneste n\u00e5r som helst uten varsel. Produkttilgjengelighet kan v\u00e6re underlagt geografiske begrensninger eller begrensninger i forsyningskjeden. <\/p><p><strong>3. Bestillinger og betaling<\/strong><br><strong>3.1 Bestillingsprosess<br><\/strong>For \u00e5 legge inn en bestilling m\u00e5 kunden oppgi n\u00f8yaktig og fullstendig personlig informasjon og betalingsinformasjon. Addio forbeholder seg retten til \u00e5 nekte enhver bestilling som ikke oppfyller disse kravene, eller av andre grunner som anses som passende. <\/p><p><strong>3.2 Betalingsbetingelser<br><\/strong>Betalinger m\u00e5 gj\u00f8res i sin helhet ved bestilling via betalingsmetodene som er tilgjengelige p\u00e5 nettstedet v\u00e5rt. Betalingsalternativer kan inkludere kredittkort, PayPal eller andre online betalingsportaler som Stripe. Alle transaksjoner behandles sikkert, og Addio lagrer ikke sensitiv betalingsinformasjon.  <\/p><p><strong>3.3 Priser<br><\/strong>\u2028Alle priser er oppgitt i EUR (eller relevant valuta for regionen) og kan endres uten varsel. Prisene som vises p\u00e5 nettstedet inkluderer ikke fraktkostnader, skatter, tollavgifter og andre gjeldende gebyrer, med mindre annet er oppgitt. Kunder er ansvarlige for eventuelle tilleggskostnader som p\u00e5l\u00f8per i deres bostedsland.  <\/p><p><strong>3.4 Skatter og avgifter<br><\/strong>For internasjonale bestillinger kan kunder v\u00e6re ansvarlige for tollavgifter, skatter og andre importgebyrer, som ikke er inkludert i den totale bestillingssummen. Addio er ikke ansvarlig for eventuelle tilleggskostnader som kan p\u00e5l\u00f8pe under fortolling. <\/p><p><strong>4. Frakt og levering<\/strong><br><strong>4.1 Global frakt\u2028<br><\/strong>Addio sender produkter over hele verden, med visse geografiske unntak p\u00e5 grunn av lokale importrestriksjoner eller sanksjoner. Fraktpriser beregnes ved utsjekking, og leveringstider kan variere avhengig av destinasjonen. For spesifikke fraktbegrensninger, vennligst kontakt oss p\u00e5 <a href=\"mailto:info@addio.eu\">info@addio.eu<\/a>.  <\/p><p><strong>4.2 Levering<\/strong> <br>Tider\u2028Selv om Addio har som m\u00e5l \u00e5 overholde de estimerte leveringstidene, kan uforutsette forsinkelser for\u00e5rsaket av faktorer som fortolling, v\u00e6rforhold eller logistiske problemer forekomme. Addio er ikke ansvarlig for forsinkelser i leveringen n\u00e5r produktene er overlevert til fraktselskapet. <\/p><p><strong>4.3 Eierskap og risiko for tap<\/strong>\u2028<br>Eierskapet til produktene overf\u00f8res til kunden n\u00e5r betalingen er mottatt i sin helhet, og produktene er sendt. Risikoen for tap eller skade under transport overf\u00f8res til kunden p\u00e5 leveringstidspunktet. <\/p><p><strong>5. Retur, kanselleringer og refusjoner<\/strong><br><strong>5.1 Endelig salg<\/strong>\u2028<br>Alle kj\u00f8p som gj\u00f8res via Addios nettsted anses som endelige. P\u00e5 grunn av arten av v\u00e5re produkter og systemer, utstedes retur og refusjoner kun under eksepsjonelle omstendigheter. <\/p><p><strong>5.2 Defekte produkter<br><\/strong>Hvis du mottar et defekt eller skadet produkt, vennligst kontakt kundest\u00f8tte umiddelbart ved mottak. Addio vil manuelt gjennomg\u00e5 alle krav om defekter og kan tilby en erstatning eller reparasjon, avhengig av problemet. Addio forbeholder seg retten til \u00e5 avvise ethvert krav hvis produktet viser tegn p\u00e5 misbruk eller skade for\u00e5rsaket av kunden.  <\/p><p><strong>5.3 Kanselleringer\u2028<br><\/strong>Bestillinger kan ikke kanselleres n\u00e5r de er behandlet og sendt. For sp\u00f8rsm\u00e5l ang\u00e5ende bestillingen din, kontakt kundest\u00f8tte s\u00e5 snart som mulig for \u00e5 se om justeringer kan gj\u00f8res f\u00f8r forsendelse. <\/p><p><strong>6. Brukerkontoer og ansvar<\/strong><br><strong>6.1 Kontoopprettelse<\/strong>\u2028 <br>For \u00e5 f\u00e5 tilgang til visse funksjoner p\u00e5 nettstedet, inkludert kj\u00f8p av produkter, m\u00e5 kundene opprette en konto. Kundene er ansvarlige for \u00e5 opprettholde konfidensialiteten til sine p\u00e5loggingsdetaljer og for alle aktiviteter som skjer under deres konto. <\/p><p><strong>6.2 Kontoavslutning<\/strong>\u2028<br>Hvis en kunde bryter disse vilk\u00e5rene, forbeholder Addio seg retten til \u00e5 avslutte kontoen deres og begrense deres tilgang til fremtidige kj\u00f8p eller tjenester. Kontoer som forblir inaktive i 24 m\u00e5neder vil bli flagget for sletting, og Addio vil varsle kunden via e-post. Hvis kunden ikke logger p\u00e5 innen 3 m\u00e5neder, vil kontoen bli slettet permanent.  <\/p><p><strong>7. Garantier og garantier<\/strong><br><strong>7.1 Produktgaranti<\/strong><br>Addio gir en begrenset garanti p\u00e5 sine produkter i 24 m\u00e5neder fra kj\u00f8psdatoen. Denne garantien dekker defekter i materialer og utf\u00f8relse ved normal bruk. Enhver misbruk, modifikasjon eller uautorisert reparasjon av produktet ugyldiggj\u00f8r garantien.  <\/p><p><strong>7.2 Garantikrav\u2028<br><\/strong>For \u00e5 starte et garantikrav m\u00e5 kundene kontakte kundest\u00f8tte. Addio vil vurdere hvert krav fra sak til sak og avgj\u00f8re om det defekte produktet skal repareres, erstattes eller refunderes. Kunden er ansvarlig for \u00e5 returnere det defekte produktet til Addio, og Addio vil b\u00e6re kostnadene for frakt for erstatningsproduktet.  <\/p><p><strong>8. Immaterielle rettigheter<\/strong><br>Alle immaterielle rettigheter p\u00e5 Addios nettsted, inkludert, men ikke begrenset til, produktdesign, programvare, tekst, grafikk, bilder, logoer og varemerker, eies av Addio. Du kan ikke kopiere, distribuere eller reprodusere noe innhold fra nettstedet v\u00e5rt uten skriftlig forh\u00e5ndssamtykke. Enhver uautorisert bruk av v\u00e5re immaterielle rettigheter kan f\u00f8re til rettslige skritt.  <\/p><p><strong>9. Ansvarsbegrensning<\/strong><br>Addio fraskriver seg alt ansvar for misbruk eller utilsiktet bruk av sine produkter av kunder. Ved \u00e5 kj\u00f8pe og bruke Addio-produkter p\u00e5tar kundene seg fullt ansvar for hvordan de installerer, implementerer eller modifiserer produktene. Addio vil ikke holdes ansvarlig for skader, personskader eller tap som oppst\u00e5r som f\u00f8lge av feil bruk av sine produkter.  <\/p><p><strong>9.1 Indirekte tap eller f\u00f8lgetap<br><\/strong>Addio er ikke ansvarlig for indirekte tap, tilfeldige tap eller f\u00f8lgetap som oppst\u00e5r som f\u00f8lge av bruken av sine produkter eller tjenester, inkludert, men ikke begrenset til, tap av data, tap av fortjeneste eller tredjeparts krav.<\/p><p><strong>10. Tvistel\u00f8sning og gjeldende lov<\/strong><br><strong>10.1 Tvistel\u00f8sning<br><\/strong>Eventuelle tvister eller krav relatert til din bruk av Addios produkter eller tjenester m\u00e5 f\u00f8rst rettes til kundest\u00f8tte. Hvis problemet ikke kan l\u00f8ses, samtykker begge parter i \u00e5 forf\u00f8lge saken gjennom uformelle forhandlinger. <\/p><p><strong>10.2 Gjeldende lov<\/strong>\u2028<br>Disse vilk\u00e5rene er underlagt og tolkes i samsvar med svensk lov. Eventuelle juridiske tvister som ikke kan l\u00f8ses gjennom uformelle forhandlinger, skal v\u00e6re underlagt de svenske domstolers eksklusive jurisdiksjon. <\/p><p><strong>11. Endringer i vilk\u00e5r og betingelser<\/strong><br>Addio forbeholder seg retten til \u00e5 oppdatere eller endre disse vilk\u00e5rene n\u00e5r som helst uten forvarsel. Eventuelle endringer trer i kraft umiddelbart etter at de er lagt ut p\u00e5 nettstedet. Fortsatt bruk av nettstedet og tjenestene etter endringer utgj\u00f8r din aksept av de oppdaterte vilk\u00e5rene. Vi oppfordrer kundene til \u00e5 gjennomg\u00e5 vilk\u00e5rene regelmessig.   <\/p><p><strong>12. Begrensning av Addios ansvar<\/strong><br>Addio tar ikke ansvar for hvordan kunder velger \u00e5 bruke, implementere eller modifisere sine Addio-produkter etter kj\u00f8pet. Addio fraskriver seg ethvert ansvar for skader, juridiske krav eller personskader som oppst\u00e5r som f\u00f8lge av feil bruk eller feil implementering av produktene. Kundene er ansvarlige for \u00e5 sikre at de har n\u00f8dvendig ekspertise og forst\u00e5else for \u00e5 bruke Addio-produkter trygt og korrekt. Addio kan ikke holdes ansvarlig i en rettssak for eventuelle resultater som stammer fra misbruk av sine produkter.   <\/p><p><strong>13. Kontaktinformasjon<\/strong><br>For sp\u00f8rsm\u00e5l eller bekymringer ang\u00e5ende disse vilk\u00e5rene og betingelsene, eller for \u00e5 sp\u00f8rre om et produkt eller en tjeneste, vennligst kontakt oss p\u00e5:<\/p><p><strong>Addio<\/strong><br><strong>E-post:<\/strong> <a href=\"mailto:info@addio.eu\">info@addio.eu<\/a><\/p>\t\t\t\t\t\t\t\t<\/div>\n\t\t\t\t<\/div>\n\t\t\t\t<\/div>\n\t\t<div class=\"elementor-element elementor-element-1c4e995 e-con-full e-flex e-con e-child\" data-id=\"1c4e995\" data-element_type=\"container\">\n\t\t\t\t<div class=\"elementor-element elementor-element-37670bc elementor-icon-list--layout-traditional elementor-list-item-link-full_width elementor-widget elementor-widget-icon-list\" data-id=\"37670bc\" data-element_type=\"widget\" data-widget_type=\"icon-list.default\">\n\t\t\t\t<div class=\"elementor-widget-container\">\n\t\t\t\t\t\t\t<ul class=\"elementor-icon-list-items\">\n\t\t\t\t\t\t\t<li class=\"elementor-icon-list-item\">\n\t\t\t\t\t\t\t\t\t\t\t<a href=\"https:\/\/addio.eu\/cookie-policy\/\">\n\n\t\t\t\t\t\t\t\t\t\t\t\t<span class=\"elementor-icon-list-icon\">\n\t\t\t\t\t\t\t<svg xmlns=\"http:\/\/www.w3.org\/2000\/svg\" width=\"24\" height=\"24\" viewBox=\"0 0 24 24\" fill=\"none\"><path d=\"M17.9199 6.62C17.8185 6.37565 17.6243 6.18147 17.3799 6.08C17.2597 6.02876 17.1306 6.00158 16.9999 6H6.99994C6.73472 6 6.48037 6.10536 6.29283 6.29289C6.1053 6.48043 5.99994 6.73478 5.99994 7C5.99994 7.26522 6.1053 7.51957 6.29283 7.70711C6.48037 7.89464 6.73472 8 6.99994 8H14.5899L6.28994 16.29C6.19621 16.383 6.12182 16.4936 6.07105 16.6154C6.02028 16.7373 5.99414 16.868 5.99414 17C5.99414 17.132 6.02028 17.2627 6.07105 17.3846C6.12182 17.5064 6.19621 17.617 6.28994 17.71C6.3829 17.8037 6.4935 17.8781 6.61536 17.9289C6.73722 17.9797 6.86793 18.0058 6.99994 18.0058C7.13195 18.0058 7.26266 17.9797 7.38452 17.9289C7.50638 17.8781 7.61698 17.8037 7.70994 17.71L15.9999 9.41V17C15.9999 17.2652 16.1053 17.5196 16.2928 17.7071C16.4804 17.8946 16.7347 18 16.9999 18C17.2652 18 17.5195 17.8946 17.707 17.7071C17.8946 17.5196 17.9999 17.2652 17.9999 17V7C17.9984 6.86932 17.9712 6.74022 17.9199 6.62Z\" fill=\"#393939\"><\/path><\/svg>\t\t\t\t\t\t<\/span>\n\t\t\t\t\t\t\t\t\t\t<span class=\"elementor-icon-list-text\">Retningslinjer for informasjonskapsler<\/span>\n\t\t\t\t\t\t\t\t\t\t\t<\/a>\n\t\t\t\t\t\t\t\t\t<\/li>\n\t\t\t\t\t\t<\/ul>\n\t\t\t\t\t\t<\/div>\n\t\t\t\t<\/div>\n\t\t\t\t<div class=\"elementor-element elementor-element-270a44c elementor-icon-list--layout-traditional elementor-list-item-link-full_width elementor-widget elementor-widget-icon-list\" data-id=\"270a44c\" data-element_type=\"widget\" data-widget_type=\"icon-list.default\">\n\t\t\t\t<div class=\"elementor-widget-container\">\n\t\t\t\t\t\t\t<ul class=\"elementor-icon-list-items\">\n\t\t\t\t\t\t\t<li class=\"elementor-icon-list-item\">\n\t\t\t\t\t\t\t\t\t\t\t<a href=\"https:\/\/addio.eu\/privacy-policy\/\">\n\n\t\t\t\t\t\t\t\t\t\t\t\t<span class=\"elementor-icon-list-icon\">\n\t\t\t\t\t\t\t<svg xmlns=\"http:\/\/www.w3.org\/2000\/svg\" width=\"24\" height=\"24\" viewBox=\"0 0 24 24\" fill=\"none\"><path d=\"M17.9199 6.62C17.8185 6.37565 17.6243 6.18147 17.3799 6.08C17.2597 6.02876 17.1306 6.00158 16.9999 6H6.99994C6.73472 6 6.48037 6.10536 6.29283 6.29289C6.1053 6.48043 5.99994 6.73478 5.99994 7C5.99994 7.26522 6.1053 7.51957 6.29283 7.70711C6.48037 7.89464 6.73472 8 6.99994 8H14.5899L6.28994 16.29C6.19621 16.383 6.12182 16.4936 6.07105 16.6154C6.02028 16.7373 5.99414 16.868 5.99414 17C5.99414 17.132 6.02028 17.2627 6.07105 17.3846C6.12182 17.5064 6.19621 17.617 6.28994 17.71C6.3829 17.8037 6.4935 17.8781 6.61536 17.9289C6.73722 17.9797 6.86793 18.0058 6.99994 18.0058C7.13195 18.0058 7.26266 17.9797 7.38452 17.9289C7.50638 17.8781 7.61698 17.8037 7.70994 17.71L15.9999 9.41V17C15.9999 17.2652 16.1053 17.5196 16.2928 17.7071C16.4804 17.8946 16.7347 18 16.9999 18C17.2652 18 17.5195 17.8946 17.707 17.7071C17.8946 17.5196 17.9999 17.2652 17.9999 17V7C17.9984 6.86932 17.9712 6.74022 17.9199 6.62Z\" fill=\"#393939\"><\/path><\/svg>\t\t\t\t\t\t<\/span>\n\t\t\t\t\t\t\t\t\t\t<span class=\"elementor-icon-list-text\">Personvernerkl\u00e6ring<\/span>\n\t\t\t\t\t\t\t\t\t\t\t<\/a>\n\t\t\t\t\t\t\t\t\t<\/li>\n\t\t\t\t\t\t<\/ul>\n\t\t\t\t\t\t<\/div>\n\t\t\t\t<\/div>\n\t\t\t\t<div class=\"elementor-element elementor-element-70fddd5 elementor-icon-list--layout-traditional elementor-list-item-link-full_width elementor-widget elementor-widget-icon-list\" data-id=\"70fddd5\" data-element_type=\"widget\" data-widget_type=\"icon-list.default\">\n\t\t\t\t<div class=\"elementor-widget-container\">\n\t\t\t\t\t\t\t<ul class=\"elementor-icon-list-items\">\n\t\t\t\t\t\t\t<li class=\"elementor-icon-list-item\">\n\t\t\t\t\t\t\t\t\t\t\t<span class=\"elementor-icon-list-icon\">\n\t\t\t\t\t\t\t<svg xmlns=\"http:\/\/www.w3.org\/2000\/svg\" width=\"34\" height=\"34\" viewBox=\"0 0 34 34\" fill=\"none\"><g clip-path=\"url(#clip0_102_8520)\"><path d=\"M8.9802 16.6182C8.87917 16.8627 8.87917 17.1373 8.9802 17.3818C9.02898 17.5031 9.10105 17.6136 9.19233 17.7071L16.2634 24.7782C16.4509 24.9657 16.7053 25.0711 16.9705 25.0711C17.2357 25.0711 17.4901 24.9657 17.6776 24.7782C17.8652 24.5906 17.9705 24.3363 17.9705 24.0711C17.9705 23.8058 17.8652 23.5515 17.6776 23.364L12.3107 17.997L24.0416 18.0041C24.1736 18.0046 24.3044 17.979 24.4265 17.9288C24.5485 17.8785 24.6594 17.8046 24.7528 17.7112C24.8461 17.6179 24.9201 17.507 24.9703 17.3849C25.0206 17.2628 25.0462 17.132 25.0457 17C25.0462 16.868 25.0206 16.7372 24.9703 16.6151C24.9201 16.493 24.8461 16.3821 24.7528 16.2888C24.6594 16.1954 24.5485 16.1215 24.4265 16.0712C24.3044 16.021 24.1736 15.9954 24.0416 15.9959L12.3107 16.003L17.6776 10.636C17.8652 10.4485 17.9705 10.1941 17.9705 9.92893C17.9705 9.66371 17.8652 9.40936 17.6776 9.22182C17.4901 9.03429 17.2357 8.92893 16.9705 8.92893C16.7053 8.92893 16.4509 9.03429 16.2634 9.22182L9.19233 16.2929C9.10105 16.3864 9.02898 16.4969 8.9802 16.6182Z\" fill=\"#00DB72\"><\/path><\/g><defs><clipPath id=\"clip0_102_8520\"><rect width=\"24\" height=\"24\" fill=\"white\" transform=\"translate(16.9707 33.9706) rotate(-135)\"><\/rect><\/clipPath><\/defs><\/svg>\t\t\t\t\t\t<\/span>\n\t\t\t\t\t\t\t\t\t\t<span class=\"elementor-icon-list-text\">Vilk\u00e5r og betingelser<\/span>\n\t\t\t\t\t\t\t\t\t<\/li>\n\t\t\t\t\t\t<\/ul>\n\t\t\t\t\t\t<\/div>\n\t\t\t\t<\/div>\n\t\t\t\t<\/div>\n\t\t\t\t<\/div>\n\t\t\t\t\t<\/div>\n\t\t\t\t<\/div>\n\t\t\t\t<\/div>\n\t\t","protected":false},"excerpt":{"rendered":"<p>Oppdatert 30. september 2025 Disse vilk\u00e5rene og betingelsene (\u00abVilk\u00e5r\u00bb) regulerer kj\u00f8p og bruk av produkter og tjenester levert av Addio (https:\/\/addio.eu). Ved \u00e5 g\u00e5 inn p\u00e5 nettstedet v\u00e5rt, legge inn en bestilling eller bruke tjenestene v\u00e5re, samtykker du i \u00e5 overholde disse vilk\u00e5rene. Vennligst les dem n\u00f8ye f\u00f8r du foretar et kj\u00f8p eller bruker tjenestene [&hellip;]<\/p>\n","protected":false},"author":3,"featured_media":0,"parent":0,"menu_order":0,"comment_status":"closed","ping_status":"closed","template":"","meta":{"footnotes":""},"class_list":["post-7708","page","type-page","status-publish","hentry"],"yoast_head":"<!-- This site is optimized with the Yoast SEO plugin v26.0 - https:\/\/yoast.com\/wordpress\/plugins\/seo\/ -->\n<title>Vilk\u00e5r og betingelser - Addio Electronics<\/title>\n<meta name=\"robots\" content=\"index, follow, max-snippet:-1, max-image-preview:large, max-video-preview:-1\" \/>\n<link rel=\"canonical\" href=\"https:\/\/addio.eu\/no\/vilkar-og-betingelser\/\" \/>\n<meta property=\"og:locale\" content=\"nb_NO\" \/>\n<meta property=\"og:type\" content=\"article\" \/>\n<meta property=\"og:title\" content=\"Vilk\u00e5r og betingelser - Addio Electronics\" \/>\n<meta property=\"og:description\" content=\"Oppdatert 30. september 2025 Disse vilk\u00e5rene og betingelsene (\u00abVilk\u00e5r\u00bb) regulerer kj\u00f8p og bruk av produkter og tjenester levert av Addio (https:\/\/addio.eu). Ved \u00e5 g\u00e5 inn p\u00e5 nettstedet v\u00e5rt, legge inn en bestilling eller bruke tjenestene v\u00e5re, samtykker du i \u00e5 overholde disse vilk\u00e5rene. Vennligst les dem n\u00f8ye f\u00f8r du foretar et kj\u00f8p eller bruker tjenestene [&hellip;]\" \/>\n<meta property=\"og:url\" content=\"https:\/\/addio.eu\/no\/vilkar-og-betingelser\/\" \/>\n<meta property=\"og:site_name\" content=\"Addio Electronics\" \/>\n<meta property=\"article:publisher\" content=\"https:\/\/www.facebook.com\/AddioElectronicsAB\/\" \/>\n<meta property=\"article:modified_time\" content=\"2026-02-09T13:03:57+00:00\" \/>\n<meta name=\"twitter:card\" content=\"summary_large_image\" \/>\n<meta name=\"twitter:label1\" content=\"Ansl. lesetid\" \/>\n\t<meta name=\"twitter:data1\" content=\"6 minutt\" \/>\n<script type=\"application\/ld+json\" class=\"yoast-schema-graph\">{\"@context\":\"https:\/\/schema.org\",\"@graph\":[{\"@type\":\"WebPage\",\"@id\":\"https:\/\/addio.eu\/no\/vilkar-og-betingelser\/\",\"url\":\"https:\/\/addio.eu\/no\/vilkar-og-betingelser\/\",\"name\":\"Vilk\u00e5r og betingelser - Addio Electronics\",\"isPartOf\":{\"@id\":\"https:\/\/addio.eu\/no\/#website\"},\"datePublished\":\"2024-10-11T12:21:05+00:00\",\"dateModified\":\"2026-02-09T13:03:57+00:00\",\"breadcrumb\":{\"@id\":\"https:\/\/addio.eu\/no\/vilkar-og-betingelser\/#breadcrumb\"},\"inLanguage\":\"nb-NO\",\"potentialAction\":[{\"@type\":\"ReadAction\",\"target\":[\"https:\/\/addio.eu\/no\/vilkar-og-betingelser\/\"]}]},{\"@type\":\"BreadcrumbList\",\"@id\":\"https:\/\/addio.eu\/no\/vilkar-og-betingelser\/#breadcrumb\",\"itemListElement\":[{\"@type\":\"ListItem\",\"position\":1,\"name\":\"Home\",\"item\":\"https:\/\/addio.eu\/no\/addio-forside\/\"},{\"@type\":\"ListItem\",\"position\":2,\"name\":\"Vilk\u00e5r og betingelser\"}]},{\"@type\":\"WebSite\",\"@id\":\"https:\/\/addio.eu\/no\/#website\",\"url\":\"https:\/\/addio.eu\/no\/\",\"name\":\"addio.eu\",\"description\":\"\",\"publisher\":{\"@id\":\"https:\/\/addio.eu\/no\/#organization\"},\"potentialAction\":[{\"@type\":\"SearchAction\",\"target\":{\"@type\":\"EntryPoint\",\"urlTemplate\":\"https:\/\/addio.eu\/no\/?s={search_term_string}\"},\"query-input\":{\"@type\":\"PropertyValueSpecification\",\"valueRequired\":true,\"valueName\":\"search_term_string\"}}],\"inLanguage\":\"nb-NO\"},{\"@type\":\"Organization\",\"@id\":\"https:\/\/addio.eu\/no\/#organization\",\"name\":\"Addio electronics\",\"url\":\"https:\/\/addio.eu\/no\/\",\"logo\":{\"@type\":\"ImageObject\",\"inLanguage\":\"nb-NO\",\"@id\":\"https:\/\/addio.eu\/no\/#\/schema\/logo\/image\/\",\"url\":\"https:\/\/addio.eu\/wp-content\/uploads\/2024\/10\/Lager_1-1.svg\",\"contentUrl\":\"https:\/\/addio.eu\/wp-content\/uploads\/2024\/10\/Lager_1-1.svg\",\"caption\":\"Addio electronics\"},\"image\":{\"@id\":\"https:\/\/addio.eu\/no\/#\/schema\/logo\/image\/\"},\"sameAs\":[\"https:\/\/www.facebook.com\/AddioElectronicsAB\/\",\"https:\/\/www.linkedin.com\/company\/addio-electronics-ab\"]}]}<\/script>\n<!-- \/ Yoast SEO plugin. -->","yoast_head_json":{"title":"Vilk\u00e5r og betingelser - Addio Electronics","robots":{"index":"index","follow":"follow","max-snippet":"max-snippet:-1","max-image-preview":"max-image-preview:large","max-video-preview":"max-video-preview:-1"},"canonical":"https:\/\/addio.eu\/no\/vilkar-og-betingelser\/","og_locale":"nb_NO","og_type":"article","og_title":"Vilk\u00e5r og betingelser - Addio Electronics","og_description":"Oppdatert 30. september 2025 Disse vilk\u00e5rene og betingelsene (\u00abVilk\u00e5r\u00bb) regulerer kj\u00f8p og bruk av produkter og tjenester levert av Addio (https:\/\/addio.eu). Ved \u00e5 g\u00e5 inn p\u00e5 nettstedet v\u00e5rt, legge inn en bestilling eller bruke tjenestene v\u00e5re, samtykker du i \u00e5 overholde disse vilk\u00e5rene. Vennligst les dem n\u00f8ye f\u00f8r du foretar et kj\u00f8p eller bruker tjenestene [&hellip;]","og_url":"https:\/\/addio.eu\/no\/vilkar-og-betingelser\/","og_site_name":"Addio Electronics","article_publisher":"https:\/\/www.facebook.com\/AddioElectronicsAB\/","article_modified_time":"2026-02-09T13:03:57+00:00","twitter_card":"summary_large_image","twitter_misc":{"Ansl. lesetid":"6 minutt"},"schema":{"@context":"https:\/\/schema.org","@graph":[{"@type":"WebPage","@id":"https:\/\/addio.eu\/no\/vilkar-og-betingelser\/","url":"https:\/\/addio.eu\/no\/vilkar-og-betingelser\/","name":"Vilk\u00e5r og betingelser - Addio Electronics","isPartOf":{"@id":"https:\/\/addio.eu\/no\/#website"},"datePublished":"2024-10-11T12:21:05+00:00","dateModified":"2026-02-09T13:03:57+00:00","breadcrumb":{"@id":"https:\/\/addio.eu\/no\/vilkar-og-betingelser\/#breadcrumb"},"inLanguage":"nb-NO","potentialAction":[{"@type":"ReadAction","target":["https:\/\/addio.eu\/no\/vilkar-og-betingelser\/"]}]},{"@type":"BreadcrumbList","@id":"https:\/\/addio.eu\/no\/vilkar-og-betingelser\/#breadcrumb","itemListElement":[{"@type":"ListItem","position":1,"name":"Home","item":"https:\/\/addio.eu\/no\/addio-forside\/"},{"@type":"ListItem","position":2,"name":"Vilk\u00e5r og betingelser"}]},{"@type":"WebSite","@id":"https:\/\/addio.eu\/no\/#website","url":"https:\/\/addio.eu\/no\/","name":"addio.eu","description":"","publisher":{"@id":"https:\/\/addio.eu\/no\/#organization"},"potentialAction":[{"@type":"SearchAction","target":{"@type":"EntryPoint","urlTemplate":"https:\/\/addio.eu\/no\/?s={search_term_string}"},"query-input":{"@type":"PropertyValueSpecification","valueRequired":true,"valueName":"search_term_string"}}],"inLanguage":"nb-NO"},{"@type":"Organization","@id":"https:\/\/addio.eu\/no\/#organization","name":"Addio electronics","url":"https:\/\/addio.eu\/no\/","logo":{"@type":"ImageObject","inLanguage":"nb-NO","@id":"https:\/\/addio.eu\/no\/#\/schema\/logo\/image\/","url":"https:\/\/addio.eu\/wp-content\/uploads\/2024\/10\/Lager_1-1.svg","contentUrl":"https:\/\/addio.eu\/wp-content\/uploads\/2024\/10\/Lager_1-1.svg","caption":"Addio electronics"},"image":{"@id":"https:\/\/addio.eu\/no\/#\/schema\/logo\/image\/"},"sameAs":["https:\/\/www.facebook.com\/AddioElectronicsAB\/","https:\/\/www.linkedin.com\/company\/addio-electronics-ab"]}]}},"_links":{"self":[{"href":"https:\/\/addio.eu\/no\/wp-json\/wp\/v2\/pages\/7708","targetHints":{"allow":["GET"]}}],"collection":[{"href":"https:\/\/addio.eu\/no\/wp-json\/wp\/v2\/pages"}],"about":[{"href":"https:\/\/addio.eu\/no\/wp-json\/wp\/v2\/types\/page"}],"author":[{"embeddable":true,"href":"https:\/\/addio.eu\/no\/wp-json\/wp\/v2\/users\/3"}],"replies":[{"embeddable":true,"href":"https:\/\/addio.eu\/no\/wp-json\/wp\/v2\/comments?post=7708"}],"version-history":[{"count":2,"href":"https:\/\/addio.eu\/no\/wp-json\/wp\/v2\/pages\/7708\/revisions"}],"predecessor-version":[{"id":15821,"href":"https:\/\/addio.eu\/no\/wp-json\/wp\/v2\/pages\/7708\/revisions\/15821"}],"wp:attachment":[{"href":"https:\/\/addio.eu\/no\/wp-json\/wp\/v2\/media?parent=7708"}],"curies":[{"name":"wp","href":"https:\/\/api.w.org\/{rel}","templated":true}]}}