{"id":12831,"date":"2025-03-24T09:43:40","date_gmt":"2025-03-24T09:43:40","guid":{"rendered":"https:\/\/addio.eu\/product\/drb-8012-3-esp\/"},"modified":"2026-02-10T16:56:37","modified_gmt":"2026-02-10T16:56:37","slug":"drb-8012-3-esp","status":"publish","type":"product","link":"https:\/\/addio.eu\/nl\/product\/drb-8012-3-esp\/","title":{"rendered":"DRB 8012-3 ESP"},"content":{"rendered":"<p>&nbsp;<\/p>\n<table width=\"310\">\n<tbody>\n<tr>\n<td width=\"234\">Model<\/td>\n<td width=\"76\">DRB8012-3 ESP<\/td>\n<\/tr>\n<tr>\n<td width=\"234\">Voeding<\/td>\n<td width=\"76\">10-22 VDC<\/td>\n<\/tr>\n<tr>\n<td width=\"234\">Intern stroomverbruik (bij benadering) Normale modus zonder actieve uitgang \/ Slaapmodus<\/td>\n<td width=\"76\">~5mA\/~2mA<\/td>\n<\/tr>\n<tr>\n<td width=\"234\">Onderspanningsbeveiliging (instelbaar)<\/td>\n<td width=\"76\">Vast 10V<\/td>\n<\/tr>\n<tr>\n<td width=\"234\">Overspanningsbeveiliging (instelbaar)<\/td>\n<td width=\"76\">Nee<\/td>\n<\/tr>\n<tr>\n<td width=\"234\">Max. totale stroom 1 minuut<\/td>\n<td width=\"76\">80A<\/td>\n<\/tr>\n<tr>\n<td width=\"234\">Max. totale stroom continu<\/td>\n<td width=\"76\">80A<\/td>\n<\/tr>\n<tr>\n<td width=\"234\">Totaal aantal ingangen<\/td>\n<td width=\"76\">3 stuks<\/td>\n<\/tr>\n<tr>\n<td width=\"234\">Digitale ingangen<\/td>\n<td width=\"76\">3 van 3 stuks<\/td>\n<\/tr>\n<tr>\n<td width=\"234\">Analoge ingangen<\/td>\n<td width=\"76\">0 stuks<\/td>\n<\/tr>\n<tr>\n<td width=\"234\">Ingangsweerstand @12V<\/td>\n<td width=\"76\">22k\u03a9<\/td>\n<\/tr>\n<tr>\n<td width=\"234\">Aansluitingen ingangen (afneembare schroefklemmen)<\/td>\n<td width=\"76\">10-polig incl. +\/-<\/td>\n<\/tr>\n<tr>\n<td width=\"234\">Aantal uitgangen<\/td>\n<td width=\"76\">3 stuks<\/td>\n<\/tr>\n<tr>\n<td width=\"234\">Aansluiting uitgangen<\/td>\n<td width=\"76\">M5 moer + crimpconnector<\/td>\n<\/tr>\n<tr>\n<td width=\"234\">Zekeringgrootte A, uitgangen<\/td>\n<td width=\"76\">Uit 1 Vast 80A, Uit 2-3 Vast 6A<\/td>\n<\/tr>\n<tr>\n<td width=\"234\">Aansluiting voeding<\/td>\n<td width=\"76\">M5 moer<\/td>\n<\/tr>\n<tr>\n<td width=\"234\">Bluetooth<\/td>\n<td width=\"76\">Nee<\/td>\n<\/tr>\n<tr>\n<td width=\"234\">Motorbesturing H-brug (voorlopige stroom)<\/td>\n<td width=\"76\">Nee<\/td>\n<\/tr>\n<tr>\n<td width=\"234\">Foutindicatie<\/td>\n<td width=\"76\">Nee<\/td>\n<\/tr>\n<tr>\n<td width=\"234\">Led per uitgang (instelbare kleur)<\/td>\n<td width=\"76\">Nee<\/td>\n<\/tr>\n<tr>\n<td width=\"234\">Communicatiebus (CAN-bus)<\/td>\n<td width=\"76\">Ja 1 stuk RJ10<\/td>\n<\/tr>\n<tr>\n<td width=\"234\">Computeraansluitingen<\/td>\n<td width=\"76\">Nee<\/td>\n<\/tr>\n<tr>\n<td width=\"234\">Aarding Signalen<\/td>\n<td width=\"76\">Ja met externe weerstand naar positief<\/td>\n<\/tr>\n<tr>\n<td width=\"234\">Handcontroller, Schakelpanelen, sensoren etc.<\/td>\n<td width=\"76\">Nee<\/td>\n<\/tr>\n<tr>\n<td width=\"234\">Afmetingen (mm)<\/td>\n<td width=\"76\">119x57x21<\/td>\n<\/tr>\n<tr>\n<td width=\"234\">Gewicht<\/td>\n<td width=\"76\"><\/td>\n<\/tr>\n<\/tbody>\n<\/table>\n","protected":false},"excerpt":{"rendered":"<p>Deze eenheid is als een zeer krachtig relais dat 80 amp\u00e8re kan schakelen op \u00e9\u00e9n hoogvermogen uitgang en twee 6 amp\u00e8re laagvermogen uitgangen. Deze eenheid is niet configureerbaar en wordt alleen bestuurd via CAN BUS of via de drie ingangen. <\/p>\n<p>De eenheid kan worden gebruikt om de hoofdstroom van de accu te regelen voor hoogvermogen belastingen, bijvoorbeeld wanneer u een hydraulische pomp of een 230 VAC omvormer moet aansluiten.<\/p>\n","protected":false},"featured_media":12840,"comment_status":"open","ping_status":"closed","template":"","meta":[],"product_brand":[],"product_cat":[210],"product_tag":[211,212,382,383],"class_list":{"0":"post-12831","1":"product","2":"type-product","3":"status-publish","4":"has-post-thumbnail","6":"product_cat-digitale-relaiskasten","7":"product_tag-12v","8":"product_tag-2-can-poorten","9":"product_tag-3-ingangen","10":"product_tag-3-uitgangen","12":"first","13":"instock","14":"shipping-taxable","15":"product-type-simple"},"yoast_head":"<!-- This site is optimized with the Yoast SEO plugin v26.0 - https:\/\/yoast.com\/wordpress\/plugins\/seo\/ -->\n<title>DRB 8012-3 ESP - Addio Electronics<\/title>\n<meta name=\"robots\" content=\"index, follow, max-snippet:-1, max-image-preview:large, max-video-preview:-1\" \/>\n<link rel=\"canonical\" href=\"https:\/\/addio.eu\/nl\/product\/drb-8012-3-esp\/\" \/>\n<meta property=\"og:locale\" content=\"nl_NL\" \/>\n<meta property=\"og:type\" content=\"article\" \/>\n<meta property=\"og:title\" content=\"DRB 8012-3 ESP - Addio Electronics\" \/>\n<meta property=\"og:description\" content=\"Deze eenheid is als een zeer krachtig relais dat 80 amp\u00e8re kan schakelen op \u00e9\u00e9n hoogvermogen uitgang en twee 6 amp\u00e8re laagvermogen uitgangen. Deze eenheid is niet configureerbaar en wordt alleen bestuurd via CAN BUS of via de drie ingangen.  De eenheid kan worden gebruikt om de hoofdstroom van de accu te regelen voor hoogvermogen belastingen, bijvoorbeeld wanneer u een hydraulische pomp of een 230 VAC omvormer moet aansluiten.\" \/>\n<meta property=\"og:url\" content=\"https:\/\/addio.eu\/nl\/product\/drb-8012-3-esp\/\" \/>\n<meta property=\"og:site_name\" content=\"Addio Electronics\" \/>\n<meta property=\"article:publisher\" content=\"https:\/\/www.facebook.com\/AddioElectronicsAB\/\" \/>\n<meta property=\"article:modified_time\" content=\"2026-02-10T16:56:37+00:00\" \/>\n<meta property=\"og:image\" content=\"https:\/\/addio.eu\/wp-content\/uploads\/2025\/03\/IMG_1729-scaled.jpg\" \/>\n\t<meta property=\"og:image:width\" content=\"2560\" \/>\n\t<meta property=\"og:image:height\" content=\"1211\" \/>\n\t<meta property=\"og:image:type\" content=\"image\/jpeg\" \/>\n<meta name=\"twitter:card\" content=\"summary_large_image\" \/>\n<meta name=\"twitter:label1\" content=\"Geschatte leestijd\" \/>\n\t<meta name=\"twitter:data1\" content=\"1 minuut\" \/>\n<script type=\"application\/ld+json\" class=\"yoast-schema-graph\">{\"@context\":\"https:\/\/schema.org\",\"@graph\":[{\"@type\":\"WebPage\",\"@id\":\"https:\/\/addio.eu\/nl\/product\/drb-8012-3-esp\/\",\"url\":\"https:\/\/addio.eu\/nl\/product\/drb-8012-3-esp\/\",\"name\":\"DRB 8012-3 ESP - Addio Electronics\",\"isPartOf\":{\"@id\":\"https:\/\/addio.eu\/nl\/#website\"},\"primaryImageOfPage\":{\"@id\":\"https:\/\/addio.eu\/nl\/product\/drb-8012-3-esp\/#primaryimage\"},\"image\":{\"@id\":\"https:\/\/addio.eu\/nl\/product\/drb-8012-3-esp\/#primaryimage\"},\"thumbnailUrl\":\"https:\/\/addio.eu\/wp-content\/uploads\/2025\/03\/IMG_1729-scaled.jpg\",\"datePublished\":\"2025-03-24T09:43:40+00:00\",\"dateModified\":\"2026-02-10T16:56:37+00:00\",\"breadcrumb\":{\"@id\":\"https:\/\/addio.eu\/nl\/product\/drb-8012-3-esp\/#breadcrumb\"},\"inLanguage\":\"nl-NL\",\"potentialAction\":[{\"@type\":\"ReadAction\",\"target\":[\"https:\/\/addio.eu\/nl\/product\/drb-8012-3-esp\/\"]}]},{\"@type\":\"ImageObject\",\"inLanguage\":\"nl-NL\",\"@id\":\"https:\/\/addio.eu\/nl\/product\/drb-8012-3-esp\/#primaryimage\",\"url\":\"https:\/\/addio.eu\/wp-content\/uploads\/2025\/03\/IMG_1729-scaled.jpg\",\"contentUrl\":\"https:\/\/addio.eu\/wp-content\/uploads\/2025\/03\/IMG_1729-scaled.jpg\",\"width\":2560,\"height\":1211},{\"@type\":\"BreadcrumbList\",\"@id\":\"https:\/\/addio.eu\/nl\/product\/drb-8012-3-esp\/#breadcrumb\",\"itemListElement\":[{\"@type\":\"ListItem\",\"position\":1,\"name\":\"Home\",\"item\":\"https:\/\/addio.eu\/nl\/addio-voorpagina\/\"},{\"@type\":\"ListItem\",\"position\":2,\"name\":\"Producten\",\"item\":\"https:\/\/addio.eu\/nl\/producten\/\"},{\"@type\":\"ListItem\",\"position\":3,\"name\":\"DRB 8012-3 ESP\"}]},{\"@type\":\"WebSite\",\"@id\":\"https:\/\/addio.eu\/nl\/#website\",\"url\":\"https:\/\/addio.eu\/nl\/\",\"name\":\"addio.eu\",\"description\":\"\",\"publisher\":{\"@id\":\"https:\/\/addio.eu\/nl\/#organization\"},\"potentialAction\":[{\"@type\":\"SearchAction\",\"target\":{\"@type\":\"EntryPoint\",\"urlTemplate\":\"https:\/\/addio.eu\/nl\/?s={search_term_string}\"},\"query-input\":{\"@type\":\"PropertyValueSpecification\",\"valueRequired\":true,\"valueName\":\"search_term_string\"}}],\"inLanguage\":\"nl-NL\"},{\"@type\":\"Organization\",\"@id\":\"https:\/\/addio.eu\/nl\/#organization\",\"name\":\"Addio electronics\",\"url\":\"https:\/\/addio.eu\/nl\/\",\"logo\":{\"@type\":\"ImageObject\",\"inLanguage\":\"nl-NL\",\"@id\":\"https:\/\/addio.eu\/nl\/#\/schema\/logo\/image\/\",\"url\":\"https:\/\/addio.eu\/wp-content\/uploads\/2024\/10\/Lager_1-1.svg\",\"contentUrl\":\"https:\/\/addio.eu\/wp-content\/uploads\/2024\/10\/Lager_1-1.svg\",\"caption\":\"Addio electronics\"},\"image\":{\"@id\":\"https:\/\/addio.eu\/nl\/#\/schema\/logo\/image\/\"},\"sameAs\":[\"https:\/\/www.facebook.com\/AddioElectronicsAB\/\",\"https:\/\/www.linkedin.com\/company\/addio-electronics-ab\"]}]}<\/script>\n<!-- \/ Yoast SEO plugin. -->","yoast_head_json":{"title":"DRB 8012-3 ESP - Addio Electronics","robots":{"index":"index","follow":"follow","max-snippet":"max-snippet:-1","max-image-preview":"max-image-preview:large","max-video-preview":"max-video-preview:-1"},"canonical":"https:\/\/addio.eu\/nl\/product\/drb-8012-3-esp\/","og_locale":"nl_NL","og_type":"article","og_title":"DRB 8012-3 ESP - Addio Electronics","og_description":"Deze eenheid is als een zeer krachtig relais dat 80 amp\u00e8re kan schakelen op \u00e9\u00e9n hoogvermogen uitgang en twee 6 amp\u00e8re laagvermogen uitgangen. Deze eenheid is niet configureerbaar en wordt alleen bestuurd via CAN BUS of via de drie ingangen.  De eenheid kan worden gebruikt om de hoofdstroom van de accu te regelen voor hoogvermogen belastingen, bijvoorbeeld wanneer u een hydraulische pomp of een 230 VAC omvormer moet aansluiten.","og_url":"https:\/\/addio.eu\/nl\/product\/drb-8012-3-esp\/","og_site_name":"Addio Electronics","article_publisher":"https:\/\/www.facebook.com\/AddioElectronicsAB\/","article_modified_time":"2026-02-10T16:56:37+00:00","og_image":[{"width":2560,"height":1211,"url":"https:\/\/addio.eu\/wp-content\/uploads\/2025\/03\/IMG_1729-scaled.jpg","type":"image\/jpeg"}],"twitter_card":"summary_large_image","twitter_misc":{"Geschatte leestijd":"1 minuut"},"schema":{"@context":"https:\/\/schema.org","@graph":[{"@type":"WebPage","@id":"https:\/\/addio.eu\/nl\/product\/drb-8012-3-esp\/","url":"https:\/\/addio.eu\/nl\/product\/drb-8012-3-esp\/","name":"DRB 8012-3 ESP - Addio Electronics","isPartOf":{"@id":"https:\/\/addio.eu\/nl\/#website"},"primaryImageOfPage":{"@id":"https:\/\/addio.eu\/nl\/product\/drb-8012-3-esp\/#primaryimage"},"image":{"@id":"https:\/\/addio.eu\/nl\/product\/drb-8012-3-esp\/#primaryimage"},"thumbnailUrl":"https:\/\/addio.eu\/wp-content\/uploads\/2025\/03\/IMG_1729-scaled.jpg","datePublished":"2025-03-24T09:43:40+00:00","dateModified":"2026-02-10T16:56:37+00:00","breadcrumb":{"@id":"https:\/\/addio.eu\/nl\/product\/drb-8012-3-esp\/#breadcrumb"},"inLanguage":"nl-NL","potentialAction":[{"@type":"ReadAction","target":["https:\/\/addio.eu\/nl\/product\/drb-8012-3-esp\/"]}]},{"@type":"ImageObject","inLanguage":"nl-NL","@id":"https:\/\/addio.eu\/nl\/product\/drb-8012-3-esp\/#primaryimage","url":"https:\/\/addio.eu\/wp-content\/uploads\/2025\/03\/IMG_1729-scaled.jpg","contentUrl":"https:\/\/addio.eu\/wp-content\/uploads\/2025\/03\/IMG_1729-scaled.jpg","width":2560,"height":1211},{"@type":"BreadcrumbList","@id":"https:\/\/addio.eu\/nl\/product\/drb-8012-3-esp\/#breadcrumb","itemListElement":[{"@type":"ListItem","position":1,"name":"Home","item":"https:\/\/addio.eu\/nl\/addio-voorpagina\/"},{"@type":"ListItem","position":2,"name":"Producten","item":"https:\/\/addio.eu\/nl\/producten\/"},{"@type":"ListItem","position":3,"name":"DRB 8012-3 ESP"}]},{"@type":"WebSite","@id":"https:\/\/addio.eu\/nl\/#website","url":"https:\/\/addio.eu\/nl\/","name":"addio.eu","description":"","publisher":{"@id":"https:\/\/addio.eu\/nl\/#organization"},"potentialAction":[{"@type":"SearchAction","target":{"@type":"EntryPoint","urlTemplate":"https:\/\/addio.eu\/nl\/?s={search_term_string}"},"query-input":{"@type":"PropertyValueSpecification","valueRequired":true,"valueName":"search_term_string"}}],"inLanguage":"nl-NL"},{"@type":"Organization","@id":"https:\/\/addio.eu\/nl\/#organization","name":"Addio electronics","url":"https:\/\/addio.eu\/nl\/","logo":{"@type":"ImageObject","inLanguage":"nl-NL","@id":"https:\/\/addio.eu\/nl\/#\/schema\/logo\/image\/","url":"https:\/\/addio.eu\/wp-content\/uploads\/2024\/10\/Lager_1-1.svg","contentUrl":"https:\/\/addio.eu\/wp-content\/uploads\/2024\/10\/Lager_1-1.svg","caption":"Addio electronics"},"image":{"@id":"https:\/\/addio.eu\/nl\/#\/schema\/logo\/image\/"},"sameAs":["https:\/\/www.facebook.com\/AddioElectronicsAB\/","https:\/\/www.linkedin.com\/company\/addio-electronics-ab"]}]}},"_links":{"self":[{"href":"https:\/\/addio.eu\/nl\/wp-json\/wp\/v2\/product\/12831","targetHints":{"allow":["GET"]}}],"collection":[{"href":"https:\/\/addio.eu\/nl\/wp-json\/wp\/v2\/product"}],"about":[{"href":"https:\/\/addio.eu\/nl\/wp-json\/wp\/v2\/types\/product"}],"replies":[{"embeddable":true,"href":"https:\/\/addio.eu\/nl\/wp-json\/wp\/v2\/comments?post=12831"}],"wp:featuredmedia":[{"embeddable":true,"href":"https:\/\/addio.eu\/nl\/wp-json\/wp\/v2\/media\/12840"}],"wp:attachment":[{"href":"https:\/\/addio.eu\/nl\/wp-json\/wp\/v2\/media?parent=12831"}],"wp:term":[{"taxonomy":"product_brand","embeddable":true,"href":"https:\/\/addio.eu\/nl\/wp-json\/wp\/v2\/product_brand?post=12831"},{"taxonomy":"product_cat","embeddable":true,"href":"https:\/\/addio.eu\/nl\/wp-json\/wp\/v2\/product_cat?post=12831"},{"taxonomy":"product_tag","embeddable":true,"href":"https:\/\/addio.eu\/nl\/wp-json\/wp\/v2\/product_tag?post=12831"}],"curies":[{"name":"wp","href":"https:\/\/api.w.org\/{rel}","templated":true}]}}