{"id":13565,"date":"2025-03-07T11:23:24","date_gmt":"2025-03-07T11:23:24","guid":{"rendered":"https:\/\/addio.eu\/product\/hub-can-4\/"},"modified":"2025-03-07T11:23:24","modified_gmt":"2025-03-07T11:23:24","slug":"hub-can-4","status":"publish","type":"product","link":"https:\/\/addio.eu\/it\/prodotto\/hub-can-4\/","title":{"rendered":"Hub CAN 4"},"content":{"rendered":"<p><strong>Dimensioni<\/strong><br \/>\n77*37*21 mm<\/p>\n<p><strong>Peso<\/strong><\/p>\n","protected":false},"excerpt":{"rendered":"<p class=\"\" data-start=\"54\" data-end=\"234\">L&#8217;hub CAN \u00e8 una scatola di giunzione per connettori CAN che permette di collegare pi\u00f9 dispositivi in un sistema. L&#8217;unit\u00e0 non necessita di configurazione in quanto \u00e8 una semplice scatola di connessione. <\/p>\n<p class=\"\" data-start=\"236\" data-end=\"391\">Viene utilizzato come complemento quando i DRB hanno solo uno o due connettori, nei casi in cui si desidera collegare sensori, tastiere aggiuntive, CAN Master, ecc.<\/p>\n","protected":false},"featured_media":5969,"comment_status":"open","ping_status":"closed","template":"","meta":[],"product_brand":[],"product_cat":[288],"product_tag":[],"class_list":{"0":"post-13565","1":"product","2":"type-product","3":"status-publish","4":"has-post-thumbnail","6":"product_cat-connettivita-can","8":"first","9":"instock","10":"shipping-taxable","11":"product-type-simple"},"yoast_head":"<!-- This site is optimized with the Yoast SEO plugin v26.0 - https:\/\/yoast.com\/wordpress\/plugins\/seo\/ -->\n<title>Hub CAN 4 - Addio Electronics<\/title>\n<meta name=\"robots\" content=\"index, follow, max-snippet:-1, max-image-preview:large, max-video-preview:-1\" \/>\n<link rel=\"canonical\" href=\"https:\/\/addio.eu\/it\/prodotto\/hub-can-4\/\" \/>\n<meta property=\"og:locale\" content=\"it_IT\" \/>\n<meta property=\"og:type\" content=\"article\" \/>\n<meta property=\"og:title\" content=\"Hub CAN 4 - Addio Electronics\" \/>\n<meta property=\"og:description\" content=\"L&#039;hub CAN \u00e8 una scatola di giunzione per connettori CAN che permette di collegare pi\u00f9 dispositivi in un sistema. L&#039;unit\u00e0 non necessita di configurazione in quanto \u00e8 una semplice scatola di connessione. Viene utilizzato come complemento quando i DRB hanno solo uno o due connettori, nei casi in cui si desidera collegare sensori, tastiere aggiuntive, CAN Master, ecc.\" \/>\n<meta property=\"og:url\" content=\"https:\/\/addio.eu\/it\/prodotto\/hub-can-4\/\" \/>\n<meta property=\"og:site_name\" content=\"Addio Electronics\" \/>\n<meta property=\"article:publisher\" content=\"https:\/\/www.facebook.com\/AddioElectronicsAB\/\" \/>\n<meta property=\"og:image\" content=\"https:\/\/addio.eu\/wp-content\/uploads\/2025\/03\/IMG_1711-scaled.jpg\" \/>\n\t<meta property=\"og:image:width\" content=\"2560\" \/>\n\t<meta property=\"og:image:height\" content=\"1679\" \/>\n\t<meta property=\"og:image:type\" content=\"image\/jpeg\" \/>\n<meta name=\"twitter:card\" content=\"summary_large_image\" \/>\n<script type=\"application\/ld+json\" class=\"yoast-schema-graph\">{\"@context\":\"https:\/\/schema.org\",\"@graph\":[{\"@type\":\"WebPage\",\"@id\":\"https:\/\/addio.eu\/it\/prodotto\/hub-can-4\/\",\"url\":\"https:\/\/addio.eu\/it\/prodotto\/hub-can-4\/\",\"name\":\"Hub CAN 4 - Addio Electronics\",\"isPartOf\":{\"@id\":\"https:\/\/addio.eu\/it\/#website\"},\"primaryImageOfPage\":{\"@id\":\"https:\/\/addio.eu\/it\/prodotto\/hub-can-4\/#primaryimage\"},\"image\":{\"@id\":\"https:\/\/addio.eu\/it\/prodotto\/hub-can-4\/#primaryimage\"},\"thumbnailUrl\":\"https:\/\/addio.eu\/wp-content\/uploads\/2025\/03\/IMG_1711-scaled.jpg\",\"datePublished\":\"2025-03-07T11:23:24+00:00\",\"breadcrumb\":{\"@id\":\"https:\/\/addio.eu\/it\/prodotto\/hub-can-4\/#breadcrumb\"},\"inLanguage\":\"it-IT\",\"potentialAction\":[{\"@type\":\"ReadAction\",\"target\":[\"https:\/\/addio.eu\/it\/prodotto\/hub-can-4\/\"]}]},{\"@type\":\"ImageObject\",\"inLanguage\":\"it-IT\",\"@id\":\"https:\/\/addio.eu\/it\/prodotto\/hub-can-4\/#primaryimage\",\"url\":\"https:\/\/addio.eu\/wp-content\/uploads\/2025\/03\/IMG_1711-scaled.jpg\",\"contentUrl\":\"https:\/\/addio.eu\/wp-content\/uploads\/2025\/03\/IMG_1711-scaled.jpg\",\"width\":2560,\"height\":1679},{\"@type\":\"BreadcrumbList\",\"@id\":\"https:\/\/addio.eu\/it\/prodotto\/hub-can-4\/#breadcrumb\",\"itemListElement\":[{\"@type\":\"ListItem\",\"position\":1,\"name\":\"Home\",\"item\":\"https:\/\/addio.eu\/it\/addio-frontpage\/\"},{\"@type\":\"ListItem\",\"position\":2,\"name\":\"Prodotti\",\"item\":\"https:\/\/addio.eu\/it\/prodotti\/\"},{\"@type\":\"ListItem\",\"position\":3,\"name\":\"Hub CAN 4\"}]},{\"@type\":\"WebSite\",\"@id\":\"https:\/\/addio.eu\/it\/#website\",\"url\":\"https:\/\/addio.eu\/it\/\",\"name\":\"addio.eu\",\"description\":\"\",\"publisher\":{\"@id\":\"https:\/\/addio.eu\/it\/#organization\"},\"potentialAction\":[{\"@type\":\"SearchAction\",\"target\":{\"@type\":\"EntryPoint\",\"urlTemplate\":\"https:\/\/addio.eu\/it\/?s={search_term_string}\"},\"query-input\":{\"@type\":\"PropertyValueSpecification\",\"valueRequired\":true,\"valueName\":\"search_term_string\"}}],\"inLanguage\":\"it-IT\"},{\"@type\":\"Organization\",\"@id\":\"https:\/\/addio.eu\/it\/#organization\",\"name\":\"Addio electronics\",\"url\":\"https:\/\/addio.eu\/it\/\",\"logo\":{\"@type\":\"ImageObject\",\"inLanguage\":\"it-IT\",\"@id\":\"https:\/\/addio.eu\/it\/#\/schema\/logo\/image\/\",\"url\":\"https:\/\/addio.eu\/wp-content\/uploads\/2024\/10\/Lager_1-1.svg\",\"contentUrl\":\"https:\/\/addio.eu\/wp-content\/uploads\/2024\/10\/Lager_1-1.svg\",\"caption\":\"Addio electronics\"},\"image\":{\"@id\":\"https:\/\/addio.eu\/it\/#\/schema\/logo\/image\/\"},\"sameAs\":[\"https:\/\/www.facebook.com\/AddioElectronicsAB\/\",\"https:\/\/www.linkedin.com\/company\/addio-electronics-ab\"]}]}<\/script>\n<!-- \/ Yoast SEO plugin. -->","yoast_head_json":{"title":"Hub CAN 4 - Addio Electronics","robots":{"index":"index","follow":"follow","max-snippet":"max-snippet:-1","max-image-preview":"max-image-preview:large","max-video-preview":"max-video-preview:-1"},"canonical":"https:\/\/addio.eu\/it\/prodotto\/hub-can-4\/","og_locale":"it_IT","og_type":"article","og_title":"Hub CAN 4 - Addio Electronics","og_description":"L'hub CAN \u00e8 una scatola di giunzione per connettori CAN che permette di collegare pi\u00f9 dispositivi in un sistema. L'unit\u00e0 non necessita di configurazione in quanto \u00e8 una semplice scatola di connessione. Viene utilizzato come complemento quando i DRB hanno solo uno o due connettori, nei casi in cui si desidera collegare sensori, tastiere aggiuntive, CAN Master, ecc.","og_url":"https:\/\/addio.eu\/it\/prodotto\/hub-can-4\/","og_site_name":"Addio Electronics","article_publisher":"https:\/\/www.facebook.com\/AddioElectronicsAB\/","og_image":[{"width":2560,"height":1679,"url":"https:\/\/addio.eu\/wp-content\/uploads\/2025\/03\/IMG_1711-scaled.jpg","type":"image\/jpeg"}],"twitter_card":"summary_large_image","schema":{"@context":"https:\/\/schema.org","@graph":[{"@type":"WebPage","@id":"https:\/\/addio.eu\/it\/prodotto\/hub-can-4\/","url":"https:\/\/addio.eu\/it\/prodotto\/hub-can-4\/","name":"Hub CAN 4 - Addio Electronics","isPartOf":{"@id":"https:\/\/addio.eu\/it\/#website"},"primaryImageOfPage":{"@id":"https:\/\/addio.eu\/it\/prodotto\/hub-can-4\/#primaryimage"},"image":{"@id":"https:\/\/addio.eu\/it\/prodotto\/hub-can-4\/#primaryimage"},"thumbnailUrl":"https:\/\/addio.eu\/wp-content\/uploads\/2025\/03\/IMG_1711-scaled.jpg","datePublished":"2025-03-07T11:23:24+00:00","breadcrumb":{"@id":"https:\/\/addio.eu\/it\/prodotto\/hub-can-4\/#breadcrumb"},"inLanguage":"it-IT","potentialAction":[{"@type":"ReadAction","target":["https:\/\/addio.eu\/it\/prodotto\/hub-can-4\/"]}]},{"@type":"ImageObject","inLanguage":"it-IT","@id":"https:\/\/addio.eu\/it\/prodotto\/hub-can-4\/#primaryimage","url":"https:\/\/addio.eu\/wp-content\/uploads\/2025\/03\/IMG_1711-scaled.jpg","contentUrl":"https:\/\/addio.eu\/wp-content\/uploads\/2025\/03\/IMG_1711-scaled.jpg","width":2560,"height":1679},{"@type":"BreadcrumbList","@id":"https:\/\/addio.eu\/it\/prodotto\/hub-can-4\/#breadcrumb","itemListElement":[{"@type":"ListItem","position":1,"name":"Home","item":"https:\/\/addio.eu\/it\/addio-frontpage\/"},{"@type":"ListItem","position":2,"name":"Prodotti","item":"https:\/\/addio.eu\/it\/prodotti\/"},{"@type":"ListItem","position":3,"name":"Hub CAN 4"}]},{"@type":"WebSite","@id":"https:\/\/addio.eu\/it\/#website","url":"https:\/\/addio.eu\/it\/","name":"addio.eu","description":"","publisher":{"@id":"https:\/\/addio.eu\/it\/#organization"},"potentialAction":[{"@type":"SearchAction","target":{"@type":"EntryPoint","urlTemplate":"https:\/\/addio.eu\/it\/?s={search_term_string}"},"query-input":{"@type":"PropertyValueSpecification","valueRequired":true,"valueName":"search_term_string"}}],"inLanguage":"it-IT"},{"@type":"Organization","@id":"https:\/\/addio.eu\/it\/#organization","name":"Addio electronics","url":"https:\/\/addio.eu\/it\/","logo":{"@type":"ImageObject","inLanguage":"it-IT","@id":"https:\/\/addio.eu\/it\/#\/schema\/logo\/image\/","url":"https:\/\/addio.eu\/wp-content\/uploads\/2024\/10\/Lager_1-1.svg","contentUrl":"https:\/\/addio.eu\/wp-content\/uploads\/2024\/10\/Lager_1-1.svg","caption":"Addio electronics"},"image":{"@id":"https:\/\/addio.eu\/it\/#\/schema\/logo\/image\/"},"sameAs":["https:\/\/www.facebook.com\/AddioElectronicsAB\/","https:\/\/www.linkedin.com\/company\/addio-electronics-ab"]}]}},"_links":{"self":[{"href":"https:\/\/addio.eu\/it\/wp-json\/wp\/v2\/product\/13565","targetHints":{"allow":["GET"]}}],"collection":[{"href":"https:\/\/addio.eu\/it\/wp-json\/wp\/v2\/product"}],"about":[{"href":"https:\/\/addio.eu\/it\/wp-json\/wp\/v2\/types\/product"}],"replies":[{"embeddable":true,"href":"https:\/\/addio.eu\/it\/wp-json\/wp\/v2\/comments?post=13565"}],"wp:featuredmedia":[{"embeddable":true,"href":"https:\/\/addio.eu\/it\/wp-json\/wp\/v2\/media\/5969"}],"wp:attachment":[{"href":"https:\/\/addio.eu\/it\/wp-json\/wp\/v2\/media?parent=13565"}],"wp:term":[{"taxonomy":"product_brand","embeddable":true,"href":"https:\/\/addio.eu\/it\/wp-json\/wp\/v2\/product_brand?post=13565"},{"taxonomy":"product_cat","embeddable":true,"href":"https:\/\/addio.eu\/it\/wp-json\/wp\/v2\/product_cat?post=13565"},{"taxonomy":"product_tag","embeddable":true,"href":"https:\/\/addio.eu\/it\/wp-json\/wp\/v2\/product_tag?post=13565"}],"curies":[{"name":"wp","href":"https:\/\/api.w.org\/{rel}","templated":true}]}}