{"id":13070,"date":"2025-03-24T09:47:26","date_gmt":"2025-03-24T09:47:26","guid":{"rendered":"https:\/\/addio.eu\/product\/drb-9012-8-std\/"},"modified":"2026-02-10T16:48:11","modified_gmt":"2026-02-10T16:48:11","slug":"drb-9012-8-std","status":"publish","type":"product","link":"https:\/\/addio.eu\/it\/prodotto\/drb-9012-8-std\/","title":{"rendered":"DRB 9012-8 STD"},"content":{"rendered":"<table width=\"310\">\n<tbody>\n<tr>\n<td width=\"234\">Modello<\/td>\n<td width=\"76\">DRB-9012-8 STD<\/td>\n<\/tr>\n<tr>\n<td width=\"234\">Alimentazione<\/td>\n<td width=\"76\">10-22 VDC<\/td>\n<\/tr>\n<tr>\n<td width=\"234\">Consumo energetico interno (circa) Modalit\u00e0 normale senza uscita attiva \/ Modalit\u00e0 sleep<\/td>\n<td width=\"76\">~30mA\/~6mA<\/td>\n<\/tr>\n<tr>\n<td width=\"234\">Protezione da sottotensione (regolabile)<\/td>\n<td width=\"76\">10-13V, passi da 0,5V<\/td>\n<\/tr>\n<tr>\n<td width=\"234\">Protezione da sovratensione (regolabile)<\/td>\n<td width=\"76\">16-26V, passi da 2V<\/td>\n<\/tr>\n<tr>\n<td width=\"234\">Corrente totale max. 1 minuto<\/td>\n<td width=\"76\">90A<\/td>\n<\/tr>\n<tr>\n<td width=\"234\">Corrente totale max. continua<\/td>\n<td width=\"76\">70A<\/td>\n<\/tr>\n<tr>\n<td width=\"234\">Numero totale di ingressi<\/td>\n<td width=\"76\">8 pz.<\/td>\n<\/tr>\n<tr>\n<td width=\"234\">Ingressi digitali<\/td>\n<td width=\"76\">8 su 8 pz.<\/td>\n<\/tr>\n<tr>\n<td width=\"234\">Ingressi analogici<\/td>\n<td width=\"76\">4 su 8 pz.<\/td>\n<\/tr>\n<tr>\n<td width=\"234\">Resistenza d&#8217;ingresso @12V<\/td>\n<td width=\"76\">22k\u03a9<\/td>\n<\/tr>\n<tr>\n<td width=\"234\">Connessioni ingressi (morsetti a vite innestabili)<\/td>\n<td width=\"76\">10 poli incl. +\/-<\/td>\n<\/tr>\n<tr>\n<td width=\"234\">Numero di uscite<\/td>\n<td width=\"76\">8 pz.<\/td>\n<\/tr>\n<tr>\n<td width=\"234\">Connessione uscite<\/td>\n<td width=\"76\">Connettore a crimpare per cavo<\/td>\n<\/tr>\n<tr>\n<td width=\"234\">Dimensione fusibile A, uscite<\/td>\n<td width=\"76\">5, 10, 15, 20, (25 solo U7, U8)<\/td>\n<\/tr>\n<tr>\n<td width=\"234\">Connessione alimentazione<\/td>\n<td width=\"76\">Dado M5<\/td>\n<\/tr>\n<tr>\n<td width=\"234\">Bluetooth<\/td>\n<td width=\"76\">No<\/td>\n<\/tr>\n<tr>\n<td width=\"234\">Controllo motore H-Bridge (corrente prel.)<\/td>\n<td width=\"76\">No<\/td>\n<\/tr>\n<tr>\n<td width=\"234\">Indicazione errore<\/td>\n<td width=\"76\">LED RGB condiviso<\/td>\n<\/tr>\n<tr>\n<td width=\"234\">LED per uscita (colore regolabile)<\/td>\n<td width=\"76\">No<\/td>\n<\/tr>\n<tr>\n<td width=\"234\">Bus di comunicazione (CAN bus)<\/td>\n<td width=\"76\">No<\/td>\n<\/tr>\n<tr>\n<td width=\"234\">Connessioni computer<\/td>\n<td width=\"76\">USB Mini<\/td>\n<\/tr>\n<tr>\n<td width=\"234\">Segnali di messa a terra<\/td>\n<td width=\"76\">S\u00ec, con resistenza esterna al positivo<\/td>\n<\/tr>\n<tr>\n<td width=\"234\">Controller manuale, pannelli interruttori, sensori ecc.<\/td>\n<td width=\"76\">No<\/td>\n<\/tr>\n<tr>\n<td width=\"234\">Dimensioni (mm)<\/td>\n<td width=\"76\">170x92x21<\/td>\n<\/tr>\n<tr>\n<td width=\"234\">Peso<\/td>\n<td width=\"76\">174g<\/td>\n<\/tr>\n<\/tbody>\n<\/table>\n","protected":false},"excerpt":{"rendered":"<div class=\"elementor-element elementor-element-28a1869 elementor-widget elementor-widget-woocommerce-product-title elementor-page-title elementor-widget-heading\" data-id=\"28a1869\" data-element_type=\"widget\" data-widget_type=\"woocommerce-product-title.default\">\n<div class=\"elementor-widget-container\"><strong><span style=\"font-size: 16px;\">DRB 9012-8 STD \u00e8 la nostra unit\u00e0 ottimizzata in termini di costi con 8 uscite e 8 ingressi, e una corrente totale continua di 90 Ampere distribuita su tutte le uscite.<\/span><\/strong><\/div>\n<div><\/div>\n<div class=\"elementor-widget-container\">Rispetto alle unit\u00e0 ADV, la STD non dispone di comunicazione CANBus, nessun H-Bridge integrato (controllo motore), nessun LED per uscita e nessun pull-up integrato sugli ingressi per i segnali di ingresso GND.<strong>L&#8217;unit\u00e0 STD non pu\u00f2 essere controllata dai nostri SwitchPanel o Handcontrol poich\u00e9 non dispone di porte CAN\/COM.<\/strong><\/div>\n<\/div>\n<div class=\"elementor-element elementor-element-b951bf8 elementor-widget elementor-widget-woocommerce-product-short-description\" data-id=\"b951bf8\" data-element_type=\"widget\" data-widget_type=\"woocommerce-product-short-description.default\">\n<div class=\"elementor-widget-container\">\n<div class=\"woocommerce-product-details__short-description\">\n<p>Come tutti i nostri DRB, il 9012-8 STD offre un&#8217;ampia gamma di funzionalit\u00e0, tra cui:<\/p>\n<ul>\n<li>Funzioni rel\u00e8 come flash, dimmer e timer<\/li>\n<li>Funzione fusibile tramite interruttori ad alta corrente<\/li>\n<li>Protezione batteria tramite timer o protezione da tensione, individualmente per uscita<\/li>\n<li>Funzioni logiche basate su regole<\/li>\n<li>Fino a tre diverse funzioni per uscita, come fissa o lampeggiante<\/li>\n<\/ul>\n<p class=\"\" data-start=\"112\" data-end=\"430\">Le uscite sono protette digitalmente fino a 25 Ampere per uscita (regolabili a intervalli di 5 A)<\/p>\n<\/div>\n<\/div>\n<\/div>\n","protected":false},"featured_media":13077,"comment_status":"open","ping_status":"closed","template":"","meta":[],"product_brand":[],"product_cat":[200],"product_tag":[201,244,245],"class_list":{"0":"post-13070","1":"product","2":"type-product","3":"status-publish","4":"has-post-thumbnail","6":"product_cat-centraline-rele-digitali","7":"product_tag-12v","8":"product_tag-8-ingressi","9":"product_tag-8-uscite","11":"first","12":"instock","13":"shipping-taxable","14":"product-type-simple"},"yoast_head":"<!-- This site is optimized with the Yoast SEO plugin v26.0 - https:\/\/yoast.com\/wordpress\/plugins\/seo\/ -->\n<title>DRB 9012-8 STD - Addio Electronics<\/title>\n<meta name=\"robots\" content=\"index, follow, max-snippet:-1, max-image-preview:large, max-video-preview:-1\" \/>\n<link rel=\"canonical\" href=\"https:\/\/addio.eu\/it\/prodotto\/drb-9012-8-std\/\" \/>\n<meta property=\"og:locale\" content=\"it_IT\" \/>\n<meta property=\"og:type\" content=\"article\" \/>\n<meta property=\"og:title\" content=\"DRB 9012-8 STD - Addio Electronics\" \/>\n<meta property=\"og:description\" content=\"DRB 9012-8 STD \u00e8 la nostra unit\u00e0 ottimizzata in termini di costi con 8 uscite e 8 ingressi, e una corrente totale continua di 90 Ampere distribuita su tutte le uscite. Rispetto alle unit\u00e0 ADV, la STD non dispone di comunicazione CANBus, nessun H-Bridge integrato (controllo motore), nessun LED per uscita e nessun pull-up integrato sugli ingressi per i segnali di ingresso GND.L&#039;unit\u00e0 STD non pu\u00f2 essere controllata dai nostri SwitchPanel o Handcontrol poich\u00e9 non dispone di porte CAN\/COM.   Come tutti i nostri DRB, il 9012-8 STD offre un&#039;ampia gamma di funzionalit\u00e0, tra cui:  Funzioni rel\u00e8 come flash, dimmer e timer  Funzione fusibile tramite interruttori ad alta corrente  Protezione batteria tramite timer o protezione da tensione, individualmente per uscita  Funzioni logiche basate su regole  Fino a tre diverse funzioni per uscita, come fissa o lampeggiante Le uscite sono protette digitalmente fino a 25 Ampere per uscita (regolabili a intervalli di 5 A)\" \/>\n<meta property=\"og:url\" content=\"https:\/\/addio.eu\/it\/prodotto\/drb-9012-8-std\/\" \/>\n<meta property=\"og:site_name\" content=\"Addio Electronics\" \/>\n<meta property=\"article:publisher\" content=\"https:\/\/www.facebook.com\/AddioElectronicsAB\/\" \/>\n<meta property=\"article:modified_time\" content=\"2026-02-10T16:48:11+00:00\" \/>\n<meta property=\"og:image\" content=\"https:\/\/addio.eu\/wp-content\/uploads\/2025\/03\/IMG_1788-scaled.jpg\" \/>\n\t<meta property=\"og:image:width\" content=\"2560\" \/>\n\t<meta property=\"og:image:height\" content=\"1654\" \/>\n\t<meta property=\"og:image:type\" content=\"image\/jpeg\" \/>\n<meta name=\"twitter:card\" content=\"summary_large_image\" \/>\n<meta name=\"twitter:label1\" content=\"Tempo di lettura stimato\" \/>\n\t<meta name=\"twitter:data1\" content=\"1 minuto\" \/>\n<script type=\"application\/ld+json\" class=\"yoast-schema-graph\">{\"@context\":\"https:\/\/schema.org\",\"@graph\":[{\"@type\":\"WebPage\",\"@id\":\"https:\/\/addio.eu\/it\/prodotto\/drb-9012-8-std\/\",\"url\":\"https:\/\/addio.eu\/it\/prodotto\/drb-9012-8-std\/\",\"name\":\"DRB 9012-8 STD - Addio Electronics\",\"isPartOf\":{\"@id\":\"https:\/\/addio.eu\/it\/#website\"},\"primaryImageOfPage\":{\"@id\":\"https:\/\/addio.eu\/it\/prodotto\/drb-9012-8-std\/#primaryimage\"},\"image\":{\"@id\":\"https:\/\/addio.eu\/it\/prodotto\/drb-9012-8-std\/#primaryimage\"},\"thumbnailUrl\":\"https:\/\/addio.eu\/wp-content\/uploads\/2025\/03\/IMG_1788-scaled.jpg\",\"datePublished\":\"2025-03-24T09:47:26+00:00\",\"dateModified\":\"2026-02-10T16:48:11+00:00\",\"breadcrumb\":{\"@id\":\"https:\/\/addio.eu\/it\/prodotto\/drb-9012-8-std\/#breadcrumb\"},\"inLanguage\":\"it-IT\",\"potentialAction\":[{\"@type\":\"ReadAction\",\"target\":[\"https:\/\/addio.eu\/it\/prodotto\/drb-9012-8-std\/\"]}]},{\"@type\":\"ImageObject\",\"inLanguage\":\"it-IT\",\"@id\":\"https:\/\/addio.eu\/it\/prodotto\/drb-9012-8-std\/#primaryimage\",\"url\":\"https:\/\/addio.eu\/wp-content\/uploads\/2025\/03\/IMG_1788-scaled.jpg\",\"contentUrl\":\"https:\/\/addio.eu\/wp-content\/uploads\/2025\/03\/IMG_1788-scaled.jpg\",\"width\":2560,\"height\":1654},{\"@type\":\"BreadcrumbList\",\"@id\":\"https:\/\/addio.eu\/it\/prodotto\/drb-9012-8-std\/#breadcrumb\",\"itemListElement\":[{\"@type\":\"ListItem\",\"position\":1,\"name\":\"Home\",\"item\":\"https:\/\/addio.eu\/it\/addio-frontpage\/\"},{\"@type\":\"ListItem\",\"position\":2,\"name\":\"Prodotti\",\"item\":\"https:\/\/addio.eu\/it\/prodotti\/\"},{\"@type\":\"ListItem\",\"position\":3,\"name\":\"DRB 9012-8 STD\"}]},{\"@type\":\"WebSite\",\"@id\":\"https:\/\/addio.eu\/it\/#website\",\"url\":\"https:\/\/addio.eu\/it\/\",\"name\":\"addio.eu\",\"description\":\"\",\"publisher\":{\"@id\":\"https:\/\/addio.eu\/it\/#organization\"},\"potentialAction\":[{\"@type\":\"SearchAction\",\"target\":{\"@type\":\"EntryPoint\",\"urlTemplate\":\"https:\/\/addio.eu\/it\/?s={search_term_string}\"},\"query-input\":{\"@type\":\"PropertyValueSpecification\",\"valueRequired\":true,\"valueName\":\"search_term_string\"}}],\"inLanguage\":\"it-IT\"},{\"@type\":\"Organization\",\"@id\":\"https:\/\/addio.eu\/it\/#organization\",\"name\":\"Addio electronics\",\"url\":\"https:\/\/addio.eu\/it\/\",\"logo\":{\"@type\":\"ImageObject\",\"inLanguage\":\"it-IT\",\"@id\":\"https:\/\/addio.eu\/it\/#\/schema\/logo\/image\/\",\"url\":\"https:\/\/addio.eu\/wp-content\/uploads\/2024\/10\/Lager_1-1.svg\",\"contentUrl\":\"https:\/\/addio.eu\/wp-content\/uploads\/2024\/10\/Lager_1-1.svg\",\"caption\":\"Addio electronics\"},\"image\":{\"@id\":\"https:\/\/addio.eu\/it\/#\/schema\/logo\/image\/\"},\"sameAs\":[\"https:\/\/www.facebook.com\/AddioElectronicsAB\/\",\"https:\/\/www.linkedin.com\/company\/addio-electronics-ab\"]}]}<\/script>\n<!-- \/ Yoast SEO plugin. -->","yoast_head_json":{"title":"DRB 9012-8 STD - Addio Electronics","robots":{"index":"index","follow":"follow","max-snippet":"max-snippet:-1","max-image-preview":"max-image-preview:large","max-video-preview":"max-video-preview:-1"},"canonical":"https:\/\/addio.eu\/it\/prodotto\/drb-9012-8-std\/","og_locale":"it_IT","og_type":"article","og_title":"DRB 9012-8 STD - Addio Electronics","og_description":"DRB 9012-8 STD \u00e8 la nostra unit\u00e0 ottimizzata in termini di costi con 8 uscite e 8 ingressi, e una corrente totale continua di 90 Ampere distribuita su tutte le uscite. Rispetto alle unit\u00e0 ADV, la STD non dispone di comunicazione CANBus, nessun H-Bridge integrato (controllo motore), nessun LED per uscita e nessun pull-up integrato sugli ingressi per i segnali di ingresso GND.L'unit\u00e0 STD non pu\u00f2 essere controllata dai nostri SwitchPanel o Handcontrol poich\u00e9 non dispone di porte CAN\/COM.   Come tutti i nostri DRB, il 9012-8 STD offre un'ampia gamma di funzionalit\u00e0, tra cui:  Funzioni rel\u00e8 come flash, dimmer e timer  Funzione fusibile tramite interruttori ad alta corrente  Protezione batteria tramite timer o protezione da tensione, individualmente per uscita  Funzioni logiche basate su regole  Fino a tre diverse funzioni per uscita, come fissa o lampeggiante Le uscite sono protette digitalmente fino a 25 Ampere per uscita (regolabili a intervalli di 5 A)","og_url":"https:\/\/addio.eu\/it\/prodotto\/drb-9012-8-std\/","og_site_name":"Addio Electronics","article_publisher":"https:\/\/www.facebook.com\/AddioElectronicsAB\/","article_modified_time":"2026-02-10T16:48:11+00:00","og_image":[{"width":2560,"height":1654,"url":"https:\/\/addio.eu\/wp-content\/uploads\/2025\/03\/IMG_1788-scaled.jpg","type":"image\/jpeg"}],"twitter_card":"summary_large_image","twitter_misc":{"Tempo di lettura stimato":"1 minuto"},"schema":{"@context":"https:\/\/schema.org","@graph":[{"@type":"WebPage","@id":"https:\/\/addio.eu\/it\/prodotto\/drb-9012-8-std\/","url":"https:\/\/addio.eu\/it\/prodotto\/drb-9012-8-std\/","name":"DRB 9012-8 STD - Addio Electronics","isPartOf":{"@id":"https:\/\/addio.eu\/it\/#website"},"primaryImageOfPage":{"@id":"https:\/\/addio.eu\/it\/prodotto\/drb-9012-8-std\/#primaryimage"},"image":{"@id":"https:\/\/addio.eu\/it\/prodotto\/drb-9012-8-std\/#primaryimage"},"thumbnailUrl":"https:\/\/addio.eu\/wp-content\/uploads\/2025\/03\/IMG_1788-scaled.jpg","datePublished":"2025-03-24T09:47:26+00:00","dateModified":"2026-02-10T16:48:11+00:00","breadcrumb":{"@id":"https:\/\/addio.eu\/it\/prodotto\/drb-9012-8-std\/#breadcrumb"},"inLanguage":"it-IT","potentialAction":[{"@type":"ReadAction","target":["https:\/\/addio.eu\/it\/prodotto\/drb-9012-8-std\/"]}]},{"@type":"ImageObject","inLanguage":"it-IT","@id":"https:\/\/addio.eu\/it\/prodotto\/drb-9012-8-std\/#primaryimage","url":"https:\/\/addio.eu\/wp-content\/uploads\/2025\/03\/IMG_1788-scaled.jpg","contentUrl":"https:\/\/addio.eu\/wp-content\/uploads\/2025\/03\/IMG_1788-scaled.jpg","width":2560,"height":1654},{"@type":"BreadcrumbList","@id":"https:\/\/addio.eu\/it\/prodotto\/drb-9012-8-std\/#breadcrumb","itemListElement":[{"@type":"ListItem","position":1,"name":"Home","item":"https:\/\/addio.eu\/it\/addio-frontpage\/"},{"@type":"ListItem","position":2,"name":"Prodotti","item":"https:\/\/addio.eu\/it\/prodotti\/"},{"@type":"ListItem","position":3,"name":"DRB 9012-8 STD"}]},{"@type":"WebSite","@id":"https:\/\/addio.eu\/it\/#website","url":"https:\/\/addio.eu\/it\/","name":"addio.eu","description":"","publisher":{"@id":"https:\/\/addio.eu\/it\/#organization"},"potentialAction":[{"@type":"SearchAction","target":{"@type":"EntryPoint","urlTemplate":"https:\/\/addio.eu\/it\/?s={search_term_string}"},"query-input":{"@type":"PropertyValueSpecification","valueRequired":true,"valueName":"search_term_string"}}],"inLanguage":"it-IT"},{"@type":"Organization","@id":"https:\/\/addio.eu\/it\/#organization","name":"Addio electronics","url":"https:\/\/addio.eu\/it\/","logo":{"@type":"ImageObject","inLanguage":"it-IT","@id":"https:\/\/addio.eu\/it\/#\/schema\/logo\/image\/","url":"https:\/\/addio.eu\/wp-content\/uploads\/2024\/10\/Lager_1-1.svg","contentUrl":"https:\/\/addio.eu\/wp-content\/uploads\/2024\/10\/Lager_1-1.svg","caption":"Addio electronics"},"image":{"@id":"https:\/\/addio.eu\/it\/#\/schema\/logo\/image\/"},"sameAs":["https:\/\/www.facebook.com\/AddioElectronicsAB\/","https:\/\/www.linkedin.com\/company\/addio-electronics-ab"]}]}},"_links":{"self":[{"href":"https:\/\/addio.eu\/it\/wp-json\/wp\/v2\/product\/13070","targetHints":{"allow":["GET"]}}],"collection":[{"href":"https:\/\/addio.eu\/it\/wp-json\/wp\/v2\/product"}],"about":[{"href":"https:\/\/addio.eu\/it\/wp-json\/wp\/v2\/types\/product"}],"replies":[{"embeddable":true,"href":"https:\/\/addio.eu\/it\/wp-json\/wp\/v2\/comments?post=13070"}],"wp:featuredmedia":[{"embeddable":true,"href":"https:\/\/addio.eu\/it\/wp-json\/wp\/v2\/media\/13077"}],"wp:attachment":[{"href":"https:\/\/addio.eu\/it\/wp-json\/wp\/v2\/media?parent=13070"}],"wp:term":[{"taxonomy":"product_brand","embeddable":true,"href":"https:\/\/addio.eu\/it\/wp-json\/wp\/v2\/product_brand?post=13070"},{"taxonomy":"product_cat","embeddable":true,"href":"https:\/\/addio.eu\/it\/wp-json\/wp\/v2\/product_cat?post=13070"},{"taxonomy":"product_tag","embeddable":true,"href":"https:\/\/addio.eu\/it\/wp-json\/wp\/v2\/product_tag?post=13070"}],"curies":[{"name":"wp","href":"https:\/\/api.w.org\/{rel}","templated":true}]}}