{"id":12623,"date":"2025-03-25T10:31:55","date_gmt":"2025-03-25T10:31:55","guid":{"rendered":"https:\/\/addio.eu\/product\/pannello-interruttori-8\/"},"modified":"2025-03-25T10:31:55","modified_gmt":"2025-03-25T10:31:55","slug":"pannello-interruttori-8","status":"publish","type":"product","link":"https:\/\/addio.eu\/it\/prodotto\/pannello-interruttori-8\/","title":{"rendered":"Pannello interruttori 8"},"content":{"rendered":"<p class=\"\" data-start=\"660\" data-end=\"682\"><strong data-start=\"660\" data-end=\"682\">Colore e illuminazione<\/strong><\/p>\n<p class=\"\" data-start=\"684\" data-end=\"919\">Tutti i pulsanti sul pannello di controllo sono illuminati e possono essere configurati con i seguenti colori: verde, blu, giallo, arancione, bianco e rosso. Sia il colore della luce di sfondo che il colore attivo possono essere impostati nel menu per ciascun pulsante. <\/p>\n<p class=\"\" data-start=\"921\" data-end=\"1055\">L&#8217;intensit\u00e0 luminosa dei pulsanti si regola automaticamente in base alle condizioni di luce circostanti, grazie a un sensore di luce integrato.<\/p>\n<p class=\"\" data-start=\"1057\" data-end=\"1085\"><strong data-start=\"1057\" data-end=\"1085\">Buzzer e suoni dei pulsanti<\/strong><\/p>\n<p class=\"\" data-start=\"1087\" data-end=\"1344\">Il pannello di controllo \u00e8 dotato di un buzzer integrato, che pu\u00f2 fornire un feedback con un breve segnale acustico quando viene premuto un pulsante. Il buzzer pu\u00f2 anche essere controllato da una fonte esterna, come un ingresso, un&#8217;uscita o un&#8217;uscita virtuale, per attivare funzioni di allarme e altro ancora. <\/p>\n<p class=\"\" data-start=\"1346\" data-end=\"1380\"><strong data-start=\"1346\" data-end=\"1380\">Installazione e configurazione<\/strong><\/p>\n<p class=\"\" data-start=\"1382\" data-end=\"1525\">La configurazione delle funzioni dei pulsanti, dei colori attivi e passivi e altro ancora \u00e8 memorizzata nelle nostre scatole rel\u00e8 e viene eseguita tramite il nostro software, Addio CC.<\/p>\n<p data-start=\"1382\" data-end=\"1525\"><strong>Incluso nella confezione<\/strong><br \/>\nI pannelli interruttori Addio sono forniti con un cavo da 5 metri e adesivi per pulsanti.<br \/>\nUn codice articolo alternativo include anche una staffa. <\/p>\n","protected":false},"excerpt":{"rendered":"<p class=\"\" data-start=\"62\" data-end=\"120\"><strong data-start=\"62\" data-end=\"120\">Cablaggio e installazione semplici con i pannelli di controllo Addio<\/strong><\/p>\n<p>I pannelli di controllo Addio sono facili da installare utilizzando il nastro biadesivo incluso o con una staffa di montaggio (disponibile come accessorio). Le tastiere si collegano alla porta COM\/CAN della scatola rel\u00e8 tramite il cavo incluso. <\/p>\n<p>I pannelli interruttori Addio sono compatibili sia con i nostri DRB da 12V che con quelli da 24V.<\/p>\n<div id=\"tw-target-rmn-container\" class=\"tw-target-rmn tw-ta-container tw-nfl\" tabindex=\"0\" role=\"text\">\n<p id=\"tw-target-rmn\" class=\"tw-data-placeholder tw-text-small tw-ta\" dir=\"ltr\"><strong data-start=\"333\" data-end=\"345\">Caratteristiche<\/strong><\/p>\n<\/div>\n<p class=\"\" data-start=\"347\" data-end=\"523\">Ogni pulsante pu\u00f2 essere impostato per controllare pi\u00f9 funzioni e pu\u00f2 attivare un&#8217;uscita e\/o servire da indicatore per mostrare se un input, un output specifico o un&#8217;altra funzione interna \u00e8 attiva.<\/p>\n<p class=\"\" data-start=\"525\" data-end=\"658\">Fino a quattro pannelli di controllo possono essere utilizzati in un sistema, e possono essere configurati individualmente o operare in parallelo (cablaggio a scala).<\/p>\n","protected":false},"featured_media":6239,"comment_status":"open","ping_status":"closed","template":"","meta":[],"product_brand":[],"product_cat":[324],"product_tag":[365],"class_list":{"0":"post-12623","1":"product","2":"type-product","3":"status-publish","4":"has-post-thumbnail","6":"product_cat-pannelli-interruttori","7":"product_tag-8-pulsanti","9":"first","10":"instock","11":"shipping-taxable","12":"product-type-simple"},"yoast_head":"<!-- This site is optimized with the Yoast SEO plugin v26.0 - https:\/\/yoast.com\/wordpress\/plugins\/seo\/ -->\n<title>Pannello interruttori 8 - Addio Electronics<\/title>\n<meta name=\"robots\" content=\"index, follow, max-snippet:-1, max-image-preview:large, max-video-preview:-1\" \/>\n<link rel=\"canonical\" href=\"https:\/\/addio.eu\/it\/prodotto\/pannello-interruttori-8\/\" \/>\n<meta property=\"og:locale\" content=\"it_IT\" \/>\n<meta property=\"og:type\" content=\"article\" \/>\n<meta property=\"og:title\" content=\"Pannello interruttori 8 - Addio Electronics\" \/>\n<meta property=\"og:description\" content=\"Cablaggio e installazione semplici con i pannelli di controllo Addio I pannelli di controllo Addio sono facili da installare utilizzando il nastro biadesivo incluso o con una staffa di montaggio (disponibile come accessorio). Le tastiere si collegano alla porta COM\/CAN della scatola rel\u00e8 tramite il cavo incluso.  I pannelli interruttori Addio sono compatibili sia con i nostri DRB da 12V che con quelli da 24V. Caratteristiche  Ogni pulsante pu\u00f2 essere impostato per controllare pi\u00f9 funzioni e pu\u00f2 attivare un&#039;uscita e\/o servire da indicatore per mostrare se un input, un output specifico o un&#039;altra funzione interna \u00e8 attiva. Fino a quattro pannelli di controllo possono essere utilizzati in un sistema, e possono essere configurati individualmente o operare in parallelo (cablaggio a scala).\" \/>\n<meta property=\"og:url\" content=\"https:\/\/addio.eu\/it\/prodotto\/pannello-interruttori-8\/\" \/>\n<meta property=\"og:site_name\" content=\"Addio Electronics\" \/>\n<meta property=\"article:publisher\" content=\"https:\/\/www.facebook.com\/AddioElectronicsAB\/\" \/>\n<meta property=\"og:image\" content=\"https:\/\/addio.eu\/wp-content\/uploads\/2025\/03\/sw8.png\" \/>\n\t<meta property=\"og:image:width\" content=\"1328\" \/>\n\t<meta property=\"og:image:height\" content=\"638\" \/>\n\t<meta property=\"og:image:type\" content=\"image\/png\" \/>\n<meta name=\"twitter:card\" content=\"summary_large_image\" \/>\n<meta name=\"twitter:label1\" content=\"Tempo di lettura stimato\" \/>\n\t<meta name=\"twitter:data1\" content=\"1 minuto\" \/>\n<script type=\"application\/ld+json\" class=\"yoast-schema-graph\">{\"@context\":\"https:\/\/schema.org\",\"@graph\":[{\"@type\":\"WebPage\",\"@id\":\"https:\/\/addio.eu\/it\/prodotto\/pannello-interruttori-8\/\",\"url\":\"https:\/\/addio.eu\/it\/prodotto\/pannello-interruttori-8\/\",\"name\":\"Pannello interruttori 8 - Addio Electronics\",\"isPartOf\":{\"@id\":\"https:\/\/addio.eu\/it\/#website\"},\"primaryImageOfPage\":{\"@id\":\"https:\/\/addio.eu\/it\/prodotto\/pannello-interruttori-8\/#primaryimage\"},\"image\":{\"@id\":\"https:\/\/addio.eu\/it\/prodotto\/pannello-interruttori-8\/#primaryimage\"},\"thumbnailUrl\":\"https:\/\/addio.eu\/wp-content\/uploads\/2025\/03\/sw8.png\",\"datePublished\":\"2025-03-25T10:31:55+00:00\",\"breadcrumb\":{\"@id\":\"https:\/\/addio.eu\/it\/prodotto\/pannello-interruttori-8\/#breadcrumb\"},\"inLanguage\":\"it-IT\",\"potentialAction\":[{\"@type\":\"ReadAction\",\"target\":[\"https:\/\/addio.eu\/it\/prodotto\/pannello-interruttori-8\/\"]}]},{\"@type\":\"ImageObject\",\"inLanguage\":\"it-IT\",\"@id\":\"https:\/\/addio.eu\/it\/prodotto\/pannello-interruttori-8\/#primaryimage\",\"url\":\"https:\/\/addio.eu\/wp-content\/uploads\/2025\/03\/sw8.png\",\"contentUrl\":\"https:\/\/addio.eu\/wp-content\/uploads\/2025\/03\/sw8.png\",\"width\":1328,\"height\":638},{\"@type\":\"BreadcrumbList\",\"@id\":\"https:\/\/addio.eu\/it\/prodotto\/pannello-interruttori-8\/#breadcrumb\",\"itemListElement\":[{\"@type\":\"ListItem\",\"position\":1,\"name\":\"Home\",\"item\":\"https:\/\/addio.eu\/it\/addio-frontpage\/\"},{\"@type\":\"ListItem\",\"position\":2,\"name\":\"Prodotti\",\"item\":\"https:\/\/addio.eu\/it\/prodotti\/\"},{\"@type\":\"ListItem\",\"position\":3,\"name\":\"Pannello interruttori 8\"}]},{\"@type\":\"WebSite\",\"@id\":\"https:\/\/addio.eu\/it\/#website\",\"url\":\"https:\/\/addio.eu\/it\/\",\"name\":\"addio.eu\",\"description\":\"\",\"publisher\":{\"@id\":\"https:\/\/addio.eu\/it\/#organization\"},\"potentialAction\":[{\"@type\":\"SearchAction\",\"target\":{\"@type\":\"EntryPoint\",\"urlTemplate\":\"https:\/\/addio.eu\/it\/?s={search_term_string}\"},\"query-input\":{\"@type\":\"PropertyValueSpecification\",\"valueRequired\":true,\"valueName\":\"search_term_string\"}}],\"inLanguage\":\"it-IT\"},{\"@type\":\"Organization\",\"@id\":\"https:\/\/addio.eu\/it\/#organization\",\"name\":\"Addio electronics\",\"url\":\"https:\/\/addio.eu\/it\/\",\"logo\":{\"@type\":\"ImageObject\",\"inLanguage\":\"it-IT\",\"@id\":\"https:\/\/addio.eu\/it\/#\/schema\/logo\/image\/\",\"url\":\"https:\/\/addio.eu\/wp-content\/uploads\/2024\/10\/Lager_1-1.svg\",\"contentUrl\":\"https:\/\/addio.eu\/wp-content\/uploads\/2024\/10\/Lager_1-1.svg\",\"caption\":\"Addio electronics\"},\"image\":{\"@id\":\"https:\/\/addio.eu\/it\/#\/schema\/logo\/image\/\"},\"sameAs\":[\"https:\/\/www.facebook.com\/AddioElectronicsAB\/\",\"https:\/\/www.linkedin.com\/company\/addio-electronics-ab\"]}]}<\/script>\n<!-- \/ Yoast SEO plugin. -->","yoast_head_json":{"title":"Pannello interruttori 8 - Addio Electronics","robots":{"index":"index","follow":"follow","max-snippet":"max-snippet:-1","max-image-preview":"max-image-preview:large","max-video-preview":"max-video-preview:-1"},"canonical":"https:\/\/addio.eu\/it\/prodotto\/pannello-interruttori-8\/","og_locale":"it_IT","og_type":"article","og_title":"Pannello interruttori 8 - Addio Electronics","og_description":"Cablaggio e installazione semplici con i pannelli di controllo Addio I pannelli di controllo Addio sono facili da installare utilizzando il nastro biadesivo incluso o con una staffa di montaggio (disponibile come accessorio). Le tastiere si collegano alla porta COM\/CAN della scatola rel\u00e8 tramite il cavo incluso.  I pannelli interruttori Addio sono compatibili sia con i nostri DRB da 12V che con quelli da 24V. Caratteristiche  Ogni pulsante pu\u00f2 essere impostato per controllare pi\u00f9 funzioni e pu\u00f2 attivare un'uscita e\/o servire da indicatore per mostrare se un input, un output specifico o un'altra funzione interna \u00e8 attiva. Fino a quattro pannelli di controllo possono essere utilizzati in un sistema, e possono essere configurati individualmente o operare in parallelo (cablaggio a scala).","og_url":"https:\/\/addio.eu\/it\/prodotto\/pannello-interruttori-8\/","og_site_name":"Addio Electronics","article_publisher":"https:\/\/www.facebook.com\/AddioElectronicsAB\/","og_image":[{"width":1328,"height":638,"url":"https:\/\/addio.eu\/wp-content\/uploads\/2025\/03\/sw8.png","type":"image\/png"}],"twitter_card":"summary_large_image","twitter_misc":{"Tempo di lettura stimato":"1 minuto"},"schema":{"@context":"https:\/\/schema.org","@graph":[{"@type":"WebPage","@id":"https:\/\/addio.eu\/it\/prodotto\/pannello-interruttori-8\/","url":"https:\/\/addio.eu\/it\/prodotto\/pannello-interruttori-8\/","name":"Pannello interruttori 8 - Addio Electronics","isPartOf":{"@id":"https:\/\/addio.eu\/it\/#website"},"primaryImageOfPage":{"@id":"https:\/\/addio.eu\/it\/prodotto\/pannello-interruttori-8\/#primaryimage"},"image":{"@id":"https:\/\/addio.eu\/it\/prodotto\/pannello-interruttori-8\/#primaryimage"},"thumbnailUrl":"https:\/\/addio.eu\/wp-content\/uploads\/2025\/03\/sw8.png","datePublished":"2025-03-25T10:31:55+00:00","breadcrumb":{"@id":"https:\/\/addio.eu\/it\/prodotto\/pannello-interruttori-8\/#breadcrumb"},"inLanguage":"it-IT","potentialAction":[{"@type":"ReadAction","target":["https:\/\/addio.eu\/it\/prodotto\/pannello-interruttori-8\/"]}]},{"@type":"ImageObject","inLanguage":"it-IT","@id":"https:\/\/addio.eu\/it\/prodotto\/pannello-interruttori-8\/#primaryimage","url":"https:\/\/addio.eu\/wp-content\/uploads\/2025\/03\/sw8.png","contentUrl":"https:\/\/addio.eu\/wp-content\/uploads\/2025\/03\/sw8.png","width":1328,"height":638},{"@type":"BreadcrumbList","@id":"https:\/\/addio.eu\/it\/prodotto\/pannello-interruttori-8\/#breadcrumb","itemListElement":[{"@type":"ListItem","position":1,"name":"Home","item":"https:\/\/addio.eu\/it\/addio-frontpage\/"},{"@type":"ListItem","position":2,"name":"Prodotti","item":"https:\/\/addio.eu\/it\/prodotti\/"},{"@type":"ListItem","position":3,"name":"Pannello interruttori 8"}]},{"@type":"WebSite","@id":"https:\/\/addio.eu\/it\/#website","url":"https:\/\/addio.eu\/it\/","name":"addio.eu","description":"","publisher":{"@id":"https:\/\/addio.eu\/it\/#organization"},"potentialAction":[{"@type":"SearchAction","target":{"@type":"EntryPoint","urlTemplate":"https:\/\/addio.eu\/it\/?s={search_term_string}"},"query-input":{"@type":"PropertyValueSpecification","valueRequired":true,"valueName":"search_term_string"}}],"inLanguage":"it-IT"},{"@type":"Organization","@id":"https:\/\/addio.eu\/it\/#organization","name":"Addio electronics","url":"https:\/\/addio.eu\/it\/","logo":{"@type":"ImageObject","inLanguage":"it-IT","@id":"https:\/\/addio.eu\/it\/#\/schema\/logo\/image\/","url":"https:\/\/addio.eu\/wp-content\/uploads\/2024\/10\/Lager_1-1.svg","contentUrl":"https:\/\/addio.eu\/wp-content\/uploads\/2024\/10\/Lager_1-1.svg","caption":"Addio electronics"},"image":{"@id":"https:\/\/addio.eu\/it\/#\/schema\/logo\/image\/"},"sameAs":["https:\/\/www.facebook.com\/AddioElectronicsAB\/","https:\/\/www.linkedin.com\/company\/addio-electronics-ab"]}]}},"_links":{"self":[{"href":"https:\/\/addio.eu\/it\/wp-json\/wp\/v2\/product\/12623","targetHints":{"allow":["GET"]}}],"collection":[{"href":"https:\/\/addio.eu\/it\/wp-json\/wp\/v2\/product"}],"about":[{"href":"https:\/\/addio.eu\/it\/wp-json\/wp\/v2\/types\/product"}],"replies":[{"embeddable":true,"href":"https:\/\/addio.eu\/it\/wp-json\/wp\/v2\/comments?post=12623"}],"wp:featuredmedia":[{"embeddable":true,"href":"https:\/\/addio.eu\/it\/wp-json\/wp\/v2\/media\/6239"}],"wp:attachment":[{"href":"https:\/\/addio.eu\/it\/wp-json\/wp\/v2\/media?parent=12623"}],"wp:term":[{"taxonomy":"product_brand","embeddable":true,"href":"https:\/\/addio.eu\/it\/wp-json\/wp\/v2\/product_brand?post=12623"},{"taxonomy":"product_cat","embeddable":true,"href":"https:\/\/addio.eu\/it\/wp-json\/wp\/v2\/product_cat?post=12623"},{"taxonomy":"product_tag","embeddable":true,"href":"https:\/\/addio.eu\/it\/wp-json\/wp\/v2\/product_tag?post=12623"}],"curies":[{"name":"wp","href":"https:\/\/api.w.org\/{rel}","templated":true}]}}