{"id":12515,"date":"2025-03-07T10:38:08","date_gmt":"2025-03-07T10:38:08","guid":{"rendered":"https:\/\/addio.eu\/product\/comando-manuale-15\/"},"modified":"2025-03-07T10:38:08","modified_gmt":"2025-03-07T10:38:08","slug":"comando-manuale-15","status":"publish","type":"product","link":"https:\/\/addio.eu\/it\/prodotto\/comando-manuale-15\/","title":{"rendered":"Comando manuale 15"},"content":{"rendered":"<p class=\"\" data-start=\"660\" data-end=\"682\"><strong data-start=\"660\" data-end=\"682\">Colore e illuminazione<\/strong><\/p>\n<p class=\"\" data-start=\"684\" data-end=\"919\">Tutti i pulsanti sul pannello di controllo sono illuminati e possono essere configurati con i seguenti colori: verde, blu, giallo, arancione, bianco e rosso. Sia il colore della luce di sfondo che il colore attivo possono essere impostati nel menu per ciascun pulsante. <\/p>\n<p class=\"\" data-start=\"921\" data-end=\"1055\">L&#8217;intensit\u00e0 luminosa dei pulsanti si regola automaticamente in base alle condizioni di luce circostanti, grazie a un sensore di luce integrato.<\/p>\n<p class=\"\" data-start=\"1346\" data-end=\"1380\"><strong data-start=\"1346\" data-end=\"1380\">Installazione e configurazione<\/strong><\/p>\n<p class=\"\" data-start=\"1382\" data-end=\"1525\">La configurazione delle funzioni dei pulsanti, dei colori attivi e passivi e altro ancora \u00e8 memorizzata nelle nostre scatole rel\u00e8 e viene eseguita tramite il nostro software, Addio CC.<\/p>\n<p data-start=\"1382\" data-end=\"1525\"><strong>Incluso nella confezione<\/strong><br \/>\nL&#8217;Addio Handcontrol viene fornito con un cavo da 3 metri, una staffa e adesivi per pulsanti.<\/p>\n","protected":false},"excerpt":{"rendered":"<div class=\"elementor-element elementor-element-28a1869 elementor-widget elementor-widget-woocommerce-product-title elementor-page-title elementor-widget-heading\" data-id=\"28a1869\" data-element_type=\"widget\" data-widget_type=\"woocommerce-product-title.default\">\n<div class=\"elementor-widget-container\">\n<h2 class=\"product_title entry-title elementor-heading-title elementor-size-default\"><strong style=\"font-size: 16px;\" data-start=\"62\" data-end=\"120\">Cablaggio e installazione semplici con il comando manuale Addio<\/strong><\/h2>\n<\/div>\n<\/div>\n<div class=\"elementor-element elementor-element-b951bf8 elementor-widget elementor-widget-woocommerce-product-short-description\" data-id=\"b951bf8\" data-element_type=\"widget\" data-widget_type=\"woocommerce-product-short-description.default\">\n<div class=\"elementor-widget-container\">\n<div class=\"woocommerce-product-details__short-description\">\n<p>Il comando manuale Addio a 13 pulsanti \u00e8 facile da installare utilizzando la staffa di montaggio inclusa. Il comando manuale si collega alla porta COM\/CAN della scatola rel\u00e8 tramite il cavo incluso. <\/p>\n<p>L&#8217;Addio Handcontrol \u00e8 compatibile con le nostre DRB sia da 12V che da 24V.<\/p>\n<div id=\"tw-target-rmn-container\" class=\"tw-target-rmn tw-ta-container tw-nfl\" tabindex=\"0\" role=\"text\">\n<p id=\"tw-target-rmn\" class=\"tw-data-placeholder tw-text-small tw-ta\" dir=\"ltr\"><strong data-start=\"333\" data-end=\"345\">Caratteristiche<\/strong><\/p>\n<\/div>\n<p class=\"\" data-start=\"347\" data-end=\"523\">Ogni pulsante pu\u00f2 essere impostato per controllare pi\u00f9 funzioni e pu\u00f2 attivare un&#8217;uscita e\/o servire da indicatore per mostrare se un input, un output specifico o un&#8217;altra funzione interna \u00e8 attiva.<\/p>\n<p class=\"\" data-start=\"525\" data-end=\"658\">Fino a quattro comandi manuali possono essere utilizzati in un sistema; i comandi manuali funzioneranno in parallelo (cablaggio a cascata).<\/p>\n<\/div>\n<\/div>\n<\/div>\n","protected":false},"featured_media":5857,"comment_status":"open","ping_status":"closed","template":"","meta":[],"product_brand":[],"product_cat":[354],"product_tag":[355],"class_list":{"0":"post-12515","1":"product","2":"type-product","3":"status-publish","4":"has-post-thumbnail","6":"product_cat-comandi-manuali","7":"product_tag-15-pulsanti","9":"first","10":"instock","11":"shipping-taxable","12":"product-type-simple"},"yoast_head":"<!-- This site is optimized with the Yoast SEO plugin v26.0 - https:\/\/yoast.com\/wordpress\/plugins\/seo\/ -->\n<title>Comando manuale 15 - Addio Electronics<\/title>\n<meta name=\"robots\" content=\"index, follow, max-snippet:-1, max-image-preview:large, max-video-preview:-1\" \/>\n<link rel=\"canonical\" href=\"https:\/\/addio.eu\/it\/prodotto\/comando-manuale-15\/\" \/>\n<meta property=\"og:locale\" content=\"it_IT\" \/>\n<meta property=\"og:type\" content=\"article\" \/>\n<meta property=\"og:title\" content=\"Comando manuale 15 - Addio Electronics\" \/>\n<meta property=\"og:description\" content=\"Cablaggio e installazione semplici con il comando manuale Addio    Il comando manuale Addio a 13 pulsanti \u00e8 facile da installare utilizzando la staffa di montaggio inclusa. Il comando manuale si collega alla porta COM\/CAN della scatola rel\u00e8 tramite il cavo incluso.  L&#039;Addio Handcontrol \u00e8 compatibile con le nostre DRB sia da 12V che da 24V. Caratteristiche  Ogni pulsante pu\u00f2 essere impostato per controllare pi\u00f9 funzioni e pu\u00f2 attivare un&#039;uscita e\/o servire da indicatore per mostrare se un input, un output specifico o un&#039;altra funzione interna \u00e8 attiva. Fino a quattro comandi manuali possono essere utilizzati in un sistema; i comandi manuali funzioneranno in parallelo (cablaggio a cascata).\" \/>\n<meta property=\"og:url\" content=\"https:\/\/addio.eu\/it\/prodotto\/comando-manuale-15\/\" \/>\n<meta property=\"og:site_name\" content=\"Addio Electronics\" \/>\n<meta property=\"article:publisher\" content=\"https:\/\/www.facebook.com\/AddioElectronicsAB\/\" \/>\n<meta property=\"og:image\" content=\"https:\/\/addio.eu\/wp-content\/uploads\/2025\/03\/IMG_1590-scaled.jpg\" \/>\n\t<meta property=\"og:image:width\" content=\"1670\" \/>\n\t<meta property=\"og:image:height\" content=\"2560\" \/>\n\t<meta property=\"og:image:type\" content=\"image\/jpeg\" \/>\n<meta name=\"twitter:card\" content=\"summary_large_image\" \/>\n<meta name=\"twitter:label1\" content=\"Tempo di lettura stimato\" \/>\n\t<meta name=\"twitter:data1\" content=\"1 minuto\" \/>\n<script type=\"application\/ld+json\" class=\"yoast-schema-graph\">{\"@context\":\"https:\/\/schema.org\",\"@graph\":[{\"@type\":\"WebPage\",\"@id\":\"https:\/\/addio.eu\/it\/prodotto\/comando-manuale-15\/\",\"url\":\"https:\/\/addio.eu\/it\/prodotto\/comando-manuale-15\/\",\"name\":\"Comando manuale 15 - Addio Electronics\",\"isPartOf\":{\"@id\":\"https:\/\/addio.eu\/it\/#website\"},\"primaryImageOfPage\":{\"@id\":\"https:\/\/addio.eu\/it\/prodotto\/comando-manuale-15\/#primaryimage\"},\"image\":{\"@id\":\"https:\/\/addio.eu\/it\/prodotto\/comando-manuale-15\/#primaryimage\"},\"thumbnailUrl\":\"https:\/\/addio.eu\/wp-content\/uploads\/2025\/03\/IMG_1590-scaled.jpg\",\"datePublished\":\"2025-03-07T10:38:08+00:00\",\"breadcrumb\":{\"@id\":\"https:\/\/addio.eu\/it\/prodotto\/comando-manuale-15\/#breadcrumb\"},\"inLanguage\":\"it-IT\",\"potentialAction\":[{\"@type\":\"ReadAction\",\"target\":[\"https:\/\/addio.eu\/it\/prodotto\/comando-manuale-15\/\"]}]},{\"@type\":\"ImageObject\",\"inLanguage\":\"it-IT\",\"@id\":\"https:\/\/addio.eu\/it\/prodotto\/comando-manuale-15\/#primaryimage\",\"url\":\"https:\/\/addio.eu\/wp-content\/uploads\/2025\/03\/IMG_1590-scaled.jpg\",\"contentUrl\":\"https:\/\/addio.eu\/wp-content\/uploads\/2025\/03\/IMG_1590-scaled.jpg\",\"width\":1670,\"height\":2560},{\"@type\":\"BreadcrumbList\",\"@id\":\"https:\/\/addio.eu\/it\/prodotto\/comando-manuale-15\/#breadcrumb\",\"itemListElement\":[{\"@type\":\"ListItem\",\"position\":1,\"name\":\"Home\",\"item\":\"https:\/\/addio.eu\/it\/addio-frontpage\/\"},{\"@type\":\"ListItem\",\"position\":2,\"name\":\"Prodotti\",\"item\":\"https:\/\/addio.eu\/it\/prodotti\/\"},{\"@type\":\"ListItem\",\"position\":3,\"name\":\"Comando manuale 15\"}]},{\"@type\":\"WebSite\",\"@id\":\"https:\/\/addio.eu\/it\/#website\",\"url\":\"https:\/\/addio.eu\/it\/\",\"name\":\"addio.eu\",\"description\":\"\",\"publisher\":{\"@id\":\"https:\/\/addio.eu\/it\/#organization\"},\"potentialAction\":[{\"@type\":\"SearchAction\",\"target\":{\"@type\":\"EntryPoint\",\"urlTemplate\":\"https:\/\/addio.eu\/it\/?s={search_term_string}\"},\"query-input\":{\"@type\":\"PropertyValueSpecification\",\"valueRequired\":true,\"valueName\":\"search_term_string\"}}],\"inLanguage\":\"it-IT\"},{\"@type\":\"Organization\",\"@id\":\"https:\/\/addio.eu\/it\/#organization\",\"name\":\"Addio electronics\",\"url\":\"https:\/\/addio.eu\/it\/\",\"logo\":{\"@type\":\"ImageObject\",\"inLanguage\":\"it-IT\",\"@id\":\"https:\/\/addio.eu\/it\/#\/schema\/logo\/image\/\",\"url\":\"https:\/\/addio.eu\/wp-content\/uploads\/2024\/10\/Lager_1-1.svg\",\"contentUrl\":\"https:\/\/addio.eu\/wp-content\/uploads\/2024\/10\/Lager_1-1.svg\",\"caption\":\"Addio electronics\"},\"image\":{\"@id\":\"https:\/\/addio.eu\/it\/#\/schema\/logo\/image\/\"},\"sameAs\":[\"https:\/\/www.facebook.com\/AddioElectronicsAB\/\",\"https:\/\/www.linkedin.com\/company\/addio-electronics-ab\"]}]}<\/script>\n<!-- \/ Yoast SEO plugin. -->","yoast_head_json":{"title":"Comando manuale 15 - Addio Electronics","robots":{"index":"index","follow":"follow","max-snippet":"max-snippet:-1","max-image-preview":"max-image-preview:large","max-video-preview":"max-video-preview:-1"},"canonical":"https:\/\/addio.eu\/it\/prodotto\/comando-manuale-15\/","og_locale":"it_IT","og_type":"article","og_title":"Comando manuale 15 - Addio Electronics","og_description":"Cablaggio e installazione semplici con il comando manuale Addio    Il comando manuale Addio a 13 pulsanti \u00e8 facile da installare utilizzando la staffa di montaggio inclusa. Il comando manuale si collega alla porta COM\/CAN della scatola rel\u00e8 tramite il cavo incluso.  L'Addio Handcontrol \u00e8 compatibile con le nostre DRB sia da 12V che da 24V. Caratteristiche  Ogni pulsante pu\u00f2 essere impostato per controllare pi\u00f9 funzioni e pu\u00f2 attivare un'uscita e\/o servire da indicatore per mostrare se un input, un output specifico o un'altra funzione interna \u00e8 attiva. Fino a quattro comandi manuali possono essere utilizzati in un sistema; i comandi manuali funzioneranno in parallelo (cablaggio a cascata).","og_url":"https:\/\/addio.eu\/it\/prodotto\/comando-manuale-15\/","og_site_name":"Addio Electronics","article_publisher":"https:\/\/www.facebook.com\/AddioElectronicsAB\/","og_image":[{"width":1670,"height":2560,"url":"https:\/\/addio.eu\/wp-content\/uploads\/2025\/03\/IMG_1590-scaled.jpg","type":"image\/jpeg"}],"twitter_card":"summary_large_image","twitter_misc":{"Tempo di lettura stimato":"1 minuto"},"schema":{"@context":"https:\/\/schema.org","@graph":[{"@type":"WebPage","@id":"https:\/\/addio.eu\/it\/prodotto\/comando-manuale-15\/","url":"https:\/\/addio.eu\/it\/prodotto\/comando-manuale-15\/","name":"Comando manuale 15 - Addio Electronics","isPartOf":{"@id":"https:\/\/addio.eu\/it\/#website"},"primaryImageOfPage":{"@id":"https:\/\/addio.eu\/it\/prodotto\/comando-manuale-15\/#primaryimage"},"image":{"@id":"https:\/\/addio.eu\/it\/prodotto\/comando-manuale-15\/#primaryimage"},"thumbnailUrl":"https:\/\/addio.eu\/wp-content\/uploads\/2025\/03\/IMG_1590-scaled.jpg","datePublished":"2025-03-07T10:38:08+00:00","breadcrumb":{"@id":"https:\/\/addio.eu\/it\/prodotto\/comando-manuale-15\/#breadcrumb"},"inLanguage":"it-IT","potentialAction":[{"@type":"ReadAction","target":["https:\/\/addio.eu\/it\/prodotto\/comando-manuale-15\/"]}]},{"@type":"ImageObject","inLanguage":"it-IT","@id":"https:\/\/addio.eu\/it\/prodotto\/comando-manuale-15\/#primaryimage","url":"https:\/\/addio.eu\/wp-content\/uploads\/2025\/03\/IMG_1590-scaled.jpg","contentUrl":"https:\/\/addio.eu\/wp-content\/uploads\/2025\/03\/IMG_1590-scaled.jpg","width":1670,"height":2560},{"@type":"BreadcrumbList","@id":"https:\/\/addio.eu\/it\/prodotto\/comando-manuale-15\/#breadcrumb","itemListElement":[{"@type":"ListItem","position":1,"name":"Home","item":"https:\/\/addio.eu\/it\/addio-frontpage\/"},{"@type":"ListItem","position":2,"name":"Prodotti","item":"https:\/\/addio.eu\/it\/prodotti\/"},{"@type":"ListItem","position":3,"name":"Comando manuale 15"}]},{"@type":"WebSite","@id":"https:\/\/addio.eu\/it\/#website","url":"https:\/\/addio.eu\/it\/","name":"addio.eu","description":"","publisher":{"@id":"https:\/\/addio.eu\/it\/#organization"},"potentialAction":[{"@type":"SearchAction","target":{"@type":"EntryPoint","urlTemplate":"https:\/\/addio.eu\/it\/?s={search_term_string}"},"query-input":{"@type":"PropertyValueSpecification","valueRequired":true,"valueName":"search_term_string"}}],"inLanguage":"it-IT"},{"@type":"Organization","@id":"https:\/\/addio.eu\/it\/#organization","name":"Addio electronics","url":"https:\/\/addio.eu\/it\/","logo":{"@type":"ImageObject","inLanguage":"it-IT","@id":"https:\/\/addio.eu\/it\/#\/schema\/logo\/image\/","url":"https:\/\/addio.eu\/wp-content\/uploads\/2024\/10\/Lager_1-1.svg","contentUrl":"https:\/\/addio.eu\/wp-content\/uploads\/2024\/10\/Lager_1-1.svg","caption":"Addio electronics"},"image":{"@id":"https:\/\/addio.eu\/it\/#\/schema\/logo\/image\/"},"sameAs":["https:\/\/www.facebook.com\/AddioElectronicsAB\/","https:\/\/www.linkedin.com\/company\/addio-electronics-ab"]}]}},"_links":{"self":[{"href":"https:\/\/addio.eu\/it\/wp-json\/wp\/v2\/product\/12515","targetHints":{"allow":["GET"]}}],"collection":[{"href":"https:\/\/addio.eu\/it\/wp-json\/wp\/v2\/product"}],"about":[{"href":"https:\/\/addio.eu\/it\/wp-json\/wp\/v2\/types\/product"}],"replies":[{"embeddable":true,"href":"https:\/\/addio.eu\/it\/wp-json\/wp\/v2\/comments?post=12515"}],"wp:featuredmedia":[{"embeddable":true,"href":"https:\/\/addio.eu\/it\/wp-json\/wp\/v2\/media\/5857"}],"wp:attachment":[{"href":"https:\/\/addio.eu\/it\/wp-json\/wp\/v2\/media?parent=12515"}],"wp:term":[{"taxonomy":"product_brand","embeddable":true,"href":"https:\/\/addio.eu\/it\/wp-json\/wp\/v2\/product_brand?post=12515"},{"taxonomy":"product_cat","embeddable":true,"href":"https:\/\/addio.eu\/it\/wp-json\/wp\/v2\/product_cat?post=12515"},{"taxonomy":"product_tag","embeddable":true,"href":"https:\/\/addio.eu\/it\/wp-json\/wp\/v2\/product_tag?post=12515"}],"curies":[{"name":"wp","href":"https:\/\/api.w.org\/{rel}","templated":true}]}}