{"id":11203,"date":"2025-02-04T13:00:24","date_gmt":"2025-02-04T13:00:24","guid":{"rendered":"https:\/\/addio.eu\/product\/drb-1612-4-adv\/"},"modified":"2026-02-10T17:02:36","modified_gmt":"2026-02-10T17:02:36","slug":"drb-1612-4-adv","status":"publish","type":"product","link":"https:\/\/addio.eu\/it\/prodotto\/drb-1612-4-adv\/","title":{"rendered":"DRB 1612-4 ADV"},"content":{"rendered":"<p>Per le funzioni automatizzate, l&#8217;Addio CAN Master pu\u00f2 essere utilizzato per l&#8217;integrazione con i segnali del veicolo.\u201d<\/p>\n<p>Il DRB \u00e8 configurato tramite il nostro software ADDIO CC.<\/p>\n<table width=\"360\">\n<tbody>\n<tr>\n<td width=\"234\">Modello<\/td>\n<td width=\"126\">DRB-1612-4 ADV<\/td>\n<\/tr>\n<tr>\n<td width=\"234\">Alimentazione<\/td>\n<td width=\"126\">10-22 VDC<\/td>\n<\/tr>\n<tr>\n<td width=\"234\">Consumo energetico interno (circa)Modalit\u00e0 normale senza uscita attiva \/ Modalit\u00e0 sleep<\/td>\n<td width=\"126\">~20mA\/~4mA<\/td>\n<\/tr>\n<tr>\n<td width=\"234\">Protezione da sottotensione (regolabile)<\/td>\n<td width=\"126\">10-13V, passi da 0,5V<\/td>\n<\/tr>\n<tr>\n<td width=\"234\">Protezione da sovratensione (regolabile)<\/td>\n<td width=\"126\">16-26V, passi da 2V<\/td>\n<\/tr>\n<tr>\n<td width=\"234\">Corrente totale max. 1 minuto<\/td>\n<td width=\"126\">24A<\/td>\n<\/tr>\n<tr>\n<td width=\"234\">Corrente totale max. continua<\/td>\n<td width=\"126\">16A<\/td>\n<\/tr>\n<tr>\n<td width=\"234\">Numero totale di ingressi<\/td>\n<td width=\"126\">6 pz<\/td>\n<\/tr>\n<tr>\n<td width=\"234\">Ingressi digitali<\/td>\n<td width=\"126\">6 di 6 pz<\/td>\n<\/tr>\n<tr>\n<td width=\"234\">Ingressi analogici<\/td>\n<td width=\"126\">2 di 6 pz<\/td>\n<\/tr>\n<tr>\n<td width=\"234\">Resistenza d&#8217;ingresso @12V<\/td>\n<td width=\"126\">22k\u03a9<\/td>\n<\/tr>\n<tr>\n<td width=\"234\">Connessioni ingressi (morsetti a vite innestabili)<\/td>\n<td width=\"126\">8 poli incl. +\/-<\/td>\n<\/tr>\n<tr>\n<td width=\"234\">Numero di uscite<\/td>\n<td width=\"126\">4 pz<\/td>\n<\/tr>\n<tr>\n<td width=\"234\">Connessione uscite<\/td>\n<td width=\"126\">Morsettiera a vite a 6 poli incl.<\/td>\n<\/tr>\n<tr>\n<td width=\"234\">Dimensioni fusibile A, uscite<\/td>\n<td width=\"126\">1, 2, 3, 4, 5, 6.<\/td>\n<\/tr>\n<tr>\n<td width=\"234\">Connessione alimentazione<\/td>\n<td width=\"126\">Morsettiera a vite 2p<\/td>\n<\/tr>\n<tr>\n<td width=\"234\">Bluetooth<\/td>\n<td width=\"126\">S\u00ec, accessorio<\/td>\n<\/tr>\n<tr>\n<td width=\"234\">Controllo motore H-Bridge (corrente prel.)<\/td>\n<td width=\"126\">No<\/td>\n<\/tr>\n<tr>\n<td width=\"234\">Indicazione errore<\/td>\n<td width=\"126\">No<\/td>\n<\/tr>\n<tr>\n<td width=\"234\">LED per uscita (colore regolabile)<\/td>\n<td width=\"126\">No<\/td>\n<\/tr>\n<tr>\n<td width=\"234\">Bus di comunicazione (CAN bus)<\/td>\n<td width=\"126\">S\u00ec, 1 pz RJ10<\/td>\n<\/tr>\n<tr>\n<td width=\"234\">Connessioni computer<\/td>\n<td width=\"126\">USB Micro<\/td>\n<\/tr>\n<tr>\n<td width=\"234\">Segnali di messa a terra<\/td>\n<td width=\"126\">S\u00ec, con pull-up interno Ingresso 5-6<\/td>\n<\/tr>\n<tr>\n<td width=\"234\">Controller manuale, pannelli interruttori, sensori ecc.<\/td>\n<td width=\"126\">S\u00ec, come accessorio<\/td>\n<\/tr>\n<tr>\n<td width=\"234\">Dimensioni (mm)<\/td>\n<td width=\"126\">66x74x21<\/td>\n<\/tr>\n<tr>\n<td width=\"234\">Peso<\/td>\n<td width=\"126\">50 g<\/td>\n<\/tr>\n<\/tbody>\n<\/table>\n<p>&nbsp;<\/p>\n","protected":false},"excerpt":{"rendered":"<p class=\"\" data-start=\"112\" data-end=\"430\">DRB 1612-4 ADV \u00e8 la nostra unit\u00e0 pi\u00f9 piccola con 4 uscite e 6 ingressi, e una corrente totale continua di 16 Ampere distribuita su tutte le uscite.<\/p>\n<p>Come tutti i nostri DRB, il 1612-ADV offre un&#8217;ampia gamma di funzionalit\u00e0 come:<\/p>\n<ul>\n<li>Funzioni rel\u00e8 come flash, dimmer e timer<\/li>\n<li>Funzione fusibile tramite interruttori ad alta corrente<\/li>\n<li>Protezione batteria tramite timer o protezione da tensione, individualmente per uscita<\/li>\n<li>Funzioni logiche basate su regole<\/li>\n<li>Fino a tre diverse funzioni per uscita, come fissa o lampeggiante<\/li>\n<\/ul>\n<p class=\"\" data-start=\"112\" data-end=\"430\">Le uscite sono protette digitalmente fino a 6 Ampere per uscita (regolabili tra 2-6A).<\/p>\n<p class=\"\" data-start=\"112\" data-end=\"430\">L&#8217;unit\u00e0 \u00e8 molto facile da posizionare in quanto misura solo circa 7&#215;7 cm e pesa appena 50 grammi.<\/p>\n<p class=\"\" data-start=\"432\" data-end=\"679\">L&#8217;unit\u00e0 \u00e8 idealmente controllata dal nostro pannello di controllo a 4 pulsanti (accessorio) collegato tramite CAN-Bus, ma anche interruttori normali o altri tipi di segnali, sia digitali (alto\/basso) che analogici (tensioni variabili), possono essere configurati per controllare ogni uscita.\u201d<\/p>\n","protected":false},"featured_media":11218,"comment_status":"open","ping_status":"closed","template":"","meta":[],"product_brand":[],"product_cat":[200],"product_tag":[201,202,203,204],"class_list":{"0":"post-11203","1":"product","2":"type-product","3":"status-publish","4":"has-post-thumbnail","6":"product_cat-centraline-rele-digitali","7":"product_tag-12v","8":"product_tag-2-porte-can","9":"product_tag-4-uscite","10":"product_tag-6-ingressi","12":"first","13":"instock","14":"shipping-taxable","15":"product-type-simple"},"yoast_head":"<!-- This site is optimized with the Yoast SEO plugin v26.0 - https:\/\/yoast.com\/wordpress\/plugins\/seo\/ -->\n<title>DRB 1612-4 ADV - Addio Electronics<\/title>\n<meta name=\"robots\" content=\"index, follow, max-snippet:-1, max-image-preview:large, max-video-preview:-1\" \/>\n<link rel=\"canonical\" href=\"https:\/\/addio.eu\/it\/prodotto\/drb-1612-4-adv\/\" \/>\n<meta property=\"og:locale\" content=\"it_IT\" \/>\n<meta property=\"og:type\" content=\"article\" \/>\n<meta property=\"og:title\" content=\"DRB 1612-4 ADV - Addio Electronics\" \/>\n<meta property=\"og:description\" content=\"DRB 1612-4 ADV \u00e8 la nostra unit\u00e0 pi\u00f9 piccola con 4 uscite e 6 ingressi, e una corrente totale continua di 16 Ampere distribuita su tutte le uscite. Come tutti i nostri DRB, il 1612-ADV offre un&#039;ampia gamma di funzionalit\u00e0 come:  Funzioni rel\u00e8 come flash, dimmer e timer  Funzione fusibile tramite interruttori ad alta corrente  Protezione batteria tramite timer o protezione da tensione, individualmente per uscita  Funzioni logiche basate su regole  Fino a tre diverse funzioni per uscita, come fissa o lampeggiante Le uscite sono protette digitalmente fino a 6 Ampere per uscita (regolabili tra 2-6A). L&#039;unit\u00e0 \u00e8 molto facile da posizionare in quanto misura solo circa 7x7 cm e pesa appena 50 grammi. L&#039;unit\u00e0 \u00e8 idealmente controllata dal nostro pannello di controllo a 4 pulsanti (accessorio) collegato tramite CAN-Bus, ma anche interruttori normali o altri tipi di segnali, sia digitali (alto\/basso) che analogici (tensioni variabili), possono essere configurati per controllare ogni uscita.\u201d\" \/>\n<meta property=\"og:url\" content=\"https:\/\/addio.eu\/it\/prodotto\/drb-1612-4-adv\/\" \/>\n<meta property=\"og:site_name\" content=\"Addio Electronics\" \/>\n<meta property=\"article:publisher\" content=\"https:\/\/www.facebook.com\/AddioElectronicsAB\/\" \/>\n<meta property=\"article:modified_time\" content=\"2026-02-10T17:02:36+00:00\" \/>\n<meta property=\"og:image\" content=\"https:\/\/addio.eu\/wp-content\/uploads\/2025\/02\/IMG_1706-scaled.jpg\" \/>\n\t<meta property=\"og:image:width\" content=\"2560\" \/>\n\t<meta property=\"og:image:height\" content=\"1920\" \/>\n\t<meta property=\"og:image:type\" content=\"image\/jpeg\" \/>\n<meta name=\"twitter:card\" content=\"summary_large_image\" \/>\n<meta name=\"twitter:label1\" content=\"Tempo di lettura stimato\" \/>\n\t<meta name=\"twitter:data1\" content=\"1 minuto\" \/>\n<script type=\"application\/ld+json\" class=\"yoast-schema-graph\">{\"@context\":\"https:\/\/schema.org\",\"@graph\":[{\"@type\":\"WebPage\",\"@id\":\"https:\/\/addio.eu\/it\/prodotto\/drb-1612-4-adv\/\",\"url\":\"https:\/\/addio.eu\/it\/prodotto\/drb-1612-4-adv\/\",\"name\":\"DRB 1612-4 ADV - Addio Electronics\",\"isPartOf\":{\"@id\":\"https:\/\/addio.eu\/it\/#website\"},\"primaryImageOfPage\":{\"@id\":\"https:\/\/addio.eu\/it\/prodotto\/drb-1612-4-adv\/#primaryimage\"},\"image\":{\"@id\":\"https:\/\/addio.eu\/it\/prodotto\/drb-1612-4-adv\/#primaryimage\"},\"thumbnailUrl\":\"https:\/\/addio.eu\/wp-content\/uploads\/2025\/02\/IMG_1706-scaled.jpg\",\"datePublished\":\"2025-02-04T13:00:24+00:00\",\"dateModified\":\"2026-02-10T17:02:36+00:00\",\"breadcrumb\":{\"@id\":\"https:\/\/addio.eu\/it\/prodotto\/drb-1612-4-adv\/#breadcrumb\"},\"inLanguage\":\"it-IT\",\"potentialAction\":[{\"@type\":\"ReadAction\",\"target\":[\"https:\/\/addio.eu\/it\/prodotto\/drb-1612-4-adv\/\"]}]},{\"@type\":\"ImageObject\",\"inLanguage\":\"it-IT\",\"@id\":\"https:\/\/addio.eu\/it\/prodotto\/drb-1612-4-adv\/#primaryimage\",\"url\":\"https:\/\/addio.eu\/wp-content\/uploads\/2025\/02\/IMG_1706-scaled.jpg\",\"contentUrl\":\"https:\/\/addio.eu\/wp-content\/uploads\/2025\/02\/IMG_1706-scaled.jpg\",\"width\":2560,\"height\":1920},{\"@type\":\"BreadcrumbList\",\"@id\":\"https:\/\/addio.eu\/it\/prodotto\/drb-1612-4-adv\/#breadcrumb\",\"itemListElement\":[{\"@type\":\"ListItem\",\"position\":1,\"name\":\"Home\",\"item\":\"https:\/\/addio.eu\/it\/addio-frontpage\/\"},{\"@type\":\"ListItem\",\"position\":2,\"name\":\"Prodotti\",\"item\":\"https:\/\/addio.eu\/it\/prodotti\/\"},{\"@type\":\"ListItem\",\"position\":3,\"name\":\"DRB 1612-4 ADV\"}]},{\"@type\":\"WebSite\",\"@id\":\"https:\/\/addio.eu\/it\/#website\",\"url\":\"https:\/\/addio.eu\/it\/\",\"name\":\"addio.eu\",\"description\":\"\",\"publisher\":{\"@id\":\"https:\/\/addio.eu\/it\/#organization\"},\"potentialAction\":[{\"@type\":\"SearchAction\",\"target\":{\"@type\":\"EntryPoint\",\"urlTemplate\":\"https:\/\/addio.eu\/it\/?s={search_term_string}\"},\"query-input\":{\"@type\":\"PropertyValueSpecification\",\"valueRequired\":true,\"valueName\":\"search_term_string\"}}],\"inLanguage\":\"it-IT\"},{\"@type\":\"Organization\",\"@id\":\"https:\/\/addio.eu\/it\/#organization\",\"name\":\"Addio electronics\",\"url\":\"https:\/\/addio.eu\/it\/\",\"logo\":{\"@type\":\"ImageObject\",\"inLanguage\":\"it-IT\",\"@id\":\"https:\/\/addio.eu\/it\/#\/schema\/logo\/image\/\",\"url\":\"https:\/\/addio.eu\/wp-content\/uploads\/2024\/10\/Lager_1-1.svg\",\"contentUrl\":\"https:\/\/addio.eu\/wp-content\/uploads\/2024\/10\/Lager_1-1.svg\",\"caption\":\"Addio electronics\"},\"image\":{\"@id\":\"https:\/\/addio.eu\/it\/#\/schema\/logo\/image\/\"},\"sameAs\":[\"https:\/\/www.facebook.com\/AddioElectronicsAB\/\",\"https:\/\/www.linkedin.com\/company\/addio-electronics-ab\"]}]}<\/script>\n<!-- \/ Yoast SEO plugin. -->","yoast_head_json":{"title":"DRB 1612-4 ADV - Addio Electronics","robots":{"index":"index","follow":"follow","max-snippet":"max-snippet:-1","max-image-preview":"max-image-preview:large","max-video-preview":"max-video-preview:-1"},"canonical":"https:\/\/addio.eu\/it\/prodotto\/drb-1612-4-adv\/","og_locale":"it_IT","og_type":"article","og_title":"DRB 1612-4 ADV - Addio Electronics","og_description":"DRB 1612-4 ADV \u00e8 la nostra unit\u00e0 pi\u00f9 piccola con 4 uscite e 6 ingressi, e una corrente totale continua di 16 Ampere distribuita su tutte le uscite. Come tutti i nostri DRB, il 1612-ADV offre un'ampia gamma di funzionalit\u00e0 come:  Funzioni rel\u00e8 come flash, dimmer e timer  Funzione fusibile tramite interruttori ad alta corrente  Protezione batteria tramite timer o protezione da tensione, individualmente per uscita  Funzioni logiche basate su regole  Fino a tre diverse funzioni per uscita, come fissa o lampeggiante Le uscite sono protette digitalmente fino a 6 Ampere per uscita (regolabili tra 2-6A). L'unit\u00e0 \u00e8 molto facile da posizionare in quanto misura solo circa 7x7 cm e pesa appena 50 grammi. L'unit\u00e0 \u00e8 idealmente controllata dal nostro pannello di controllo a 4 pulsanti (accessorio) collegato tramite CAN-Bus, ma anche interruttori normali o altri tipi di segnali, sia digitali (alto\/basso) che analogici (tensioni variabili), possono essere configurati per controllare ogni uscita.\u201d","og_url":"https:\/\/addio.eu\/it\/prodotto\/drb-1612-4-adv\/","og_site_name":"Addio Electronics","article_publisher":"https:\/\/www.facebook.com\/AddioElectronicsAB\/","article_modified_time":"2026-02-10T17:02:36+00:00","og_image":[{"width":2560,"height":1920,"url":"https:\/\/addio.eu\/wp-content\/uploads\/2025\/02\/IMG_1706-scaled.jpg","type":"image\/jpeg"}],"twitter_card":"summary_large_image","twitter_misc":{"Tempo di lettura stimato":"1 minuto"},"schema":{"@context":"https:\/\/schema.org","@graph":[{"@type":"WebPage","@id":"https:\/\/addio.eu\/it\/prodotto\/drb-1612-4-adv\/","url":"https:\/\/addio.eu\/it\/prodotto\/drb-1612-4-adv\/","name":"DRB 1612-4 ADV - Addio Electronics","isPartOf":{"@id":"https:\/\/addio.eu\/it\/#website"},"primaryImageOfPage":{"@id":"https:\/\/addio.eu\/it\/prodotto\/drb-1612-4-adv\/#primaryimage"},"image":{"@id":"https:\/\/addio.eu\/it\/prodotto\/drb-1612-4-adv\/#primaryimage"},"thumbnailUrl":"https:\/\/addio.eu\/wp-content\/uploads\/2025\/02\/IMG_1706-scaled.jpg","datePublished":"2025-02-04T13:00:24+00:00","dateModified":"2026-02-10T17:02:36+00:00","breadcrumb":{"@id":"https:\/\/addio.eu\/it\/prodotto\/drb-1612-4-adv\/#breadcrumb"},"inLanguage":"it-IT","potentialAction":[{"@type":"ReadAction","target":["https:\/\/addio.eu\/it\/prodotto\/drb-1612-4-adv\/"]}]},{"@type":"ImageObject","inLanguage":"it-IT","@id":"https:\/\/addio.eu\/it\/prodotto\/drb-1612-4-adv\/#primaryimage","url":"https:\/\/addio.eu\/wp-content\/uploads\/2025\/02\/IMG_1706-scaled.jpg","contentUrl":"https:\/\/addio.eu\/wp-content\/uploads\/2025\/02\/IMG_1706-scaled.jpg","width":2560,"height":1920},{"@type":"BreadcrumbList","@id":"https:\/\/addio.eu\/it\/prodotto\/drb-1612-4-adv\/#breadcrumb","itemListElement":[{"@type":"ListItem","position":1,"name":"Home","item":"https:\/\/addio.eu\/it\/addio-frontpage\/"},{"@type":"ListItem","position":2,"name":"Prodotti","item":"https:\/\/addio.eu\/it\/prodotti\/"},{"@type":"ListItem","position":3,"name":"DRB 1612-4 ADV"}]},{"@type":"WebSite","@id":"https:\/\/addio.eu\/it\/#website","url":"https:\/\/addio.eu\/it\/","name":"addio.eu","description":"","publisher":{"@id":"https:\/\/addio.eu\/it\/#organization"},"potentialAction":[{"@type":"SearchAction","target":{"@type":"EntryPoint","urlTemplate":"https:\/\/addio.eu\/it\/?s={search_term_string}"},"query-input":{"@type":"PropertyValueSpecification","valueRequired":true,"valueName":"search_term_string"}}],"inLanguage":"it-IT"},{"@type":"Organization","@id":"https:\/\/addio.eu\/it\/#organization","name":"Addio electronics","url":"https:\/\/addio.eu\/it\/","logo":{"@type":"ImageObject","inLanguage":"it-IT","@id":"https:\/\/addio.eu\/it\/#\/schema\/logo\/image\/","url":"https:\/\/addio.eu\/wp-content\/uploads\/2024\/10\/Lager_1-1.svg","contentUrl":"https:\/\/addio.eu\/wp-content\/uploads\/2024\/10\/Lager_1-1.svg","caption":"Addio electronics"},"image":{"@id":"https:\/\/addio.eu\/it\/#\/schema\/logo\/image\/"},"sameAs":["https:\/\/www.facebook.com\/AddioElectronicsAB\/","https:\/\/www.linkedin.com\/company\/addio-electronics-ab"]}]}},"_links":{"self":[{"href":"https:\/\/addio.eu\/it\/wp-json\/wp\/v2\/product\/11203","targetHints":{"allow":["GET"]}}],"collection":[{"href":"https:\/\/addio.eu\/it\/wp-json\/wp\/v2\/product"}],"about":[{"href":"https:\/\/addio.eu\/it\/wp-json\/wp\/v2\/types\/product"}],"replies":[{"embeddable":true,"href":"https:\/\/addio.eu\/it\/wp-json\/wp\/v2\/comments?post=11203"}],"wp:featuredmedia":[{"embeddable":true,"href":"https:\/\/addio.eu\/it\/wp-json\/wp\/v2\/media\/11218"}],"wp:attachment":[{"href":"https:\/\/addio.eu\/it\/wp-json\/wp\/v2\/media?parent=11203"}],"wp:term":[{"taxonomy":"product_brand","embeddable":true,"href":"https:\/\/addio.eu\/it\/wp-json\/wp\/v2\/product_brand?post=11203"},{"taxonomy":"product_cat","embeddable":true,"href":"https:\/\/addio.eu\/it\/wp-json\/wp\/v2\/product_cat?post=11203"},{"taxonomy":"product_tag","embeddable":true,"href":"https:\/\/addio.eu\/it\/wp-json\/wp\/v2\/product_tag?post=11203"}],"curies":[{"name":"wp","href":"https:\/\/api.w.org\/{rel}","templated":true}]}}