{"id":9012,"date":"2025-04-03T08:20:46","date_gmt":"2025-04-03T08:20:46","guid":{"rendered":"https:\/\/addio.eu\/informativa-sulla-privacy-di-car-electric-ble-remote\/"},"modified":"2025-10-07T11:23:17","modified_gmt":"2025-10-07T11:23:17","slug":"informativa-sulla-privacy-di-car-electric-ble-remote","status":"publish","type":"page","link":"https:\/\/addio.eu\/it\/informativa-sulla-privacy-di-car-electric-ble-remote\/","title":{"rendered":"Informativa sulla privacy di \u201ccar electric &#8211; BLE remote\u201d"},"content":{"rendered":"\t\t<div data-elementor-type=\"wp-page\" data-elementor-id=\"9012\" class=\"elementor elementor-9012 elementor-6270\" data-elementor-post-type=\"page\">\n\t\t\t\t<div class=\"elementor-element elementor-element-0c2cb60 e-flex e-con-boxed e-con e-parent\" data-id=\"0c2cb60\" data-element_type=\"container\">\n\t\t\t\t\t<div class=\"e-con-inner\">\n\t\t\t\t<div class=\"elementor-element elementor-element-758cfa2 elementor-widget elementor-widget-heading\" data-id=\"758cfa2\" data-element_type=\"widget\" data-widget_type=\"heading.default\">\n\t\t\t\t<div class=\"elementor-widget-container\">\n\t\t\t\t\t<h1 class=\"elementor-heading-title elementor-size-default\">Informativa sulla privacy di \u201ccar electric &#8211; BLE remote\u201d<\/h1>\t\t\t\t<\/div>\n\t\t\t\t<\/div>\n\t\t<div class=\"elementor-element elementor-element-1f616ec e-con-full e-flex e-con e-child\" data-id=\"1f616ec\" data-element_type=\"container\">\n\t\t<div class=\"elementor-element elementor-element-8e80135 e-con-full e-flex e-con e-child\" data-id=\"8e80135\" data-element_type=\"container\">\n\t\t\t\t<div class=\"elementor-element elementor-element-17537e1 elementor-widget elementor-widget-text-editor\" data-id=\"17537e1\" data-element_type=\"widget\" data-widget_type=\"text-editor.default\">\n\t\t\t\t<div class=\"elementor-widget-container\">\n\t\t\t\t\t\t\t\t\t<p>La presente Applicazione \u00e8 sviluppata e mantenuta da Addio Electronics AB. Questa applicazione raccoglie alcuni Dati Personali dai suoi Utenti. <\/p><p><br>Il presente documento pu\u00f2 essere stampato per riferimento utilizzando il comando di stampa nelle impostazioni di qualsiasi browser.<\/p><p><br><b>Riepilogo della Politica<br>Dati Personali trattati per le seguenti finalit\u00e0 e utilizzando i seguenti servizi:<br>Interazioni basate sulla posizione<br>Geolocalizzazione e geolocalizzazione non continua<br>Dati Personali: posizione geografica<\/b><\/p><p><br><b>Politica Completa<br>Addio Electronics AB ha sviluppato l&#8217;app Car Electric &#8211; BLE Remote come app gratuita. Questo SERVIZIO \u00e8 fornito da Addio Electronics AB gratuitamente ed \u00e8 destinato all&#8217;uso cos\u00ec com&#8217;\u00e8. Inoltre, questa app \u00e8 sviluppata per i clienti dedicati che utilizzano il nostro prodotto elettronico chiamato Digital Relay Box.<\/b>  <\/p><p><br>Questa pagina \u00e8 utilizzata per informare i visitatori riguardo le nostre politiche sulla raccolta, l&#8217;uso e la divulgazione delle Informazioni Personali nel caso in cui qualcuno decidesse di utilizzare il nostro Servizio.<\/p><p><br>Se scegli di utilizzare il nostro Servizio, accetti la raccolta e l&#8217;uso delle informazioni in relazione a questa politica. Le Informazioni Personali che raccogliamo vengono utilizzate per fornire e migliorare il Servizio. Non useremo n\u00e9 condivideremo le tue informazioni con nessuno, eccetto quanto descritto nella presente Informativa sulla privacy.  <\/p><p><br>I termini utilizzati nella presente Informativa sulla privacy hanno lo stesso significato dei nostri Termini e condizioni, accessibili su Car Electric &#8211; BLE Remote, salvo diversa definizione nella presente Informativa sulla privacy.<\/p><p><b>Raccolta e Utilizzo delle Informazioni<br>Per una migliore esperienza, durante l&#8217;utilizzo del nostro Servizio, potremmo richiederti di fornirci alcune informazioni di identificazione personale, inclusi ma non limitati a Bluetooth, Archiviazione, Geolocalizzazione. Le informazioni che richiediamo saranno da noi conservate e utilizzate come descritto nella presente informativa sulla privacy.<\/b> <\/p><p><br>L&#8217;app utilizza servizi di terze parti che potrebbero raccogliere informazioni utilizzate per identificarti.<br>Link all&#8217;informativa sulla privacy dei fornitori di servizi di terze parti utilizzati dall&#8217;app<br>https:\/\/policies.google.com\/privacy<\/p><p><br><b>Servizi di Google Play<\/b><\/p><p><b>Dati di Log<br>Desideriamo informarti che ogni volta che utilizzi il nostro Servizio, in caso di errore nell&#8217;app, raccogliamo dati e informazioni (tramite prodotti di terze parti) sul tuo telefono chiamati Dati di Log. Questi Dati di Log possono includere informazioni come l&#8217;indirizzo IP (\u201cInternet Protocol\u201d) del tuo dispositivo, il nome del dispositivo, la versione del sistema operativo, la configurazione dell&#8217;app durante l&#8217;utilizzo del nostro Servizio, l&#8217;ora e la data del tuo utilizzo del Servizio e altre statistiche.<\/b> <\/p><p><b>Cookie<\/b><br>I cookie sono file con una piccola quantit\u00e0 di dati che vengono comunemente utilizzati come identificatori unici anonimi. Questi vengono inviati al tuo browser dai siti web che visiti e sono memorizzati nella memoria interna del tuo dispositivo.<br>Questo Servizio non utilizza esplicitamente questi \u201ccookie\u201d. Tuttavia, l&#8217;app potrebbe utilizzare codice e librerie di terze parti che utilizzano \u201ccookie\u201d per raccogliere informazioni e migliorare i loro servizi. Hai la possibilit\u00e0 di accettare o rifiutare questi cookie e di sapere quando un cookie viene inviato al tuo dispositivo. Se scegli di rifiutare i nostri cookie, potresti non essere in grado di utilizzare alcune parti di questo Servizio.    <\/p><p><b>Fornitori di Servizi<br>Potremmo impiegare aziende e individui di terze parti per i seguenti motivi:<br>Per facilitare il nostro Servizio;<br>Per fornire il Servizio per nostro conto;<br>Per eseguire servizi relativi al Servizio; o<br>Per aiutarci ad analizzare come viene utilizzato il nostro Servizio.<br>Desideriamo informare gli utenti di questo Servizio che queste terze parti hanno accesso alle tue Informazioni Personali. Il motivo \u00e8 eseguire i compiti loro assegnati per nostro conto. Tuttavia, sono obbligati a non divulgare o utilizzare le informazioni per nessun altro scopo.<\/b>  <\/p><p><b>Sicurezza<\/b><br>Apprezziamo la tua fiducia nel fornirci le tue Informazioni Personali, pertanto ci sforziamo di utilizzare mezzi commercialmente accettabili per proteggerle. Ma ricorda che nessun metodo di trasmissione su Internet, o metodo di archiviazione elettronica, \u00e8 sicuro e affidabile al 100%, e non possiamo garantirne l&#8217;assoluta sicurezza. <\/p><p><b>Link ad Altri Siti<br>Questo Servizio pu\u00f2 contenere link ad altri siti. Se clicchi su un link di terze parti, verrai reindirizzato a quel sito. Nota che questi siti esterni non sono gestiti da noi. Pertanto, ti consigliamo vivamente di rivedere l&#8217;Informativa sulla privacy di questi siti web. Non abbiamo alcun controllo e non ci assumiamo alcuna responsabilit\u00e0 per il contenuto, le politiche sulla privacy o le pratiche di siti o servizi di terze parti.<\/b>    <\/p><p><b>Privacy dei Minori<br>Questi Servizi non si rivolgono a nessuno di et\u00e0 inferiore ai 13 anni. Non raccogliamo consapevolmente informazioni di identificazione personale da bambini di et\u00e0 inferiore ai 13 anni. Nel caso in cui scoprissimo che un bambino di et\u00e0 inferiore ai 13 anni ci ha fornito informazioni personali, le eliminiamo immediatamente dai nostri server. Se sei un genitore o tutore e sei a conoscenza che tuo figlio ci ha fornito informazioni personali, ti preghiamo di contattarci in modo che possiamo intraprendere le azioni necessarie.<\/b>   <\/p><p><b>Modifiche alla Presente Informativa sulla privacy<br>Potremmo aggiornare la nostra Informativa sulla privacy di tanto in tanto. Pertanto, ti consigliamo di rivedere periodicamente questa pagina per eventuali modifiche. Ti informeremo di eventuali modifiche pubblicando la nuova Informativa sulla privacy su questa pagina.<br>Questa politica \u00e8 efficace a partire dal 28\/02\/2022<\/b>  <\/p><p><b>Contattaci<br>Se hai domande o suggerimenti sulla nostra Informativa sulla privacy, non esitare a contattarci all&#8217;indirizzo info@addio.eu.<\/b><\/p>\t\t\t\t\t\t\t\t<\/div>\n\t\t\t\t<\/div>\n\t\t\t\t<\/div>\n\t\t<div class=\"elementor-element elementor-element-1c4e995 e-con-full e-flex e-con e-child\" data-id=\"1c4e995\" data-element_type=\"container\">\n\t\t\t\t<div class=\"elementor-element elementor-element-37670bc elementor-icon-list--layout-traditional elementor-list-item-link-full_width elementor-widget elementor-widget-icon-list\" data-id=\"37670bc\" data-element_type=\"widget\" data-widget_type=\"icon-list.default\">\n\t\t\t\t<div class=\"elementor-widget-container\">\n\t\t\t\t\t\t\t<ul class=\"elementor-icon-list-items\">\n\t\t\t\t\t\t\t<li class=\"elementor-icon-list-item\">\n\t\t\t\t\t\t\t\t\t\t\t<a href=\"https:\/\/addio.eu\/cookie-policy\/\">\n\n\t\t\t\t\t\t\t\t\t\t\t\t<span class=\"elementor-icon-list-icon\">\n\t\t\t\t\t\t\t<svg xmlns=\"http:\/\/www.w3.org\/2000\/svg\" width=\"24\" height=\"24\" viewBox=\"0 0 24 24\" fill=\"none\"><path d=\"M17.9199 6.62C17.8185 6.37565 17.6243 6.18147 17.3799 6.08C17.2597 6.02876 17.1306 6.00158 16.9999 6H6.99994C6.73472 6 6.48037 6.10536 6.29283 6.29289C6.1053 6.48043 5.99994 6.73478 5.99994 7C5.99994 7.26522 6.1053 7.51957 6.29283 7.70711C6.48037 7.89464 6.73472 8 6.99994 8H14.5899L6.28994 16.29C6.19621 16.383 6.12182 16.4936 6.07105 16.6154C6.02028 16.7373 5.99414 16.868 5.99414 17C5.99414 17.132 6.02028 17.2627 6.07105 17.3846C6.12182 17.5064 6.19621 17.617 6.28994 17.71C6.3829 17.8037 6.4935 17.8781 6.61536 17.9289C6.73722 17.9797 6.86793 18.0058 6.99994 18.0058C7.13195 18.0058 7.26266 17.9797 7.38452 17.9289C7.50638 17.8781 7.61698 17.8037 7.70994 17.71L15.9999 9.41V17C15.9999 17.2652 16.1053 17.5196 16.2928 17.7071C16.4804 17.8946 16.7347 18 16.9999 18C17.2652 18 17.5195 17.8946 17.707 17.7071C17.8946 17.5196 17.9999 17.2652 17.9999 17V7C17.9984 6.86932 17.9712 6.74022 17.9199 6.62Z\" fill=\"#393939\"><\/path><\/svg>\t\t\t\t\t\t<\/span>\n\t\t\t\t\t\t\t\t\t\t<span class=\"elementor-icon-list-text\">Informativa sui cookie<\/span>\n\t\t\t\t\t\t\t\t\t\t\t<\/a>\n\t\t\t\t\t\t\t\t\t<\/li>\n\t\t\t\t\t\t<\/ul>\n\t\t\t\t\t\t<\/div>\n\t\t\t\t<\/div>\n\t\t\t\t<div class=\"elementor-element elementor-element-270a44c elementor-icon-list--layout-traditional elementor-list-item-link-full_width elementor-widget elementor-widget-icon-list\" data-id=\"270a44c\" data-element_type=\"widget\" data-widget_type=\"icon-list.default\">\n\t\t\t\t<div class=\"elementor-widget-container\">\n\t\t\t\t\t\t\t<ul class=\"elementor-icon-list-items\">\n\t\t\t\t\t\t\t<li class=\"elementor-icon-list-item\">\n\t\t\t\t\t\t\t\t\t\t\t<a href=\"https:\/\/addio.eu\/privacy-policy\/\">\n\n\t\t\t\t\t\t\t\t\t\t\t\t<span class=\"elementor-icon-list-icon\">\n\t\t\t\t\t\t\t<svg xmlns=\"http:\/\/www.w3.org\/2000\/svg\" width=\"24\" height=\"24\" viewBox=\"0 0 24 24\" fill=\"none\"><path d=\"M17.9199 6.62C17.8185 6.37565 17.6243 6.18147 17.3799 6.08C17.2597 6.02876 17.1306 6.00158 16.9999 6H6.99994C6.73472 6 6.48037 6.10536 6.29283 6.29289C6.1053 6.48043 5.99994 6.73478 5.99994 7C5.99994 7.26522 6.1053 7.51957 6.29283 7.70711C6.48037 7.89464 6.73472 8 6.99994 8H14.5899L6.28994 16.29C6.19621 16.383 6.12182 16.4936 6.07105 16.6154C6.02028 16.7373 5.99414 16.868 5.99414 17C5.99414 17.132 6.02028 17.2627 6.07105 17.3846C6.12182 17.5064 6.19621 17.617 6.28994 17.71C6.3829 17.8037 6.4935 17.8781 6.61536 17.9289C6.73722 17.9797 6.86793 18.0058 6.99994 18.0058C7.13195 18.0058 7.26266 17.9797 7.38452 17.9289C7.50638 17.8781 7.61698 17.8037 7.70994 17.71L15.9999 9.41V17C15.9999 17.2652 16.1053 17.5196 16.2928 17.7071C16.4804 17.8946 16.7347 18 16.9999 18C17.2652 18 17.5195 17.8946 17.707 17.7071C17.8946 17.5196 17.9999 17.2652 17.9999 17V7C17.9984 6.86932 17.9712 6.74022 17.9199 6.62Z\" fill=\"#393939\"><\/path><\/svg>\t\t\t\t\t\t<\/span>\n\t\t\t\t\t\t\t\t\t\t<span class=\"elementor-icon-list-text\">Informativa sulla privacy<\/span>\n\t\t\t\t\t\t\t\t\t\t\t<\/a>\n\t\t\t\t\t\t\t\t\t<\/li>\n\t\t\t\t\t\t<\/ul>\n\t\t\t\t\t\t<\/div>\n\t\t\t\t<\/div>\n\t\t\t\t<div class=\"elementor-element elementor-element-8af7789 elementor-icon-list--layout-traditional elementor-list-item-link-full_width elementor-widget elementor-widget-icon-list\" data-id=\"8af7789\" data-element_type=\"widget\" data-widget_type=\"icon-list.default\">\n\t\t\t\t<div class=\"elementor-widget-container\">\n\t\t\t\t\t\t\t<ul class=\"elementor-icon-list-items\">\n\t\t\t\t\t\t\t<li class=\"elementor-icon-list-item\">\n\t\t\t\t\t\t\t\t\t\t\t<a href=\"https:\/\/addio.eu\/terms-and-conditions\/\">\n\n\t\t\t\t\t\t\t\t\t\t\t\t<span class=\"elementor-icon-list-icon\">\n\t\t\t\t\t\t\t<svg xmlns=\"http:\/\/www.w3.org\/2000\/svg\" width=\"24\" height=\"24\" viewBox=\"0 0 24 24\" fill=\"none\"><path d=\"M17.9199 6.62C17.8185 6.37565 17.6243 6.18147 17.3799 6.08C17.2597 6.02876 17.1306 6.00158 16.9999 6H6.99994C6.73472 6 6.48037 6.10536 6.29283 6.29289C6.1053 6.48043 5.99994 6.73478 5.99994 7C5.99994 7.26522 6.1053 7.51957 6.29283 7.70711C6.48037 7.89464 6.73472 8 6.99994 8H14.5899L6.28994 16.29C6.19621 16.383 6.12182 16.4936 6.07105 16.6154C6.02028 16.7373 5.99414 16.868 5.99414 17C5.99414 17.132 6.02028 17.2627 6.07105 17.3846C6.12182 17.5064 6.19621 17.617 6.28994 17.71C6.3829 17.8037 6.4935 17.8781 6.61536 17.9289C6.73722 17.9797 6.86793 18.0058 6.99994 18.0058C7.13195 18.0058 7.26266 17.9797 7.38452 17.9289C7.50638 17.8781 7.61698 17.8037 7.70994 17.71L15.9999 9.41V17C15.9999 17.2652 16.1053 17.5196 16.2928 17.7071C16.4804 17.8946 16.7347 18 16.9999 18C17.2652 18 17.5195 17.8946 17.707 17.7071C17.8946 17.5196 17.9999 17.2652 17.9999 17V7C17.9984 6.86932 17.9712 6.74022 17.9199 6.62Z\" fill=\"#393939\"><\/path><\/svg>\t\t\t\t\t\t<\/span>\n\t\t\t\t\t\t\t\t\t\t<span class=\"elementor-icon-list-text\">Termini e condizioni<\/span>\n\t\t\t\t\t\t\t\t\t\t\t<\/a>\n\t\t\t\t\t\t\t\t\t<\/li>\n\t\t\t\t\t\t<\/ul>\n\t\t\t\t\t\t<\/div>\n\t\t\t\t<\/div>\n\t\t\t\t<\/div>\n\t\t\t\t<\/div>\n\t\t\t\t\t<\/div>\n\t\t\t\t<\/div>\n\t\t\t\t<\/div>\n\t\t","protected":false},"excerpt":{"rendered":"<p>La presente Applicazione \u00e8 sviluppata e mantenuta da Addio Electronics AB. Questa applicazione raccoglie alcuni Dati Personali dai suoi Utenti. Il presente documento pu\u00f2 essere stampato per riferimento utilizzando il comando di stampa nelle impostazioni di qualsiasi browser. Riepilogo della PoliticaDati Personali trattati per le seguenti finalit\u00e0 e utilizzando i seguenti servizi:Interazioni basate sulla posizioneGeolocalizzazione [&hellip;]<\/p>\n","protected":false},"author":1,"featured_media":0,"parent":0,"menu_order":0,"comment_status":"closed","ping_status":"closed","template":"","meta":{"footnotes":""},"class_list":["post-9012","page","type-page","status-publish","hentry"],"yoast_head":"<!-- This site is optimized with the Yoast SEO plugin v26.0 - https:\/\/yoast.com\/wordpress\/plugins\/seo\/ -->\n<title>Informativa sulla privacy di \u201ccar electric - BLE remote\u201d - Addio Electronics<\/title>\n<meta name=\"robots\" content=\"index, follow, max-snippet:-1, max-image-preview:large, max-video-preview:-1\" \/>\n<link rel=\"canonical\" href=\"https:\/\/addio.eu\/it\/informativa-sulla-privacy-di-car-electric-ble-remote\/\" \/>\n<meta property=\"og:locale\" content=\"it_IT\" \/>\n<meta property=\"og:type\" content=\"article\" \/>\n<meta property=\"og:title\" content=\"Informativa sulla privacy di \u201ccar electric - BLE remote\u201d - Addio Electronics\" \/>\n<meta property=\"og:description\" content=\"La presente Applicazione \u00e8 sviluppata e mantenuta da Addio Electronics AB. Questa applicazione raccoglie alcuni Dati Personali dai suoi Utenti. Il presente documento pu\u00f2 essere stampato per riferimento utilizzando il comando di stampa nelle impostazioni di qualsiasi browser. Riepilogo della PoliticaDati Personali trattati per le seguenti finalit\u00e0 e utilizzando i seguenti servizi:Interazioni basate sulla posizioneGeolocalizzazione [&hellip;]\" \/>\n<meta property=\"og:url\" content=\"https:\/\/addio.eu\/it\/informativa-sulla-privacy-di-car-electric-ble-remote\/\" \/>\n<meta property=\"og:site_name\" content=\"Addio Electronics\" \/>\n<meta property=\"article:publisher\" content=\"https:\/\/www.facebook.com\/AddioElectronicsAB\/\" \/>\n<meta property=\"article:modified_time\" content=\"2025-10-07T11:23:17+00:00\" \/>\n<meta name=\"twitter:card\" content=\"summary_large_image\" \/>\n<meta name=\"twitter:label1\" content=\"Tempo di lettura stimato\" \/>\n\t<meta name=\"twitter:data1\" content=\"4 minuto\" \/>\n<script type=\"application\/ld+json\" class=\"yoast-schema-graph\">{\"@context\":\"https:\/\/schema.org\",\"@graph\":[{\"@type\":\"WebPage\",\"@id\":\"https:\/\/addio.eu\/it\/informativa-sulla-privacy-di-car-electric-ble-remote\/\",\"url\":\"https:\/\/addio.eu\/it\/informativa-sulla-privacy-di-car-electric-ble-remote\/\",\"name\":\"Informativa sulla privacy di \u201ccar electric - BLE remote\u201d - Addio Electronics\",\"isPartOf\":{\"@id\":\"https:\/\/addio.eu\/it\/#website\"},\"datePublished\":\"2025-04-03T08:20:46+00:00\",\"dateModified\":\"2025-10-07T11:23:17+00:00\",\"breadcrumb\":{\"@id\":\"https:\/\/addio.eu\/it\/informativa-sulla-privacy-di-car-electric-ble-remote\/#breadcrumb\"},\"inLanguage\":\"it-IT\",\"potentialAction\":[{\"@type\":\"ReadAction\",\"target\":[\"https:\/\/addio.eu\/it\/informativa-sulla-privacy-di-car-electric-ble-remote\/\"]}]},{\"@type\":\"BreadcrumbList\",\"@id\":\"https:\/\/addio.eu\/it\/informativa-sulla-privacy-di-car-electric-ble-remote\/#breadcrumb\",\"itemListElement\":[{\"@type\":\"ListItem\",\"position\":1,\"name\":\"Home\",\"item\":\"https:\/\/addio.eu\/it\/addio-frontpage\/\"},{\"@type\":\"ListItem\",\"position\":2,\"name\":\"Informativa sulla privacy di \u201ccar electric &#8211; BLE remote\u201d\"}]},{\"@type\":\"WebSite\",\"@id\":\"https:\/\/addio.eu\/it\/#website\",\"url\":\"https:\/\/addio.eu\/it\/\",\"name\":\"addio.eu\",\"description\":\"\",\"publisher\":{\"@id\":\"https:\/\/addio.eu\/it\/#organization\"},\"potentialAction\":[{\"@type\":\"SearchAction\",\"target\":{\"@type\":\"EntryPoint\",\"urlTemplate\":\"https:\/\/addio.eu\/it\/?s={search_term_string}\"},\"query-input\":{\"@type\":\"PropertyValueSpecification\",\"valueRequired\":true,\"valueName\":\"search_term_string\"}}],\"inLanguage\":\"it-IT\"},{\"@type\":\"Organization\",\"@id\":\"https:\/\/addio.eu\/it\/#organization\",\"name\":\"Addio electronics\",\"url\":\"https:\/\/addio.eu\/it\/\",\"logo\":{\"@type\":\"ImageObject\",\"inLanguage\":\"it-IT\",\"@id\":\"https:\/\/addio.eu\/it\/#\/schema\/logo\/image\/\",\"url\":\"https:\/\/addio.eu\/wp-content\/uploads\/2024\/10\/Lager_1-1.svg\",\"contentUrl\":\"https:\/\/addio.eu\/wp-content\/uploads\/2024\/10\/Lager_1-1.svg\",\"caption\":\"Addio electronics\"},\"image\":{\"@id\":\"https:\/\/addio.eu\/it\/#\/schema\/logo\/image\/\"},\"sameAs\":[\"https:\/\/www.facebook.com\/AddioElectronicsAB\/\",\"https:\/\/www.linkedin.com\/company\/addio-electronics-ab\"]}]}<\/script>\n<!-- \/ Yoast SEO plugin. -->","yoast_head_json":{"title":"Informativa sulla privacy di \u201ccar electric - BLE remote\u201d - Addio Electronics","robots":{"index":"index","follow":"follow","max-snippet":"max-snippet:-1","max-image-preview":"max-image-preview:large","max-video-preview":"max-video-preview:-1"},"canonical":"https:\/\/addio.eu\/it\/informativa-sulla-privacy-di-car-electric-ble-remote\/","og_locale":"it_IT","og_type":"article","og_title":"Informativa sulla privacy di \u201ccar electric - BLE remote\u201d - Addio Electronics","og_description":"La presente Applicazione \u00e8 sviluppata e mantenuta da Addio Electronics AB. Questa applicazione raccoglie alcuni Dati Personali dai suoi Utenti. Il presente documento pu\u00f2 essere stampato per riferimento utilizzando il comando di stampa nelle impostazioni di qualsiasi browser. Riepilogo della PoliticaDati Personali trattati per le seguenti finalit\u00e0 e utilizzando i seguenti servizi:Interazioni basate sulla posizioneGeolocalizzazione [&hellip;]","og_url":"https:\/\/addio.eu\/it\/informativa-sulla-privacy-di-car-electric-ble-remote\/","og_site_name":"Addio Electronics","article_publisher":"https:\/\/www.facebook.com\/AddioElectronicsAB\/","article_modified_time":"2025-10-07T11:23:17+00:00","twitter_card":"summary_large_image","twitter_misc":{"Tempo di lettura stimato":"4 minuto"},"schema":{"@context":"https:\/\/schema.org","@graph":[{"@type":"WebPage","@id":"https:\/\/addio.eu\/it\/informativa-sulla-privacy-di-car-electric-ble-remote\/","url":"https:\/\/addio.eu\/it\/informativa-sulla-privacy-di-car-electric-ble-remote\/","name":"Informativa sulla privacy di \u201ccar electric - BLE remote\u201d - Addio Electronics","isPartOf":{"@id":"https:\/\/addio.eu\/it\/#website"},"datePublished":"2025-04-03T08:20:46+00:00","dateModified":"2025-10-07T11:23:17+00:00","breadcrumb":{"@id":"https:\/\/addio.eu\/it\/informativa-sulla-privacy-di-car-electric-ble-remote\/#breadcrumb"},"inLanguage":"it-IT","potentialAction":[{"@type":"ReadAction","target":["https:\/\/addio.eu\/it\/informativa-sulla-privacy-di-car-electric-ble-remote\/"]}]},{"@type":"BreadcrumbList","@id":"https:\/\/addio.eu\/it\/informativa-sulla-privacy-di-car-electric-ble-remote\/#breadcrumb","itemListElement":[{"@type":"ListItem","position":1,"name":"Home","item":"https:\/\/addio.eu\/it\/addio-frontpage\/"},{"@type":"ListItem","position":2,"name":"Informativa sulla privacy di \u201ccar electric &#8211; BLE remote\u201d"}]},{"@type":"WebSite","@id":"https:\/\/addio.eu\/it\/#website","url":"https:\/\/addio.eu\/it\/","name":"addio.eu","description":"","publisher":{"@id":"https:\/\/addio.eu\/it\/#organization"},"potentialAction":[{"@type":"SearchAction","target":{"@type":"EntryPoint","urlTemplate":"https:\/\/addio.eu\/it\/?s={search_term_string}"},"query-input":{"@type":"PropertyValueSpecification","valueRequired":true,"valueName":"search_term_string"}}],"inLanguage":"it-IT"},{"@type":"Organization","@id":"https:\/\/addio.eu\/it\/#organization","name":"Addio electronics","url":"https:\/\/addio.eu\/it\/","logo":{"@type":"ImageObject","inLanguage":"it-IT","@id":"https:\/\/addio.eu\/it\/#\/schema\/logo\/image\/","url":"https:\/\/addio.eu\/wp-content\/uploads\/2024\/10\/Lager_1-1.svg","contentUrl":"https:\/\/addio.eu\/wp-content\/uploads\/2024\/10\/Lager_1-1.svg","caption":"Addio electronics"},"image":{"@id":"https:\/\/addio.eu\/it\/#\/schema\/logo\/image\/"},"sameAs":["https:\/\/www.facebook.com\/AddioElectronicsAB\/","https:\/\/www.linkedin.com\/company\/addio-electronics-ab"]}]}},"_links":{"self":[{"href":"https:\/\/addio.eu\/it\/wp-json\/wp\/v2\/pages\/9012","targetHints":{"allow":["GET"]}}],"collection":[{"href":"https:\/\/addio.eu\/it\/wp-json\/wp\/v2\/pages"}],"about":[{"href":"https:\/\/addio.eu\/it\/wp-json\/wp\/v2\/types\/page"}],"author":[{"embeddable":true,"href":"https:\/\/addio.eu\/it\/wp-json\/wp\/v2\/users\/1"}],"replies":[{"embeddable":true,"href":"https:\/\/addio.eu\/it\/wp-json\/wp\/v2\/comments?post=9012"}],"version-history":[{"count":1,"href":"https:\/\/addio.eu\/it\/wp-json\/wp\/v2\/pages\/9012\/revisions"}],"predecessor-version":[{"id":9013,"href":"https:\/\/addio.eu\/it\/wp-json\/wp\/v2\/pages\/9012\/revisions\/9013"}],"wp:attachment":[{"href":"https:\/\/addio.eu\/it\/wp-json\/wp\/v2\/media?parent=9012"}],"curies":[{"name":"wp","href":"https:\/\/api.w.org\/{rel}","templated":true}]}}