{"id":7726,"date":"2024-10-11T12:21:05","date_gmt":"2024-10-11T12:21:05","guid":{"rendered":"https:\/\/addio.eu\/termini-e-condizioni\/"},"modified":"2026-02-09T13:03:16","modified_gmt":"2026-02-09T13:03:16","slug":"termini-e-condizioni","status":"publish","type":"page","link":"https:\/\/addio.eu\/it\/termini-e-condizioni\/","title":{"rendered":"Termini e condizioni"},"content":{"rendered":"\t\t<div data-elementor-type=\"wp-page\" data-elementor-id=\"7726\" class=\"elementor elementor-7726 elementor-1141\" data-elementor-post-type=\"page\">\n\t\t\t\t<div class=\"elementor-element elementor-element-0c2cb60 e-flex e-con-boxed e-con e-parent\" data-id=\"0c2cb60\" data-element_type=\"container\">\n\t\t\t\t\t<div class=\"e-con-inner\">\n\t\t\t\t<div class=\"elementor-element elementor-element-758cfa2 elementor-widget elementor-widget-heading\" data-id=\"758cfa2\" data-element_type=\"widget\" data-widget_type=\"heading.default\">\n\t\t\t\t<div class=\"elementor-widget-container\">\n\t\t\t\t\t<h1 class=\"elementor-heading-title elementor-size-default\">Termini e condizioni<\/h1>\t\t\t\t<\/div>\n\t\t\t\t<\/div>\n\t\t<div class=\"elementor-element elementor-element-1f616ec e-con-full e-flex e-con e-child\" data-id=\"1f616ec\" data-element_type=\"container\">\n\t\t<div class=\"elementor-element elementor-element-8e80135 e-con-full e-flex e-con e-child\" data-id=\"8e80135\" data-element_type=\"container\">\n\t\t\t\t<div class=\"elementor-element elementor-element-17537e1 elementor-widget elementor-widget-text-editor\" data-id=\"17537e1\" data-element_type=\"widget\" data-widget_type=\"text-editor.default\">\n\t\t\t\t<div class=\"elementor-widget-container\">\n\t\t\t\t\t\t\t\t\t<p><strong>Aggiornato il 30 settembre 2025<\/strong><\/p><p><strong>Questi Termini e condizioni (\u201cTermini\u201d) disciplinano l&#8217;acquisto e l&#8217;uso dei prodotti e servizi forniti da Addio (<a href=\"https:\/\/addio.eu\/it\/\">https:\/\/addio.eu<\/a>). Accedendo al nostro sito web, effettuando un ordine o utilizzando i nostri servizi, accetti di conformarti a questi Termini. Ti preghiamo di leggerli attentamente prima di effettuare qualsiasi acquisto o di utilizzare i nostri servizi.  <\/strong><\/p><p><strong>1. Definizioni<\/strong><\/p><ul><li>\u201cAddio\u201d si riferisce a Addio Electronics AB, una societ\u00e0 registrata in Svezia, che produce e vende scatole rel\u00e8 digitali e prodotti associati.<\/li><li>\u201cCliente\u201d si riferisce a qualsiasi individuo, azienda, distributore o organizzazione che acquista prodotti o servizi da Addio.<\/li><li>\u201cProdotti\u201d si riferisce alle scatole rel\u00e8 digitali e altro hardware venduto da Addio tramite il suo sito web.<\/li><li>\u201cServizi\u201d si riferisce a servizi di supporto aggiuntivi forniti da Addio, inclusa l&#8217;assistenza tecnica per la configurazione del sistema e la risoluzione dei problemi.<br>\u201cSito web\u201d si riferisce a https:\/\/addio.eu.<\/li><\/ul><p><strong>2. Ambito dei prodotti e dei servizi<\/strong><br><strong>2.1 Prodotti<\/strong><br>Addio progetta, produce e vende scatole rel\u00e8 digitali e altro hardware associato. Tutti i prodotti sono realizzati in Svezia e venduti direttamente a consumatori, aziende e distributori a livello globale. Le principali categorie di prodotti includono:  <\/p><ul><li>Unit\u00e0 principali<\/li><li>Pannelli interruttori e comandi<\/li><li>manuali<\/li><li>Unit\u00e0 CAN e sensori<\/li><li>Scatole di giunzione per CAN e connettori<\/li><li>Fogli simboli e unit\u00e0 personalizzate<\/li><\/ul><p><strong>2.2 Servizi di supporto<\/strong><br>Oltre ai prodotti fisici, Addio offre servizi di supporto a pagamento per assistere i clienti con l&#8217;integrazione e la configurazione del sistema. Questi servizi possono includere consulenze tecniche, risoluzione dei problemi e soluzioni personalizzate in base alle esigenze del cliente. <\/p><p><strong>2.3 Disponibilit\u00e0 dei prodotti<br><\/strong>Addio si riserva il diritto di modificare o interrompere qualsiasi prodotto o servizio in qualsiasi momento senza preavviso. La disponibilit\u00e0 dei prodotti pu\u00f2 essere soggetta a restrizioni geografiche o limitazioni della catena di approvvigionamento. <\/p><p><strong>3. Ordini e pagamento<\/strong><br><strong>3.1 Processo d&#8217;ordine<br><\/strong>Per effettuare un ordine, il cliente deve fornire informazioni personali e di pagamento accurate e complete. Addio si riserva il diritto di rifiutare qualsiasi ordine che non soddisfi questi requisiti o per qualsiasi altra ragione ritenuta appropriata. <\/p><p><strong>3.2 Termini di pagamento<br><\/strong>I pagamenti devono essere effettuati per intero al momento dell&#8217;ordine tramite i metodi di pagamento disponibili sul nostro sito web. Le opzioni di pagamento possono includere carte di credito, PayPal o altri gateway di pagamento online come Stripe. Tutte le transazioni sono elaborate in modo sicuro e Addio non memorizza informazioni di pagamento sensibili.  <\/p><p><strong>3.3 Prezzi<br><\/strong>Tutti i prezzi sono indicati in EUR (o nella valuta pertinente per la regione) e sono soggetti a modifiche senza preavviso. I prezzi visualizzati sul sito web escludono i costi di spedizione, le tasse, i dazi doganali e altre commissioni applicabili, salvo diversa indicazione. I clienti sono responsabili di eventuali costi aggiuntivi sostenuti nel loro paese di residenza.  <\/p><p><strong>3.4 Tasse e dazi<br><\/strong>Per gli ordini internazionali, i clienti potrebbero essere responsabili di dazi doganali, tasse e altre commissioni di importazione, che non sono inclusi nel totale dell&#8217;ordine. Addio non \u00e8 responsabile per eventuali costi aggiuntivi che potrebbero essere applicati durante lo sdoganamento. <\/p><p><strong>4. Spedizione e consegna<\/strong><br><strong>4.1 Spedizione globale<br><\/strong>Addio spedisce prodotti in tutto il mondo, con alcune eccezioni geografiche dovute a restrizioni di importazione locali o sanzioni. Le tariffe di spedizione sono calcolate al momento del checkout e i tempi di consegna possono variare a seconda della destinazione. Per restrizioni di spedizione specifiche, ti preghiamo di contattarci all&#8217;indirizzo <a href=\"mailto:info@addio.eu\">info@addio.eu<\/a>.  <\/p><p><strong>4.2 Tempi di consegna<\/strong><br>Sebbene Addio si impegni a rispettare i tempi di consegna stimati, potrebbero verificarsi ritardi imprevisti causati da fattori quali sdoganamento, condizioni meteorologiche o problemi logistici. Addio non \u00e8 responsabile per eventuali ritardi nella consegna una volta che i prodotti sono stati consegnati al corriere. <\/p><p><strong>4.3 Propriet\u00e0 e rischio di perdita<\/strong><br>La propriet\u00e0 dei prodotti passa al cliente una volta ricevuto il pagamento completo e i prodotti sono spediti. Il rischio di perdita o danno durante il trasporto viene trasferito al cliente al momento della consegna. <\/p><p><strong>5. Resi, cancellazioni e rimborsi<\/strong><br><strong>5.1 Vendite finali<\/strong><br>Tutti gli acquisti effettuati tramite il sito web di Addio sono considerati definitivi. A causa della natura dei nostri prodotti e sistemi, i resi e i rimborsi vengono emessi solo in circostanze eccezionali. <\/p><p><strong>5.2 Prodotti difettosi<br><\/strong>Se ricevi un prodotto difettoso o danneggiato, ti preghiamo di contattare immediatamente il Servizio Clienti al momento della ricezione. Addio esaminer\u00e0 manualmente tutte le richieste di difetto e potr\u00e0 offrire una sostituzione o una riparazione, a seconda del problema. Addio si riserva il diritto di negare qualsiasi reclamo se il prodotto mostra segni di uso improprio o danni causati dal cliente.  <\/p><p><strong>5.3 Annullamenti<br><\/strong>Gli ordini non possono essere annullati una volta elaborati e spediti. Per domande relative al tuo ordine, contatta il Servizio Clienti il prima possibile per verificare se \u00e8 possibile apportare modifiche prima della spedizione. <\/p><p><strong>6. Account utente e responsabilit\u00e0<\/strong><br><strong>6.1 Creazione dell&#8217;account<\/strong><br>Per accedere a determinate funzionalit\u00e0 del sito web, incluso l&#8217;acquisto di prodotti, i clienti sono tenuti a creare un account. I clienti sono responsabili di mantenere la riservatezza delle proprie credenziali di accesso e di tutte le attivit\u00e0 che si verificano sotto il loro account. <\/p><p><strong>6.2 Chiusura dell&#8217;account<\/strong><br>Se un cliente viola questi Termini, Addio si riserva il diritto di chiudere il suo account e di limitare il suo accesso a futuri acquisti o servizi. Gli account che rimangono inattivi per 24 mesi verranno contrassegnati per l&#8217;eliminazione e Addio avviser\u00e0 il cliente via email. Se il cliente non effettua l&#8217;accesso entro 3 mesi, l&#8217;account verr\u00e0 eliminato definitivamente.  <\/p><p><strong>7. Garanzie<\/strong><br><strong>7.1 Garanzia del Prodotto<\/strong><br>Addio offre una garanzia limitata sui suoi prodotti per 24 mesi dalla data di acquisto. Questa garanzia copre i difetti di materiali e di fabbricazione in condizioni di normale utilizzo. Qualsiasi uso improprio, modifica o riparazione non autorizzata del prodotto annulla la garanzia.  <\/p><p><strong>7.2 Richieste di garanzia<br><\/strong>Per avviare una richiesta di garanzia, i clienti devono contattare il Servizio Clienti. Addio esaminer\u00e0 ogni richiesta caso per caso e determiner\u00e0 se riparare, sostituire o rimborsare il prodotto difettoso. Il cliente \u00e8 responsabile della restituzione del prodotto difettoso ad Addio, e Addio si far\u00e0 carico dei costi di spedizione per il prodotto sostitutivo.  <\/p><p><strong>8. Diritti di propriet\u00e0 intellettuale<\/strong><br>Tutta la propriet\u00e0 intellettuale sul sito web di Addio, inclusi ma non limitati a design di prodotti, software, testo, grafica, immagini, loghi e marchi, \u00e8 di propriet\u00e0 di Addio. Non \u00e8 consentito copiare, distribuire o riprodurre alcun contenuto dal nostro sito web senza previo consenso scritto. Qualsiasi uso non autorizzato della nostra propriet\u00e0 intellettuale pu\u00f2 comportare azioni legali.  <\/p><p><strong>9. Limitazione di responsabilit\u00e0<\/strong><br>Addio declina ogni responsabilit\u00e0 per qualsiasi uso improprio o non intenzionale dei suoi prodotti da parte dei clienti. Acquistando e utilizzando i prodotti Addio, i clienti si assumono la piena responsabilit\u00e0 di come installano, implementano o modificano i prodotti. Addio non sar\u00e0 ritenuta responsabile per eventuali danni, lesioni o perdite derivanti dall&#8217;uso improprio dei suoi prodotti.  <\/p><p><strong>9.1 Perdite indirette o consequenziali<br><\/strong>Addio non \u00e8 responsabile per eventuali perdite indirette, incidentali o consequenziali derivanti dall&#8217;uso dei suoi prodotti o servizi, inclusi ma non limitati a perdita di dati, perdita di profitti o reclami di terze parti.<\/p><p><strong>10. Risoluzione delle controversie e legge applicabile<\/strong><br><strong>10.1 Risoluzione delle controversie<br><\/strong>Qualsiasi controversia o reclamo relativo al tuo utilizzo dei prodotti o servizi di Addio deve essere prima indirizzato al Servizio Clienti. Se il problema non pu\u00f2 essere risolto, entrambe le parti concordano di perseguire la questione tramite negoziazione informale. <\/p><p><strong>10.2 Legge applicabile<\/strong><br>Questi Termini sono regolati e interpretati in conformit\u00e0 con la legge svedese. Qualsiasi controversia legale che non possa essere risolta tramite negoziazione informale sar\u00e0 soggetta alla giurisdizione esclusiva dei tribunali svedesi. <\/p><p><strong>11. Modifiche ai Termini e condizioni<\/strong><br>Addio si riserva il diritto di aggiornare o modificare questi Termini in qualsiasi momento senza preavviso. Qualsiasi modifica avr\u00e0 effetto immediatamente dopo essere stata pubblicata sul sito web. L&#8217;uso continuato del sito web e dei servizi dopo le modifiche costituisce la tua accettazione dei Termini aggiornati. Incoraggiamo i clienti a rivedere regolarmente i Termini.   <\/p><p><strong>12. Limitazione di responsabilit\u00e0 di Addio<\/strong><br>Addio non si assume alcuna responsabilit\u00e0 per come i clienti scelgono di utilizzare, implementare o modificare i loro prodotti Addio dopo l&#8217;acquisto. Addio declina ogni responsabilit\u00e0 per danni, reclami legali o lesioni derivanti da uso improprio o implementazione errata dei prodotti. I clienti sono responsabili di assicurarsi di avere le competenze e la comprensione necessarie per utilizzare i prodotti Addio in modo sicuro e corretto. Addio non pu\u00f2 essere ritenuta responsabile in un processo legale per qualsiasi risultato derivante dall&#8217;uso improprio dei suoi prodotti.   <\/p><p><strong>13. Informazioni di contatto<\/strong><br>Per qualsiasi domanda o dubbio riguardo a questi Termini e condizioni, o per informazioni su un prodotto o servizio, ti preghiamo di contattarci a:<\/p><p><strong>Addio<\/strong><br><strong>Email:<\/strong> <a href=\"mailto:info@addio.eu\">info@addio.eu<\/a><\/p>\t\t\t\t\t\t\t\t<\/div>\n\t\t\t\t<\/div>\n\t\t\t\t<\/div>\n\t\t<div class=\"elementor-element elementor-element-1c4e995 e-con-full e-flex e-con e-child\" data-id=\"1c4e995\" data-element_type=\"container\">\n\t\t\t\t<div class=\"elementor-element elementor-element-37670bc elementor-icon-list--layout-traditional elementor-list-item-link-full_width elementor-widget elementor-widget-icon-list\" data-id=\"37670bc\" data-element_type=\"widget\" data-widget_type=\"icon-list.default\">\n\t\t\t\t<div class=\"elementor-widget-container\">\n\t\t\t\t\t\t\t<ul class=\"elementor-icon-list-items\">\n\t\t\t\t\t\t\t<li class=\"elementor-icon-list-item\">\n\t\t\t\t\t\t\t\t\t\t\t<a href=\"https:\/\/addio.eu\/cookie-policy\/\">\n\n\t\t\t\t\t\t\t\t\t\t\t\t<span class=\"elementor-icon-list-icon\">\n\t\t\t\t\t\t\t<svg xmlns=\"http:\/\/www.w3.org\/2000\/svg\" width=\"24\" height=\"24\" viewBox=\"0 0 24 24\" fill=\"none\"><path d=\"M17.9199 6.62C17.8185 6.37565 17.6243 6.18147 17.3799 6.08C17.2597 6.02876 17.1306 6.00158 16.9999 6H6.99994C6.73472 6 6.48037 6.10536 6.29283 6.29289C6.1053 6.48043 5.99994 6.73478 5.99994 7C5.99994 7.26522 6.1053 7.51957 6.29283 7.70711C6.48037 7.89464 6.73472 8 6.99994 8H14.5899L6.28994 16.29C6.19621 16.383 6.12182 16.4936 6.07105 16.6154C6.02028 16.7373 5.99414 16.868 5.99414 17C5.99414 17.132 6.02028 17.2627 6.07105 17.3846C6.12182 17.5064 6.19621 17.617 6.28994 17.71C6.3829 17.8037 6.4935 17.8781 6.61536 17.9289C6.73722 17.9797 6.86793 18.0058 6.99994 18.0058C7.13195 18.0058 7.26266 17.9797 7.38452 17.9289C7.50638 17.8781 7.61698 17.8037 7.70994 17.71L15.9999 9.41V17C15.9999 17.2652 16.1053 17.5196 16.2928 17.7071C16.4804 17.8946 16.7347 18 16.9999 18C17.2652 18 17.5195 17.8946 17.707 17.7071C17.8946 17.5196 17.9999 17.2652 17.9999 17V7C17.9984 6.86932 17.9712 6.74022 17.9199 6.62Z\" fill=\"#393939\"><\/path><\/svg>\t\t\t\t\t\t<\/span>\n\t\t\t\t\t\t\t\t\t\t<span class=\"elementor-icon-list-text\">Informativa sui cookie<\/span>\n\t\t\t\t\t\t\t\t\t\t\t<\/a>\n\t\t\t\t\t\t\t\t\t<\/li>\n\t\t\t\t\t\t<\/ul>\n\t\t\t\t\t\t<\/div>\n\t\t\t\t<\/div>\n\t\t\t\t<div class=\"elementor-element elementor-element-270a44c elementor-icon-list--layout-traditional elementor-list-item-link-full_width elementor-widget elementor-widget-icon-list\" data-id=\"270a44c\" data-element_type=\"widget\" data-widget_type=\"icon-list.default\">\n\t\t\t\t<div class=\"elementor-widget-container\">\n\t\t\t\t\t\t\t<ul class=\"elementor-icon-list-items\">\n\t\t\t\t\t\t\t<li class=\"elementor-icon-list-item\">\n\t\t\t\t\t\t\t\t\t\t\t<a href=\"https:\/\/addio.eu\/privacy-policy\/\">\n\n\t\t\t\t\t\t\t\t\t\t\t\t<span class=\"elementor-icon-list-icon\">\n\t\t\t\t\t\t\t<svg xmlns=\"http:\/\/www.w3.org\/2000\/svg\" width=\"24\" height=\"24\" viewBox=\"0 0 24 24\" fill=\"none\"><path d=\"M17.9199 6.62C17.8185 6.37565 17.6243 6.18147 17.3799 6.08C17.2597 6.02876 17.1306 6.00158 16.9999 6H6.99994C6.73472 6 6.48037 6.10536 6.29283 6.29289C6.1053 6.48043 5.99994 6.73478 5.99994 7C5.99994 7.26522 6.1053 7.51957 6.29283 7.70711C6.48037 7.89464 6.73472 8 6.99994 8H14.5899L6.28994 16.29C6.19621 16.383 6.12182 16.4936 6.07105 16.6154C6.02028 16.7373 5.99414 16.868 5.99414 17C5.99414 17.132 6.02028 17.2627 6.07105 17.3846C6.12182 17.5064 6.19621 17.617 6.28994 17.71C6.3829 17.8037 6.4935 17.8781 6.61536 17.9289C6.73722 17.9797 6.86793 18.0058 6.99994 18.0058C7.13195 18.0058 7.26266 17.9797 7.38452 17.9289C7.50638 17.8781 7.61698 17.8037 7.70994 17.71L15.9999 9.41V17C15.9999 17.2652 16.1053 17.5196 16.2928 17.7071C16.4804 17.8946 16.7347 18 16.9999 18C17.2652 18 17.5195 17.8946 17.707 17.7071C17.8946 17.5196 17.9999 17.2652 17.9999 17V7C17.9984 6.86932 17.9712 6.74022 17.9199 6.62Z\" fill=\"#393939\"><\/path><\/svg>\t\t\t\t\t\t<\/span>\n\t\t\t\t\t\t\t\t\t\t<span class=\"elementor-icon-list-text\">Informativa sulla privacy<\/span>\n\t\t\t\t\t\t\t\t\t\t\t<\/a>\n\t\t\t\t\t\t\t\t\t<\/li>\n\t\t\t\t\t\t<\/ul>\n\t\t\t\t\t\t<\/div>\n\t\t\t\t<\/div>\n\t\t\t\t<div class=\"elementor-element elementor-element-70fddd5 elementor-icon-list--layout-traditional elementor-list-item-link-full_width elementor-widget elementor-widget-icon-list\" data-id=\"70fddd5\" data-element_type=\"widget\" data-widget_type=\"icon-list.default\">\n\t\t\t\t<div class=\"elementor-widget-container\">\n\t\t\t\t\t\t\t<ul class=\"elementor-icon-list-items\">\n\t\t\t\t\t\t\t<li class=\"elementor-icon-list-item\">\n\t\t\t\t\t\t\t\t\t\t\t<span class=\"elementor-icon-list-icon\">\n\t\t\t\t\t\t\t<svg xmlns=\"http:\/\/www.w3.org\/2000\/svg\" width=\"34\" height=\"34\" viewBox=\"0 0 34 34\" fill=\"none\"><g clip-path=\"url(#clip0_102_8520)\"><path d=\"M8.9802 16.6182C8.87917 16.8627 8.87917 17.1373 8.9802 17.3818C9.02898 17.5031 9.10105 17.6136 9.19233 17.7071L16.2634 24.7782C16.4509 24.9657 16.7053 25.0711 16.9705 25.0711C17.2357 25.0711 17.4901 24.9657 17.6776 24.7782C17.8652 24.5906 17.9705 24.3363 17.9705 24.0711C17.9705 23.8058 17.8652 23.5515 17.6776 23.364L12.3107 17.997L24.0416 18.0041C24.1736 18.0046 24.3044 17.979 24.4265 17.9288C24.5485 17.8785 24.6594 17.8046 24.7528 17.7112C24.8461 17.6179 24.9201 17.507 24.9703 17.3849C25.0206 17.2628 25.0462 17.132 25.0457 17C25.0462 16.868 25.0206 16.7372 24.9703 16.6151C24.9201 16.493 24.8461 16.3821 24.7528 16.2888C24.6594 16.1954 24.5485 16.1215 24.4265 16.0712C24.3044 16.021 24.1736 15.9954 24.0416 15.9959L12.3107 16.003L17.6776 10.636C17.8652 10.4485 17.9705 10.1941 17.9705 9.92893C17.9705 9.66371 17.8652 9.40936 17.6776 9.22182C17.4901 9.03429 17.2357 8.92893 16.9705 8.92893C16.7053 8.92893 16.4509 9.03429 16.2634 9.22182L9.19233 16.2929C9.10105 16.3864 9.02898 16.4969 8.9802 16.6182Z\" fill=\"#00DB72\"><\/path><\/g><defs><clipPath id=\"clip0_102_8520\"><rect width=\"24\" height=\"24\" fill=\"white\" transform=\"translate(16.9707 33.9706) rotate(-135)\"><\/rect><\/clipPath><\/defs><\/svg>\t\t\t\t\t\t<\/span>\n\t\t\t\t\t\t\t\t\t\t<span class=\"elementor-icon-list-text\">Termini e condizioni<\/span>\n\t\t\t\t\t\t\t\t\t<\/li>\n\t\t\t\t\t\t<\/ul>\n\t\t\t\t\t\t<\/div>\n\t\t\t\t<\/div>\n\t\t\t\t<\/div>\n\t\t\t\t<\/div>\n\t\t\t\t\t<\/div>\n\t\t\t\t<\/div>\n\t\t\t\t<\/div>\n\t\t","protected":false},"excerpt":{"rendered":"<p>Aggiornato il 30 settembre 2025 Questi Termini e condizioni (\u201cTermini\u201d) disciplinano l&#8217;acquisto e l&#8217;uso dei prodotti e servizi forniti da Addio (https:\/\/addio.eu). Accedendo al nostro sito web, effettuando un ordine o utilizzando i nostri servizi, accetti di conformarti a questi Termini. Ti preghiamo di leggerli attentamente prima di effettuare qualsiasi acquisto o di utilizzare i [&hellip;]<\/p>\n","protected":false},"author":3,"featured_media":0,"parent":0,"menu_order":0,"comment_status":"closed","ping_status":"closed","template":"","meta":{"footnotes":""},"class_list":["post-7726","page","type-page","status-publish","hentry"],"yoast_head":"<!-- This site is optimized with the Yoast SEO plugin v26.0 - https:\/\/yoast.com\/wordpress\/plugins\/seo\/ -->\n<title>Termini e condizioni - Addio Electronics<\/title>\n<meta name=\"robots\" content=\"index, follow, max-snippet:-1, max-image-preview:large, max-video-preview:-1\" \/>\n<link rel=\"canonical\" href=\"https:\/\/addio.eu\/it\/termini-e-condizioni\/\" \/>\n<meta property=\"og:locale\" content=\"it_IT\" \/>\n<meta property=\"og:type\" content=\"article\" \/>\n<meta property=\"og:title\" content=\"Termini e condizioni - Addio Electronics\" \/>\n<meta property=\"og:description\" content=\"Aggiornato il 30 settembre 2025 Questi Termini e condizioni (\u201cTermini\u201d) disciplinano l&#8217;acquisto e l&#8217;uso dei prodotti e servizi forniti da Addio (https:\/\/addio.eu). Accedendo al nostro sito web, effettuando un ordine o utilizzando i nostri servizi, accetti di conformarti a questi Termini. Ti preghiamo di leggerli attentamente prima di effettuare qualsiasi acquisto o di utilizzare i [&hellip;]\" \/>\n<meta property=\"og:url\" content=\"https:\/\/addio.eu\/it\/termini-e-condizioni\/\" \/>\n<meta property=\"og:site_name\" content=\"Addio Electronics\" \/>\n<meta property=\"article:publisher\" content=\"https:\/\/www.facebook.com\/AddioElectronicsAB\/\" \/>\n<meta property=\"article:modified_time\" content=\"2026-02-09T13:03:16+00:00\" \/>\n<meta name=\"twitter:card\" content=\"summary_large_image\" \/>\n<meta name=\"twitter:label1\" content=\"Tempo di lettura stimato\" \/>\n\t<meta name=\"twitter:data1\" content=\"7 minuto\" \/>\n<script type=\"application\/ld+json\" class=\"yoast-schema-graph\">{\"@context\":\"https:\/\/schema.org\",\"@graph\":[{\"@type\":\"WebPage\",\"@id\":\"https:\/\/addio.eu\/it\/termini-e-condizioni\/\",\"url\":\"https:\/\/addio.eu\/it\/termini-e-condizioni\/\",\"name\":\"Termini e condizioni - Addio Electronics\",\"isPartOf\":{\"@id\":\"https:\/\/addio.eu\/it\/#website\"},\"datePublished\":\"2024-10-11T12:21:05+00:00\",\"dateModified\":\"2026-02-09T13:03:16+00:00\",\"breadcrumb\":{\"@id\":\"https:\/\/addio.eu\/it\/termini-e-condizioni\/#breadcrumb\"},\"inLanguage\":\"it-IT\",\"potentialAction\":[{\"@type\":\"ReadAction\",\"target\":[\"https:\/\/addio.eu\/it\/termini-e-condizioni\/\"]}]},{\"@type\":\"BreadcrumbList\",\"@id\":\"https:\/\/addio.eu\/it\/termini-e-condizioni\/#breadcrumb\",\"itemListElement\":[{\"@type\":\"ListItem\",\"position\":1,\"name\":\"Home\",\"item\":\"https:\/\/addio.eu\/it\/addio-frontpage\/\"},{\"@type\":\"ListItem\",\"position\":2,\"name\":\"Termini e condizioni\"}]},{\"@type\":\"WebSite\",\"@id\":\"https:\/\/addio.eu\/it\/#website\",\"url\":\"https:\/\/addio.eu\/it\/\",\"name\":\"addio.eu\",\"description\":\"\",\"publisher\":{\"@id\":\"https:\/\/addio.eu\/it\/#organization\"},\"potentialAction\":[{\"@type\":\"SearchAction\",\"target\":{\"@type\":\"EntryPoint\",\"urlTemplate\":\"https:\/\/addio.eu\/it\/?s={search_term_string}\"},\"query-input\":{\"@type\":\"PropertyValueSpecification\",\"valueRequired\":true,\"valueName\":\"search_term_string\"}}],\"inLanguage\":\"it-IT\"},{\"@type\":\"Organization\",\"@id\":\"https:\/\/addio.eu\/it\/#organization\",\"name\":\"Addio electronics\",\"url\":\"https:\/\/addio.eu\/it\/\",\"logo\":{\"@type\":\"ImageObject\",\"inLanguage\":\"it-IT\",\"@id\":\"https:\/\/addio.eu\/it\/#\/schema\/logo\/image\/\",\"url\":\"https:\/\/addio.eu\/wp-content\/uploads\/2024\/10\/Lager_1-1.svg\",\"contentUrl\":\"https:\/\/addio.eu\/wp-content\/uploads\/2024\/10\/Lager_1-1.svg\",\"caption\":\"Addio electronics\"},\"image\":{\"@id\":\"https:\/\/addio.eu\/it\/#\/schema\/logo\/image\/\"},\"sameAs\":[\"https:\/\/www.facebook.com\/AddioElectronicsAB\/\",\"https:\/\/www.linkedin.com\/company\/addio-electronics-ab\"]}]}<\/script>\n<!-- \/ Yoast SEO plugin. -->","yoast_head_json":{"title":"Termini e condizioni - Addio Electronics","robots":{"index":"index","follow":"follow","max-snippet":"max-snippet:-1","max-image-preview":"max-image-preview:large","max-video-preview":"max-video-preview:-1"},"canonical":"https:\/\/addio.eu\/it\/termini-e-condizioni\/","og_locale":"it_IT","og_type":"article","og_title":"Termini e condizioni - Addio Electronics","og_description":"Aggiornato il 30 settembre 2025 Questi Termini e condizioni (\u201cTermini\u201d) disciplinano l&#8217;acquisto e l&#8217;uso dei prodotti e servizi forniti da Addio (https:\/\/addio.eu). Accedendo al nostro sito web, effettuando un ordine o utilizzando i nostri servizi, accetti di conformarti a questi Termini. Ti preghiamo di leggerli attentamente prima di effettuare qualsiasi acquisto o di utilizzare i [&hellip;]","og_url":"https:\/\/addio.eu\/it\/termini-e-condizioni\/","og_site_name":"Addio Electronics","article_publisher":"https:\/\/www.facebook.com\/AddioElectronicsAB\/","article_modified_time":"2026-02-09T13:03:16+00:00","twitter_card":"summary_large_image","twitter_misc":{"Tempo di lettura stimato":"7 minuto"},"schema":{"@context":"https:\/\/schema.org","@graph":[{"@type":"WebPage","@id":"https:\/\/addio.eu\/it\/termini-e-condizioni\/","url":"https:\/\/addio.eu\/it\/termini-e-condizioni\/","name":"Termini e condizioni - Addio Electronics","isPartOf":{"@id":"https:\/\/addio.eu\/it\/#website"},"datePublished":"2024-10-11T12:21:05+00:00","dateModified":"2026-02-09T13:03:16+00:00","breadcrumb":{"@id":"https:\/\/addio.eu\/it\/termini-e-condizioni\/#breadcrumb"},"inLanguage":"it-IT","potentialAction":[{"@type":"ReadAction","target":["https:\/\/addio.eu\/it\/termini-e-condizioni\/"]}]},{"@type":"BreadcrumbList","@id":"https:\/\/addio.eu\/it\/termini-e-condizioni\/#breadcrumb","itemListElement":[{"@type":"ListItem","position":1,"name":"Home","item":"https:\/\/addio.eu\/it\/addio-frontpage\/"},{"@type":"ListItem","position":2,"name":"Termini e condizioni"}]},{"@type":"WebSite","@id":"https:\/\/addio.eu\/it\/#website","url":"https:\/\/addio.eu\/it\/","name":"addio.eu","description":"","publisher":{"@id":"https:\/\/addio.eu\/it\/#organization"},"potentialAction":[{"@type":"SearchAction","target":{"@type":"EntryPoint","urlTemplate":"https:\/\/addio.eu\/it\/?s={search_term_string}"},"query-input":{"@type":"PropertyValueSpecification","valueRequired":true,"valueName":"search_term_string"}}],"inLanguage":"it-IT"},{"@type":"Organization","@id":"https:\/\/addio.eu\/it\/#organization","name":"Addio electronics","url":"https:\/\/addio.eu\/it\/","logo":{"@type":"ImageObject","inLanguage":"it-IT","@id":"https:\/\/addio.eu\/it\/#\/schema\/logo\/image\/","url":"https:\/\/addio.eu\/wp-content\/uploads\/2024\/10\/Lager_1-1.svg","contentUrl":"https:\/\/addio.eu\/wp-content\/uploads\/2024\/10\/Lager_1-1.svg","caption":"Addio electronics"},"image":{"@id":"https:\/\/addio.eu\/it\/#\/schema\/logo\/image\/"},"sameAs":["https:\/\/www.facebook.com\/AddioElectronicsAB\/","https:\/\/www.linkedin.com\/company\/addio-electronics-ab"]}]}},"_links":{"self":[{"href":"https:\/\/addio.eu\/it\/wp-json\/wp\/v2\/pages\/7726","targetHints":{"allow":["GET"]}}],"collection":[{"href":"https:\/\/addio.eu\/it\/wp-json\/wp\/v2\/pages"}],"about":[{"href":"https:\/\/addio.eu\/it\/wp-json\/wp\/v2\/types\/page"}],"author":[{"embeddable":true,"href":"https:\/\/addio.eu\/it\/wp-json\/wp\/v2\/users\/3"}],"replies":[{"embeddable":true,"href":"https:\/\/addio.eu\/it\/wp-json\/wp\/v2\/comments?post=7726"}],"version-history":[{"count":2,"href":"https:\/\/addio.eu\/it\/wp-json\/wp\/v2\/pages\/7726\/revisions"}],"predecessor-version":[{"id":15815,"href":"https:\/\/addio.eu\/it\/wp-json\/wp\/v2\/pages\/7726\/revisions\/15815"}],"wp:attachment":[{"href":"https:\/\/addio.eu\/it\/wp-json\/wp\/v2\/media?parent=7726"}],"curies":[{"name":"wp","href":"https:\/\/api.w.org\/{rel}","templated":true}]}}