{"id":13963,"date":"2025-03-25T10:31:55","date_gmt":"2025-03-25T10:31:55","guid":{"rendered":"https:\/\/addio.eu\/product\/kapcsolopanel-8\/"},"modified":"2025-03-25T10:31:55","modified_gmt":"2025-03-25T10:31:55","slug":"kapcsolopanel-8","status":"publish","type":"product","link":"https:\/\/addio.eu\/hu\/termek\/kapcsolopanel-8\/","title":{"rendered":"Kapcsol\u00f3panel 8"},"content":{"rendered":"<p class=\"\" data-start=\"660\" data-end=\"682\"><strong data-start=\"660\" data-end=\"682\">Sz\u00edn \u00e9s vil\u00e1g\u00edt\u00e1s<\/strong><\/p>\n<p class=\"\" data-start=\"684\" data-end=\"919\">A kezel\u0151panel \u00f6sszes gombja megvil\u00e1g\u00edtott, \u00e9s a k\u00f6vetkez\u0151 sz\u00ednekkel konfigur\u00e1lhat\u00f3: z\u00f6ld, k\u00e9k, s\u00e1rga, narancss\u00e1rga, feh\u00e9r \u00e9s piros. Mind a h\u00e1tt\u00e9rvil\u00e1g\u00edt\u00e1s sz\u00edne, mind az akt\u00edv sz\u00edn be\u00e1ll\u00edthat\u00f3 a men\u00fcben minden egyes gombhoz. <\/p>\n<p class=\"\" data-start=\"921\" data-end=\"1055\">A gombok f\u00e9nyereje automatikusan alkalmazkodik a k\u00f6rnyezeti f\u00e9nyviszonyokhoz, egy be\u00e9p\u00edtett f\u00e9ny\u00e9rz\u00e9kel\u0151nek k\u00f6sz\u00f6nhet\u0151en.<\/p>\n<p class=\"\" data-start=\"1057\" data-end=\"1085\"><strong data-start=\"1057\" data-end=\"1085\">Berreg\u0151 \u00e9s gombhangok<\/strong><\/p>\n<p class=\"\" data-start=\"1087\" data-end=\"1344\">A vez\u00e9rl\u0151panel be\u00e9p\u00edtett berreg\u0151vel rendelkezik, amely r\u00f6vid s\u00edpol\u00e1ssal visszajelz\u00e9st adhat egy gomb megnyom\u00e1sakor. A berreg\u0151 k\u00fcls\u0151 forr\u00e1sb\u00f3l is vez\u00e9relhet\u0151, p\u00e9ld\u00e1ul bemenetr\u0151l, kimenetr\u0151l vagy virtu\u00e1lis kimenetr\u0151l, riaszt\u00e1si funkci\u00f3k \u00e9s egyebek aktiv\u00e1l\u00e1s\u00e1hoz. <\/p>\n<p class=\"\" data-start=\"1346\" data-end=\"1380\"><strong data-start=\"1346\" data-end=\"1380\">Telep\u00edt\u00e9s \u00e9s konfigur\u00e1ci\u00f3<\/strong><\/p>\n<p class=\"\" data-start=\"1382\" data-end=\"1525\">A gombfunkci\u00f3k, az akt\u00edv \u00e9s passz\u00edv sz\u00ednek, valamint egy\u00e9b be\u00e1ll\u00edt\u00e1sok konfigur\u00e1ci\u00f3ja a rel\u00e9dobozainkban t\u00e1rol\u00f3dik, \u00e9s az Addio CC szoftver\u00fcnk\u00f6n kereszt\u00fcl t\u00f6rt\u00e9nik.<\/p>\n<p data-start=\"1382\" data-end=\"1525\"><strong>A doboz tartalma<\/strong><br \/>\nAz Addio kapcsol\u00f3panelekhez 5 m\u00e9teres k\u00e1bel \u00e9s \u00f6ntapad\u00f3s gombmatric\u00e1k tartoznak.<br \/>\nEgy alternat\u00edv cikksz\u00e1m konzolt is tartalmaz. <\/p>\n","protected":false},"excerpt":{"rendered":"<p class=\"\" data-start=\"62\" data-end=\"120\"><strong data-start=\"62\" data-end=\"120\">Egyszer\u0171 k\u00e1belez\u00e9s \u00e9s telep\u00edt\u00e9s Addio vez\u00e9rl\u0151panelekkel<\/strong><\/p>\n<p>Az Addio vez\u00e9rl\u0151panelek k\u00f6nnyen telep\u00edthet\u0151k a mell\u00e9kelt k\u00e9toldalas ragaszt\u00f3szalaggal vagy egy r\u00f6gz\u00edt\u0151konzollal (tartoz\u00e9kk\u00e9nt kaphat\u00f3). A billenty\u0171zetek a rel\u00e9doboz COM\/CAN portj\u00e1hoz csatlakoznak a mell\u00e9kelt k\u00e1belen kereszt\u00fcl. <\/p>\n<p>Az Addio kapcsol\u00f3panelek kompatibilisek mind a 12V-os, mind a 24V-os DRB-inkkel.<\/p>\n<div id=\"tw-target-rmn-container\" class=\"tw-target-rmn tw-ta-container tw-nfl\" tabindex=\"0\" role=\"text\">\n<p id=\"tw-target-rmn\" class=\"tw-data-placeholder tw-text-small tw-ta\" dir=\"ltr\"><strong data-start=\"333\" data-end=\"345\">Jellemz\u0151k<\/strong><\/p>\n<\/div>\n<p class=\"\" data-start=\"347\" data-end=\"523\">Minden gomb be\u00e1ll\u00edthat\u00f3 t\u00f6bb funkci\u00f3 vez\u00e9rl\u00e9s\u00e9re, \u00e9s aktiv\u00e1lhat egy kimenetet \u00e9s\/vagy jelz\u0151k\u00e9nt szolg\u00e1lhat egy adott bemenet, kimenet vagy m\u00e1s bels\u0151 funkci\u00f3 \u00e1llapot\u00e1nak megjelen\u00edt\u00e9s\u00e9re.<\/p>\n<p class=\"\" data-start=\"525\" data-end=\"658\">Egy rendszerben legfeljebb n\u00e9gy vez\u00e9rl\u0151panel haszn\u00e1lhat\u00f3, \u00e9s ezek egyedileg konfigur\u00e1lhat\u00f3k vagy p\u00e1rhuzamosan m\u0171k\u00f6dtethet\u0151k (v\u00e1lt\u00f3kapcsol\u00e1s).<\/p>\n","protected":false},"featured_media":6239,"comment_status":"open","ping_status":"closed","template":"","meta":[],"product_brand":[],"product_cat":[326],"product_tag":[439],"class_list":{"0":"post-13963","1":"product","2":"type-product","3":"status-publish","4":"has-post-thumbnail","6":"product_cat-kapcsolopanelek","7":"product_tag-8-gomb","9":"first","10":"instock","11":"shipping-taxable","12":"product-type-simple"},"yoast_head":"<!-- This site is optimized with the Yoast SEO plugin v26.0 - https:\/\/yoast.com\/wordpress\/plugins\/seo\/ -->\n<title>Kapcsol\u00f3panel 8 - Addio Electronics<\/title>\n<meta name=\"robots\" content=\"index, follow, max-snippet:-1, max-image-preview:large, max-video-preview:-1\" \/>\n<link rel=\"canonical\" href=\"https:\/\/addio.eu\/hu\/termek\/kapcsolopanel-8\/\" \/>\n<meta property=\"og:locale\" content=\"hu_HU\" \/>\n<meta property=\"og:type\" content=\"article\" \/>\n<meta property=\"og:title\" content=\"Kapcsol\u00f3panel 8 - Addio Electronics\" \/>\n<meta property=\"og:description\" content=\"Egyszer\u0171 k\u00e1belez\u00e9s \u00e9s telep\u00edt\u00e9s Addio vez\u00e9rl\u0151panelekkel Az Addio vez\u00e9rl\u0151panelek k\u00f6nnyen telep\u00edthet\u0151k a mell\u00e9kelt k\u00e9toldalas ragaszt\u00f3szalaggal vagy egy r\u00f6gz\u00edt\u0151konzollal (tartoz\u00e9kk\u00e9nt kaphat\u00f3). A billenty\u0171zetek a rel\u00e9doboz COM\/CAN portj\u00e1hoz csatlakoznak a mell\u00e9kelt k\u00e1belen kereszt\u00fcl.  Az Addio kapcsol\u00f3panelek kompatibilisek mind a 12V-os, mind a 24V-os DRB-inkkel. Jellemz\u0151k  Minden gomb be\u00e1ll\u00edthat\u00f3 t\u00f6bb funkci\u00f3 vez\u00e9rl\u00e9s\u00e9re, \u00e9s aktiv\u00e1lhat egy kimenetet \u00e9s\/vagy jelz\u0151k\u00e9nt szolg\u00e1lhat egy adott bemenet, kimenet vagy m\u00e1s bels\u0151 funkci\u00f3 \u00e1llapot\u00e1nak megjelen\u00edt\u00e9s\u00e9re. Egy rendszerben legfeljebb n\u00e9gy vez\u00e9rl\u0151panel haszn\u00e1lhat\u00f3, \u00e9s ezek egyedileg konfigur\u00e1lhat\u00f3k vagy p\u00e1rhuzamosan m\u0171k\u00f6dtethet\u0151k (v\u00e1lt\u00f3kapcsol\u00e1s).\" \/>\n<meta property=\"og:url\" content=\"https:\/\/addio.eu\/hu\/termek\/kapcsolopanel-8\/\" \/>\n<meta property=\"og:site_name\" content=\"Addio Electronics\" \/>\n<meta property=\"article:publisher\" content=\"https:\/\/www.facebook.com\/AddioElectronicsAB\/\" \/>\n<meta property=\"og:image\" content=\"https:\/\/addio.eu\/wp-content\/uploads\/2025\/03\/sw8.png\" \/>\n\t<meta property=\"og:image:width\" content=\"1328\" \/>\n\t<meta property=\"og:image:height\" content=\"638\" \/>\n\t<meta property=\"og:image:type\" content=\"image\/png\" \/>\n<meta name=\"twitter:card\" content=\"summary_large_image\" \/>\n<meta name=\"twitter:label1\" content=\"Becs\u00fclt olvas\u00e1si id\u0151\" \/>\n\t<meta name=\"twitter:data1\" content=\"1 perc\" \/>\n<script type=\"application\/ld+json\" class=\"yoast-schema-graph\">{\"@context\":\"https:\/\/schema.org\",\"@graph\":[{\"@type\":\"WebPage\",\"@id\":\"https:\/\/addio.eu\/hu\/termek\/kapcsolopanel-8\/\",\"url\":\"https:\/\/addio.eu\/hu\/termek\/kapcsolopanel-8\/\",\"name\":\"Kapcsol\u00f3panel 8 - Addio Electronics\",\"isPartOf\":{\"@id\":\"https:\/\/addio.eu\/hu\/#website\"},\"primaryImageOfPage\":{\"@id\":\"https:\/\/addio.eu\/hu\/termek\/kapcsolopanel-8\/#primaryimage\"},\"image\":{\"@id\":\"https:\/\/addio.eu\/hu\/termek\/kapcsolopanel-8\/#primaryimage\"},\"thumbnailUrl\":\"https:\/\/addio.eu\/wp-content\/uploads\/2025\/03\/sw8.png\",\"datePublished\":\"2025-03-25T10:31:55+00:00\",\"breadcrumb\":{\"@id\":\"https:\/\/addio.eu\/hu\/termek\/kapcsolopanel-8\/#breadcrumb\"},\"inLanguage\":\"hu\",\"potentialAction\":[{\"@type\":\"ReadAction\",\"target\":[\"https:\/\/addio.eu\/hu\/termek\/kapcsolopanel-8\/\"]}]},{\"@type\":\"ImageObject\",\"inLanguage\":\"hu\",\"@id\":\"https:\/\/addio.eu\/hu\/termek\/kapcsolopanel-8\/#primaryimage\",\"url\":\"https:\/\/addio.eu\/wp-content\/uploads\/2025\/03\/sw8.png\",\"contentUrl\":\"https:\/\/addio.eu\/wp-content\/uploads\/2025\/03\/sw8.png\",\"width\":1328,\"height\":638},{\"@type\":\"BreadcrumbList\",\"@id\":\"https:\/\/addio.eu\/hu\/termek\/kapcsolopanel-8\/#breadcrumb\",\"itemListElement\":[{\"@type\":\"ListItem\",\"position\":1,\"name\":\"Home\",\"item\":\"https:\/\/addio.eu\/hu\/addio-kezdolap\/\"},{\"@type\":\"ListItem\",\"position\":2,\"name\":\"Term\u00e9kek\",\"item\":\"https:\/\/addio.eu\/hu\/termekek\/\"},{\"@type\":\"ListItem\",\"position\":3,\"name\":\"Kapcsol\u00f3panel 8\"}]},{\"@type\":\"WebSite\",\"@id\":\"https:\/\/addio.eu\/hu\/#website\",\"url\":\"https:\/\/addio.eu\/hu\/\",\"name\":\"addio.eu\",\"description\":\"\",\"publisher\":{\"@id\":\"https:\/\/addio.eu\/hu\/#organization\"},\"potentialAction\":[{\"@type\":\"SearchAction\",\"target\":{\"@type\":\"EntryPoint\",\"urlTemplate\":\"https:\/\/addio.eu\/hu\/?s={search_term_string}\"},\"query-input\":{\"@type\":\"PropertyValueSpecification\",\"valueRequired\":true,\"valueName\":\"search_term_string\"}}],\"inLanguage\":\"hu\"},{\"@type\":\"Organization\",\"@id\":\"https:\/\/addio.eu\/hu\/#organization\",\"name\":\"Addio Electronics\",\"url\":\"https:\/\/addio.eu\/hu\/\",\"logo\":{\"@type\":\"ImageObject\",\"inLanguage\":\"hu\",\"@id\":\"https:\/\/addio.eu\/hu\/#\/schema\/logo\/image\/\",\"url\":\"https:\/\/addio.eu\/wp-content\/uploads\/2024\/10\/Lager_1-1.svg\",\"contentUrl\":\"https:\/\/addio.eu\/wp-content\/uploads\/2024\/10\/Lager_1-1.svg\",\"caption\":\"Addio Electronics\"},\"image\":{\"@id\":\"https:\/\/addio.eu\/hu\/#\/schema\/logo\/image\/\"},\"sameAs\":[\"https:\/\/www.facebook.com\/AddioElectronicsAB\/\",\"https:\/\/www.linkedin.com\/company\/addio-electronics-ab\"]}]}<\/script>\n<!-- \/ Yoast SEO plugin. -->","yoast_head_json":{"title":"Kapcsol\u00f3panel 8 - Addio Electronics","robots":{"index":"index","follow":"follow","max-snippet":"max-snippet:-1","max-image-preview":"max-image-preview:large","max-video-preview":"max-video-preview:-1"},"canonical":"https:\/\/addio.eu\/hu\/termek\/kapcsolopanel-8\/","og_locale":"hu_HU","og_type":"article","og_title":"Kapcsol\u00f3panel 8 - Addio Electronics","og_description":"Egyszer\u0171 k\u00e1belez\u00e9s \u00e9s telep\u00edt\u00e9s Addio vez\u00e9rl\u0151panelekkel Az Addio vez\u00e9rl\u0151panelek k\u00f6nnyen telep\u00edthet\u0151k a mell\u00e9kelt k\u00e9toldalas ragaszt\u00f3szalaggal vagy egy r\u00f6gz\u00edt\u0151konzollal (tartoz\u00e9kk\u00e9nt kaphat\u00f3). A billenty\u0171zetek a rel\u00e9doboz COM\/CAN portj\u00e1hoz csatlakoznak a mell\u00e9kelt k\u00e1belen kereszt\u00fcl.  Az Addio kapcsol\u00f3panelek kompatibilisek mind a 12V-os, mind a 24V-os DRB-inkkel. Jellemz\u0151k  Minden gomb be\u00e1ll\u00edthat\u00f3 t\u00f6bb funkci\u00f3 vez\u00e9rl\u00e9s\u00e9re, \u00e9s aktiv\u00e1lhat egy kimenetet \u00e9s\/vagy jelz\u0151k\u00e9nt szolg\u00e1lhat egy adott bemenet, kimenet vagy m\u00e1s bels\u0151 funkci\u00f3 \u00e1llapot\u00e1nak megjelen\u00edt\u00e9s\u00e9re. Egy rendszerben legfeljebb n\u00e9gy vez\u00e9rl\u0151panel haszn\u00e1lhat\u00f3, \u00e9s ezek egyedileg konfigur\u00e1lhat\u00f3k vagy p\u00e1rhuzamosan m\u0171k\u00f6dtethet\u0151k (v\u00e1lt\u00f3kapcsol\u00e1s).","og_url":"https:\/\/addio.eu\/hu\/termek\/kapcsolopanel-8\/","og_site_name":"Addio Electronics","article_publisher":"https:\/\/www.facebook.com\/AddioElectronicsAB\/","og_image":[{"width":1328,"height":638,"url":"https:\/\/addio.eu\/wp-content\/uploads\/2025\/03\/sw8.png","type":"image\/png"}],"twitter_card":"summary_large_image","twitter_misc":{"Becs\u00fclt olvas\u00e1si id\u0151":"1 perc"},"schema":{"@context":"https:\/\/schema.org","@graph":[{"@type":"WebPage","@id":"https:\/\/addio.eu\/hu\/termek\/kapcsolopanel-8\/","url":"https:\/\/addio.eu\/hu\/termek\/kapcsolopanel-8\/","name":"Kapcsol\u00f3panel 8 - Addio Electronics","isPartOf":{"@id":"https:\/\/addio.eu\/hu\/#website"},"primaryImageOfPage":{"@id":"https:\/\/addio.eu\/hu\/termek\/kapcsolopanel-8\/#primaryimage"},"image":{"@id":"https:\/\/addio.eu\/hu\/termek\/kapcsolopanel-8\/#primaryimage"},"thumbnailUrl":"https:\/\/addio.eu\/wp-content\/uploads\/2025\/03\/sw8.png","datePublished":"2025-03-25T10:31:55+00:00","breadcrumb":{"@id":"https:\/\/addio.eu\/hu\/termek\/kapcsolopanel-8\/#breadcrumb"},"inLanguage":"hu","potentialAction":[{"@type":"ReadAction","target":["https:\/\/addio.eu\/hu\/termek\/kapcsolopanel-8\/"]}]},{"@type":"ImageObject","inLanguage":"hu","@id":"https:\/\/addio.eu\/hu\/termek\/kapcsolopanel-8\/#primaryimage","url":"https:\/\/addio.eu\/wp-content\/uploads\/2025\/03\/sw8.png","contentUrl":"https:\/\/addio.eu\/wp-content\/uploads\/2025\/03\/sw8.png","width":1328,"height":638},{"@type":"BreadcrumbList","@id":"https:\/\/addio.eu\/hu\/termek\/kapcsolopanel-8\/#breadcrumb","itemListElement":[{"@type":"ListItem","position":1,"name":"Home","item":"https:\/\/addio.eu\/hu\/addio-kezdolap\/"},{"@type":"ListItem","position":2,"name":"Term\u00e9kek","item":"https:\/\/addio.eu\/hu\/termekek\/"},{"@type":"ListItem","position":3,"name":"Kapcsol\u00f3panel 8"}]},{"@type":"WebSite","@id":"https:\/\/addio.eu\/hu\/#website","url":"https:\/\/addio.eu\/hu\/","name":"addio.eu","description":"","publisher":{"@id":"https:\/\/addio.eu\/hu\/#organization"},"potentialAction":[{"@type":"SearchAction","target":{"@type":"EntryPoint","urlTemplate":"https:\/\/addio.eu\/hu\/?s={search_term_string}"},"query-input":{"@type":"PropertyValueSpecification","valueRequired":true,"valueName":"search_term_string"}}],"inLanguage":"hu"},{"@type":"Organization","@id":"https:\/\/addio.eu\/hu\/#organization","name":"Addio Electronics","url":"https:\/\/addio.eu\/hu\/","logo":{"@type":"ImageObject","inLanguage":"hu","@id":"https:\/\/addio.eu\/hu\/#\/schema\/logo\/image\/","url":"https:\/\/addio.eu\/wp-content\/uploads\/2024\/10\/Lager_1-1.svg","contentUrl":"https:\/\/addio.eu\/wp-content\/uploads\/2024\/10\/Lager_1-1.svg","caption":"Addio Electronics"},"image":{"@id":"https:\/\/addio.eu\/hu\/#\/schema\/logo\/image\/"},"sameAs":["https:\/\/www.facebook.com\/AddioElectronicsAB\/","https:\/\/www.linkedin.com\/company\/addio-electronics-ab"]}]}},"_links":{"self":[{"href":"https:\/\/addio.eu\/hu\/wp-json\/wp\/v2\/product\/13963","targetHints":{"allow":["GET"]}}],"collection":[{"href":"https:\/\/addio.eu\/hu\/wp-json\/wp\/v2\/product"}],"about":[{"href":"https:\/\/addio.eu\/hu\/wp-json\/wp\/v2\/types\/product"}],"replies":[{"embeddable":true,"href":"https:\/\/addio.eu\/hu\/wp-json\/wp\/v2\/comments?post=13963"}],"wp:featuredmedia":[{"embeddable":true,"href":"https:\/\/addio.eu\/hu\/wp-json\/wp\/v2\/media\/6239"}],"wp:attachment":[{"href":"https:\/\/addio.eu\/hu\/wp-json\/wp\/v2\/media?parent=13963"}],"wp:term":[{"taxonomy":"product_brand","embeddable":true,"href":"https:\/\/addio.eu\/hu\/wp-json\/wp\/v2\/product_brand?post=13963"},{"taxonomy":"product_cat","embeddable":true,"href":"https:\/\/addio.eu\/hu\/wp-json\/wp\/v2\/product_cat?post=13963"},{"taxonomy":"product_tag","embeddable":true,"href":"https:\/\/addio.eu\/hu\/wp-json\/wp\/v2\/product_tag?post=13963"}],"curies":[{"name":"wp","href":"https:\/\/api.w.org\/{rel}","templated":true}]}}