{"id":13056,"date":"2025-03-24T09:43:40","date_gmt":"2025-03-24T09:43:40","guid":{"rendered":"https:\/\/addio.eu\/product\/drb-8012-3-esp\/"},"modified":"2026-02-10T16:56:37","modified_gmt":"2026-02-10T16:56:37","slug":"drb-8012-3-esp","status":"publish","type":"product","link":"https:\/\/addio.eu\/hu\/termek\/drb-8012-3-esp\/","title":{"rendered":"DRB 8012-3 ESP"},"content":{"rendered":"<p>&nbsp;<\/p>\n<table width=\"310\">\n<tbody>\n<tr>\n<td width=\"234\">Modell<\/td>\n<td width=\"76\">DRB8012-3 ESP<\/td>\n<\/tr>\n<tr>\n<td width=\"234\">T\u00e1pell\u00e1t\u00e1s<\/td>\n<td width=\"76\">10-22 VDC<\/td>\n<\/tr>\n<tr>\n<td width=\"234\">Bels\u0151 \u00e1ramfogyaszt\u00e1s (k\u00f6r\u00fclbel\u00fcl) Norm\u00e1l \u00fczemm\u00f3d (kimenet n\u00e9lk\u00fcl) \/ Alv\u00f3 \u00fczemm\u00f3d<\/td>\n<td width=\"76\">~5mA\/~2mA<\/td>\n<\/tr>\n<tr>\n<td width=\"234\">Alacsony fesz\u00fclts\u00e9g elleni v\u00e9delem (\u00e1ll\u00edthat\u00f3)<\/td>\n<td width=\"76\">Fix 10V<\/td>\n<\/tr>\n<tr>\n<td width=\"234\">T\u00falfesz\u00fclts\u00e9g elleni v\u00e9delem (\u00e1ll\u00edthat\u00f3)<\/td>\n<td width=\"76\">Nincs<\/td>\n<\/tr>\n<tr>\n<td width=\"234\">Max. \u00f6ssz\u00e1ram (1 perc)<\/td>\n<td width=\"76\">80A<\/td>\n<\/tr>\n<tr>\n<td width=\"234\">Max. folyamatos \u00f6ssz\u00e1ram<\/td>\n<td width=\"76\">80A<\/td>\n<\/tr>\n<tr>\n<td width=\"234\">Bemenetek sz\u00e1ma<\/td>\n<td width=\"76\">3 db<\/td>\n<\/tr>\n<tr>\n<td width=\"234\">Digit\u00e1lis bemenetek<\/td>\n<td width=\"76\">3 db<\/td>\n<\/tr>\n<tr>\n<td width=\"234\">Anal\u00f3g bemenetek<\/td>\n<td width=\"76\">0 db<\/td>\n<\/tr>\n<tr>\n<td width=\"234\">Bemeneti ellen\u00e1ll\u00e1s @12V<\/td>\n<td width=\"76\">22k\u03a9<\/td>\n<\/tr>\n<tr>\n<td width=\"234\">Bemeneti csatlakoz\u00f3k (dugaszolhat\u00f3 csavaros sorkapcsok)<\/td>\n<td width=\"76\">10 p\u00f3lus\u00fa, +\/&#8211;t is bele\u00e9rtve<\/td>\n<\/tr>\n<tr>\n<td width=\"234\">Kimenetek sz\u00e1ma<\/td>\n<td width=\"76\">3 db<\/td>\n<\/tr>\n<tr>\n<td width=\"234\">Kimeneti csatlakoz\u00e1s<\/td>\n<td width=\"76\">M5 anya + saru<\/td>\n<\/tr>\n<tr>\n<td width=\"234\">Kimenetek biztos\u00edt\u00e9km\u00e9rete (A)<\/td>\n<td width=\"76\">1. kimenet: Fix 80A, 2-3. kimenet: Fix 6A<\/td>\n<\/tr>\n<tr>\n<td width=\"234\">T\u00e1pcsatlakoz\u00e1s<\/td>\n<td width=\"76\">M5 anya<\/td>\n<\/tr>\n<tr>\n<td width=\"234\">Bluetooth<\/td>\n<td width=\"76\">Nincs<\/td>\n<\/tr>\n<tr>\n<td width=\"234\">Motorvez\u00e9rl\u00e9s H-h\u00edd (el\u0151zetes \u00e1ram)<\/td>\n<td width=\"76\">Nem<\/td>\n<\/tr>\n<tr>\n<td width=\"234\">Hibajelz\u00e9s<\/td>\n<td width=\"76\">Nem<\/td>\n<\/tr>\n<tr>\n<td width=\"234\">LED kimenetenk\u00e9nt (\u00e1ll\u00edthat\u00f3 sz\u00edn)<\/td>\n<td width=\"76\">Nem<\/td>\n<\/tr>\n<tr>\n<td width=\"234\">Kommunik\u00e1ci\u00f3s busz (CAN busz)<\/td>\n<td width=\"76\">Igen, 1 db RJ10<\/td>\n<\/tr>\n<tr>\n<td width=\"234\">Sz\u00e1m\u00edt\u00f3g\u00e9pes csatlakoz\u00e1sok<\/td>\n<td width=\"76\">Nincs<\/td>\n<\/tr>\n<tr>\n<td width=\"234\">F\u00f6ldel\u00e9si jelek<\/td>\n<td width=\"76\">Igen, k\u00fcls\u0151 ellen\u00e1ll\u00e1ssal a pozit\u00edvhoz<\/td>\n<\/tr>\n<tr>\n<td width=\"234\">K\u00e9zi vez\u00e9rl\u0151, kapcsol\u00f3 panelek, \u00e9rz\u00e9kel\u0151k stb.<\/td>\n<td width=\"76\">Nincs<\/td>\n<\/tr>\n<tr>\n<td width=\"234\">M\u00e9ret (mm)<\/td>\n<td width=\"76\">119x57x21<\/td>\n<\/tr>\n<tr>\n<td width=\"234\">S\u00faly<\/td>\n<td width=\"76\"><\/td>\n<\/tr>\n<\/tbody>\n<\/table>\n","protected":false},"excerpt":{"rendered":"<p>Ez az egys\u00e9g egy nagyon er\u0151s rel\u00e9hez hasonl\u00f3, amely egy nagy teljes\u00edtm\u00e9ny\u0171 kimeneten 80 ampert, k\u00e9t alacsony teljes\u00edtm\u00e9ny\u0171 kimeneten pedig 6 ampert k\u00e9pes kapcsolni. Az egys\u00e9g nem konfigur\u00e1lhat\u00f3, \u00e9s csak CAN BUS-on vagy a h\u00e1rom bemeneten kereszt\u00fcl vez\u00e9relhet\u0151. <\/p>\n<p>Az egys\u00e9g az akkumul\u00e1torr\u00f3l \u00e9rkez\u0151 f\u0151 \u00e1ram vez\u00e9rl\u00e9s\u00e9re haszn\u00e1lhat\u00f3 nagy teljes\u00edtm\u00e9ny\u0171 terhel\u00e9sek eset\u00e9n, p\u00e9ld\u00e1ul hidraulikus szivatty\u00fa vagy 230 VAC inverter csatlakoztat\u00e1sakor.<\/p>\n","protected":false},"featured_media":13065,"comment_status":"open","ping_status":"closed","template":"","meta":[],"product_brand":[],"product_cat":[185],"product_tag":[186,187,398,399],"class_list":{"0":"post-13056","1":"product","2":"type-product","3":"status-publish","4":"has-post-thumbnail","6":"product_cat-digitalis-reledobozok","7":"product_tag-12v","8":"product_tag-2-can-port","9":"product_tag-3-bemenet","10":"product_tag-3-kimenet","12":"first","13":"instock","14":"shipping-taxable","15":"product-type-simple"},"yoast_head":"<!-- This site is optimized with the Yoast SEO plugin v26.0 - https:\/\/yoast.com\/wordpress\/plugins\/seo\/ -->\n<title>DRB 8012-3 ESP - Addio Electronics<\/title>\n<meta name=\"robots\" content=\"index, follow, max-snippet:-1, max-image-preview:large, max-video-preview:-1\" \/>\n<link rel=\"canonical\" href=\"https:\/\/addio.eu\/hu\/termek\/drb-8012-3-esp\/\" \/>\n<meta property=\"og:locale\" content=\"hu_HU\" \/>\n<meta property=\"og:type\" content=\"article\" \/>\n<meta property=\"og:title\" content=\"DRB 8012-3 ESP - Addio Electronics\" \/>\n<meta property=\"og:description\" content=\"Ez az egys\u00e9g egy nagyon er\u0151s rel\u00e9hez hasonl\u00f3, amely egy nagy teljes\u00edtm\u00e9ny\u0171 kimeneten 80 ampert, k\u00e9t alacsony teljes\u00edtm\u00e9ny\u0171 kimeneten pedig 6 ampert k\u00e9pes kapcsolni. Az egys\u00e9g nem konfigur\u00e1lhat\u00f3, \u00e9s csak CAN BUS-on vagy a h\u00e1rom bemeneten kereszt\u00fcl vez\u00e9relhet\u0151.  Az egys\u00e9g az akkumul\u00e1torr\u00f3l \u00e9rkez\u0151 f\u0151 \u00e1ram vez\u00e9rl\u00e9s\u00e9re haszn\u00e1lhat\u00f3 nagy teljes\u00edtm\u00e9ny\u0171 terhel\u00e9sek eset\u00e9n, p\u00e9ld\u00e1ul hidraulikus szivatty\u00fa vagy 230 VAC inverter csatlakoztat\u00e1sakor.\" \/>\n<meta property=\"og:url\" content=\"https:\/\/addio.eu\/hu\/termek\/drb-8012-3-esp\/\" \/>\n<meta property=\"og:site_name\" content=\"Addio Electronics\" \/>\n<meta property=\"article:publisher\" content=\"https:\/\/www.facebook.com\/AddioElectronicsAB\/\" \/>\n<meta property=\"article:modified_time\" content=\"2026-02-10T16:56:37+00:00\" \/>\n<meta property=\"og:image\" content=\"https:\/\/addio.eu\/wp-content\/uploads\/2025\/03\/IMG_1729-scaled.jpg\" \/>\n\t<meta property=\"og:image:width\" content=\"2560\" \/>\n\t<meta property=\"og:image:height\" content=\"1211\" \/>\n\t<meta property=\"og:image:type\" content=\"image\/jpeg\" \/>\n<meta name=\"twitter:card\" content=\"summary_large_image\" \/>\n<meta name=\"twitter:label1\" content=\"Becs\u00fclt olvas\u00e1si id\u0151\" \/>\n\t<meta name=\"twitter:data1\" content=\"1 perc\" \/>\n<script type=\"application\/ld+json\" class=\"yoast-schema-graph\">{\"@context\":\"https:\/\/schema.org\",\"@graph\":[{\"@type\":\"WebPage\",\"@id\":\"https:\/\/addio.eu\/hu\/termek\/drb-8012-3-esp\/\",\"url\":\"https:\/\/addio.eu\/hu\/termek\/drb-8012-3-esp\/\",\"name\":\"DRB 8012-3 ESP - Addio Electronics\",\"isPartOf\":{\"@id\":\"https:\/\/addio.eu\/hu\/#website\"},\"primaryImageOfPage\":{\"@id\":\"https:\/\/addio.eu\/hu\/termek\/drb-8012-3-esp\/#primaryimage\"},\"image\":{\"@id\":\"https:\/\/addio.eu\/hu\/termek\/drb-8012-3-esp\/#primaryimage\"},\"thumbnailUrl\":\"https:\/\/addio.eu\/wp-content\/uploads\/2025\/03\/IMG_1729-scaled.jpg\",\"datePublished\":\"2025-03-24T09:43:40+00:00\",\"dateModified\":\"2026-02-10T16:56:37+00:00\",\"breadcrumb\":{\"@id\":\"https:\/\/addio.eu\/hu\/termek\/drb-8012-3-esp\/#breadcrumb\"},\"inLanguage\":\"hu\",\"potentialAction\":[{\"@type\":\"ReadAction\",\"target\":[\"https:\/\/addio.eu\/hu\/termek\/drb-8012-3-esp\/\"]}]},{\"@type\":\"ImageObject\",\"inLanguage\":\"hu\",\"@id\":\"https:\/\/addio.eu\/hu\/termek\/drb-8012-3-esp\/#primaryimage\",\"url\":\"https:\/\/addio.eu\/wp-content\/uploads\/2025\/03\/IMG_1729-scaled.jpg\",\"contentUrl\":\"https:\/\/addio.eu\/wp-content\/uploads\/2025\/03\/IMG_1729-scaled.jpg\",\"width\":2560,\"height\":1211},{\"@type\":\"BreadcrumbList\",\"@id\":\"https:\/\/addio.eu\/hu\/termek\/drb-8012-3-esp\/#breadcrumb\",\"itemListElement\":[{\"@type\":\"ListItem\",\"position\":1,\"name\":\"Home\",\"item\":\"https:\/\/addio.eu\/hu\/addio-kezdolap\/\"},{\"@type\":\"ListItem\",\"position\":2,\"name\":\"Term\u00e9kek\",\"item\":\"https:\/\/addio.eu\/hu\/termekek\/\"},{\"@type\":\"ListItem\",\"position\":3,\"name\":\"DRB 8012-3 ESP\"}]},{\"@type\":\"WebSite\",\"@id\":\"https:\/\/addio.eu\/hu\/#website\",\"url\":\"https:\/\/addio.eu\/hu\/\",\"name\":\"addio.eu\",\"description\":\"\",\"publisher\":{\"@id\":\"https:\/\/addio.eu\/hu\/#organization\"},\"potentialAction\":[{\"@type\":\"SearchAction\",\"target\":{\"@type\":\"EntryPoint\",\"urlTemplate\":\"https:\/\/addio.eu\/hu\/?s={search_term_string}\"},\"query-input\":{\"@type\":\"PropertyValueSpecification\",\"valueRequired\":true,\"valueName\":\"search_term_string\"}}],\"inLanguage\":\"hu\"},{\"@type\":\"Organization\",\"@id\":\"https:\/\/addio.eu\/hu\/#organization\",\"name\":\"Addio Electronics\",\"url\":\"https:\/\/addio.eu\/hu\/\",\"logo\":{\"@type\":\"ImageObject\",\"inLanguage\":\"hu\",\"@id\":\"https:\/\/addio.eu\/hu\/#\/schema\/logo\/image\/\",\"url\":\"https:\/\/addio.eu\/wp-content\/uploads\/2024\/10\/Lager_1-1.svg\",\"contentUrl\":\"https:\/\/addio.eu\/wp-content\/uploads\/2024\/10\/Lager_1-1.svg\",\"caption\":\"Addio Electronics\"},\"image\":{\"@id\":\"https:\/\/addio.eu\/hu\/#\/schema\/logo\/image\/\"},\"sameAs\":[\"https:\/\/www.facebook.com\/AddioElectronicsAB\/\",\"https:\/\/www.linkedin.com\/company\/addio-electronics-ab\"]}]}<\/script>\n<!-- \/ Yoast SEO plugin. -->","yoast_head_json":{"title":"DRB 8012-3 ESP - Addio Electronics","robots":{"index":"index","follow":"follow","max-snippet":"max-snippet:-1","max-image-preview":"max-image-preview:large","max-video-preview":"max-video-preview:-1"},"canonical":"https:\/\/addio.eu\/hu\/termek\/drb-8012-3-esp\/","og_locale":"hu_HU","og_type":"article","og_title":"DRB 8012-3 ESP - Addio Electronics","og_description":"Ez az egys\u00e9g egy nagyon er\u0151s rel\u00e9hez hasonl\u00f3, amely egy nagy teljes\u00edtm\u00e9ny\u0171 kimeneten 80 ampert, k\u00e9t alacsony teljes\u00edtm\u00e9ny\u0171 kimeneten pedig 6 ampert k\u00e9pes kapcsolni. Az egys\u00e9g nem konfigur\u00e1lhat\u00f3, \u00e9s csak CAN BUS-on vagy a h\u00e1rom bemeneten kereszt\u00fcl vez\u00e9relhet\u0151.  Az egys\u00e9g az akkumul\u00e1torr\u00f3l \u00e9rkez\u0151 f\u0151 \u00e1ram vez\u00e9rl\u00e9s\u00e9re haszn\u00e1lhat\u00f3 nagy teljes\u00edtm\u00e9ny\u0171 terhel\u00e9sek eset\u00e9n, p\u00e9ld\u00e1ul hidraulikus szivatty\u00fa vagy 230 VAC inverter csatlakoztat\u00e1sakor.","og_url":"https:\/\/addio.eu\/hu\/termek\/drb-8012-3-esp\/","og_site_name":"Addio Electronics","article_publisher":"https:\/\/www.facebook.com\/AddioElectronicsAB\/","article_modified_time":"2026-02-10T16:56:37+00:00","og_image":[{"width":2560,"height":1211,"url":"https:\/\/addio.eu\/wp-content\/uploads\/2025\/03\/IMG_1729-scaled.jpg","type":"image\/jpeg"}],"twitter_card":"summary_large_image","twitter_misc":{"Becs\u00fclt olvas\u00e1si id\u0151":"1 perc"},"schema":{"@context":"https:\/\/schema.org","@graph":[{"@type":"WebPage","@id":"https:\/\/addio.eu\/hu\/termek\/drb-8012-3-esp\/","url":"https:\/\/addio.eu\/hu\/termek\/drb-8012-3-esp\/","name":"DRB 8012-3 ESP - Addio Electronics","isPartOf":{"@id":"https:\/\/addio.eu\/hu\/#website"},"primaryImageOfPage":{"@id":"https:\/\/addio.eu\/hu\/termek\/drb-8012-3-esp\/#primaryimage"},"image":{"@id":"https:\/\/addio.eu\/hu\/termek\/drb-8012-3-esp\/#primaryimage"},"thumbnailUrl":"https:\/\/addio.eu\/wp-content\/uploads\/2025\/03\/IMG_1729-scaled.jpg","datePublished":"2025-03-24T09:43:40+00:00","dateModified":"2026-02-10T16:56:37+00:00","breadcrumb":{"@id":"https:\/\/addio.eu\/hu\/termek\/drb-8012-3-esp\/#breadcrumb"},"inLanguage":"hu","potentialAction":[{"@type":"ReadAction","target":["https:\/\/addio.eu\/hu\/termek\/drb-8012-3-esp\/"]}]},{"@type":"ImageObject","inLanguage":"hu","@id":"https:\/\/addio.eu\/hu\/termek\/drb-8012-3-esp\/#primaryimage","url":"https:\/\/addio.eu\/wp-content\/uploads\/2025\/03\/IMG_1729-scaled.jpg","contentUrl":"https:\/\/addio.eu\/wp-content\/uploads\/2025\/03\/IMG_1729-scaled.jpg","width":2560,"height":1211},{"@type":"BreadcrumbList","@id":"https:\/\/addio.eu\/hu\/termek\/drb-8012-3-esp\/#breadcrumb","itemListElement":[{"@type":"ListItem","position":1,"name":"Home","item":"https:\/\/addio.eu\/hu\/addio-kezdolap\/"},{"@type":"ListItem","position":2,"name":"Term\u00e9kek","item":"https:\/\/addio.eu\/hu\/termekek\/"},{"@type":"ListItem","position":3,"name":"DRB 8012-3 ESP"}]},{"@type":"WebSite","@id":"https:\/\/addio.eu\/hu\/#website","url":"https:\/\/addio.eu\/hu\/","name":"addio.eu","description":"","publisher":{"@id":"https:\/\/addio.eu\/hu\/#organization"},"potentialAction":[{"@type":"SearchAction","target":{"@type":"EntryPoint","urlTemplate":"https:\/\/addio.eu\/hu\/?s={search_term_string}"},"query-input":{"@type":"PropertyValueSpecification","valueRequired":true,"valueName":"search_term_string"}}],"inLanguage":"hu"},{"@type":"Organization","@id":"https:\/\/addio.eu\/hu\/#organization","name":"Addio Electronics","url":"https:\/\/addio.eu\/hu\/","logo":{"@type":"ImageObject","inLanguage":"hu","@id":"https:\/\/addio.eu\/hu\/#\/schema\/logo\/image\/","url":"https:\/\/addio.eu\/wp-content\/uploads\/2024\/10\/Lager_1-1.svg","contentUrl":"https:\/\/addio.eu\/wp-content\/uploads\/2024\/10\/Lager_1-1.svg","caption":"Addio Electronics"},"image":{"@id":"https:\/\/addio.eu\/hu\/#\/schema\/logo\/image\/"},"sameAs":["https:\/\/www.facebook.com\/AddioElectronicsAB\/","https:\/\/www.linkedin.com\/company\/addio-electronics-ab"]}]}},"_links":{"self":[{"href":"https:\/\/addio.eu\/hu\/wp-json\/wp\/v2\/product\/13056","targetHints":{"allow":["GET"]}}],"collection":[{"href":"https:\/\/addio.eu\/hu\/wp-json\/wp\/v2\/product"}],"about":[{"href":"https:\/\/addio.eu\/hu\/wp-json\/wp\/v2\/types\/product"}],"replies":[{"embeddable":true,"href":"https:\/\/addio.eu\/hu\/wp-json\/wp\/v2\/comments?post=13056"}],"wp:featuredmedia":[{"embeddable":true,"href":"https:\/\/addio.eu\/hu\/wp-json\/wp\/v2\/media\/13065"}],"wp:attachment":[{"href":"https:\/\/addio.eu\/hu\/wp-json\/wp\/v2\/media?parent=13056"}],"wp:term":[{"taxonomy":"product_brand","embeddable":true,"href":"https:\/\/addio.eu\/hu\/wp-json\/wp\/v2\/product_brand?post=13056"},{"taxonomy":"product_cat","embeddable":true,"href":"https:\/\/addio.eu\/hu\/wp-json\/wp\/v2\/product_cat?post=13056"},{"taxonomy":"product_tag","embeddable":true,"href":"https:\/\/addio.eu\/hu\/wp-json\/wp\/v2\/product_tag?post=13056"}],"curies":[{"name":"wp","href":"https:\/\/api.w.org\/{rel}","templated":true}]}}