{"id":11964,"date":"2025-03-07T11:24:47","date_gmt":"2025-03-07T11:24:47","guid":{"rendered":"https:\/\/addio.eu\/product\/can-hub-8\/"},"modified":"2025-03-07T11:24:47","modified_gmt":"2025-03-07T11:24:47","slug":"can-hub-8","status":"publish","type":"product","link":"https:\/\/addio.eu\/hu\/termek\/can-hub-8\/","title":{"rendered":"CAN hub 8"},"content":{"rendered":"<p><strong>M\u00e9ret<\/strong><br \/>\n77*39*21 mm<\/p>\n","protected":false},"excerpt":{"rendered":"<p class=\"\" data-start=\"54\" data-end=\"234\">A CAN hub egy eloszt\u00f3doboz CAN csatlakoz\u00f3khoz, amely lehet\u0151v\u00e9 teszi t\u00f6bb eszk\u00f6z csatlakoztat\u00e1s\u00e1t egy rendszerben. Az egys\u00e9get nem sz\u00fcks\u00e9ges konfigur\u00e1lni, mivel egy egyszer\u0171 csatlakoz\u00f3doboz. <\/p>\n<p class=\"\" data-start=\"236\" data-end=\"391\">Kieg\u00e9sz\u00edt\u0151k\u00e9nt haszn\u00e1lhat\u00f3, amikor a DRB-knek csak egy vagy k\u00e9t csatlakoz\u00f3juk van, olyan esetekben, amikor \u00e9rz\u00e9kel\u0151ket, tov\u00e1bbi billenty\u0171zeteket, CAN Mastert stb. szeretne csatlakoztatni.<\/p>\n","protected":false},"featured_media":5982,"comment_status":"open","ping_status":"closed","template":"","meta":[],"product_brand":[],"product_cat":[293],"product_tag":[],"class_list":{"0":"post-11964","1":"product","2":"type-product","3":"status-publish","4":"has-post-thumbnail","6":"product_cat-can-csatlakoztathatosag","8":"first","9":"instock","10":"shipping-taxable","11":"product-type-simple"},"yoast_head":"<!-- This site is optimized with the Yoast SEO plugin v26.0 - https:\/\/yoast.com\/wordpress\/plugins\/seo\/ -->\n<title>CAN hub 8 - Addio Electronics<\/title>\n<meta name=\"robots\" content=\"index, follow, max-snippet:-1, max-image-preview:large, max-video-preview:-1\" \/>\n<link rel=\"canonical\" href=\"https:\/\/addio.eu\/hu\/termek\/can-hub-8\/\" \/>\n<meta property=\"og:locale\" content=\"hu_HU\" \/>\n<meta property=\"og:type\" content=\"article\" \/>\n<meta property=\"og:title\" content=\"CAN hub 8 - Addio Electronics\" \/>\n<meta property=\"og:description\" content=\"A CAN hub egy eloszt\u00f3doboz CAN csatlakoz\u00f3khoz, amely lehet\u0151v\u00e9 teszi t\u00f6bb eszk\u00f6z csatlakoztat\u00e1s\u00e1t egy rendszerben. Az egys\u00e9get nem sz\u00fcks\u00e9ges konfigur\u00e1lni, mivel egy egyszer\u0171 csatlakoz\u00f3doboz. Kieg\u00e9sz\u00edt\u0151k\u00e9nt haszn\u00e1lhat\u00f3, amikor a DRB-knek csak egy vagy k\u00e9t csatlakoz\u00f3juk van, olyan esetekben, amikor \u00e9rz\u00e9kel\u0151ket, tov\u00e1bbi billenty\u0171zeteket, CAN Mastert stb. szeretne csatlakoztatni.\" \/>\n<meta property=\"og:url\" content=\"https:\/\/addio.eu\/hu\/termek\/can-hub-8\/\" \/>\n<meta property=\"og:site_name\" content=\"Addio Electronics\" \/>\n<meta property=\"article:publisher\" content=\"https:\/\/www.facebook.com\/AddioElectronicsAB\/\" \/>\n<meta property=\"og:image\" content=\"https:\/\/addio.eu\/wp-content\/uploads\/2025\/03\/IMG_1688.jpg\" \/>\n\t<meta property=\"og:image:width\" content=\"2554\" \/>\n\t<meta property=\"og:image:height\" content=\"1752\" \/>\n\t<meta property=\"og:image:type\" content=\"image\/jpeg\" \/>\n<meta name=\"twitter:card\" content=\"summary_large_image\" \/>\n<script type=\"application\/ld+json\" class=\"yoast-schema-graph\">{\"@context\":\"https:\/\/schema.org\",\"@graph\":[{\"@type\":\"WebPage\",\"@id\":\"https:\/\/addio.eu\/hu\/termek\/can-hub-8\/\",\"url\":\"https:\/\/addio.eu\/hu\/termek\/can-hub-8\/\",\"name\":\"CAN hub 8 - Addio Electronics\",\"isPartOf\":{\"@id\":\"https:\/\/addio.eu\/hu\/#website\"},\"primaryImageOfPage\":{\"@id\":\"https:\/\/addio.eu\/hu\/termek\/can-hub-8\/#primaryimage\"},\"image\":{\"@id\":\"https:\/\/addio.eu\/hu\/termek\/can-hub-8\/#primaryimage\"},\"thumbnailUrl\":\"https:\/\/addio.eu\/wp-content\/uploads\/2025\/03\/IMG_1688.jpg\",\"datePublished\":\"2025-03-07T11:24:47+00:00\",\"breadcrumb\":{\"@id\":\"https:\/\/addio.eu\/hu\/termek\/can-hub-8\/#breadcrumb\"},\"inLanguage\":\"hu\",\"potentialAction\":[{\"@type\":\"ReadAction\",\"target\":[\"https:\/\/addio.eu\/hu\/termek\/can-hub-8\/\"]}]},{\"@type\":\"ImageObject\",\"inLanguage\":\"hu\",\"@id\":\"https:\/\/addio.eu\/hu\/termek\/can-hub-8\/#primaryimage\",\"url\":\"https:\/\/addio.eu\/wp-content\/uploads\/2025\/03\/IMG_1688.jpg\",\"contentUrl\":\"https:\/\/addio.eu\/wp-content\/uploads\/2025\/03\/IMG_1688.jpg\",\"width\":2554,\"height\":1752},{\"@type\":\"BreadcrumbList\",\"@id\":\"https:\/\/addio.eu\/hu\/termek\/can-hub-8\/#breadcrumb\",\"itemListElement\":[{\"@type\":\"ListItem\",\"position\":1,\"name\":\"Home\",\"item\":\"https:\/\/addio.eu\/hu\/addio-kezdolap\/\"},{\"@type\":\"ListItem\",\"position\":2,\"name\":\"Term\u00e9kek\",\"item\":\"https:\/\/addio.eu\/hu\/termekek\/\"},{\"@type\":\"ListItem\",\"position\":3,\"name\":\"CAN hub 8\"}]},{\"@type\":\"WebSite\",\"@id\":\"https:\/\/addio.eu\/hu\/#website\",\"url\":\"https:\/\/addio.eu\/hu\/\",\"name\":\"addio.eu\",\"description\":\"\",\"publisher\":{\"@id\":\"https:\/\/addio.eu\/hu\/#organization\"},\"potentialAction\":[{\"@type\":\"SearchAction\",\"target\":{\"@type\":\"EntryPoint\",\"urlTemplate\":\"https:\/\/addio.eu\/hu\/?s={search_term_string}\"},\"query-input\":{\"@type\":\"PropertyValueSpecification\",\"valueRequired\":true,\"valueName\":\"search_term_string\"}}],\"inLanguage\":\"hu\"},{\"@type\":\"Organization\",\"@id\":\"https:\/\/addio.eu\/hu\/#organization\",\"name\":\"Addio Electronics\",\"url\":\"https:\/\/addio.eu\/hu\/\",\"logo\":{\"@type\":\"ImageObject\",\"inLanguage\":\"hu\",\"@id\":\"https:\/\/addio.eu\/hu\/#\/schema\/logo\/image\/\",\"url\":\"https:\/\/addio.eu\/wp-content\/uploads\/2024\/10\/Lager_1-1.svg\",\"contentUrl\":\"https:\/\/addio.eu\/wp-content\/uploads\/2024\/10\/Lager_1-1.svg\",\"caption\":\"Addio Electronics\"},\"image\":{\"@id\":\"https:\/\/addio.eu\/hu\/#\/schema\/logo\/image\/\"},\"sameAs\":[\"https:\/\/www.facebook.com\/AddioElectronicsAB\/\",\"https:\/\/www.linkedin.com\/company\/addio-electronics-ab\"]}]}<\/script>\n<!-- \/ Yoast SEO plugin. -->","yoast_head_json":{"title":"CAN hub 8 - Addio Electronics","robots":{"index":"index","follow":"follow","max-snippet":"max-snippet:-1","max-image-preview":"max-image-preview:large","max-video-preview":"max-video-preview:-1"},"canonical":"https:\/\/addio.eu\/hu\/termek\/can-hub-8\/","og_locale":"hu_HU","og_type":"article","og_title":"CAN hub 8 - Addio Electronics","og_description":"A CAN hub egy eloszt\u00f3doboz CAN csatlakoz\u00f3khoz, amely lehet\u0151v\u00e9 teszi t\u00f6bb eszk\u00f6z csatlakoztat\u00e1s\u00e1t egy rendszerben. Az egys\u00e9get nem sz\u00fcks\u00e9ges konfigur\u00e1lni, mivel egy egyszer\u0171 csatlakoz\u00f3doboz. Kieg\u00e9sz\u00edt\u0151k\u00e9nt haszn\u00e1lhat\u00f3, amikor a DRB-knek csak egy vagy k\u00e9t csatlakoz\u00f3juk van, olyan esetekben, amikor \u00e9rz\u00e9kel\u0151ket, tov\u00e1bbi billenty\u0171zeteket, CAN Mastert stb. szeretne csatlakoztatni.","og_url":"https:\/\/addio.eu\/hu\/termek\/can-hub-8\/","og_site_name":"Addio Electronics","article_publisher":"https:\/\/www.facebook.com\/AddioElectronicsAB\/","og_image":[{"width":2554,"height":1752,"url":"https:\/\/addio.eu\/wp-content\/uploads\/2025\/03\/IMG_1688.jpg","type":"image\/jpeg"}],"twitter_card":"summary_large_image","schema":{"@context":"https:\/\/schema.org","@graph":[{"@type":"WebPage","@id":"https:\/\/addio.eu\/hu\/termek\/can-hub-8\/","url":"https:\/\/addio.eu\/hu\/termek\/can-hub-8\/","name":"CAN hub 8 - Addio Electronics","isPartOf":{"@id":"https:\/\/addio.eu\/hu\/#website"},"primaryImageOfPage":{"@id":"https:\/\/addio.eu\/hu\/termek\/can-hub-8\/#primaryimage"},"image":{"@id":"https:\/\/addio.eu\/hu\/termek\/can-hub-8\/#primaryimage"},"thumbnailUrl":"https:\/\/addio.eu\/wp-content\/uploads\/2025\/03\/IMG_1688.jpg","datePublished":"2025-03-07T11:24:47+00:00","breadcrumb":{"@id":"https:\/\/addio.eu\/hu\/termek\/can-hub-8\/#breadcrumb"},"inLanguage":"hu","potentialAction":[{"@type":"ReadAction","target":["https:\/\/addio.eu\/hu\/termek\/can-hub-8\/"]}]},{"@type":"ImageObject","inLanguage":"hu","@id":"https:\/\/addio.eu\/hu\/termek\/can-hub-8\/#primaryimage","url":"https:\/\/addio.eu\/wp-content\/uploads\/2025\/03\/IMG_1688.jpg","contentUrl":"https:\/\/addio.eu\/wp-content\/uploads\/2025\/03\/IMG_1688.jpg","width":2554,"height":1752},{"@type":"BreadcrumbList","@id":"https:\/\/addio.eu\/hu\/termek\/can-hub-8\/#breadcrumb","itemListElement":[{"@type":"ListItem","position":1,"name":"Home","item":"https:\/\/addio.eu\/hu\/addio-kezdolap\/"},{"@type":"ListItem","position":2,"name":"Term\u00e9kek","item":"https:\/\/addio.eu\/hu\/termekek\/"},{"@type":"ListItem","position":3,"name":"CAN hub 8"}]},{"@type":"WebSite","@id":"https:\/\/addio.eu\/hu\/#website","url":"https:\/\/addio.eu\/hu\/","name":"addio.eu","description":"","publisher":{"@id":"https:\/\/addio.eu\/hu\/#organization"},"potentialAction":[{"@type":"SearchAction","target":{"@type":"EntryPoint","urlTemplate":"https:\/\/addio.eu\/hu\/?s={search_term_string}"},"query-input":{"@type":"PropertyValueSpecification","valueRequired":true,"valueName":"search_term_string"}}],"inLanguage":"hu"},{"@type":"Organization","@id":"https:\/\/addio.eu\/hu\/#organization","name":"Addio Electronics","url":"https:\/\/addio.eu\/hu\/","logo":{"@type":"ImageObject","inLanguage":"hu","@id":"https:\/\/addio.eu\/hu\/#\/schema\/logo\/image\/","url":"https:\/\/addio.eu\/wp-content\/uploads\/2024\/10\/Lager_1-1.svg","contentUrl":"https:\/\/addio.eu\/wp-content\/uploads\/2024\/10\/Lager_1-1.svg","caption":"Addio Electronics"},"image":{"@id":"https:\/\/addio.eu\/hu\/#\/schema\/logo\/image\/"},"sameAs":["https:\/\/www.facebook.com\/AddioElectronicsAB\/","https:\/\/www.linkedin.com\/company\/addio-electronics-ab"]}]}},"_links":{"self":[{"href":"https:\/\/addio.eu\/hu\/wp-json\/wp\/v2\/product\/11964","targetHints":{"allow":["GET"]}}],"collection":[{"href":"https:\/\/addio.eu\/hu\/wp-json\/wp\/v2\/product"}],"about":[{"href":"https:\/\/addio.eu\/hu\/wp-json\/wp\/v2\/types\/product"}],"replies":[{"embeddable":true,"href":"https:\/\/addio.eu\/hu\/wp-json\/wp\/v2\/comments?post=11964"}],"wp:featuredmedia":[{"embeddable":true,"href":"https:\/\/addio.eu\/hu\/wp-json\/wp\/v2\/media\/5982"}],"wp:attachment":[{"href":"https:\/\/addio.eu\/hu\/wp-json\/wp\/v2\/media?parent=11964"}],"wp:term":[{"taxonomy":"product_brand","embeddable":true,"href":"https:\/\/addio.eu\/hu\/wp-json\/wp\/v2\/product_brand?post=11964"},{"taxonomy":"product_cat","embeddable":true,"href":"https:\/\/addio.eu\/hu\/wp-json\/wp\/v2\/product_cat?post=11964"},{"taxonomy":"product_tag","embeddable":true,"href":"https:\/\/addio.eu\/hu\/wp-json\/wp\/v2\/product_tag?post=11964"}],"curies":[{"name":"wp","href":"https:\/\/api.w.org\/{rel}","templated":true}]}}