{"id":11731,"date":"2025-03-07T11:01:36","date_gmt":"2025-03-07T11:01:36","guid":{"rendered":"https:\/\/addio.eu\/product\/22-csatornas-bemeneti-egyseg\/"},"modified":"2025-03-07T11:01:36","modified_gmt":"2025-03-07T11:01:36","slug":"22-csatornas-bemeneti-egyseg","status":"publish","type":"product","link":"https:\/\/addio.eu\/hu\/termek\/22-csatornas-bemeneti-egyseg\/","title":{"rendered":"22 csatorn\u00e1s bemeneti egys\u00e9g"},"content":{"rendered":"<p><strong>M\u00e9ret<\/strong><br \/>\n74*71*21 mm<\/p>\n<p><strong>S\u00faly<\/strong><br \/>\n53 g<\/p>\n","protected":false},"excerpt":{"rendered":"<p class=\"\" data-start=\"72\" data-end=\"283\">Az ADV DRB-k kieg\u00e9sz\u00edt\u0151jek\u00e9nt l\u00e9tezik egy 22 bemenet\u0171 bemeneti egys\u00e9g, amely a DRB-k COM\/CAN portj\u00e1hoz csatlakozik.<\/p>\n<p class=\"\" data-start=\"285\" data-end=\"538\">Az egys\u00e9g 3 levehet\u0151 8 t\u0171s csatlakoz\u00f3val rendelkezik. A bemenetek A, B \u00e9s C jel\u00f6l\u00e9ssel vannak ell\u00e1tva, ahol az A bemenet 6 bemenettel, valamint plusz \u00e9s m\u00ednusz t\u00e1pcsatlakoz\u00e1sokkal rendelkezik, amelyek k\u00fcls\u0151 nyom\u00f3gombok t\u00e1pl\u00e1l\u00e1s\u00e1ra haszn\u00e1lhat\u00f3k. A B \u00e9s C bemenetek mindegyike 8 bemenettel rendelkezik, 1-8-ig sz\u00e1mozva.  <\/p>\n<p class=\"\" data-start=\"540\" data-end=\"683\">A kommunik\u00e1ci\u00f3s port kett\u0151s RJ-10 csatlakoz\u00f3kb\u00f3l \u00e1ll, amelyek azonosak \u00e9s p\u00e1rhuzamosan vannak csatlakoztatva, lehet\u0151v\u00e9 t\u00e9ve b\u00e1rmelyik csatlakoz\u00f3 haszn\u00e1lat\u00e1t.<\/p>\n<p class=\"\" data-start=\"30\" data-end=\"270\"><strong>Hozza l\u00e9tre saj\u00e1t billenty\u0171zet\u00e9t<\/strong><br \/>\nHa saj\u00e1t billenty\u0171zetet szeretne l\u00e9trehozni ak\u00e1r 22 testreszabhat\u00f3 gombbal, p\u00e9ld\u00e1ul k\u00fclt\u00e9ri haszn\u00e1latra sz\u00e1nt strapab\u00edr\u00f3 gombokkal, az egyes gombokat ehhez az egys\u00e9ghez csatlakoztathatja, amely ezut\u00e1n egy egyszer\u0171 k\u00e1bellel (CANBus-on kereszt\u00fcl) csatlakozik a DRB egys\u00e9ghez.<\/p>\n<p class=\"\" data-start=\"272\" data-end=\"401\">Egy Addio rendszerben 2 egys\u00e9g csatlakoztathat\u00f3, lehet\u0151v\u00e9 t\u00e9ve, hogy k\u00e9t azonos billenty\u0171zeten p\u00e1rhuzamosan 22 egyedi funkci\u00f3t haszn\u00e1ljon.<\/p>\n","protected":false},"featured_media":5891,"comment_status":"open","ping_status":"closed","template":"","meta":[],"product_brand":[],"product_cat":[293],"product_tag":[],"class_list":{"0":"post-11731","1":"product","2":"type-product","3":"status-publish","4":"has-post-thumbnail","6":"product_cat-can-csatlakoztathatosag","8":"first","9":"instock","10":"shipping-taxable","11":"product-type-simple"},"yoast_head":"<!-- This site is optimized with the Yoast SEO plugin v26.0 - https:\/\/yoast.com\/wordpress\/plugins\/seo\/ -->\n<title>22 csatorn\u00e1s bemeneti egys\u00e9g - Addio Electronics<\/title>\n<meta name=\"robots\" content=\"index, follow, max-snippet:-1, max-image-preview:large, max-video-preview:-1\" \/>\n<link rel=\"canonical\" href=\"https:\/\/addio.eu\/hu\/termek\/22-csatornas-bemeneti-egyseg\/\" \/>\n<meta property=\"og:locale\" content=\"hu_HU\" \/>\n<meta property=\"og:type\" content=\"article\" \/>\n<meta property=\"og:title\" content=\"22 csatorn\u00e1s bemeneti egys\u00e9g - Addio Electronics\" \/>\n<meta property=\"og:description\" content=\"Az ADV DRB-k kieg\u00e9sz\u00edt\u0151jek\u00e9nt l\u00e9tezik egy 22 bemenet\u0171 bemeneti egys\u00e9g, amely a DRB-k COM\/CAN portj\u00e1hoz csatlakozik. Az egys\u00e9g 3 levehet\u0151 8 t\u0171s csatlakoz\u00f3val rendelkezik. A bemenetek A, B \u00e9s C jel\u00f6l\u00e9ssel vannak ell\u00e1tva, ahol az A bemenet 6 bemenettel, valamint plusz \u00e9s m\u00ednusz t\u00e1pcsatlakoz\u00e1sokkal rendelkezik, amelyek k\u00fcls\u0151 nyom\u00f3gombok t\u00e1pl\u00e1l\u00e1s\u00e1ra haszn\u00e1lhat\u00f3k. A B \u00e9s C bemenetek mindegyike 8 bemenettel rendelkezik, 1-8-ig sz\u00e1mozva.  A kommunik\u00e1ci\u00f3s port kett\u0151s RJ-10 csatlakoz\u00f3kb\u00f3l \u00e1ll, amelyek azonosak \u00e9s p\u00e1rhuzamosan vannak csatlakoztatva, lehet\u0151v\u00e9 t\u00e9ve b\u00e1rmelyik csatlakoz\u00f3 haszn\u00e1lat\u00e1t. Hozza l\u00e9tre saj\u00e1t billenty\u0171zet\u00e9t Ha saj\u00e1t billenty\u0171zetet szeretne l\u00e9trehozni ak\u00e1r 22 testreszabhat\u00f3 gombbal, p\u00e9ld\u00e1ul k\u00fclt\u00e9ri haszn\u00e1latra sz\u00e1nt strapab\u00edr\u00f3 gombokkal, az egyes gombokat ehhez az egys\u00e9ghez csatlakoztathatja, amely ezut\u00e1n egy egyszer\u0171 k\u00e1bellel (CANBus-on kereszt\u00fcl) csatlakozik a DRB egys\u00e9ghez. Egy Addio rendszerben 2 egys\u00e9g csatlakoztathat\u00f3, lehet\u0151v\u00e9 t\u00e9ve, hogy k\u00e9t azonos billenty\u0171zeten p\u00e1rhuzamosan 22 egyedi funkci\u00f3t haszn\u00e1ljon.\" \/>\n<meta property=\"og:url\" content=\"https:\/\/addio.eu\/hu\/termek\/22-csatornas-bemeneti-egyseg\/\" \/>\n<meta property=\"og:site_name\" content=\"Addio Electronics\" \/>\n<meta property=\"article:publisher\" content=\"https:\/\/www.facebook.com\/AddioElectronicsAB\/\" \/>\n<meta property=\"og:image\" content=\"https:\/\/addio.eu\/wp-content\/uploads\/2025\/03\/IMG_1659-scaled.jpg\" \/>\n\t<meta property=\"og:image:width\" content=\"2560\" \/>\n\t<meta property=\"og:image:height\" content=\"1920\" \/>\n\t<meta property=\"og:image:type\" content=\"image\/jpeg\" \/>\n<meta name=\"twitter:card\" content=\"summary_large_image\" \/>\n<script type=\"application\/ld+json\" class=\"yoast-schema-graph\">{\"@context\":\"https:\/\/schema.org\",\"@graph\":[{\"@type\":\"WebPage\",\"@id\":\"https:\/\/addio.eu\/hu\/termek\/22-csatornas-bemeneti-egyseg\/\",\"url\":\"https:\/\/addio.eu\/hu\/termek\/22-csatornas-bemeneti-egyseg\/\",\"name\":\"22 csatorn\u00e1s bemeneti egys\u00e9g - Addio Electronics\",\"isPartOf\":{\"@id\":\"https:\/\/addio.eu\/hu\/#website\"},\"primaryImageOfPage\":{\"@id\":\"https:\/\/addio.eu\/hu\/termek\/22-csatornas-bemeneti-egyseg\/#primaryimage\"},\"image\":{\"@id\":\"https:\/\/addio.eu\/hu\/termek\/22-csatornas-bemeneti-egyseg\/#primaryimage\"},\"thumbnailUrl\":\"https:\/\/addio.eu\/wp-content\/uploads\/2025\/03\/IMG_1659-scaled.jpg\",\"datePublished\":\"2025-03-07T11:01:36+00:00\",\"breadcrumb\":{\"@id\":\"https:\/\/addio.eu\/hu\/termek\/22-csatornas-bemeneti-egyseg\/#breadcrumb\"},\"inLanguage\":\"hu\",\"potentialAction\":[{\"@type\":\"ReadAction\",\"target\":[\"https:\/\/addio.eu\/hu\/termek\/22-csatornas-bemeneti-egyseg\/\"]}]},{\"@type\":\"ImageObject\",\"inLanguage\":\"hu\",\"@id\":\"https:\/\/addio.eu\/hu\/termek\/22-csatornas-bemeneti-egyseg\/#primaryimage\",\"url\":\"https:\/\/addio.eu\/wp-content\/uploads\/2025\/03\/IMG_1659-scaled.jpg\",\"contentUrl\":\"https:\/\/addio.eu\/wp-content\/uploads\/2025\/03\/IMG_1659-scaled.jpg\",\"width\":2560,\"height\":1920},{\"@type\":\"BreadcrumbList\",\"@id\":\"https:\/\/addio.eu\/hu\/termek\/22-csatornas-bemeneti-egyseg\/#breadcrumb\",\"itemListElement\":[{\"@type\":\"ListItem\",\"position\":1,\"name\":\"Home\",\"item\":\"https:\/\/addio.eu\/hu\/addio-kezdolap\/\"},{\"@type\":\"ListItem\",\"position\":2,\"name\":\"Term\u00e9kek\",\"item\":\"https:\/\/addio.eu\/hu\/termekek\/\"},{\"@type\":\"ListItem\",\"position\":3,\"name\":\"22 csatorn\u00e1s bemeneti egys\u00e9g\"}]},{\"@type\":\"WebSite\",\"@id\":\"https:\/\/addio.eu\/hu\/#website\",\"url\":\"https:\/\/addio.eu\/hu\/\",\"name\":\"addio.eu\",\"description\":\"\",\"publisher\":{\"@id\":\"https:\/\/addio.eu\/hu\/#organization\"},\"potentialAction\":[{\"@type\":\"SearchAction\",\"target\":{\"@type\":\"EntryPoint\",\"urlTemplate\":\"https:\/\/addio.eu\/hu\/?s={search_term_string}\"},\"query-input\":{\"@type\":\"PropertyValueSpecification\",\"valueRequired\":true,\"valueName\":\"search_term_string\"}}],\"inLanguage\":\"hu\"},{\"@type\":\"Organization\",\"@id\":\"https:\/\/addio.eu\/hu\/#organization\",\"name\":\"Addio Electronics\",\"url\":\"https:\/\/addio.eu\/hu\/\",\"logo\":{\"@type\":\"ImageObject\",\"inLanguage\":\"hu\",\"@id\":\"https:\/\/addio.eu\/hu\/#\/schema\/logo\/image\/\",\"url\":\"https:\/\/addio.eu\/wp-content\/uploads\/2024\/10\/Lager_1-1.svg\",\"contentUrl\":\"https:\/\/addio.eu\/wp-content\/uploads\/2024\/10\/Lager_1-1.svg\",\"caption\":\"Addio Electronics\"},\"image\":{\"@id\":\"https:\/\/addio.eu\/hu\/#\/schema\/logo\/image\/\"},\"sameAs\":[\"https:\/\/www.facebook.com\/AddioElectronicsAB\/\",\"https:\/\/www.linkedin.com\/company\/addio-electronics-ab\"]}]}<\/script>\n<!-- \/ Yoast SEO plugin. -->","yoast_head_json":{"title":"22 csatorn\u00e1s bemeneti egys\u00e9g - Addio Electronics","robots":{"index":"index","follow":"follow","max-snippet":"max-snippet:-1","max-image-preview":"max-image-preview:large","max-video-preview":"max-video-preview:-1"},"canonical":"https:\/\/addio.eu\/hu\/termek\/22-csatornas-bemeneti-egyseg\/","og_locale":"hu_HU","og_type":"article","og_title":"22 csatorn\u00e1s bemeneti egys\u00e9g - Addio Electronics","og_description":"Az ADV DRB-k kieg\u00e9sz\u00edt\u0151jek\u00e9nt l\u00e9tezik egy 22 bemenet\u0171 bemeneti egys\u00e9g, amely a DRB-k COM\/CAN portj\u00e1hoz csatlakozik. Az egys\u00e9g 3 levehet\u0151 8 t\u0171s csatlakoz\u00f3val rendelkezik. A bemenetek A, B \u00e9s C jel\u00f6l\u00e9ssel vannak ell\u00e1tva, ahol az A bemenet 6 bemenettel, valamint plusz \u00e9s m\u00ednusz t\u00e1pcsatlakoz\u00e1sokkal rendelkezik, amelyek k\u00fcls\u0151 nyom\u00f3gombok t\u00e1pl\u00e1l\u00e1s\u00e1ra haszn\u00e1lhat\u00f3k. A B \u00e9s C bemenetek mindegyike 8 bemenettel rendelkezik, 1-8-ig sz\u00e1mozva.  A kommunik\u00e1ci\u00f3s port kett\u0151s RJ-10 csatlakoz\u00f3kb\u00f3l \u00e1ll, amelyek azonosak \u00e9s p\u00e1rhuzamosan vannak csatlakoztatva, lehet\u0151v\u00e9 t\u00e9ve b\u00e1rmelyik csatlakoz\u00f3 haszn\u00e1lat\u00e1t. Hozza l\u00e9tre saj\u00e1t billenty\u0171zet\u00e9t Ha saj\u00e1t billenty\u0171zetet szeretne l\u00e9trehozni ak\u00e1r 22 testreszabhat\u00f3 gombbal, p\u00e9ld\u00e1ul k\u00fclt\u00e9ri haszn\u00e1latra sz\u00e1nt strapab\u00edr\u00f3 gombokkal, az egyes gombokat ehhez az egys\u00e9ghez csatlakoztathatja, amely ezut\u00e1n egy egyszer\u0171 k\u00e1bellel (CANBus-on kereszt\u00fcl) csatlakozik a DRB egys\u00e9ghez. Egy Addio rendszerben 2 egys\u00e9g csatlakoztathat\u00f3, lehet\u0151v\u00e9 t\u00e9ve, hogy k\u00e9t azonos billenty\u0171zeten p\u00e1rhuzamosan 22 egyedi funkci\u00f3t haszn\u00e1ljon.","og_url":"https:\/\/addio.eu\/hu\/termek\/22-csatornas-bemeneti-egyseg\/","og_site_name":"Addio Electronics","article_publisher":"https:\/\/www.facebook.com\/AddioElectronicsAB\/","og_image":[{"width":2560,"height":1920,"url":"https:\/\/addio.eu\/wp-content\/uploads\/2025\/03\/IMG_1659-scaled.jpg","type":"image\/jpeg"}],"twitter_card":"summary_large_image","schema":{"@context":"https:\/\/schema.org","@graph":[{"@type":"WebPage","@id":"https:\/\/addio.eu\/hu\/termek\/22-csatornas-bemeneti-egyseg\/","url":"https:\/\/addio.eu\/hu\/termek\/22-csatornas-bemeneti-egyseg\/","name":"22 csatorn\u00e1s bemeneti egys\u00e9g - Addio Electronics","isPartOf":{"@id":"https:\/\/addio.eu\/hu\/#website"},"primaryImageOfPage":{"@id":"https:\/\/addio.eu\/hu\/termek\/22-csatornas-bemeneti-egyseg\/#primaryimage"},"image":{"@id":"https:\/\/addio.eu\/hu\/termek\/22-csatornas-bemeneti-egyseg\/#primaryimage"},"thumbnailUrl":"https:\/\/addio.eu\/wp-content\/uploads\/2025\/03\/IMG_1659-scaled.jpg","datePublished":"2025-03-07T11:01:36+00:00","breadcrumb":{"@id":"https:\/\/addio.eu\/hu\/termek\/22-csatornas-bemeneti-egyseg\/#breadcrumb"},"inLanguage":"hu","potentialAction":[{"@type":"ReadAction","target":["https:\/\/addio.eu\/hu\/termek\/22-csatornas-bemeneti-egyseg\/"]}]},{"@type":"ImageObject","inLanguage":"hu","@id":"https:\/\/addio.eu\/hu\/termek\/22-csatornas-bemeneti-egyseg\/#primaryimage","url":"https:\/\/addio.eu\/wp-content\/uploads\/2025\/03\/IMG_1659-scaled.jpg","contentUrl":"https:\/\/addio.eu\/wp-content\/uploads\/2025\/03\/IMG_1659-scaled.jpg","width":2560,"height":1920},{"@type":"BreadcrumbList","@id":"https:\/\/addio.eu\/hu\/termek\/22-csatornas-bemeneti-egyseg\/#breadcrumb","itemListElement":[{"@type":"ListItem","position":1,"name":"Home","item":"https:\/\/addio.eu\/hu\/addio-kezdolap\/"},{"@type":"ListItem","position":2,"name":"Term\u00e9kek","item":"https:\/\/addio.eu\/hu\/termekek\/"},{"@type":"ListItem","position":3,"name":"22 csatorn\u00e1s bemeneti egys\u00e9g"}]},{"@type":"WebSite","@id":"https:\/\/addio.eu\/hu\/#website","url":"https:\/\/addio.eu\/hu\/","name":"addio.eu","description":"","publisher":{"@id":"https:\/\/addio.eu\/hu\/#organization"},"potentialAction":[{"@type":"SearchAction","target":{"@type":"EntryPoint","urlTemplate":"https:\/\/addio.eu\/hu\/?s={search_term_string}"},"query-input":{"@type":"PropertyValueSpecification","valueRequired":true,"valueName":"search_term_string"}}],"inLanguage":"hu"},{"@type":"Organization","@id":"https:\/\/addio.eu\/hu\/#organization","name":"Addio Electronics","url":"https:\/\/addio.eu\/hu\/","logo":{"@type":"ImageObject","inLanguage":"hu","@id":"https:\/\/addio.eu\/hu\/#\/schema\/logo\/image\/","url":"https:\/\/addio.eu\/wp-content\/uploads\/2024\/10\/Lager_1-1.svg","contentUrl":"https:\/\/addio.eu\/wp-content\/uploads\/2024\/10\/Lager_1-1.svg","caption":"Addio Electronics"},"image":{"@id":"https:\/\/addio.eu\/hu\/#\/schema\/logo\/image\/"},"sameAs":["https:\/\/www.facebook.com\/AddioElectronicsAB\/","https:\/\/www.linkedin.com\/company\/addio-electronics-ab"]}]}},"_links":{"self":[{"href":"https:\/\/addio.eu\/hu\/wp-json\/wp\/v2\/product\/11731","targetHints":{"allow":["GET"]}}],"collection":[{"href":"https:\/\/addio.eu\/hu\/wp-json\/wp\/v2\/product"}],"about":[{"href":"https:\/\/addio.eu\/hu\/wp-json\/wp\/v2\/types\/product"}],"replies":[{"embeddable":true,"href":"https:\/\/addio.eu\/hu\/wp-json\/wp\/v2\/comments?post=11731"}],"wp:featuredmedia":[{"embeddable":true,"href":"https:\/\/addio.eu\/hu\/wp-json\/wp\/v2\/media\/5891"}],"wp:attachment":[{"href":"https:\/\/addio.eu\/hu\/wp-json\/wp\/v2\/media?parent=11731"}],"wp:term":[{"taxonomy":"product_brand","embeddable":true,"href":"https:\/\/addio.eu\/hu\/wp-json\/wp\/v2\/product_brand?post=11731"},{"taxonomy":"product_cat","embeddable":true,"href":"https:\/\/addio.eu\/hu\/wp-json\/wp\/v2\/product_cat?post=11731"},{"taxonomy":"product_tag","embeddable":true,"href":"https:\/\/addio.eu\/hu\/wp-json\/wp\/v2\/product_tag?post=11731"}],"curies":[{"name":"wp","href":"https:\/\/api.w.org\/{rel}","templated":true}]}}