{"id":11585,"date":"2025-03-07T10:42:15","date_gmt":"2025-03-07T10:42:15","guid":{"rendered":"https:\/\/addio.eu\/product\/bluetooth-ble-5-0-can\/"},"modified":"2025-03-07T10:42:15","modified_gmt":"2025-03-07T10:42:15","slug":"bluetooth-ble-5-0-can","status":"publish","type":"product","link":"https:\/\/addio.eu\/hu\/termek\/bluetooth-ble-5-0-can\/","title":{"rendered":"Bluetooth BLE 5.0 CAN"},"content":{"rendered":"<p><strong>M\u00e9ret<\/strong><br \/>\n50*25*16mm<\/p>\n<p><strong>S\u00faly<\/strong><br \/>\n13g<\/p>\n","protected":false},"excerpt":{"rendered":"<p class=\"\" data-start=\"47\" data-end=\"110\"><strong data-start=\"47\" data-end=\"110\">Bluetooth egys\u00e9g a rendszer mobiltelefonon kereszt\u00fcli vez\u00e9rl\u00e9s\u00e9re<\/strong><\/p>\n<p class=\"\" data-start=\"112\" data-end=\"367\">Minden ADV egys\u00e9g kieg\u00e9sz\u00edt\u0151jek\u00e9nt Bluetooth modul csatlakoztathat\u00f3 a CAN porton kereszt\u00fcl vezet\u00e9k n\u00e9lk\u00fcli vez\u00e9rl\u00e9shez egy mobilalkalmaz\u00e1son kereszt\u00fcl iOS (Apple) \u00e9s Android eszk\u00f6z\u00f6kh\u00f6z. A mobil eszk\u00f6znek t\u00e1mogatnia kell a Bluetooth 4.0-t vagy \u00fajabbat a kapcsolat l\u00e9tes\u00edt\u00e9s\u00e9hez. <\/p>\n<p class=\"\" data-start=\"369\" data-end=\"632\">Fontos a modult olyan helyre elhelyezni, ahol a lehet\u0151 legjobb kapcsolatot tudja fenntartani a mobil eszk\u00f6zzel. Tiszta r\u00e1l\u00e1t\u00e1s eset\u00e9n t\u00f6bb mint 150 m\u00e9teres hat\u00f3t\u00e1vols\u00e1g \u00e9rhet\u0151 el, b\u00e1r ez nagym\u00e9rt\u00e9kben f\u00fcgg a haszn\u00e1lt mobil eszk\u00f6zt\u0151l. <\/p>\n<p class=\"\" data-start=\"634\" data-end=\"763\">A kommunik\u00e1ci\u00f3s port egy RJ-10 csatlakoz\u00f3b\u00f3l \u00e1ll a modul r\u00f6videbb oldal\u00e1n, amely az egys\u00e9g COM\/CAN portj\u00e1hoz csatlakozik.<\/p>\n","protected":false},"featured_media":5873,"comment_status":"open","ping_status":"closed","template":"","meta":[],"product_brand":[],"product_cat":[269],"product_tag":[270],"class_list":{"0":"post-11585","1":"product","2":"type-product","3":"status-publish","4":"has-post-thumbnail","6":"product_cat-bluetooth","7":"product_tag-bluetooth","9":"first","10":"instock","11":"shipping-taxable","12":"product-type-simple"},"yoast_head":"<!-- This site is optimized with the Yoast SEO plugin v26.0 - https:\/\/yoast.com\/wordpress\/plugins\/seo\/ -->\n<title>Bluetooth BLE 5.0 CAN - Addio Electronics<\/title>\n<meta name=\"robots\" content=\"index, follow, max-snippet:-1, max-image-preview:large, max-video-preview:-1\" \/>\n<link rel=\"canonical\" href=\"https:\/\/addio.eu\/hu\/termek\/bluetooth-ble-5-0-can\/\" \/>\n<meta property=\"og:locale\" content=\"hu_HU\" \/>\n<meta property=\"og:type\" content=\"article\" \/>\n<meta property=\"og:title\" content=\"Bluetooth BLE 5.0 CAN - Addio Electronics\" \/>\n<meta property=\"og:description\" content=\"Bluetooth egys\u00e9g a rendszer mobiltelefonon kereszt\u00fcli vez\u00e9rl\u00e9s\u00e9re Minden ADV egys\u00e9g kieg\u00e9sz\u00edt\u0151jek\u00e9nt Bluetooth modul csatlakoztathat\u00f3 a CAN porton kereszt\u00fcl vezet\u00e9k n\u00e9lk\u00fcli vez\u00e9rl\u00e9shez egy mobilalkalmaz\u00e1son kereszt\u00fcl iOS (Apple) \u00e9s Android eszk\u00f6z\u00f6kh\u00f6z. A mobil eszk\u00f6znek t\u00e1mogatnia kell a Bluetooth 4.0-t vagy \u00fajabbat a kapcsolat l\u00e9tes\u00edt\u00e9s\u00e9hez. Fontos a modult olyan helyre elhelyezni, ahol a lehet\u0151 legjobb kapcsolatot tudja fenntartani a mobil eszk\u00f6zzel. Tiszta r\u00e1l\u00e1t\u00e1s eset\u00e9n t\u00f6bb mint 150 m\u00e9teres hat\u00f3t\u00e1vols\u00e1g \u00e9rhet\u0151 el, b\u00e1r ez nagym\u00e9rt\u00e9kben f\u00fcgg a haszn\u00e1lt mobil eszk\u00f6zt\u0151l. A kommunik\u00e1ci\u00f3s port egy RJ-10 csatlakoz\u00f3b\u00f3l \u00e1ll a modul r\u00f6videbb oldal\u00e1n, amely az egys\u00e9g COM\/CAN portj\u00e1hoz csatlakozik.\" \/>\n<meta property=\"og:url\" content=\"https:\/\/addio.eu\/hu\/termek\/bluetooth-ble-5-0-can\/\" \/>\n<meta property=\"og:site_name\" content=\"Addio Electronics\" \/>\n<meta property=\"article:publisher\" content=\"https:\/\/www.facebook.com\/AddioElectronicsAB\/\" \/>\n<meta property=\"og:image\" content=\"https:\/\/addio.eu\/wp-content\/uploads\/2025\/03\/IMG_1545.jpg\" \/>\n\t<meta property=\"og:image:width\" content=\"1065\" \/>\n\t<meta property=\"og:image:height\" content=\"774\" \/>\n\t<meta property=\"og:image:type\" content=\"image\/jpeg\" \/>\n<meta name=\"twitter:card\" content=\"summary_large_image\" \/>\n<script type=\"application\/ld+json\" class=\"yoast-schema-graph\">{\"@context\":\"https:\/\/schema.org\",\"@graph\":[{\"@type\":\"WebPage\",\"@id\":\"https:\/\/addio.eu\/hu\/termek\/bluetooth-ble-5-0-can\/\",\"url\":\"https:\/\/addio.eu\/hu\/termek\/bluetooth-ble-5-0-can\/\",\"name\":\"Bluetooth BLE 5.0 CAN - Addio Electronics\",\"isPartOf\":{\"@id\":\"https:\/\/addio.eu\/hu\/#website\"},\"primaryImageOfPage\":{\"@id\":\"https:\/\/addio.eu\/hu\/termek\/bluetooth-ble-5-0-can\/#primaryimage\"},\"image\":{\"@id\":\"https:\/\/addio.eu\/hu\/termek\/bluetooth-ble-5-0-can\/#primaryimage\"},\"thumbnailUrl\":\"https:\/\/addio.eu\/wp-content\/uploads\/2025\/03\/IMG_1545.jpg\",\"datePublished\":\"2025-03-07T10:42:15+00:00\",\"breadcrumb\":{\"@id\":\"https:\/\/addio.eu\/hu\/termek\/bluetooth-ble-5-0-can\/#breadcrumb\"},\"inLanguage\":\"hu\",\"potentialAction\":[{\"@type\":\"ReadAction\",\"target\":[\"https:\/\/addio.eu\/hu\/termek\/bluetooth-ble-5-0-can\/\"]}]},{\"@type\":\"ImageObject\",\"inLanguage\":\"hu\",\"@id\":\"https:\/\/addio.eu\/hu\/termek\/bluetooth-ble-5-0-can\/#primaryimage\",\"url\":\"https:\/\/addio.eu\/wp-content\/uploads\/2025\/03\/IMG_1545.jpg\",\"contentUrl\":\"https:\/\/addio.eu\/wp-content\/uploads\/2025\/03\/IMG_1545.jpg\",\"width\":1065,\"height\":774},{\"@type\":\"BreadcrumbList\",\"@id\":\"https:\/\/addio.eu\/hu\/termek\/bluetooth-ble-5-0-can\/#breadcrumb\",\"itemListElement\":[{\"@type\":\"ListItem\",\"position\":1,\"name\":\"Home\",\"item\":\"https:\/\/addio.eu\/hu\/addio-kezdolap\/\"},{\"@type\":\"ListItem\",\"position\":2,\"name\":\"Term\u00e9kek\",\"item\":\"https:\/\/addio.eu\/hu\/termekek\/\"},{\"@type\":\"ListItem\",\"position\":3,\"name\":\"Bluetooth BLE 5.0 CAN\"}]},{\"@type\":\"WebSite\",\"@id\":\"https:\/\/addio.eu\/hu\/#website\",\"url\":\"https:\/\/addio.eu\/hu\/\",\"name\":\"addio.eu\",\"description\":\"\",\"publisher\":{\"@id\":\"https:\/\/addio.eu\/hu\/#organization\"},\"potentialAction\":[{\"@type\":\"SearchAction\",\"target\":{\"@type\":\"EntryPoint\",\"urlTemplate\":\"https:\/\/addio.eu\/hu\/?s={search_term_string}\"},\"query-input\":{\"@type\":\"PropertyValueSpecification\",\"valueRequired\":true,\"valueName\":\"search_term_string\"}}],\"inLanguage\":\"hu\"},{\"@type\":\"Organization\",\"@id\":\"https:\/\/addio.eu\/hu\/#organization\",\"name\":\"Addio Electronics\",\"url\":\"https:\/\/addio.eu\/hu\/\",\"logo\":{\"@type\":\"ImageObject\",\"inLanguage\":\"hu\",\"@id\":\"https:\/\/addio.eu\/hu\/#\/schema\/logo\/image\/\",\"url\":\"https:\/\/addio.eu\/wp-content\/uploads\/2024\/10\/Lager_1-1.svg\",\"contentUrl\":\"https:\/\/addio.eu\/wp-content\/uploads\/2024\/10\/Lager_1-1.svg\",\"caption\":\"Addio Electronics\"},\"image\":{\"@id\":\"https:\/\/addio.eu\/hu\/#\/schema\/logo\/image\/\"},\"sameAs\":[\"https:\/\/www.facebook.com\/AddioElectronicsAB\/\",\"https:\/\/www.linkedin.com\/company\/addio-electronics-ab\"]}]}<\/script>\n<!-- \/ Yoast SEO plugin. -->","yoast_head_json":{"title":"Bluetooth BLE 5.0 CAN - Addio Electronics","robots":{"index":"index","follow":"follow","max-snippet":"max-snippet:-1","max-image-preview":"max-image-preview:large","max-video-preview":"max-video-preview:-1"},"canonical":"https:\/\/addio.eu\/hu\/termek\/bluetooth-ble-5-0-can\/","og_locale":"hu_HU","og_type":"article","og_title":"Bluetooth BLE 5.0 CAN - Addio Electronics","og_description":"Bluetooth egys\u00e9g a rendszer mobiltelefonon kereszt\u00fcli vez\u00e9rl\u00e9s\u00e9re Minden ADV egys\u00e9g kieg\u00e9sz\u00edt\u0151jek\u00e9nt Bluetooth modul csatlakoztathat\u00f3 a CAN porton kereszt\u00fcl vezet\u00e9k n\u00e9lk\u00fcli vez\u00e9rl\u00e9shez egy mobilalkalmaz\u00e1son kereszt\u00fcl iOS (Apple) \u00e9s Android eszk\u00f6z\u00f6kh\u00f6z. A mobil eszk\u00f6znek t\u00e1mogatnia kell a Bluetooth 4.0-t vagy \u00fajabbat a kapcsolat l\u00e9tes\u00edt\u00e9s\u00e9hez. Fontos a modult olyan helyre elhelyezni, ahol a lehet\u0151 legjobb kapcsolatot tudja fenntartani a mobil eszk\u00f6zzel. Tiszta r\u00e1l\u00e1t\u00e1s eset\u00e9n t\u00f6bb mint 150 m\u00e9teres hat\u00f3t\u00e1vols\u00e1g \u00e9rhet\u0151 el, b\u00e1r ez nagym\u00e9rt\u00e9kben f\u00fcgg a haszn\u00e1lt mobil eszk\u00f6zt\u0151l. A kommunik\u00e1ci\u00f3s port egy RJ-10 csatlakoz\u00f3b\u00f3l \u00e1ll a modul r\u00f6videbb oldal\u00e1n, amely az egys\u00e9g COM\/CAN portj\u00e1hoz csatlakozik.","og_url":"https:\/\/addio.eu\/hu\/termek\/bluetooth-ble-5-0-can\/","og_site_name":"Addio Electronics","article_publisher":"https:\/\/www.facebook.com\/AddioElectronicsAB\/","og_image":[{"width":1065,"height":774,"url":"https:\/\/addio.eu\/wp-content\/uploads\/2025\/03\/IMG_1545.jpg","type":"image\/jpeg"}],"twitter_card":"summary_large_image","schema":{"@context":"https:\/\/schema.org","@graph":[{"@type":"WebPage","@id":"https:\/\/addio.eu\/hu\/termek\/bluetooth-ble-5-0-can\/","url":"https:\/\/addio.eu\/hu\/termek\/bluetooth-ble-5-0-can\/","name":"Bluetooth BLE 5.0 CAN - Addio Electronics","isPartOf":{"@id":"https:\/\/addio.eu\/hu\/#website"},"primaryImageOfPage":{"@id":"https:\/\/addio.eu\/hu\/termek\/bluetooth-ble-5-0-can\/#primaryimage"},"image":{"@id":"https:\/\/addio.eu\/hu\/termek\/bluetooth-ble-5-0-can\/#primaryimage"},"thumbnailUrl":"https:\/\/addio.eu\/wp-content\/uploads\/2025\/03\/IMG_1545.jpg","datePublished":"2025-03-07T10:42:15+00:00","breadcrumb":{"@id":"https:\/\/addio.eu\/hu\/termek\/bluetooth-ble-5-0-can\/#breadcrumb"},"inLanguage":"hu","potentialAction":[{"@type":"ReadAction","target":["https:\/\/addio.eu\/hu\/termek\/bluetooth-ble-5-0-can\/"]}]},{"@type":"ImageObject","inLanguage":"hu","@id":"https:\/\/addio.eu\/hu\/termek\/bluetooth-ble-5-0-can\/#primaryimage","url":"https:\/\/addio.eu\/wp-content\/uploads\/2025\/03\/IMG_1545.jpg","contentUrl":"https:\/\/addio.eu\/wp-content\/uploads\/2025\/03\/IMG_1545.jpg","width":1065,"height":774},{"@type":"BreadcrumbList","@id":"https:\/\/addio.eu\/hu\/termek\/bluetooth-ble-5-0-can\/#breadcrumb","itemListElement":[{"@type":"ListItem","position":1,"name":"Home","item":"https:\/\/addio.eu\/hu\/addio-kezdolap\/"},{"@type":"ListItem","position":2,"name":"Term\u00e9kek","item":"https:\/\/addio.eu\/hu\/termekek\/"},{"@type":"ListItem","position":3,"name":"Bluetooth BLE 5.0 CAN"}]},{"@type":"WebSite","@id":"https:\/\/addio.eu\/hu\/#website","url":"https:\/\/addio.eu\/hu\/","name":"addio.eu","description":"","publisher":{"@id":"https:\/\/addio.eu\/hu\/#organization"},"potentialAction":[{"@type":"SearchAction","target":{"@type":"EntryPoint","urlTemplate":"https:\/\/addio.eu\/hu\/?s={search_term_string}"},"query-input":{"@type":"PropertyValueSpecification","valueRequired":true,"valueName":"search_term_string"}}],"inLanguage":"hu"},{"@type":"Organization","@id":"https:\/\/addio.eu\/hu\/#organization","name":"Addio Electronics","url":"https:\/\/addio.eu\/hu\/","logo":{"@type":"ImageObject","inLanguage":"hu","@id":"https:\/\/addio.eu\/hu\/#\/schema\/logo\/image\/","url":"https:\/\/addio.eu\/wp-content\/uploads\/2024\/10\/Lager_1-1.svg","contentUrl":"https:\/\/addio.eu\/wp-content\/uploads\/2024\/10\/Lager_1-1.svg","caption":"Addio Electronics"},"image":{"@id":"https:\/\/addio.eu\/hu\/#\/schema\/logo\/image\/"},"sameAs":["https:\/\/www.facebook.com\/AddioElectronicsAB\/","https:\/\/www.linkedin.com\/company\/addio-electronics-ab"]}]}},"_links":{"self":[{"href":"https:\/\/addio.eu\/hu\/wp-json\/wp\/v2\/product\/11585","targetHints":{"allow":["GET"]}}],"collection":[{"href":"https:\/\/addio.eu\/hu\/wp-json\/wp\/v2\/product"}],"about":[{"href":"https:\/\/addio.eu\/hu\/wp-json\/wp\/v2\/types\/product"}],"replies":[{"embeddable":true,"href":"https:\/\/addio.eu\/hu\/wp-json\/wp\/v2\/comments?post=11585"}],"wp:featuredmedia":[{"embeddable":true,"href":"https:\/\/addio.eu\/hu\/wp-json\/wp\/v2\/media\/5873"}],"wp:attachment":[{"href":"https:\/\/addio.eu\/hu\/wp-json\/wp\/v2\/media?parent=11585"}],"wp:term":[{"taxonomy":"product_brand","embeddable":true,"href":"https:\/\/addio.eu\/hu\/wp-json\/wp\/v2\/product_brand?post=11585"},{"taxonomy":"product_cat","embeddable":true,"href":"https:\/\/addio.eu\/hu\/wp-json\/wp\/v2\/product_cat?post=11585"},{"taxonomy":"product_tag","embeddable":true,"href":"https:\/\/addio.eu\/hu\/wp-json\/wp\/v2\/product_tag?post=11585"}],"curies":[{"name":"wp","href":"https:\/\/api.w.org\/{rel}","templated":true}]}}