{"id":11155,"date":"2025-02-04T13:00:24","date_gmt":"2025-02-04T13:00:24","guid":{"rendered":"https:\/\/addio.eu\/product\/drb-1612-4-adv\/"},"modified":"2026-02-10T17:02:37","modified_gmt":"2026-02-10T17:02:37","slug":"drb-1612-4-adv","status":"publish","type":"product","link":"https:\/\/addio.eu\/hu\/termek\/drb-1612-4-adv\/","title":{"rendered":"DRB 1612-4 ADV"},"content":{"rendered":"<p>Automatiz\u00e1lt funkci\u00f3khoz az Addio CAN Master haszn\u00e1lhat\u00f3 j\u00e1rm\u0171jelekkel val\u00f3 integr\u00e1ci\u00f3hoz.<\/p>\n<p>A DRB konfigur\u00e1l\u00e1sa az ADDIO CC szoftver\u00fcnk\u00f6n kereszt\u00fcl t\u00f6rt\u00e9nik.<\/p>\n<table width=\"360\">\n<tbody>\n<tr>\n<td width=\"234\">Modell<\/td>\n<td width=\"126\">DRB-1612-4 ADV<\/td>\n<\/tr>\n<tr>\n<td width=\"234\">T\u00e1pell\u00e1t\u00e1s<\/td>\n<td width=\"126\">10-22 VDC<\/td>\n<\/tr>\n<tr>\n<td width=\"234\">Bels\u0151 \u00e1ramfogyaszt\u00e1s (k\u00f6r\u00fclbel\u00fcl) Norm\u00e1l \u00fczemm\u00f3d, nincs akt\u00edv kimenet \/ Alv\u00f3 \u00fczemm\u00f3d<\/td>\n<td width=\"126\">~20mA\/~4mA<\/td>\n<\/tr>\n<tr>\n<td width=\"234\">Alacsony fesz\u00fclts\u00e9g v\u00e9delem (\u00e1ll\u00edthat\u00f3)<\/td>\n<td width=\"126\">10-13V, 0.5V l\u00e9p\u00e9sekben<\/td>\n<\/tr>\n<tr>\n<td width=\"234\">T\u00falfesz\u00fclts\u00e9g v\u00e9delem (\u00e1ll\u00edthat\u00f3)<\/td>\n<td width=\"126\">16-26V, 2V l\u00e9p\u00e9sekben<\/td>\n<\/tr>\n<tr>\n<td width=\"234\">Max. teljes \u00e1ram 1 percig<\/td>\n<td width=\"126\">24A<\/td>\n<\/tr>\n<tr>\n<td width=\"234\">Max. folyamatos teljes \u00e1ram<\/td>\n<td width=\"126\">16A<\/td>\n<\/tr>\n<tr>\n<td width=\"234\">Bemenetek sz\u00e1ma \u00f6sszesen<\/td>\n<td width=\"126\">6 db<\/td>\n<\/tr>\n<tr>\n<td width=\"234\">Digit\u00e1lis bemenetek<\/td>\n<td width=\"126\">6 db a 6-b\u00f3l<\/td>\n<\/tr>\n<tr>\n<td width=\"234\">Anal\u00f3g bemenetek<\/td>\n<td width=\"126\">2 db a 6-b\u00f3l<\/td>\n<\/tr>\n<tr>\n<td width=\"234\">Bemeneti ellen\u00e1ll\u00e1s @12V<\/td>\n<td width=\"126\">22k\u03a9<\/td>\n<\/tr>\n<tr>\n<td width=\"234\">Bemeneti csatlakoz\u00e1sok (dugaszolhat\u00f3 csavaros termin\u00e1lok)<\/td>\n<td width=\"126\">8 p\u00f3lus\u00fa, +\/&#8211;val egy\u00fctt<\/td>\n<\/tr>\n<tr>\n<td width=\"234\">Kimenetek sz\u00e1ma<\/td>\n<td width=\"126\">4 db<\/td>\n<\/tr>\n<tr>\n<td width=\"234\">Kimeneti csatlakoz\u00e1sok<\/td>\n<td width=\"126\">6 p\u00f3lus\u00fa csavaros termin\u00e1l, bele\u00e9rtve<\/td>\n<\/tr>\n<tr>\n<td width=\"234\">Biztos\u00edt\u00e9k m\u00e9rete A, kimenetek<\/td>\n<td width=\"126\">1, 2, 3, 4, 5, 6.<\/td>\n<\/tr>\n<tr>\n<td width=\"234\">T\u00e1pcsatlakoz\u00e1s<\/td>\n<td width=\"126\">2p csavaros termin\u00e1l<\/td>\n<\/tr>\n<tr>\n<td width=\"234\">Bluetooth<\/td>\n<td width=\"126\">Igen, tartoz\u00e9k<\/td>\n<\/tr>\n<tr>\n<td width=\"234\">Motorvez\u00e9rl\u00e9s H-h\u00edd (el\u0151zetes \u00e1ram)<\/td>\n<td width=\"126\">Nem<\/td>\n<\/tr>\n<tr>\n<td width=\"234\">Hibajelz\u00e9s<\/td>\n<td width=\"126\">Nem<\/td>\n<\/tr>\n<tr>\n<td width=\"234\">LED kimenetenk\u00e9nt (\u00e1ll\u00edthat\u00f3 sz\u00edn)<\/td>\n<td width=\"126\">Nem<\/td>\n<\/tr>\n<tr>\n<td width=\"234\">Kommunik\u00e1ci\u00f3s busz (CAN busz)<\/td>\n<td width=\"126\">Igen, 1 db RJ10<\/td>\n<\/tr>\n<tr>\n<td width=\"234\">Sz\u00e1m\u00edt\u00f3g\u00e9p csatlakoz\u00e1sok<\/td>\n<td width=\"126\">USB Micro<\/td>\n<\/tr>\n<tr>\n<td width=\"234\">F\u00f6ldel\u00e9si jelek<\/td>\n<td width=\"126\">Igen, bels\u0151 felh\u00faz\u00f3 ellen\u00e1ll\u00e1ssal, 5-6. bemenet<\/td>\n<\/tr>\n<tr>\n<td width=\"234\">K\u00e9zi vez\u00e9rl\u0151, kapcsol\u00f3 panelek, \u00e9rz\u00e9kel\u0151k stb.<\/td>\n<td width=\"126\">Igen, tartoz\u00e9kk\u00e9nt<\/td>\n<\/tr>\n<tr>\n<td width=\"234\">M\u00e9ret (mm)<\/td>\n<td width=\"126\">66x74x21<\/td>\n<\/tr>\n<tr>\n<td width=\"234\">S\u00faly<\/td>\n<td width=\"126\">50 g<\/td>\n<\/tr>\n<\/tbody>\n<\/table>\n<p>&nbsp;<\/p>\n","protected":false},"excerpt":{"rendered":"<p class=\"\" data-start=\"112\" data-end=\"430\">A DRB 1612-4 ADV a legkisebb egys\u00e9g\u00fcnk 4 kimenettel \u00e9s 6 bemenettel, \u00e9s 16 Amper folyamatos \u00f6ssz\u00e1rammal, amely az \u00f6sszes kimeneten eloszlik.<\/p>\n<p>Mint minden DRB-nk, az 1612-ADV is sz\u00e1mos funkci\u00f3t k\u00edn\u00e1l, mint p\u00e9ld\u00e1ul:<\/p>\n<ul>\n<li>Rel\u00e9 funkci\u00f3k, p\u00e9ld\u00e1ul villog\u00f3, f\u00e9nyer\u0151szab\u00e1lyz\u00f3 \u00e9s id\u0151z\u00edt\u0151<\/li>\n<li>Biztos\u00edt\u00e9k funkci\u00f3 nagy\u00e1ram\u00fa kapcsol\u00f3kon kereszt\u00fcl<\/li>\n<li>Akkumul\u00e1torv\u00e9delem id\u0151z\u00edt\u0151k vagy fesz\u00fclts\u00e9gv\u00e9delem r\u00e9v\u00e9n, kimenetenk\u00e9nt egyedileg<\/li>\n<li>Szab\u00e1lyalap\u00fa logikai funkci\u00f3k<\/li>\n<li>Ak\u00e1r h\u00e1rom k\u00fcl\u00f6nb\u00f6z\u0151 funkci\u00f3 kimenetenk\u00e9nt, p\u00e9ld\u00e1ul folyamatos vagy villog\u00f3<\/li>\n<\/ul>\n<p class=\"\" data-start=\"112\" data-end=\"430\">A kimenetek digit\u00e1lisan v\u00e9dettek ak\u00e1r 6 Amperig kimenetenk\u00e9nt (2-6A k\u00f6z\u00f6tt \u00e1ll\u00edthat\u00f3).<\/p>\n<p class=\"\" data-start=\"112\" data-end=\"430\">Az egys\u00e9g nagyon k\u00f6nnyen elhelyezhet\u0151, mivel mind\u00f6ssze k\u00f6r\u00fclbel\u00fcl 7&#215;7 cm m\u00e9ret\u0171 \u00e9s csak 50 gramm s\u00faly\u00fa.<\/p>\n<p class=\"\" data-start=\"432\" data-end=\"679\">Az egys\u00e9g ide\u00e1lisan vez\u00e9relhet\u0151 a CAN-buszon kereszt\u00fcl csatlakoztatott 4 gombos vez\u00e9rl\u0151panel\u00fcnkkel (tartoz\u00e9k), de hagyom\u00e1nyos kapcsol\u00f3k vagy m\u00e1s t\u00edpus\u00fa jelek, mind digit\u00e1lis (magas\/alacsony), mind anal\u00f3g (v\u00e1ltoz\u00f3 fesz\u00fclts\u00e9gek) is konfigur\u00e1lhat\u00f3k az egyes kimenetek vez\u00e9rl\u00e9s\u00e9re.<\/p>\n","protected":false},"featured_media":11170,"comment_status":"open","ping_status":"closed","template":"","meta":[],"product_brand":[],"product_cat":[185],"product_tag":[186,187,188,189],"class_list":{"0":"post-11155","1":"product","2":"type-product","3":"status-publish","4":"has-post-thumbnail","6":"product_cat-digitalis-reledobozok","7":"product_tag-12v","8":"product_tag-2-can-port","9":"product_tag-4-kimenet","10":"product_tag-6-bemenet","12":"first","13":"instock","14":"shipping-taxable","15":"product-type-simple"},"yoast_head":"<!-- This site is optimized with the Yoast SEO plugin v26.0 - https:\/\/yoast.com\/wordpress\/plugins\/seo\/ -->\n<title>DRB 1612-4 ADV - Addio Electronics<\/title>\n<meta name=\"robots\" content=\"index, follow, max-snippet:-1, max-image-preview:large, max-video-preview:-1\" \/>\n<link rel=\"canonical\" href=\"https:\/\/addio.eu\/hu\/termek\/drb-1612-4-adv\/\" \/>\n<meta property=\"og:locale\" content=\"hu_HU\" \/>\n<meta property=\"og:type\" content=\"article\" \/>\n<meta property=\"og:title\" content=\"DRB 1612-4 ADV - Addio Electronics\" \/>\n<meta property=\"og:description\" content=\"A DRB 1612-4 ADV a legkisebb egys\u00e9g\u00fcnk 4 kimenettel \u00e9s 6 bemenettel, \u00e9s 16 Amper folyamatos \u00f6ssz\u00e1rammal, amely az \u00f6sszes kimeneten eloszlik. Mint minden DRB-nk, az 1612-ADV is sz\u00e1mos funkci\u00f3t k\u00edn\u00e1l, mint p\u00e9ld\u00e1ul:  Rel\u00e9 funkci\u00f3k, p\u00e9ld\u00e1ul villog\u00f3, f\u00e9nyer\u0151szab\u00e1lyz\u00f3 \u00e9s id\u0151z\u00edt\u0151  Biztos\u00edt\u00e9k funkci\u00f3 nagy\u00e1ram\u00fa kapcsol\u00f3kon kereszt\u00fcl  Akkumul\u00e1torv\u00e9delem id\u0151z\u00edt\u0151k vagy fesz\u00fclts\u00e9gv\u00e9delem r\u00e9v\u00e9n, kimenetenk\u00e9nt egyedileg  Szab\u00e1lyalap\u00fa logikai funkci\u00f3k  Ak\u00e1r h\u00e1rom k\u00fcl\u00f6nb\u00f6z\u0151 funkci\u00f3 kimenetenk\u00e9nt, p\u00e9ld\u00e1ul folyamatos vagy villog\u00f3 A kimenetek digit\u00e1lisan v\u00e9dettek ak\u00e1r 6 Amperig kimenetenk\u00e9nt (2-6A k\u00f6z\u00f6tt \u00e1ll\u00edthat\u00f3). Az egys\u00e9g nagyon k\u00f6nnyen elhelyezhet\u0151, mivel mind\u00f6ssze k\u00f6r\u00fclbel\u00fcl 7x7 cm m\u00e9ret\u0171 \u00e9s csak 50 gramm s\u00faly\u00fa. Az egys\u00e9g ide\u00e1lisan vez\u00e9relhet\u0151 a CAN-buszon kereszt\u00fcl csatlakoztatott 4 gombos vez\u00e9rl\u0151panel\u00fcnkkel (tartoz\u00e9k), de hagyom\u00e1nyos kapcsol\u00f3k vagy m\u00e1s t\u00edpus\u00fa jelek, mind digit\u00e1lis (magas\/alacsony), mind anal\u00f3g (v\u00e1ltoz\u00f3 fesz\u00fclts\u00e9gek) is konfigur\u00e1lhat\u00f3k az egyes kimenetek vez\u00e9rl\u00e9s\u00e9re.\" \/>\n<meta property=\"og:url\" content=\"https:\/\/addio.eu\/hu\/termek\/drb-1612-4-adv\/\" \/>\n<meta property=\"og:site_name\" content=\"Addio Electronics\" \/>\n<meta property=\"article:publisher\" content=\"https:\/\/www.facebook.com\/AddioElectronicsAB\/\" \/>\n<meta property=\"article:modified_time\" content=\"2026-02-10T17:02:37+00:00\" \/>\n<meta property=\"og:image\" content=\"https:\/\/addio.eu\/wp-content\/uploads\/2025\/02\/IMG_1706-scaled.jpg\" \/>\n\t<meta property=\"og:image:width\" content=\"2560\" \/>\n\t<meta property=\"og:image:height\" content=\"1920\" \/>\n\t<meta property=\"og:image:type\" content=\"image\/jpeg\" \/>\n<meta name=\"twitter:card\" content=\"summary_large_image\" \/>\n<meta name=\"twitter:label1\" content=\"Becs\u00fclt olvas\u00e1si id\u0151\" \/>\n\t<meta name=\"twitter:data1\" content=\"1 perc\" \/>\n<script type=\"application\/ld+json\" class=\"yoast-schema-graph\">{\"@context\":\"https:\/\/schema.org\",\"@graph\":[{\"@type\":\"WebPage\",\"@id\":\"https:\/\/addio.eu\/hu\/termek\/drb-1612-4-adv\/\",\"url\":\"https:\/\/addio.eu\/hu\/termek\/drb-1612-4-adv\/\",\"name\":\"DRB 1612-4 ADV - Addio Electronics\",\"isPartOf\":{\"@id\":\"https:\/\/addio.eu\/hu\/#website\"},\"primaryImageOfPage\":{\"@id\":\"https:\/\/addio.eu\/hu\/termek\/drb-1612-4-adv\/#primaryimage\"},\"image\":{\"@id\":\"https:\/\/addio.eu\/hu\/termek\/drb-1612-4-adv\/#primaryimage\"},\"thumbnailUrl\":\"https:\/\/addio.eu\/wp-content\/uploads\/2025\/02\/IMG_1706-scaled.jpg\",\"datePublished\":\"2025-02-04T13:00:24+00:00\",\"dateModified\":\"2026-02-10T17:02:37+00:00\",\"breadcrumb\":{\"@id\":\"https:\/\/addio.eu\/hu\/termek\/drb-1612-4-adv\/#breadcrumb\"},\"inLanguage\":\"hu\",\"potentialAction\":[{\"@type\":\"ReadAction\",\"target\":[\"https:\/\/addio.eu\/hu\/termek\/drb-1612-4-adv\/\"]}]},{\"@type\":\"ImageObject\",\"inLanguage\":\"hu\",\"@id\":\"https:\/\/addio.eu\/hu\/termek\/drb-1612-4-adv\/#primaryimage\",\"url\":\"https:\/\/addio.eu\/wp-content\/uploads\/2025\/02\/IMG_1706-scaled.jpg\",\"contentUrl\":\"https:\/\/addio.eu\/wp-content\/uploads\/2025\/02\/IMG_1706-scaled.jpg\",\"width\":2560,\"height\":1920},{\"@type\":\"BreadcrumbList\",\"@id\":\"https:\/\/addio.eu\/hu\/termek\/drb-1612-4-adv\/#breadcrumb\",\"itemListElement\":[{\"@type\":\"ListItem\",\"position\":1,\"name\":\"Home\",\"item\":\"https:\/\/addio.eu\/hu\/addio-kezdolap\/\"},{\"@type\":\"ListItem\",\"position\":2,\"name\":\"Term\u00e9kek\",\"item\":\"https:\/\/addio.eu\/hu\/termekek\/\"},{\"@type\":\"ListItem\",\"position\":3,\"name\":\"DRB 1612-4 ADV\"}]},{\"@type\":\"WebSite\",\"@id\":\"https:\/\/addio.eu\/hu\/#website\",\"url\":\"https:\/\/addio.eu\/hu\/\",\"name\":\"addio.eu\",\"description\":\"\",\"publisher\":{\"@id\":\"https:\/\/addio.eu\/hu\/#organization\"},\"potentialAction\":[{\"@type\":\"SearchAction\",\"target\":{\"@type\":\"EntryPoint\",\"urlTemplate\":\"https:\/\/addio.eu\/hu\/?s={search_term_string}\"},\"query-input\":{\"@type\":\"PropertyValueSpecification\",\"valueRequired\":true,\"valueName\":\"search_term_string\"}}],\"inLanguage\":\"hu\"},{\"@type\":\"Organization\",\"@id\":\"https:\/\/addio.eu\/hu\/#organization\",\"name\":\"Addio Electronics\",\"url\":\"https:\/\/addio.eu\/hu\/\",\"logo\":{\"@type\":\"ImageObject\",\"inLanguage\":\"hu\",\"@id\":\"https:\/\/addio.eu\/hu\/#\/schema\/logo\/image\/\",\"url\":\"https:\/\/addio.eu\/wp-content\/uploads\/2024\/10\/Lager_1-1.svg\",\"contentUrl\":\"https:\/\/addio.eu\/wp-content\/uploads\/2024\/10\/Lager_1-1.svg\",\"caption\":\"Addio Electronics\"},\"image\":{\"@id\":\"https:\/\/addio.eu\/hu\/#\/schema\/logo\/image\/\"},\"sameAs\":[\"https:\/\/www.facebook.com\/AddioElectronicsAB\/\",\"https:\/\/www.linkedin.com\/company\/addio-electronics-ab\"]}]}<\/script>\n<!-- \/ Yoast SEO plugin. -->","yoast_head_json":{"title":"DRB 1612-4 ADV - Addio Electronics","robots":{"index":"index","follow":"follow","max-snippet":"max-snippet:-1","max-image-preview":"max-image-preview:large","max-video-preview":"max-video-preview:-1"},"canonical":"https:\/\/addio.eu\/hu\/termek\/drb-1612-4-adv\/","og_locale":"hu_HU","og_type":"article","og_title":"DRB 1612-4 ADV - Addio Electronics","og_description":"A DRB 1612-4 ADV a legkisebb egys\u00e9g\u00fcnk 4 kimenettel \u00e9s 6 bemenettel, \u00e9s 16 Amper folyamatos \u00f6ssz\u00e1rammal, amely az \u00f6sszes kimeneten eloszlik. Mint minden DRB-nk, az 1612-ADV is sz\u00e1mos funkci\u00f3t k\u00edn\u00e1l, mint p\u00e9ld\u00e1ul:  Rel\u00e9 funkci\u00f3k, p\u00e9ld\u00e1ul villog\u00f3, f\u00e9nyer\u0151szab\u00e1lyz\u00f3 \u00e9s id\u0151z\u00edt\u0151  Biztos\u00edt\u00e9k funkci\u00f3 nagy\u00e1ram\u00fa kapcsol\u00f3kon kereszt\u00fcl  Akkumul\u00e1torv\u00e9delem id\u0151z\u00edt\u0151k vagy fesz\u00fclts\u00e9gv\u00e9delem r\u00e9v\u00e9n, kimenetenk\u00e9nt egyedileg  Szab\u00e1lyalap\u00fa logikai funkci\u00f3k  Ak\u00e1r h\u00e1rom k\u00fcl\u00f6nb\u00f6z\u0151 funkci\u00f3 kimenetenk\u00e9nt, p\u00e9ld\u00e1ul folyamatos vagy villog\u00f3 A kimenetek digit\u00e1lisan v\u00e9dettek ak\u00e1r 6 Amperig kimenetenk\u00e9nt (2-6A k\u00f6z\u00f6tt \u00e1ll\u00edthat\u00f3). Az egys\u00e9g nagyon k\u00f6nnyen elhelyezhet\u0151, mivel mind\u00f6ssze k\u00f6r\u00fclbel\u00fcl 7x7 cm m\u00e9ret\u0171 \u00e9s csak 50 gramm s\u00faly\u00fa. Az egys\u00e9g ide\u00e1lisan vez\u00e9relhet\u0151 a CAN-buszon kereszt\u00fcl csatlakoztatott 4 gombos vez\u00e9rl\u0151panel\u00fcnkkel (tartoz\u00e9k), de hagyom\u00e1nyos kapcsol\u00f3k vagy m\u00e1s t\u00edpus\u00fa jelek, mind digit\u00e1lis (magas\/alacsony), mind anal\u00f3g (v\u00e1ltoz\u00f3 fesz\u00fclts\u00e9gek) is konfigur\u00e1lhat\u00f3k az egyes kimenetek vez\u00e9rl\u00e9s\u00e9re.","og_url":"https:\/\/addio.eu\/hu\/termek\/drb-1612-4-adv\/","og_site_name":"Addio Electronics","article_publisher":"https:\/\/www.facebook.com\/AddioElectronicsAB\/","article_modified_time":"2026-02-10T17:02:37+00:00","og_image":[{"width":2560,"height":1920,"url":"https:\/\/addio.eu\/wp-content\/uploads\/2025\/02\/IMG_1706-scaled.jpg","type":"image\/jpeg"}],"twitter_card":"summary_large_image","twitter_misc":{"Becs\u00fclt olvas\u00e1si id\u0151":"1 perc"},"schema":{"@context":"https:\/\/schema.org","@graph":[{"@type":"WebPage","@id":"https:\/\/addio.eu\/hu\/termek\/drb-1612-4-adv\/","url":"https:\/\/addio.eu\/hu\/termek\/drb-1612-4-adv\/","name":"DRB 1612-4 ADV - Addio Electronics","isPartOf":{"@id":"https:\/\/addio.eu\/hu\/#website"},"primaryImageOfPage":{"@id":"https:\/\/addio.eu\/hu\/termek\/drb-1612-4-adv\/#primaryimage"},"image":{"@id":"https:\/\/addio.eu\/hu\/termek\/drb-1612-4-adv\/#primaryimage"},"thumbnailUrl":"https:\/\/addio.eu\/wp-content\/uploads\/2025\/02\/IMG_1706-scaled.jpg","datePublished":"2025-02-04T13:00:24+00:00","dateModified":"2026-02-10T17:02:37+00:00","breadcrumb":{"@id":"https:\/\/addio.eu\/hu\/termek\/drb-1612-4-adv\/#breadcrumb"},"inLanguage":"hu","potentialAction":[{"@type":"ReadAction","target":["https:\/\/addio.eu\/hu\/termek\/drb-1612-4-adv\/"]}]},{"@type":"ImageObject","inLanguage":"hu","@id":"https:\/\/addio.eu\/hu\/termek\/drb-1612-4-adv\/#primaryimage","url":"https:\/\/addio.eu\/wp-content\/uploads\/2025\/02\/IMG_1706-scaled.jpg","contentUrl":"https:\/\/addio.eu\/wp-content\/uploads\/2025\/02\/IMG_1706-scaled.jpg","width":2560,"height":1920},{"@type":"BreadcrumbList","@id":"https:\/\/addio.eu\/hu\/termek\/drb-1612-4-adv\/#breadcrumb","itemListElement":[{"@type":"ListItem","position":1,"name":"Home","item":"https:\/\/addio.eu\/hu\/addio-kezdolap\/"},{"@type":"ListItem","position":2,"name":"Term\u00e9kek","item":"https:\/\/addio.eu\/hu\/termekek\/"},{"@type":"ListItem","position":3,"name":"DRB 1612-4 ADV"}]},{"@type":"WebSite","@id":"https:\/\/addio.eu\/hu\/#website","url":"https:\/\/addio.eu\/hu\/","name":"addio.eu","description":"","publisher":{"@id":"https:\/\/addio.eu\/hu\/#organization"},"potentialAction":[{"@type":"SearchAction","target":{"@type":"EntryPoint","urlTemplate":"https:\/\/addio.eu\/hu\/?s={search_term_string}"},"query-input":{"@type":"PropertyValueSpecification","valueRequired":true,"valueName":"search_term_string"}}],"inLanguage":"hu"},{"@type":"Organization","@id":"https:\/\/addio.eu\/hu\/#organization","name":"Addio Electronics","url":"https:\/\/addio.eu\/hu\/","logo":{"@type":"ImageObject","inLanguage":"hu","@id":"https:\/\/addio.eu\/hu\/#\/schema\/logo\/image\/","url":"https:\/\/addio.eu\/wp-content\/uploads\/2024\/10\/Lager_1-1.svg","contentUrl":"https:\/\/addio.eu\/wp-content\/uploads\/2024\/10\/Lager_1-1.svg","caption":"Addio Electronics"},"image":{"@id":"https:\/\/addio.eu\/hu\/#\/schema\/logo\/image\/"},"sameAs":["https:\/\/www.facebook.com\/AddioElectronicsAB\/","https:\/\/www.linkedin.com\/company\/addio-electronics-ab"]}]}},"_links":{"self":[{"href":"https:\/\/addio.eu\/hu\/wp-json\/wp\/v2\/product\/11155","targetHints":{"allow":["GET"]}}],"collection":[{"href":"https:\/\/addio.eu\/hu\/wp-json\/wp\/v2\/product"}],"about":[{"href":"https:\/\/addio.eu\/hu\/wp-json\/wp\/v2\/types\/product"}],"replies":[{"embeddable":true,"href":"https:\/\/addio.eu\/hu\/wp-json\/wp\/v2\/comments?post=11155"}],"wp:featuredmedia":[{"embeddable":true,"href":"https:\/\/addio.eu\/hu\/wp-json\/wp\/v2\/media\/11170"}],"wp:attachment":[{"href":"https:\/\/addio.eu\/hu\/wp-json\/wp\/v2\/media?parent=11155"}],"wp:term":[{"taxonomy":"product_brand","embeddable":true,"href":"https:\/\/addio.eu\/hu\/wp-json\/wp\/v2\/product_brand?post=11155"},{"taxonomy":"product_cat","embeddable":true,"href":"https:\/\/addio.eu\/hu\/wp-json\/wp\/v2\/product_cat?post=11155"},{"taxonomy":"product_tag","embeddable":true,"href":"https:\/\/addio.eu\/hu\/wp-json\/wp\/v2\/product_tag?post=11155"}],"curies":[{"name":"wp","href":"https:\/\/api.w.org\/{rel}","templated":true}]}}