{"id":9014,"date":"2025-04-03T08:20:46","date_gmt":"2025-04-03T08:20:46","guid":{"rendered":"https:\/\/addio.eu\/car-electric-ble-remote-adatvedelmi-iranyelvei\/"},"modified":"2025-10-07T11:23:17","modified_gmt":"2025-10-07T11:23:17","slug":"car-electric-ble-remote-adatvedelmi-iranyelvei","status":"publish","type":"page","link":"https:\/\/addio.eu\/hu\/car-electric-ble-remote-adatvedelmi-iranyelvei\/","title":{"rendered":"\u201ecar electric &#8211; BLE remote\u201d adatv\u00e9delmi ir\u00e1nyelvei"},"content":{"rendered":"\t\t<div data-elementor-type=\"wp-page\" data-elementor-id=\"9014\" class=\"elementor elementor-9014 elementor-6270\" data-elementor-post-type=\"page\">\n\t\t\t\t<div class=\"elementor-element elementor-element-0c2cb60 e-flex e-con-boxed e-con e-parent\" data-id=\"0c2cb60\" data-element_type=\"container\">\n\t\t\t\t\t<div class=\"e-con-inner\">\n\t\t\t\t<div class=\"elementor-element elementor-element-758cfa2 elementor-widget elementor-widget-heading\" data-id=\"758cfa2\" data-element_type=\"widget\" data-widget_type=\"heading.default\">\n\t\t\t\t<div class=\"elementor-widget-container\">\n\t\t\t\t\t<h1 class=\"elementor-heading-title elementor-size-default\">\u201ecar electric &#8211; BLE remote\u201d adatv\u00e9delmi ir\u00e1nyelvei<\/h1>\t\t\t\t<\/div>\n\t\t\t\t<\/div>\n\t\t<div class=\"elementor-element elementor-element-1f616ec e-con-full e-flex e-con e-child\" data-id=\"1f616ec\" data-element_type=\"container\">\n\t\t<div class=\"elementor-element elementor-element-8e80135 e-con-full e-flex e-con e-child\" data-id=\"8e80135\" data-element_type=\"container\">\n\t\t\t\t<div class=\"elementor-element elementor-element-17537e1 elementor-widget elementor-widget-text-editor\" data-id=\"17537e1\" data-element_type=\"widget\" data-widget_type=\"text-editor.default\">\n\t\t\t\t<div class=\"elementor-widget-container\">\n\t\t\t\t\t\t\t\t\t<p>Ezt az alkalmaz\u00e1st az Addio Electronics AB fejleszti \u00e9s tartja karban. Ez az alkalmaz\u00e1s bizonyos szem\u00e9lyes adatokat gy\u0171jt a felhaszn\u00e1l\u00f3it\u00f3l. <\/p><p><br>Ez a dokumentum referenciak\u00e9nt kinyomtathat\u00f3 a nyomtat\u00e1s parancs haszn\u00e1lat\u00e1val b\u00e1rmely b\u00f6ng\u00e9sz\u0151 be\u00e1ll\u00edt\u00e1saiban.<\/p><p><br><b>Ir\u00e1nyelv \u00f6sszefoglal\u00f3<br>A szem\u00e9lyes adatok feldolgoz\u00e1sa a k\u00f6vetkez\u0151 c\u00e9lokra \u00e9s a k\u00f6vetkez\u0151 szolg\u00e1ltat\u00e1sok felhaszn\u00e1l\u00e1s\u00e1val:<br>Helyalap\u00fa interakci\u00f3k<br>Helymeghat\u00e1roz\u00e1s \u00e9s nem folyamatos helymeghat\u00e1roz\u00e1s<br>Szem\u00e9lyes adatok: f\u00f6ldrajzi helyzet<\/b><\/p><p><br><b>Teljes ir\u00e1nyelv<br>Az Addio Electronics AB a Car Electric &#8211; BLE Remote alkalmaz\u00e1st ingyenes alkalmaz\u00e1sk\u00e9nt fejlesztette ki. Ezt a SZOLG\u00c1LTAT\u00c1ST az Addio Electronics AB ingyenesen biztos\u00edtja, \u00e9s a jelenlegi \u00e1llapot\u00e1ban val\u00f3 haszn\u00e1latra k\u00e9sz\u00fclt. Tov\u00e1bb\u00e1, ez az alkalmaz\u00e1s azon elk\u00f6telezett \u00fcgyfelek sz\u00e1m\u00e1ra k\u00e9sz\u00fclt, akik a Digital Relay Box nev\u0171 elektronikus term\u00e9k\u00fcnket haszn\u00e1lj\u00e1k.<\/b>  <\/p><p><br>Ez az oldal arra szolg\u00e1l, hogy t\u00e1j\u00e9koztassa a l\u00e1togat\u00f3kat a szem\u00e9lyes adatok gy\u0171jt\u00e9s\u00e9re, felhaszn\u00e1l\u00e1s\u00e1ra \u00e9s k\u00f6zz\u00e9t\u00e9tel\u00e9re vonatkoz\u00f3 ir\u00e1nyelveinkr\u0151l, amennyiben valaki \u00fagy d\u00f6nt, hogy ig\u00e9nybe veszi Szolg\u00e1ltat\u00e1sunkat.<\/p><p><br>Amennyiben \u00fagy d\u00f6nt, hogy ig\u00e9nybe veszi Szolg\u00e1ltat\u00e1sunkat, akkor hozz\u00e1j\u00e1rul az inform\u00e1ci\u00f3k gy\u0171jt\u00e9s\u00e9hez \u00e9s felhaszn\u00e1l\u00e1s\u00e1hoz ezen ir\u00e1nyelvvel \u00f6sszhangban. Az \u00e1ltalunk gy\u0171jt\u00f6tt szem\u00e9lyes adatok a Szolg\u00e1ltat\u00e1s ny\u00fajt\u00e1s\u00e1ra \u00e9s fejleszt\u00e9s\u00e9re szolg\u00e1lnak. Az \u00d6n adatait nem haszn\u00e1ljuk fel \u00e9s nem osztjuk meg senkivel, kiv\u00e9ve az ebben az Adatv\u00e9delmi ir\u00e1nyelvben le\u00edrt eseteket.  <\/p><p><br>Az ebben az Adatv\u00e9delmi ir\u00e1nyelvben haszn\u00e1lt kifejez\u00e9sek ugyanazt jelentik, mint az \u00c1ltal\u00e1nos Szerz\u0151d\u00e9si Felt\u00e9teleinkben, amelyek el\u00e9rhet\u0151k a Car Electric &#8211; BLE Remote oldalon, kiv\u00e9ve, ha ebben az Adatv\u00e9delmi ir\u00e1nyelvben m\u00e1sk\u00e9nt van meghat\u00e1rozva.<\/p><p><b>Inform\u00e1ci\u00f3gy\u0171jt\u00e9s \u00e9s felhaszn\u00e1l\u00e1s<br>A jobb felhaszn\u00e1l\u00f3i \u00e9lm\u00e9ny \u00e9rdek\u00e9ben, Szolg\u00e1ltat\u00e1sunk haszn\u00e1lata sor\u00e1n el\u0151fordulhat, hogy bizonyos szem\u00e9lyazonos\u00edt\u00e1sra alkalmas inform\u00e1ci\u00f3k megad\u00e1s\u00e1ra k\u00e9rj\u00fck \u00d6nt, bele\u00e9rtve, de nem kiz\u00e1r\u00f3lagosan a Bluetooth-t, a t\u00e1rhelyet, a helymeghat\u00e1roz\u00e1st. Az \u00e1ltalunk k\u00e9rt inform\u00e1ci\u00f3kat meg\u0151rizz\u00fck \u00e9s az ebben az adatv\u00e9delmi ir\u00e1nyelvben le\u00edrtak szerint haszn\u00e1ljuk fel.<\/b> <\/p><p><br>Az alkalmaz\u00e1s harmadik f\u00e9lt\u0151l sz\u00e1rmaz\u00f3 szolg\u00e1ltat\u00e1sokat haszn\u00e1l, amelyek gy\u0171jthetnek \u00d6nt azonos\u00edt\u00f3 inform\u00e1ci\u00f3kat.<br>Az alkalmaz\u00e1s \u00e1ltal haszn\u00e1lt harmadik f\u00e9lt\u0151l sz\u00e1rmaz\u00f3 szolg\u00e1ltat\u00f3k adatv\u00e9delmi ir\u00e1nyelv\u00e9nek linkje<br>https:\/\/policies.google.com\/privacy<\/p><p><br><b>Google Play szolg\u00e1ltat\u00e1sok<\/b><\/p><p><b>Napl\u00f3adatok<br>Szeretn\u00e9nk t\u00e1j\u00e9koztatni, hogy amikor Szolg\u00e1ltat\u00e1sunkat haszn\u00e1lja, az alkalmaz\u00e1sban fell\u00e9p\u0151 hiba eset\u00e9n adatokat \u00e9s inform\u00e1ci\u00f3kat (harmadik f\u00e9lt\u0151l sz\u00e1rmaz\u00f3 term\u00e9kek seg\u00edts\u00e9g\u00e9vel) gy\u0171jt\u00fcnk a telefonj\u00e1r\u00f3l, amelyeket Napl\u00f3adatoknak nevez\u00fcnk. Ezek a Napl\u00f3adatok tartalmazhatnak olyan inform\u00e1ci\u00f3kat, mint az eszk\u00f6z\u00e9nek Internet Protokoll (\u201eIP\u201d) c\u00edme, az eszk\u00f6z neve, az oper\u00e1ci\u00f3s rendszer verzi\u00f3ja, az alkalmaz\u00e1s konfigur\u00e1ci\u00f3ja Szolg\u00e1ltat\u00e1sunk haszn\u00e1latakor, a Szolg\u00e1ltat\u00e1s haszn\u00e1lat\u00e1nak ideje \u00e9s d\u00e1tuma, valamint egy\u00e9b statisztik\u00e1k.<\/b> <\/p><p><b>S\u00fctik<\/b><br>A s\u00fctik kis mennyis\u00e9g\u0171 adatot tartalmaz\u00f3 f\u00e1jlok, amelyeket \u00e1ltal\u00e1ban anonim egyedi azonos\u00edt\u00f3k\u00e9nt haszn\u00e1lnak. Ezeket a megl\u00e1togatott webhelyek k\u00fcldik a b\u00f6ng\u00e9sz\u0151j\u00e9be, \u00e9s az eszk\u00f6z bels\u0151 mem\u00f3ri\u00e1j\u00e1ban t\u00e1rol\u00f3dnak.<br>Ez a Szolg\u00e1ltat\u00e1s nem haszn\u00e1lja explicit m\u00f3don ezeket a \u201es\u00fctiket\u201d. Azonban az alkalmaz\u00e1s haszn\u00e1lhat harmadik f\u00e9lt\u0151l sz\u00e1rmaz\u00f3 k\u00f3dot \u00e9s k\u00f6nyvt\u00e1rakat, amelyek \u201es\u00fctiket\u201d haszn\u00e1lnak inform\u00e1ci\u00f3gy\u0171jt\u00e9sre \u00e9s szolg\u00e1ltat\u00e1saik fejleszt\u00e9s\u00e9re. \u00d6nnek lehet\u0151s\u00e9ge van elfogadni vagy elutas\u00edtani ezeket a s\u00fctiket, \u00e9s tudom\u00e1st szerezni arr\u00f3l, hogy mikor k\u00fcldenek s\u00fctit az eszk\u00f6z\u00e9re. Ha \u00fagy d\u00f6nt, hogy elutas\u00edtja a s\u00fctijeinket, el\u0151fordulhat, hogy a Szolg\u00e1ltat\u00e1s bizonyos r\u00e9szeit nem tudja haszn\u00e1lni.    <\/p><p><b>Szolg\u00e1ltat\u00f3k<br>Harmadik f\u00e9lt\u0151l sz\u00e1rmaz\u00f3 v\u00e1llalatokat \u00e9s mag\u00e1nszem\u00e9lyeket alkalmazhatunk a k\u00f6vetkez\u0151 okok miatt:<br>Szolg\u00e1ltat\u00e1sunk megk\u00f6nny\u00edt\u00e9se \u00e9rdek\u00e9ben;<br>Szolg\u00e1ltat\u00e1sunk ny\u00fajt\u00e1s\u00e1ra a nev\u00fcnkben;<br>Szolg\u00e1ltat\u00e1ssal kapcsolatos feladatok elv\u00e9gz\u00e9s\u00e9re; vagy<br>Seg\u00edts\u00e9gny\u00fajt\u00e1sra Szolg\u00e1ltat\u00e1sunk haszn\u00e1lat\u00e1nak elemz\u00e9s\u00e9ben.<br>Szeretn\u00e9nk t\u00e1j\u00e9koztatni a Szolg\u00e1ltat\u00e1s felhaszn\u00e1l\u00f3it, hogy ezek a harmadik felek hozz\u00e1f\u00e9rhetnek az \u00d6n szem\u00e9lyes adataihoz. Ennek oka az, hogy a nev\u00fcnkben elv\u00e9gezz\u00e9k a r\u00e1juk b\u00edzott feladatokat. Azonban k\u00f6telesek az inform\u00e1ci\u00f3kat nem nyilv\u00e1noss\u00e1gra hozni vagy m\u00e1s c\u00e9lra felhaszn\u00e1lni.<\/b>  <\/p><p><b>Biztons\u00e1g<\/b><br>Nagyra \u00e9rt\u00e9kelj\u00fck bizalm\u00e1t, amellyel szem\u00e9lyes adatait megadja nek\u00fcnk, ez\u00e9rt igyeksz\u00fcnk kereskedelmileg elfogadhat\u00f3 eszk\u00f6z\u00f6ket alkalmazni annak v\u00e9delm\u00e9re. De ne feledje, hogy az interneten kereszt\u00fcli adat\u00e1tvitel, vagy az elektronikus t\u00e1rol\u00e1s egyetlen m\u00f3dszere sem 100%-ban biztons\u00e1gos \u00e9s megb\u00edzhat\u00f3, \u00e9s nem tudjuk garant\u00e1lni annak abszol\u00fat biztons\u00e1g\u00e1t. <\/p><p><b>Linkek m\u00e1s webhelyekre<br>Ez a Szolg\u00e1ltat\u00e1s m\u00e1s webhelyekre mutat\u00f3 linkeket tartalmazhat. Ha harmadik f\u00e9lt\u0151l sz\u00e1rmaz\u00f3 linkre kattint, \u00e1tir\u00e1ny\u00edt\u00e1sra ker\u00fcl az adott webhelyre. Felh\u00edvjuk figyelm\u00e9t, hogy ezeket a k\u00fcls\u0151 webhelyeket nem mi \u00fczemeltetj\u00fck. Ez\u00e9rt nyomat\u00e9kosan javasoljuk, hogy tekintse \u00e1t ezen webhelyek adatv\u00e9delmi ir\u00e1nyelveit. Nincs ellen\u0151rz\u00e9s\u00fcnk, \u00e9s nem v\u00e1llalunk felel\u0151ss\u00e9get semmilyen harmadik f\u00e9lt\u0151l sz\u00e1rmaz\u00f3 webhely vagy szolg\u00e1ltat\u00e1s tartalm\u00e1\u00e9rt, adatv\u00e9delmi ir\u00e1nyelvei\u00e9rt vagy gyakorlat\u00e1\u00e9rt.<\/b>    <\/p><p><b>Gyermekek adatv\u00e9delme<br>Ezek a Szolg\u00e1ltat\u00e1sok nem sz\u00f3lnak 13 \u00e9ven aluliaknak. Tudatosan nem gy\u0171jt\u00fcnk szem\u00e9lyazonos\u00edt\u00e1sra alkalmas inform\u00e1ci\u00f3kat 13 \u00e9ven aluli gyermekekt\u0151l. Amennyiben felfedezz\u00fck, hogy egy 13 \u00e9ven aluli gyermek szem\u00e9lyes adatokat adott meg nek\u00fcnk, azonnal t\u00f6r\u00f6lj\u00fck azokat szervereinkr\u0151l. Ha \u00d6n sz\u00fcl\u0151 vagy gy\u00e1m, \u00e9s tudom\u00e1sa van arr\u00f3l, hogy gyermeke szem\u00e9lyes adatokat adott meg nek\u00fcnk, k\u00e9rj\u00fck, l\u00e9pjen kapcsolatba vel\u00fcnk, hogy megtehess\u00fck a sz\u00fcks\u00e9ges int\u00e9zked\u00e9seket.<\/b>   <\/p><p><b>Az Adatv\u00e9delmi ir\u00e1nyelv m\u00f3dos\u00edt\u00e1sai<br>Id\u0151r\u0151l id\u0151re friss\u00edthetj\u00fck Adatv\u00e9delmi ir\u00e1nyelv\u00fcnket. Ez\u00e9rt javasoljuk, hogy rendszeresen tekintse \u00e1t ezt az oldalt az esetleges v\u00e1ltoz\u00e1sok\u00e9rt. Minden v\u00e1ltoz\u00e1sr\u00f3l \u00e9rtes\u00edtj\u00fck \u00d6nt az \u00faj Adatv\u00e9delmi ir\u00e1nyelv ezen az oldalon t\u00f6rt\u00e9n\u0151 k\u00f6zz\u00e9t\u00e9tel\u00e9vel.<br>Ez az ir\u00e1nyelv 2022. febru\u00e1r 28-t\u00f3l \u00e9rv\u00e9nyes.<\/b>  <\/p><p><b>Kapcsolat<br>Ha b\u00e1rmilyen k\u00e9rd\u00e9se vagy javaslata van Adatv\u00e9delmi ir\u00e1nyelv\u00fcnkkel kapcsolatban, ne habozzon kapcsolatba l\u00e9pni vel\u00fcnk az info@addio.eu c\u00edmen.<\/b><\/p>\t\t\t\t\t\t\t\t<\/div>\n\t\t\t\t<\/div>\n\t\t\t\t<\/div>\n\t\t<div class=\"elementor-element elementor-element-1c4e995 e-con-full e-flex e-con e-child\" data-id=\"1c4e995\" data-element_type=\"container\">\n\t\t\t\t<div class=\"elementor-element elementor-element-37670bc elementor-icon-list--layout-traditional elementor-list-item-link-full_width elementor-widget elementor-widget-icon-list\" data-id=\"37670bc\" data-element_type=\"widget\" data-widget_type=\"icon-list.default\">\n\t\t\t\t<div class=\"elementor-widget-container\">\n\t\t\t\t\t\t\t<ul class=\"elementor-icon-list-items\">\n\t\t\t\t\t\t\t<li class=\"elementor-icon-list-item\">\n\t\t\t\t\t\t\t\t\t\t\t<a href=\"https:\/\/addio.eu\/cookie-policy\/\">\n\n\t\t\t\t\t\t\t\t\t\t\t\t<span class=\"elementor-icon-list-icon\">\n\t\t\t\t\t\t\t<svg xmlns=\"http:\/\/www.w3.org\/2000\/svg\" width=\"24\" height=\"24\" viewBox=\"0 0 24 24\" fill=\"none\"><path d=\"M17.9199 6.62C17.8185 6.37565 17.6243 6.18147 17.3799 6.08C17.2597 6.02876 17.1306 6.00158 16.9999 6H6.99994C6.73472 6 6.48037 6.10536 6.29283 6.29289C6.1053 6.48043 5.99994 6.73478 5.99994 7C5.99994 7.26522 6.1053 7.51957 6.29283 7.70711C6.48037 7.89464 6.73472 8 6.99994 8H14.5899L6.28994 16.29C6.19621 16.383 6.12182 16.4936 6.07105 16.6154C6.02028 16.7373 5.99414 16.868 5.99414 17C5.99414 17.132 6.02028 17.2627 6.07105 17.3846C6.12182 17.5064 6.19621 17.617 6.28994 17.71C6.3829 17.8037 6.4935 17.8781 6.61536 17.9289C6.73722 17.9797 6.86793 18.0058 6.99994 18.0058C7.13195 18.0058 7.26266 17.9797 7.38452 17.9289C7.50638 17.8781 7.61698 17.8037 7.70994 17.71L15.9999 9.41V17C15.9999 17.2652 16.1053 17.5196 16.2928 17.7071C16.4804 17.8946 16.7347 18 16.9999 18C17.2652 18 17.5195 17.8946 17.707 17.7071C17.8946 17.5196 17.9999 17.2652 17.9999 17V7C17.9984 6.86932 17.9712 6.74022 17.9199 6.62Z\" fill=\"#393939\"><\/path><\/svg>\t\t\t\t\t\t<\/span>\n\t\t\t\t\t\t\t\t\t\t<span class=\"elementor-icon-list-text\">S\u00fcti szab\u00e1lyzat<\/span>\n\t\t\t\t\t\t\t\t\t\t\t<\/a>\n\t\t\t\t\t\t\t\t\t<\/li>\n\t\t\t\t\t\t<\/ul>\n\t\t\t\t\t\t<\/div>\n\t\t\t\t<\/div>\n\t\t\t\t<div class=\"elementor-element elementor-element-270a44c elementor-icon-list--layout-traditional elementor-list-item-link-full_width elementor-widget elementor-widget-icon-list\" data-id=\"270a44c\" data-element_type=\"widget\" data-widget_type=\"icon-list.default\">\n\t\t\t\t<div class=\"elementor-widget-container\">\n\t\t\t\t\t\t\t<ul class=\"elementor-icon-list-items\">\n\t\t\t\t\t\t\t<li class=\"elementor-icon-list-item\">\n\t\t\t\t\t\t\t\t\t\t\t<a href=\"https:\/\/addio.eu\/privacy-policy\/\">\n\n\t\t\t\t\t\t\t\t\t\t\t\t<span class=\"elementor-icon-list-icon\">\n\t\t\t\t\t\t\t<svg xmlns=\"http:\/\/www.w3.org\/2000\/svg\" width=\"24\" height=\"24\" viewBox=\"0 0 24 24\" fill=\"none\"><path d=\"M17.9199 6.62C17.8185 6.37565 17.6243 6.18147 17.3799 6.08C17.2597 6.02876 17.1306 6.00158 16.9999 6H6.99994C6.73472 6 6.48037 6.10536 6.29283 6.29289C6.1053 6.48043 5.99994 6.73478 5.99994 7C5.99994 7.26522 6.1053 7.51957 6.29283 7.70711C6.48037 7.89464 6.73472 8 6.99994 8H14.5899L6.28994 16.29C6.19621 16.383 6.12182 16.4936 6.07105 16.6154C6.02028 16.7373 5.99414 16.868 5.99414 17C5.99414 17.132 6.02028 17.2627 6.07105 17.3846C6.12182 17.5064 6.19621 17.617 6.28994 17.71C6.3829 17.8037 6.4935 17.8781 6.61536 17.9289C6.73722 17.9797 6.86793 18.0058 6.99994 18.0058C7.13195 18.0058 7.26266 17.9797 7.38452 17.9289C7.50638 17.8781 7.61698 17.8037 7.70994 17.71L15.9999 9.41V17C15.9999 17.2652 16.1053 17.5196 16.2928 17.7071C16.4804 17.8946 16.7347 18 16.9999 18C17.2652 18 17.5195 17.8946 17.707 17.7071C17.8946 17.5196 17.9999 17.2652 17.9999 17V7C17.9984 6.86932 17.9712 6.74022 17.9199 6.62Z\" fill=\"#393939\"><\/path><\/svg>\t\t\t\t\t\t<\/span>\n\t\t\t\t\t\t\t\t\t\t<span class=\"elementor-icon-list-text\">Adatv\u00e9delmi szab\u00e1lyzat<\/span>\n\t\t\t\t\t\t\t\t\t\t\t<\/a>\n\t\t\t\t\t\t\t\t\t<\/li>\n\t\t\t\t\t\t<\/ul>\n\t\t\t\t\t\t<\/div>\n\t\t\t\t<\/div>\n\t\t\t\t<div class=\"elementor-element elementor-element-8af7789 elementor-icon-list--layout-traditional elementor-list-item-link-full_width elementor-widget elementor-widget-icon-list\" data-id=\"8af7789\" data-element_type=\"widget\" data-widget_type=\"icon-list.default\">\n\t\t\t\t<div class=\"elementor-widget-container\">\n\t\t\t\t\t\t\t<ul class=\"elementor-icon-list-items\">\n\t\t\t\t\t\t\t<li class=\"elementor-icon-list-item\">\n\t\t\t\t\t\t\t\t\t\t\t<a href=\"https:\/\/addio.eu\/terms-and-conditions\/\">\n\n\t\t\t\t\t\t\t\t\t\t\t\t<span class=\"elementor-icon-list-icon\">\n\t\t\t\t\t\t\t<svg xmlns=\"http:\/\/www.w3.org\/2000\/svg\" width=\"24\" height=\"24\" viewBox=\"0 0 24 24\" fill=\"none\"><path d=\"M17.9199 6.62C17.8185 6.37565 17.6243 6.18147 17.3799 6.08C17.2597 6.02876 17.1306 6.00158 16.9999 6H6.99994C6.73472 6 6.48037 6.10536 6.29283 6.29289C6.1053 6.48043 5.99994 6.73478 5.99994 7C5.99994 7.26522 6.1053 7.51957 6.29283 7.70711C6.48037 7.89464 6.73472 8 6.99994 8H14.5899L6.28994 16.29C6.19621 16.383 6.12182 16.4936 6.07105 16.6154C6.02028 16.7373 5.99414 16.868 5.99414 17C5.99414 17.132 6.02028 17.2627 6.07105 17.3846C6.12182 17.5064 6.19621 17.617 6.28994 17.71C6.3829 17.8037 6.4935 17.8781 6.61536 17.9289C6.73722 17.9797 6.86793 18.0058 6.99994 18.0058C7.13195 18.0058 7.26266 17.9797 7.38452 17.9289C7.50638 17.8781 7.61698 17.8037 7.70994 17.71L15.9999 9.41V17C15.9999 17.2652 16.1053 17.5196 16.2928 17.7071C16.4804 17.8946 16.7347 18 16.9999 18C17.2652 18 17.5195 17.8946 17.707 17.7071C17.8946 17.5196 17.9999 17.2652 17.9999 17V7C17.9984 6.86932 17.9712 6.74022 17.9199 6.62Z\" fill=\"#393939\"><\/path><\/svg>\t\t\t\t\t\t<\/span>\n\t\t\t\t\t\t\t\t\t\t<span class=\"elementor-icon-list-text\">\u00c1ltal\u00e1nos szerz\u0151d\u00e9si felt\u00e9telek<\/span>\n\t\t\t\t\t\t\t\t\t\t\t<\/a>\n\t\t\t\t\t\t\t\t\t<\/li>\n\t\t\t\t\t\t<\/ul>\n\t\t\t\t\t\t<\/div>\n\t\t\t\t<\/div>\n\t\t\t\t<\/div>\n\t\t\t\t<\/div>\n\t\t\t\t\t<\/div>\n\t\t\t\t<\/div>\n\t\t\t\t<\/div>\n\t\t","protected":false},"excerpt":{"rendered":"<p>Ezt az alkalmaz\u00e1st az Addio Electronics AB fejleszti \u00e9s tartja karban. Ez az alkalmaz\u00e1s bizonyos szem\u00e9lyes adatokat gy\u0171jt a felhaszn\u00e1l\u00f3it\u00f3l. Ez a dokumentum referenciak\u00e9nt kinyomtathat\u00f3 a nyomtat\u00e1s parancs haszn\u00e1lat\u00e1val b\u00e1rmely b\u00f6ng\u00e9sz\u0151 be\u00e1ll\u00edt\u00e1saiban. Ir\u00e1nyelv \u00f6sszefoglal\u00f3A szem\u00e9lyes adatok feldolgoz\u00e1sa a k\u00f6vetkez\u0151 c\u00e9lokra \u00e9s a k\u00f6vetkez\u0151 szolg\u00e1ltat\u00e1sok felhaszn\u00e1l\u00e1s\u00e1val:Helyalap\u00fa interakci\u00f3kHelymeghat\u00e1roz\u00e1s \u00e9s nem folyamatos helymeghat\u00e1roz\u00e1sSzem\u00e9lyes adatok: f\u00f6ldrajzi helyzet Teljes ir\u00e1nyelvAz [&hellip;]<\/p>\n","protected":false},"author":1,"featured_media":0,"parent":0,"menu_order":0,"comment_status":"closed","ping_status":"closed","template":"","meta":{"footnotes":""},"class_list":["post-9014","page","type-page","status-publish","hentry"],"yoast_head":"<!-- This site is optimized with the Yoast SEO plugin v26.0 - https:\/\/yoast.com\/wordpress\/plugins\/seo\/ -->\n<title>\u201ecar electric - BLE remote\u201d adatv\u00e9delmi ir\u00e1nyelvei - Addio Electronics<\/title>\n<meta name=\"robots\" content=\"index, follow, max-snippet:-1, max-image-preview:large, max-video-preview:-1\" \/>\n<link rel=\"canonical\" href=\"https:\/\/addio.eu\/hu\/car-electric-ble-remote-adatvedelmi-iranyelvei\/\" \/>\n<meta property=\"og:locale\" content=\"hu_HU\" \/>\n<meta property=\"og:type\" content=\"article\" \/>\n<meta property=\"og:title\" content=\"\u201ecar electric - BLE remote\u201d adatv\u00e9delmi ir\u00e1nyelvei - Addio Electronics\" \/>\n<meta property=\"og:description\" content=\"Ezt az alkalmaz\u00e1st az Addio Electronics AB fejleszti \u00e9s tartja karban. Ez az alkalmaz\u00e1s bizonyos szem\u00e9lyes adatokat gy\u0171jt a felhaszn\u00e1l\u00f3it\u00f3l. Ez a dokumentum referenciak\u00e9nt kinyomtathat\u00f3 a nyomtat\u00e1s parancs haszn\u00e1lat\u00e1val b\u00e1rmely b\u00f6ng\u00e9sz\u0151 be\u00e1ll\u00edt\u00e1saiban. Ir\u00e1nyelv \u00f6sszefoglal\u00f3A szem\u00e9lyes adatok feldolgoz\u00e1sa a k\u00f6vetkez\u0151 c\u00e9lokra \u00e9s a k\u00f6vetkez\u0151 szolg\u00e1ltat\u00e1sok felhaszn\u00e1l\u00e1s\u00e1val:Helyalap\u00fa interakci\u00f3kHelymeghat\u00e1roz\u00e1s \u00e9s nem folyamatos helymeghat\u00e1roz\u00e1sSzem\u00e9lyes adatok: f\u00f6ldrajzi helyzet Teljes ir\u00e1nyelvAz [&hellip;]\" \/>\n<meta property=\"og:url\" content=\"https:\/\/addio.eu\/hu\/car-electric-ble-remote-adatvedelmi-iranyelvei\/\" \/>\n<meta property=\"og:site_name\" content=\"Addio Electronics\" \/>\n<meta property=\"article:publisher\" content=\"https:\/\/www.facebook.com\/AddioElectronicsAB\/\" \/>\n<meta property=\"article:modified_time\" content=\"2025-10-07T11:23:17+00:00\" \/>\n<meta name=\"twitter:card\" content=\"summary_large_image\" \/>\n<meta name=\"twitter:label1\" content=\"Becs\u00fclt olvas\u00e1si id\u0151\" \/>\n\t<meta name=\"twitter:data1\" content=\"6 perc\" \/>\n<script type=\"application\/ld+json\" class=\"yoast-schema-graph\">{\"@context\":\"https:\/\/schema.org\",\"@graph\":[{\"@type\":\"WebPage\",\"@id\":\"https:\/\/addio.eu\/hu\/car-electric-ble-remote-adatvedelmi-iranyelvei\/\",\"url\":\"https:\/\/addio.eu\/hu\/car-electric-ble-remote-adatvedelmi-iranyelvei\/\",\"name\":\"\u201ecar electric - BLE remote\u201d adatv\u00e9delmi ir\u00e1nyelvei - Addio Electronics\",\"isPartOf\":{\"@id\":\"https:\/\/addio.eu\/hu\/#website\"},\"datePublished\":\"2025-04-03T08:20:46+00:00\",\"dateModified\":\"2025-10-07T11:23:17+00:00\",\"breadcrumb\":{\"@id\":\"https:\/\/addio.eu\/hu\/car-electric-ble-remote-adatvedelmi-iranyelvei\/#breadcrumb\"},\"inLanguage\":\"hu\",\"potentialAction\":[{\"@type\":\"ReadAction\",\"target\":[\"https:\/\/addio.eu\/hu\/car-electric-ble-remote-adatvedelmi-iranyelvei\/\"]}]},{\"@type\":\"BreadcrumbList\",\"@id\":\"https:\/\/addio.eu\/hu\/car-electric-ble-remote-adatvedelmi-iranyelvei\/#breadcrumb\",\"itemListElement\":[{\"@type\":\"ListItem\",\"position\":1,\"name\":\"Home\",\"item\":\"https:\/\/addio.eu\/hu\/addio-kezdolap\/\"},{\"@type\":\"ListItem\",\"position\":2,\"name\":\"\u201ecar electric &#8211; BLE remote\u201d adatv\u00e9delmi ir\u00e1nyelvei\"}]},{\"@type\":\"WebSite\",\"@id\":\"https:\/\/addio.eu\/hu\/#website\",\"url\":\"https:\/\/addio.eu\/hu\/\",\"name\":\"addio.eu\",\"description\":\"\",\"publisher\":{\"@id\":\"https:\/\/addio.eu\/hu\/#organization\"},\"potentialAction\":[{\"@type\":\"SearchAction\",\"target\":{\"@type\":\"EntryPoint\",\"urlTemplate\":\"https:\/\/addio.eu\/hu\/?s={search_term_string}\"},\"query-input\":{\"@type\":\"PropertyValueSpecification\",\"valueRequired\":true,\"valueName\":\"search_term_string\"}}],\"inLanguage\":\"hu\"},{\"@type\":\"Organization\",\"@id\":\"https:\/\/addio.eu\/hu\/#organization\",\"name\":\"Addio Electronics\",\"url\":\"https:\/\/addio.eu\/hu\/\",\"logo\":{\"@type\":\"ImageObject\",\"inLanguage\":\"hu\",\"@id\":\"https:\/\/addio.eu\/hu\/#\/schema\/logo\/image\/\",\"url\":\"https:\/\/addio.eu\/wp-content\/uploads\/2024\/10\/Lager_1-1.svg\",\"contentUrl\":\"https:\/\/addio.eu\/wp-content\/uploads\/2024\/10\/Lager_1-1.svg\",\"caption\":\"Addio Electronics\"},\"image\":{\"@id\":\"https:\/\/addio.eu\/hu\/#\/schema\/logo\/image\/\"},\"sameAs\":[\"https:\/\/www.facebook.com\/AddioElectronicsAB\/\",\"https:\/\/www.linkedin.com\/company\/addio-electronics-ab\"]}]}<\/script>\n<!-- \/ Yoast SEO plugin. -->","yoast_head_json":{"title":"\u201ecar electric - BLE remote\u201d adatv\u00e9delmi ir\u00e1nyelvei - Addio Electronics","robots":{"index":"index","follow":"follow","max-snippet":"max-snippet:-1","max-image-preview":"max-image-preview:large","max-video-preview":"max-video-preview:-1"},"canonical":"https:\/\/addio.eu\/hu\/car-electric-ble-remote-adatvedelmi-iranyelvei\/","og_locale":"hu_HU","og_type":"article","og_title":"\u201ecar electric - BLE remote\u201d adatv\u00e9delmi ir\u00e1nyelvei - Addio Electronics","og_description":"Ezt az alkalmaz\u00e1st az Addio Electronics AB fejleszti \u00e9s tartja karban. Ez az alkalmaz\u00e1s bizonyos szem\u00e9lyes adatokat gy\u0171jt a felhaszn\u00e1l\u00f3it\u00f3l. Ez a dokumentum referenciak\u00e9nt kinyomtathat\u00f3 a nyomtat\u00e1s parancs haszn\u00e1lat\u00e1val b\u00e1rmely b\u00f6ng\u00e9sz\u0151 be\u00e1ll\u00edt\u00e1saiban. Ir\u00e1nyelv \u00f6sszefoglal\u00f3A szem\u00e9lyes adatok feldolgoz\u00e1sa a k\u00f6vetkez\u0151 c\u00e9lokra \u00e9s a k\u00f6vetkez\u0151 szolg\u00e1ltat\u00e1sok felhaszn\u00e1l\u00e1s\u00e1val:Helyalap\u00fa interakci\u00f3kHelymeghat\u00e1roz\u00e1s \u00e9s nem folyamatos helymeghat\u00e1roz\u00e1sSzem\u00e9lyes adatok: f\u00f6ldrajzi helyzet Teljes ir\u00e1nyelvAz [&hellip;]","og_url":"https:\/\/addio.eu\/hu\/car-electric-ble-remote-adatvedelmi-iranyelvei\/","og_site_name":"Addio Electronics","article_publisher":"https:\/\/www.facebook.com\/AddioElectronicsAB\/","article_modified_time":"2025-10-07T11:23:17+00:00","twitter_card":"summary_large_image","twitter_misc":{"Becs\u00fclt olvas\u00e1si id\u0151":"6 perc"},"schema":{"@context":"https:\/\/schema.org","@graph":[{"@type":"WebPage","@id":"https:\/\/addio.eu\/hu\/car-electric-ble-remote-adatvedelmi-iranyelvei\/","url":"https:\/\/addio.eu\/hu\/car-electric-ble-remote-adatvedelmi-iranyelvei\/","name":"\u201ecar electric - BLE remote\u201d adatv\u00e9delmi ir\u00e1nyelvei - Addio Electronics","isPartOf":{"@id":"https:\/\/addio.eu\/hu\/#website"},"datePublished":"2025-04-03T08:20:46+00:00","dateModified":"2025-10-07T11:23:17+00:00","breadcrumb":{"@id":"https:\/\/addio.eu\/hu\/car-electric-ble-remote-adatvedelmi-iranyelvei\/#breadcrumb"},"inLanguage":"hu","potentialAction":[{"@type":"ReadAction","target":["https:\/\/addio.eu\/hu\/car-electric-ble-remote-adatvedelmi-iranyelvei\/"]}]},{"@type":"BreadcrumbList","@id":"https:\/\/addio.eu\/hu\/car-electric-ble-remote-adatvedelmi-iranyelvei\/#breadcrumb","itemListElement":[{"@type":"ListItem","position":1,"name":"Home","item":"https:\/\/addio.eu\/hu\/addio-kezdolap\/"},{"@type":"ListItem","position":2,"name":"\u201ecar electric &#8211; BLE remote\u201d adatv\u00e9delmi ir\u00e1nyelvei"}]},{"@type":"WebSite","@id":"https:\/\/addio.eu\/hu\/#website","url":"https:\/\/addio.eu\/hu\/","name":"addio.eu","description":"","publisher":{"@id":"https:\/\/addio.eu\/hu\/#organization"},"potentialAction":[{"@type":"SearchAction","target":{"@type":"EntryPoint","urlTemplate":"https:\/\/addio.eu\/hu\/?s={search_term_string}"},"query-input":{"@type":"PropertyValueSpecification","valueRequired":true,"valueName":"search_term_string"}}],"inLanguage":"hu"},{"@type":"Organization","@id":"https:\/\/addio.eu\/hu\/#organization","name":"Addio Electronics","url":"https:\/\/addio.eu\/hu\/","logo":{"@type":"ImageObject","inLanguage":"hu","@id":"https:\/\/addio.eu\/hu\/#\/schema\/logo\/image\/","url":"https:\/\/addio.eu\/wp-content\/uploads\/2024\/10\/Lager_1-1.svg","contentUrl":"https:\/\/addio.eu\/wp-content\/uploads\/2024\/10\/Lager_1-1.svg","caption":"Addio Electronics"},"image":{"@id":"https:\/\/addio.eu\/hu\/#\/schema\/logo\/image\/"},"sameAs":["https:\/\/www.facebook.com\/AddioElectronicsAB\/","https:\/\/www.linkedin.com\/company\/addio-electronics-ab"]}]}},"_links":{"self":[{"href":"https:\/\/addio.eu\/hu\/wp-json\/wp\/v2\/pages\/9014","targetHints":{"allow":["GET"]}}],"collection":[{"href":"https:\/\/addio.eu\/hu\/wp-json\/wp\/v2\/pages"}],"about":[{"href":"https:\/\/addio.eu\/hu\/wp-json\/wp\/v2\/types\/page"}],"author":[{"embeddable":true,"href":"https:\/\/addio.eu\/hu\/wp-json\/wp\/v2\/users\/1"}],"replies":[{"embeddable":true,"href":"https:\/\/addio.eu\/hu\/wp-json\/wp\/v2\/comments?post=9014"}],"version-history":[{"count":1,"href":"https:\/\/addio.eu\/hu\/wp-json\/wp\/v2\/pages\/9014\/revisions"}],"predecessor-version":[{"id":9015,"href":"https:\/\/addio.eu\/hu\/wp-json\/wp\/v2\/pages\/9014\/revisions\/9015"}],"wp:attachment":[{"href":"https:\/\/addio.eu\/hu\/wp-json\/wp\/v2\/media?parent=9014"}],"curies":[{"name":"wp","href":"https:\/\/api.w.org\/{rel}","templated":true}]}}