{"id":8464,"date":"2024-10-18T18:10:36","date_gmt":"2024-10-18T18:10:36","guid":{"rendered":"https:\/\/addio.eu\/suti-szabalyzat\/"},"modified":"2025-10-07T11:17:23","modified_gmt":"2025-10-07T11:17:23","slug":"suti-szabalyzat","status":"publish","type":"page","link":"https:\/\/addio.eu\/hu\/suti-szabalyzat\/","title":{"rendered":"S\u00fcti szab\u00e1lyzat"},"content":{"rendered":"\t\t<div data-elementor-type=\"wp-page\" data-elementor-id=\"8464\" class=\"elementor elementor-8464 elementor-2366\" data-elementor-post-type=\"page\">\n\t\t\t\t<div class=\"elementor-element elementor-element-482efb4 e-flex e-con-boxed e-con e-parent\" data-id=\"482efb4\" data-element_type=\"container\">\n\t\t\t\t\t<div class=\"e-con-inner\">\n\t\t<div class=\"elementor-element elementor-element-4abc206 e-con-full e-flex e-con e-child\" data-id=\"4abc206\" data-element_type=\"container\">\n\t\t<div class=\"elementor-element elementor-element-79a61e0 e-con-full e-flex e-con e-child\" data-id=\"79a61e0\" data-element_type=\"container\">\n\t\t\t\t<div class=\"elementor-element elementor-element-2ef6fc3 elementor-widget elementor-widget-text-editor\" data-id=\"2ef6fc3\" data-element_type=\"widget\" data-widget_type=\"text-editor.default\">\n\t\t\t\t<div class=\"elementor-widget-container\">\n\t\t\t\t\t\t\t\t\t<p><strong>Friss\u00edtve: szeptember 30.<\/strong><\/p><p><strong>Az Addio weboldal\u00e1n (https:\/\/addio.eu) s\u00fctiket \u00e9s hasonl\u00f3 nyomk\u00f6vet\u0151 technol\u00f3gi\u00e1kat haszn\u00e1lunk az \u00d6n \u00e9lm\u00e9ny\u00e9nek jav\u00edt\u00e1sa, a haszn\u00e1lat elemz\u00e9se \u00e9s szolg\u00e1ltat\u00e1saink hat\u00e9kony m\u0171k\u00f6d\u00e9s\u00e9nek biztos\u00edt\u00e1sa \u00e9rdek\u00e9ben. Ez a s\u00fctiszab\u00e1lyzat elmagyar\u00e1zza, mik azok a s\u00fctik, hogyan haszn\u00e1ljuk \u0151ket, milyen v\u00e1laszt\u00e1si lehet\u0151s\u00e9gei vannak a haszn\u00e1latukkal kapcsolatban, \u00e9s hogyan kezelheti s\u00fctibe\u00e1ll\u00edt\u00e1sait. <\/strong><\/p><p><strong>1. Mik azok a s\u00fctik?<\/strong><br>A s\u00fctik olyan kis sz\u00f6veges f\u00e1jlok, amelyek az \u00d6n eszk\u00f6z\u00e9n (sz\u00e1m\u00edt\u00f3g\u00e9p, t\u00e1blag\u00e9p vagy okostelefon) t\u00e1rol\u00f3dnak, amikor megl\u00e1togat egy weboldalt. Lehet\u0151v\u00e9 teszik a weboldal sz\u00e1m\u00e1ra, hogy egy ideig megjegyezze az \u00d6n m\u0171veleteit \u00e9s preferenci\u00e1it (p\u00e9ld\u00e1ul bejelentkez\u00e9si adatokat, nyelvet \u00e9s megjelen\u00edt\u00e9si be\u00e1ll\u00edt\u00e1sokat), \u00edgy nem kell \u00fajra \u00e9s \u00fajra megadnia azokat, amikor megl\u00e1togatja az oldalt vagy lapok k\u00f6z\u00f6tt b\u00f6ng\u00e9szik.<br>Weboldalunkon k\u00fcl\u00f6nb\u00f6z\u0151 t\u00edpus\u00fa s\u00fctiket haszn\u00e1lunk, \u00e9s mindegyiknek meghat\u00e1rozott c\u00e9lja van. <\/p><p><strong>2. Az \u00e1ltalunk haszn\u00e1lt s\u00fctik t\u00edpusai<\/strong><br>\n  <strong>2.1 Alapvet\u0151 s\u00fctik<br>Ezek a s\u00fctik elengedhetetlenek a weboldal megfelel\u0151 m\u0171k\u00f6d\u00e9s\u00e9hez. N\u00e9lk\u00fcl\u00fck el\u0151fordulhat, hogy nem tudja haszn\u00e1lni bizonyos funkci\u00f3kat, p\u00e9ld\u00e1ul a weboldal biztons\u00e1gos ter\u00fcleteinek el\u00e9r\u00e9s\u00e9t vagy a tranzakci\u00f3k v\u00e9grehajt\u00e1s\u00e1t.\u2028P\u00e9ld\u00e1k:<\/strong>\n<\/p><ul><li>Munkamenet-kezel\u0151 s\u00fctik, amelyek lehet\u0151v\u00e9 teszik a bejelentkez\u00e9st \u00e9s az \u00fcgyf\u00e9lport\u00e1l haszn\u00e1lat\u00e1t.<\/li><li>S\u00fctik szolg\u00e1ltat\u00e1saink biztons\u00e1g\u00e1nak \u00e9s integrit\u00e1s\u00e1nak fenntart\u00e1s\u00e1hoz.<br><br><\/li><\/ul><p><strong>2.2 Teljes\u00edtm\u00e9ny- \u00e9s analitikai s\u00fctik<\/strong><br>Ezek a s\u00fctik seg\u00edtenek meg\u00e9rteni, hogyan l\u00e9pnek kapcsolatba a l\u00e1togat\u00f3k weboldalunkkal az\u00e1ltal, hogy anonim m\u00f3don gy\u0171jtenek inform\u00e1ci\u00f3kat. Ezeket a s\u00fctiket a l\u00e1togat\u00f3i viselked\u00e9s elemz\u00e9s\u00e9re, a haszn\u00e1lati mint\u00e1k nyomon k\u00f6vet\u00e9s\u00e9re, valamint a weboldal \u00e1ltal\u00e1nos funkcionalit\u00e1s\u00e1nak \u00e9s teljes\u00edtm\u00e9ny\u00e9nek jav\u00edt\u00e1s\u00e1ra haszn\u00e1ljuk.\u2028P\u00e9ld\u00e1k:<\/p><ul><li>Google Analytics s\u00fctik a weboldal forgalm\u00e1nak \u00e9s haszn\u00e1lati trendjeinek nyomon k\u00f6vet\u00e9s\u00e9re.<br><br><\/li><\/ul><p><strong>2.3 Funkcion\u00e1lis s\u00fctik<\/strong><br>A funkcion\u00e1lis s\u00fctik lehet\u0151v\u00e9 teszik sz\u00e1munkra, hogy megjegyezz\u00fck az \u00d6n preferenci\u00e1it \u00e9s szem\u00e9lyre szabott funkci\u00f3kat biztos\u00edtsunk. Ezek a s\u00fctik jav\u00edtj\u00e1k a felhaszn\u00e1l\u00f3i \u00e9lm\u00e9nyt az\u00e1ltal, hogy eml\u00e9keznek az \u00d6n \u00e1ltal hozott d\u00f6nt\u00e9sekre, p\u00e9ld\u00e1ul a nyelvi be\u00e1ll\u00edt\u00e1sokra vagy a kor\u00e1bbi v\u00e1s\u00e1rl\u00e1si preferenci\u00e1kra. <\/p><p><br><strong>2.4 Hirdet\u00e9si \u00e9s c\u00e9lz\u00f3 s\u00fctik<br>Ezeket a s\u00fctiket az \u00d6n \u00e9rdekl\u0151d\u00e9si k\u00f6r\u00e9nek megfelel\u0151 hirdet\u00e9sek megjelen\u00edt\u00e9s\u00e9re haszn\u00e1ljuk. Nyomon k\u00f6vetik b\u00f6ng\u00e9sz\u00e9si szok\u00e1sait, \u00e9s lehet\u0151v\u00e9 teszik sz\u00e1munkra, hogy c\u00e9lzott hirdet\u00e9seket jelen\u00edts\u00fcnk meg \u00d6nnek oldalunkon vagy harmadik f\u00e9l platformjain. Ezek a s\u00fctik korl\u00e1tozz\u00e1k a hirdet\u00e9sek megjelen\u00edt\u00e9s\u00e9nek sz\u00e1m\u00e1t is, \u00e9s seg\u00edtenek m\u00e9rni hirdet\u00e9si kamp\u00e1nyaink hat\u00e9konys\u00e1g\u00e1t.<\/strong>  <\/p><p><strong>2.5 Harmadik f\u00e9lt\u0151l sz\u00e1rmaz\u00f3 s\u00fctik<\/strong><br>Enged\u00e9lyezhetj\u00fck harmadik f\u00e9l szolg\u00e1ltat\u00f3knak, p\u00e9ld\u00e1ul a Google-nak, hogy s\u00fctiket helyezzenek el az \u00d6n eszk\u00f6z\u00e9n analitikai \u00e9s hirdet\u00e9si c\u00e9lokra. Ezekre a harmadik f\u00e9lt\u0151l sz\u00e1rmaz\u00f3 s\u00fctikre saj\u00e1t adatv\u00e9delmi \u00e9s s\u00fctiszab\u00e1lyzataik vonatkoznak, \u00e9s nincs ellen\u0151rz\u00e9s\u00fcnk az \u00e1ltaluk gy\u0171jt\u00f6tt inform\u00e1ci\u00f3k felett. <\/p><p><strong>3. Hogyan haszn\u00e1ljuk a s\u00fctiket<br>A s\u00fctiket k\u00fcl\u00f6nb\u00f6z\u0151 okokb\u00f3l haszn\u00e1ljuk, t\u00f6bbek k\u00f6z\u00f6tt:<\/strong><\/p><ul><li>Hogy megjegyezz\u00fck bejelentkez\u00e9si adatait \u00e9s bejelentkezve tartjuk \u00d6nt.<\/li><li>Rendel\u00e9sei feldolgoz\u00e1s\u00e1nak megk\u00f6nny\u00edt\u00e9s\u00e9re \u00e9s tranzakci\u00f3ink biztons\u00e1g\u00e1nak biztos\u00edt\u00e1s\u00e1ra.<\/li><li>Weboldalunk teljes\u00edtm\u00e9ny\u00e9nek \u00e9s kialak\u00edt\u00e1s\u00e1nak elemz\u00e9s\u00e9re \u00e9s jav\u00edt\u00e1s\u00e1ra.<\/li><li>Annak meg\u00e9rt\u00e9s\u00e9re, hogyan l\u00e9pnek kapcsolatba a felhaszn\u00e1l\u00f3k weboldalunkkal, \u00e9s a haszn\u00e1lhat\u00f3s\u00e1g jav\u00edt\u00e1s\u00e1ra.<\/li><li>Szem\u00e9lyre szabott tartalom \u00e9s hirdet\u00e9sek megjelen\u00edt\u00e9s\u00e9re az \u00d6n b\u00f6ng\u00e9sz\u00e9si szok\u00e1sai alapj\u00e1n.<br><br><\/li><\/ul><p><strong>4. Az \u00d6n v\u00e1laszt\u00e1sa a s\u00fctikkel kapcsolatban <\/strong><br>\u00d6nnek joga van elfogadni vagy elutas\u00edtani a s\u00fctiket weboldalunkon. Weboldalunk els\u0151 l\u00e1togat\u00e1sakor egy s\u00fctihaszn\u00e1lati hozz\u00e1j\u00e1rul\u00e1si s\u00e1v jelenik meg, amely lehet\u0151v\u00e9 teszi preferenci\u00e1inak kezel\u00e9s\u00e9t.\u2028 <\/p><p><strong>4.1 S\u00fctibe\u00e1ll\u00edt\u00e1sok kezel\u00e9se<br>A s\u00fctiket b\u00e1rmikor kezelheti vagy letilthatja a b\u00f6ng\u00e9sz\u0151je be\u00e1ll\u00edt\u00e1sainak m\u00f3dos\u00edt\u00e1s\u00e1val. Minden b\u00f6ng\u00e9sz\u0151 k\u00fcl\u00f6nb\u00f6z\u0151 m\u00f3dszereket k\u00edn\u00e1l a s\u00fctibe\u00e1ll\u00edt\u00e1sok konfigur\u00e1l\u00e1s\u00e1ra. Az al\u00e1bbiakban linkeket tal\u00e1l a n\u00e9pszer\u0171 b\u00f6ng\u00e9sz\u0151k s\u00fctikezel\u00e9s\u00e9hez:<\/strong>  <\/p><ul><li>Google Chrome<\/li><li><a href=\"https:\/\/support.mozilla.org\/en-US\/kb\/enable-and-disable-cookies-website-preferences\">M<\/a><a href=\"https:\/\/support.mozilla.org\/en-US\/kb\/enable-and-disable-cookies-website-preferences\">ozilla Firefox<\/a><\/li><li><a href=\"https:\/\/support.apple.com\/guide\/safari\/manage-cookies-and-website-data-sfri11471\/mac\">Apple Safari<\/a><\/li><li><a href=\"https:\/\/support.microsoft.com\/en-us\/help\/4027947\/microsoft-edge-delete-cookies\">Microsoft Edge<\/a><\/li><\/ul><p>K\u00e9rj\u00fck, vegye figyelembe, hogy a s\u00fctik letilt\u00e1sa befoly\u00e1solhatja weboldalunk funkcionalit\u00e1s\u00e1t, \u00e9s el\u0151fordulhat, hogy nem f\u00e9r hozz\u00e1 bizonyos funkci\u00f3khoz.\u2028<br>\n  <br>\n    <strong>4.2 S\u00fctihaszn\u00e1lati hozz\u00e1j\u00e1rul\u00e1s visszavon\u00e1sa<br>Ha kor\u00e1bban hozz\u00e1j\u00e1rult a s\u00fctik haszn\u00e1lat\u00e1hoz, \u00e9s szeretn\u00e9 visszavonni hozz\u00e1j\u00e1rul\u00e1s\u00e1t, ezt megteheti a b\u00f6ng\u00e9sz\u0151je be\u00e1ll\u00edt\u00e1saiban t\u00e1rolt s\u00fctik t\u00f6rl\u00e9s\u00e9vel, vagy a s\u00fctibe\u00e1ll\u00edt\u00e1sok felugr\u00f3 ablak\u00e1n kereszt\u00fcl weboldalunkon.<\/strong>\n  \n<\/p><p><strong>5 Harmadik f\u00e9lt\u0151l sz\u00e1rmaz\u00f3 szolg\u00e1ltat\u00e1sok<\/strong><br>Harmadik f\u00e9lt\u0151l sz\u00e1rmaz\u00f3 szolg\u00e1ltat\u00f3kat, p\u00e9ld\u00e1ul a Google Analytics-et haszn\u00e1lunk, hogy seg\u00edtsen meg\u00e9rteni, hogyan haszn\u00e1lj\u00e1k a l\u00e1togat\u00f3k weboldalunkat. Ezek a harmadik f\u00e9lt\u0151l sz\u00e1rmaz\u00f3 szolg\u00e1ltat\u00e1sok s\u00fctiket is haszn\u00e1lhatnak anonim adatok gy\u0171jt\u00e9s\u00e9re, p\u00e9ld\u00e1ul az oldal l\u00e1togat\u00f3inak sz\u00e1m\u00e1r\u00f3l \u00e9s a n\u00e9pszer\u0171 oldalakr\u00f3l.<br>Tov\u00e1bbi inform\u00e1ci\u00f3k\u00e9rt arr\u00f3l, hogy a Google hogyan gy\u0171jt \u00e9s dolgoz fel adatokat a s\u00fctijein kereszt\u00fcl, l\u00e1togassa meg adatv\u00e9delmi ir\u00e1nyelveiket a <a href=\"https:\/\/policies.google.com\/privacy.\">https:\/\/policies.google.com\/privacy<\/a> c\u00edmen. <\/p><p><strong>6 A s\u00fctiszab\u00e1lyzat friss\u00edt\u00e9se<\/strong><br>Id\u0151r\u0151l id\u0151re friss\u00edthetj\u00fck ezt a s\u00fctiszab\u00e1lyzatot, hogy t\u00fckr\u00f6zze a s\u00fctihaszn\u00e1lati gyakorlatunkban bek\u00f6vetkezett v\u00e1ltoz\u00e1sokat vagy jogi okokb\u00f3l. Amikor jelent\u0151s v\u00e1ltoztat\u00e1sokat hajtunk v\u00e9gre, a szab\u00e1lyzat friss\u00edtett v\u00e1ltozat\u00e1t k\u00f6zz\u00e9tessz\u00fck weboldalunkon, fel\u00fclvizsg\u00e1lt hat\u00e1lybal\u00e9p\u00e9si d\u00e1tummal.<br>Javasoljuk, hogy rendszeresen tekintse \u00e1t ezt a szab\u00e1lyzatot, hogy t\u00e1j\u00e9kozott maradjon arr\u00f3l, hogyan haszn\u00e1ljuk a s\u00fctiket \u00e9s az \u00d6n ezzel kapcsolatos v\u00e1laszt\u00e1si lehet\u0151s\u00e9geit. <\/p><p><strong>6 Kapcsolat <\/strong><br>Ha b\u00e1rmilyen k\u00e9rd\u00e9se vagy agg\u00e1lya van a s\u00fctik haszn\u00e1lat\u00e1val vagy ezzel a s\u00fctiszab\u00e1lyzattal kapcsolatban, k\u00e9rj\u00fck, l\u00e9pjen kapcsolatba vel\u00fcnk az al\u00e1bbi el\u00e9rhet\u0151s\u00e9geken:<\/p><p><strong>Addio <br>E-mail: <a href=\"mailto:info@addio.eu\">info@addio.eu<\/a><\/strong><\/p>\t\t\t\t\t\t\t\t<\/div>\n\t\t\t\t<\/div>\n\t\t\t\t<\/div>\n\t\t<div class=\"elementor-element elementor-element-a36d95e e-con-full e-flex e-con e-child\" data-id=\"a36d95e\" data-element_type=\"container\">\n\t\t\t\t<div class=\"elementor-element elementor-element-5cc2df3 elementor-icon-list--layout-traditional elementor-list-item-link-full_width elementor-widget elementor-widget-icon-list\" data-id=\"5cc2df3\" data-element_type=\"widget\" data-widget_type=\"icon-list.default\">\n\t\t\t\t<div class=\"elementor-widget-container\">\n\t\t\t\t\t\t\t<ul class=\"elementor-icon-list-items\">\n\t\t\t\t\t\t\t<li class=\"elementor-icon-list-item\">\n\t\t\t\t\t\t\t\t\t\t\t<span class=\"elementor-icon-list-icon\">\n\t\t\t\t\t\t\t<svg xmlns=\"http:\/\/www.w3.org\/2000\/svg\" width=\"34\" height=\"34\" viewBox=\"0 0 34 34\" fill=\"none\"><g clip-path=\"url(#clip0_102_8520)\"><path d=\"M8.9802 16.6182C8.87917 16.8627 8.87917 17.1373 8.9802 17.3818C9.02898 17.5031 9.10105 17.6136 9.19233 17.7071L16.2634 24.7782C16.4509 24.9657 16.7053 25.0711 16.9705 25.0711C17.2357 25.0711 17.4901 24.9657 17.6776 24.7782C17.8652 24.5906 17.9705 24.3363 17.9705 24.0711C17.9705 23.8058 17.8652 23.5515 17.6776 23.364L12.3107 17.997L24.0416 18.0041C24.1736 18.0046 24.3044 17.979 24.4265 17.9288C24.5485 17.8785 24.6594 17.8046 24.7528 17.7112C24.8461 17.6179 24.9201 17.507 24.9703 17.3849C25.0206 17.2628 25.0462 17.132 25.0457 17C25.0462 16.868 25.0206 16.7372 24.9703 16.6151C24.9201 16.493 24.8461 16.3821 24.7528 16.2888C24.6594 16.1954 24.5485 16.1215 24.4265 16.0712C24.3044 16.021 24.1736 15.9954 24.0416 15.9959L12.3107 16.003L17.6776 10.636C17.8652 10.4485 17.9705 10.1941 17.9705 9.92893C17.9705 9.66371 17.8652 9.40936 17.6776 9.22182C17.4901 9.03429 17.2357 8.92893 16.9705 8.92893C16.7053 8.92893 16.4509 9.03429 16.2634 9.22182L9.19233 16.2929C9.10105 16.3864 9.02898 16.4969 8.9802 16.6182Z\" fill=\"#00DB72\"><\/path><\/g><defs><clipPath id=\"clip0_102_8520\"><rect width=\"24\" height=\"24\" fill=\"white\" transform=\"translate(16.9707 33.9706) rotate(-135)\"><\/rect><\/clipPath><\/defs><\/svg>\t\t\t\t\t\t<\/span>\n\t\t\t\t\t\t\t\t\t\t<span class=\"elementor-icon-list-text\">S\u00fcti szab\u00e1lyzat<\/span>\n\t\t\t\t\t\t\t\t\t<\/li>\n\t\t\t\t\t\t<\/ul>\n\t\t\t\t\t\t<\/div>\n\t\t\t\t<\/div>\n\t\t\t\t<div class=\"elementor-element elementor-element-8a5470c elementor-icon-list--layout-traditional elementor-list-item-link-full_width elementor-widget elementor-widget-icon-list\" data-id=\"8a5470c\" data-element_type=\"widget\" data-widget_type=\"icon-list.default\">\n\t\t\t\t<div class=\"elementor-widget-container\">\n\t\t\t\t\t\t\t<ul class=\"elementor-icon-list-items\">\n\t\t\t\t\t\t\t<li class=\"elementor-icon-list-item\">\n\t\t\t\t\t\t\t\t\t\t\t<a href=\"https:\/\/addio.eu\/privacy-policy\/\">\n\n\t\t\t\t\t\t\t\t\t\t\t\t<span class=\"elementor-icon-list-icon\">\n\t\t\t\t\t\t\t<svg xmlns=\"http:\/\/www.w3.org\/2000\/svg\" width=\"24\" height=\"24\" viewBox=\"0 0 24 24\" fill=\"none\"><path d=\"M17.9199 6.62C17.8185 6.37565 17.6243 6.18147 17.3799 6.08C17.2597 6.02876 17.1306 6.00158 16.9999 6H6.99994C6.73472 6 6.48037 6.10536 6.29283 6.29289C6.1053 6.48043 5.99994 6.73478 5.99994 7C5.99994 7.26522 6.1053 7.51957 6.29283 7.70711C6.48037 7.89464 6.73472 8 6.99994 8H14.5899L6.28994 16.29C6.19621 16.383 6.12182 16.4936 6.07105 16.6154C6.02028 16.7373 5.99414 16.868 5.99414 17C5.99414 17.132 6.02028 17.2627 6.07105 17.3846C6.12182 17.5064 6.19621 17.617 6.28994 17.71C6.3829 17.8037 6.4935 17.8781 6.61536 17.9289C6.73722 17.9797 6.86793 18.0058 6.99994 18.0058C7.13195 18.0058 7.26266 17.9797 7.38452 17.9289C7.50638 17.8781 7.61698 17.8037 7.70994 17.71L15.9999 9.41V17C15.9999 17.2652 16.1053 17.5196 16.2928 17.7071C16.4804 17.8946 16.7347 18 16.9999 18C17.2652 18 17.5195 17.8946 17.707 17.7071C17.8946 17.5196 17.9999 17.2652 17.9999 17V7C17.9984 6.86932 17.9712 6.74022 17.9199 6.62Z\" fill=\"#393939\"><\/path><\/svg>\t\t\t\t\t\t<\/span>\n\t\t\t\t\t\t\t\t\t\t<span class=\"elementor-icon-list-text\">Adatv\u00e9delmi szab\u00e1lyzat<\/span>\n\t\t\t\t\t\t\t\t\t\t\t<\/a>\n\t\t\t\t\t\t\t\t\t<\/li>\n\t\t\t\t\t\t<\/ul>\n\t\t\t\t\t\t<\/div>\n\t\t\t\t<\/div>\n\t\t\t\t<div class=\"elementor-element elementor-element-4fc5578 elementor-icon-list--layout-traditional elementor-list-item-link-full_width elementor-widget elementor-widget-icon-list\" data-id=\"4fc5578\" data-element_type=\"widget\" data-widget_type=\"icon-list.default\">\n\t\t\t\t<div class=\"elementor-widget-container\">\n\t\t\t\t\t\t\t<ul class=\"elementor-icon-list-items\">\n\t\t\t\t\t\t\t<li class=\"elementor-icon-list-item\">\n\t\t\t\t\t\t\t\t\t\t\t<a href=\"https:\/\/addio.eu\/terms-and-conditions\/\">\n\n\t\t\t\t\t\t\t\t\t\t\t\t<span class=\"elementor-icon-list-icon\">\n\t\t\t\t\t\t\t<svg xmlns=\"http:\/\/www.w3.org\/2000\/svg\" width=\"24\" height=\"24\" viewBox=\"0 0 24 24\" fill=\"none\"><path d=\"M17.9199 6.62C17.8185 6.37565 17.6243 6.18147 17.3799 6.08C17.2597 6.02876 17.1306 6.00158 16.9999 6H6.99994C6.73472 6 6.48037 6.10536 6.29283 6.29289C6.1053 6.48043 5.99994 6.73478 5.99994 7C5.99994 7.26522 6.1053 7.51957 6.29283 7.70711C6.48037 7.89464 6.73472 8 6.99994 8H14.5899L6.28994 16.29C6.19621 16.383 6.12182 16.4936 6.07105 16.6154C6.02028 16.7373 5.99414 16.868 5.99414 17C5.99414 17.132 6.02028 17.2627 6.07105 17.3846C6.12182 17.5064 6.19621 17.617 6.28994 17.71C6.3829 17.8037 6.4935 17.8781 6.61536 17.9289C6.73722 17.9797 6.86793 18.0058 6.99994 18.0058C7.13195 18.0058 7.26266 17.9797 7.38452 17.9289C7.50638 17.8781 7.61698 17.8037 7.70994 17.71L15.9999 9.41V17C15.9999 17.2652 16.1053 17.5196 16.2928 17.7071C16.4804 17.8946 16.7347 18 16.9999 18C17.2652 18 17.5195 17.8946 17.707 17.7071C17.8946 17.5196 17.9999 17.2652 17.9999 17V7C17.9984 6.86932 17.9712 6.74022 17.9199 6.62Z\" fill=\"#393939\"><\/path><\/svg>\t\t\t\t\t\t<\/span>\n\t\t\t\t\t\t\t\t\t\t<span class=\"elementor-icon-list-text\">\u00c1ltal\u00e1nos szerz\u0151d\u00e9si felt\u00e9telek<\/span>\n\t\t\t\t\t\t\t\t\t\t\t<\/a>\n\t\t\t\t\t\t\t\t\t<\/li>\n\t\t\t\t\t\t<\/ul>\n\t\t\t\t\t\t<\/div>\n\t\t\t\t<\/div>\n\t\t\t\t<\/div>\n\t\t\t\t<\/div>\n\t\t\t\t\t<\/div>\n\t\t\t\t<\/div>\n\t\t\t\t<\/div>\n\t\t","protected":false},"excerpt":{"rendered":"<p>Friss\u00edtve: szeptember 30. Az Addio weboldal\u00e1n (https:\/\/addio.eu) s\u00fctiket \u00e9s hasonl\u00f3 nyomk\u00f6vet\u0151 technol\u00f3gi\u00e1kat haszn\u00e1lunk az \u00d6n \u00e9lm\u00e9ny\u00e9nek jav\u00edt\u00e1sa, a haszn\u00e1lat elemz\u00e9se \u00e9s szolg\u00e1ltat\u00e1saink hat\u00e9kony m\u0171k\u00f6d\u00e9s\u00e9nek biztos\u00edt\u00e1sa \u00e9rdek\u00e9ben. Ez a s\u00fctiszab\u00e1lyzat elmagyar\u00e1zza, mik azok a s\u00fctik, hogyan haszn\u00e1ljuk \u0151ket, milyen v\u00e1laszt\u00e1si lehet\u0151s\u00e9gei vannak a haszn\u00e1latukkal kapcsolatban, \u00e9s hogyan kezelheti s\u00fctibe\u00e1ll\u00edt\u00e1sait. 1. Mik azok a s\u00fctik?A s\u00fctik olyan [&hellip;]<\/p>\n","protected":false},"author":3,"featured_media":0,"parent":0,"menu_order":0,"comment_status":"closed","ping_status":"closed","template":"","meta":{"footnotes":""},"class_list":["post-8464","page","type-page","status-publish","hentry"],"yoast_head":"<!-- This site is optimized with the Yoast SEO plugin v26.0 - https:\/\/yoast.com\/wordpress\/plugins\/seo\/ -->\n<title>S\u00fcti szab\u00e1lyzat - Addio Electronics<\/title>\n<meta name=\"robots\" content=\"index, follow, max-snippet:-1, max-image-preview:large, max-video-preview:-1\" \/>\n<link rel=\"canonical\" href=\"https:\/\/addio.eu\/hu\/suti-szabalyzat\/\" \/>\n<meta property=\"og:locale\" content=\"hu_HU\" \/>\n<meta property=\"og:type\" content=\"article\" \/>\n<meta property=\"og:title\" content=\"S\u00fcti szab\u00e1lyzat - Addio Electronics\" \/>\n<meta property=\"og:description\" content=\"Friss\u00edtve: szeptember 30. Az Addio weboldal\u00e1n (https:\/\/addio.eu) s\u00fctiket \u00e9s hasonl\u00f3 nyomk\u00f6vet\u0151 technol\u00f3gi\u00e1kat haszn\u00e1lunk az \u00d6n \u00e9lm\u00e9ny\u00e9nek jav\u00edt\u00e1sa, a haszn\u00e1lat elemz\u00e9se \u00e9s szolg\u00e1ltat\u00e1saink hat\u00e9kony m\u0171k\u00f6d\u00e9s\u00e9nek biztos\u00edt\u00e1sa \u00e9rdek\u00e9ben. Ez a s\u00fctiszab\u00e1lyzat elmagyar\u00e1zza, mik azok a s\u00fctik, hogyan haszn\u00e1ljuk \u0151ket, milyen v\u00e1laszt\u00e1si lehet\u0151s\u00e9gei vannak a haszn\u00e1latukkal kapcsolatban, \u00e9s hogyan kezelheti s\u00fctibe\u00e1ll\u00edt\u00e1sait. 1. Mik azok a s\u00fctik?A s\u00fctik olyan [&hellip;]\" \/>\n<meta property=\"og:url\" content=\"https:\/\/addio.eu\/hu\/suti-szabalyzat\/\" \/>\n<meta property=\"og:site_name\" content=\"Addio Electronics\" \/>\n<meta property=\"article:publisher\" content=\"https:\/\/www.facebook.com\/AddioElectronicsAB\/\" \/>\n<meta property=\"article:modified_time\" content=\"2025-10-07T11:17:23+00:00\" \/>\n<meta name=\"twitter:card\" content=\"summary_large_image\" \/>\n<meta name=\"twitter:label1\" content=\"Becs\u00fclt olvas\u00e1si id\u0151\" \/>\n\t<meta name=\"twitter:data1\" content=\"6 perc\" \/>\n<script type=\"application\/ld+json\" class=\"yoast-schema-graph\">{\"@context\":\"https:\/\/schema.org\",\"@graph\":[{\"@type\":\"WebPage\",\"@id\":\"https:\/\/addio.eu\/hu\/suti-szabalyzat\/\",\"url\":\"https:\/\/addio.eu\/hu\/suti-szabalyzat\/\",\"name\":\"S\u00fcti szab\u00e1lyzat - Addio Electronics\",\"isPartOf\":{\"@id\":\"https:\/\/addio.eu\/hu\/#website\"},\"datePublished\":\"2024-10-18T18:10:36+00:00\",\"dateModified\":\"2025-10-07T11:17:23+00:00\",\"breadcrumb\":{\"@id\":\"https:\/\/addio.eu\/hu\/suti-szabalyzat\/#breadcrumb\"},\"inLanguage\":\"hu\",\"potentialAction\":[{\"@type\":\"ReadAction\",\"target\":[\"https:\/\/addio.eu\/hu\/suti-szabalyzat\/\"]}]},{\"@type\":\"BreadcrumbList\",\"@id\":\"https:\/\/addio.eu\/hu\/suti-szabalyzat\/#breadcrumb\",\"itemListElement\":[{\"@type\":\"ListItem\",\"position\":1,\"name\":\"Home\",\"item\":\"https:\/\/addio.eu\/hu\/addio-kezdolap\/\"},{\"@type\":\"ListItem\",\"position\":2,\"name\":\"S\u00fcti szab\u00e1lyzat\"}]},{\"@type\":\"WebSite\",\"@id\":\"https:\/\/addio.eu\/hu\/#website\",\"url\":\"https:\/\/addio.eu\/hu\/\",\"name\":\"addio.eu\",\"description\":\"\",\"publisher\":{\"@id\":\"https:\/\/addio.eu\/hu\/#organization\"},\"potentialAction\":[{\"@type\":\"SearchAction\",\"target\":{\"@type\":\"EntryPoint\",\"urlTemplate\":\"https:\/\/addio.eu\/hu\/?s={search_term_string}\"},\"query-input\":{\"@type\":\"PropertyValueSpecification\",\"valueRequired\":true,\"valueName\":\"search_term_string\"}}],\"inLanguage\":\"hu\"},{\"@type\":\"Organization\",\"@id\":\"https:\/\/addio.eu\/hu\/#organization\",\"name\":\"Addio Electronics\",\"url\":\"https:\/\/addio.eu\/hu\/\",\"logo\":{\"@type\":\"ImageObject\",\"inLanguage\":\"hu\",\"@id\":\"https:\/\/addio.eu\/hu\/#\/schema\/logo\/image\/\",\"url\":\"https:\/\/addio.eu\/wp-content\/uploads\/2024\/10\/Lager_1-1.svg\",\"contentUrl\":\"https:\/\/addio.eu\/wp-content\/uploads\/2024\/10\/Lager_1-1.svg\",\"caption\":\"Addio Electronics\"},\"image\":{\"@id\":\"https:\/\/addio.eu\/hu\/#\/schema\/logo\/image\/\"},\"sameAs\":[\"https:\/\/www.facebook.com\/AddioElectronicsAB\/\",\"https:\/\/www.linkedin.com\/company\/addio-electronics-ab\"]}]}<\/script>\n<!-- \/ Yoast SEO plugin. -->","yoast_head_json":{"title":"S\u00fcti szab\u00e1lyzat - Addio Electronics","robots":{"index":"index","follow":"follow","max-snippet":"max-snippet:-1","max-image-preview":"max-image-preview:large","max-video-preview":"max-video-preview:-1"},"canonical":"https:\/\/addio.eu\/hu\/suti-szabalyzat\/","og_locale":"hu_HU","og_type":"article","og_title":"S\u00fcti szab\u00e1lyzat - Addio Electronics","og_description":"Friss\u00edtve: szeptember 30. Az Addio weboldal\u00e1n (https:\/\/addio.eu) s\u00fctiket \u00e9s hasonl\u00f3 nyomk\u00f6vet\u0151 technol\u00f3gi\u00e1kat haszn\u00e1lunk az \u00d6n \u00e9lm\u00e9ny\u00e9nek jav\u00edt\u00e1sa, a haszn\u00e1lat elemz\u00e9se \u00e9s szolg\u00e1ltat\u00e1saink hat\u00e9kony m\u0171k\u00f6d\u00e9s\u00e9nek biztos\u00edt\u00e1sa \u00e9rdek\u00e9ben. Ez a s\u00fctiszab\u00e1lyzat elmagyar\u00e1zza, mik azok a s\u00fctik, hogyan haszn\u00e1ljuk \u0151ket, milyen v\u00e1laszt\u00e1si lehet\u0151s\u00e9gei vannak a haszn\u00e1latukkal kapcsolatban, \u00e9s hogyan kezelheti s\u00fctibe\u00e1ll\u00edt\u00e1sait. 1. Mik azok a s\u00fctik?A s\u00fctik olyan [&hellip;]","og_url":"https:\/\/addio.eu\/hu\/suti-szabalyzat\/","og_site_name":"Addio Electronics","article_publisher":"https:\/\/www.facebook.com\/AddioElectronicsAB\/","article_modified_time":"2025-10-07T11:17:23+00:00","twitter_card":"summary_large_image","twitter_misc":{"Becs\u00fclt olvas\u00e1si id\u0151":"6 perc"},"schema":{"@context":"https:\/\/schema.org","@graph":[{"@type":"WebPage","@id":"https:\/\/addio.eu\/hu\/suti-szabalyzat\/","url":"https:\/\/addio.eu\/hu\/suti-szabalyzat\/","name":"S\u00fcti szab\u00e1lyzat - Addio Electronics","isPartOf":{"@id":"https:\/\/addio.eu\/hu\/#website"},"datePublished":"2024-10-18T18:10:36+00:00","dateModified":"2025-10-07T11:17:23+00:00","breadcrumb":{"@id":"https:\/\/addio.eu\/hu\/suti-szabalyzat\/#breadcrumb"},"inLanguage":"hu","potentialAction":[{"@type":"ReadAction","target":["https:\/\/addio.eu\/hu\/suti-szabalyzat\/"]}]},{"@type":"BreadcrumbList","@id":"https:\/\/addio.eu\/hu\/suti-szabalyzat\/#breadcrumb","itemListElement":[{"@type":"ListItem","position":1,"name":"Home","item":"https:\/\/addio.eu\/hu\/addio-kezdolap\/"},{"@type":"ListItem","position":2,"name":"S\u00fcti szab\u00e1lyzat"}]},{"@type":"WebSite","@id":"https:\/\/addio.eu\/hu\/#website","url":"https:\/\/addio.eu\/hu\/","name":"addio.eu","description":"","publisher":{"@id":"https:\/\/addio.eu\/hu\/#organization"},"potentialAction":[{"@type":"SearchAction","target":{"@type":"EntryPoint","urlTemplate":"https:\/\/addio.eu\/hu\/?s={search_term_string}"},"query-input":{"@type":"PropertyValueSpecification","valueRequired":true,"valueName":"search_term_string"}}],"inLanguage":"hu"},{"@type":"Organization","@id":"https:\/\/addio.eu\/hu\/#organization","name":"Addio Electronics","url":"https:\/\/addio.eu\/hu\/","logo":{"@type":"ImageObject","inLanguage":"hu","@id":"https:\/\/addio.eu\/hu\/#\/schema\/logo\/image\/","url":"https:\/\/addio.eu\/wp-content\/uploads\/2024\/10\/Lager_1-1.svg","contentUrl":"https:\/\/addio.eu\/wp-content\/uploads\/2024\/10\/Lager_1-1.svg","caption":"Addio Electronics"},"image":{"@id":"https:\/\/addio.eu\/hu\/#\/schema\/logo\/image\/"},"sameAs":["https:\/\/www.facebook.com\/AddioElectronicsAB\/","https:\/\/www.linkedin.com\/company\/addio-electronics-ab"]}]}},"_links":{"self":[{"href":"https:\/\/addio.eu\/hu\/wp-json\/wp\/v2\/pages\/8464","targetHints":{"allow":["GET"]}}],"collection":[{"href":"https:\/\/addio.eu\/hu\/wp-json\/wp\/v2\/pages"}],"about":[{"href":"https:\/\/addio.eu\/hu\/wp-json\/wp\/v2\/types\/page"}],"author":[{"embeddable":true,"href":"https:\/\/addio.eu\/hu\/wp-json\/wp\/v2\/users\/3"}],"replies":[{"embeddable":true,"href":"https:\/\/addio.eu\/hu\/wp-json\/wp\/v2\/comments?post=8464"}],"version-history":[{"count":1,"href":"https:\/\/addio.eu\/hu\/wp-json\/wp\/v2\/pages\/8464\/revisions"}],"predecessor-version":[{"id":8465,"href":"https:\/\/addio.eu\/hu\/wp-json\/wp\/v2\/pages\/8464\/revisions\/8465"}],"wp:attachment":[{"href":"https:\/\/addio.eu\/hu\/wp-json\/wp\/v2\/media?parent=8464"}],"curies":[{"name":"wp","href":"https:\/\/api.w.org\/{rel}","templated":true}]}}