{"id":13619,"date":"2025-03-07T11:12:36","date_gmt":"2025-03-07T11:12:36","guid":{"rendered":"https:\/\/addio.eu\/product\/capteur-climatique-std\/"},"modified":"2025-03-07T11:12:36","modified_gmt":"2025-03-07T11:12:36","slug":"capteur-climatique-std","status":"publish","type":"product","link":"https:\/\/addio.eu\/fr\/produit\/capteur-climatique-std\/","title":{"rendered":"Capteur climatique STD"},"content":{"rendered":"","protected":false},"excerpt":{"rendered":"<p class=\"\" data-start=\"25\" data-end=\"432\">Le capteur climatique mesure la temp\u00e9rature entre -40 \u00b0C et +85 \u00b0C et l\u2019humidit\u00e9 de 0 \u00e0 100 %.<br data-start=\"115\" data-end=\"118\">Tous les param\u00e8tres (\u00e0 l\u2019exception de l\u2019ID du capteur) sont d\u00e9finis dans notre logiciel Addio CC, o\u00f9 une plage de temp\u00e9rature et\/ou d\u2019humidit\u00e9 est d\u00e9finie, ce qui peut ensuite d\u00e9clencher une fonction ou une sortie. Le capteur est connect\u00e9 au syst\u00e8me de bus CAN du DRB. Jusqu\u2019\u00e0 8 capteurs peuvent \u00eatre utilis\u00e9s dans le m\u00eame syst\u00e8me avec des valeurs de capteur individuelles.  <\/p>\n<p class=\"\" data-start=\"434\" data-end=\"461\">Livr\u00e9 avec un c\u00e2ble de 5 m.<\/p>\n","protected":false},"featured_media":5920,"comment_status":"open","ping_status":"closed","template":"","meta":[],"product_brand":[],"product_cat":[296],"product_tag":[],"class_list":{"0":"post-13619","1":"product","2":"type-product","3":"status-publish","4":"has-post-thumbnail","6":"product_cat-capteurs","8":"first","9":"instock","10":"shipping-taxable","11":"product-type-simple"},"yoast_head":"<!-- This site is optimized with the Yoast SEO plugin v26.0 - https:\/\/yoast.com\/wordpress\/plugins\/seo\/ -->\n<title>Capteur climatique STD - Addio Electronics<\/title>\n<meta name=\"robots\" content=\"index, follow, max-snippet:-1, max-image-preview:large, max-video-preview:-1\" \/>\n<link rel=\"canonical\" href=\"https:\/\/addio.eu\/fr\/produit\/capteur-climatique-std\/\" \/>\n<meta property=\"og:locale\" content=\"fr_FR\" \/>\n<meta property=\"og:type\" content=\"article\" \/>\n<meta property=\"og:title\" content=\"Capteur climatique STD - Addio Electronics\" \/>\n<meta property=\"og:description\" content=\"Le capteur climatique mesure la temp\u00e9rature entre -40 \u00b0C et +85 \u00b0C et l\u2019humidit\u00e9 de 0 \u00e0 100 %.Tous les param\u00e8tres (\u00e0 l\u2019exception de l\u2019ID du capteur) sont d\u00e9finis dans notre logiciel Addio CC, o\u00f9 une plage de temp\u00e9rature et\/ou d\u2019humidit\u00e9 est d\u00e9finie, ce qui peut ensuite d\u00e9clencher une fonction ou une sortie. Le capteur est connect\u00e9 au syst\u00e8me de bus CAN du DRB. Jusqu\u2019\u00e0 8 capteurs peuvent \u00eatre utilis\u00e9s dans le m\u00eame syst\u00e8me avec des valeurs de capteur individuelles.  Livr\u00e9 avec un c\u00e2ble de 5 m.\" \/>\n<meta property=\"og:url\" content=\"https:\/\/addio.eu\/fr\/produit\/capteur-climatique-std\/\" \/>\n<meta property=\"og:site_name\" content=\"Addio Electronics\" \/>\n<meta property=\"article:publisher\" content=\"https:\/\/www.facebook.com\/AddioElectronicsAB\/\" \/>\n<meta property=\"og:image\" content=\"https:\/\/addio.eu\/wp-content\/uploads\/2025\/03\/IMG_1638.jpg\" \/>\n\t<meta property=\"og:image:width\" content=\"2341\" \/>\n\t<meta property=\"og:image:height\" content=\"2513\" \/>\n\t<meta property=\"og:image:type\" content=\"image\/jpeg\" \/>\n<meta name=\"twitter:card\" content=\"summary_large_image\" \/>\n<script type=\"application\/ld+json\" class=\"yoast-schema-graph\">{\"@context\":\"https:\/\/schema.org\",\"@graph\":[{\"@type\":\"WebPage\",\"@id\":\"https:\/\/addio.eu\/fr\/produit\/capteur-climatique-std\/\",\"url\":\"https:\/\/addio.eu\/fr\/produit\/capteur-climatique-std\/\",\"name\":\"Capteur climatique STD - Addio Electronics\",\"isPartOf\":{\"@id\":\"https:\/\/addio.eu\/fr\/#website\"},\"primaryImageOfPage\":{\"@id\":\"https:\/\/addio.eu\/fr\/produit\/capteur-climatique-std\/#primaryimage\"},\"image\":{\"@id\":\"https:\/\/addio.eu\/fr\/produit\/capteur-climatique-std\/#primaryimage\"},\"thumbnailUrl\":\"https:\/\/addio.eu\/wp-content\/uploads\/2025\/03\/IMG_1638.jpg\",\"datePublished\":\"2025-03-07T11:12:36+00:00\",\"breadcrumb\":{\"@id\":\"https:\/\/addio.eu\/fr\/produit\/capteur-climatique-std\/#breadcrumb\"},\"inLanguage\":\"fr-FR\",\"potentialAction\":[{\"@type\":\"ReadAction\",\"target\":[\"https:\/\/addio.eu\/fr\/produit\/capteur-climatique-std\/\"]}]},{\"@type\":\"ImageObject\",\"inLanguage\":\"fr-FR\",\"@id\":\"https:\/\/addio.eu\/fr\/produit\/capteur-climatique-std\/#primaryimage\",\"url\":\"https:\/\/addio.eu\/wp-content\/uploads\/2025\/03\/IMG_1638.jpg\",\"contentUrl\":\"https:\/\/addio.eu\/wp-content\/uploads\/2025\/03\/IMG_1638.jpg\",\"width\":2341,\"height\":2513},{\"@type\":\"BreadcrumbList\",\"@id\":\"https:\/\/addio.eu\/fr\/produit\/capteur-climatique-std\/#breadcrumb\",\"itemListElement\":[{\"@type\":\"ListItem\",\"position\":1,\"name\":\"Home\",\"item\":\"https:\/\/addio.eu\/fr\/page-daccueil-addio\/\"},{\"@type\":\"ListItem\",\"position\":2,\"name\":\"Produits\",\"item\":\"https:\/\/addio.eu\/fr\/produits\/\"},{\"@type\":\"ListItem\",\"position\":3,\"name\":\"Capteur climatique STD\"}]},{\"@type\":\"WebSite\",\"@id\":\"https:\/\/addio.eu\/fr\/#website\",\"url\":\"https:\/\/addio.eu\/fr\/\",\"name\":\"addio.eu\",\"description\":\"\",\"publisher\":{\"@id\":\"https:\/\/addio.eu\/fr\/#organization\"},\"potentialAction\":[{\"@type\":\"SearchAction\",\"target\":{\"@type\":\"EntryPoint\",\"urlTemplate\":\"https:\/\/addio.eu\/fr\/?s={search_term_string}\"},\"query-input\":{\"@type\":\"PropertyValueSpecification\",\"valueRequired\":true,\"valueName\":\"search_term_string\"}}],\"inLanguage\":\"fr-FR\"},{\"@type\":\"Organization\",\"@id\":\"https:\/\/addio.eu\/fr\/#organization\",\"name\":\"Addio electronics\",\"url\":\"https:\/\/addio.eu\/fr\/\",\"logo\":{\"@type\":\"ImageObject\",\"inLanguage\":\"fr-FR\",\"@id\":\"https:\/\/addio.eu\/fr\/#\/schema\/logo\/image\/\",\"url\":\"https:\/\/addio.eu\/wp-content\/uploads\/2024\/10\/Lager_1-1.svg\",\"contentUrl\":\"https:\/\/addio.eu\/wp-content\/uploads\/2024\/10\/Lager_1-1.svg\",\"caption\":\"Addio electronics\"},\"image\":{\"@id\":\"https:\/\/addio.eu\/fr\/#\/schema\/logo\/image\/\"},\"sameAs\":[\"https:\/\/www.facebook.com\/AddioElectronicsAB\/\",\"https:\/\/www.linkedin.com\/company\/addio-electronics-ab\"]}]}<\/script>\n<!-- \/ Yoast SEO plugin. -->","yoast_head_json":{"title":"Capteur climatique STD - Addio Electronics","robots":{"index":"index","follow":"follow","max-snippet":"max-snippet:-1","max-image-preview":"max-image-preview:large","max-video-preview":"max-video-preview:-1"},"canonical":"https:\/\/addio.eu\/fr\/produit\/capteur-climatique-std\/","og_locale":"fr_FR","og_type":"article","og_title":"Capteur climatique STD - Addio Electronics","og_description":"Le capteur climatique mesure la temp\u00e9rature entre -40 \u00b0C et +85 \u00b0C et l\u2019humidit\u00e9 de 0 \u00e0 100 %.Tous les param\u00e8tres (\u00e0 l\u2019exception de l\u2019ID du capteur) sont d\u00e9finis dans notre logiciel Addio CC, o\u00f9 une plage de temp\u00e9rature et\/ou d\u2019humidit\u00e9 est d\u00e9finie, ce qui peut ensuite d\u00e9clencher une fonction ou une sortie. Le capteur est connect\u00e9 au syst\u00e8me de bus CAN du DRB. Jusqu\u2019\u00e0 8 capteurs peuvent \u00eatre utilis\u00e9s dans le m\u00eame syst\u00e8me avec des valeurs de capteur individuelles.  Livr\u00e9 avec un c\u00e2ble de 5 m.","og_url":"https:\/\/addio.eu\/fr\/produit\/capteur-climatique-std\/","og_site_name":"Addio Electronics","article_publisher":"https:\/\/www.facebook.com\/AddioElectronicsAB\/","og_image":[{"width":2341,"height":2513,"url":"https:\/\/addio.eu\/wp-content\/uploads\/2025\/03\/IMG_1638.jpg","type":"image\/jpeg"}],"twitter_card":"summary_large_image","schema":{"@context":"https:\/\/schema.org","@graph":[{"@type":"WebPage","@id":"https:\/\/addio.eu\/fr\/produit\/capteur-climatique-std\/","url":"https:\/\/addio.eu\/fr\/produit\/capteur-climatique-std\/","name":"Capteur climatique STD - Addio Electronics","isPartOf":{"@id":"https:\/\/addio.eu\/fr\/#website"},"primaryImageOfPage":{"@id":"https:\/\/addio.eu\/fr\/produit\/capteur-climatique-std\/#primaryimage"},"image":{"@id":"https:\/\/addio.eu\/fr\/produit\/capteur-climatique-std\/#primaryimage"},"thumbnailUrl":"https:\/\/addio.eu\/wp-content\/uploads\/2025\/03\/IMG_1638.jpg","datePublished":"2025-03-07T11:12:36+00:00","breadcrumb":{"@id":"https:\/\/addio.eu\/fr\/produit\/capteur-climatique-std\/#breadcrumb"},"inLanguage":"fr-FR","potentialAction":[{"@type":"ReadAction","target":["https:\/\/addio.eu\/fr\/produit\/capteur-climatique-std\/"]}]},{"@type":"ImageObject","inLanguage":"fr-FR","@id":"https:\/\/addio.eu\/fr\/produit\/capteur-climatique-std\/#primaryimage","url":"https:\/\/addio.eu\/wp-content\/uploads\/2025\/03\/IMG_1638.jpg","contentUrl":"https:\/\/addio.eu\/wp-content\/uploads\/2025\/03\/IMG_1638.jpg","width":2341,"height":2513},{"@type":"BreadcrumbList","@id":"https:\/\/addio.eu\/fr\/produit\/capteur-climatique-std\/#breadcrumb","itemListElement":[{"@type":"ListItem","position":1,"name":"Home","item":"https:\/\/addio.eu\/fr\/page-daccueil-addio\/"},{"@type":"ListItem","position":2,"name":"Produits","item":"https:\/\/addio.eu\/fr\/produits\/"},{"@type":"ListItem","position":3,"name":"Capteur climatique STD"}]},{"@type":"WebSite","@id":"https:\/\/addio.eu\/fr\/#website","url":"https:\/\/addio.eu\/fr\/","name":"addio.eu","description":"","publisher":{"@id":"https:\/\/addio.eu\/fr\/#organization"},"potentialAction":[{"@type":"SearchAction","target":{"@type":"EntryPoint","urlTemplate":"https:\/\/addio.eu\/fr\/?s={search_term_string}"},"query-input":{"@type":"PropertyValueSpecification","valueRequired":true,"valueName":"search_term_string"}}],"inLanguage":"fr-FR"},{"@type":"Organization","@id":"https:\/\/addio.eu\/fr\/#organization","name":"Addio electronics","url":"https:\/\/addio.eu\/fr\/","logo":{"@type":"ImageObject","inLanguage":"fr-FR","@id":"https:\/\/addio.eu\/fr\/#\/schema\/logo\/image\/","url":"https:\/\/addio.eu\/wp-content\/uploads\/2024\/10\/Lager_1-1.svg","contentUrl":"https:\/\/addio.eu\/wp-content\/uploads\/2024\/10\/Lager_1-1.svg","caption":"Addio electronics"},"image":{"@id":"https:\/\/addio.eu\/fr\/#\/schema\/logo\/image\/"},"sameAs":["https:\/\/www.facebook.com\/AddioElectronicsAB\/","https:\/\/www.linkedin.com\/company\/addio-electronics-ab"]}]}},"_links":{"self":[{"href":"https:\/\/addio.eu\/fr\/wp-json\/wp\/v2\/product\/13619","targetHints":{"allow":["GET"]}}],"collection":[{"href":"https:\/\/addio.eu\/fr\/wp-json\/wp\/v2\/product"}],"about":[{"href":"https:\/\/addio.eu\/fr\/wp-json\/wp\/v2\/types\/product"}],"replies":[{"embeddable":true,"href":"https:\/\/addio.eu\/fr\/wp-json\/wp\/v2\/comments?post=13619"}],"wp:featuredmedia":[{"embeddable":true,"href":"https:\/\/addio.eu\/fr\/wp-json\/wp\/v2\/media\/5920"}],"wp:attachment":[{"href":"https:\/\/addio.eu\/fr\/wp-json\/wp\/v2\/media?parent=13619"}],"wp:term":[{"taxonomy":"product_brand","embeddable":true,"href":"https:\/\/addio.eu\/fr\/wp-json\/wp\/v2\/product_brand?post=13619"},{"taxonomy":"product_cat","embeddable":true,"href":"https:\/\/addio.eu\/fr\/wp-json\/wp\/v2\/product_cat?post=13619"},{"taxonomy":"product_tag","embeddable":true,"href":"https:\/\/addio.eu\/fr\/wp-json\/wp\/v2\/product_tag?post=13619"}],"curies":[{"name":"wp","href":"https:\/\/api.w.org\/{rel}","templated":true}]}}