{"id":13106,"date":"2025-03-24T09:43:40","date_gmt":"2025-03-24T09:43:40","guid":{"rendered":"https:\/\/addio.eu\/product\/drb-8012-3-esp\/"},"modified":"2026-02-10T16:56:39","modified_gmt":"2026-02-10T16:56:39","slug":"drb-8012-3-esp","status":"publish","type":"product","link":"https:\/\/addio.eu\/fr\/produit\/drb-8012-3-esp\/","title":{"rendered":"DRB 8012-3 ESP"},"content":{"rendered":"<p>&nbsp;<\/p>\n<table width=\"310\">\n<tbody>\n<tr>\n<td width=\"234\">Mod\u00e8le<\/td>\n<td width=\"76\">DRB8012-3 ESP<\/td>\n<\/tr>\n<tr>\n<td width=\"234\">Alimentation \u00e9lectrique<\/td>\n<td width=\"76\">10-22 VDC<\/td>\n<\/tr>\n<tr>\n<td width=\"234\">Consommation \u00e9lectrique interne (approximative) Mode normal aucune sortie active \/ Mode veille<\/td>\n<td width=\"76\">~5mA\/~2mA<\/td>\n<\/tr>\n<tr>\n<td width=\"234\">Protection contre la sous-tension (r\u00e9glable)<\/td>\n<td width=\"76\">Fixe 10V<\/td>\n<\/tr>\n<tr>\n<td width=\"234\">Protection contre la surtension (r\u00e9glable)<\/td>\n<td width=\"76\">Non<\/td>\n<\/tr>\n<tr>\n<td width=\"234\">Courant total max. 1 minute<\/td>\n<td width=\"76\">80A<\/td>\n<\/tr>\n<tr>\n<td width=\"234\">Courant total max. continu<\/td>\n<td width=\"76\">80A<\/td>\n<\/tr>\n<tr>\n<td width=\"234\">Nombre total d&rsquo;entr\u00e9es<\/td>\n<td width=\"76\">3 pcs<\/td>\n<\/tr>\n<tr>\n<td width=\"234\">Entr\u00e9es num\u00e9riques<\/td>\n<td width=\"76\">3 sur 3 pcs<\/td>\n<\/tr>\n<tr>\n<td width=\"234\">Entr\u00e9es analogiques<\/td>\n<td width=\"76\">0 pcs<\/td>\n<\/tr>\n<tr>\n<td width=\"234\">R\u00e9sistance d&rsquo;entr\u00e9e @12V<\/td>\n<td width=\"76\">22k\u03a9<\/td>\n<\/tr>\n<tr>\n<td width=\"234\">Connexions d&rsquo;entr\u00e9es (bornes \u00e0 vis enfichables)<\/td>\n<td width=\"76\">10 p\u00f4les inc. +\/-<\/td>\n<\/tr>\n<tr>\n<td width=\"234\">Nombre de sorties<\/td>\n<td width=\"76\">3 pcs<\/td>\n<\/tr>\n<tr>\n<td width=\"234\">Connexion sorties<\/td>\n<td width=\"76\">\u00c9crou M5 + connecteur \u00e0 sertir<\/td>\n<\/tr>\n<tr>\n<td width=\"234\">Taille fusible A, sorties<\/td>\n<td width=\"76\">Sortie 1 Fixe 80A, Sorties 2-3 Fixe 6A<\/td>\n<\/tr>\n<tr>\n<td width=\"234\">Connexion d&rsquo;alimentation<\/td>\n<td width=\"76\">\u00c9crou M5<\/td>\n<\/tr>\n<tr>\n<td width=\"234\">Bluetooth<\/td>\n<td width=\"76\">Non<\/td>\n<\/tr>\n<tr>\n<td width=\"234\">Contr\u00f4le moteur H-Bridge (courant pr\u00e9l.)<\/td>\n<td width=\"76\">Non<\/td>\n<\/tr>\n<tr>\n<td width=\"234\">Indication d&rsquo;erreur<\/td>\n<td width=\"76\">Non<\/td>\n<\/tr>\n<tr>\n<td width=\"234\">LED par sortie (couleur r\u00e9glable)<\/td>\n<td width=\"76\">Non<\/td>\n<\/tr>\n<tr>\n<td width=\"234\">Bus de communication (bus CAN)<\/td>\n<td width=\"76\">Oui 1pcs RJ10<\/td>\n<\/tr>\n<tr>\n<td width=\"234\">Connexions ordinateur<\/td>\n<td width=\"76\">Non<\/td>\n<\/tr>\n<tr>\n<td width=\"234\">Signaux de mise \u00e0 la terre<\/td>\n<td width=\"76\">Oui avec r\u00e9sistance externe vers le positif<\/td>\n<\/tr>\n<tr>\n<td width=\"234\">T\u00e9l\u00e9commande, panneaux de commutation, capteurs etc.<\/td>\n<td width=\"76\">Non<\/td>\n<\/tr>\n<tr>\n<td width=\"234\">Dimensions (mm)<\/td>\n<td width=\"76\">119x57x21<\/td>\n<\/tr>\n<tr>\n<td width=\"234\">Poids<\/td>\n<td width=\"76\"><\/td>\n<\/tr>\n<\/tbody>\n<\/table>\n","protected":false},"excerpt":{"rendered":"<p>Cette unit\u00e9 fonctionne comme un relais tr\u00e8s puissant capable de commuter 80 amp\u00e8res sur une sortie haute puissance et deux sorties basse puissance de 6 amp\u00e8res. Cette unit\u00e9 n&rsquo;est pas configurable et est uniquement contr\u00f4l\u00e9e via le bus CAN ou via les trois entr\u00e9es. <\/p>\n<p>L&rsquo;unit\u00e9 peut \u00eatre utilis\u00e9e pour contr\u00f4ler le courant principal de la batterie pour les charges haute puissance, par exemple, lorsque vous devez connecter une pompe hydraulique ou un onduleur 230 VAC.<\/p>\n","protected":false},"featured_media":13115,"comment_status":"open","ping_status":"closed","template":"","meta":[],"product_brand":[],"product_cat":[165],"product_tag":[166,167,400,401],"class_list":{"0":"post-13106","1":"product","2":"type-product","3":"status-publish","4":"has-post-thumbnail","6":"product_cat-boitiers-de-relais-numeriques","7":"product_tag-12v","8":"product_tag-2-ports-can","9":"product_tag-3-entrees","10":"product_tag-3-sorties","12":"first","13":"instock","14":"shipping-taxable","15":"product-type-simple"},"yoast_head":"<!-- This site is optimized with the Yoast SEO plugin v26.0 - https:\/\/yoast.com\/wordpress\/plugins\/seo\/ -->\n<title>DRB 8012-3 ESP - Addio Electronics<\/title>\n<meta name=\"robots\" content=\"index, follow, max-snippet:-1, max-image-preview:large, max-video-preview:-1\" \/>\n<link rel=\"canonical\" href=\"https:\/\/addio.eu\/fr\/produit\/drb-8012-3-esp\/\" \/>\n<meta property=\"og:locale\" content=\"fr_FR\" \/>\n<meta property=\"og:type\" content=\"article\" \/>\n<meta property=\"og:title\" content=\"DRB 8012-3 ESP - Addio Electronics\" \/>\n<meta property=\"og:description\" content=\"Cette unit\u00e9 fonctionne comme un relais tr\u00e8s puissant capable de commuter 80 amp\u00e8res sur une sortie haute puissance et deux sorties basse puissance de 6 amp\u00e8res. Cette unit\u00e9 n&#039;est pas configurable et est uniquement contr\u00f4l\u00e9e via le bus CAN ou via les trois entr\u00e9es.  L&#039;unit\u00e9 peut \u00eatre utilis\u00e9e pour contr\u00f4ler le courant principal de la batterie pour les charges haute puissance, par exemple, lorsque vous devez connecter une pompe hydraulique ou un onduleur 230 VAC.\" \/>\n<meta property=\"og:url\" content=\"https:\/\/addio.eu\/fr\/produit\/drb-8012-3-esp\/\" \/>\n<meta property=\"og:site_name\" content=\"Addio Electronics\" \/>\n<meta property=\"article:publisher\" content=\"https:\/\/www.facebook.com\/AddioElectronicsAB\/\" \/>\n<meta property=\"article:modified_time\" content=\"2026-02-10T16:56:39+00:00\" \/>\n<meta property=\"og:image\" content=\"https:\/\/addio.eu\/wp-content\/uploads\/2025\/03\/IMG_1729-scaled.jpg\" \/>\n\t<meta property=\"og:image:width\" content=\"2560\" \/>\n\t<meta property=\"og:image:height\" content=\"1211\" \/>\n\t<meta property=\"og:image:type\" content=\"image\/jpeg\" \/>\n<meta name=\"twitter:card\" content=\"summary_large_image\" \/>\n<meta name=\"twitter:label1\" content=\"Dur\u00e9e de lecture estim\u00e9e\" \/>\n\t<meta name=\"twitter:data1\" content=\"1 minute\" \/>\n<script type=\"application\/ld+json\" class=\"yoast-schema-graph\">{\"@context\":\"https:\/\/schema.org\",\"@graph\":[{\"@type\":\"WebPage\",\"@id\":\"https:\/\/addio.eu\/fr\/produit\/drb-8012-3-esp\/\",\"url\":\"https:\/\/addio.eu\/fr\/produit\/drb-8012-3-esp\/\",\"name\":\"DRB 8012-3 ESP - Addio Electronics\",\"isPartOf\":{\"@id\":\"https:\/\/addio.eu\/fr\/#website\"},\"primaryImageOfPage\":{\"@id\":\"https:\/\/addio.eu\/fr\/produit\/drb-8012-3-esp\/#primaryimage\"},\"image\":{\"@id\":\"https:\/\/addio.eu\/fr\/produit\/drb-8012-3-esp\/#primaryimage\"},\"thumbnailUrl\":\"https:\/\/addio.eu\/wp-content\/uploads\/2025\/03\/IMG_1729-scaled.jpg\",\"datePublished\":\"2025-03-24T09:43:40+00:00\",\"dateModified\":\"2026-02-10T16:56:39+00:00\",\"breadcrumb\":{\"@id\":\"https:\/\/addio.eu\/fr\/produit\/drb-8012-3-esp\/#breadcrumb\"},\"inLanguage\":\"fr-FR\",\"potentialAction\":[{\"@type\":\"ReadAction\",\"target\":[\"https:\/\/addio.eu\/fr\/produit\/drb-8012-3-esp\/\"]}]},{\"@type\":\"ImageObject\",\"inLanguage\":\"fr-FR\",\"@id\":\"https:\/\/addio.eu\/fr\/produit\/drb-8012-3-esp\/#primaryimage\",\"url\":\"https:\/\/addio.eu\/wp-content\/uploads\/2025\/03\/IMG_1729-scaled.jpg\",\"contentUrl\":\"https:\/\/addio.eu\/wp-content\/uploads\/2025\/03\/IMG_1729-scaled.jpg\",\"width\":2560,\"height\":1211},{\"@type\":\"BreadcrumbList\",\"@id\":\"https:\/\/addio.eu\/fr\/produit\/drb-8012-3-esp\/#breadcrumb\",\"itemListElement\":[{\"@type\":\"ListItem\",\"position\":1,\"name\":\"Home\",\"item\":\"https:\/\/addio.eu\/fr\/page-daccueil-addio\/\"},{\"@type\":\"ListItem\",\"position\":2,\"name\":\"Produits\",\"item\":\"https:\/\/addio.eu\/fr\/produits\/\"},{\"@type\":\"ListItem\",\"position\":3,\"name\":\"DRB 8012-3 ESP\"}]},{\"@type\":\"WebSite\",\"@id\":\"https:\/\/addio.eu\/fr\/#website\",\"url\":\"https:\/\/addio.eu\/fr\/\",\"name\":\"addio.eu\",\"description\":\"\",\"publisher\":{\"@id\":\"https:\/\/addio.eu\/fr\/#organization\"},\"potentialAction\":[{\"@type\":\"SearchAction\",\"target\":{\"@type\":\"EntryPoint\",\"urlTemplate\":\"https:\/\/addio.eu\/fr\/?s={search_term_string}\"},\"query-input\":{\"@type\":\"PropertyValueSpecification\",\"valueRequired\":true,\"valueName\":\"search_term_string\"}}],\"inLanguage\":\"fr-FR\"},{\"@type\":\"Organization\",\"@id\":\"https:\/\/addio.eu\/fr\/#organization\",\"name\":\"Addio electronics\",\"url\":\"https:\/\/addio.eu\/fr\/\",\"logo\":{\"@type\":\"ImageObject\",\"inLanguage\":\"fr-FR\",\"@id\":\"https:\/\/addio.eu\/fr\/#\/schema\/logo\/image\/\",\"url\":\"https:\/\/addio.eu\/wp-content\/uploads\/2024\/10\/Lager_1-1.svg\",\"contentUrl\":\"https:\/\/addio.eu\/wp-content\/uploads\/2024\/10\/Lager_1-1.svg\",\"caption\":\"Addio electronics\"},\"image\":{\"@id\":\"https:\/\/addio.eu\/fr\/#\/schema\/logo\/image\/\"},\"sameAs\":[\"https:\/\/www.facebook.com\/AddioElectronicsAB\/\",\"https:\/\/www.linkedin.com\/company\/addio-electronics-ab\"]}]}<\/script>\n<!-- \/ Yoast SEO plugin. -->","yoast_head_json":{"title":"DRB 8012-3 ESP - Addio Electronics","robots":{"index":"index","follow":"follow","max-snippet":"max-snippet:-1","max-image-preview":"max-image-preview:large","max-video-preview":"max-video-preview:-1"},"canonical":"https:\/\/addio.eu\/fr\/produit\/drb-8012-3-esp\/","og_locale":"fr_FR","og_type":"article","og_title":"DRB 8012-3 ESP - Addio Electronics","og_description":"Cette unit\u00e9 fonctionne comme un relais tr\u00e8s puissant capable de commuter 80 amp\u00e8res sur une sortie haute puissance et deux sorties basse puissance de 6 amp\u00e8res. Cette unit\u00e9 n'est pas configurable et est uniquement contr\u00f4l\u00e9e via le bus CAN ou via les trois entr\u00e9es.  L'unit\u00e9 peut \u00eatre utilis\u00e9e pour contr\u00f4ler le courant principal de la batterie pour les charges haute puissance, par exemple, lorsque vous devez connecter une pompe hydraulique ou un onduleur 230 VAC.","og_url":"https:\/\/addio.eu\/fr\/produit\/drb-8012-3-esp\/","og_site_name":"Addio Electronics","article_publisher":"https:\/\/www.facebook.com\/AddioElectronicsAB\/","article_modified_time":"2026-02-10T16:56:39+00:00","og_image":[{"width":2560,"height":1211,"url":"https:\/\/addio.eu\/wp-content\/uploads\/2025\/03\/IMG_1729-scaled.jpg","type":"image\/jpeg"}],"twitter_card":"summary_large_image","twitter_misc":{"Dur\u00e9e de lecture estim\u00e9e":"1 minute"},"schema":{"@context":"https:\/\/schema.org","@graph":[{"@type":"WebPage","@id":"https:\/\/addio.eu\/fr\/produit\/drb-8012-3-esp\/","url":"https:\/\/addio.eu\/fr\/produit\/drb-8012-3-esp\/","name":"DRB 8012-3 ESP - Addio Electronics","isPartOf":{"@id":"https:\/\/addio.eu\/fr\/#website"},"primaryImageOfPage":{"@id":"https:\/\/addio.eu\/fr\/produit\/drb-8012-3-esp\/#primaryimage"},"image":{"@id":"https:\/\/addio.eu\/fr\/produit\/drb-8012-3-esp\/#primaryimage"},"thumbnailUrl":"https:\/\/addio.eu\/wp-content\/uploads\/2025\/03\/IMG_1729-scaled.jpg","datePublished":"2025-03-24T09:43:40+00:00","dateModified":"2026-02-10T16:56:39+00:00","breadcrumb":{"@id":"https:\/\/addio.eu\/fr\/produit\/drb-8012-3-esp\/#breadcrumb"},"inLanguage":"fr-FR","potentialAction":[{"@type":"ReadAction","target":["https:\/\/addio.eu\/fr\/produit\/drb-8012-3-esp\/"]}]},{"@type":"ImageObject","inLanguage":"fr-FR","@id":"https:\/\/addio.eu\/fr\/produit\/drb-8012-3-esp\/#primaryimage","url":"https:\/\/addio.eu\/wp-content\/uploads\/2025\/03\/IMG_1729-scaled.jpg","contentUrl":"https:\/\/addio.eu\/wp-content\/uploads\/2025\/03\/IMG_1729-scaled.jpg","width":2560,"height":1211},{"@type":"BreadcrumbList","@id":"https:\/\/addio.eu\/fr\/produit\/drb-8012-3-esp\/#breadcrumb","itemListElement":[{"@type":"ListItem","position":1,"name":"Home","item":"https:\/\/addio.eu\/fr\/page-daccueil-addio\/"},{"@type":"ListItem","position":2,"name":"Produits","item":"https:\/\/addio.eu\/fr\/produits\/"},{"@type":"ListItem","position":3,"name":"DRB 8012-3 ESP"}]},{"@type":"WebSite","@id":"https:\/\/addio.eu\/fr\/#website","url":"https:\/\/addio.eu\/fr\/","name":"addio.eu","description":"","publisher":{"@id":"https:\/\/addio.eu\/fr\/#organization"},"potentialAction":[{"@type":"SearchAction","target":{"@type":"EntryPoint","urlTemplate":"https:\/\/addio.eu\/fr\/?s={search_term_string}"},"query-input":{"@type":"PropertyValueSpecification","valueRequired":true,"valueName":"search_term_string"}}],"inLanguage":"fr-FR"},{"@type":"Organization","@id":"https:\/\/addio.eu\/fr\/#organization","name":"Addio electronics","url":"https:\/\/addio.eu\/fr\/","logo":{"@type":"ImageObject","inLanguage":"fr-FR","@id":"https:\/\/addio.eu\/fr\/#\/schema\/logo\/image\/","url":"https:\/\/addio.eu\/wp-content\/uploads\/2024\/10\/Lager_1-1.svg","contentUrl":"https:\/\/addio.eu\/wp-content\/uploads\/2024\/10\/Lager_1-1.svg","caption":"Addio electronics"},"image":{"@id":"https:\/\/addio.eu\/fr\/#\/schema\/logo\/image\/"},"sameAs":["https:\/\/www.facebook.com\/AddioElectronicsAB\/","https:\/\/www.linkedin.com\/company\/addio-electronics-ab"]}]}},"_links":{"self":[{"href":"https:\/\/addio.eu\/fr\/wp-json\/wp\/v2\/product\/13106","targetHints":{"allow":["GET"]}}],"collection":[{"href":"https:\/\/addio.eu\/fr\/wp-json\/wp\/v2\/product"}],"about":[{"href":"https:\/\/addio.eu\/fr\/wp-json\/wp\/v2\/types\/product"}],"replies":[{"embeddable":true,"href":"https:\/\/addio.eu\/fr\/wp-json\/wp\/v2\/comments?post=13106"}],"wp:featuredmedia":[{"embeddable":true,"href":"https:\/\/addio.eu\/fr\/wp-json\/wp\/v2\/media\/13115"}],"wp:attachment":[{"href":"https:\/\/addio.eu\/fr\/wp-json\/wp\/v2\/media?parent=13106"}],"wp:term":[{"taxonomy":"product_brand","embeddable":true,"href":"https:\/\/addio.eu\/fr\/wp-json\/wp\/v2\/product_brand?post=13106"},{"taxonomy":"product_cat","embeddable":true,"href":"https:\/\/addio.eu\/fr\/wp-json\/wp\/v2\/product_cat?post=13106"},{"taxonomy":"product_tag","embeddable":true,"href":"https:\/\/addio.eu\/fr\/wp-json\/wp\/v2\/product_tag?post=13106"}],"curies":[{"name":"wp","href":"https:\/\/api.w.org\/{rel}","templated":true}]}}