{"id":12569,"date":"2025-03-07T10:38:08","date_gmt":"2025-03-07T10:38:08","guid":{"rendered":"https:\/\/addio.eu\/product\/commande-manuelle-15\/"},"modified":"2025-03-07T10:38:08","modified_gmt":"2025-03-07T10:38:08","slug":"commande-manuelle-15","status":"publish","type":"product","link":"https:\/\/addio.eu\/fr\/produit\/commande-manuelle-15\/","title":{"rendered":"Commande manuelle 15"},"content":{"rendered":"<p class=\"\" data-start=\"660\" data-end=\"682\"><strong data-start=\"660\" data-end=\"682\">Couleur et \u00e9clairage<\/strong><\/p>\n<p class=\"\" data-start=\"684\" data-end=\"919\">Tous les boutons du panneau de commande sont illumin\u00e9s et peuvent \u00eatre configur\u00e9s avec les couleurs suivantes : vert, bleu, jaune, orange, blanc et rouge. La couleur de fond et la couleur active peuvent \u00eatre d\u00e9finies dans le menu pour chaque bouton. <\/p>\n<p class=\"\" data-start=\"921\" data-end=\"1055\">L&rsquo;intensit\u00e9 lumineuse des boutons s&rsquo;ajuste automatiquement en fonction des conditions d&rsquo;\u00e9clairage environnantes, gr\u00e2ce \u00e0 un capteur de lumi\u00e8re int\u00e9gr\u00e9.<\/p>\n<p class=\"\" data-start=\"1346\" data-end=\"1380\"><strong data-start=\"1346\" data-end=\"1380\">Installation et configuration<\/strong><\/p>\n<p class=\"\" data-start=\"1382\" data-end=\"1525\">La configuration des fonctions des boutons, des couleurs actives et passives, et plus encore est stock\u00e9e dans nos bo\u00eetiers relais et se fait via notre logiciel, Addio CC.<\/p>\n<p data-start=\"1382\" data-end=\"1525\"><strong>Inclus dans la bo\u00eete<\/strong><br \/>\nLa commande manuelle Addio est livr\u00e9e avec un c\u00e2ble de 3 m\u00e8tres, un support et des autocollants pour les boutons.<\/p>\n","protected":false},"excerpt":{"rendered":"<div class=\"elementor-element elementor-element-28a1869 elementor-widget elementor-widget-woocommerce-product-title elementor-page-title elementor-widget-heading\" data-id=\"28a1869\" data-element_type=\"widget\" data-widget_type=\"woocommerce-product-title.default\">\n<div class=\"elementor-widget-container\">\n<h2 class=\"product_title entry-title elementor-heading-title elementor-size-default\"><strong style=\"font-size: 16px;\" data-start=\"62\" data-end=\"120\">C\u00e2blage et installation faciles avec la commande manuelle Addio<\/strong><\/h2>\n<\/div>\n<\/div>\n<div class=\"elementor-element elementor-element-b951bf8 elementor-widget elementor-widget-woocommerce-product-short-description\" data-id=\"b951bf8\" data-element_type=\"widget\" data-widget_type=\"woocommerce-product-short-description.default\">\n<div class=\"elementor-widget-container\">\n<div class=\"woocommerce-product-details__short-description\">\n<p>La commande manuelle \u00e0 13 boutons d&rsquo;Addio est facile \u00e0 installer gr\u00e2ce au support de montage inclus. La commande manuelle se connecte au port COM\/CAN du bo\u00eetier relais via le c\u00e2ble fourni. <\/p>\n<p>La commande manuelle Addio est compatible avec nos DRB 12V et 24V.<\/p>\n<div id=\"tw-target-rmn-container\" class=\"tw-target-rmn tw-ta-container tw-nfl\" tabindex=\"0\" role=\"text\">\n<p id=\"tw-target-rmn\" class=\"tw-data-placeholder tw-text-small tw-ta\" dir=\"ltr\"><strong data-start=\"333\" data-end=\"345\">Caract\u00e9ristiques<\/strong><\/p>\n<\/div>\n<p class=\"\" data-start=\"347\" data-end=\"523\">Chaque bouton peut \u00eatre configur\u00e9 pour contr\u00f4ler plusieurs fonctions et peut activer une sortie et\/ou servir d&rsquo;indicateur pour montrer si une entr\u00e9e, une sortie ou une autre fonction interne sp\u00e9cifique est active.<\/p>\n<p class=\"\" data-start=\"525\" data-end=\"658\">Jusqu&rsquo;\u00e0 quatre commandes manuelles peuvent \u00eatre utilis\u00e9es dans un syst\u00e8me, les commandes manuelles fonctionneront en parall\u00e8le (c\u00e2blage en va-et-vient).<\/p>\n<\/div>\n<\/div>\n<\/div>\n","protected":false},"featured_media":5857,"comment_status":"open","ping_status":"closed","template":"","meta":[],"product_brand":[],"product_cat":[360],"product_tag":[361],"class_list":{"0":"post-12569","1":"product","2":"type-product","3":"status-publish","4":"has-post-thumbnail","6":"product_cat-commandes-manuelles","7":"product_tag-15-boutons","9":"first","10":"instock","11":"shipping-taxable","12":"product-type-simple"},"yoast_head":"<!-- This site is optimized with the Yoast SEO plugin v26.0 - https:\/\/yoast.com\/wordpress\/plugins\/seo\/ -->\n<title>Commande manuelle 15 - Addio Electronics<\/title>\n<meta name=\"robots\" content=\"index, follow, max-snippet:-1, max-image-preview:large, max-video-preview:-1\" \/>\n<link rel=\"canonical\" href=\"https:\/\/addio.eu\/fr\/produit\/commande-manuelle-15\/\" \/>\n<meta property=\"og:locale\" content=\"fr_FR\" \/>\n<meta property=\"og:type\" content=\"article\" \/>\n<meta property=\"og:title\" content=\"Commande manuelle 15 - Addio Electronics\" \/>\n<meta property=\"og:description\" content=\"C\u00e2blage et installation faciles avec la commande manuelle Addio    La commande manuelle \u00e0 13 boutons d&#039;Addio est facile \u00e0 installer gr\u00e2ce au support de montage inclus. La commande manuelle se connecte au port COM\/CAN du bo\u00eetier relais via le c\u00e2ble fourni.  La commande manuelle Addio est compatible avec nos DRB 12V et 24V. Caract\u00e9ristiques  Chaque bouton peut \u00eatre configur\u00e9 pour contr\u00f4ler plusieurs fonctions et peut activer une sortie et\/ou servir d&#039;indicateur pour montrer si une entr\u00e9e, une sortie ou une autre fonction interne sp\u00e9cifique est active. Jusqu&#039;\u00e0 quatre commandes manuelles peuvent \u00eatre utilis\u00e9es dans un syst\u00e8me, les commandes manuelles fonctionneront en parall\u00e8le (c\u00e2blage en va-et-vient).\" \/>\n<meta property=\"og:url\" content=\"https:\/\/addio.eu\/fr\/produit\/commande-manuelle-15\/\" \/>\n<meta property=\"og:site_name\" content=\"Addio Electronics\" \/>\n<meta property=\"article:publisher\" content=\"https:\/\/www.facebook.com\/AddioElectronicsAB\/\" \/>\n<meta property=\"og:image\" content=\"https:\/\/addio.eu\/wp-content\/uploads\/2025\/03\/IMG_1590-scaled.jpg\" \/>\n\t<meta property=\"og:image:width\" content=\"1670\" \/>\n\t<meta property=\"og:image:height\" content=\"2560\" \/>\n\t<meta property=\"og:image:type\" content=\"image\/jpeg\" \/>\n<meta name=\"twitter:card\" content=\"summary_large_image\" \/>\n<meta name=\"twitter:label1\" content=\"Dur\u00e9e de lecture estim\u00e9e\" \/>\n\t<meta name=\"twitter:data1\" content=\"1 minute\" \/>\n<script type=\"application\/ld+json\" class=\"yoast-schema-graph\">{\"@context\":\"https:\/\/schema.org\",\"@graph\":[{\"@type\":\"WebPage\",\"@id\":\"https:\/\/addio.eu\/fr\/produit\/commande-manuelle-15\/\",\"url\":\"https:\/\/addio.eu\/fr\/produit\/commande-manuelle-15\/\",\"name\":\"Commande manuelle 15 - Addio Electronics\",\"isPartOf\":{\"@id\":\"https:\/\/addio.eu\/fr\/#website\"},\"primaryImageOfPage\":{\"@id\":\"https:\/\/addio.eu\/fr\/produit\/commande-manuelle-15\/#primaryimage\"},\"image\":{\"@id\":\"https:\/\/addio.eu\/fr\/produit\/commande-manuelle-15\/#primaryimage\"},\"thumbnailUrl\":\"https:\/\/addio.eu\/wp-content\/uploads\/2025\/03\/IMG_1590-scaled.jpg\",\"datePublished\":\"2025-03-07T10:38:08+00:00\",\"breadcrumb\":{\"@id\":\"https:\/\/addio.eu\/fr\/produit\/commande-manuelle-15\/#breadcrumb\"},\"inLanguage\":\"fr-FR\",\"potentialAction\":[{\"@type\":\"ReadAction\",\"target\":[\"https:\/\/addio.eu\/fr\/produit\/commande-manuelle-15\/\"]}]},{\"@type\":\"ImageObject\",\"inLanguage\":\"fr-FR\",\"@id\":\"https:\/\/addio.eu\/fr\/produit\/commande-manuelle-15\/#primaryimage\",\"url\":\"https:\/\/addio.eu\/wp-content\/uploads\/2025\/03\/IMG_1590-scaled.jpg\",\"contentUrl\":\"https:\/\/addio.eu\/wp-content\/uploads\/2025\/03\/IMG_1590-scaled.jpg\",\"width\":1670,\"height\":2560},{\"@type\":\"BreadcrumbList\",\"@id\":\"https:\/\/addio.eu\/fr\/produit\/commande-manuelle-15\/#breadcrumb\",\"itemListElement\":[{\"@type\":\"ListItem\",\"position\":1,\"name\":\"Home\",\"item\":\"https:\/\/addio.eu\/fr\/page-daccueil-addio\/\"},{\"@type\":\"ListItem\",\"position\":2,\"name\":\"Produits\",\"item\":\"https:\/\/addio.eu\/fr\/produits\/\"},{\"@type\":\"ListItem\",\"position\":3,\"name\":\"Commande manuelle 15\"}]},{\"@type\":\"WebSite\",\"@id\":\"https:\/\/addio.eu\/fr\/#website\",\"url\":\"https:\/\/addio.eu\/fr\/\",\"name\":\"addio.eu\",\"description\":\"\",\"publisher\":{\"@id\":\"https:\/\/addio.eu\/fr\/#organization\"},\"potentialAction\":[{\"@type\":\"SearchAction\",\"target\":{\"@type\":\"EntryPoint\",\"urlTemplate\":\"https:\/\/addio.eu\/fr\/?s={search_term_string}\"},\"query-input\":{\"@type\":\"PropertyValueSpecification\",\"valueRequired\":true,\"valueName\":\"search_term_string\"}}],\"inLanguage\":\"fr-FR\"},{\"@type\":\"Organization\",\"@id\":\"https:\/\/addio.eu\/fr\/#organization\",\"name\":\"Addio electronics\",\"url\":\"https:\/\/addio.eu\/fr\/\",\"logo\":{\"@type\":\"ImageObject\",\"inLanguage\":\"fr-FR\",\"@id\":\"https:\/\/addio.eu\/fr\/#\/schema\/logo\/image\/\",\"url\":\"https:\/\/addio.eu\/wp-content\/uploads\/2024\/10\/Lager_1-1.svg\",\"contentUrl\":\"https:\/\/addio.eu\/wp-content\/uploads\/2024\/10\/Lager_1-1.svg\",\"caption\":\"Addio electronics\"},\"image\":{\"@id\":\"https:\/\/addio.eu\/fr\/#\/schema\/logo\/image\/\"},\"sameAs\":[\"https:\/\/www.facebook.com\/AddioElectronicsAB\/\",\"https:\/\/www.linkedin.com\/company\/addio-electronics-ab\"]}]}<\/script>\n<!-- \/ Yoast SEO plugin. -->","yoast_head_json":{"title":"Commande manuelle 15 - Addio Electronics","robots":{"index":"index","follow":"follow","max-snippet":"max-snippet:-1","max-image-preview":"max-image-preview:large","max-video-preview":"max-video-preview:-1"},"canonical":"https:\/\/addio.eu\/fr\/produit\/commande-manuelle-15\/","og_locale":"fr_FR","og_type":"article","og_title":"Commande manuelle 15 - Addio Electronics","og_description":"C\u00e2blage et installation faciles avec la commande manuelle Addio    La commande manuelle \u00e0 13 boutons d'Addio est facile \u00e0 installer gr\u00e2ce au support de montage inclus. La commande manuelle se connecte au port COM\/CAN du bo\u00eetier relais via le c\u00e2ble fourni.  La commande manuelle Addio est compatible avec nos DRB 12V et 24V. Caract\u00e9ristiques  Chaque bouton peut \u00eatre configur\u00e9 pour contr\u00f4ler plusieurs fonctions et peut activer une sortie et\/ou servir d'indicateur pour montrer si une entr\u00e9e, une sortie ou une autre fonction interne sp\u00e9cifique est active. Jusqu'\u00e0 quatre commandes manuelles peuvent \u00eatre utilis\u00e9es dans un syst\u00e8me, les commandes manuelles fonctionneront en parall\u00e8le (c\u00e2blage en va-et-vient).","og_url":"https:\/\/addio.eu\/fr\/produit\/commande-manuelle-15\/","og_site_name":"Addio Electronics","article_publisher":"https:\/\/www.facebook.com\/AddioElectronicsAB\/","og_image":[{"width":1670,"height":2560,"url":"https:\/\/addio.eu\/wp-content\/uploads\/2025\/03\/IMG_1590-scaled.jpg","type":"image\/jpeg"}],"twitter_card":"summary_large_image","twitter_misc":{"Dur\u00e9e de lecture estim\u00e9e":"1 minute"},"schema":{"@context":"https:\/\/schema.org","@graph":[{"@type":"WebPage","@id":"https:\/\/addio.eu\/fr\/produit\/commande-manuelle-15\/","url":"https:\/\/addio.eu\/fr\/produit\/commande-manuelle-15\/","name":"Commande manuelle 15 - Addio Electronics","isPartOf":{"@id":"https:\/\/addio.eu\/fr\/#website"},"primaryImageOfPage":{"@id":"https:\/\/addio.eu\/fr\/produit\/commande-manuelle-15\/#primaryimage"},"image":{"@id":"https:\/\/addio.eu\/fr\/produit\/commande-manuelle-15\/#primaryimage"},"thumbnailUrl":"https:\/\/addio.eu\/wp-content\/uploads\/2025\/03\/IMG_1590-scaled.jpg","datePublished":"2025-03-07T10:38:08+00:00","breadcrumb":{"@id":"https:\/\/addio.eu\/fr\/produit\/commande-manuelle-15\/#breadcrumb"},"inLanguage":"fr-FR","potentialAction":[{"@type":"ReadAction","target":["https:\/\/addio.eu\/fr\/produit\/commande-manuelle-15\/"]}]},{"@type":"ImageObject","inLanguage":"fr-FR","@id":"https:\/\/addio.eu\/fr\/produit\/commande-manuelle-15\/#primaryimage","url":"https:\/\/addio.eu\/wp-content\/uploads\/2025\/03\/IMG_1590-scaled.jpg","contentUrl":"https:\/\/addio.eu\/wp-content\/uploads\/2025\/03\/IMG_1590-scaled.jpg","width":1670,"height":2560},{"@type":"BreadcrumbList","@id":"https:\/\/addio.eu\/fr\/produit\/commande-manuelle-15\/#breadcrumb","itemListElement":[{"@type":"ListItem","position":1,"name":"Home","item":"https:\/\/addio.eu\/fr\/page-daccueil-addio\/"},{"@type":"ListItem","position":2,"name":"Produits","item":"https:\/\/addio.eu\/fr\/produits\/"},{"@type":"ListItem","position":3,"name":"Commande manuelle 15"}]},{"@type":"WebSite","@id":"https:\/\/addio.eu\/fr\/#website","url":"https:\/\/addio.eu\/fr\/","name":"addio.eu","description":"","publisher":{"@id":"https:\/\/addio.eu\/fr\/#organization"},"potentialAction":[{"@type":"SearchAction","target":{"@type":"EntryPoint","urlTemplate":"https:\/\/addio.eu\/fr\/?s={search_term_string}"},"query-input":{"@type":"PropertyValueSpecification","valueRequired":true,"valueName":"search_term_string"}}],"inLanguage":"fr-FR"},{"@type":"Organization","@id":"https:\/\/addio.eu\/fr\/#organization","name":"Addio electronics","url":"https:\/\/addio.eu\/fr\/","logo":{"@type":"ImageObject","inLanguage":"fr-FR","@id":"https:\/\/addio.eu\/fr\/#\/schema\/logo\/image\/","url":"https:\/\/addio.eu\/wp-content\/uploads\/2024\/10\/Lager_1-1.svg","contentUrl":"https:\/\/addio.eu\/wp-content\/uploads\/2024\/10\/Lager_1-1.svg","caption":"Addio electronics"},"image":{"@id":"https:\/\/addio.eu\/fr\/#\/schema\/logo\/image\/"},"sameAs":["https:\/\/www.facebook.com\/AddioElectronicsAB\/","https:\/\/www.linkedin.com\/company\/addio-electronics-ab"]}]}},"_links":{"self":[{"href":"https:\/\/addio.eu\/fr\/wp-json\/wp\/v2\/product\/12569","targetHints":{"allow":["GET"]}}],"collection":[{"href":"https:\/\/addio.eu\/fr\/wp-json\/wp\/v2\/product"}],"about":[{"href":"https:\/\/addio.eu\/fr\/wp-json\/wp\/v2\/types\/product"}],"replies":[{"embeddable":true,"href":"https:\/\/addio.eu\/fr\/wp-json\/wp\/v2\/comments?post=12569"}],"wp:featuredmedia":[{"embeddable":true,"href":"https:\/\/addio.eu\/fr\/wp-json\/wp\/v2\/media\/5857"}],"wp:attachment":[{"href":"https:\/\/addio.eu\/fr\/wp-json\/wp\/v2\/media?parent=12569"}],"wp:term":[{"taxonomy":"product_brand","embeddable":true,"href":"https:\/\/addio.eu\/fr\/wp-json\/wp\/v2\/product_brand?post=12569"},{"taxonomy":"product_cat","embeddable":true,"href":"https:\/\/addio.eu\/fr\/wp-json\/wp\/v2\/product_cat?post=12569"},{"taxonomy":"product_tag","embeddable":true,"href":"https:\/\/addio.eu\/fr\/wp-json\/wp\/v2\/product_tag?post=12569"}],"curies":[{"name":"wp","href":"https:\/\/api.w.org\/{rel}","templated":true}]}}