{"id":12354,"date":"2025-03-24T11:20:39","date_gmt":"2025-03-24T11:20:39","guid":{"rendered":"https:\/\/addio.eu\/product\/kit-can-master\/"},"modified":"2025-03-24T11:20:39","modified_gmt":"2025-03-24T11:20:39","slug":"kit-can-master","status":"publish","type":"product","link":"https:\/\/addio.eu\/fr\/produit\/kit-can-master\/","title":{"rendered":"Kit CAN Master"},"content":{"rendered":"<p data-start=\"1346\" data-end=\"1380\"><strong>Installation<\/strong><br \/>\nConnectez le CAN Master au v\u00e9hicule avec le lecteur CAN inductif Addio ou par connexion directe au c\u00e2blage du bus CAN.<\/p>\n<p data-start=\"1346\" data-end=\"1380\"><strong>Compatibilit\u00e9<\/strong><br \/>\nLe CAN Master est compatible avec nos DRB ADV 12V et 24V.<\/p>\n<p class=\"\" data-start=\"1346\" data-end=\"1380\"><strong data-start=\"1346\" data-end=\"1380\">Installation et configuration<br \/>\n<\/strong>Logiciel CAN Master et Addio CC.<\/p>\n<p data-start=\"1382\" data-end=\"1525\"><strong>Inclus dans la bo\u00eete<\/strong><br \/>\nCAN Master, c\u00e2ble de 0,5 m\u00e8tre, adaptateur RJ.<\/p>\n<p><strong>Dimensions<\/strong><br \/>\n68 \u00d7 67 \u00d7 21 mm<\/p>\n","protected":false},"excerpt":{"rendered":"<p><strong>Le ma\u00eetre CAN Addio permet \u00e0 votre syst\u00e8me Addio de se connecter, de scanner et d&rsquo;utiliser les signaux de votre v\u00e9hicule.<\/strong><\/p>\n<p>Addio offre la possibilit\u00e9 de cr\u00e9er des fonctions automatis\u00e9es avec int\u00e9gration \u00e0 votre v\u00e9hicule. Les signaux CAN de votre v\u00e9hicule peuvent \u00eatre utilis\u00e9s comme signaux d&rsquo;entr\u00e9e pour le syst\u00e8me Addio. Avec cela, vous pouvez cr\u00e9er des fonctions automatis\u00e9es adapt\u00e9es aux besoins des utilisateurs. Des exemples classiques sont les feux de recul ou la cam\u00e9ra activ\u00e9e avec la marche arri\u00e8re comme entr\u00e9e.  <\/p>\n<p><strong>Le logiciel CAN Master<\/strong> est utilis\u00e9 lorsque l&rsquo;installateur souhaite s&rsquo;int\u00e9grer aux signaux CAN du v\u00e9hicule. La fonctionnalit\u00e9 de scanner peut analyser et d\u00e9tecter les signaux de tout v\u00e9hicule comme les phares, les portes, le frein \u00e0 main, la marche arri\u00e8re, la vitesse et bien plus encore. <\/p>\n<p>Stockez les signaux dans la base de donn\u00e9es Addio pour une installation fluide et facile \u00e0 l&rsquo;avenir.<\/p>\n<p>&nbsp;<\/p>\n","protected":false},"featured_media":5958,"comment_status":"open","ping_status":"closed","template":"","meta":[],"product_brand":[],"product_cat":[301,347],"product_tag":[],"class_list":{"0":"post-12354","1":"product","2":"type-product","3":"status-publish","4":"has-post-thumbnail","6":"product_cat-connectivite-can","7":"product_cat-integration-can","9":"first","10":"instock","11":"shipping-taxable","12":"product-type-simple"},"yoast_head":"<!-- This site is optimized with the Yoast SEO plugin v26.0 - https:\/\/yoast.com\/wordpress\/plugins\/seo\/ -->\n<title>Kit CAN Master - Addio Electronics<\/title>\n<meta name=\"robots\" content=\"index, follow, max-snippet:-1, max-image-preview:large, max-video-preview:-1\" \/>\n<link rel=\"canonical\" href=\"https:\/\/addio.eu\/fr\/produit\/kit-can-master\/\" \/>\n<meta property=\"og:locale\" content=\"fr_FR\" \/>\n<meta property=\"og:type\" content=\"article\" \/>\n<meta property=\"og:title\" content=\"Kit CAN Master - Addio Electronics\" \/>\n<meta property=\"og:description\" content=\"Le ma\u00eetre CAN Addio permet \u00e0 votre syst\u00e8me Addio de se connecter, de scanner et d&#039;utiliser les signaux de votre v\u00e9hicule. Addio offre la possibilit\u00e9 de cr\u00e9er des fonctions automatis\u00e9es avec int\u00e9gration \u00e0 votre v\u00e9hicule. Les signaux CAN de votre v\u00e9hicule peuvent \u00eatre utilis\u00e9s comme signaux d&#039;entr\u00e9e pour le syst\u00e8me Addio. Avec cela, vous pouvez cr\u00e9er des fonctions automatis\u00e9es adapt\u00e9es aux besoins des utilisateurs. Des exemples classiques sont les feux de recul ou la cam\u00e9ra activ\u00e9e avec la marche arri\u00e8re comme entr\u00e9e.  Le logiciel CAN Master est utilis\u00e9 lorsque l&#039;installateur souhaite s&#039;int\u00e9grer aux signaux CAN du v\u00e9hicule. La fonctionnalit\u00e9 de scanner peut analyser et d\u00e9tecter les signaux de tout v\u00e9hicule comme les phares, les portes, le frein \u00e0 main, la marche arri\u00e8re, la vitesse et bien plus encore.  Stockez les signaux dans la base de donn\u00e9es Addio pour une installation fluide et facile \u00e0 l&#039;avenir. &nbsp;\" \/>\n<meta property=\"og:url\" content=\"https:\/\/addio.eu\/fr\/produit\/kit-can-master\/\" \/>\n<meta property=\"og:site_name\" content=\"Addio Electronics\" \/>\n<meta property=\"article:publisher\" content=\"https:\/\/www.facebook.com\/AddioElectronicsAB\/\" \/>\n<meta property=\"og:image\" content=\"https:\/\/addio.eu\/wp-content\/uploads\/2025\/03\/IMG_1824-scaled.jpg\" \/>\n\t<meta property=\"og:image:width\" content=\"2560\" \/>\n\t<meta property=\"og:image:height\" content=\"2215\" \/>\n\t<meta property=\"og:image:type\" content=\"image\/jpeg\" \/>\n<meta name=\"twitter:card\" content=\"summary_large_image\" \/>\n<script type=\"application\/ld+json\" class=\"yoast-schema-graph\">{\"@context\":\"https:\/\/schema.org\",\"@graph\":[{\"@type\":\"WebPage\",\"@id\":\"https:\/\/addio.eu\/fr\/produit\/kit-can-master\/\",\"url\":\"https:\/\/addio.eu\/fr\/produit\/kit-can-master\/\",\"name\":\"Kit CAN Master - Addio Electronics\",\"isPartOf\":{\"@id\":\"https:\/\/addio.eu\/fr\/#website\"},\"primaryImageOfPage\":{\"@id\":\"https:\/\/addio.eu\/fr\/produit\/kit-can-master\/#primaryimage\"},\"image\":{\"@id\":\"https:\/\/addio.eu\/fr\/produit\/kit-can-master\/#primaryimage\"},\"thumbnailUrl\":\"https:\/\/addio.eu\/wp-content\/uploads\/2025\/03\/IMG_1824-scaled.jpg\",\"datePublished\":\"2025-03-24T11:20:39+00:00\",\"breadcrumb\":{\"@id\":\"https:\/\/addio.eu\/fr\/produit\/kit-can-master\/#breadcrumb\"},\"inLanguage\":\"fr-FR\",\"potentialAction\":[{\"@type\":\"ReadAction\",\"target\":[\"https:\/\/addio.eu\/fr\/produit\/kit-can-master\/\"]}]},{\"@type\":\"ImageObject\",\"inLanguage\":\"fr-FR\",\"@id\":\"https:\/\/addio.eu\/fr\/produit\/kit-can-master\/#primaryimage\",\"url\":\"https:\/\/addio.eu\/wp-content\/uploads\/2025\/03\/IMG_1824-scaled.jpg\",\"contentUrl\":\"https:\/\/addio.eu\/wp-content\/uploads\/2025\/03\/IMG_1824-scaled.jpg\",\"width\":2560,\"height\":2215},{\"@type\":\"BreadcrumbList\",\"@id\":\"https:\/\/addio.eu\/fr\/produit\/kit-can-master\/#breadcrumb\",\"itemListElement\":[{\"@type\":\"ListItem\",\"position\":1,\"name\":\"Home\",\"item\":\"https:\/\/addio.eu\/fr\/page-daccueil-addio\/\"},{\"@type\":\"ListItem\",\"position\":2,\"name\":\"Produits\",\"item\":\"https:\/\/addio.eu\/fr\/produits\/\"},{\"@type\":\"ListItem\",\"position\":3,\"name\":\"Kit CAN Master\"}]},{\"@type\":\"WebSite\",\"@id\":\"https:\/\/addio.eu\/fr\/#website\",\"url\":\"https:\/\/addio.eu\/fr\/\",\"name\":\"addio.eu\",\"description\":\"\",\"publisher\":{\"@id\":\"https:\/\/addio.eu\/fr\/#organization\"},\"potentialAction\":[{\"@type\":\"SearchAction\",\"target\":{\"@type\":\"EntryPoint\",\"urlTemplate\":\"https:\/\/addio.eu\/fr\/?s={search_term_string}\"},\"query-input\":{\"@type\":\"PropertyValueSpecification\",\"valueRequired\":true,\"valueName\":\"search_term_string\"}}],\"inLanguage\":\"fr-FR\"},{\"@type\":\"Organization\",\"@id\":\"https:\/\/addio.eu\/fr\/#organization\",\"name\":\"Addio electronics\",\"url\":\"https:\/\/addio.eu\/fr\/\",\"logo\":{\"@type\":\"ImageObject\",\"inLanguage\":\"fr-FR\",\"@id\":\"https:\/\/addio.eu\/fr\/#\/schema\/logo\/image\/\",\"url\":\"https:\/\/addio.eu\/wp-content\/uploads\/2024\/10\/Lager_1-1.svg\",\"contentUrl\":\"https:\/\/addio.eu\/wp-content\/uploads\/2024\/10\/Lager_1-1.svg\",\"caption\":\"Addio electronics\"},\"image\":{\"@id\":\"https:\/\/addio.eu\/fr\/#\/schema\/logo\/image\/\"},\"sameAs\":[\"https:\/\/www.facebook.com\/AddioElectronicsAB\/\",\"https:\/\/www.linkedin.com\/company\/addio-electronics-ab\"]}]}<\/script>\n<!-- \/ Yoast SEO plugin. -->","yoast_head_json":{"title":"Kit CAN Master - Addio Electronics","robots":{"index":"index","follow":"follow","max-snippet":"max-snippet:-1","max-image-preview":"max-image-preview:large","max-video-preview":"max-video-preview:-1"},"canonical":"https:\/\/addio.eu\/fr\/produit\/kit-can-master\/","og_locale":"fr_FR","og_type":"article","og_title":"Kit CAN Master - Addio Electronics","og_description":"Le ma\u00eetre CAN Addio permet \u00e0 votre syst\u00e8me Addio de se connecter, de scanner et d'utiliser les signaux de votre v\u00e9hicule. Addio offre la possibilit\u00e9 de cr\u00e9er des fonctions automatis\u00e9es avec int\u00e9gration \u00e0 votre v\u00e9hicule. Les signaux CAN de votre v\u00e9hicule peuvent \u00eatre utilis\u00e9s comme signaux d'entr\u00e9e pour le syst\u00e8me Addio. Avec cela, vous pouvez cr\u00e9er des fonctions automatis\u00e9es adapt\u00e9es aux besoins des utilisateurs. Des exemples classiques sont les feux de recul ou la cam\u00e9ra activ\u00e9e avec la marche arri\u00e8re comme entr\u00e9e.  Le logiciel CAN Master est utilis\u00e9 lorsque l'installateur souhaite s'int\u00e9grer aux signaux CAN du v\u00e9hicule. La fonctionnalit\u00e9 de scanner peut analyser et d\u00e9tecter les signaux de tout v\u00e9hicule comme les phares, les portes, le frein \u00e0 main, la marche arri\u00e8re, la vitesse et bien plus encore.  Stockez les signaux dans la base de donn\u00e9es Addio pour une installation fluide et facile \u00e0 l'avenir. &nbsp;","og_url":"https:\/\/addio.eu\/fr\/produit\/kit-can-master\/","og_site_name":"Addio Electronics","article_publisher":"https:\/\/www.facebook.com\/AddioElectronicsAB\/","og_image":[{"width":2560,"height":2215,"url":"https:\/\/addio.eu\/wp-content\/uploads\/2025\/03\/IMG_1824-scaled.jpg","type":"image\/jpeg"}],"twitter_card":"summary_large_image","schema":{"@context":"https:\/\/schema.org","@graph":[{"@type":"WebPage","@id":"https:\/\/addio.eu\/fr\/produit\/kit-can-master\/","url":"https:\/\/addio.eu\/fr\/produit\/kit-can-master\/","name":"Kit CAN Master - Addio Electronics","isPartOf":{"@id":"https:\/\/addio.eu\/fr\/#website"},"primaryImageOfPage":{"@id":"https:\/\/addio.eu\/fr\/produit\/kit-can-master\/#primaryimage"},"image":{"@id":"https:\/\/addio.eu\/fr\/produit\/kit-can-master\/#primaryimage"},"thumbnailUrl":"https:\/\/addio.eu\/wp-content\/uploads\/2025\/03\/IMG_1824-scaled.jpg","datePublished":"2025-03-24T11:20:39+00:00","breadcrumb":{"@id":"https:\/\/addio.eu\/fr\/produit\/kit-can-master\/#breadcrumb"},"inLanguage":"fr-FR","potentialAction":[{"@type":"ReadAction","target":["https:\/\/addio.eu\/fr\/produit\/kit-can-master\/"]}]},{"@type":"ImageObject","inLanguage":"fr-FR","@id":"https:\/\/addio.eu\/fr\/produit\/kit-can-master\/#primaryimage","url":"https:\/\/addio.eu\/wp-content\/uploads\/2025\/03\/IMG_1824-scaled.jpg","contentUrl":"https:\/\/addio.eu\/wp-content\/uploads\/2025\/03\/IMG_1824-scaled.jpg","width":2560,"height":2215},{"@type":"BreadcrumbList","@id":"https:\/\/addio.eu\/fr\/produit\/kit-can-master\/#breadcrumb","itemListElement":[{"@type":"ListItem","position":1,"name":"Home","item":"https:\/\/addio.eu\/fr\/page-daccueil-addio\/"},{"@type":"ListItem","position":2,"name":"Produits","item":"https:\/\/addio.eu\/fr\/produits\/"},{"@type":"ListItem","position":3,"name":"Kit CAN Master"}]},{"@type":"WebSite","@id":"https:\/\/addio.eu\/fr\/#website","url":"https:\/\/addio.eu\/fr\/","name":"addio.eu","description":"","publisher":{"@id":"https:\/\/addio.eu\/fr\/#organization"},"potentialAction":[{"@type":"SearchAction","target":{"@type":"EntryPoint","urlTemplate":"https:\/\/addio.eu\/fr\/?s={search_term_string}"},"query-input":{"@type":"PropertyValueSpecification","valueRequired":true,"valueName":"search_term_string"}}],"inLanguage":"fr-FR"},{"@type":"Organization","@id":"https:\/\/addio.eu\/fr\/#organization","name":"Addio electronics","url":"https:\/\/addio.eu\/fr\/","logo":{"@type":"ImageObject","inLanguage":"fr-FR","@id":"https:\/\/addio.eu\/fr\/#\/schema\/logo\/image\/","url":"https:\/\/addio.eu\/wp-content\/uploads\/2024\/10\/Lager_1-1.svg","contentUrl":"https:\/\/addio.eu\/wp-content\/uploads\/2024\/10\/Lager_1-1.svg","caption":"Addio electronics"},"image":{"@id":"https:\/\/addio.eu\/fr\/#\/schema\/logo\/image\/"},"sameAs":["https:\/\/www.facebook.com\/AddioElectronicsAB\/","https:\/\/www.linkedin.com\/company\/addio-electronics-ab"]}]}},"_links":{"self":[{"href":"https:\/\/addio.eu\/fr\/wp-json\/wp\/v2\/product\/12354","targetHints":{"allow":["GET"]}}],"collection":[{"href":"https:\/\/addio.eu\/fr\/wp-json\/wp\/v2\/product"}],"about":[{"href":"https:\/\/addio.eu\/fr\/wp-json\/wp\/v2\/types\/product"}],"replies":[{"embeddable":true,"href":"https:\/\/addio.eu\/fr\/wp-json\/wp\/v2\/comments?post=12354"}],"wp:featuredmedia":[{"embeddable":true,"href":"https:\/\/addio.eu\/fr\/wp-json\/wp\/v2\/media\/5958"}],"wp:attachment":[{"href":"https:\/\/addio.eu\/fr\/wp-json\/wp\/v2\/media?parent=12354"}],"wp:term":[{"taxonomy":"product_brand","embeddable":true,"href":"https:\/\/addio.eu\/fr\/wp-json\/wp\/v2\/product_brand?post=12354"},{"taxonomy":"product_cat","embeddable":true,"href":"https:\/\/addio.eu\/fr\/wp-json\/wp\/v2\/product_cat?post=12354"},{"taxonomy":"product_tag","embeddable":true,"href":"https:\/\/addio.eu\/fr\/wp-json\/wp\/v2\/product_tag?post=12354"}],"curies":[{"name":"wp","href":"https:\/\/api.w.org\/{rel}","templated":true}]}}