{"id":12319,"date":"2025-03-25T10:31:55","date_gmt":"2025-03-25T10:31:55","guid":{"rendered":"https:\/\/addio.eu\/product\/panneau-de-commande-8\/"},"modified":"2025-03-25T10:31:55","modified_gmt":"2025-03-25T10:31:55","slug":"panneau-de-commande-8","status":"publish","type":"product","link":"https:\/\/addio.eu\/fr\/produit\/panneau-de-commande-8\/","title":{"rendered":"Panneau de commande 8"},"content":{"rendered":"<p class=\"\" data-start=\"660\" data-end=\"682\"><strong data-start=\"660\" data-end=\"682\">Couleur et \u00e9clairage<\/strong><\/p>\n<p class=\"\" data-start=\"684\" data-end=\"919\">Tous les boutons du panneau de commande sont illumin\u00e9s et peuvent \u00eatre configur\u00e9s avec les couleurs suivantes : vert, bleu, jaune, orange, blanc et rouge. La couleur de fond et la couleur active peuvent \u00eatre d\u00e9finies dans le menu pour chaque bouton. <\/p>\n<p class=\"\" data-start=\"921\" data-end=\"1055\">L&rsquo;intensit\u00e9 lumineuse des boutons s&rsquo;ajuste automatiquement en fonction des conditions d&rsquo;\u00e9clairage environnantes, gr\u00e2ce \u00e0 un capteur de lumi\u00e8re int\u00e9gr\u00e9.<\/p>\n<p class=\"\" data-start=\"1057\" data-end=\"1085\"><strong data-start=\"1057\" data-end=\"1085\">Buzzer et sons des boutons<\/strong><\/p>\n<p class=\"\" data-start=\"1087\" data-end=\"1344\">Le panneau de commande est \u00e9quip\u00e9 d&rsquo;un buzzer int\u00e9gr\u00e9, qui peut \u00e9mettre un bref bip de r\u00e9troaction lorsqu&rsquo;un bouton est press\u00e9. Le buzzer peut \u00e9galement \u00eatre contr\u00f4l\u00e9 par une source externe, telle qu&rsquo;une entr\u00e9e, une sortie ou une sortie virtuelle, pour d\u00e9clencher des fonctions d&rsquo;alarme et plus encore. <\/p>\n<p class=\"\" data-start=\"1346\" data-end=\"1380\"><strong data-start=\"1346\" data-end=\"1380\">Installation et configuration<\/strong><\/p>\n<p class=\"\" data-start=\"1382\" data-end=\"1525\">La configuration des fonctions des boutons, des couleurs actives et passives, et plus encore est stock\u00e9e dans nos bo\u00eetiers relais et se fait via notre logiciel, Addio CC.<\/p>\n<p data-start=\"1382\" data-end=\"1525\"><strong>Inclus dans la bo\u00eete<\/strong><br \/>\nLes panneaux de commande Addio sont livr\u00e9s avec un c\u00e2ble de 5 m\u00e8tres et des autocollants adh\u00e9sifs pour les boutons.<br \/>\nUne r\u00e9f\u00e9rence alternative inclut \u00e9galement un support. <\/p>\n","protected":false},"excerpt":{"rendered":"<p class=\"\" data-start=\"62\" data-end=\"120\"><strong data-start=\"62\" data-end=\"120\">C\u00e2blage et installation faciles avec les panneaux de commande Addio<\/strong><\/p>\n<p>Les panneaux de commande Addio sont faciles \u00e0 installer \u00e0 l&rsquo;aide du ruban adh\u00e9sif double face inclus ou avec un support de montage (disponible en accessoire). Les claviers se connectent au port COM\/CAN du bo\u00eetier relais via le c\u00e2ble fourni. <\/p>\n<p>Les panneaux de commande Addio sont compatibles avec nos DRB 12V et 24V.<\/p>\n<div id=\"tw-target-rmn-container\" class=\"tw-target-rmn tw-ta-container tw-nfl\" tabindex=\"0\" role=\"text\">\n<p id=\"tw-target-rmn\" class=\"tw-data-placeholder tw-text-small tw-ta\" dir=\"ltr\"><strong data-start=\"333\" data-end=\"345\">Caract\u00e9ristiques<\/strong><\/p>\n<\/div>\n<p class=\"\" data-start=\"347\" data-end=\"523\">Chaque bouton peut \u00eatre configur\u00e9 pour contr\u00f4ler plusieurs fonctions et peut activer une sortie et\/ou servir d&rsquo;indicateur pour montrer si une entr\u00e9e, une sortie ou une autre fonction interne sp\u00e9cifique est active.<\/p>\n<p class=\"\" data-start=\"525\" data-end=\"658\">Jusqu&rsquo;\u00e0 quatre panneaux de commande peuvent \u00eatre utilis\u00e9s dans un syst\u00e8me, et ils peuvent \u00eatre configur\u00e9s individuellement ou fonctionner en parall\u00e8le (c\u00e2blage en va-et-vient).<\/p>\n","protected":false},"featured_media":6239,"comment_status":"open","ping_status":"closed","template":"","meta":[],"product_brand":[],"product_cat":[330],"product_tag":[344],"class_list":{"0":"post-12319","1":"product","2":"type-product","3":"status-publish","4":"has-post-thumbnail","6":"product_cat-panneaux-de-commande","7":"product_tag-8-boutons","9":"first","10":"instock","11":"shipping-taxable","12":"product-type-simple"},"yoast_head":"<!-- This site is optimized with the Yoast SEO plugin v26.0 - https:\/\/yoast.com\/wordpress\/plugins\/seo\/ -->\n<title>Panneau de commande 8 - Addio Electronics<\/title>\n<meta name=\"robots\" content=\"index, follow, max-snippet:-1, max-image-preview:large, max-video-preview:-1\" \/>\n<link rel=\"canonical\" href=\"https:\/\/addio.eu\/fr\/produit\/panneau-de-commande-8\/\" \/>\n<meta property=\"og:locale\" content=\"fr_FR\" \/>\n<meta property=\"og:type\" content=\"article\" \/>\n<meta property=\"og:title\" content=\"Panneau de commande 8 - Addio Electronics\" \/>\n<meta property=\"og:description\" content=\"C\u00e2blage et installation faciles avec les panneaux de commande Addio Les panneaux de commande Addio sont faciles \u00e0 installer \u00e0 l&#039;aide du ruban adh\u00e9sif double face inclus ou avec un support de montage (disponible en accessoire). Les claviers se connectent au port COM\/CAN du bo\u00eetier relais via le c\u00e2ble fourni.  Les panneaux de commande Addio sont compatibles avec nos DRB 12V et 24V. Caract\u00e9ristiques  Chaque bouton peut \u00eatre configur\u00e9 pour contr\u00f4ler plusieurs fonctions et peut activer une sortie et\/ou servir d&#039;indicateur pour montrer si une entr\u00e9e, une sortie ou une autre fonction interne sp\u00e9cifique est active. Jusqu&#039;\u00e0 quatre panneaux de commande peuvent \u00eatre utilis\u00e9s dans un syst\u00e8me, et ils peuvent \u00eatre configur\u00e9s individuellement ou fonctionner en parall\u00e8le (c\u00e2blage en va-et-vient).\" \/>\n<meta property=\"og:url\" content=\"https:\/\/addio.eu\/fr\/produit\/panneau-de-commande-8\/\" \/>\n<meta property=\"og:site_name\" content=\"Addio Electronics\" \/>\n<meta property=\"article:publisher\" content=\"https:\/\/www.facebook.com\/AddioElectronicsAB\/\" \/>\n<meta property=\"og:image\" content=\"https:\/\/addio.eu\/wp-content\/uploads\/2025\/03\/sw8.png\" \/>\n\t<meta property=\"og:image:width\" content=\"1328\" \/>\n\t<meta property=\"og:image:height\" content=\"638\" \/>\n\t<meta property=\"og:image:type\" content=\"image\/png\" \/>\n<meta name=\"twitter:card\" content=\"summary_large_image\" \/>\n<meta name=\"twitter:label1\" content=\"Dur\u00e9e de lecture estim\u00e9e\" \/>\n\t<meta name=\"twitter:data1\" content=\"1 minute\" \/>\n<script type=\"application\/ld+json\" class=\"yoast-schema-graph\">{\"@context\":\"https:\/\/schema.org\",\"@graph\":[{\"@type\":\"WebPage\",\"@id\":\"https:\/\/addio.eu\/fr\/produit\/panneau-de-commande-8\/\",\"url\":\"https:\/\/addio.eu\/fr\/produit\/panneau-de-commande-8\/\",\"name\":\"Panneau de commande 8 - Addio Electronics\",\"isPartOf\":{\"@id\":\"https:\/\/addio.eu\/fr\/#website\"},\"primaryImageOfPage\":{\"@id\":\"https:\/\/addio.eu\/fr\/produit\/panneau-de-commande-8\/#primaryimage\"},\"image\":{\"@id\":\"https:\/\/addio.eu\/fr\/produit\/panneau-de-commande-8\/#primaryimage\"},\"thumbnailUrl\":\"https:\/\/addio.eu\/wp-content\/uploads\/2025\/03\/sw8.png\",\"datePublished\":\"2025-03-25T10:31:55+00:00\",\"breadcrumb\":{\"@id\":\"https:\/\/addio.eu\/fr\/produit\/panneau-de-commande-8\/#breadcrumb\"},\"inLanguage\":\"fr-FR\",\"potentialAction\":[{\"@type\":\"ReadAction\",\"target\":[\"https:\/\/addio.eu\/fr\/produit\/panneau-de-commande-8\/\"]}]},{\"@type\":\"ImageObject\",\"inLanguage\":\"fr-FR\",\"@id\":\"https:\/\/addio.eu\/fr\/produit\/panneau-de-commande-8\/#primaryimage\",\"url\":\"https:\/\/addio.eu\/wp-content\/uploads\/2025\/03\/sw8.png\",\"contentUrl\":\"https:\/\/addio.eu\/wp-content\/uploads\/2025\/03\/sw8.png\",\"width\":1328,\"height\":638},{\"@type\":\"BreadcrumbList\",\"@id\":\"https:\/\/addio.eu\/fr\/produit\/panneau-de-commande-8\/#breadcrumb\",\"itemListElement\":[{\"@type\":\"ListItem\",\"position\":1,\"name\":\"Home\",\"item\":\"https:\/\/addio.eu\/fr\/page-daccueil-addio\/\"},{\"@type\":\"ListItem\",\"position\":2,\"name\":\"Produits\",\"item\":\"https:\/\/addio.eu\/fr\/produits\/\"},{\"@type\":\"ListItem\",\"position\":3,\"name\":\"Panneau de commande 8\"}]},{\"@type\":\"WebSite\",\"@id\":\"https:\/\/addio.eu\/fr\/#website\",\"url\":\"https:\/\/addio.eu\/fr\/\",\"name\":\"addio.eu\",\"description\":\"\",\"publisher\":{\"@id\":\"https:\/\/addio.eu\/fr\/#organization\"},\"potentialAction\":[{\"@type\":\"SearchAction\",\"target\":{\"@type\":\"EntryPoint\",\"urlTemplate\":\"https:\/\/addio.eu\/fr\/?s={search_term_string}\"},\"query-input\":{\"@type\":\"PropertyValueSpecification\",\"valueRequired\":true,\"valueName\":\"search_term_string\"}}],\"inLanguage\":\"fr-FR\"},{\"@type\":\"Organization\",\"@id\":\"https:\/\/addio.eu\/fr\/#organization\",\"name\":\"Addio electronics\",\"url\":\"https:\/\/addio.eu\/fr\/\",\"logo\":{\"@type\":\"ImageObject\",\"inLanguage\":\"fr-FR\",\"@id\":\"https:\/\/addio.eu\/fr\/#\/schema\/logo\/image\/\",\"url\":\"https:\/\/addio.eu\/wp-content\/uploads\/2024\/10\/Lager_1-1.svg\",\"contentUrl\":\"https:\/\/addio.eu\/wp-content\/uploads\/2024\/10\/Lager_1-1.svg\",\"caption\":\"Addio electronics\"},\"image\":{\"@id\":\"https:\/\/addio.eu\/fr\/#\/schema\/logo\/image\/\"},\"sameAs\":[\"https:\/\/www.facebook.com\/AddioElectronicsAB\/\",\"https:\/\/www.linkedin.com\/company\/addio-electronics-ab\"]}]}<\/script>\n<!-- \/ Yoast SEO plugin. -->","yoast_head_json":{"title":"Panneau de commande 8 - Addio Electronics","robots":{"index":"index","follow":"follow","max-snippet":"max-snippet:-1","max-image-preview":"max-image-preview:large","max-video-preview":"max-video-preview:-1"},"canonical":"https:\/\/addio.eu\/fr\/produit\/panneau-de-commande-8\/","og_locale":"fr_FR","og_type":"article","og_title":"Panneau de commande 8 - Addio Electronics","og_description":"C\u00e2blage et installation faciles avec les panneaux de commande Addio Les panneaux de commande Addio sont faciles \u00e0 installer \u00e0 l'aide du ruban adh\u00e9sif double face inclus ou avec un support de montage (disponible en accessoire). Les claviers se connectent au port COM\/CAN du bo\u00eetier relais via le c\u00e2ble fourni.  Les panneaux de commande Addio sont compatibles avec nos DRB 12V et 24V. Caract\u00e9ristiques  Chaque bouton peut \u00eatre configur\u00e9 pour contr\u00f4ler plusieurs fonctions et peut activer une sortie et\/ou servir d'indicateur pour montrer si une entr\u00e9e, une sortie ou une autre fonction interne sp\u00e9cifique est active. Jusqu'\u00e0 quatre panneaux de commande peuvent \u00eatre utilis\u00e9s dans un syst\u00e8me, et ils peuvent \u00eatre configur\u00e9s individuellement ou fonctionner en parall\u00e8le (c\u00e2blage en va-et-vient).","og_url":"https:\/\/addio.eu\/fr\/produit\/panneau-de-commande-8\/","og_site_name":"Addio Electronics","article_publisher":"https:\/\/www.facebook.com\/AddioElectronicsAB\/","og_image":[{"width":1328,"height":638,"url":"https:\/\/addio.eu\/wp-content\/uploads\/2025\/03\/sw8.png","type":"image\/png"}],"twitter_card":"summary_large_image","twitter_misc":{"Dur\u00e9e de lecture estim\u00e9e":"1 minute"},"schema":{"@context":"https:\/\/schema.org","@graph":[{"@type":"WebPage","@id":"https:\/\/addio.eu\/fr\/produit\/panneau-de-commande-8\/","url":"https:\/\/addio.eu\/fr\/produit\/panneau-de-commande-8\/","name":"Panneau de commande 8 - Addio Electronics","isPartOf":{"@id":"https:\/\/addio.eu\/fr\/#website"},"primaryImageOfPage":{"@id":"https:\/\/addio.eu\/fr\/produit\/panneau-de-commande-8\/#primaryimage"},"image":{"@id":"https:\/\/addio.eu\/fr\/produit\/panneau-de-commande-8\/#primaryimage"},"thumbnailUrl":"https:\/\/addio.eu\/wp-content\/uploads\/2025\/03\/sw8.png","datePublished":"2025-03-25T10:31:55+00:00","breadcrumb":{"@id":"https:\/\/addio.eu\/fr\/produit\/panneau-de-commande-8\/#breadcrumb"},"inLanguage":"fr-FR","potentialAction":[{"@type":"ReadAction","target":["https:\/\/addio.eu\/fr\/produit\/panneau-de-commande-8\/"]}]},{"@type":"ImageObject","inLanguage":"fr-FR","@id":"https:\/\/addio.eu\/fr\/produit\/panneau-de-commande-8\/#primaryimage","url":"https:\/\/addio.eu\/wp-content\/uploads\/2025\/03\/sw8.png","contentUrl":"https:\/\/addio.eu\/wp-content\/uploads\/2025\/03\/sw8.png","width":1328,"height":638},{"@type":"BreadcrumbList","@id":"https:\/\/addio.eu\/fr\/produit\/panneau-de-commande-8\/#breadcrumb","itemListElement":[{"@type":"ListItem","position":1,"name":"Home","item":"https:\/\/addio.eu\/fr\/page-daccueil-addio\/"},{"@type":"ListItem","position":2,"name":"Produits","item":"https:\/\/addio.eu\/fr\/produits\/"},{"@type":"ListItem","position":3,"name":"Panneau de commande 8"}]},{"@type":"WebSite","@id":"https:\/\/addio.eu\/fr\/#website","url":"https:\/\/addio.eu\/fr\/","name":"addio.eu","description":"","publisher":{"@id":"https:\/\/addio.eu\/fr\/#organization"},"potentialAction":[{"@type":"SearchAction","target":{"@type":"EntryPoint","urlTemplate":"https:\/\/addio.eu\/fr\/?s={search_term_string}"},"query-input":{"@type":"PropertyValueSpecification","valueRequired":true,"valueName":"search_term_string"}}],"inLanguage":"fr-FR"},{"@type":"Organization","@id":"https:\/\/addio.eu\/fr\/#organization","name":"Addio electronics","url":"https:\/\/addio.eu\/fr\/","logo":{"@type":"ImageObject","inLanguage":"fr-FR","@id":"https:\/\/addio.eu\/fr\/#\/schema\/logo\/image\/","url":"https:\/\/addio.eu\/wp-content\/uploads\/2024\/10\/Lager_1-1.svg","contentUrl":"https:\/\/addio.eu\/wp-content\/uploads\/2024\/10\/Lager_1-1.svg","caption":"Addio electronics"},"image":{"@id":"https:\/\/addio.eu\/fr\/#\/schema\/logo\/image\/"},"sameAs":["https:\/\/www.facebook.com\/AddioElectronicsAB\/","https:\/\/www.linkedin.com\/company\/addio-electronics-ab"]}]}},"_links":{"self":[{"href":"https:\/\/addio.eu\/fr\/wp-json\/wp\/v2\/product\/12319","targetHints":{"allow":["GET"]}}],"collection":[{"href":"https:\/\/addio.eu\/fr\/wp-json\/wp\/v2\/product"}],"about":[{"href":"https:\/\/addio.eu\/fr\/wp-json\/wp\/v2\/types\/product"}],"replies":[{"embeddable":true,"href":"https:\/\/addio.eu\/fr\/wp-json\/wp\/v2\/comments?post=12319"}],"wp:featuredmedia":[{"embeddable":true,"href":"https:\/\/addio.eu\/fr\/wp-json\/wp\/v2\/media\/6239"}],"wp:attachment":[{"href":"https:\/\/addio.eu\/fr\/wp-json\/wp\/v2\/media?parent=12319"}],"wp:term":[{"taxonomy":"product_brand","embeddable":true,"href":"https:\/\/addio.eu\/fr\/wp-json\/wp\/v2\/product_brand?post=12319"},{"taxonomy":"product_cat","embeddable":true,"href":"https:\/\/addio.eu\/fr\/wp-json\/wp\/v2\/product_cat?post=12319"},{"taxonomy":"product_tag","embeddable":true,"href":"https:\/\/addio.eu\/fr\/wp-json\/wp\/v2\/product_tag?post=12319"}],"curies":[{"name":"wp","href":"https:\/\/api.w.org\/{rel}","templated":true}]}}