{"id":12073,"date":"2025-03-07T11:27:18","date_gmt":"2025-03-07T11:27:18","guid":{"rendered":"https:\/\/addio.eu\/product\/kit-de-connecteur-empilable-a-16-poles\/"},"modified":"2025-03-07T11:27:18","modified_gmt":"2025-03-07T11:27:18","slug":"kit-de-connecteur-empilable-a-16-poles","status":"publish","type":"product","link":"https:\/\/addio.eu\/fr\/produit\/kit-de-connecteur-empilable-a-16-poles\/","title":{"rendered":"Kit de connecteur empilable \u00e0 16 p\u00f4les"},"content":{"rendered":"","protected":false},"excerpt":{"rendered":"<p class=\"\" data-start=\"207\" data-end=\"660\">Ce connecteur empilable \u00e0 16 p\u00f4les est l\u2019accessoire id\u00e9al pour nos bo\u00eetiers de relais num\u00e9riques dot\u00e9s de bornes \u00e0 broches plates. Con\u00e7u pour des connexions efficaces et compactes, il permet une int\u00e9gration transparente entre les modules, assurant un contact \u00e9lectrique fiable dans les environnements o\u00f9 l\u2019espace est limit\u00e9. Gr\u00e2ce \u00e0 la fonction empilable, vous pouvez facilement \u00e9tendre votre syst\u00e8me en connectant plusieurs unit\u00e9s, ce qui en fait une solution id\u00e9ale pour les applications industrielles et automobiles.  <\/p>\n","protected":false},"featured_media":5988,"comment_status":"open","ping_status":"closed","template":"","meta":[],"product_brand":[],"product_cat":[319],"product_tag":[],"class_list":{"0":"post-12073","1":"product","2":"type-product","3":"status-publish","4":"has-post-thumbnail","6":"product_cat-accessoire","8":"first","9":"instock","10":"shipping-taxable","11":"product-type-simple"},"yoast_head":"<!-- This site is optimized with the Yoast SEO plugin v26.0 - https:\/\/yoast.com\/wordpress\/plugins\/seo\/ -->\n<title>Kit de connecteur empilable \u00e0 16 p\u00f4les - Addio Electronics<\/title>\n<meta name=\"robots\" content=\"index, follow, max-snippet:-1, max-image-preview:large, max-video-preview:-1\" \/>\n<link rel=\"canonical\" href=\"https:\/\/addio.eu\/fr\/produit\/kit-de-connecteur-empilable-a-16-poles\/\" \/>\n<meta property=\"og:locale\" content=\"fr_FR\" \/>\n<meta property=\"og:type\" content=\"article\" \/>\n<meta property=\"og:title\" content=\"Kit de connecteur empilable \u00e0 16 p\u00f4les - Addio Electronics\" \/>\n<meta property=\"og:description\" content=\"Ce connecteur empilable \u00e0 16 p\u00f4les est l\u2019accessoire id\u00e9al pour nos bo\u00eetiers de relais num\u00e9riques dot\u00e9s de bornes \u00e0 broches plates. Con\u00e7u pour des connexions efficaces et compactes, il permet une int\u00e9gration transparente entre les modules, assurant un contact \u00e9lectrique fiable dans les environnements o\u00f9 l\u2019espace est limit\u00e9. Gr\u00e2ce \u00e0 la fonction empilable, vous pouvez facilement \u00e9tendre votre syst\u00e8me en connectant plusieurs unit\u00e9s, ce qui en fait une solution id\u00e9ale pour les applications industrielles et automobiles.\" \/>\n<meta property=\"og:url\" content=\"https:\/\/addio.eu\/fr\/produit\/kit-de-connecteur-empilable-a-16-poles\/\" \/>\n<meta property=\"og:site_name\" content=\"Addio Electronics\" \/>\n<meta property=\"article:publisher\" content=\"https:\/\/www.facebook.com\/AddioElectronicsAB\/\" \/>\n<meta property=\"og:image\" content=\"https:\/\/addio.eu\/wp-content\/uploads\/2025\/03\/IMG_1625-scaled.jpg\" \/>\n\t<meta property=\"og:image:width\" content=\"2560\" \/>\n\t<meta property=\"og:image:height\" content=\"1641\" \/>\n\t<meta property=\"og:image:type\" content=\"image\/jpeg\" \/>\n<meta name=\"twitter:card\" content=\"summary_large_image\" \/>\n<script type=\"application\/ld+json\" class=\"yoast-schema-graph\">{\"@context\":\"https:\/\/schema.org\",\"@graph\":[{\"@type\":\"WebPage\",\"@id\":\"https:\/\/addio.eu\/fr\/produit\/kit-de-connecteur-empilable-a-16-poles\/\",\"url\":\"https:\/\/addio.eu\/fr\/produit\/kit-de-connecteur-empilable-a-16-poles\/\",\"name\":\"Kit de connecteur empilable \u00e0 16 p\u00f4les - Addio Electronics\",\"isPartOf\":{\"@id\":\"https:\/\/addio.eu\/fr\/#website\"},\"primaryImageOfPage\":{\"@id\":\"https:\/\/addio.eu\/fr\/produit\/kit-de-connecteur-empilable-a-16-poles\/#primaryimage\"},\"image\":{\"@id\":\"https:\/\/addio.eu\/fr\/produit\/kit-de-connecteur-empilable-a-16-poles\/#primaryimage\"},\"thumbnailUrl\":\"https:\/\/addio.eu\/wp-content\/uploads\/2025\/03\/IMG_1625-scaled.jpg\",\"datePublished\":\"2025-03-07T11:27:18+00:00\",\"breadcrumb\":{\"@id\":\"https:\/\/addio.eu\/fr\/produit\/kit-de-connecteur-empilable-a-16-poles\/#breadcrumb\"},\"inLanguage\":\"fr-FR\",\"potentialAction\":[{\"@type\":\"ReadAction\",\"target\":[\"https:\/\/addio.eu\/fr\/produit\/kit-de-connecteur-empilable-a-16-poles\/\"]}]},{\"@type\":\"ImageObject\",\"inLanguage\":\"fr-FR\",\"@id\":\"https:\/\/addio.eu\/fr\/produit\/kit-de-connecteur-empilable-a-16-poles\/#primaryimage\",\"url\":\"https:\/\/addio.eu\/wp-content\/uploads\/2025\/03\/IMG_1625-scaled.jpg\",\"contentUrl\":\"https:\/\/addio.eu\/wp-content\/uploads\/2025\/03\/IMG_1625-scaled.jpg\",\"width\":2560,\"height\":1641},{\"@type\":\"BreadcrumbList\",\"@id\":\"https:\/\/addio.eu\/fr\/produit\/kit-de-connecteur-empilable-a-16-poles\/#breadcrumb\",\"itemListElement\":[{\"@type\":\"ListItem\",\"position\":1,\"name\":\"Home\",\"item\":\"https:\/\/addio.eu\/fr\/page-daccueil-addio\/\"},{\"@type\":\"ListItem\",\"position\":2,\"name\":\"Produits\",\"item\":\"https:\/\/addio.eu\/fr\/produits\/\"},{\"@type\":\"ListItem\",\"position\":3,\"name\":\"Kit de connecteur empilable \u00e0 16 p\u00f4les\"}]},{\"@type\":\"WebSite\",\"@id\":\"https:\/\/addio.eu\/fr\/#website\",\"url\":\"https:\/\/addio.eu\/fr\/\",\"name\":\"addio.eu\",\"description\":\"\",\"publisher\":{\"@id\":\"https:\/\/addio.eu\/fr\/#organization\"},\"potentialAction\":[{\"@type\":\"SearchAction\",\"target\":{\"@type\":\"EntryPoint\",\"urlTemplate\":\"https:\/\/addio.eu\/fr\/?s={search_term_string}\"},\"query-input\":{\"@type\":\"PropertyValueSpecification\",\"valueRequired\":true,\"valueName\":\"search_term_string\"}}],\"inLanguage\":\"fr-FR\"},{\"@type\":\"Organization\",\"@id\":\"https:\/\/addio.eu\/fr\/#organization\",\"name\":\"Addio electronics\",\"url\":\"https:\/\/addio.eu\/fr\/\",\"logo\":{\"@type\":\"ImageObject\",\"inLanguage\":\"fr-FR\",\"@id\":\"https:\/\/addio.eu\/fr\/#\/schema\/logo\/image\/\",\"url\":\"https:\/\/addio.eu\/wp-content\/uploads\/2024\/10\/Lager_1-1.svg\",\"contentUrl\":\"https:\/\/addio.eu\/wp-content\/uploads\/2024\/10\/Lager_1-1.svg\",\"caption\":\"Addio electronics\"},\"image\":{\"@id\":\"https:\/\/addio.eu\/fr\/#\/schema\/logo\/image\/\"},\"sameAs\":[\"https:\/\/www.facebook.com\/AddioElectronicsAB\/\",\"https:\/\/www.linkedin.com\/company\/addio-electronics-ab\"]}]}<\/script>\n<!-- \/ Yoast SEO plugin. -->","yoast_head_json":{"title":"Kit de connecteur empilable \u00e0 16 p\u00f4les - Addio Electronics","robots":{"index":"index","follow":"follow","max-snippet":"max-snippet:-1","max-image-preview":"max-image-preview:large","max-video-preview":"max-video-preview:-1"},"canonical":"https:\/\/addio.eu\/fr\/produit\/kit-de-connecteur-empilable-a-16-poles\/","og_locale":"fr_FR","og_type":"article","og_title":"Kit de connecteur empilable \u00e0 16 p\u00f4les - Addio Electronics","og_description":"Ce connecteur empilable \u00e0 16 p\u00f4les est l\u2019accessoire id\u00e9al pour nos bo\u00eetiers de relais num\u00e9riques dot\u00e9s de bornes \u00e0 broches plates. Con\u00e7u pour des connexions efficaces et compactes, il permet une int\u00e9gration transparente entre les modules, assurant un contact \u00e9lectrique fiable dans les environnements o\u00f9 l\u2019espace est limit\u00e9. Gr\u00e2ce \u00e0 la fonction empilable, vous pouvez facilement \u00e9tendre votre syst\u00e8me en connectant plusieurs unit\u00e9s, ce qui en fait une solution id\u00e9ale pour les applications industrielles et automobiles.","og_url":"https:\/\/addio.eu\/fr\/produit\/kit-de-connecteur-empilable-a-16-poles\/","og_site_name":"Addio Electronics","article_publisher":"https:\/\/www.facebook.com\/AddioElectronicsAB\/","og_image":[{"width":2560,"height":1641,"url":"https:\/\/addio.eu\/wp-content\/uploads\/2025\/03\/IMG_1625-scaled.jpg","type":"image\/jpeg"}],"twitter_card":"summary_large_image","schema":{"@context":"https:\/\/schema.org","@graph":[{"@type":"WebPage","@id":"https:\/\/addio.eu\/fr\/produit\/kit-de-connecteur-empilable-a-16-poles\/","url":"https:\/\/addio.eu\/fr\/produit\/kit-de-connecteur-empilable-a-16-poles\/","name":"Kit de connecteur empilable \u00e0 16 p\u00f4les - Addio Electronics","isPartOf":{"@id":"https:\/\/addio.eu\/fr\/#website"},"primaryImageOfPage":{"@id":"https:\/\/addio.eu\/fr\/produit\/kit-de-connecteur-empilable-a-16-poles\/#primaryimage"},"image":{"@id":"https:\/\/addio.eu\/fr\/produit\/kit-de-connecteur-empilable-a-16-poles\/#primaryimage"},"thumbnailUrl":"https:\/\/addio.eu\/wp-content\/uploads\/2025\/03\/IMG_1625-scaled.jpg","datePublished":"2025-03-07T11:27:18+00:00","breadcrumb":{"@id":"https:\/\/addio.eu\/fr\/produit\/kit-de-connecteur-empilable-a-16-poles\/#breadcrumb"},"inLanguage":"fr-FR","potentialAction":[{"@type":"ReadAction","target":["https:\/\/addio.eu\/fr\/produit\/kit-de-connecteur-empilable-a-16-poles\/"]}]},{"@type":"ImageObject","inLanguage":"fr-FR","@id":"https:\/\/addio.eu\/fr\/produit\/kit-de-connecteur-empilable-a-16-poles\/#primaryimage","url":"https:\/\/addio.eu\/wp-content\/uploads\/2025\/03\/IMG_1625-scaled.jpg","contentUrl":"https:\/\/addio.eu\/wp-content\/uploads\/2025\/03\/IMG_1625-scaled.jpg","width":2560,"height":1641},{"@type":"BreadcrumbList","@id":"https:\/\/addio.eu\/fr\/produit\/kit-de-connecteur-empilable-a-16-poles\/#breadcrumb","itemListElement":[{"@type":"ListItem","position":1,"name":"Home","item":"https:\/\/addio.eu\/fr\/page-daccueil-addio\/"},{"@type":"ListItem","position":2,"name":"Produits","item":"https:\/\/addio.eu\/fr\/produits\/"},{"@type":"ListItem","position":3,"name":"Kit de connecteur empilable \u00e0 16 p\u00f4les"}]},{"@type":"WebSite","@id":"https:\/\/addio.eu\/fr\/#website","url":"https:\/\/addio.eu\/fr\/","name":"addio.eu","description":"","publisher":{"@id":"https:\/\/addio.eu\/fr\/#organization"},"potentialAction":[{"@type":"SearchAction","target":{"@type":"EntryPoint","urlTemplate":"https:\/\/addio.eu\/fr\/?s={search_term_string}"},"query-input":{"@type":"PropertyValueSpecification","valueRequired":true,"valueName":"search_term_string"}}],"inLanguage":"fr-FR"},{"@type":"Organization","@id":"https:\/\/addio.eu\/fr\/#organization","name":"Addio electronics","url":"https:\/\/addio.eu\/fr\/","logo":{"@type":"ImageObject","inLanguage":"fr-FR","@id":"https:\/\/addio.eu\/fr\/#\/schema\/logo\/image\/","url":"https:\/\/addio.eu\/wp-content\/uploads\/2024\/10\/Lager_1-1.svg","contentUrl":"https:\/\/addio.eu\/wp-content\/uploads\/2024\/10\/Lager_1-1.svg","caption":"Addio electronics"},"image":{"@id":"https:\/\/addio.eu\/fr\/#\/schema\/logo\/image\/"},"sameAs":["https:\/\/www.facebook.com\/AddioElectronicsAB\/","https:\/\/www.linkedin.com\/company\/addio-electronics-ab"]}]}},"_links":{"self":[{"href":"https:\/\/addio.eu\/fr\/wp-json\/wp\/v2\/product\/12073","targetHints":{"allow":["GET"]}}],"collection":[{"href":"https:\/\/addio.eu\/fr\/wp-json\/wp\/v2\/product"}],"about":[{"href":"https:\/\/addio.eu\/fr\/wp-json\/wp\/v2\/types\/product"}],"replies":[{"embeddable":true,"href":"https:\/\/addio.eu\/fr\/wp-json\/wp\/v2\/comments?post=12073"}],"wp:featuredmedia":[{"embeddable":true,"href":"https:\/\/addio.eu\/fr\/wp-json\/wp\/v2\/media\/5988"}],"wp:attachment":[{"href":"https:\/\/addio.eu\/fr\/wp-json\/wp\/v2\/media?parent=12073"}],"wp:term":[{"taxonomy":"product_brand","embeddable":true,"href":"https:\/\/addio.eu\/fr\/wp-json\/wp\/v2\/product_brand?post=12073"},{"taxonomy":"product_cat","embeddable":true,"href":"https:\/\/addio.eu\/fr\/wp-json\/wp\/v2\/product_cat?post=12073"},{"taxonomy":"product_tag","embeddable":true,"href":"https:\/\/addio.eu\/fr\/wp-json\/wp\/v2\/product_tag?post=12073"}],"curies":[{"name":"wp","href":"https:\/\/api.w.org\/{rel}","templated":true}]}}