{"id":11819,"date":"2025-03-07T11:01:36","date_gmt":"2025-03-07T11:01:36","guid":{"rendered":"https:\/\/addio.eu\/product\/unite-dentree-22-canaux\/"},"modified":"2025-03-07T11:01:36","modified_gmt":"2025-03-07T11:01:36","slug":"unite-dentree-22-canaux","status":"publish","type":"product","link":"https:\/\/addio.eu\/fr\/produit\/unite-dentree-22-canaux\/","title":{"rendered":"Unit\u00e9 d&rsquo;entr\u00e9e 22 canaux"},"content":{"rendered":"<p><strong>Taille<\/strong><br \/>\n74*71*21 mm<\/p>\n<p><strong>Poids<\/strong><br \/>\n53 g<\/p>\n","protected":false},"excerpt":{"rendered":"<p class=\"\" data-start=\"72\" data-end=\"283\">En tant qu&rsquo;accessoire aux DRB ADV, il existe une unit\u00e9 d&rsquo;entr\u00e9e avec 22 entr\u00e9es qui se connecte au port COM\/CAN des DRB.<\/p>\n<p class=\"\" data-start=\"285\" data-end=\"538\">L&rsquo;unit\u00e9 dispose de 3 connecteurs d\u00e9tachables \u00e0 8 broches. Les entr\u00e9es sont \u00e9tiquet\u00e9es A, B et C, o\u00f9 l&rsquo;entr\u00e9e A poss\u00e8de 6 entr\u00e9es ainsi que des connexions d&rsquo;alimentation positive et n\u00e9gative qui peuvent \u00eatre utilis\u00e9es pour alimenter des boutons-poussoirs externes. Les entr\u00e9es B et C ont chacune 8 entr\u00e9es, num\u00e9rot\u00e9es de 1 \u00e0 8.  <\/p>\n<p class=\"\" data-start=\"540\" data-end=\"683\">Le port de communication se compose de deux connecteurs RJ-10, qui sont identiques et connect\u00e9s en parall\u00e8le, permettant d&rsquo;utiliser l&rsquo;un ou l&rsquo;autre des connecteurs.<\/p>\n<p class=\"\" data-start=\"30\" data-end=\"270\"><strong>Cr\u00e9ez votre propre clavier<\/strong><br \/>\nSi vous souhaitez cr\u00e9er votre propre clavier avec jusqu&rsquo;\u00e0 22 boutons personnalisables, tels que des boutons robustes pour une utilisation en ext\u00e9rieur, vous pouvez connecter les boutons individuels \u00e0 cette unit\u00e9, qui est ensuite connect\u00e9e \u00e0 l&rsquo;unit\u00e9 DRB via un simple c\u00e2ble (via CANBus).<\/p>\n<p class=\"\" data-start=\"272\" data-end=\"401\">Dans un syst\u00e8me Addio, 2 unit\u00e9s peuvent \u00eatre connect\u00e9es, vous permettant d&rsquo;avoir 22 fonctions uniques en parall\u00e8le sur deux claviers identiques<\/p>\n","protected":false},"featured_media":5891,"comment_status":"open","ping_status":"closed","template":"","meta":[],"product_brand":[],"product_cat":[301],"product_tag":[],"class_list":{"0":"post-11819","1":"product","2":"type-product","3":"status-publish","4":"has-post-thumbnail","6":"product_cat-connectivite-can","8":"first","9":"instock","10":"shipping-taxable","11":"product-type-simple"},"yoast_head":"<!-- This site is optimized with the Yoast SEO plugin v26.0 - https:\/\/yoast.com\/wordpress\/plugins\/seo\/ -->\n<title>Unit\u00e9 d&#039;entr\u00e9e 22 canaux - Addio Electronics<\/title>\n<meta name=\"robots\" content=\"index, follow, max-snippet:-1, max-image-preview:large, max-video-preview:-1\" \/>\n<link rel=\"canonical\" href=\"https:\/\/addio.eu\/fr\/produit\/unite-dentree-22-canaux\/\" \/>\n<meta property=\"og:locale\" content=\"fr_FR\" \/>\n<meta property=\"og:type\" content=\"article\" \/>\n<meta property=\"og:title\" content=\"Unit\u00e9 d&#039;entr\u00e9e 22 canaux - Addio Electronics\" \/>\n<meta property=\"og:description\" content=\"En tant qu&#039;accessoire aux DRB ADV, il existe une unit\u00e9 d&#039;entr\u00e9e avec 22 entr\u00e9es qui se connecte au port COM\/CAN des DRB. L&#039;unit\u00e9 dispose de 3 connecteurs d\u00e9tachables \u00e0 8 broches. Les entr\u00e9es sont \u00e9tiquet\u00e9es A, B et C, o\u00f9 l&#039;entr\u00e9e A poss\u00e8de 6 entr\u00e9es ainsi que des connexions d&#039;alimentation positive et n\u00e9gative qui peuvent \u00eatre utilis\u00e9es pour alimenter des boutons-poussoirs externes. Les entr\u00e9es B et C ont chacune 8 entr\u00e9es, num\u00e9rot\u00e9es de 1 \u00e0 8.  Le port de communication se compose de deux connecteurs RJ-10, qui sont identiques et connect\u00e9s en parall\u00e8le, permettant d&#039;utiliser l&#039;un ou l&#039;autre des connecteurs. Cr\u00e9ez votre propre clavier Si vous souhaitez cr\u00e9er votre propre clavier avec jusqu&#039;\u00e0 22 boutons personnalisables, tels que des boutons robustes pour une utilisation en ext\u00e9rieur, vous pouvez connecter les boutons individuels \u00e0 cette unit\u00e9, qui est ensuite connect\u00e9e \u00e0 l&#039;unit\u00e9 DRB via un simple c\u00e2ble (via CANBus). Dans un syst\u00e8me Addio, 2 unit\u00e9s peuvent \u00eatre connect\u00e9es, vous permettant d&#039;avoir 22 fonctions uniques en parall\u00e8le sur deux claviers identiques\" \/>\n<meta property=\"og:url\" content=\"https:\/\/addio.eu\/fr\/produit\/unite-dentree-22-canaux\/\" \/>\n<meta property=\"og:site_name\" content=\"Addio Electronics\" \/>\n<meta property=\"article:publisher\" content=\"https:\/\/www.facebook.com\/AddioElectronicsAB\/\" \/>\n<meta property=\"og:image\" content=\"https:\/\/addio.eu\/wp-content\/uploads\/2025\/03\/IMG_1659-scaled.jpg\" \/>\n\t<meta property=\"og:image:width\" content=\"2560\" \/>\n\t<meta property=\"og:image:height\" content=\"1920\" \/>\n\t<meta property=\"og:image:type\" content=\"image\/jpeg\" \/>\n<meta name=\"twitter:card\" content=\"summary_large_image\" \/>\n<script type=\"application\/ld+json\" class=\"yoast-schema-graph\">{\"@context\":\"https:\/\/schema.org\",\"@graph\":[{\"@type\":\"WebPage\",\"@id\":\"https:\/\/addio.eu\/fr\/produit\/unite-dentree-22-canaux\/\",\"url\":\"https:\/\/addio.eu\/fr\/produit\/unite-dentree-22-canaux\/\",\"name\":\"Unit\u00e9 d'entr\u00e9e 22 canaux - Addio Electronics\",\"isPartOf\":{\"@id\":\"https:\/\/addio.eu\/fr\/#website\"},\"primaryImageOfPage\":{\"@id\":\"https:\/\/addio.eu\/fr\/produit\/unite-dentree-22-canaux\/#primaryimage\"},\"image\":{\"@id\":\"https:\/\/addio.eu\/fr\/produit\/unite-dentree-22-canaux\/#primaryimage\"},\"thumbnailUrl\":\"https:\/\/addio.eu\/wp-content\/uploads\/2025\/03\/IMG_1659-scaled.jpg\",\"datePublished\":\"2025-03-07T11:01:36+00:00\",\"breadcrumb\":{\"@id\":\"https:\/\/addio.eu\/fr\/produit\/unite-dentree-22-canaux\/#breadcrumb\"},\"inLanguage\":\"fr-FR\",\"potentialAction\":[{\"@type\":\"ReadAction\",\"target\":[\"https:\/\/addio.eu\/fr\/produit\/unite-dentree-22-canaux\/\"]}]},{\"@type\":\"ImageObject\",\"inLanguage\":\"fr-FR\",\"@id\":\"https:\/\/addio.eu\/fr\/produit\/unite-dentree-22-canaux\/#primaryimage\",\"url\":\"https:\/\/addio.eu\/wp-content\/uploads\/2025\/03\/IMG_1659-scaled.jpg\",\"contentUrl\":\"https:\/\/addio.eu\/wp-content\/uploads\/2025\/03\/IMG_1659-scaled.jpg\",\"width\":2560,\"height\":1920},{\"@type\":\"BreadcrumbList\",\"@id\":\"https:\/\/addio.eu\/fr\/produit\/unite-dentree-22-canaux\/#breadcrumb\",\"itemListElement\":[{\"@type\":\"ListItem\",\"position\":1,\"name\":\"Home\",\"item\":\"https:\/\/addio.eu\/fr\/page-daccueil-addio\/\"},{\"@type\":\"ListItem\",\"position\":2,\"name\":\"Produits\",\"item\":\"https:\/\/addio.eu\/fr\/produits\/\"},{\"@type\":\"ListItem\",\"position\":3,\"name\":\"Unit\u00e9 d&rsquo;entr\u00e9e 22 canaux\"}]},{\"@type\":\"WebSite\",\"@id\":\"https:\/\/addio.eu\/fr\/#website\",\"url\":\"https:\/\/addio.eu\/fr\/\",\"name\":\"addio.eu\",\"description\":\"\",\"publisher\":{\"@id\":\"https:\/\/addio.eu\/fr\/#organization\"},\"potentialAction\":[{\"@type\":\"SearchAction\",\"target\":{\"@type\":\"EntryPoint\",\"urlTemplate\":\"https:\/\/addio.eu\/fr\/?s={search_term_string}\"},\"query-input\":{\"@type\":\"PropertyValueSpecification\",\"valueRequired\":true,\"valueName\":\"search_term_string\"}}],\"inLanguage\":\"fr-FR\"},{\"@type\":\"Organization\",\"@id\":\"https:\/\/addio.eu\/fr\/#organization\",\"name\":\"Addio electronics\",\"url\":\"https:\/\/addio.eu\/fr\/\",\"logo\":{\"@type\":\"ImageObject\",\"inLanguage\":\"fr-FR\",\"@id\":\"https:\/\/addio.eu\/fr\/#\/schema\/logo\/image\/\",\"url\":\"https:\/\/addio.eu\/wp-content\/uploads\/2024\/10\/Lager_1-1.svg\",\"contentUrl\":\"https:\/\/addio.eu\/wp-content\/uploads\/2024\/10\/Lager_1-1.svg\",\"caption\":\"Addio electronics\"},\"image\":{\"@id\":\"https:\/\/addio.eu\/fr\/#\/schema\/logo\/image\/\"},\"sameAs\":[\"https:\/\/www.facebook.com\/AddioElectronicsAB\/\",\"https:\/\/www.linkedin.com\/company\/addio-electronics-ab\"]}]}<\/script>\n<!-- \/ Yoast SEO plugin. -->","yoast_head_json":{"title":"Unit\u00e9 d'entr\u00e9e 22 canaux - Addio Electronics","robots":{"index":"index","follow":"follow","max-snippet":"max-snippet:-1","max-image-preview":"max-image-preview:large","max-video-preview":"max-video-preview:-1"},"canonical":"https:\/\/addio.eu\/fr\/produit\/unite-dentree-22-canaux\/","og_locale":"fr_FR","og_type":"article","og_title":"Unit\u00e9 d'entr\u00e9e 22 canaux - Addio Electronics","og_description":"En tant qu'accessoire aux DRB ADV, il existe une unit\u00e9 d'entr\u00e9e avec 22 entr\u00e9es qui se connecte au port COM\/CAN des DRB. L'unit\u00e9 dispose de 3 connecteurs d\u00e9tachables \u00e0 8 broches. Les entr\u00e9es sont \u00e9tiquet\u00e9es A, B et C, o\u00f9 l'entr\u00e9e A poss\u00e8de 6 entr\u00e9es ainsi que des connexions d'alimentation positive et n\u00e9gative qui peuvent \u00eatre utilis\u00e9es pour alimenter des boutons-poussoirs externes. Les entr\u00e9es B et C ont chacune 8 entr\u00e9es, num\u00e9rot\u00e9es de 1 \u00e0 8.  Le port de communication se compose de deux connecteurs RJ-10, qui sont identiques et connect\u00e9s en parall\u00e8le, permettant d'utiliser l'un ou l'autre des connecteurs. Cr\u00e9ez votre propre clavier Si vous souhaitez cr\u00e9er votre propre clavier avec jusqu'\u00e0 22 boutons personnalisables, tels que des boutons robustes pour une utilisation en ext\u00e9rieur, vous pouvez connecter les boutons individuels \u00e0 cette unit\u00e9, qui est ensuite connect\u00e9e \u00e0 l'unit\u00e9 DRB via un simple c\u00e2ble (via CANBus). Dans un syst\u00e8me Addio, 2 unit\u00e9s peuvent \u00eatre connect\u00e9es, vous permettant d'avoir 22 fonctions uniques en parall\u00e8le sur deux claviers identiques","og_url":"https:\/\/addio.eu\/fr\/produit\/unite-dentree-22-canaux\/","og_site_name":"Addio Electronics","article_publisher":"https:\/\/www.facebook.com\/AddioElectronicsAB\/","og_image":[{"width":2560,"height":1920,"url":"https:\/\/addio.eu\/wp-content\/uploads\/2025\/03\/IMG_1659-scaled.jpg","type":"image\/jpeg"}],"twitter_card":"summary_large_image","schema":{"@context":"https:\/\/schema.org","@graph":[{"@type":"WebPage","@id":"https:\/\/addio.eu\/fr\/produit\/unite-dentree-22-canaux\/","url":"https:\/\/addio.eu\/fr\/produit\/unite-dentree-22-canaux\/","name":"Unit\u00e9 d'entr\u00e9e 22 canaux - Addio Electronics","isPartOf":{"@id":"https:\/\/addio.eu\/fr\/#website"},"primaryImageOfPage":{"@id":"https:\/\/addio.eu\/fr\/produit\/unite-dentree-22-canaux\/#primaryimage"},"image":{"@id":"https:\/\/addio.eu\/fr\/produit\/unite-dentree-22-canaux\/#primaryimage"},"thumbnailUrl":"https:\/\/addio.eu\/wp-content\/uploads\/2025\/03\/IMG_1659-scaled.jpg","datePublished":"2025-03-07T11:01:36+00:00","breadcrumb":{"@id":"https:\/\/addio.eu\/fr\/produit\/unite-dentree-22-canaux\/#breadcrumb"},"inLanguage":"fr-FR","potentialAction":[{"@type":"ReadAction","target":["https:\/\/addio.eu\/fr\/produit\/unite-dentree-22-canaux\/"]}]},{"@type":"ImageObject","inLanguage":"fr-FR","@id":"https:\/\/addio.eu\/fr\/produit\/unite-dentree-22-canaux\/#primaryimage","url":"https:\/\/addio.eu\/wp-content\/uploads\/2025\/03\/IMG_1659-scaled.jpg","contentUrl":"https:\/\/addio.eu\/wp-content\/uploads\/2025\/03\/IMG_1659-scaled.jpg","width":2560,"height":1920},{"@type":"BreadcrumbList","@id":"https:\/\/addio.eu\/fr\/produit\/unite-dentree-22-canaux\/#breadcrumb","itemListElement":[{"@type":"ListItem","position":1,"name":"Home","item":"https:\/\/addio.eu\/fr\/page-daccueil-addio\/"},{"@type":"ListItem","position":2,"name":"Produits","item":"https:\/\/addio.eu\/fr\/produits\/"},{"@type":"ListItem","position":3,"name":"Unit\u00e9 d&rsquo;entr\u00e9e 22 canaux"}]},{"@type":"WebSite","@id":"https:\/\/addio.eu\/fr\/#website","url":"https:\/\/addio.eu\/fr\/","name":"addio.eu","description":"","publisher":{"@id":"https:\/\/addio.eu\/fr\/#organization"},"potentialAction":[{"@type":"SearchAction","target":{"@type":"EntryPoint","urlTemplate":"https:\/\/addio.eu\/fr\/?s={search_term_string}"},"query-input":{"@type":"PropertyValueSpecification","valueRequired":true,"valueName":"search_term_string"}}],"inLanguage":"fr-FR"},{"@type":"Organization","@id":"https:\/\/addio.eu\/fr\/#organization","name":"Addio electronics","url":"https:\/\/addio.eu\/fr\/","logo":{"@type":"ImageObject","inLanguage":"fr-FR","@id":"https:\/\/addio.eu\/fr\/#\/schema\/logo\/image\/","url":"https:\/\/addio.eu\/wp-content\/uploads\/2024\/10\/Lager_1-1.svg","contentUrl":"https:\/\/addio.eu\/wp-content\/uploads\/2024\/10\/Lager_1-1.svg","caption":"Addio electronics"},"image":{"@id":"https:\/\/addio.eu\/fr\/#\/schema\/logo\/image\/"},"sameAs":["https:\/\/www.facebook.com\/AddioElectronicsAB\/","https:\/\/www.linkedin.com\/company\/addio-electronics-ab"]}]}},"_links":{"self":[{"href":"https:\/\/addio.eu\/fr\/wp-json\/wp\/v2\/product\/11819","targetHints":{"allow":["GET"]}}],"collection":[{"href":"https:\/\/addio.eu\/fr\/wp-json\/wp\/v2\/product"}],"about":[{"href":"https:\/\/addio.eu\/fr\/wp-json\/wp\/v2\/types\/product"}],"replies":[{"embeddable":true,"href":"https:\/\/addio.eu\/fr\/wp-json\/wp\/v2\/comments?post=11819"}],"wp:featuredmedia":[{"embeddable":true,"href":"https:\/\/addio.eu\/fr\/wp-json\/wp\/v2\/media\/5891"}],"wp:attachment":[{"href":"https:\/\/addio.eu\/fr\/wp-json\/wp\/v2\/media?parent=11819"}],"wp:term":[{"taxonomy":"product_brand","embeddable":true,"href":"https:\/\/addio.eu\/fr\/wp-json\/wp\/v2\/product_brand?post=11819"},{"taxonomy":"product_cat","embeddable":true,"href":"https:\/\/addio.eu\/fr\/wp-json\/wp\/v2\/product_cat?post=11819"},{"taxonomy":"product_tag","embeddable":true,"href":"https:\/\/addio.eu\/fr\/wp-json\/wp\/v2\/product_tag?post=11819"}],"curies":[{"name":"wp","href":"https:\/\/api.w.org\/{rel}","templated":true}]}}