{"id":11362,"date":"2025-03-07T10:19:14","date_gmt":"2025-03-07T10:19:14","guid":{"rendered":"https:\/\/addio.eu\/product\/drb-5024-8-adv\/"},"modified":"2026-02-10T17:00:06","modified_gmt":"2026-02-10T17:00:06","slug":"drb-5024-8-adv","status":"publish","type":"product","link":"https:\/\/addio.eu\/fr\/produit\/drb-5024-8-adv\/","title":{"rendered":"DRB 5024-8 ADV"},"content":{"rendered":"<p>Pour les fonctions automatis\u00e9es, le Addio CAN Master peut \u00eatre connect\u00e9 et utilis\u00e9 pour l&rsquo;int\u00e9gration avec les signaux du v\u00e9hicule utilis\u00e9s comme entr\u00e9es.<\/p>\n<p>Le DRB est configur\u00e9 via notre logiciel ADDIO CC.<\/p>\n<table width=\"298\">\n<tbody>\n<tr>\n<td width=\"234\">Mod\u00e8le<\/td>\n<td width=\"64\">DRB-5024-8 ADV<\/td>\n<\/tr>\n<tr>\n<td width=\"234\">Alimentation \u00e9lectrique<\/td>\n<td width=\"64\">18-31 VCC<\/td>\n<\/tr>\n<tr>\n<td width=\"234\">Consommation \u00e9lectrique interne (approximative) Mode normal sans sortie active \/ Mode veille<\/td>\n<td width=\"64\">~30mA\/~10mA<\/td>\n<\/tr>\n<tr>\n<td width=\"234\">Protection contre la sous-tension (r\u00e9glable)<\/td>\n<td width=\"64\">18-25V, par paliers de 0,5V<\/td>\n<\/tr>\n<tr>\n<td width=\"234\">Protection contre la surtension (r\u00e9glable)<\/td>\n<td width=\"64\">26-31V, par paliers de 1V<\/td>\n<\/tr>\n<tr>\n<td width=\"234\">Courant total max. 1 minute<\/td>\n<td width=\"64\">50A<\/td>\n<\/tr>\n<tr>\n<td width=\"234\">Courant total max. continu<\/td>\n<td width=\"64\">50A<\/td>\n<\/tr>\n<tr>\n<td width=\"234\">Nombre total d&rsquo;entr\u00e9es<\/td>\n<td width=\"64\">8 pi\u00e8ces<\/td>\n<\/tr>\n<tr>\n<td width=\"234\">Entr\u00e9es num\u00e9riques<\/td>\n<td width=\"64\">4 sur 8 pi\u00e8ces<\/td>\n<\/tr>\n<tr>\n<td width=\"234\">Entr\u00e9es analogiques<\/td>\n<td width=\"64\">4 sur 8 pi\u00e8ces<\/td>\n<\/tr>\n<tr>\n<td width=\"234\">R\u00e9sistance d&rsquo;entr\u00e9e @12V<\/td>\n<td width=\"64\">22k\u03a9<\/td>\n<\/tr>\n<tr>\n<td width=\"234\">Connexions d&rsquo;entr\u00e9es (bornes \u00e0 vis enfichables)<\/td>\n<td width=\"64\">10 p\u00f4les inc. +\/-<\/td>\n<\/tr>\n<tr>\n<td width=\"234\">Nombre de sorties<\/td>\n<td width=\"64\">8 pi\u00e8ces<\/td>\n<\/tr>\n<tr>\n<td width=\"234\">Connexion des sorties<\/td>\n<td width=\"64\">Connecteur \u00e0 sertir<\/td>\n<\/tr>\n<tr>\n<td width=\"234\">Taille des fusibles A, sorties<\/td>\n<td width=\"64\">5, 10, 15<\/td>\n<\/tr>\n<tr>\n<td width=\"234\">Connexion d&rsquo;alimentation<\/td>\n<td width=\"64\">\u00c9crou M5<\/td>\n<\/tr>\n<tr>\n<td width=\"234\">Bluetooth<\/td>\n<td width=\"64\">Oui, accessoire<\/td>\n<\/tr>\n<tr>\n<td width=\"234\">Contr\u00f4le moteur pont en H (courant pr\u00e9liminaire)<\/td>\n<td width=\"64\">oui, max 12A<\/td>\n<\/tr>\n<tr>\n<td width=\"234\">Indication d&rsquo;erreur<\/td>\n<td width=\"64\">LED RGB partag\u00e9e<\/td>\n<\/tr>\n<tr>\n<td width=\"234\">LED par sortie (couleur r\u00e9glable)<\/td>\n<td width=\"64\">oui, RGB<\/td>\n<\/tr>\n<tr>\n<td width=\"234\">Bus de communication (bus CAN)<\/td>\n<td width=\"64\">Oui 2 pi\u00e8ces RJ10<\/td>\n<\/tr>\n<tr>\n<td width=\"234\">Connexions ordinateur<\/td>\n<td width=\"64\">USB Mini<\/td>\n<\/tr>\n<tr>\n<td width=\"234\">Mise \u00e0 la terre des signaux<\/td>\n<td width=\"64\">Oui avec pull-up interne. Entr\u00e9es 1-4<\/td>\n<\/tr>\n<tr>\n<td width=\"234\">T\u00e9l\u00e9commande, panneaux de commutation, capteurs, etc.<\/td>\n<td width=\"64\">Oui, en tant qu&rsquo;accessoire<\/td>\n<\/tr>\n<tr>\n<td width=\"234\">Dimensions (mm)<\/td>\n<td width=\"64\">170x92x21<\/td>\n<\/tr>\n<tr>\n<td width=\"234\">Poids<\/td>\n<td width=\"64\">191<\/td>\n<\/tr>\n<\/tbody>\n<\/table>\n","protected":false},"excerpt":{"rendered":"<div class=\"elementor-element elementor-element-28a1869 elementor-widget elementor-widget-woocommerce-product-title elementor-page-title elementor-widget-heading\" data-id=\"28a1869\" data-element_type=\"widget\" data-widget_type=\"woocommerce-product-title.default\">\n<div class=\"elementor-widget-container\"><\/div>\n<\/div>\n<div class=\"elementor-element elementor-element-b951bf8 elementor-widget elementor-widget-woocommerce-product-short-description\" data-id=\"b951bf8\" data-element_type=\"widget\" data-widget_type=\"woocommerce-product-short-description.default\">\n<div class=\"elementor-widget-container\">\n<div class=\"woocommerce-product-details__short-description\">\n<div class=\"elementor-element elementor-element-28a1869 elementor-widget elementor-widget-woocommerce-product-title elementor-page-title elementor-widget-heading\" data-id=\"28a1869\" data-element_type=\"widget\" data-widget_type=\"woocommerce-product-title.default\">\n<div class=\"elementor-widget-container\">Le DRB 5024-8 ADV est notre unit\u00e9 standard 24V avec 8 sorties et 8 entr\u00e9es, et un courant total continu de 50 Amp\u00e8res r\u00e9parti sur toutes les sorties.<\/div>\n<\/div>\n<div class=\"elementor-element elementor-element-b951bf8 elementor-widget elementor-widget-woocommerce-product-short-description\" data-id=\"b951bf8\" data-element_type=\"widget\" data-widget_type=\"woocommerce-product-short-description.default\">\n<div class=\"elementor-widget-container\">\n<div class=\"woocommerce-product-details__short-description\">\n<p>Comme tous nos DRB, le 5024-8 ADV offre une large gamme de fonctionnalit\u00e9s telles que :<\/p>\n<ul>\n<li>Fonctions de relais comme flash, variateur et minuterie<\/li>\n<li>Fonction de fusible via des commutateurs haute intensit\u00e9<\/li>\n<li>Protection de la batterie par minuteries ou protection de tension, individuellement par sortie<\/li>\n<li>Fonctions logiques bas\u00e9es sur des r\u00e8gles<\/li>\n<li>Jusqu&rsquo;\u00e0 trois fonctions diff\u00e9rentes par sortie, telles que fixe ou clignotante<\/li>\n<\/ul>\n<p class=\"\" data-start=\"112\" data-end=\"430\">Les sorties sont prot\u00e9g\u00e9es num\u00e9riquement jusqu&rsquo;\u00e0 15 Amp\u00e8res par sortie.<\/p>\n<p class=\"\" data-start=\"432\" data-end=\"679\">L&rsquo;unit\u00e9 est id\u00e9alement contr\u00f4l\u00e9e par notre panneau de commande \u00e0 8 boutons (accessoire) connect\u00e9 via CAN-Bus, mais des interrupteurs ordinaires ou d&rsquo;autres types de signaux, tant num\u00e9riques (haut\/bas) qu&rsquo;analogiques (tensions variables), peuvent \u00e9galement \u00eatre configur\u00e9s pour contr\u00f4ler chaque sortie.<\/p>\n<\/div>\n<\/div>\n<\/div>\n<\/div>\n<\/div>\n<\/div>\n","protected":false},"featured_media":11365,"comment_status":"open","ping_status":"closed","template":"","meta":[],"product_brand":[],"product_cat":[165],"product_tag":[167,240,216,217],"class_list":{"0":"post-11362","1":"product","2":"type-product","3":"status-publish","4":"has-post-thumbnail","6":"product_cat-boitiers-de-relais-numeriques","7":"product_tag-2-ports-can","8":"product_tag-24v","9":"product_tag-8-entrees","10":"product_tag-8-sorties","12":"first","13":"instock","14":"shipping-taxable","15":"product-type-simple"},"yoast_head":"<!-- This site is optimized with the Yoast SEO plugin v26.0 - https:\/\/yoast.com\/wordpress\/plugins\/seo\/ -->\n<title>DRB 5024-8 ADV - Addio Electronics<\/title>\n<meta name=\"robots\" content=\"index, follow, max-snippet:-1, max-image-preview:large, max-video-preview:-1\" \/>\n<link rel=\"canonical\" href=\"https:\/\/addio.eu\/fr\/produit\/drb-5024-8-adv\/\" \/>\n<meta property=\"og:locale\" content=\"fr_FR\" \/>\n<meta property=\"og:type\" content=\"article\" \/>\n<meta property=\"og:title\" content=\"DRB 5024-8 ADV - Addio Electronics\" \/>\n<meta property=\"og:description\" content=\"Le DRB 5024-8 ADV est notre unit\u00e9 standard 24V avec 8 sorties et 8 entr\u00e9es, et un courant total continu de 50 Amp\u00e8res r\u00e9parti sur toutes les sorties.   Comme tous nos DRB, le 5024-8 ADV offre une large gamme de fonctionnalit\u00e9s telles que :  Fonctions de relais comme flash, variateur et minuterie  Fonction de fusible via des commutateurs haute intensit\u00e9  Protection de la batterie par minuteries ou protection de tension, individuellement par sortie  Fonctions logiques bas\u00e9es sur des r\u00e8gles  Jusqu&#039;\u00e0 trois fonctions diff\u00e9rentes par sortie, telles que fixe ou clignotante Les sorties sont prot\u00e9g\u00e9es num\u00e9riquement jusqu&#039;\u00e0 15 Amp\u00e8res par sortie. L&#039;unit\u00e9 est id\u00e9alement contr\u00f4l\u00e9e par notre panneau de commande \u00e0 8 boutons (accessoire) connect\u00e9 via CAN-Bus, mais des interrupteurs ordinaires ou d&#039;autres types de signaux, tant num\u00e9riques (haut\/bas) qu&#039;analogiques (tensions variables), peuvent \u00e9galement \u00eatre configur\u00e9s pour contr\u00f4ler chaque sortie.\" \/>\n<meta property=\"og:url\" content=\"https:\/\/addio.eu\/fr\/produit\/drb-5024-8-adv\/\" \/>\n<meta property=\"og:site_name\" content=\"Addio Electronics\" \/>\n<meta property=\"article:publisher\" content=\"https:\/\/www.facebook.com\/AddioElectronicsAB\/\" \/>\n<meta property=\"article:modified_time\" content=\"2026-02-10T17:00:06+00:00\" \/>\n<meta property=\"og:image\" content=\"https:\/\/addio.eu\/wp-content\/uploads\/2025\/03\/IMG_1796-scaled.jpg\" \/>\n\t<meta property=\"og:image:width\" content=\"2560\" \/>\n\t<meta property=\"og:image:height\" content=\"1618\" \/>\n\t<meta property=\"og:image:type\" content=\"image\/jpeg\" \/>\n<meta name=\"twitter:card\" content=\"summary_large_image\" \/>\n<meta name=\"twitter:label1\" content=\"Dur\u00e9e de lecture estim\u00e9e\" \/>\n\t<meta name=\"twitter:data1\" content=\"1 minute\" \/>\n<script type=\"application\/ld+json\" class=\"yoast-schema-graph\">{\"@context\":\"https:\/\/schema.org\",\"@graph\":[{\"@type\":\"WebPage\",\"@id\":\"https:\/\/addio.eu\/fr\/produit\/drb-5024-8-adv\/\",\"url\":\"https:\/\/addio.eu\/fr\/produit\/drb-5024-8-adv\/\",\"name\":\"DRB 5024-8 ADV - Addio Electronics\",\"isPartOf\":{\"@id\":\"https:\/\/addio.eu\/fr\/#website\"},\"primaryImageOfPage\":{\"@id\":\"https:\/\/addio.eu\/fr\/produit\/drb-5024-8-adv\/#primaryimage\"},\"image\":{\"@id\":\"https:\/\/addio.eu\/fr\/produit\/drb-5024-8-adv\/#primaryimage\"},\"thumbnailUrl\":\"https:\/\/addio.eu\/wp-content\/uploads\/2025\/03\/IMG_1796-scaled.jpg\",\"datePublished\":\"2025-03-07T10:19:14+00:00\",\"dateModified\":\"2026-02-10T17:00:06+00:00\",\"breadcrumb\":{\"@id\":\"https:\/\/addio.eu\/fr\/produit\/drb-5024-8-adv\/#breadcrumb\"},\"inLanguage\":\"fr-FR\",\"potentialAction\":[{\"@type\":\"ReadAction\",\"target\":[\"https:\/\/addio.eu\/fr\/produit\/drb-5024-8-adv\/\"]}]},{\"@type\":\"ImageObject\",\"inLanguage\":\"fr-FR\",\"@id\":\"https:\/\/addio.eu\/fr\/produit\/drb-5024-8-adv\/#primaryimage\",\"url\":\"https:\/\/addio.eu\/wp-content\/uploads\/2025\/03\/IMG_1796-scaled.jpg\",\"contentUrl\":\"https:\/\/addio.eu\/wp-content\/uploads\/2025\/03\/IMG_1796-scaled.jpg\",\"width\":2560,\"height\":1618},{\"@type\":\"BreadcrumbList\",\"@id\":\"https:\/\/addio.eu\/fr\/produit\/drb-5024-8-adv\/#breadcrumb\",\"itemListElement\":[{\"@type\":\"ListItem\",\"position\":1,\"name\":\"Home\",\"item\":\"https:\/\/addio.eu\/fr\/page-daccueil-addio\/\"},{\"@type\":\"ListItem\",\"position\":2,\"name\":\"Produits\",\"item\":\"https:\/\/addio.eu\/fr\/produits\/\"},{\"@type\":\"ListItem\",\"position\":3,\"name\":\"DRB 5024-8 ADV\"}]},{\"@type\":\"WebSite\",\"@id\":\"https:\/\/addio.eu\/fr\/#website\",\"url\":\"https:\/\/addio.eu\/fr\/\",\"name\":\"addio.eu\",\"description\":\"\",\"publisher\":{\"@id\":\"https:\/\/addio.eu\/fr\/#organization\"},\"potentialAction\":[{\"@type\":\"SearchAction\",\"target\":{\"@type\":\"EntryPoint\",\"urlTemplate\":\"https:\/\/addio.eu\/fr\/?s={search_term_string}\"},\"query-input\":{\"@type\":\"PropertyValueSpecification\",\"valueRequired\":true,\"valueName\":\"search_term_string\"}}],\"inLanguage\":\"fr-FR\"},{\"@type\":\"Organization\",\"@id\":\"https:\/\/addio.eu\/fr\/#organization\",\"name\":\"Addio electronics\",\"url\":\"https:\/\/addio.eu\/fr\/\",\"logo\":{\"@type\":\"ImageObject\",\"inLanguage\":\"fr-FR\",\"@id\":\"https:\/\/addio.eu\/fr\/#\/schema\/logo\/image\/\",\"url\":\"https:\/\/addio.eu\/wp-content\/uploads\/2024\/10\/Lager_1-1.svg\",\"contentUrl\":\"https:\/\/addio.eu\/wp-content\/uploads\/2024\/10\/Lager_1-1.svg\",\"caption\":\"Addio electronics\"},\"image\":{\"@id\":\"https:\/\/addio.eu\/fr\/#\/schema\/logo\/image\/\"},\"sameAs\":[\"https:\/\/www.facebook.com\/AddioElectronicsAB\/\",\"https:\/\/www.linkedin.com\/company\/addio-electronics-ab\"]}]}<\/script>\n<!-- \/ Yoast SEO plugin. -->","yoast_head_json":{"title":"DRB 5024-8 ADV - Addio Electronics","robots":{"index":"index","follow":"follow","max-snippet":"max-snippet:-1","max-image-preview":"max-image-preview:large","max-video-preview":"max-video-preview:-1"},"canonical":"https:\/\/addio.eu\/fr\/produit\/drb-5024-8-adv\/","og_locale":"fr_FR","og_type":"article","og_title":"DRB 5024-8 ADV - Addio Electronics","og_description":"Le DRB 5024-8 ADV est notre unit\u00e9 standard 24V avec 8 sorties et 8 entr\u00e9es, et un courant total continu de 50 Amp\u00e8res r\u00e9parti sur toutes les sorties.   Comme tous nos DRB, le 5024-8 ADV offre une large gamme de fonctionnalit\u00e9s telles que :  Fonctions de relais comme flash, variateur et minuterie  Fonction de fusible via des commutateurs haute intensit\u00e9  Protection de la batterie par minuteries ou protection de tension, individuellement par sortie  Fonctions logiques bas\u00e9es sur des r\u00e8gles  Jusqu'\u00e0 trois fonctions diff\u00e9rentes par sortie, telles que fixe ou clignotante Les sorties sont prot\u00e9g\u00e9es num\u00e9riquement jusqu'\u00e0 15 Amp\u00e8res par sortie. L'unit\u00e9 est id\u00e9alement contr\u00f4l\u00e9e par notre panneau de commande \u00e0 8 boutons (accessoire) connect\u00e9 via CAN-Bus, mais des interrupteurs ordinaires ou d'autres types de signaux, tant num\u00e9riques (haut\/bas) qu'analogiques (tensions variables), peuvent \u00e9galement \u00eatre configur\u00e9s pour contr\u00f4ler chaque sortie.","og_url":"https:\/\/addio.eu\/fr\/produit\/drb-5024-8-adv\/","og_site_name":"Addio Electronics","article_publisher":"https:\/\/www.facebook.com\/AddioElectronicsAB\/","article_modified_time":"2026-02-10T17:00:06+00:00","og_image":[{"width":2560,"height":1618,"url":"https:\/\/addio.eu\/wp-content\/uploads\/2025\/03\/IMG_1796-scaled.jpg","type":"image\/jpeg"}],"twitter_card":"summary_large_image","twitter_misc":{"Dur\u00e9e de lecture estim\u00e9e":"1 minute"},"schema":{"@context":"https:\/\/schema.org","@graph":[{"@type":"WebPage","@id":"https:\/\/addio.eu\/fr\/produit\/drb-5024-8-adv\/","url":"https:\/\/addio.eu\/fr\/produit\/drb-5024-8-adv\/","name":"DRB 5024-8 ADV - Addio Electronics","isPartOf":{"@id":"https:\/\/addio.eu\/fr\/#website"},"primaryImageOfPage":{"@id":"https:\/\/addio.eu\/fr\/produit\/drb-5024-8-adv\/#primaryimage"},"image":{"@id":"https:\/\/addio.eu\/fr\/produit\/drb-5024-8-adv\/#primaryimage"},"thumbnailUrl":"https:\/\/addio.eu\/wp-content\/uploads\/2025\/03\/IMG_1796-scaled.jpg","datePublished":"2025-03-07T10:19:14+00:00","dateModified":"2026-02-10T17:00:06+00:00","breadcrumb":{"@id":"https:\/\/addio.eu\/fr\/produit\/drb-5024-8-adv\/#breadcrumb"},"inLanguage":"fr-FR","potentialAction":[{"@type":"ReadAction","target":["https:\/\/addio.eu\/fr\/produit\/drb-5024-8-adv\/"]}]},{"@type":"ImageObject","inLanguage":"fr-FR","@id":"https:\/\/addio.eu\/fr\/produit\/drb-5024-8-adv\/#primaryimage","url":"https:\/\/addio.eu\/wp-content\/uploads\/2025\/03\/IMG_1796-scaled.jpg","contentUrl":"https:\/\/addio.eu\/wp-content\/uploads\/2025\/03\/IMG_1796-scaled.jpg","width":2560,"height":1618},{"@type":"BreadcrumbList","@id":"https:\/\/addio.eu\/fr\/produit\/drb-5024-8-adv\/#breadcrumb","itemListElement":[{"@type":"ListItem","position":1,"name":"Home","item":"https:\/\/addio.eu\/fr\/page-daccueil-addio\/"},{"@type":"ListItem","position":2,"name":"Produits","item":"https:\/\/addio.eu\/fr\/produits\/"},{"@type":"ListItem","position":3,"name":"DRB 5024-8 ADV"}]},{"@type":"WebSite","@id":"https:\/\/addio.eu\/fr\/#website","url":"https:\/\/addio.eu\/fr\/","name":"addio.eu","description":"","publisher":{"@id":"https:\/\/addio.eu\/fr\/#organization"},"potentialAction":[{"@type":"SearchAction","target":{"@type":"EntryPoint","urlTemplate":"https:\/\/addio.eu\/fr\/?s={search_term_string}"},"query-input":{"@type":"PropertyValueSpecification","valueRequired":true,"valueName":"search_term_string"}}],"inLanguage":"fr-FR"},{"@type":"Organization","@id":"https:\/\/addio.eu\/fr\/#organization","name":"Addio electronics","url":"https:\/\/addio.eu\/fr\/","logo":{"@type":"ImageObject","inLanguage":"fr-FR","@id":"https:\/\/addio.eu\/fr\/#\/schema\/logo\/image\/","url":"https:\/\/addio.eu\/wp-content\/uploads\/2024\/10\/Lager_1-1.svg","contentUrl":"https:\/\/addio.eu\/wp-content\/uploads\/2024\/10\/Lager_1-1.svg","caption":"Addio electronics"},"image":{"@id":"https:\/\/addio.eu\/fr\/#\/schema\/logo\/image\/"},"sameAs":["https:\/\/www.facebook.com\/AddioElectronicsAB\/","https:\/\/www.linkedin.com\/company\/addio-electronics-ab"]}]}},"_links":{"self":[{"href":"https:\/\/addio.eu\/fr\/wp-json\/wp\/v2\/product\/11362","targetHints":{"allow":["GET"]}}],"collection":[{"href":"https:\/\/addio.eu\/fr\/wp-json\/wp\/v2\/product"}],"about":[{"href":"https:\/\/addio.eu\/fr\/wp-json\/wp\/v2\/types\/product"}],"replies":[{"embeddable":true,"href":"https:\/\/addio.eu\/fr\/wp-json\/wp\/v2\/comments?post=11362"}],"wp:featuredmedia":[{"embeddable":true,"href":"https:\/\/addio.eu\/fr\/wp-json\/wp\/v2\/media\/11365"}],"wp:attachment":[{"href":"https:\/\/addio.eu\/fr\/wp-json\/wp\/v2\/media?parent=11362"}],"wp:term":[{"taxonomy":"product_brand","embeddable":true,"href":"https:\/\/addio.eu\/fr\/wp-json\/wp\/v2\/product_brand?post=11362"},{"taxonomy":"product_cat","embeddable":true,"href":"https:\/\/addio.eu\/fr\/wp-json\/wp\/v2\/product_cat?post=11362"},{"taxonomy":"product_tag","embeddable":true,"href":"https:\/\/addio.eu\/fr\/wp-json\/wp\/v2\/product_tag?post=11362"}],"curies":[{"name":"wp","href":"https:\/\/api.w.org\/{rel}","templated":true}]}}