{"id":11262,"date":"2025-03-24T09:47:26","date_gmt":"2025-03-24T09:47:26","guid":{"rendered":"https:\/\/addio.eu\/product\/drb-9012-8-std\/"},"modified":"2026-02-10T16:48:04","modified_gmt":"2026-02-10T16:48:04","slug":"drb-9012-8-std","status":"publish","type":"product","link":"https:\/\/addio.eu\/fr\/produit\/drb-9012-8-std\/","title":{"rendered":"DRB 9012-8 STD"},"content":{"rendered":"<table width=\"310\">\n<tbody>\n<tr>\n<td width=\"234\">Mod\u00e8le<\/td>\n<td width=\"76\">DRB-9012-8 STD<\/td>\n<\/tr>\n<tr>\n<td width=\"234\">Alimentation \u00e9lectrique<\/td>\n<td width=\"76\">10-22 VDC<\/td>\n<\/tr>\n<tr>\n<td width=\"234\">Consommation \u00e9lectrique interne (approximative) Mode normal aucune sortie active \/ Mode veille<\/td>\n<td width=\"76\">~30mA\/~6mA<\/td>\n<\/tr>\n<tr>\n<td width=\"234\">Protection contre la sous-tension (r\u00e9glable)<\/td>\n<td width=\"76\">10-13V, pas de 0,5V<\/td>\n<\/tr>\n<tr>\n<td width=\"234\">Protection contre la surtension (r\u00e9glable)<\/td>\n<td width=\"76\">16-26V, pas de 2V<\/td>\n<\/tr>\n<tr>\n<td width=\"234\">Courant total max. 1 minute<\/td>\n<td width=\"76\">90 A<\/td>\n<\/tr>\n<tr>\n<td width=\"234\">Courant total max. continu<\/td>\n<td width=\"76\">70 A<\/td>\n<\/tr>\n<tr>\n<td width=\"234\">Nombre total d&rsquo;entr\u00e9es<\/td>\n<td width=\"76\">8 pi\u00e8ces<\/td>\n<\/tr>\n<tr>\n<td width=\"234\">Entr\u00e9es num\u00e9riques<\/td>\n<td width=\"76\">8 sur 8 pcs<\/td>\n<\/tr>\n<tr>\n<td width=\"234\">Entr\u00e9es analogiques<\/td>\n<td width=\"76\">4 sur 8 pi\u00e8ces<\/td>\n<\/tr>\n<tr>\n<td width=\"234\">R\u00e9sistance d&rsquo;entr\u00e9e @12V<\/td>\n<td width=\"76\">22k\u03a9<\/td>\n<\/tr>\n<tr>\n<td width=\"234\">Connexions d&rsquo;entr\u00e9es (bornes \u00e0 vis enfichables)<\/td>\n<td width=\"76\">10 p\u00f4les inc. +\/-<\/td>\n<\/tr>\n<tr>\n<td width=\"234\">Nombre de sorties<\/td>\n<td width=\"76\">8 pi\u00e8ces<\/td>\n<\/tr>\n<tr>\n<td width=\"234\">Connexion des sorties<\/td>\n<td width=\"76\">Connecteur \u00e0 sertir<\/td>\n<\/tr>\n<tr>\n<td width=\"234\">Taille fusible A, sorties<\/td>\n<td width=\"76\">5, 10, 15, 20, (25 uniquement U7, U8)<\/td>\n<\/tr>\n<tr>\n<td width=\"234\">Connexion d&rsquo;alimentation<\/td>\n<td width=\"76\">\u00c9crou M5<\/td>\n<\/tr>\n<tr>\n<td width=\"234\">Bluetooth<\/td>\n<td width=\"76\">Non<\/td>\n<\/tr>\n<tr>\n<td width=\"234\">Contr\u00f4le moteur H-Bridge (courant pr\u00e9l.)<\/td>\n<td width=\"76\">Non<\/td>\n<\/tr>\n<tr>\n<td width=\"234\">Indication d&rsquo;erreur<\/td>\n<td width=\"76\">LED RGB partag\u00e9e<\/td>\n<\/tr>\n<tr>\n<td width=\"234\">LED par sortie (couleur r\u00e9glable)<\/td>\n<td width=\"76\">Non<\/td>\n<\/tr>\n<tr>\n<td width=\"234\">Bus de communication (bus CAN)<\/td>\n<td width=\"76\">Non<\/td>\n<\/tr>\n<tr>\n<td width=\"234\">Connexions ordinateur<\/td>\n<td width=\"76\">USB Mini<\/td>\n<\/tr>\n<tr>\n<td width=\"234\">Signaux de mise \u00e0 la terre<\/td>\n<td width=\"76\">Oui avec r\u00e9sistance externe vers le positif<\/td>\n<\/tr>\n<tr>\n<td width=\"234\">T\u00e9l\u00e9commande, panneaux de commutation, capteurs etc.<\/td>\n<td width=\"76\">Non<\/td>\n<\/tr>\n<tr>\n<td width=\"234\">Dimensions (mm)<\/td>\n<td width=\"76\">170x92x21<\/td>\n<\/tr>\n<tr>\n<td width=\"234\">Poids<\/td>\n<td width=\"76\">174g<\/td>\n<\/tr>\n<\/tbody>\n<\/table>\n","protected":false},"excerpt":{"rendered":"<div class=\"elementor-element elementor-element-28a1869 elementor-widget elementor-widget-woocommerce-product-title elementor-page-title elementor-widget-heading\" data-id=\"28a1869\" data-element_type=\"widget\" data-widget_type=\"woocommerce-product-title.default\">\n<div class=\"elementor-widget-container\"><strong><span style=\"font-size: 16px;\">Le DRB 9012-8 STD est notre unit\u00e9 optimis\u00e9e en co\u00fbt avec 8 sorties et 8 entr\u00e9es, et un courant total continu de 90 amp\u00e8res r\u00e9parti sur toutes les sorties.<\/span><\/strong><\/div>\n<div><\/div>\n<div class=\"elementor-widget-container\">Compar\u00e9 aux unit\u00e9s ADV, le STD ne dispose pas de communication CANBus, pas de pont en H int\u00e9gr\u00e9 (contr\u00f4le moteur), pas de LED par sortie et pas de r\u00e9sistances de tirage int\u00e9gr\u00e9es sur les entr\u00e9es pour les signaux d&rsquo;entr\u00e9e GND.<strong>L&rsquo;unit\u00e9 STD ne peut pas \u00eatre contr\u00f4l\u00e9e par nos panneaux de commutation ou t\u00e9l\u00e9commandes car elle ne dispose d&rsquo;aucun port CAN\/COM.<\/strong><\/div>\n<\/div>\n<div class=\"elementor-element elementor-element-b951bf8 elementor-widget elementor-widget-woocommerce-product-short-description\" data-id=\"b951bf8\" data-element_type=\"widget\" data-widget_type=\"woocommerce-product-short-description.default\">\n<div class=\"elementor-widget-container\">\n<div class=\"woocommerce-product-details__short-description\">\n<p>Comme tous nos DRB, le 9012-8 STD offre une large gamme de fonctionnalit\u00e9s telles que :<\/p>\n<ul>\n<li>Fonctions de relais comme flash, variateur et minuterie<\/li>\n<li>Fonction de fusible via des commutateurs haute intensit\u00e9<\/li>\n<li>Protection de la batterie par minuteries ou protection de tension, individuellement par sortie<\/li>\n<li>Fonctions logiques bas\u00e9es sur des r\u00e8gles<\/li>\n<li>Jusqu&rsquo;\u00e0 trois fonctions diff\u00e9rentes par sortie, telles que fixe ou clignotante<\/li>\n<\/ul>\n<p class=\"\" data-start=\"112\" data-end=\"430\">Les sorties sont prot\u00e9g\u00e9es num\u00e9riquement jusqu&rsquo;\u00e0 25 amp\u00e8res par sortie (r\u00e9glable par intervalles de 5 A)<\/p>\n<\/div>\n<\/div>\n<\/div>\n","protected":false},"featured_media":11269,"comment_status":"open","ping_status":"closed","template":"","meta":[],"product_brand":[],"product_cat":[165],"product_tag":[166,216,217],"class_list":{"0":"post-11262","1":"product","2":"type-product","3":"status-publish","4":"has-post-thumbnail","6":"product_cat-boitiers-de-relais-numeriques","7":"product_tag-12v","8":"product_tag-8-entrees","9":"product_tag-8-sorties","11":"first","12":"instock","13":"shipping-taxable","14":"product-type-simple"},"yoast_head":"<!-- This site is optimized with the Yoast SEO plugin v26.0 - https:\/\/yoast.com\/wordpress\/plugins\/seo\/ -->\n<title>DRB 9012-8 STD - Addio Electronics<\/title>\n<meta name=\"robots\" content=\"index, follow, max-snippet:-1, max-image-preview:large, max-video-preview:-1\" \/>\n<link rel=\"canonical\" href=\"https:\/\/addio.eu\/fr\/produit\/drb-9012-8-std\/\" \/>\n<meta property=\"og:locale\" content=\"fr_FR\" \/>\n<meta property=\"og:type\" content=\"article\" \/>\n<meta property=\"og:title\" content=\"DRB 9012-8 STD - Addio Electronics\" \/>\n<meta property=\"og:description\" content=\"Le DRB 9012-8 STD est notre unit\u00e9 optimis\u00e9e en co\u00fbt avec 8 sorties et 8 entr\u00e9es, et un courant total continu de 90 amp\u00e8res r\u00e9parti sur toutes les sorties. Compar\u00e9 aux unit\u00e9s ADV, le STD ne dispose pas de communication CANBus, pas de pont en H int\u00e9gr\u00e9 (contr\u00f4le moteur), pas de LED par sortie et pas de r\u00e9sistances de tirage int\u00e9gr\u00e9es sur les entr\u00e9es pour les signaux d&#039;entr\u00e9e GND.L&#039;unit\u00e9 STD ne peut pas \u00eatre contr\u00f4l\u00e9e par nos panneaux de commutation ou t\u00e9l\u00e9commandes car elle ne dispose d&#039;aucun port CAN\/COM.   Comme tous nos DRB, le 9012-8 STD offre une large gamme de fonctionnalit\u00e9s telles que :  Fonctions de relais comme flash, variateur et minuterie  Fonction de fusible via des commutateurs haute intensit\u00e9  Protection de la batterie par minuteries ou protection de tension, individuellement par sortie  Fonctions logiques bas\u00e9es sur des r\u00e8gles  Jusqu&#039;\u00e0 trois fonctions diff\u00e9rentes par sortie, telles que fixe ou clignotante Les sorties sont prot\u00e9g\u00e9es num\u00e9riquement jusqu&#039;\u00e0 25 amp\u00e8res par sortie (r\u00e9glable par intervalles de 5 A)\" \/>\n<meta property=\"og:url\" content=\"https:\/\/addio.eu\/fr\/produit\/drb-9012-8-std\/\" \/>\n<meta property=\"og:site_name\" content=\"Addio Electronics\" \/>\n<meta property=\"article:publisher\" content=\"https:\/\/www.facebook.com\/AddioElectronicsAB\/\" \/>\n<meta property=\"article:modified_time\" content=\"2026-02-10T16:48:04+00:00\" \/>\n<meta property=\"og:image\" content=\"https:\/\/addio.eu\/wp-content\/uploads\/2025\/03\/IMG_1788-scaled.jpg\" \/>\n\t<meta property=\"og:image:width\" content=\"2560\" \/>\n\t<meta property=\"og:image:height\" content=\"1654\" \/>\n\t<meta property=\"og:image:type\" content=\"image\/jpeg\" \/>\n<meta name=\"twitter:card\" content=\"summary_large_image\" \/>\n<meta name=\"twitter:label1\" content=\"Dur\u00e9e de lecture estim\u00e9e\" \/>\n\t<meta name=\"twitter:data1\" content=\"1 minute\" \/>\n<script type=\"application\/ld+json\" class=\"yoast-schema-graph\">{\"@context\":\"https:\/\/schema.org\",\"@graph\":[{\"@type\":\"WebPage\",\"@id\":\"https:\/\/addio.eu\/fr\/produit\/drb-9012-8-std\/\",\"url\":\"https:\/\/addio.eu\/fr\/produit\/drb-9012-8-std\/\",\"name\":\"DRB 9012-8 STD - Addio Electronics\",\"isPartOf\":{\"@id\":\"https:\/\/addio.eu\/fr\/#website\"},\"primaryImageOfPage\":{\"@id\":\"https:\/\/addio.eu\/fr\/produit\/drb-9012-8-std\/#primaryimage\"},\"image\":{\"@id\":\"https:\/\/addio.eu\/fr\/produit\/drb-9012-8-std\/#primaryimage\"},\"thumbnailUrl\":\"https:\/\/addio.eu\/wp-content\/uploads\/2025\/03\/IMG_1788-scaled.jpg\",\"datePublished\":\"2025-03-24T09:47:26+00:00\",\"dateModified\":\"2026-02-10T16:48:04+00:00\",\"breadcrumb\":{\"@id\":\"https:\/\/addio.eu\/fr\/produit\/drb-9012-8-std\/#breadcrumb\"},\"inLanguage\":\"fr-FR\",\"potentialAction\":[{\"@type\":\"ReadAction\",\"target\":[\"https:\/\/addio.eu\/fr\/produit\/drb-9012-8-std\/\"]}]},{\"@type\":\"ImageObject\",\"inLanguage\":\"fr-FR\",\"@id\":\"https:\/\/addio.eu\/fr\/produit\/drb-9012-8-std\/#primaryimage\",\"url\":\"https:\/\/addio.eu\/wp-content\/uploads\/2025\/03\/IMG_1788-scaled.jpg\",\"contentUrl\":\"https:\/\/addio.eu\/wp-content\/uploads\/2025\/03\/IMG_1788-scaled.jpg\",\"width\":2560,\"height\":1654},{\"@type\":\"BreadcrumbList\",\"@id\":\"https:\/\/addio.eu\/fr\/produit\/drb-9012-8-std\/#breadcrumb\",\"itemListElement\":[{\"@type\":\"ListItem\",\"position\":1,\"name\":\"Home\",\"item\":\"https:\/\/addio.eu\/fr\/page-daccueil-addio\/\"},{\"@type\":\"ListItem\",\"position\":2,\"name\":\"Produits\",\"item\":\"https:\/\/addio.eu\/fr\/produits\/\"},{\"@type\":\"ListItem\",\"position\":3,\"name\":\"DRB 9012-8 STD\"}]},{\"@type\":\"WebSite\",\"@id\":\"https:\/\/addio.eu\/fr\/#website\",\"url\":\"https:\/\/addio.eu\/fr\/\",\"name\":\"addio.eu\",\"description\":\"\",\"publisher\":{\"@id\":\"https:\/\/addio.eu\/fr\/#organization\"},\"potentialAction\":[{\"@type\":\"SearchAction\",\"target\":{\"@type\":\"EntryPoint\",\"urlTemplate\":\"https:\/\/addio.eu\/fr\/?s={search_term_string}\"},\"query-input\":{\"@type\":\"PropertyValueSpecification\",\"valueRequired\":true,\"valueName\":\"search_term_string\"}}],\"inLanguage\":\"fr-FR\"},{\"@type\":\"Organization\",\"@id\":\"https:\/\/addio.eu\/fr\/#organization\",\"name\":\"Addio electronics\",\"url\":\"https:\/\/addio.eu\/fr\/\",\"logo\":{\"@type\":\"ImageObject\",\"inLanguage\":\"fr-FR\",\"@id\":\"https:\/\/addio.eu\/fr\/#\/schema\/logo\/image\/\",\"url\":\"https:\/\/addio.eu\/wp-content\/uploads\/2024\/10\/Lager_1-1.svg\",\"contentUrl\":\"https:\/\/addio.eu\/wp-content\/uploads\/2024\/10\/Lager_1-1.svg\",\"caption\":\"Addio electronics\"},\"image\":{\"@id\":\"https:\/\/addio.eu\/fr\/#\/schema\/logo\/image\/\"},\"sameAs\":[\"https:\/\/www.facebook.com\/AddioElectronicsAB\/\",\"https:\/\/www.linkedin.com\/company\/addio-electronics-ab\"]}]}<\/script>\n<!-- \/ Yoast SEO plugin. -->","yoast_head_json":{"title":"DRB 9012-8 STD - Addio Electronics","robots":{"index":"index","follow":"follow","max-snippet":"max-snippet:-1","max-image-preview":"max-image-preview:large","max-video-preview":"max-video-preview:-1"},"canonical":"https:\/\/addio.eu\/fr\/produit\/drb-9012-8-std\/","og_locale":"fr_FR","og_type":"article","og_title":"DRB 9012-8 STD - Addio Electronics","og_description":"Le DRB 9012-8 STD est notre unit\u00e9 optimis\u00e9e en co\u00fbt avec 8 sorties et 8 entr\u00e9es, et un courant total continu de 90 amp\u00e8res r\u00e9parti sur toutes les sorties. Compar\u00e9 aux unit\u00e9s ADV, le STD ne dispose pas de communication CANBus, pas de pont en H int\u00e9gr\u00e9 (contr\u00f4le moteur), pas de LED par sortie et pas de r\u00e9sistances de tirage int\u00e9gr\u00e9es sur les entr\u00e9es pour les signaux d'entr\u00e9e GND.L'unit\u00e9 STD ne peut pas \u00eatre contr\u00f4l\u00e9e par nos panneaux de commutation ou t\u00e9l\u00e9commandes car elle ne dispose d'aucun port CAN\/COM.   Comme tous nos DRB, le 9012-8 STD offre une large gamme de fonctionnalit\u00e9s telles que :  Fonctions de relais comme flash, variateur et minuterie  Fonction de fusible via des commutateurs haute intensit\u00e9  Protection de la batterie par minuteries ou protection de tension, individuellement par sortie  Fonctions logiques bas\u00e9es sur des r\u00e8gles  Jusqu'\u00e0 trois fonctions diff\u00e9rentes par sortie, telles que fixe ou clignotante Les sorties sont prot\u00e9g\u00e9es num\u00e9riquement jusqu'\u00e0 25 amp\u00e8res par sortie (r\u00e9glable par intervalles de 5 A)","og_url":"https:\/\/addio.eu\/fr\/produit\/drb-9012-8-std\/","og_site_name":"Addio Electronics","article_publisher":"https:\/\/www.facebook.com\/AddioElectronicsAB\/","article_modified_time":"2026-02-10T16:48:04+00:00","og_image":[{"width":2560,"height":1654,"url":"https:\/\/addio.eu\/wp-content\/uploads\/2025\/03\/IMG_1788-scaled.jpg","type":"image\/jpeg"}],"twitter_card":"summary_large_image","twitter_misc":{"Dur\u00e9e de lecture estim\u00e9e":"1 minute"},"schema":{"@context":"https:\/\/schema.org","@graph":[{"@type":"WebPage","@id":"https:\/\/addio.eu\/fr\/produit\/drb-9012-8-std\/","url":"https:\/\/addio.eu\/fr\/produit\/drb-9012-8-std\/","name":"DRB 9012-8 STD - Addio Electronics","isPartOf":{"@id":"https:\/\/addio.eu\/fr\/#website"},"primaryImageOfPage":{"@id":"https:\/\/addio.eu\/fr\/produit\/drb-9012-8-std\/#primaryimage"},"image":{"@id":"https:\/\/addio.eu\/fr\/produit\/drb-9012-8-std\/#primaryimage"},"thumbnailUrl":"https:\/\/addio.eu\/wp-content\/uploads\/2025\/03\/IMG_1788-scaled.jpg","datePublished":"2025-03-24T09:47:26+00:00","dateModified":"2026-02-10T16:48:04+00:00","breadcrumb":{"@id":"https:\/\/addio.eu\/fr\/produit\/drb-9012-8-std\/#breadcrumb"},"inLanguage":"fr-FR","potentialAction":[{"@type":"ReadAction","target":["https:\/\/addio.eu\/fr\/produit\/drb-9012-8-std\/"]}]},{"@type":"ImageObject","inLanguage":"fr-FR","@id":"https:\/\/addio.eu\/fr\/produit\/drb-9012-8-std\/#primaryimage","url":"https:\/\/addio.eu\/wp-content\/uploads\/2025\/03\/IMG_1788-scaled.jpg","contentUrl":"https:\/\/addio.eu\/wp-content\/uploads\/2025\/03\/IMG_1788-scaled.jpg","width":2560,"height":1654},{"@type":"BreadcrumbList","@id":"https:\/\/addio.eu\/fr\/produit\/drb-9012-8-std\/#breadcrumb","itemListElement":[{"@type":"ListItem","position":1,"name":"Home","item":"https:\/\/addio.eu\/fr\/page-daccueil-addio\/"},{"@type":"ListItem","position":2,"name":"Produits","item":"https:\/\/addio.eu\/fr\/produits\/"},{"@type":"ListItem","position":3,"name":"DRB 9012-8 STD"}]},{"@type":"WebSite","@id":"https:\/\/addio.eu\/fr\/#website","url":"https:\/\/addio.eu\/fr\/","name":"addio.eu","description":"","publisher":{"@id":"https:\/\/addio.eu\/fr\/#organization"},"potentialAction":[{"@type":"SearchAction","target":{"@type":"EntryPoint","urlTemplate":"https:\/\/addio.eu\/fr\/?s={search_term_string}"},"query-input":{"@type":"PropertyValueSpecification","valueRequired":true,"valueName":"search_term_string"}}],"inLanguage":"fr-FR"},{"@type":"Organization","@id":"https:\/\/addio.eu\/fr\/#organization","name":"Addio electronics","url":"https:\/\/addio.eu\/fr\/","logo":{"@type":"ImageObject","inLanguage":"fr-FR","@id":"https:\/\/addio.eu\/fr\/#\/schema\/logo\/image\/","url":"https:\/\/addio.eu\/wp-content\/uploads\/2024\/10\/Lager_1-1.svg","contentUrl":"https:\/\/addio.eu\/wp-content\/uploads\/2024\/10\/Lager_1-1.svg","caption":"Addio electronics"},"image":{"@id":"https:\/\/addio.eu\/fr\/#\/schema\/logo\/image\/"},"sameAs":["https:\/\/www.facebook.com\/AddioElectronicsAB\/","https:\/\/www.linkedin.com\/company\/addio-electronics-ab"]}]}},"_links":{"self":[{"href":"https:\/\/addio.eu\/fr\/wp-json\/wp\/v2\/product\/11262","targetHints":{"allow":["GET"]}}],"collection":[{"href":"https:\/\/addio.eu\/fr\/wp-json\/wp\/v2\/product"}],"about":[{"href":"https:\/\/addio.eu\/fr\/wp-json\/wp\/v2\/types\/product"}],"replies":[{"embeddable":true,"href":"https:\/\/addio.eu\/fr\/wp-json\/wp\/v2\/comments?post=11262"}],"wp:featuredmedia":[{"embeddable":true,"href":"https:\/\/addio.eu\/fr\/wp-json\/wp\/v2\/media\/11269"}],"wp:attachment":[{"href":"https:\/\/addio.eu\/fr\/wp-json\/wp\/v2\/media?parent=11262"}],"wp:term":[{"taxonomy":"product_brand","embeddable":true,"href":"https:\/\/addio.eu\/fr\/wp-json\/wp\/v2\/product_brand?post=11262"},{"taxonomy":"product_cat","embeddable":true,"href":"https:\/\/addio.eu\/fr\/wp-json\/wp\/v2\/product_cat?post=11262"},{"taxonomy":"product_tag","embeddable":true,"href":"https:\/\/addio.eu\/fr\/wp-json\/wp\/v2\/product_tag?post=11262"}],"curies":[{"name":"wp","href":"https:\/\/api.w.org\/{rel}","templated":true}]}}