{"id":11091,"date":"2025-02-04T13:00:24","date_gmt":"2025-02-04T13:00:24","guid":{"rendered":"https:\/\/addio.eu\/product\/drb-1612-4-adv\/"},"modified":"2026-02-10T17:02:35","modified_gmt":"2026-02-10T17:02:35","slug":"drb-1612-4-adv","status":"publish","type":"product","link":"https:\/\/addio.eu\/fr\/produit\/drb-1612-4-adv\/","title":{"rendered":"DRB 1612-4 ADV"},"content":{"rendered":"<p>Pour les fonctions automatis\u00e9es, l&rsquo;Addio CAN Master peut \u00eatre utilis\u00e9 pour l&rsquo;int\u00e9gration avec les signaux du v\u00e9hicule.<\/p>\n<p>Le DRB est configur\u00e9 via notre logiciel ADDIO CC.<\/p>\n<table width=\"360\">\n<tbody>\n<tr>\n<td width=\"234\">Mod\u00e8le<\/td>\n<td width=\"126\">DRB-1612-4 ADV<\/td>\n<\/tr>\n<tr>\n<td width=\"234\">Alimentation \u00e9lectrique<\/td>\n<td width=\"126\">10-22 VDC<\/td>\n<\/tr>\n<tr>\n<td width=\"234\">Consommation \u00e9lectrique interne (approximative) Mode normal aucune sortie active \/ Mode veille<\/td>\n<td width=\"126\">~20mA\/~4mA<\/td>\n<\/tr>\n<tr>\n<td width=\"234\">Protection contre la sous-tension (r\u00e9glable)<\/td>\n<td width=\"126\">10-13V, pas de 0,5V<\/td>\n<\/tr>\n<tr>\n<td width=\"234\">Protection contre la surtension (r\u00e9glable)<\/td>\n<td width=\"126\">16-26V, pas de 2V<\/td>\n<\/tr>\n<tr>\n<td width=\"234\">Courant total max. 1 minute<\/td>\n<td width=\"126\">24A<\/td>\n<\/tr>\n<tr>\n<td width=\"234\">Courant total max. continu<\/td>\n<td width=\"126\">16A<\/td>\n<\/tr>\n<tr>\n<td width=\"234\">Nombre total d&rsquo;entr\u00e9es<\/td>\n<td width=\"126\">6 pcs<\/td>\n<\/tr>\n<tr>\n<td width=\"234\">Entr\u00e9es num\u00e9riques<\/td>\n<td width=\"126\">6 sur 6 pcs<\/td>\n<\/tr>\n<tr>\n<td width=\"234\">Entr\u00e9es analogiques<\/td>\n<td width=\"126\">2 sur 6 pcs<\/td>\n<\/tr>\n<tr>\n<td width=\"234\">R\u00e9sistance d&rsquo;entr\u00e9e @12V<\/td>\n<td width=\"126\">22k\u03a9<\/td>\n<\/tr>\n<tr>\n<td width=\"234\">Connexions entr\u00e9es (bornes \u00e0 vis d\u00e9brochables)<\/td>\n<td width=\"126\">8 p\u00f4les inc. +\/-<\/td>\n<\/tr>\n<tr>\n<td width=\"234\">Nombre de sorties<\/td>\n<td width=\"126\">4 pi\u00e8ces<\/td>\n<\/tr>\n<tr>\n<td width=\"234\">Connexion sorties<\/td>\n<td width=\"126\">Borne \u00e0 vis 6 p\u00f4les inc.<\/td>\n<\/tr>\n<tr>\n<td width=\"234\">Taille de fusible A, sorties<\/td>\n<td width=\"126\">1, 2, 3, 4, 5, 6.<\/td>\n<\/tr>\n<tr>\n<td width=\"234\">Connexion alimentation \u00e9lectrique<\/td>\n<td width=\"126\">Borne \u00e0 vis 2p<\/td>\n<\/tr>\n<tr>\n<td width=\"234\">Bluetooth<\/td>\n<td width=\"126\">Oui, accessoire<\/td>\n<\/tr>\n<tr>\n<td width=\"234\">Contr\u00f4le moteur H-Bridge (courant pr\u00e9l.)<\/td>\n<td width=\"126\">Non<\/td>\n<\/tr>\n<tr>\n<td width=\"234\">Indication d&rsquo;erreur<\/td>\n<td width=\"126\">Non<\/td>\n<\/tr>\n<tr>\n<td width=\"234\">LED par sortie (couleur r\u00e9glable)<\/td>\n<td width=\"126\">Non<\/td>\n<\/tr>\n<tr>\n<td width=\"234\">Bus de communication (bus CAN)<\/td>\n<td width=\"126\">Oui 1pcs RJ10<\/td>\n<\/tr>\n<tr>\n<td width=\"234\">Connexions ordinateur<\/td>\n<td width=\"126\">USB Micro<\/td>\n<\/tr>\n<tr>\n<td width=\"234\">Signaux de mise \u00e0 la terre<\/td>\n<td width=\"126\">Oui avec pull up interne Entr\u00e9e 5-6<\/td>\n<\/tr>\n<tr>\n<td width=\"234\">T\u00e9l\u00e9commande, panneaux de commutation, capteurs, etc.<\/td>\n<td width=\"126\">Oui, en tant qu&rsquo;accessoire<\/td>\n<\/tr>\n<tr>\n<td width=\"234\">Taille (mm)<\/td>\n<td width=\"126\">66x74x21<\/td>\n<\/tr>\n<tr>\n<td width=\"234\">Poids<\/td>\n<td width=\"126\">50 g<\/td>\n<\/tr>\n<\/tbody>\n<\/table>\n<p>&nbsp;<\/p>\n","protected":false},"excerpt":{"rendered":"<p class=\"\" data-start=\"112\" data-end=\"430\">Le DRB 1612-4 ADV est notre plus petite unit\u00e9 avec 4 sorties et 6 entr\u00e9es, et un courant total continu de 16 amp\u00e8res r\u00e9parti sur toutes les sorties.<\/p>\n<p>Comme tous nos DRB, le 1612-ADV offre une large gamme de fonctionnalit\u00e9s telles que :<\/p>\n<ul>\n<li>Fonctions de relais comme flash, variateur et minuterie<\/li>\n<li>Fonction de fusible via des commutateurs haute intensit\u00e9<\/li>\n<li>Protection de la batterie par minuteries ou protection de tension, individuellement par sortie<\/li>\n<li>Fonctions logiques bas\u00e9es sur des r\u00e8gles<\/li>\n<li>Jusqu&rsquo;\u00e0 trois fonctions diff\u00e9rentes par sortie, telles que fixe ou clignotante<\/li>\n<\/ul>\n<p class=\"\" data-start=\"112\" data-end=\"430\">Les sorties sont prot\u00e9g\u00e9es num\u00e9riquement jusqu&rsquo;\u00e0 6 amp\u00e8res par sortie (r\u00e9glable entre 2-6A).<\/p>\n<p class=\"\" data-start=\"112\" data-end=\"430\">L&rsquo;unit\u00e9 est tr\u00e8s facile \u00e0 placer car elle ne mesure qu&rsquo;environ 7&#215;7 cm et ne p\u00e8se que 50 grammes.<\/p>\n<p class=\"\" data-start=\"432\" data-end=\"679\">L&rsquo;unit\u00e9 est id\u00e9alement contr\u00f4l\u00e9e par notre panneau de commande \u00e0 4 boutons (accessoire) connect\u00e9 via bus CAN, mais des commutateurs r\u00e9guliers ou d&rsquo;autres types de signaux, \u00e0 la fois num\u00e9riques (haut\/bas) et analogiques (tensions variables), peuvent \u00e9galement \u00eatre configur\u00e9s pour contr\u00f4ler chaque sortie.<\/p>\n","protected":false},"featured_media":11106,"comment_status":"open","ping_status":"closed","template":"","meta":[],"product_brand":[],"product_cat":[165],"product_tag":[166,167,168,169],"class_list":{"0":"post-11091","1":"product","2":"type-product","3":"status-publish","4":"has-post-thumbnail","6":"product_cat-boitiers-de-relais-numeriques","7":"product_tag-12v","8":"product_tag-2-ports-can","9":"product_tag-4-sorties","10":"product_tag-6-entrees","12":"first","13":"instock","14":"shipping-taxable","15":"product-type-simple"},"yoast_head":"<!-- This site is optimized with the Yoast SEO plugin v26.0 - https:\/\/yoast.com\/wordpress\/plugins\/seo\/ -->\n<title>DRB 1612-4 ADV - Addio Electronics<\/title>\n<meta name=\"robots\" content=\"index, follow, max-snippet:-1, max-image-preview:large, max-video-preview:-1\" \/>\n<link rel=\"canonical\" href=\"https:\/\/addio.eu\/fr\/produit\/drb-1612-4-adv\/\" \/>\n<meta property=\"og:locale\" content=\"fr_FR\" \/>\n<meta property=\"og:type\" content=\"article\" \/>\n<meta property=\"og:title\" content=\"DRB 1612-4 ADV - Addio Electronics\" \/>\n<meta property=\"og:description\" content=\"Le DRB 1612-4 ADV est notre plus petite unit\u00e9 avec 4 sorties et 6 entr\u00e9es, et un courant total continu de 16 amp\u00e8res r\u00e9parti sur toutes les sorties. Comme tous nos DRB, le 1612-ADV offre une large gamme de fonctionnalit\u00e9s telles que :  Fonctions de relais comme flash, variateur et minuterie  Fonction de fusible via des commutateurs haute intensit\u00e9  Protection de la batterie par minuteries ou protection de tension, individuellement par sortie  Fonctions logiques bas\u00e9es sur des r\u00e8gles  Jusqu&#039;\u00e0 trois fonctions diff\u00e9rentes par sortie, telles que fixe ou clignotante Les sorties sont prot\u00e9g\u00e9es num\u00e9riquement jusqu&#039;\u00e0 6 amp\u00e8res par sortie (r\u00e9glable entre 2-6A). L&#039;unit\u00e9 est tr\u00e8s facile \u00e0 placer car elle ne mesure qu&#039;environ 7x7 cm et ne p\u00e8se que 50 grammes. L&#039;unit\u00e9 est id\u00e9alement contr\u00f4l\u00e9e par notre panneau de commande \u00e0 4 boutons (accessoire) connect\u00e9 via bus CAN, mais des commutateurs r\u00e9guliers ou d&#039;autres types de signaux, \u00e0 la fois num\u00e9riques (haut\/bas) et analogiques (tensions variables), peuvent \u00e9galement \u00eatre configur\u00e9s pour contr\u00f4ler chaque sortie.\" \/>\n<meta property=\"og:url\" content=\"https:\/\/addio.eu\/fr\/produit\/drb-1612-4-adv\/\" \/>\n<meta property=\"og:site_name\" content=\"Addio Electronics\" \/>\n<meta property=\"article:publisher\" content=\"https:\/\/www.facebook.com\/AddioElectronicsAB\/\" \/>\n<meta property=\"article:modified_time\" content=\"2026-02-10T17:02:35+00:00\" \/>\n<meta property=\"og:image\" content=\"https:\/\/addio.eu\/wp-content\/uploads\/2025\/02\/IMG_1706-scaled.jpg\" \/>\n\t<meta property=\"og:image:width\" content=\"2560\" \/>\n\t<meta property=\"og:image:height\" content=\"1920\" \/>\n\t<meta property=\"og:image:type\" content=\"image\/jpeg\" \/>\n<meta name=\"twitter:card\" content=\"summary_large_image\" \/>\n<meta name=\"twitter:label1\" content=\"Dur\u00e9e de lecture estim\u00e9e\" \/>\n\t<meta name=\"twitter:data1\" content=\"1 minute\" \/>\n<script type=\"application\/ld+json\" class=\"yoast-schema-graph\">{\"@context\":\"https:\/\/schema.org\",\"@graph\":[{\"@type\":\"WebPage\",\"@id\":\"https:\/\/addio.eu\/fr\/produit\/drb-1612-4-adv\/\",\"url\":\"https:\/\/addio.eu\/fr\/produit\/drb-1612-4-adv\/\",\"name\":\"DRB 1612-4 ADV - Addio Electronics\",\"isPartOf\":{\"@id\":\"https:\/\/addio.eu\/fr\/#website\"},\"primaryImageOfPage\":{\"@id\":\"https:\/\/addio.eu\/fr\/produit\/drb-1612-4-adv\/#primaryimage\"},\"image\":{\"@id\":\"https:\/\/addio.eu\/fr\/produit\/drb-1612-4-adv\/#primaryimage\"},\"thumbnailUrl\":\"https:\/\/addio.eu\/wp-content\/uploads\/2025\/02\/IMG_1706-scaled.jpg\",\"datePublished\":\"2025-02-04T13:00:24+00:00\",\"dateModified\":\"2026-02-10T17:02:35+00:00\",\"breadcrumb\":{\"@id\":\"https:\/\/addio.eu\/fr\/produit\/drb-1612-4-adv\/#breadcrumb\"},\"inLanguage\":\"fr-FR\",\"potentialAction\":[{\"@type\":\"ReadAction\",\"target\":[\"https:\/\/addio.eu\/fr\/produit\/drb-1612-4-adv\/\"]}]},{\"@type\":\"ImageObject\",\"inLanguage\":\"fr-FR\",\"@id\":\"https:\/\/addio.eu\/fr\/produit\/drb-1612-4-adv\/#primaryimage\",\"url\":\"https:\/\/addio.eu\/wp-content\/uploads\/2025\/02\/IMG_1706-scaled.jpg\",\"contentUrl\":\"https:\/\/addio.eu\/wp-content\/uploads\/2025\/02\/IMG_1706-scaled.jpg\",\"width\":2560,\"height\":1920},{\"@type\":\"BreadcrumbList\",\"@id\":\"https:\/\/addio.eu\/fr\/produit\/drb-1612-4-adv\/#breadcrumb\",\"itemListElement\":[{\"@type\":\"ListItem\",\"position\":1,\"name\":\"Home\",\"item\":\"https:\/\/addio.eu\/fr\/page-daccueil-addio\/\"},{\"@type\":\"ListItem\",\"position\":2,\"name\":\"Produits\",\"item\":\"https:\/\/addio.eu\/fr\/produits\/\"},{\"@type\":\"ListItem\",\"position\":3,\"name\":\"DRB 1612-4 ADV\"}]},{\"@type\":\"WebSite\",\"@id\":\"https:\/\/addio.eu\/fr\/#website\",\"url\":\"https:\/\/addio.eu\/fr\/\",\"name\":\"addio.eu\",\"description\":\"\",\"publisher\":{\"@id\":\"https:\/\/addio.eu\/fr\/#organization\"},\"potentialAction\":[{\"@type\":\"SearchAction\",\"target\":{\"@type\":\"EntryPoint\",\"urlTemplate\":\"https:\/\/addio.eu\/fr\/?s={search_term_string}\"},\"query-input\":{\"@type\":\"PropertyValueSpecification\",\"valueRequired\":true,\"valueName\":\"search_term_string\"}}],\"inLanguage\":\"fr-FR\"},{\"@type\":\"Organization\",\"@id\":\"https:\/\/addio.eu\/fr\/#organization\",\"name\":\"Addio electronics\",\"url\":\"https:\/\/addio.eu\/fr\/\",\"logo\":{\"@type\":\"ImageObject\",\"inLanguage\":\"fr-FR\",\"@id\":\"https:\/\/addio.eu\/fr\/#\/schema\/logo\/image\/\",\"url\":\"https:\/\/addio.eu\/wp-content\/uploads\/2024\/10\/Lager_1-1.svg\",\"contentUrl\":\"https:\/\/addio.eu\/wp-content\/uploads\/2024\/10\/Lager_1-1.svg\",\"caption\":\"Addio electronics\"},\"image\":{\"@id\":\"https:\/\/addio.eu\/fr\/#\/schema\/logo\/image\/\"},\"sameAs\":[\"https:\/\/www.facebook.com\/AddioElectronicsAB\/\",\"https:\/\/www.linkedin.com\/company\/addio-electronics-ab\"]}]}<\/script>\n<!-- \/ Yoast SEO plugin. -->","yoast_head_json":{"title":"DRB 1612-4 ADV - Addio Electronics","robots":{"index":"index","follow":"follow","max-snippet":"max-snippet:-1","max-image-preview":"max-image-preview:large","max-video-preview":"max-video-preview:-1"},"canonical":"https:\/\/addio.eu\/fr\/produit\/drb-1612-4-adv\/","og_locale":"fr_FR","og_type":"article","og_title":"DRB 1612-4 ADV - Addio Electronics","og_description":"Le DRB 1612-4 ADV est notre plus petite unit\u00e9 avec 4 sorties et 6 entr\u00e9es, et un courant total continu de 16 amp\u00e8res r\u00e9parti sur toutes les sorties. Comme tous nos DRB, le 1612-ADV offre une large gamme de fonctionnalit\u00e9s telles que :  Fonctions de relais comme flash, variateur et minuterie  Fonction de fusible via des commutateurs haute intensit\u00e9  Protection de la batterie par minuteries ou protection de tension, individuellement par sortie  Fonctions logiques bas\u00e9es sur des r\u00e8gles  Jusqu'\u00e0 trois fonctions diff\u00e9rentes par sortie, telles que fixe ou clignotante Les sorties sont prot\u00e9g\u00e9es num\u00e9riquement jusqu'\u00e0 6 amp\u00e8res par sortie (r\u00e9glable entre 2-6A). L'unit\u00e9 est tr\u00e8s facile \u00e0 placer car elle ne mesure qu'environ 7x7 cm et ne p\u00e8se que 50 grammes. L'unit\u00e9 est id\u00e9alement contr\u00f4l\u00e9e par notre panneau de commande \u00e0 4 boutons (accessoire) connect\u00e9 via bus CAN, mais des commutateurs r\u00e9guliers ou d'autres types de signaux, \u00e0 la fois num\u00e9riques (haut\/bas) et analogiques (tensions variables), peuvent \u00e9galement \u00eatre configur\u00e9s pour contr\u00f4ler chaque sortie.","og_url":"https:\/\/addio.eu\/fr\/produit\/drb-1612-4-adv\/","og_site_name":"Addio Electronics","article_publisher":"https:\/\/www.facebook.com\/AddioElectronicsAB\/","article_modified_time":"2026-02-10T17:02:35+00:00","og_image":[{"width":2560,"height":1920,"url":"https:\/\/addio.eu\/wp-content\/uploads\/2025\/02\/IMG_1706-scaled.jpg","type":"image\/jpeg"}],"twitter_card":"summary_large_image","twitter_misc":{"Dur\u00e9e de lecture estim\u00e9e":"1 minute"},"schema":{"@context":"https:\/\/schema.org","@graph":[{"@type":"WebPage","@id":"https:\/\/addio.eu\/fr\/produit\/drb-1612-4-adv\/","url":"https:\/\/addio.eu\/fr\/produit\/drb-1612-4-adv\/","name":"DRB 1612-4 ADV - Addio Electronics","isPartOf":{"@id":"https:\/\/addio.eu\/fr\/#website"},"primaryImageOfPage":{"@id":"https:\/\/addio.eu\/fr\/produit\/drb-1612-4-adv\/#primaryimage"},"image":{"@id":"https:\/\/addio.eu\/fr\/produit\/drb-1612-4-adv\/#primaryimage"},"thumbnailUrl":"https:\/\/addio.eu\/wp-content\/uploads\/2025\/02\/IMG_1706-scaled.jpg","datePublished":"2025-02-04T13:00:24+00:00","dateModified":"2026-02-10T17:02:35+00:00","breadcrumb":{"@id":"https:\/\/addio.eu\/fr\/produit\/drb-1612-4-adv\/#breadcrumb"},"inLanguage":"fr-FR","potentialAction":[{"@type":"ReadAction","target":["https:\/\/addio.eu\/fr\/produit\/drb-1612-4-adv\/"]}]},{"@type":"ImageObject","inLanguage":"fr-FR","@id":"https:\/\/addio.eu\/fr\/produit\/drb-1612-4-adv\/#primaryimage","url":"https:\/\/addio.eu\/wp-content\/uploads\/2025\/02\/IMG_1706-scaled.jpg","contentUrl":"https:\/\/addio.eu\/wp-content\/uploads\/2025\/02\/IMG_1706-scaled.jpg","width":2560,"height":1920},{"@type":"BreadcrumbList","@id":"https:\/\/addio.eu\/fr\/produit\/drb-1612-4-adv\/#breadcrumb","itemListElement":[{"@type":"ListItem","position":1,"name":"Home","item":"https:\/\/addio.eu\/fr\/page-daccueil-addio\/"},{"@type":"ListItem","position":2,"name":"Produits","item":"https:\/\/addio.eu\/fr\/produits\/"},{"@type":"ListItem","position":3,"name":"DRB 1612-4 ADV"}]},{"@type":"WebSite","@id":"https:\/\/addio.eu\/fr\/#website","url":"https:\/\/addio.eu\/fr\/","name":"addio.eu","description":"","publisher":{"@id":"https:\/\/addio.eu\/fr\/#organization"},"potentialAction":[{"@type":"SearchAction","target":{"@type":"EntryPoint","urlTemplate":"https:\/\/addio.eu\/fr\/?s={search_term_string}"},"query-input":{"@type":"PropertyValueSpecification","valueRequired":true,"valueName":"search_term_string"}}],"inLanguage":"fr-FR"},{"@type":"Organization","@id":"https:\/\/addio.eu\/fr\/#organization","name":"Addio electronics","url":"https:\/\/addio.eu\/fr\/","logo":{"@type":"ImageObject","inLanguage":"fr-FR","@id":"https:\/\/addio.eu\/fr\/#\/schema\/logo\/image\/","url":"https:\/\/addio.eu\/wp-content\/uploads\/2024\/10\/Lager_1-1.svg","contentUrl":"https:\/\/addio.eu\/wp-content\/uploads\/2024\/10\/Lager_1-1.svg","caption":"Addio electronics"},"image":{"@id":"https:\/\/addio.eu\/fr\/#\/schema\/logo\/image\/"},"sameAs":["https:\/\/www.facebook.com\/AddioElectronicsAB\/","https:\/\/www.linkedin.com\/company\/addio-electronics-ab"]}]}},"_links":{"self":[{"href":"https:\/\/addio.eu\/fr\/wp-json\/wp\/v2\/product\/11091","targetHints":{"allow":["GET"]}}],"collection":[{"href":"https:\/\/addio.eu\/fr\/wp-json\/wp\/v2\/product"}],"about":[{"href":"https:\/\/addio.eu\/fr\/wp-json\/wp\/v2\/types\/product"}],"replies":[{"embeddable":true,"href":"https:\/\/addio.eu\/fr\/wp-json\/wp\/v2\/comments?post=11091"}],"wp:featuredmedia":[{"embeddable":true,"href":"https:\/\/addio.eu\/fr\/wp-json\/wp\/v2\/media\/11106"}],"wp:attachment":[{"href":"https:\/\/addio.eu\/fr\/wp-json\/wp\/v2\/media?parent=11091"}],"wp:term":[{"taxonomy":"product_brand","embeddable":true,"href":"https:\/\/addio.eu\/fr\/wp-json\/wp\/v2\/product_brand?post=11091"},{"taxonomy":"product_cat","embeddable":true,"href":"https:\/\/addio.eu\/fr\/wp-json\/wp\/v2\/product_cat?post=11091"},{"taxonomy":"product_tag","embeddable":true,"href":"https:\/\/addio.eu\/fr\/wp-json\/wp\/v2\/product_tag?post=11091"}],"curies":[{"name":"wp","href":"https:\/\/api.w.org\/{rel}","templated":true}]}}