{"id":9004,"date":"2025-04-03T08:20:46","date_gmt":"2025-04-03T08:20:46","guid":{"rendered":"https:\/\/addio.eu\/politique-de-confidentialite-de-car-electric-ble-remote\/"},"modified":"2025-10-07T11:23:06","modified_gmt":"2025-10-07T11:23:06","slug":"politique-de-confidentialite-de-car-electric-ble-remote","status":"publish","type":"page","link":"https:\/\/addio.eu\/fr\/politique-de-confidentialite-de-car-electric-ble-remote\/","title":{"rendered":"Politique de confidentialit\u00e9 de \u00ab\u00a0car electric &#8211; BLE remote\u00a0\u00bb"},"content":{"rendered":"\t\t<div data-elementor-type=\"wp-page\" data-elementor-id=\"9004\" class=\"elementor elementor-9004 elementor-6270\" data-elementor-post-type=\"page\">\n\t\t\t\t<div class=\"elementor-element elementor-element-0c2cb60 e-flex e-con-boxed e-con e-parent\" data-id=\"0c2cb60\" data-element_type=\"container\">\n\t\t\t\t\t<div class=\"e-con-inner\">\n\t\t\t\t<div class=\"elementor-element elementor-element-758cfa2 elementor-widget elementor-widget-heading\" data-id=\"758cfa2\" data-element_type=\"widget\" data-widget_type=\"heading.default\">\n\t\t\t\t<div class=\"elementor-widget-container\">\n\t\t\t\t\t<h1 class=\"elementor-heading-title elementor-size-default\">Politique de confidentialit\u00e9 de \u00ab\u00a0car electric &#8211; BLE remote\u00a0\u00bb<\/h1>\t\t\t\t<\/div>\n\t\t\t\t<\/div>\n\t\t<div class=\"elementor-element elementor-element-1f616ec e-con-full e-flex e-con e-child\" data-id=\"1f616ec\" data-element_type=\"container\">\n\t\t<div class=\"elementor-element elementor-element-8e80135 e-con-full e-flex e-con e-child\" data-id=\"8e80135\" data-element_type=\"container\">\n\t\t\t\t<div class=\"elementor-element elementor-element-17537e1 elementor-widget elementor-widget-text-editor\" data-id=\"17537e1\" data-element_type=\"widget\" data-widget_type=\"text-editor.default\">\n\t\t\t\t<div class=\"elementor-widget-container\">\n\t\t\t\t\t\t\t\t\t<p>Cette application est d\u00e9velopp\u00e9e et maintenue par Addio Electronics AB. Cette application collecte certaines donn\u00e9es personnelles de ses utilisateurs. <\/p><p><br>Ce document peut \u00eatre imprim\u00e9 pour r\u00e9f\u00e9rence en utilisant la commande d&rsquo;impression dans les param\u00e8tres de n&rsquo;importe quel navigateur.<\/p><p><br><b>R\u00e9sum\u00e9 de la politique<br>Donn\u00e9es personnelles trait\u00e9es aux fins suivantes et en utilisant les services suivants :<br>Interactions bas\u00e9es sur la localisation<br>G\u00e9olocalisation et g\u00e9olocalisation non continue<br>Donn\u00e9es personnelles : position g\u00e9ographique<\/b><\/p><p><br><b>Politique compl\u00e8te<br>Addio Electronics AB a d\u00e9velopp\u00e9 l&rsquo;application Car Electric &#8211; BLE Remote en tant qu&rsquo;application gratuite. Ce SERVICE est fourni gratuitement par Addio Electronics AB et est destin\u00e9 \u00e0 \u00eatre utilis\u00e9 tel quel. De plus, cette application est d\u00e9velopp\u00e9e pour les clients d\u00e9di\u00e9s qui utilisent notre produit \u00e9lectronique appel\u00e9 Digital Relay Box.<\/b>  <\/p><p><br>Cette page est utilis\u00e9e pour informer les visiteurs de nos politiques concernant la collecte, l&rsquo;utilisation et la divulgation des informations personnelles si quelqu&rsquo;un d\u00e9cide d&rsquo;utiliser notre Service.<\/p><p><br>Si vous choisissez d&rsquo;utiliser notre Service, vous acceptez la collecte et l&rsquo;utilisation d&rsquo;informations en relation avec cette politique. Les informations personnelles que nous collectons sont utilis\u00e9es pour fournir et am\u00e9liorer le Service. Nous n&rsquo;utiliserons ni ne partagerons vos informations avec quiconque, sauf dans les cas d\u00e9crits dans cette politique de confidentialit\u00e9.  <\/p><p><br>Les termes utilis\u00e9s dans cette politique de confidentialit\u00e9 ont la m\u00eame signification que dans nos conditions g\u00e9n\u00e9rales, accessibles sur Car Electric &#8211; BLE Remote, sauf d\u00e9finition contraire dans cette politique de confidentialit\u00e9.<\/p><p><b>Collecte et utilisation des informations<br>Pour une meilleure exp\u00e9rience, lors de l&rsquo;utilisation de notre Service, nous pouvons vous demander de nous fournir certaines informations personnellement identifiables, y compris, mais sans s&rsquo;y limiter, Bluetooth, Stockage, G\u00e9olocalisation. Les informations que nous demandons seront conserv\u00e9es par nous et utilis\u00e9es comme d\u00e9crit dans cette politique de confidentialit\u00e9.<\/b> <\/p><p><br>L&rsquo;application utilise des services tiers qui peuvent collecter des informations utilis\u00e9es pour vous identifier.<br>Lien vers la politique de confidentialit\u00e9 des fournisseurs de services tiers utilis\u00e9s par l&rsquo;application<br>https:\/\/policies.google.com\/privacy<\/p><p><br><b>Services Google Play<\/b><\/p><p><b>Donn\u00e9es de journal<br>Nous souhaitons vous informer que chaque fois que vous utilisez notre Service, en cas d&rsquo;erreur dans l&rsquo;application, nous collectons des donn\u00e9es et des informations (via des produits tiers) sur votre t\u00e9l\u00e9phone appel\u00e9es donn\u00e9es de journal. Ces donn\u00e9es de journal peuvent inclure des informations telles que l&rsquo;adresse de protocole Internet (\u00ab\u00a0IP\u00a0\u00bb) de votre appareil, le nom de l&rsquo;appareil, la version du syst\u00e8me d&rsquo;exploitation, la configuration de l&rsquo;application lors de l&rsquo;utilisation de notre Service, l&rsquo;heure et la date de votre utilisation du Service, et d&rsquo;autres statistiques.<\/b> <\/p><p><b>Cookies<\/b><br>Les cookies sont des fichiers contenant une petite quantit\u00e9 de donn\u00e9es qui sont couramment utilis\u00e9s comme identifiants uniques anonymes. Ils sont envoy\u00e9s \u00e0 votre navigateur par les sites Web que vous visitez et sont stock\u00e9s dans la m\u00e9moire interne de votre appareil.<br>Ce Service n&rsquo;utilise pas explicitement ces \u00ab\u00a0cookies\u00a0\u00bb. Cependant, l&rsquo;application peut utiliser du code et des biblioth\u00e8ques tiers qui utilisent des \u00ab\u00a0cookies\u00a0\u00bb pour collecter des informations et am\u00e9liorer leurs services. Vous avez la possibilit\u00e9 d&rsquo;accepter ou de refuser ces cookies et de savoir quand un cookie est envoy\u00e9 \u00e0 votre appareil. Si vous choisissez de refuser nos cookies, vous ne pourrez peut-\u00eatre pas utiliser certaines parties de ce Service.    <\/p><p><b>Prestataires de services<br>Nous pouvons employer des soci\u00e9t\u00e9s tierces et des individus pour les raisons suivantes :<br>Pour faciliter notre Service ;<br>Pour fournir le Service en notre nom ;<br>Pour effectuer des services li\u00e9s au Service ; ou<br>Pour nous aider \u00e0 analyser l&rsquo;utilisation de notre Service.<br>Nous souhaitons informer les utilisateurs de ce Service que ces tiers ont acc\u00e8s \u00e0 vos informations personnelles. La raison est d&rsquo;effectuer les t\u00e2ches qui leur sont assign\u00e9es en notre nom. Cependant, ils sont tenus de ne pas divulguer ou utiliser les informations \u00e0 d&rsquo;autres fins.<\/b>  <\/p><p><b>S\u00e9curit\u00e9<\/b><br>Nous appr\u00e9cions votre confiance en nous fournissant vos informations personnelles, c&rsquo;est pourquoi nous nous effor\u00e7ons d&rsquo;utiliser des moyens commercialement acceptables pour les prot\u00e9ger. Mais n&rsquo;oubliez pas qu&rsquo;aucune m\u00e9thode de transmission sur Internet ou m\u00e9thode de stockage \u00e9lectronique n&rsquo;est s\u00fbre et fiable \u00e0 100 %, et nous ne pouvons garantir sa s\u00e9curit\u00e9 absolue. <\/p><p><b>Liens vers d&rsquo;autres sites<br>Ce Service peut contenir des liens vers d&rsquo;autres sites. Si vous cliquez sur un lien tiers, vous serez dirig\u00e9 vers ce site. Notez que ces sites externes ne sont pas exploit\u00e9s par nous. Par cons\u00e9quent, nous vous conseillons vivement de consulter la politique de confidentialit\u00e9 de ces sites Web. Nous n&rsquo;avons aucun contr\u00f4le et n&rsquo;assumons aucune responsabilit\u00e9 pour le contenu, les politiques de confidentialit\u00e9 ou les pratiques de tout site ou service tiers.<\/b>    <\/p><p><b>Confidentialit\u00e9 des enfants<br>Ces Services ne s&rsquo;adressent \u00e0 personne de moins de 13 ans. Nous ne collectons pas sciemment d&rsquo;informations personnellement identifiables aupr\u00e8s d&rsquo;enfants de moins de 13 ans. Dans le cas o\u00f9 nous d\u00e9couvrons qu&rsquo;un enfant de moins de 13 ans nous a fourni des informations personnelles, nous les supprimons imm\u00e9diatement de nos serveurs. Si vous \u00eates un parent ou un tuteur et que vous savez que votre enfant nous a fourni des informations personnelles, veuillez nous contacter afin que nous puissions prendre les mesures n\u00e9cessaires.<\/b>   <\/p><p><b>Modifications de cette politique de confidentialit\u00e9<br>Nous pouvons mettre \u00e0 jour notre politique de confidentialit\u00e9 de temps \u00e0 autre. Ainsi, il vous est conseill\u00e9 de consulter cette page p\u00e9riodiquement pour tout changement. Nous vous informerons de tout changement en publiant la nouvelle politique de confidentialit\u00e9 sur cette page.<br>Cette politique est effective \u00e0 partir du 28-02-2022<\/b>  <\/p><p><b>Nous contacter<br>Si vous avez des questions ou des suggestions concernant notre politique de confidentialit\u00e9, n&rsquo;h\u00e9sitez pas \u00e0 nous contacter \u00e0 info@addio.eu.<\/b><\/p>\t\t\t\t\t\t\t\t<\/div>\n\t\t\t\t<\/div>\n\t\t\t\t<\/div>\n\t\t<div class=\"elementor-element elementor-element-1c4e995 e-con-full e-flex e-con e-child\" data-id=\"1c4e995\" data-element_type=\"container\">\n\t\t\t\t<div class=\"elementor-element elementor-element-37670bc elementor-icon-list--layout-traditional elementor-list-item-link-full_width elementor-widget elementor-widget-icon-list\" data-id=\"37670bc\" data-element_type=\"widget\" data-widget_type=\"icon-list.default\">\n\t\t\t\t<div class=\"elementor-widget-container\">\n\t\t\t\t\t\t\t<ul class=\"elementor-icon-list-items\">\n\t\t\t\t\t\t\t<li class=\"elementor-icon-list-item\">\n\t\t\t\t\t\t\t\t\t\t\t<a href=\"https:\/\/addio.eu\/cookie-policy\/\">\n\n\t\t\t\t\t\t\t\t\t\t\t\t<span class=\"elementor-icon-list-icon\">\n\t\t\t\t\t\t\t<svg xmlns=\"http:\/\/www.w3.org\/2000\/svg\" width=\"24\" height=\"24\" viewBox=\"0 0 24 24\" fill=\"none\"><path d=\"M17.9199 6.62C17.8185 6.37565 17.6243 6.18147 17.3799 6.08C17.2597 6.02876 17.1306 6.00158 16.9999 6H6.99994C6.73472 6 6.48037 6.10536 6.29283 6.29289C6.1053 6.48043 5.99994 6.73478 5.99994 7C5.99994 7.26522 6.1053 7.51957 6.29283 7.70711C6.48037 7.89464 6.73472 8 6.99994 8H14.5899L6.28994 16.29C6.19621 16.383 6.12182 16.4936 6.07105 16.6154C6.02028 16.7373 5.99414 16.868 5.99414 17C5.99414 17.132 6.02028 17.2627 6.07105 17.3846C6.12182 17.5064 6.19621 17.617 6.28994 17.71C6.3829 17.8037 6.4935 17.8781 6.61536 17.9289C6.73722 17.9797 6.86793 18.0058 6.99994 18.0058C7.13195 18.0058 7.26266 17.9797 7.38452 17.9289C7.50638 17.8781 7.61698 17.8037 7.70994 17.71L15.9999 9.41V17C15.9999 17.2652 16.1053 17.5196 16.2928 17.7071C16.4804 17.8946 16.7347 18 16.9999 18C17.2652 18 17.5195 17.8946 17.707 17.7071C17.8946 17.5196 17.9999 17.2652 17.9999 17V7C17.9984 6.86932 17.9712 6.74022 17.9199 6.62Z\" fill=\"#393939\"><\/path><\/svg>\t\t\t\t\t\t<\/span>\n\t\t\t\t\t\t\t\t\t\t<span class=\"elementor-icon-list-text\">Politique de cookies<\/span>\n\t\t\t\t\t\t\t\t\t\t\t<\/a>\n\t\t\t\t\t\t\t\t\t<\/li>\n\t\t\t\t\t\t<\/ul>\n\t\t\t\t\t\t<\/div>\n\t\t\t\t<\/div>\n\t\t\t\t<div class=\"elementor-element elementor-element-270a44c elementor-icon-list--layout-traditional elementor-list-item-link-full_width elementor-widget elementor-widget-icon-list\" data-id=\"270a44c\" data-element_type=\"widget\" data-widget_type=\"icon-list.default\">\n\t\t\t\t<div class=\"elementor-widget-container\">\n\t\t\t\t\t\t\t<ul class=\"elementor-icon-list-items\">\n\t\t\t\t\t\t\t<li class=\"elementor-icon-list-item\">\n\t\t\t\t\t\t\t\t\t\t\t<a href=\"https:\/\/addio.eu\/privacy-policy\/\">\n\n\t\t\t\t\t\t\t\t\t\t\t\t<span class=\"elementor-icon-list-icon\">\n\t\t\t\t\t\t\t<svg xmlns=\"http:\/\/www.w3.org\/2000\/svg\" width=\"24\" height=\"24\" viewBox=\"0 0 24 24\" fill=\"none\"><path d=\"M17.9199 6.62C17.8185 6.37565 17.6243 6.18147 17.3799 6.08C17.2597 6.02876 17.1306 6.00158 16.9999 6H6.99994C6.73472 6 6.48037 6.10536 6.29283 6.29289C6.1053 6.48043 5.99994 6.73478 5.99994 7C5.99994 7.26522 6.1053 7.51957 6.29283 7.70711C6.48037 7.89464 6.73472 8 6.99994 8H14.5899L6.28994 16.29C6.19621 16.383 6.12182 16.4936 6.07105 16.6154C6.02028 16.7373 5.99414 16.868 5.99414 17C5.99414 17.132 6.02028 17.2627 6.07105 17.3846C6.12182 17.5064 6.19621 17.617 6.28994 17.71C6.3829 17.8037 6.4935 17.8781 6.61536 17.9289C6.73722 17.9797 6.86793 18.0058 6.99994 18.0058C7.13195 18.0058 7.26266 17.9797 7.38452 17.9289C7.50638 17.8781 7.61698 17.8037 7.70994 17.71L15.9999 9.41V17C15.9999 17.2652 16.1053 17.5196 16.2928 17.7071C16.4804 17.8946 16.7347 18 16.9999 18C17.2652 18 17.5195 17.8946 17.707 17.7071C17.8946 17.5196 17.9999 17.2652 17.9999 17V7C17.9984 6.86932 17.9712 6.74022 17.9199 6.62Z\" fill=\"#393939\"><\/path><\/svg>\t\t\t\t\t\t<\/span>\n\t\t\t\t\t\t\t\t\t\t<span class=\"elementor-icon-list-text\">Politique de confidentialit\u00e9<\/span>\n\t\t\t\t\t\t\t\t\t\t\t<\/a>\n\t\t\t\t\t\t\t\t\t<\/li>\n\t\t\t\t\t\t<\/ul>\n\t\t\t\t\t\t<\/div>\n\t\t\t\t<\/div>\n\t\t\t\t<div class=\"elementor-element elementor-element-8af7789 elementor-icon-list--layout-traditional elementor-list-item-link-full_width elementor-widget elementor-widget-icon-list\" data-id=\"8af7789\" data-element_type=\"widget\" data-widget_type=\"icon-list.default\">\n\t\t\t\t<div class=\"elementor-widget-container\">\n\t\t\t\t\t\t\t<ul class=\"elementor-icon-list-items\">\n\t\t\t\t\t\t\t<li class=\"elementor-icon-list-item\">\n\t\t\t\t\t\t\t\t\t\t\t<a href=\"https:\/\/addio.eu\/terms-and-conditions\/\">\n\n\t\t\t\t\t\t\t\t\t\t\t\t<span class=\"elementor-icon-list-icon\">\n\t\t\t\t\t\t\t<svg xmlns=\"http:\/\/www.w3.org\/2000\/svg\" width=\"24\" height=\"24\" viewBox=\"0 0 24 24\" fill=\"none\"><path d=\"M17.9199 6.62C17.8185 6.37565 17.6243 6.18147 17.3799 6.08C17.2597 6.02876 17.1306 6.00158 16.9999 6H6.99994C6.73472 6 6.48037 6.10536 6.29283 6.29289C6.1053 6.48043 5.99994 6.73478 5.99994 7C5.99994 7.26522 6.1053 7.51957 6.29283 7.70711C6.48037 7.89464 6.73472 8 6.99994 8H14.5899L6.28994 16.29C6.19621 16.383 6.12182 16.4936 6.07105 16.6154C6.02028 16.7373 5.99414 16.868 5.99414 17C5.99414 17.132 6.02028 17.2627 6.07105 17.3846C6.12182 17.5064 6.19621 17.617 6.28994 17.71C6.3829 17.8037 6.4935 17.8781 6.61536 17.9289C6.73722 17.9797 6.86793 18.0058 6.99994 18.0058C7.13195 18.0058 7.26266 17.9797 7.38452 17.9289C7.50638 17.8781 7.61698 17.8037 7.70994 17.71L15.9999 9.41V17C15.9999 17.2652 16.1053 17.5196 16.2928 17.7071C16.4804 17.8946 16.7347 18 16.9999 18C17.2652 18 17.5195 17.8946 17.707 17.7071C17.8946 17.5196 17.9999 17.2652 17.9999 17V7C17.9984 6.86932 17.9712 6.74022 17.9199 6.62Z\" fill=\"#393939\"><\/path><\/svg>\t\t\t\t\t\t<\/span>\n\t\t\t\t\t\t\t\t\t\t<span class=\"elementor-icon-list-text\">Conditions g\u00e9n\u00e9rales<\/span>\n\t\t\t\t\t\t\t\t\t\t\t<\/a>\n\t\t\t\t\t\t\t\t\t<\/li>\n\t\t\t\t\t\t<\/ul>\n\t\t\t\t\t\t<\/div>\n\t\t\t\t<\/div>\n\t\t\t\t<\/div>\n\t\t\t\t<\/div>\n\t\t\t\t\t<\/div>\n\t\t\t\t<\/div>\n\t\t\t\t<\/div>\n\t\t","protected":false},"excerpt":{"rendered":"<p>Cette application est d\u00e9velopp\u00e9e et maintenue par Addio Electronics AB. Cette application collecte certaines donn\u00e9es personnelles de ses utilisateurs. Ce document peut \u00eatre imprim\u00e9 pour r\u00e9f\u00e9rence en utilisant la commande d&rsquo;impression dans les param\u00e8tres de n&rsquo;importe quel navigateur. R\u00e9sum\u00e9 de la politiqueDonn\u00e9es personnelles trait\u00e9es aux fins suivantes et en utilisant les services suivants :Interactions bas\u00e9es [&hellip;]<\/p>\n","protected":false},"author":1,"featured_media":0,"parent":0,"menu_order":0,"comment_status":"closed","ping_status":"closed","template":"","meta":{"footnotes":""},"class_list":["post-9004","page","type-page","status-publish","hentry"],"yoast_head":"<!-- This site is optimized with the Yoast SEO plugin v26.0 - https:\/\/yoast.com\/wordpress\/plugins\/seo\/ -->\n<title>Politique de confidentialit\u00e9 de &quot;car electric - BLE remote&quot; - Addio Electronics<\/title>\n<meta name=\"robots\" content=\"index, follow, max-snippet:-1, max-image-preview:large, max-video-preview:-1\" \/>\n<link rel=\"canonical\" href=\"https:\/\/addio.eu\/fr\/politique-de-confidentialite-de-car-electric-ble-remote\/\" \/>\n<meta property=\"og:locale\" content=\"fr_FR\" \/>\n<meta property=\"og:type\" content=\"article\" \/>\n<meta property=\"og:title\" content=\"Politique de confidentialit\u00e9 de &quot;car electric - BLE remote&quot; - Addio Electronics\" \/>\n<meta property=\"og:description\" content=\"Cette application est d\u00e9velopp\u00e9e et maintenue par Addio Electronics AB. Cette application collecte certaines donn\u00e9es personnelles de ses utilisateurs. Ce document peut \u00eatre imprim\u00e9 pour r\u00e9f\u00e9rence en utilisant la commande d&rsquo;impression dans les param\u00e8tres de n&rsquo;importe quel navigateur. R\u00e9sum\u00e9 de la politiqueDonn\u00e9es personnelles trait\u00e9es aux fins suivantes et en utilisant les services suivants :Interactions bas\u00e9es [&hellip;]\" \/>\n<meta property=\"og:url\" content=\"https:\/\/addio.eu\/fr\/politique-de-confidentialite-de-car-electric-ble-remote\/\" \/>\n<meta property=\"og:site_name\" content=\"Addio Electronics\" \/>\n<meta property=\"article:publisher\" content=\"https:\/\/www.facebook.com\/AddioElectronicsAB\/\" \/>\n<meta property=\"article:modified_time\" content=\"2025-10-07T11:23:06+00:00\" \/>\n<meta name=\"twitter:card\" content=\"summary_large_image\" \/>\n<meta name=\"twitter:label1\" content=\"Dur\u00e9e de lecture estim\u00e9e\" \/>\n\t<meta name=\"twitter:data1\" content=\"5 minute\" \/>\n<script type=\"application\/ld+json\" class=\"yoast-schema-graph\">{\"@context\":\"https:\/\/schema.org\",\"@graph\":[{\"@type\":\"WebPage\",\"@id\":\"https:\/\/addio.eu\/fr\/politique-de-confidentialite-de-car-electric-ble-remote\/\",\"url\":\"https:\/\/addio.eu\/fr\/politique-de-confidentialite-de-car-electric-ble-remote\/\",\"name\":\"Politique de confidentialit\u00e9 de \\\"car electric - BLE remote\\\" - Addio Electronics\",\"isPartOf\":{\"@id\":\"https:\/\/addio.eu\/fr\/#website\"},\"datePublished\":\"2025-04-03T08:20:46+00:00\",\"dateModified\":\"2025-10-07T11:23:06+00:00\",\"breadcrumb\":{\"@id\":\"https:\/\/addio.eu\/fr\/politique-de-confidentialite-de-car-electric-ble-remote\/#breadcrumb\"},\"inLanguage\":\"fr-FR\",\"potentialAction\":[{\"@type\":\"ReadAction\",\"target\":[\"https:\/\/addio.eu\/fr\/politique-de-confidentialite-de-car-electric-ble-remote\/\"]}]},{\"@type\":\"BreadcrumbList\",\"@id\":\"https:\/\/addio.eu\/fr\/politique-de-confidentialite-de-car-electric-ble-remote\/#breadcrumb\",\"itemListElement\":[{\"@type\":\"ListItem\",\"position\":1,\"name\":\"Home\",\"item\":\"https:\/\/addio.eu\/fr\/page-daccueil-addio\/\"},{\"@type\":\"ListItem\",\"position\":2,\"name\":\"Politique de confidentialit\u00e9 de \u00ab\u00a0car electric &#8211; BLE remote\u00a0\u00bb\"}]},{\"@type\":\"WebSite\",\"@id\":\"https:\/\/addio.eu\/fr\/#website\",\"url\":\"https:\/\/addio.eu\/fr\/\",\"name\":\"addio.eu\",\"description\":\"\",\"publisher\":{\"@id\":\"https:\/\/addio.eu\/fr\/#organization\"},\"potentialAction\":[{\"@type\":\"SearchAction\",\"target\":{\"@type\":\"EntryPoint\",\"urlTemplate\":\"https:\/\/addio.eu\/fr\/?s={search_term_string}\"},\"query-input\":{\"@type\":\"PropertyValueSpecification\",\"valueRequired\":true,\"valueName\":\"search_term_string\"}}],\"inLanguage\":\"fr-FR\"},{\"@type\":\"Organization\",\"@id\":\"https:\/\/addio.eu\/fr\/#organization\",\"name\":\"Addio electronics\",\"url\":\"https:\/\/addio.eu\/fr\/\",\"logo\":{\"@type\":\"ImageObject\",\"inLanguage\":\"fr-FR\",\"@id\":\"https:\/\/addio.eu\/fr\/#\/schema\/logo\/image\/\",\"url\":\"https:\/\/addio.eu\/wp-content\/uploads\/2024\/10\/Lager_1-1.svg\",\"contentUrl\":\"https:\/\/addio.eu\/wp-content\/uploads\/2024\/10\/Lager_1-1.svg\",\"caption\":\"Addio electronics\"},\"image\":{\"@id\":\"https:\/\/addio.eu\/fr\/#\/schema\/logo\/image\/\"},\"sameAs\":[\"https:\/\/www.facebook.com\/AddioElectronicsAB\/\",\"https:\/\/www.linkedin.com\/company\/addio-electronics-ab\"]}]}<\/script>\n<!-- \/ Yoast SEO plugin. -->","yoast_head_json":{"title":"Politique de confidentialit\u00e9 de \"car electric - BLE remote\" - Addio Electronics","robots":{"index":"index","follow":"follow","max-snippet":"max-snippet:-1","max-image-preview":"max-image-preview:large","max-video-preview":"max-video-preview:-1"},"canonical":"https:\/\/addio.eu\/fr\/politique-de-confidentialite-de-car-electric-ble-remote\/","og_locale":"fr_FR","og_type":"article","og_title":"Politique de confidentialit\u00e9 de \"car electric - BLE remote\" - Addio Electronics","og_description":"Cette application est d\u00e9velopp\u00e9e et maintenue par Addio Electronics AB. Cette application collecte certaines donn\u00e9es personnelles de ses utilisateurs. Ce document peut \u00eatre imprim\u00e9 pour r\u00e9f\u00e9rence en utilisant la commande d&rsquo;impression dans les param\u00e8tres de n&rsquo;importe quel navigateur. R\u00e9sum\u00e9 de la politiqueDonn\u00e9es personnelles trait\u00e9es aux fins suivantes et en utilisant les services suivants :Interactions bas\u00e9es [&hellip;]","og_url":"https:\/\/addio.eu\/fr\/politique-de-confidentialite-de-car-electric-ble-remote\/","og_site_name":"Addio Electronics","article_publisher":"https:\/\/www.facebook.com\/AddioElectronicsAB\/","article_modified_time":"2025-10-07T11:23:06+00:00","twitter_card":"summary_large_image","twitter_misc":{"Dur\u00e9e de lecture estim\u00e9e":"5 minute"},"schema":{"@context":"https:\/\/schema.org","@graph":[{"@type":"WebPage","@id":"https:\/\/addio.eu\/fr\/politique-de-confidentialite-de-car-electric-ble-remote\/","url":"https:\/\/addio.eu\/fr\/politique-de-confidentialite-de-car-electric-ble-remote\/","name":"Politique de confidentialit\u00e9 de \"car electric - BLE remote\" - Addio Electronics","isPartOf":{"@id":"https:\/\/addio.eu\/fr\/#website"},"datePublished":"2025-04-03T08:20:46+00:00","dateModified":"2025-10-07T11:23:06+00:00","breadcrumb":{"@id":"https:\/\/addio.eu\/fr\/politique-de-confidentialite-de-car-electric-ble-remote\/#breadcrumb"},"inLanguage":"fr-FR","potentialAction":[{"@type":"ReadAction","target":["https:\/\/addio.eu\/fr\/politique-de-confidentialite-de-car-electric-ble-remote\/"]}]},{"@type":"BreadcrumbList","@id":"https:\/\/addio.eu\/fr\/politique-de-confidentialite-de-car-electric-ble-remote\/#breadcrumb","itemListElement":[{"@type":"ListItem","position":1,"name":"Home","item":"https:\/\/addio.eu\/fr\/page-daccueil-addio\/"},{"@type":"ListItem","position":2,"name":"Politique de confidentialit\u00e9 de \u00ab\u00a0car electric &#8211; BLE remote\u00a0\u00bb"}]},{"@type":"WebSite","@id":"https:\/\/addio.eu\/fr\/#website","url":"https:\/\/addio.eu\/fr\/","name":"addio.eu","description":"","publisher":{"@id":"https:\/\/addio.eu\/fr\/#organization"},"potentialAction":[{"@type":"SearchAction","target":{"@type":"EntryPoint","urlTemplate":"https:\/\/addio.eu\/fr\/?s={search_term_string}"},"query-input":{"@type":"PropertyValueSpecification","valueRequired":true,"valueName":"search_term_string"}}],"inLanguage":"fr-FR"},{"@type":"Organization","@id":"https:\/\/addio.eu\/fr\/#organization","name":"Addio electronics","url":"https:\/\/addio.eu\/fr\/","logo":{"@type":"ImageObject","inLanguage":"fr-FR","@id":"https:\/\/addio.eu\/fr\/#\/schema\/logo\/image\/","url":"https:\/\/addio.eu\/wp-content\/uploads\/2024\/10\/Lager_1-1.svg","contentUrl":"https:\/\/addio.eu\/wp-content\/uploads\/2024\/10\/Lager_1-1.svg","caption":"Addio electronics"},"image":{"@id":"https:\/\/addio.eu\/fr\/#\/schema\/logo\/image\/"},"sameAs":["https:\/\/www.facebook.com\/AddioElectronicsAB\/","https:\/\/www.linkedin.com\/company\/addio-electronics-ab"]}]}},"_links":{"self":[{"href":"https:\/\/addio.eu\/fr\/wp-json\/wp\/v2\/pages\/9004","targetHints":{"allow":["GET"]}}],"collection":[{"href":"https:\/\/addio.eu\/fr\/wp-json\/wp\/v2\/pages"}],"about":[{"href":"https:\/\/addio.eu\/fr\/wp-json\/wp\/v2\/types\/page"}],"author":[{"embeddable":true,"href":"https:\/\/addio.eu\/fr\/wp-json\/wp\/v2\/users\/1"}],"replies":[{"embeddable":true,"href":"https:\/\/addio.eu\/fr\/wp-json\/wp\/v2\/comments?post=9004"}],"version-history":[{"count":1,"href":"https:\/\/addio.eu\/fr\/wp-json\/wp\/v2\/pages\/9004\/revisions"}],"predecessor-version":[{"id":9005,"href":"https:\/\/addio.eu\/fr\/wp-json\/wp\/v2\/pages\/9004\/revisions\/9005"}],"wp:attachment":[{"href":"https:\/\/addio.eu\/fr\/wp-json\/wp\/v2\/media?parent=9004"}],"curies":[{"name":"wp","href":"https:\/\/api.w.org\/{rel}","templated":true}]}}