{"id":13169,"date":"2025-03-24T09:47:26","date_gmt":"2025-03-24T09:47:26","guid":{"rendered":"https:\/\/addio.eu\/product\/drb-9012-8-std\/"},"modified":"2026-02-10T16:48:04","modified_gmt":"2026-02-10T16:48:04","slug":"drb-9012-8-std","status":"publish","type":"product","link":"https:\/\/addio.eu\/fi\/tuote\/drb-9012-8-std\/","title":{"rendered":"DRB 9012-8 STD"},"content":{"rendered":"<table width=\"310\">\n<tbody>\n<tr>\n<td width=\"234\">Malli<\/td>\n<td width=\"76\">DRB-9012-8 STD<\/td>\n<\/tr>\n<tr>\n<td width=\"234\">Virtal\u00e4hde<\/td>\n<td width=\"76\">10-22 VDC<\/td>\n<\/tr>\n<tr>\n<td width=\"234\">Sis\u00e4inen virrankulutus (noin) Normaali tila ei aktiivista l\u00e4ht\u00f6\u00e4 \/ Lepotila<\/td>\n<td width=\"76\">~30mA\/~6mA<\/td>\n<\/tr>\n<tr>\n<td width=\"234\">Alij\u00e4nnitesuoja (s\u00e4\u00e4dett\u00e4v\u00e4)<\/td>\n<td width=\"76\">10-13 V, 0,5 V:n askelin<\/td>\n<\/tr>\n<tr>\n<td width=\"234\">Ylij\u00e4nnitesuoja (s\u00e4\u00e4dett\u00e4v\u00e4)<\/td>\n<td width=\"76\">16-26 V, 2 V:n askelin<\/td>\n<\/tr>\n<tr>\n<td width=\"234\">Maks. kokonaisvirta 1 minuutti<\/td>\n<td width=\"76\">90A<\/td>\n<\/tr>\n<tr>\n<td width=\"234\">Maks. jatkuva kokonaisvirta<\/td>\n<td width=\"76\">70A<\/td>\n<\/tr>\n<tr>\n<td width=\"234\">Tulojen kokonaism\u00e4\u00e4r\u00e4<\/td>\n<td width=\"76\">8 kpl<\/td>\n<\/tr>\n<tr>\n<td width=\"234\">Digitaaliset tulot<\/td>\n<td width=\"76\">8 kpl 8:sta<\/td>\n<\/tr>\n<tr>\n<td width=\"234\">Analogiset tulot<\/td>\n<td width=\"76\">4 \/ 8 kpl<\/td>\n<\/tr>\n<tr>\n<td width=\"234\">Tuloimpedanssi @12V<\/td>\n<td width=\"76\">22 k\u03a9<\/td>\n<\/tr>\n<tr>\n<td width=\"234\">Tuloliit\u00e4nn\u00e4t (irrotettavat ruuviliittimet)<\/td>\n<td width=\"76\">10-napainen sis. +\/-<\/td>\n<\/tr>\n<tr>\n<td width=\"234\">L\u00e4ht\u00f6jen m\u00e4\u00e4r\u00e4<\/td>\n<td width=\"76\">8 kpl<\/td>\n<\/tr>\n<tr>\n<td width=\"234\">L\u00e4ht\u00f6liit\u00e4nn\u00e4t<\/td>\n<td width=\"76\">Kaapelin puristusliitin<\/td>\n<\/tr>\n<tr>\n<td width=\"234\">Sulakkeen koko A, l\u00e4hd\u00f6t<\/td>\n<td width=\"76\">5, 10, 15, 20, (25 vain U7, U8)<\/td>\n<\/tr>\n<tr>\n<td width=\"234\">Virtal\u00e4hteen liit\u00e4nt\u00e4<\/td>\n<td width=\"76\">M5-mutteri<\/td>\n<\/tr>\n<tr>\n<td width=\"234\">Bluetooth<\/td>\n<td width=\"76\">Ei<\/td>\n<\/tr>\n<tr>\n<td width=\"234\">Moottorin ohjaus H-silta (alustava virta)<\/td>\n<td width=\"76\">Ei<\/td>\n<\/tr>\n<tr>\n<td width=\"234\">Virheilmaisin<\/td>\n<td width=\"76\">jaettu RGB LED<\/td>\n<\/tr>\n<tr>\n<td width=\"234\">LED per l\u00e4ht\u00f6 (s\u00e4\u00e4dett\u00e4v\u00e4 v\u00e4ri)<\/td>\n<td width=\"76\">Ei<\/td>\n<\/tr>\n<tr>\n<td width=\"234\">Viestint\u00e4v\u00e4yl\u00e4 (CAN-v\u00e4yl\u00e4)<\/td>\n<td width=\"76\">Ei<\/td>\n<\/tr>\n<tr>\n<td width=\"234\">Tietokoneliit\u00e4nn\u00e4t<\/td>\n<td width=\"76\">USB Mini<\/td>\n<\/tr>\n<tr>\n<td width=\"234\">Maadoitussignaalit<\/td>\n<td width=\"76\">Kyll\u00e4, ulkoisella vastuksella positiiviseen<\/td>\n<\/tr>\n<tr>\n<td width=\"234\">K\u00e4siohjain, kytkintaulut, anturit jne.<\/td>\n<td width=\"76\">Ei<\/td>\n<\/tr>\n<tr>\n<td width=\"234\">Koko (mm)<\/td>\n<td width=\"76\">170x92x21<\/td>\n<\/tr>\n<tr>\n<td width=\"234\">Paino<\/td>\n<td width=\"76\">174g<\/td>\n<\/tr>\n<\/tbody>\n<\/table>\n","protected":false},"excerpt":{"rendered":"<div class=\"elementor-element elementor-element-28a1869 elementor-widget elementor-widget-woocommerce-product-title elementor-page-title elementor-widget-heading\" data-id=\"28a1869\" data-element_type=\"widget\" data-widget_type=\"woocommerce-product-title.default\">\n<div class=\"elementor-widget-container\"><strong><span style=\"font-size: 16px;\">DRB 9012-8 STD on kustannustehokas yksikk\u00f6mme, jossa on 8 l\u00e4ht\u00f6\u00e4 ja 8 tuloa, ja jatkuva kokonaisvirta on 90 ampeeria jaettuna kaikille l\u00e4hd\u00f6ille.<\/span><\/strong><\/div>\n<div><\/div>\n<div class=\"elementor-widget-container\">Verrattuna ADV-yksik\u00f6ihin, STD:ss\u00e4 ei ole CANBus-viestint\u00e4\u00e4, ei sis\u00e4\u00e4nrakennettua H-siltaa (moottorinohjaus), ei LED-valoja per l\u00e4ht\u00f6 eik\u00e4 sis\u00e4\u00e4nrakennettuja pulluppeja GND-tulosignaaleille.<strong>STD-yksikk\u00f6\u00e4 ei voi ohjata kytkinpaneeleillamme tai k\u00e4siohjaimella, koska siin\u00e4 ei ole CAN\/COM-portteja.<\/strong><\/div>\n<\/div>\n<div class=\"elementor-element elementor-element-b951bf8 elementor-widget elementor-widget-woocommerce-product-short-description\" data-id=\"b951bf8\" data-element_type=\"widget\" data-widget_type=\"woocommerce-product-short-description.default\">\n<div class=\"elementor-widget-container\">\n<div class=\"woocommerce-product-details__short-description\">\n<p>Kuten kaikki DRB:mme, 9012-8 STD tarjoaa laajan valikoiman ominaisuuksia, kuten:<\/p>\n<ul>\n<li>Reletoiminnot, kuten vilkku, himmennin ja ajastin<\/li>\n<li>Sulaketoiminto suurvirtakytkimien kautta<\/li>\n<li>Akkusuojaus ajastimien tai j\u00e4nnitesuojauksen avulla, yksil\u00f6llisesti per l\u00e4ht\u00f6<\/li>\n<li>S\u00e4\u00e4nt\u00f6pohjaiset loogiset toiminnot<\/li>\n<li>Jopa kolme eri toimintoa per l\u00e4ht\u00f6, kuten tasainen tai vilkkuva<\/li>\n<\/ul>\n<p class=\"\" data-start=\"112\" data-end=\"430\">L\u00e4hd\u00f6t ovat digitaalisesti suojattuja jopa 25 ampeeriin per l\u00e4ht\u00f6 (s\u00e4\u00e4dett\u00e4viss\u00e4 5 A v\u00e4lein)<\/p>\n<\/div>\n<\/div>\n<\/div>\n","protected":false},"featured_media":13176,"comment_status":"open","ping_status":"closed","template":"","meta":[],"product_brand":[],"product_cat":[170],"product_tag":[171,226,225],"class_list":{"0":"post-13169","1":"product","2":"type-product","3":"status-publish","4":"has-post-thumbnail","6":"product_cat-digitaaliset-releyksikot","7":"product_tag-12v","8":"product_tag-8-lahtoa","9":"product_tag-8-tuloa","11":"first","12":"instock","13":"shipping-taxable","14":"product-type-simple"},"yoast_head":"<!-- This site is optimized with the Yoast SEO plugin v26.0 - https:\/\/yoast.com\/wordpress\/plugins\/seo\/ -->\n<title>DRB 9012-8 STD - Addio Electronics<\/title>\n<meta name=\"robots\" content=\"index, follow, max-snippet:-1, max-image-preview:large, max-video-preview:-1\" \/>\n<link rel=\"canonical\" href=\"https:\/\/addio.eu\/fi\/tuote\/drb-9012-8-std\/\" \/>\n<meta property=\"og:locale\" content=\"fi_FI\" \/>\n<meta property=\"og:type\" content=\"article\" \/>\n<meta property=\"og:title\" content=\"DRB 9012-8 STD - Addio Electronics\" \/>\n<meta property=\"og:description\" content=\"DRB 9012-8 STD on kustannustehokas yksikk\u00f6mme, jossa on 8 l\u00e4ht\u00f6\u00e4 ja 8 tuloa, ja jatkuva kokonaisvirta on 90 ampeeria jaettuna kaikille l\u00e4hd\u00f6ille. Verrattuna ADV-yksik\u00f6ihin, STD:ss\u00e4 ei ole CANBus-viestint\u00e4\u00e4, ei sis\u00e4\u00e4nrakennettua H-siltaa (moottorinohjaus), ei LED-valoja per l\u00e4ht\u00f6 eik\u00e4 sis\u00e4\u00e4nrakennettuja pulluppeja GND-tulosignaaleille.STD-yksikk\u00f6\u00e4 ei voi ohjata kytkinpaneeleillamme tai k\u00e4siohjaimella, koska siin\u00e4 ei ole CAN\/COM-portteja.   Kuten kaikki DRB:mme, 9012-8 STD tarjoaa laajan valikoiman ominaisuuksia, kuten:  Reletoiminnot, kuten vilkku, himmennin ja ajastin  Sulaketoiminto suurvirtakytkimien kautta  Akkusuojaus ajastimien tai j\u00e4nnitesuojauksen avulla, yksil\u00f6llisesti per l\u00e4ht\u00f6  S\u00e4\u00e4nt\u00f6pohjaiset loogiset toiminnot  Jopa kolme eri toimintoa per l\u00e4ht\u00f6, kuten tasainen tai vilkkuva L\u00e4hd\u00f6t ovat digitaalisesti suojattuja jopa 25 ampeeriin per l\u00e4ht\u00f6 (s\u00e4\u00e4dett\u00e4viss\u00e4 5 A v\u00e4lein)\" \/>\n<meta property=\"og:url\" content=\"https:\/\/addio.eu\/fi\/tuote\/drb-9012-8-std\/\" \/>\n<meta property=\"og:site_name\" content=\"Addio Electronics\" \/>\n<meta property=\"article:publisher\" content=\"https:\/\/www.facebook.com\/AddioElectronicsAB\/\" \/>\n<meta property=\"article:modified_time\" content=\"2026-02-10T16:48:04+00:00\" \/>\n<meta property=\"og:image\" content=\"https:\/\/addio.eu\/wp-content\/uploads\/2025\/03\/IMG_1788-scaled.jpg\" \/>\n\t<meta property=\"og:image:width\" content=\"2560\" \/>\n\t<meta property=\"og:image:height\" content=\"1654\" \/>\n\t<meta property=\"og:image:type\" content=\"image\/jpeg\" \/>\n<meta name=\"twitter:card\" content=\"summary_large_image\" \/>\n<meta name=\"twitter:label1\" content=\"Arvioitu lukuaika\" \/>\n\t<meta name=\"twitter:data1\" content=\"1 minuutti\" \/>\n<script type=\"application\/ld+json\" class=\"yoast-schema-graph\">{\"@context\":\"https:\/\/schema.org\",\"@graph\":[{\"@type\":\"WebPage\",\"@id\":\"https:\/\/addio.eu\/fi\/tuote\/drb-9012-8-std\/\",\"url\":\"https:\/\/addio.eu\/fi\/tuote\/drb-9012-8-std\/\",\"name\":\"DRB 9012-8 STD - Addio Electronics\",\"isPartOf\":{\"@id\":\"https:\/\/addio.eu\/fi\/#website\"},\"primaryImageOfPage\":{\"@id\":\"https:\/\/addio.eu\/fi\/tuote\/drb-9012-8-std\/#primaryimage\"},\"image\":{\"@id\":\"https:\/\/addio.eu\/fi\/tuote\/drb-9012-8-std\/#primaryimage\"},\"thumbnailUrl\":\"https:\/\/addio.eu\/wp-content\/uploads\/2025\/03\/IMG_1788-scaled.jpg\",\"datePublished\":\"2025-03-24T09:47:26+00:00\",\"dateModified\":\"2026-02-10T16:48:04+00:00\",\"breadcrumb\":{\"@id\":\"https:\/\/addio.eu\/fi\/tuote\/drb-9012-8-std\/#breadcrumb\"},\"inLanguage\":\"fi\",\"potentialAction\":[{\"@type\":\"ReadAction\",\"target\":[\"https:\/\/addio.eu\/fi\/tuote\/drb-9012-8-std\/\"]}]},{\"@type\":\"ImageObject\",\"inLanguage\":\"fi\",\"@id\":\"https:\/\/addio.eu\/fi\/tuote\/drb-9012-8-std\/#primaryimage\",\"url\":\"https:\/\/addio.eu\/wp-content\/uploads\/2025\/03\/IMG_1788-scaled.jpg\",\"contentUrl\":\"https:\/\/addio.eu\/wp-content\/uploads\/2025\/03\/IMG_1788-scaled.jpg\",\"width\":2560,\"height\":1654},{\"@type\":\"BreadcrumbList\",\"@id\":\"https:\/\/addio.eu\/fi\/tuote\/drb-9012-8-std\/#breadcrumb\",\"itemListElement\":[{\"@type\":\"ListItem\",\"position\":1,\"name\":\"Home\",\"item\":\"https:\/\/addio.eu\/fi\/addion-etusivu\/\"},{\"@type\":\"ListItem\",\"position\":2,\"name\":\"Tuotteet\",\"item\":\"https:\/\/addio.eu\/fi\/tuotteet\/\"},{\"@type\":\"ListItem\",\"position\":3,\"name\":\"DRB 9012-8 STD\"}]},{\"@type\":\"WebSite\",\"@id\":\"https:\/\/addio.eu\/fi\/#website\",\"url\":\"https:\/\/addio.eu\/fi\/\",\"name\":\"addio.eu\",\"description\":\"\",\"publisher\":{\"@id\":\"https:\/\/addio.eu\/fi\/#organization\"},\"potentialAction\":[{\"@type\":\"SearchAction\",\"target\":{\"@type\":\"EntryPoint\",\"urlTemplate\":\"https:\/\/addio.eu\/fi\/?s={search_term_string}\"},\"query-input\":{\"@type\":\"PropertyValueSpecification\",\"valueRequired\":true,\"valueName\":\"search_term_string\"}}],\"inLanguage\":\"fi\"},{\"@type\":\"Organization\",\"@id\":\"https:\/\/addio.eu\/fi\/#organization\",\"name\":\"Addio elektroniikka\",\"url\":\"https:\/\/addio.eu\/fi\/\",\"logo\":{\"@type\":\"ImageObject\",\"inLanguage\":\"fi\",\"@id\":\"https:\/\/addio.eu\/fi\/#\/schema\/logo\/image\/\",\"url\":\"https:\/\/addio.eu\/wp-content\/uploads\/2024\/10\/Lager_1-1.svg\",\"contentUrl\":\"https:\/\/addio.eu\/wp-content\/uploads\/2024\/10\/Lager_1-1.svg\",\"caption\":\"Addio elektroniikka\"},\"image\":{\"@id\":\"https:\/\/addio.eu\/fi\/#\/schema\/logo\/image\/\"},\"sameAs\":[\"https:\/\/www.facebook.com\/AddioElectronicsAB\/\",\"https:\/\/www.linkedin.com\/company\/addio-electronics-ab\"]}]}<\/script>\n<!-- \/ Yoast SEO plugin. -->","yoast_head_json":{"title":"DRB 9012-8 STD - Addio Electronics","robots":{"index":"index","follow":"follow","max-snippet":"max-snippet:-1","max-image-preview":"max-image-preview:large","max-video-preview":"max-video-preview:-1"},"canonical":"https:\/\/addio.eu\/fi\/tuote\/drb-9012-8-std\/","og_locale":"fi_FI","og_type":"article","og_title":"DRB 9012-8 STD - Addio Electronics","og_description":"DRB 9012-8 STD on kustannustehokas yksikk\u00f6mme, jossa on 8 l\u00e4ht\u00f6\u00e4 ja 8 tuloa, ja jatkuva kokonaisvirta on 90 ampeeria jaettuna kaikille l\u00e4hd\u00f6ille. Verrattuna ADV-yksik\u00f6ihin, STD:ss\u00e4 ei ole CANBus-viestint\u00e4\u00e4, ei sis\u00e4\u00e4nrakennettua H-siltaa (moottorinohjaus), ei LED-valoja per l\u00e4ht\u00f6 eik\u00e4 sis\u00e4\u00e4nrakennettuja pulluppeja GND-tulosignaaleille.STD-yksikk\u00f6\u00e4 ei voi ohjata kytkinpaneeleillamme tai k\u00e4siohjaimella, koska siin\u00e4 ei ole CAN\/COM-portteja.   Kuten kaikki DRB:mme, 9012-8 STD tarjoaa laajan valikoiman ominaisuuksia, kuten:  Reletoiminnot, kuten vilkku, himmennin ja ajastin  Sulaketoiminto suurvirtakytkimien kautta  Akkusuojaus ajastimien tai j\u00e4nnitesuojauksen avulla, yksil\u00f6llisesti per l\u00e4ht\u00f6  S\u00e4\u00e4nt\u00f6pohjaiset loogiset toiminnot  Jopa kolme eri toimintoa per l\u00e4ht\u00f6, kuten tasainen tai vilkkuva L\u00e4hd\u00f6t ovat digitaalisesti suojattuja jopa 25 ampeeriin per l\u00e4ht\u00f6 (s\u00e4\u00e4dett\u00e4viss\u00e4 5 A v\u00e4lein)","og_url":"https:\/\/addio.eu\/fi\/tuote\/drb-9012-8-std\/","og_site_name":"Addio Electronics","article_publisher":"https:\/\/www.facebook.com\/AddioElectronicsAB\/","article_modified_time":"2026-02-10T16:48:04+00:00","og_image":[{"width":2560,"height":1654,"url":"https:\/\/addio.eu\/wp-content\/uploads\/2025\/03\/IMG_1788-scaled.jpg","type":"image\/jpeg"}],"twitter_card":"summary_large_image","twitter_misc":{"Arvioitu lukuaika":"1 minuutti"},"schema":{"@context":"https:\/\/schema.org","@graph":[{"@type":"WebPage","@id":"https:\/\/addio.eu\/fi\/tuote\/drb-9012-8-std\/","url":"https:\/\/addio.eu\/fi\/tuote\/drb-9012-8-std\/","name":"DRB 9012-8 STD - Addio Electronics","isPartOf":{"@id":"https:\/\/addio.eu\/fi\/#website"},"primaryImageOfPage":{"@id":"https:\/\/addio.eu\/fi\/tuote\/drb-9012-8-std\/#primaryimage"},"image":{"@id":"https:\/\/addio.eu\/fi\/tuote\/drb-9012-8-std\/#primaryimage"},"thumbnailUrl":"https:\/\/addio.eu\/wp-content\/uploads\/2025\/03\/IMG_1788-scaled.jpg","datePublished":"2025-03-24T09:47:26+00:00","dateModified":"2026-02-10T16:48:04+00:00","breadcrumb":{"@id":"https:\/\/addio.eu\/fi\/tuote\/drb-9012-8-std\/#breadcrumb"},"inLanguage":"fi","potentialAction":[{"@type":"ReadAction","target":["https:\/\/addio.eu\/fi\/tuote\/drb-9012-8-std\/"]}]},{"@type":"ImageObject","inLanguage":"fi","@id":"https:\/\/addio.eu\/fi\/tuote\/drb-9012-8-std\/#primaryimage","url":"https:\/\/addio.eu\/wp-content\/uploads\/2025\/03\/IMG_1788-scaled.jpg","contentUrl":"https:\/\/addio.eu\/wp-content\/uploads\/2025\/03\/IMG_1788-scaled.jpg","width":2560,"height":1654},{"@type":"BreadcrumbList","@id":"https:\/\/addio.eu\/fi\/tuote\/drb-9012-8-std\/#breadcrumb","itemListElement":[{"@type":"ListItem","position":1,"name":"Home","item":"https:\/\/addio.eu\/fi\/addion-etusivu\/"},{"@type":"ListItem","position":2,"name":"Tuotteet","item":"https:\/\/addio.eu\/fi\/tuotteet\/"},{"@type":"ListItem","position":3,"name":"DRB 9012-8 STD"}]},{"@type":"WebSite","@id":"https:\/\/addio.eu\/fi\/#website","url":"https:\/\/addio.eu\/fi\/","name":"addio.eu","description":"","publisher":{"@id":"https:\/\/addio.eu\/fi\/#organization"},"potentialAction":[{"@type":"SearchAction","target":{"@type":"EntryPoint","urlTemplate":"https:\/\/addio.eu\/fi\/?s={search_term_string}"},"query-input":{"@type":"PropertyValueSpecification","valueRequired":true,"valueName":"search_term_string"}}],"inLanguage":"fi"},{"@type":"Organization","@id":"https:\/\/addio.eu\/fi\/#organization","name":"Addio elektroniikka","url":"https:\/\/addio.eu\/fi\/","logo":{"@type":"ImageObject","inLanguage":"fi","@id":"https:\/\/addio.eu\/fi\/#\/schema\/logo\/image\/","url":"https:\/\/addio.eu\/wp-content\/uploads\/2024\/10\/Lager_1-1.svg","contentUrl":"https:\/\/addio.eu\/wp-content\/uploads\/2024\/10\/Lager_1-1.svg","caption":"Addio elektroniikka"},"image":{"@id":"https:\/\/addio.eu\/fi\/#\/schema\/logo\/image\/"},"sameAs":["https:\/\/www.facebook.com\/AddioElectronicsAB\/","https:\/\/www.linkedin.com\/company\/addio-electronics-ab"]}]}},"_links":{"self":[{"href":"https:\/\/addio.eu\/fi\/wp-json\/wp\/v2\/product\/13169","targetHints":{"allow":["GET"]}}],"collection":[{"href":"https:\/\/addio.eu\/fi\/wp-json\/wp\/v2\/product"}],"about":[{"href":"https:\/\/addio.eu\/fi\/wp-json\/wp\/v2\/types\/product"}],"replies":[{"embeddable":true,"href":"https:\/\/addio.eu\/fi\/wp-json\/wp\/v2\/comments?post=13169"}],"wp:featuredmedia":[{"embeddable":true,"href":"https:\/\/addio.eu\/fi\/wp-json\/wp\/v2\/media\/13176"}],"wp:attachment":[{"href":"https:\/\/addio.eu\/fi\/wp-json\/wp\/v2\/media?parent=13169"}],"wp:term":[{"taxonomy":"product_brand","embeddable":true,"href":"https:\/\/addio.eu\/fi\/wp-json\/wp\/v2\/product_brand?post=13169"},{"taxonomy":"product_cat","embeddable":true,"href":"https:\/\/addio.eu\/fi\/wp-json\/wp\/v2\/product_cat?post=13169"},{"taxonomy":"product_tag","embeddable":true,"href":"https:\/\/addio.eu\/fi\/wp-json\/wp\/v2\/product_tag?post=13169"}],"curies":[{"name":"wp","href":"https:\/\/api.w.org\/{rel}","templated":true}]}}