{"id":12995,"date":"2025-03-24T09:43:40","date_gmt":"2025-03-24T09:43:40","guid":{"rendered":"https:\/\/addio.eu\/product\/drb-8012-3-esp\/"},"modified":"2026-02-10T16:55:33","modified_gmt":"2026-02-10T16:55:33","slug":"drb-8012-3-esp","status":"publish","type":"product","link":"https:\/\/addio.eu\/fi\/tuote\/drb-8012-3-esp\/","title":{"rendered":"DRB 8012-3 ESP"},"content":{"rendered":"<p>&nbsp;<\/p>\n<table width=\"310\">\n<tbody>\n<tr>\n<td width=\"234\">Malli<\/td>\n<td width=\"76\">DRB8012-3 ESP<\/td>\n<\/tr>\n<tr>\n<td width=\"234\">Virtal\u00e4hde<\/td>\n<td width=\"76\">10-22 VDC<\/td>\n<\/tr>\n<tr>\n<td width=\"234\">Sis\u00e4inen virrankulutus (noin) Normaalitila ilman aktiivista l\u00e4ht\u00f6\u00e4 \/ Lepotila<\/td>\n<td width=\"76\">~5mA\/~2mA<\/td>\n<\/tr>\n<tr>\n<td width=\"234\">Alij\u00e4nnitesuoja (s\u00e4\u00e4dett\u00e4v\u00e4)<\/td>\n<td width=\"76\">Kiinte\u00e4 10V<\/td>\n<\/tr>\n<tr>\n<td width=\"234\">Ylij\u00e4nnitesuoja (s\u00e4\u00e4dett\u00e4v\u00e4)<\/td>\n<td width=\"76\">Ei<\/td>\n<\/tr>\n<tr>\n<td width=\"234\">Maks. kokonaisvirta 1 minuutti<\/td>\n<td width=\"76\">80A<\/td>\n<\/tr>\n<tr>\n<td width=\"234\">Maks. jatkuva kokonaisvirta<\/td>\n<td width=\"76\">80A<\/td>\n<\/tr>\n<tr>\n<td width=\"234\">Tulojen kokonaism\u00e4\u00e4r\u00e4<\/td>\n<td width=\"76\">3 kpl<\/td>\n<\/tr>\n<tr>\n<td width=\"234\">Digitaaliset tulot<\/td>\n<td width=\"76\">3 \/ 3 kpl<\/td>\n<\/tr>\n<tr>\n<td width=\"234\">Analogiset tulot<\/td>\n<td width=\"76\">0 kpl<\/td>\n<\/tr>\n<tr>\n<td width=\"234\">Tuloimpedanssi @12V<\/td>\n<td width=\"76\">22 k\u03a9<\/td>\n<\/tr>\n<tr>\n<td width=\"234\">Tuloliit\u00e4nn\u00e4t (irrotettavat ruuviliittimet)<\/td>\n<td width=\"76\">10-napainen sis. +\/-<\/td>\n<\/tr>\n<tr>\n<td width=\"234\">L\u00e4ht\u00f6jen m\u00e4\u00e4r\u00e4<\/td>\n<td width=\"76\">3 kpl<\/td>\n<\/tr>\n<tr>\n<td width=\"234\">L\u00e4ht\u00f6liit\u00e4nn\u00e4t<\/td>\n<td width=\"76\">M5-mutteri + puristusliitin<\/td>\n<\/tr>\n<tr>\n<td width=\"234\">Sulakekoko A, l\u00e4hd\u00f6t<\/td>\n<td width=\"76\">L\u00e4ht\u00f6 1 Kiinte\u00e4 80A, L\u00e4hd\u00f6t 2-3 Kiinte\u00e4 6A<\/td>\n<\/tr>\n<tr>\n<td width=\"234\">Virtal\u00e4hteen liit\u00e4nt\u00e4<\/td>\n<td width=\"76\">M5-mutteri<\/td>\n<\/tr>\n<tr>\n<td width=\"234\">Bluetooth<\/td>\n<td width=\"76\">Ei<\/td>\n<\/tr>\n<tr>\n<td width=\"234\">Moottorin ohjaus H-silta (alustava virta)<\/td>\n<td width=\"76\">Ei<\/td>\n<\/tr>\n<tr>\n<td width=\"234\">Virheilmoitus<\/td>\n<td width=\"76\">Ei<\/td>\n<\/tr>\n<tr>\n<td width=\"234\">LED per l\u00e4ht\u00f6 (s\u00e4\u00e4dett\u00e4v\u00e4 v\u00e4ri)<\/td>\n<td width=\"76\">Ei<\/td>\n<\/tr>\n<tr>\n<td width=\"234\">Viestint\u00e4v\u00e4yl\u00e4 (CAN-v\u00e4yl\u00e4)<\/td>\n<td width=\"76\">Kyll\u00e4 1 kpl RJ10<\/td>\n<\/tr>\n<tr>\n<td width=\"234\">Tietokoneliit\u00e4nn\u00e4t<\/td>\n<td width=\"76\">Ei<\/td>\n<\/tr>\n<tr>\n<td width=\"234\">Maadoitussignaalit<\/td>\n<td width=\"76\">Kyll\u00e4, ulkoisella vastuksella positiiviseen<\/td>\n<\/tr>\n<tr>\n<td width=\"234\">K\u00e4siohjain, kytkintaulut, anturit jne.<\/td>\n<td width=\"76\">Ei<\/td>\n<\/tr>\n<tr>\n<td width=\"234\">Koko (mm)<\/td>\n<td width=\"76\">119x57x21<\/td>\n<\/tr>\n<tr>\n<td width=\"234\">Paino<\/td>\n<td width=\"76\"><\/td>\n<\/tr>\n<\/tbody>\n<\/table>\n","protected":false},"excerpt":{"rendered":"<p>T\u00e4m\u00e4 yksikk\u00f6 on kuin eritt\u00e4in tehokas rele, joka pystyy kytkem\u00e4\u00e4n 80 ampeeria yhdess\u00e4 suurtehol\u00e4hd\u00f6ss\u00e4 ja kaksi 6 ampeerin pienj\u00e4nnitel\u00e4ht\u00f6\u00e4. T\u00e4t\u00e4 yksikk\u00f6\u00e4 ei voi konfiguroida, ja sit\u00e4 ohjataan vain CAN-v\u00e4yl\u00e4n kautta tai kolmen tulon avulla. <\/p>\n<p>Yksikk\u00f6\u00e4 voidaan k\u00e4ytt\u00e4\u00e4 ohjaamaan akun p\u00e4\u00e4virran suurtehoisia kuormia varten, esimerkiksi kun tarvitaan hydraulipumpun tai 230 VAC:n invertterin kytkent\u00e4\u00e4.<\/p>\n","protected":false},"featured_media":13004,"comment_status":"open","ping_status":"closed","template":"","meta":[],"product_brand":[],"product_cat":[170],"product_tag":[171,172,395,394],"class_list":{"0":"post-12995","1":"product","2":"type-product","3":"status-publish","4":"has-post-thumbnail","6":"product_cat-digitaaliset-releyksikot","7":"product_tag-12v","8":"product_tag-2-can-porttia","9":"product_tag-3-lahtoa","10":"product_tag-3-tuloa","12":"first","13":"instock","14":"shipping-taxable","15":"product-type-simple"},"yoast_head":"<!-- This site is optimized with the Yoast SEO plugin v26.0 - https:\/\/yoast.com\/wordpress\/plugins\/seo\/ -->\n<title>DRB 8012-3 ESP - Addio Electronics<\/title>\n<meta name=\"robots\" content=\"index, follow, max-snippet:-1, max-image-preview:large, max-video-preview:-1\" \/>\n<link rel=\"canonical\" href=\"https:\/\/addio.eu\/fi\/tuote\/drb-8012-3-esp\/\" \/>\n<meta property=\"og:locale\" content=\"fi_FI\" \/>\n<meta property=\"og:type\" content=\"article\" \/>\n<meta property=\"og:title\" content=\"DRB 8012-3 ESP - Addio Electronics\" \/>\n<meta property=\"og:description\" content=\"T\u00e4m\u00e4 yksikk\u00f6 on kuin eritt\u00e4in tehokas rele, joka pystyy kytkem\u00e4\u00e4n 80 ampeeria yhdess\u00e4 suurtehol\u00e4hd\u00f6ss\u00e4 ja kaksi 6 ampeerin pienj\u00e4nnitel\u00e4ht\u00f6\u00e4. T\u00e4t\u00e4 yksikk\u00f6\u00e4 ei voi konfiguroida, ja sit\u00e4 ohjataan vain CAN-v\u00e4yl\u00e4n kautta tai kolmen tulon avulla.  Yksikk\u00f6\u00e4 voidaan k\u00e4ytt\u00e4\u00e4 ohjaamaan akun p\u00e4\u00e4virran suurtehoisia kuormia varten, esimerkiksi kun tarvitaan hydraulipumpun tai 230 VAC:n invertterin kytkent\u00e4\u00e4.\" \/>\n<meta property=\"og:url\" content=\"https:\/\/addio.eu\/fi\/tuote\/drb-8012-3-esp\/\" \/>\n<meta property=\"og:site_name\" content=\"Addio Electronics\" \/>\n<meta property=\"article:publisher\" content=\"https:\/\/www.facebook.com\/AddioElectronicsAB\/\" \/>\n<meta property=\"article:modified_time\" content=\"2026-02-10T16:55:33+00:00\" \/>\n<meta property=\"og:image\" content=\"https:\/\/addio.eu\/wp-content\/uploads\/2025\/03\/IMG_1729-scaled.jpg\" \/>\n\t<meta property=\"og:image:width\" content=\"2560\" \/>\n\t<meta property=\"og:image:height\" content=\"1211\" \/>\n\t<meta property=\"og:image:type\" content=\"image\/jpeg\" \/>\n<meta name=\"twitter:card\" content=\"summary_large_image\" \/>\n<meta name=\"twitter:label1\" content=\"Arvioitu lukuaika\" \/>\n\t<meta name=\"twitter:data1\" content=\"1 minuutti\" \/>\n<script type=\"application\/ld+json\" class=\"yoast-schema-graph\">{\"@context\":\"https:\/\/schema.org\",\"@graph\":[{\"@type\":\"WebPage\",\"@id\":\"https:\/\/addio.eu\/fi\/tuote\/drb-8012-3-esp\/\",\"url\":\"https:\/\/addio.eu\/fi\/tuote\/drb-8012-3-esp\/\",\"name\":\"DRB 8012-3 ESP - Addio Electronics\",\"isPartOf\":{\"@id\":\"https:\/\/addio.eu\/fi\/#website\"},\"primaryImageOfPage\":{\"@id\":\"https:\/\/addio.eu\/fi\/tuote\/drb-8012-3-esp\/#primaryimage\"},\"image\":{\"@id\":\"https:\/\/addio.eu\/fi\/tuote\/drb-8012-3-esp\/#primaryimage\"},\"thumbnailUrl\":\"https:\/\/addio.eu\/wp-content\/uploads\/2025\/03\/IMG_1729-scaled.jpg\",\"datePublished\":\"2025-03-24T09:43:40+00:00\",\"dateModified\":\"2026-02-10T16:55:33+00:00\",\"breadcrumb\":{\"@id\":\"https:\/\/addio.eu\/fi\/tuote\/drb-8012-3-esp\/#breadcrumb\"},\"inLanguage\":\"fi\",\"potentialAction\":[{\"@type\":\"ReadAction\",\"target\":[\"https:\/\/addio.eu\/fi\/tuote\/drb-8012-3-esp\/\"]}]},{\"@type\":\"ImageObject\",\"inLanguage\":\"fi\",\"@id\":\"https:\/\/addio.eu\/fi\/tuote\/drb-8012-3-esp\/#primaryimage\",\"url\":\"https:\/\/addio.eu\/wp-content\/uploads\/2025\/03\/IMG_1729-scaled.jpg\",\"contentUrl\":\"https:\/\/addio.eu\/wp-content\/uploads\/2025\/03\/IMG_1729-scaled.jpg\",\"width\":2560,\"height\":1211},{\"@type\":\"BreadcrumbList\",\"@id\":\"https:\/\/addio.eu\/fi\/tuote\/drb-8012-3-esp\/#breadcrumb\",\"itemListElement\":[{\"@type\":\"ListItem\",\"position\":1,\"name\":\"Home\",\"item\":\"https:\/\/addio.eu\/fi\/addion-etusivu\/\"},{\"@type\":\"ListItem\",\"position\":2,\"name\":\"Tuotteet\",\"item\":\"https:\/\/addio.eu\/fi\/tuotteet\/\"},{\"@type\":\"ListItem\",\"position\":3,\"name\":\"DRB 8012-3 ESP\"}]},{\"@type\":\"WebSite\",\"@id\":\"https:\/\/addio.eu\/fi\/#website\",\"url\":\"https:\/\/addio.eu\/fi\/\",\"name\":\"addio.eu\",\"description\":\"\",\"publisher\":{\"@id\":\"https:\/\/addio.eu\/fi\/#organization\"},\"potentialAction\":[{\"@type\":\"SearchAction\",\"target\":{\"@type\":\"EntryPoint\",\"urlTemplate\":\"https:\/\/addio.eu\/fi\/?s={search_term_string}\"},\"query-input\":{\"@type\":\"PropertyValueSpecification\",\"valueRequired\":true,\"valueName\":\"search_term_string\"}}],\"inLanguage\":\"fi\"},{\"@type\":\"Organization\",\"@id\":\"https:\/\/addio.eu\/fi\/#organization\",\"name\":\"Addio elektroniikka\",\"url\":\"https:\/\/addio.eu\/fi\/\",\"logo\":{\"@type\":\"ImageObject\",\"inLanguage\":\"fi\",\"@id\":\"https:\/\/addio.eu\/fi\/#\/schema\/logo\/image\/\",\"url\":\"https:\/\/addio.eu\/wp-content\/uploads\/2024\/10\/Lager_1-1.svg\",\"contentUrl\":\"https:\/\/addio.eu\/wp-content\/uploads\/2024\/10\/Lager_1-1.svg\",\"caption\":\"Addio elektroniikka\"},\"image\":{\"@id\":\"https:\/\/addio.eu\/fi\/#\/schema\/logo\/image\/\"},\"sameAs\":[\"https:\/\/www.facebook.com\/AddioElectronicsAB\/\",\"https:\/\/www.linkedin.com\/company\/addio-electronics-ab\"]}]}<\/script>\n<!-- \/ Yoast SEO plugin. -->","yoast_head_json":{"title":"DRB 8012-3 ESP - Addio Electronics","robots":{"index":"index","follow":"follow","max-snippet":"max-snippet:-1","max-image-preview":"max-image-preview:large","max-video-preview":"max-video-preview:-1"},"canonical":"https:\/\/addio.eu\/fi\/tuote\/drb-8012-3-esp\/","og_locale":"fi_FI","og_type":"article","og_title":"DRB 8012-3 ESP - Addio Electronics","og_description":"T\u00e4m\u00e4 yksikk\u00f6 on kuin eritt\u00e4in tehokas rele, joka pystyy kytkem\u00e4\u00e4n 80 ampeeria yhdess\u00e4 suurtehol\u00e4hd\u00f6ss\u00e4 ja kaksi 6 ampeerin pienj\u00e4nnitel\u00e4ht\u00f6\u00e4. T\u00e4t\u00e4 yksikk\u00f6\u00e4 ei voi konfiguroida, ja sit\u00e4 ohjataan vain CAN-v\u00e4yl\u00e4n kautta tai kolmen tulon avulla.  Yksikk\u00f6\u00e4 voidaan k\u00e4ytt\u00e4\u00e4 ohjaamaan akun p\u00e4\u00e4virran suurtehoisia kuormia varten, esimerkiksi kun tarvitaan hydraulipumpun tai 230 VAC:n invertterin kytkent\u00e4\u00e4.","og_url":"https:\/\/addio.eu\/fi\/tuote\/drb-8012-3-esp\/","og_site_name":"Addio Electronics","article_publisher":"https:\/\/www.facebook.com\/AddioElectronicsAB\/","article_modified_time":"2026-02-10T16:55:33+00:00","og_image":[{"width":2560,"height":1211,"url":"https:\/\/addio.eu\/wp-content\/uploads\/2025\/03\/IMG_1729-scaled.jpg","type":"image\/jpeg"}],"twitter_card":"summary_large_image","twitter_misc":{"Arvioitu lukuaika":"1 minuutti"},"schema":{"@context":"https:\/\/schema.org","@graph":[{"@type":"WebPage","@id":"https:\/\/addio.eu\/fi\/tuote\/drb-8012-3-esp\/","url":"https:\/\/addio.eu\/fi\/tuote\/drb-8012-3-esp\/","name":"DRB 8012-3 ESP - Addio Electronics","isPartOf":{"@id":"https:\/\/addio.eu\/fi\/#website"},"primaryImageOfPage":{"@id":"https:\/\/addio.eu\/fi\/tuote\/drb-8012-3-esp\/#primaryimage"},"image":{"@id":"https:\/\/addio.eu\/fi\/tuote\/drb-8012-3-esp\/#primaryimage"},"thumbnailUrl":"https:\/\/addio.eu\/wp-content\/uploads\/2025\/03\/IMG_1729-scaled.jpg","datePublished":"2025-03-24T09:43:40+00:00","dateModified":"2026-02-10T16:55:33+00:00","breadcrumb":{"@id":"https:\/\/addio.eu\/fi\/tuote\/drb-8012-3-esp\/#breadcrumb"},"inLanguage":"fi","potentialAction":[{"@type":"ReadAction","target":["https:\/\/addio.eu\/fi\/tuote\/drb-8012-3-esp\/"]}]},{"@type":"ImageObject","inLanguage":"fi","@id":"https:\/\/addio.eu\/fi\/tuote\/drb-8012-3-esp\/#primaryimage","url":"https:\/\/addio.eu\/wp-content\/uploads\/2025\/03\/IMG_1729-scaled.jpg","contentUrl":"https:\/\/addio.eu\/wp-content\/uploads\/2025\/03\/IMG_1729-scaled.jpg","width":2560,"height":1211},{"@type":"BreadcrumbList","@id":"https:\/\/addio.eu\/fi\/tuote\/drb-8012-3-esp\/#breadcrumb","itemListElement":[{"@type":"ListItem","position":1,"name":"Home","item":"https:\/\/addio.eu\/fi\/addion-etusivu\/"},{"@type":"ListItem","position":2,"name":"Tuotteet","item":"https:\/\/addio.eu\/fi\/tuotteet\/"},{"@type":"ListItem","position":3,"name":"DRB 8012-3 ESP"}]},{"@type":"WebSite","@id":"https:\/\/addio.eu\/fi\/#website","url":"https:\/\/addio.eu\/fi\/","name":"addio.eu","description":"","publisher":{"@id":"https:\/\/addio.eu\/fi\/#organization"},"potentialAction":[{"@type":"SearchAction","target":{"@type":"EntryPoint","urlTemplate":"https:\/\/addio.eu\/fi\/?s={search_term_string}"},"query-input":{"@type":"PropertyValueSpecification","valueRequired":true,"valueName":"search_term_string"}}],"inLanguage":"fi"},{"@type":"Organization","@id":"https:\/\/addio.eu\/fi\/#organization","name":"Addio elektroniikka","url":"https:\/\/addio.eu\/fi\/","logo":{"@type":"ImageObject","inLanguage":"fi","@id":"https:\/\/addio.eu\/fi\/#\/schema\/logo\/image\/","url":"https:\/\/addio.eu\/wp-content\/uploads\/2024\/10\/Lager_1-1.svg","contentUrl":"https:\/\/addio.eu\/wp-content\/uploads\/2024\/10\/Lager_1-1.svg","caption":"Addio elektroniikka"},"image":{"@id":"https:\/\/addio.eu\/fi\/#\/schema\/logo\/image\/"},"sameAs":["https:\/\/www.facebook.com\/AddioElectronicsAB\/","https:\/\/www.linkedin.com\/company\/addio-electronics-ab"]}]}},"_links":{"self":[{"href":"https:\/\/addio.eu\/fi\/wp-json\/wp\/v2\/product\/12995","targetHints":{"allow":["GET"]}}],"collection":[{"href":"https:\/\/addio.eu\/fi\/wp-json\/wp\/v2\/product"}],"about":[{"href":"https:\/\/addio.eu\/fi\/wp-json\/wp\/v2\/types\/product"}],"replies":[{"embeddable":true,"href":"https:\/\/addio.eu\/fi\/wp-json\/wp\/v2\/comments?post=12995"}],"wp:featuredmedia":[{"embeddable":true,"href":"https:\/\/addio.eu\/fi\/wp-json\/wp\/v2\/media\/13004"}],"wp:attachment":[{"href":"https:\/\/addio.eu\/fi\/wp-json\/wp\/v2\/media?parent=12995"}],"wp:term":[{"taxonomy":"product_brand","embeddable":true,"href":"https:\/\/addio.eu\/fi\/wp-json\/wp\/v2\/product_brand?post=12995"},{"taxonomy":"product_cat","embeddable":true,"href":"https:\/\/addio.eu\/fi\/wp-json\/wp\/v2\/product_cat?post=12995"},{"taxonomy":"product_tag","embeddable":true,"href":"https:\/\/addio.eu\/fi\/wp-json\/wp\/v2\/product_tag?post=12995"}],"curies":[{"name":"wp","href":"https:\/\/api.w.org\/{rel}","templated":true}]}}