{"id":12743,"date":"2025-03-07T09:40:24","date_gmt":"2025-03-07T09:40:24","guid":{"rendered":"https:\/\/addio.eu\/product\/5012-4-adv\/"},"modified":"2026-02-10T17:01:27","modified_gmt":"2026-02-10T17:01:27","slug":"5012-4-adv","status":"publish","type":"product","link":"https:\/\/addio.eu\/fi\/tuote\/5012-4-adv\/","title":{"rendered":"5012-4 ADV"},"content":{"rendered":"<p>DRB-5012-4 ADV on 12 voltin yksikk\u00f6, jossa on 4 tuloa ja 4 l\u00e4ht\u00f6\u00e4, enint\u00e4\u00e4n 50 A huippuvirrat sek\u00e4 CAN\u2011viestint\u00e4.<\/p>\n<table width=\"333\">\n<tbody>\n<tr>\n<td width=\"234\">Malli<\/td>\n<td width=\"99\">DRB-5012-4 ADV<\/td>\n<\/tr>\n<tr>\n<td width=\"234\">Virtal\u00e4hde<\/td>\n<td width=\"99\">10-22 VDC<\/td>\n<\/tr>\n<tr>\n<td width=\"234\">Sis\u00e4inen virrankulutus (noin) Normaali tila ilman aktiivisia l\u00e4ht\u00f6j\u00e4 \/ lepotila<\/td>\n<td width=\"99\">~30 mA\/~4 mA<\/td>\n<\/tr>\n<tr>\n<td width=\"234\">Alij\u00e4nnitesuoja (s\u00e4\u00e4dett\u00e4v\u00e4)<\/td>\n<td width=\"99\">10\u201313 V, 0,5 V askelin<\/td>\n<\/tr>\n<tr>\n<td width=\"234\">Ylij\u00e4nnitesuoja (s\u00e4\u00e4dett\u00e4v\u00e4)<\/td>\n<td width=\"99\">16-26 V, 2 V:n askelin<\/td>\n<\/tr>\n<tr>\n<td width=\"234\">Maks. kokonaisvirta 1 minuutti<\/td>\n<td width=\"99\">50A<\/td>\n<\/tr>\n<tr>\n<td width=\"234\">Maks. jatkuva kokonaisvirta<\/td>\n<td width=\"99\">50A<\/td>\n<\/tr>\n<tr>\n<td width=\"234\">Tulojen kokonaism\u00e4\u00e4r\u00e4<\/td>\n<td width=\"99\">4 kpl<\/td>\n<\/tr>\n<tr>\n<td width=\"234\">Digitaaliset tulot<\/td>\n<td width=\"99\">4 \/ 4 kpl<\/td>\n<\/tr>\n<tr>\n<td width=\"234\">Analogiset tulot<\/td>\n<td width=\"99\">2 \/ 4 kpl<\/td>\n<\/tr>\n<tr>\n<td width=\"234\">Tuloimpedanssi @12V<\/td>\n<td width=\"99\">22 k\u03a9<\/td>\n<\/tr>\n<tr>\n<td width=\"234\">Tulojen liit\u00e4nn\u00e4t (irtokoskettimelliset ruuviliittimet)<\/td>\n<td width=\"99\">6-napainen, sis\u00e4lt\u00e4\u00e4 +\/-<\/td>\n<\/tr>\n<tr>\n<td width=\"234\">L\u00e4ht\u00f6jen m\u00e4\u00e4r\u00e4<\/td>\n<td width=\"99\">4 kpl<\/td>\n<\/tr>\n<tr>\n<td width=\"234\">L\u00e4ht\u00f6liit\u00e4nn\u00e4t<\/td>\n<td width=\"99\">Kaapelin puristusliitin<\/td>\n<\/tr>\n<tr>\n<td width=\"234\">Sulakekoot A, l\u00e4hd\u00f6t<\/td>\n<td width=\"99\">2, 3, 5, 7.5, 10, 13, 15, 18, 20<\/td>\n<\/tr>\n<tr>\n<td width=\"234\">Virtal\u00e4hteen liit\u00e4nt\u00e4<\/td>\n<td width=\"99\">M5-mutteri<\/td>\n<\/tr>\n<tr>\n<td width=\"234\">Bluetooth<\/td>\n<td width=\"99\">Kyll\u00e4, lis\u00e4varuste<\/td>\n<\/tr>\n<tr>\n<td width=\"234\">Moottoriohjaus H-silta (ennakkovirta)<\/td>\n<td width=\"99\">Kyll\u00e4, max 12 A<\/td>\n<\/tr>\n<tr>\n<td width=\"234\">Virheilmaisin<\/td>\n<td width=\"99\">jaettu RGB LED<\/td>\n<\/tr>\n<tr>\n<td width=\"234\">LED per l\u00e4ht\u00f6 (s\u00e4\u00e4dett\u00e4v\u00e4 v\u00e4ri)<\/td>\n<td width=\"99\">Kyll\u00e4, RGB<\/td>\n<\/tr>\n<tr>\n<td width=\"234\">Tiedonsiirtov\u00e4yl\u00e4 (CAN-v\u00e4yl\u00e4)<\/td>\n<td width=\"99\">Kyll\u00e4, 2 kpl RJ10<\/td>\n<\/tr>\n<tr>\n<td width=\"234\">Tietokone\u00adliit\u00e4nt\u00e4<\/td>\n<td width=\"99\">USB Type\u2011C<\/td>\n<\/tr>\n<tr>\n<td width=\"234\">Maadoitussignaalit<\/td>\n<td width=\"99\">Kyll\u00e4, sis\u00e4isell\u00e4 yl\u00f6svetolla tulot 1\u20132<\/td>\n<\/tr>\n<tr>\n<td width=\"234\">K\u00e4siohjain, kytkintaulut, anturit ym.<\/td>\n<td width=\"99\">Kyll\u00e4, lis\u00e4varusteena<\/td>\n<\/tr>\n<tr>\n<td width=\"234\">Koko (mm)<\/td>\n<td width=\"99\">119\u00d768\u00d721<\/td>\n<\/tr>\n<tr>\n<td width=\"234\">Paino<\/td>\n<td width=\"99\">98 g<\/td>\n<\/tr>\n<\/tbody>\n<\/table>\n","protected":false},"excerpt":{"rendered":"<div class=\"elementor-element elementor-element-28a1869 elementor-widget elementor-widget-woocommerce-product-title elementor-page-title elementor-widget-heading\" data-id=\"28a1869\" data-element_type=\"widget\" data-widget_type=\"woocommerce-product-title.default\">\n<div class=\"elementor-widget-container\"><\/div>\n<\/div>\n<div class=\"elementor-element elementor-element-b951bf8 elementor-widget elementor-widget-woocommerce-product-short-description\" data-id=\"b951bf8\" data-element_type=\"widget\" data-widget_type=\"woocommerce-product-short-description.default\">\n<div class=\"elementor-widget-container\">\n<div class=\"woocommerce-product-details__short-description\">\n<p class=\"\" data-start=\"112\" data-end=\"430\">DRB 5012-4 ADV on keskikokoinen 12 V yksikk\u00f6mme ja myydyin mallimme: 4 l\u00e4ht\u00f6\u00e4 ja 4 tuloa, jatkuva kokonaisvirta 50 A jaettuna kaikille l\u00e4hd\u00f6ille.<\/p>\n<p>Kuten kaikissa DRB-malleissamme, my\u00f6s 5012-4 ADV:ssa on laaja ominaisuussarja, kuten:<\/p>\n<ul>\n<li>Reletoiminnot, kuten vilkku, himmennin ja ajastin<\/li>\n<li>Sulaketoiminto suurvirtakytkimien kautta<\/li>\n<li>Akkusuojaus ajastimien tai j\u00e4nnitesuojauksen avulla, yksil\u00f6llisesti per l\u00e4ht\u00f6<\/li>\n<li>S\u00e4\u00e4nt\u00f6pohjaiset loogiset toiminnot<\/li>\n<li>Jopa kolme eri toimintoa per l\u00e4ht\u00f6, kuten tasainen tai vilkkuva<\/li>\n<\/ul>\n<p class=\"\" data-start=\"112\" data-end=\"430\">L\u00e4hd\u00f6t on digitaalisesti suojattu jopa 20 ampeeriin per l\u00e4ht\u00f6 (s\u00e4\u00e4dett\u00e4viss\u00e4 askelin)<\/p>\n<p class=\"\" data-start=\"432\" data-end=\"679\">Yksikk\u00f6\u00e4 ohjataan ihanteellisesti 8-painikkeisella ohjauspaneelillamme (lis\u00e4varuste), joka on liitetty CAN-v\u00e4yl\u00e4n kautta, mutta my\u00f6s tavallisia kytkimi\u00e4 tai muun tyyppisi\u00e4 signaaleja, sek\u00e4 digitaalisia (korkea\/matala) ett\u00e4 analogisia (vaihtelevat j\u00e4nnitteet), voidaan m\u00e4\u00e4ritt\u00e4\u00e4 ohjaamaan kutakin l\u00e4ht\u00f6\u00e4.<\/p>\n<\/div>\n<\/div>\n<\/div>\n","protected":false},"featured_media":12752,"comment_status":"open","ping_status":"closed","template":"","meta":[],"product_brand":[],"product_cat":[170],"product_tag":[171,172,173,374],"class_list":{"0":"post-12743","1":"product","2":"type-product","3":"status-publish","4":"has-post-thumbnail","6":"product_cat-digitaaliset-releyksikot","7":"product_tag-12v","8":"product_tag-2-can-porttia","9":"product_tag-4-lahtoa","10":"product_tag-4-tuloa","12":"first","13":"instock","14":"shipping-taxable","15":"product-type-simple"},"yoast_head":"<!-- This site is optimized with the Yoast SEO plugin v26.0 - https:\/\/yoast.com\/wordpress\/plugins\/seo\/ -->\n<title>5012-4 ADV - Addio Electronics<\/title>\n<meta name=\"robots\" content=\"index, follow, max-snippet:-1, max-image-preview:large, max-video-preview:-1\" \/>\n<link rel=\"canonical\" href=\"https:\/\/addio.eu\/fi\/tuote\/5012-4-adv\/\" \/>\n<meta property=\"og:locale\" content=\"fi_FI\" \/>\n<meta property=\"og:type\" content=\"article\" \/>\n<meta property=\"og:title\" content=\"5012-4 ADV - Addio Electronics\" \/>\n<meta property=\"og:description\" content=\"DRB 5012-4 ADV on keskikokoinen 12 V yksikk\u00f6mme ja myydyin mallimme: 4 l\u00e4ht\u00f6\u00e4 ja 4 tuloa, jatkuva kokonaisvirta 50 A jaettuna kaikille l\u00e4hd\u00f6ille. Kuten kaikissa DRB-malleissamme, my\u00f6s 5012-4 ADV:ssa on laaja ominaisuussarja, kuten:  Reletoiminnot, kuten vilkku, himmennin ja ajastin  Sulaketoiminto suurvirtakytkimien kautta  Akkusuojaus ajastimien tai j\u00e4nnitesuojauksen avulla, yksil\u00f6llisesti per l\u00e4ht\u00f6  S\u00e4\u00e4nt\u00f6pohjaiset loogiset toiminnot  Jopa kolme eri toimintoa per l\u00e4ht\u00f6, kuten tasainen tai vilkkuva L\u00e4hd\u00f6t on digitaalisesti suojattu jopa 20 ampeeriin per l\u00e4ht\u00f6 (s\u00e4\u00e4dett\u00e4viss\u00e4 askelin) Yksikk\u00f6\u00e4 ohjataan ihanteellisesti 8-painikkeisella ohjauspaneelillamme (lis\u00e4varuste), joka on liitetty CAN-v\u00e4yl\u00e4n kautta, mutta my\u00f6s tavallisia kytkimi\u00e4 tai muun tyyppisi\u00e4 signaaleja, sek\u00e4 digitaalisia (korkea\/matala) ett\u00e4 analogisia (vaihtelevat j\u00e4nnitteet), voidaan m\u00e4\u00e4ritt\u00e4\u00e4 ohjaamaan kutakin l\u00e4ht\u00f6\u00e4.\" \/>\n<meta property=\"og:url\" content=\"https:\/\/addio.eu\/fi\/tuote\/5012-4-adv\/\" \/>\n<meta property=\"og:site_name\" content=\"Addio Electronics\" \/>\n<meta property=\"article:publisher\" content=\"https:\/\/www.facebook.com\/AddioElectronicsAB\/\" \/>\n<meta property=\"article:modified_time\" content=\"2026-02-10T17:01:27+00:00\" \/>\n<meta property=\"og:image\" content=\"https:\/\/addio.eu\/wp-content\/uploads\/2025\/03\/IMG_1753-scaled.jpg\" \/>\n\t<meta property=\"og:image:width\" content=\"2560\" \/>\n\t<meta property=\"og:image:height\" content=\"1649\" \/>\n\t<meta property=\"og:image:type\" content=\"image\/jpeg\" \/>\n<meta name=\"twitter:card\" content=\"summary_large_image\" \/>\n<meta name=\"twitter:label1\" content=\"Arvioitu lukuaika\" \/>\n\t<meta name=\"twitter:data1\" content=\"1 minuutti\" \/>\n<script type=\"application\/ld+json\" class=\"yoast-schema-graph\">{\"@context\":\"https:\/\/schema.org\",\"@graph\":[{\"@type\":\"WebPage\",\"@id\":\"https:\/\/addio.eu\/fi\/tuote\/5012-4-adv\/\",\"url\":\"https:\/\/addio.eu\/fi\/tuote\/5012-4-adv\/\",\"name\":\"5012-4 ADV - Addio Electronics\",\"isPartOf\":{\"@id\":\"https:\/\/addio.eu\/fi\/#website\"},\"primaryImageOfPage\":{\"@id\":\"https:\/\/addio.eu\/fi\/tuote\/5012-4-adv\/#primaryimage\"},\"image\":{\"@id\":\"https:\/\/addio.eu\/fi\/tuote\/5012-4-adv\/#primaryimage\"},\"thumbnailUrl\":\"https:\/\/addio.eu\/wp-content\/uploads\/2025\/03\/IMG_1753-scaled.jpg\",\"datePublished\":\"2025-03-07T09:40:24+00:00\",\"dateModified\":\"2026-02-10T17:01:27+00:00\",\"breadcrumb\":{\"@id\":\"https:\/\/addio.eu\/fi\/tuote\/5012-4-adv\/#breadcrumb\"},\"inLanguage\":\"fi\",\"potentialAction\":[{\"@type\":\"ReadAction\",\"target\":[\"https:\/\/addio.eu\/fi\/tuote\/5012-4-adv\/\"]}]},{\"@type\":\"ImageObject\",\"inLanguage\":\"fi\",\"@id\":\"https:\/\/addio.eu\/fi\/tuote\/5012-4-adv\/#primaryimage\",\"url\":\"https:\/\/addio.eu\/wp-content\/uploads\/2025\/03\/IMG_1753-scaled.jpg\",\"contentUrl\":\"https:\/\/addio.eu\/wp-content\/uploads\/2025\/03\/IMG_1753-scaled.jpg\",\"width\":2560,\"height\":1649},{\"@type\":\"BreadcrumbList\",\"@id\":\"https:\/\/addio.eu\/fi\/tuote\/5012-4-adv\/#breadcrumb\",\"itemListElement\":[{\"@type\":\"ListItem\",\"position\":1,\"name\":\"Home\",\"item\":\"https:\/\/addio.eu\/fi\/addion-etusivu\/\"},{\"@type\":\"ListItem\",\"position\":2,\"name\":\"Tuotteet\",\"item\":\"https:\/\/addio.eu\/fi\/tuotteet\/\"},{\"@type\":\"ListItem\",\"position\":3,\"name\":\"5012-4 ADV\"}]},{\"@type\":\"WebSite\",\"@id\":\"https:\/\/addio.eu\/fi\/#website\",\"url\":\"https:\/\/addio.eu\/fi\/\",\"name\":\"addio.eu\",\"description\":\"\",\"publisher\":{\"@id\":\"https:\/\/addio.eu\/fi\/#organization\"},\"potentialAction\":[{\"@type\":\"SearchAction\",\"target\":{\"@type\":\"EntryPoint\",\"urlTemplate\":\"https:\/\/addio.eu\/fi\/?s={search_term_string}\"},\"query-input\":{\"@type\":\"PropertyValueSpecification\",\"valueRequired\":true,\"valueName\":\"search_term_string\"}}],\"inLanguage\":\"fi\"},{\"@type\":\"Organization\",\"@id\":\"https:\/\/addio.eu\/fi\/#organization\",\"name\":\"Addio elektroniikka\",\"url\":\"https:\/\/addio.eu\/fi\/\",\"logo\":{\"@type\":\"ImageObject\",\"inLanguage\":\"fi\",\"@id\":\"https:\/\/addio.eu\/fi\/#\/schema\/logo\/image\/\",\"url\":\"https:\/\/addio.eu\/wp-content\/uploads\/2024\/10\/Lager_1-1.svg\",\"contentUrl\":\"https:\/\/addio.eu\/wp-content\/uploads\/2024\/10\/Lager_1-1.svg\",\"caption\":\"Addio elektroniikka\"},\"image\":{\"@id\":\"https:\/\/addio.eu\/fi\/#\/schema\/logo\/image\/\"},\"sameAs\":[\"https:\/\/www.facebook.com\/AddioElectronicsAB\/\",\"https:\/\/www.linkedin.com\/company\/addio-electronics-ab\"]}]}<\/script>\n<!-- \/ Yoast SEO plugin. -->","yoast_head_json":{"title":"5012-4 ADV - Addio Electronics","robots":{"index":"index","follow":"follow","max-snippet":"max-snippet:-1","max-image-preview":"max-image-preview:large","max-video-preview":"max-video-preview:-1"},"canonical":"https:\/\/addio.eu\/fi\/tuote\/5012-4-adv\/","og_locale":"fi_FI","og_type":"article","og_title":"5012-4 ADV - Addio Electronics","og_description":"DRB 5012-4 ADV on keskikokoinen 12 V yksikk\u00f6mme ja myydyin mallimme: 4 l\u00e4ht\u00f6\u00e4 ja 4 tuloa, jatkuva kokonaisvirta 50 A jaettuna kaikille l\u00e4hd\u00f6ille. Kuten kaikissa DRB-malleissamme, my\u00f6s 5012-4 ADV:ssa on laaja ominaisuussarja, kuten:  Reletoiminnot, kuten vilkku, himmennin ja ajastin  Sulaketoiminto suurvirtakytkimien kautta  Akkusuojaus ajastimien tai j\u00e4nnitesuojauksen avulla, yksil\u00f6llisesti per l\u00e4ht\u00f6  S\u00e4\u00e4nt\u00f6pohjaiset loogiset toiminnot  Jopa kolme eri toimintoa per l\u00e4ht\u00f6, kuten tasainen tai vilkkuva L\u00e4hd\u00f6t on digitaalisesti suojattu jopa 20 ampeeriin per l\u00e4ht\u00f6 (s\u00e4\u00e4dett\u00e4viss\u00e4 askelin) Yksikk\u00f6\u00e4 ohjataan ihanteellisesti 8-painikkeisella ohjauspaneelillamme (lis\u00e4varuste), joka on liitetty CAN-v\u00e4yl\u00e4n kautta, mutta my\u00f6s tavallisia kytkimi\u00e4 tai muun tyyppisi\u00e4 signaaleja, sek\u00e4 digitaalisia (korkea\/matala) ett\u00e4 analogisia (vaihtelevat j\u00e4nnitteet), voidaan m\u00e4\u00e4ritt\u00e4\u00e4 ohjaamaan kutakin l\u00e4ht\u00f6\u00e4.","og_url":"https:\/\/addio.eu\/fi\/tuote\/5012-4-adv\/","og_site_name":"Addio Electronics","article_publisher":"https:\/\/www.facebook.com\/AddioElectronicsAB\/","article_modified_time":"2026-02-10T17:01:27+00:00","og_image":[{"width":2560,"height":1649,"url":"https:\/\/addio.eu\/wp-content\/uploads\/2025\/03\/IMG_1753-scaled.jpg","type":"image\/jpeg"}],"twitter_card":"summary_large_image","twitter_misc":{"Arvioitu lukuaika":"1 minuutti"},"schema":{"@context":"https:\/\/schema.org","@graph":[{"@type":"WebPage","@id":"https:\/\/addio.eu\/fi\/tuote\/5012-4-adv\/","url":"https:\/\/addio.eu\/fi\/tuote\/5012-4-adv\/","name":"5012-4 ADV - Addio Electronics","isPartOf":{"@id":"https:\/\/addio.eu\/fi\/#website"},"primaryImageOfPage":{"@id":"https:\/\/addio.eu\/fi\/tuote\/5012-4-adv\/#primaryimage"},"image":{"@id":"https:\/\/addio.eu\/fi\/tuote\/5012-4-adv\/#primaryimage"},"thumbnailUrl":"https:\/\/addio.eu\/wp-content\/uploads\/2025\/03\/IMG_1753-scaled.jpg","datePublished":"2025-03-07T09:40:24+00:00","dateModified":"2026-02-10T17:01:27+00:00","breadcrumb":{"@id":"https:\/\/addio.eu\/fi\/tuote\/5012-4-adv\/#breadcrumb"},"inLanguage":"fi","potentialAction":[{"@type":"ReadAction","target":["https:\/\/addio.eu\/fi\/tuote\/5012-4-adv\/"]}]},{"@type":"ImageObject","inLanguage":"fi","@id":"https:\/\/addio.eu\/fi\/tuote\/5012-4-adv\/#primaryimage","url":"https:\/\/addio.eu\/wp-content\/uploads\/2025\/03\/IMG_1753-scaled.jpg","contentUrl":"https:\/\/addio.eu\/wp-content\/uploads\/2025\/03\/IMG_1753-scaled.jpg","width":2560,"height":1649},{"@type":"BreadcrumbList","@id":"https:\/\/addio.eu\/fi\/tuote\/5012-4-adv\/#breadcrumb","itemListElement":[{"@type":"ListItem","position":1,"name":"Home","item":"https:\/\/addio.eu\/fi\/addion-etusivu\/"},{"@type":"ListItem","position":2,"name":"Tuotteet","item":"https:\/\/addio.eu\/fi\/tuotteet\/"},{"@type":"ListItem","position":3,"name":"5012-4 ADV"}]},{"@type":"WebSite","@id":"https:\/\/addio.eu\/fi\/#website","url":"https:\/\/addio.eu\/fi\/","name":"addio.eu","description":"","publisher":{"@id":"https:\/\/addio.eu\/fi\/#organization"},"potentialAction":[{"@type":"SearchAction","target":{"@type":"EntryPoint","urlTemplate":"https:\/\/addio.eu\/fi\/?s={search_term_string}"},"query-input":{"@type":"PropertyValueSpecification","valueRequired":true,"valueName":"search_term_string"}}],"inLanguage":"fi"},{"@type":"Organization","@id":"https:\/\/addio.eu\/fi\/#organization","name":"Addio elektroniikka","url":"https:\/\/addio.eu\/fi\/","logo":{"@type":"ImageObject","inLanguage":"fi","@id":"https:\/\/addio.eu\/fi\/#\/schema\/logo\/image\/","url":"https:\/\/addio.eu\/wp-content\/uploads\/2024\/10\/Lager_1-1.svg","contentUrl":"https:\/\/addio.eu\/wp-content\/uploads\/2024\/10\/Lager_1-1.svg","caption":"Addio elektroniikka"},"image":{"@id":"https:\/\/addio.eu\/fi\/#\/schema\/logo\/image\/"},"sameAs":["https:\/\/www.facebook.com\/AddioElectronicsAB\/","https:\/\/www.linkedin.com\/company\/addio-electronics-ab"]}]}},"_links":{"self":[{"href":"https:\/\/addio.eu\/fi\/wp-json\/wp\/v2\/product\/12743","targetHints":{"allow":["GET"]}}],"collection":[{"href":"https:\/\/addio.eu\/fi\/wp-json\/wp\/v2\/product"}],"about":[{"href":"https:\/\/addio.eu\/fi\/wp-json\/wp\/v2\/types\/product"}],"replies":[{"embeddable":true,"href":"https:\/\/addio.eu\/fi\/wp-json\/wp\/v2\/comments?post=12743"}],"wp:featuredmedia":[{"embeddable":true,"href":"https:\/\/addio.eu\/fi\/wp-json\/wp\/v2\/media\/12752"}],"wp:attachment":[{"href":"https:\/\/addio.eu\/fi\/wp-json\/wp\/v2\/media?parent=12743"}],"wp:term":[{"taxonomy":"product_brand","embeddable":true,"href":"https:\/\/addio.eu\/fi\/wp-json\/wp\/v2\/product_brand?post=12743"},{"taxonomy":"product_cat","embeddable":true,"href":"https:\/\/addio.eu\/fi\/wp-json\/wp\/v2\/product_cat?post=12743"},{"taxonomy":"product_tag","embeddable":true,"href":"https:\/\/addio.eu\/fi\/wp-json\/wp\/v2\/product_tag?post=12743"}],"curies":[{"name":"wp","href":"https:\/\/api.w.org\/{rel}","templated":true}]}}