{"id":12646,"date":"2025-03-25T10:31:55","date_gmt":"2025-03-25T10:31:55","guid":{"rendered":"https:\/\/addio.eu\/product\/kytkinpaneeli-8\/"},"modified":"2025-03-25T10:31:55","modified_gmt":"2025-03-25T10:31:55","slug":"kytkinpaneeli-8","status":"publish","type":"product","link":"https:\/\/addio.eu\/fi\/tuote\/kytkinpaneeli-8\/","title":{"rendered":"Kytkinpaneeli 8"},"content":{"rendered":"<p class=\"\" data-start=\"660\" data-end=\"682\"><strong data-start=\"660\" data-end=\"682\">V\u00e4ri ja valaistus<\/strong><\/p>\n<p class=\"\" data-start=\"684\" data-end=\"919\">Kaikki ohjauspaneelin painikkeet ovat valaistuja ja ne voidaan m\u00e4\u00e4ritt\u00e4\u00e4 seuraavilla v\u00e4reill\u00e4: vihre\u00e4, sininen, keltainen, oranssi, valkoinen ja punainen. Sek\u00e4 taustavalon v\u00e4ri ett\u00e4 aktiivinen v\u00e4ri voidaan asettaa valikosta jokaiselle painikkeelle. <\/p>\n<p class=\"\" data-start=\"921\" data-end=\"1055\">Painikkeiden valon voimakkuus s\u00e4\u00e4tyy automaattisesti ymp\u00e4rist\u00f6n valaistusolosuhteiden mukaan sis\u00e4\u00e4nrakennetun valoanturin ansiosta.<\/p>\n<p class=\"\" data-start=\"1057\" data-end=\"1085\"><strong data-start=\"1057\" data-end=\"1085\">Summeri ja painike\u00e4\u00e4net<\/strong><\/p>\n<p class=\"\" data-start=\"1087\" data-end=\"1344\">Ohjauspaneelissa on sis\u00e4\u00e4nrakennettu summeri, joka voi antaa lyhyen \u00e4\u00e4nimerkin painiketta painettaessa. Summeria voidaan ohjata my\u00f6s ulkoisesta l\u00e4hteest\u00e4, kuten tulosta, l\u00e4hd\u00f6st\u00e4 tai virtuaalil\u00e4hd\u00f6st\u00e4, h\u00e4lytystoimintojen ja muiden k\u00e4ynnist\u00e4miseksi. <\/p>\n<p class=\"\" data-start=\"1346\" data-end=\"1380\"><strong data-start=\"1346\" data-end=\"1380\">Asennus ja m\u00e4\u00e4ritys<\/strong><\/p>\n<p class=\"\" data-start=\"1382\" data-end=\"1525\">Painiketoimintojen, aktiivisten ja passiivisten v\u00e4rien sek\u00e4 muiden asetukset tallennetaan relelaatikoihimme ja ne tehd\u00e4\u00e4n ohjelmistollamme, Addio CC:ll\u00e4.<\/p>\n<p data-start=\"1382\" data-end=\"1525\"><strong>Sis\u00e4ltyy pakkaukseen<\/strong><br \/>\nAddio-kytkinpaneelien mukana tulee 5 metrin kaapeli ja tarrapainiketarrat.<br \/>\nVaihtoehtoinen tuotenro sis\u00e4lt\u00e4\u00e4 my\u00f6s kiinnikkeen. <\/p>\n","protected":false},"excerpt":{"rendered":"<p class=\"\" data-start=\"62\" data-end=\"120\"><strong data-start=\"62\" data-end=\"120\">Helppo johdotus ja asennus Addio-ohjauspaneeleilla<\/strong><\/p>\n<p>Addio-ohjauspaneelit on helppo asentaa mukana tulevalla kaksipuolisella teipill\u00e4 tai asennuskiinnikkeell\u00e4 (saatavana lis\u00e4varusteena). N\u00e4pp\u00e4imist\u00f6t liitet\u00e4\u00e4n relelaatikon COM\/CAN-porttiin mukana tulevalla kaapelilla. <\/p>\n<p>Addio-kytkinpaneelit ovat yhteensopivia sek\u00e4 12V ett\u00e4 24V DRB-laitteidemme kanssa.<\/p>\n<div id=\"tw-target-rmn-container\" class=\"tw-target-rmn tw-ta-container tw-nfl\" tabindex=\"0\" role=\"text\">\n<p id=\"tw-target-rmn\" class=\"tw-data-placeholder tw-text-small tw-ta\" dir=\"ltr\"><strong data-start=\"333\" data-end=\"345\">Ominaisuudet<\/strong><\/p>\n<\/div>\n<p class=\"\" data-start=\"347\" data-end=\"523\">Jokainen painike voidaan asettaa ohjaamaan useita toimintoja ja se voi aktivoida l\u00e4hd\u00f6n ja\/tai toimia indikaattorina n\u00e4ytt\u00e4m\u00e4\u00e4n tietyn tulon, l\u00e4hd\u00f6n tai muun sis\u00e4isen toiminnon tilan.<\/p>\n<p class=\"\" data-start=\"525\" data-end=\"658\">J\u00e4rjestelm\u00e4ss\u00e4 voidaan k\u00e4ytt\u00e4\u00e4 jopa nelj\u00e4\u00e4 ohjauspaneelia, ja ne voidaan m\u00e4\u00e4ritt\u00e4\u00e4 yksil\u00f6llisesti tai toimia rinnakkain (porraskytkent\u00e4).<\/p>\n","protected":false},"featured_media":6239,"comment_status":"open","ping_status":"closed","template":"","meta":[],"product_brand":[],"product_cat":[332],"product_tag":[367],"class_list":{"0":"post-12646","1":"product","2":"type-product","3":"status-publish","4":"has-post-thumbnail","6":"product_cat-kytkinpaneelit","7":"product_tag-8-painiketta","9":"first","10":"instock","11":"shipping-taxable","12":"product-type-simple"},"yoast_head":"<!-- This site is optimized with the Yoast SEO plugin v26.0 - https:\/\/yoast.com\/wordpress\/plugins\/seo\/ -->\n<title>Kytkinpaneeli 8 - Addio Electronics<\/title>\n<meta name=\"robots\" content=\"index, follow, max-snippet:-1, max-image-preview:large, max-video-preview:-1\" \/>\n<link rel=\"canonical\" href=\"https:\/\/addio.eu\/fi\/tuote\/kytkinpaneeli-8\/\" \/>\n<meta property=\"og:locale\" content=\"fi_FI\" \/>\n<meta property=\"og:type\" content=\"article\" \/>\n<meta property=\"og:title\" content=\"Kytkinpaneeli 8 - Addio Electronics\" \/>\n<meta property=\"og:description\" content=\"Helppo johdotus ja asennus Addio-ohjauspaneeleilla Addio-ohjauspaneelit on helppo asentaa mukana tulevalla kaksipuolisella teipill\u00e4 tai asennuskiinnikkeell\u00e4 (saatavana lis\u00e4varusteena). N\u00e4pp\u00e4imist\u00f6t liitet\u00e4\u00e4n relelaatikon COM\/CAN-porttiin mukana tulevalla kaapelilla.  Addio-kytkinpaneelit ovat yhteensopivia sek\u00e4 12V ett\u00e4 24V DRB-laitteidemme kanssa. Ominaisuudet  Jokainen painike voidaan asettaa ohjaamaan useita toimintoja ja se voi aktivoida l\u00e4hd\u00f6n ja\/tai toimia indikaattorina n\u00e4ytt\u00e4m\u00e4\u00e4n tietyn tulon, l\u00e4hd\u00f6n tai muun sis\u00e4isen toiminnon tilan. J\u00e4rjestelm\u00e4ss\u00e4 voidaan k\u00e4ytt\u00e4\u00e4 jopa nelj\u00e4\u00e4 ohjauspaneelia, ja ne voidaan m\u00e4\u00e4ritt\u00e4\u00e4 yksil\u00f6llisesti tai toimia rinnakkain (porraskytkent\u00e4).\" \/>\n<meta property=\"og:url\" content=\"https:\/\/addio.eu\/fi\/tuote\/kytkinpaneeli-8\/\" \/>\n<meta property=\"og:site_name\" content=\"Addio Electronics\" \/>\n<meta property=\"article:publisher\" content=\"https:\/\/www.facebook.com\/AddioElectronicsAB\/\" \/>\n<meta property=\"og:image\" content=\"https:\/\/addio.eu\/wp-content\/uploads\/2025\/03\/sw8.png\" \/>\n\t<meta property=\"og:image:width\" content=\"1328\" \/>\n\t<meta property=\"og:image:height\" content=\"638\" \/>\n\t<meta property=\"og:image:type\" content=\"image\/png\" \/>\n<meta name=\"twitter:card\" content=\"summary_large_image\" \/>\n<meta name=\"twitter:label1\" content=\"Arvioitu lukuaika\" \/>\n\t<meta name=\"twitter:data1\" content=\"1 minuutti\" \/>\n<script type=\"application\/ld+json\" class=\"yoast-schema-graph\">{\"@context\":\"https:\/\/schema.org\",\"@graph\":[{\"@type\":\"WebPage\",\"@id\":\"https:\/\/addio.eu\/fi\/tuote\/kytkinpaneeli-8\/\",\"url\":\"https:\/\/addio.eu\/fi\/tuote\/kytkinpaneeli-8\/\",\"name\":\"Kytkinpaneeli 8 - Addio Electronics\",\"isPartOf\":{\"@id\":\"https:\/\/addio.eu\/fi\/#website\"},\"primaryImageOfPage\":{\"@id\":\"https:\/\/addio.eu\/fi\/tuote\/kytkinpaneeli-8\/#primaryimage\"},\"image\":{\"@id\":\"https:\/\/addio.eu\/fi\/tuote\/kytkinpaneeli-8\/#primaryimage\"},\"thumbnailUrl\":\"https:\/\/addio.eu\/wp-content\/uploads\/2025\/03\/sw8.png\",\"datePublished\":\"2025-03-25T10:31:55+00:00\",\"breadcrumb\":{\"@id\":\"https:\/\/addio.eu\/fi\/tuote\/kytkinpaneeli-8\/#breadcrumb\"},\"inLanguage\":\"fi\",\"potentialAction\":[{\"@type\":\"ReadAction\",\"target\":[\"https:\/\/addio.eu\/fi\/tuote\/kytkinpaneeli-8\/\"]}]},{\"@type\":\"ImageObject\",\"inLanguage\":\"fi\",\"@id\":\"https:\/\/addio.eu\/fi\/tuote\/kytkinpaneeli-8\/#primaryimage\",\"url\":\"https:\/\/addio.eu\/wp-content\/uploads\/2025\/03\/sw8.png\",\"contentUrl\":\"https:\/\/addio.eu\/wp-content\/uploads\/2025\/03\/sw8.png\",\"width\":1328,\"height\":638},{\"@type\":\"BreadcrumbList\",\"@id\":\"https:\/\/addio.eu\/fi\/tuote\/kytkinpaneeli-8\/#breadcrumb\",\"itemListElement\":[{\"@type\":\"ListItem\",\"position\":1,\"name\":\"Home\",\"item\":\"https:\/\/addio.eu\/fi\/addion-etusivu\/\"},{\"@type\":\"ListItem\",\"position\":2,\"name\":\"Tuotteet\",\"item\":\"https:\/\/addio.eu\/fi\/tuotteet\/\"},{\"@type\":\"ListItem\",\"position\":3,\"name\":\"Kytkinpaneeli 8\"}]},{\"@type\":\"WebSite\",\"@id\":\"https:\/\/addio.eu\/fi\/#website\",\"url\":\"https:\/\/addio.eu\/fi\/\",\"name\":\"addio.eu\",\"description\":\"\",\"publisher\":{\"@id\":\"https:\/\/addio.eu\/fi\/#organization\"},\"potentialAction\":[{\"@type\":\"SearchAction\",\"target\":{\"@type\":\"EntryPoint\",\"urlTemplate\":\"https:\/\/addio.eu\/fi\/?s={search_term_string}\"},\"query-input\":{\"@type\":\"PropertyValueSpecification\",\"valueRequired\":true,\"valueName\":\"search_term_string\"}}],\"inLanguage\":\"fi\"},{\"@type\":\"Organization\",\"@id\":\"https:\/\/addio.eu\/fi\/#organization\",\"name\":\"Addio elektroniikka\",\"url\":\"https:\/\/addio.eu\/fi\/\",\"logo\":{\"@type\":\"ImageObject\",\"inLanguage\":\"fi\",\"@id\":\"https:\/\/addio.eu\/fi\/#\/schema\/logo\/image\/\",\"url\":\"https:\/\/addio.eu\/wp-content\/uploads\/2024\/10\/Lager_1-1.svg\",\"contentUrl\":\"https:\/\/addio.eu\/wp-content\/uploads\/2024\/10\/Lager_1-1.svg\",\"caption\":\"Addio elektroniikka\"},\"image\":{\"@id\":\"https:\/\/addio.eu\/fi\/#\/schema\/logo\/image\/\"},\"sameAs\":[\"https:\/\/www.facebook.com\/AddioElectronicsAB\/\",\"https:\/\/www.linkedin.com\/company\/addio-electronics-ab\"]}]}<\/script>\n<!-- \/ Yoast SEO plugin. -->","yoast_head_json":{"title":"Kytkinpaneeli 8 - Addio Electronics","robots":{"index":"index","follow":"follow","max-snippet":"max-snippet:-1","max-image-preview":"max-image-preview:large","max-video-preview":"max-video-preview:-1"},"canonical":"https:\/\/addio.eu\/fi\/tuote\/kytkinpaneeli-8\/","og_locale":"fi_FI","og_type":"article","og_title":"Kytkinpaneeli 8 - Addio Electronics","og_description":"Helppo johdotus ja asennus Addio-ohjauspaneeleilla Addio-ohjauspaneelit on helppo asentaa mukana tulevalla kaksipuolisella teipill\u00e4 tai asennuskiinnikkeell\u00e4 (saatavana lis\u00e4varusteena). N\u00e4pp\u00e4imist\u00f6t liitet\u00e4\u00e4n relelaatikon COM\/CAN-porttiin mukana tulevalla kaapelilla.  Addio-kytkinpaneelit ovat yhteensopivia sek\u00e4 12V ett\u00e4 24V DRB-laitteidemme kanssa. Ominaisuudet  Jokainen painike voidaan asettaa ohjaamaan useita toimintoja ja se voi aktivoida l\u00e4hd\u00f6n ja\/tai toimia indikaattorina n\u00e4ytt\u00e4m\u00e4\u00e4n tietyn tulon, l\u00e4hd\u00f6n tai muun sis\u00e4isen toiminnon tilan. J\u00e4rjestelm\u00e4ss\u00e4 voidaan k\u00e4ytt\u00e4\u00e4 jopa nelj\u00e4\u00e4 ohjauspaneelia, ja ne voidaan m\u00e4\u00e4ritt\u00e4\u00e4 yksil\u00f6llisesti tai toimia rinnakkain (porraskytkent\u00e4).","og_url":"https:\/\/addio.eu\/fi\/tuote\/kytkinpaneeli-8\/","og_site_name":"Addio Electronics","article_publisher":"https:\/\/www.facebook.com\/AddioElectronicsAB\/","og_image":[{"width":1328,"height":638,"url":"https:\/\/addio.eu\/wp-content\/uploads\/2025\/03\/sw8.png","type":"image\/png"}],"twitter_card":"summary_large_image","twitter_misc":{"Arvioitu lukuaika":"1 minuutti"},"schema":{"@context":"https:\/\/schema.org","@graph":[{"@type":"WebPage","@id":"https:\/\/addio.eu\/fi\/tuote\/kytkinpaneeli-8\/","url":"https:\/\/addio.eu\/fi\/tuote\/kytkinpaneeli-8\/","name":"Kytkinpaneeli 8 - Addio Electronics","isPartOf":{"@id":"https:\/\/addio.eu\/fi\/#website"},"primaryImageOfPage":{"@id":"https:\/\/addio.eu\/fi\/tuote\/kytkinpaneeli-8\/#primaryimage"},"image":{"@id":"https:\/\/addio.eu\/fi\/tuote\/kytkinpaneeli-8\/#primaryimage"},"thumbnailUrl":"https:\/\/addio.eu\/wp-content\/uploads\/2025\/03\/sw8.png","datePublished":"2025-03-25T10:31:55+00:00","breadcrumb":{"@id":"https:\/\/addio.eu\/fi\/tuote\/kytkinpaneeli-8\/#breadcrumb"},"inLanguage":"fi","potentialAction":[{"@type":"ReadAction","target":["https:\/\/addio.eu\/fi\/tuote\/kytkinpaneeli-8\/"]}]},{"@type":"ImageObject","inLanguage":"fi","@id":"https:\/\/addio.eu\/fi\/tuote\/kytkinpaneeli-8\/#primaryimage","url":"https:\/\/addio.eu\/wp-content\/uploads\/2025\/03\/sw8.png","contentUrl":"https:\/\/addio.eu\/wp-content\/uploads\/2025\/03\/sw8.png","width":1328,"height":638},{"@type":"BreadcrumbList","@id":"https:\/\/addio.eu\/fi\/tuote\/kytkinpaneeli-8\/#breadcrumb","itemListElement":[{"@type":"ListItem","position":1,"name":"Home","item":"https:\/\/addio.eu\/fi\/addion-etusivu\/"},{"@type":"ListItem","position":2,"name":"Tuotteet","item":"https:\/\/addio.eu\/fi\/tuotteet\/"},{"@type":"ListItem","position":3,"name":"Kytkinpaneeli 8"}]},{"@type":"WebSite","@id":"https:\/\/addio.eu\/fi\/#website","url":"https:\/\/addio.eu\/fi\/","name":"addio.eu","description":"","publisher":{"@id":"https:\/\/addio.eu\/fi\/#organization"},"potentialAction":[{"@type":"SearchAction","target":{"@type":"EntryPoint","urlTemplate":"https:\/\/addio.eu\/fi\/?s={search_term_string}"},"query-input":{"@type":"PropertyValueSpecification","valueRequired":true,"valueName":"search_term_string"}}],"inLanguage":"fi"},{"@type":"Organization","@id":"https:\/\/addio.eu\/fi\/#organization","name":"Addio elektroniikka","url":"https:\/\/addio.eu\/fi\/","logo":{"@type":"ImageObject","inLanguage":"fi","@id":"https:\/\/addio.eu\/fi\/#\/schema\/logo\/image\/","url":"https:\/\/addio.eu\/wp-content\/uploads\/2024\/10\/Lager_1-1.svg","contentUrl":"https:\/\/addio.eu\/wp-content\/uploads\/2024\/10\/Lager_1-1.svg","caption":"Addio elektroniikka"},"image":{"@id":"https:\/\/addio.eu\/fi\/#\/schema\/logo\/image\/"},"sameAs":["https:\/\/www.facebook.com\/AddioElectronicsAB\/","https:\/\/www.linkedin.com\/company\/addio-electronics-ab"]}]}},"_links":{"self":[{"href":"https:\/\/addio.eu\/fi\/wp-json\/wp\/v2\/product\/12646","targetHints":{"allow":["GET"]}}],"collection":[{"href":"https:\/\/addio.eu\/fi\/wp-json\/wp\/v2\/product"}],"about":[{"href":"https:\/\/addio.eu\/fi\/wp-json\/wp\/v2\/types\/product"}],"replies":[{"embeddable":true,"href":"https:\/\/addio.eu\/fi\/wp-json\/wp\/v2\/comments?post=12646"}],"wp:featuredmedia":[{"embeddable":true,"href":"https:\/\/addio.eu\/fi\/wp-json\/wp\/v2\/media\/6239"}],"wp:attachment":[{"href":"https:\/\/addio.eu\/fi\/wp-json\/wp\/v2\/media?parent=12646"}],"wp:term":[{"taxonomy":"product_brand","embeddable":true,"href":"https:\/\/addio.eu\/fi\/wp-json\/wp\/v2\/product_brand?post=12646"},{"taxonomy":"product_cat","embeddable":true,"href":"https:\/\/addio.eu\/fi\/wp-json\/wp\/v2\/product_cat?post=12646"},{"taxonomy":"product_tag","embeddable":true,"href":"https:\/\/addio.eu\/fi\/wp-json\/wp\/v2\/product_tag?post=12646"}],"curies":[{"name":"wp","href":"https:\/\/api.w.org\/{rel}","templated":true}]}}