{"id":11833,"date":"2025-03-07T11:01:36","date_gmt":"2025-03-07T11:01:36","guid":{"rendered":"https:\/\/addio.eu\/product\/22-kanavainen-sisaantuloyksikko\/"},"modified":"2025-03-07T11:01:36","modified_gmt":"2025-03-07T11:01:36","slug":"22-kanavainen-sisaantuloyksikko","status":"publish","type":"product","link":"https:\/\/addio.eu\/fi\/tuote\/22-kanavainen-sisaantuloyksikko\/","title":{"rendered":"22-kanavainen sis\u00e4\u00e4ntuloyksikk\u00f6"},"content":{"rendered":"<p><strong>Koko<\/strong><br \/>\n74*71*21 mm<\/p>\n<p><strong>Paino<\/strong><br \/>\n53 g<\/p>\n","protected":false},"excerpt":{"rendered":"<p class=\"\" data-start=\"72\" data-end=\"283\">ADV DRB:iden lis\u00e4varusteena on 22 sis\u00e4\u00e4ntulolla varustettu sis\u00e4\u00e4ntuloyksikk\u00f6, joka liitet\u00e4\u00e4n DRB:iden COM\/CAN-porttiin.<\/p>\n<p class=\"\" data-start=\"285\" data-end=\"538\">Yksik\u00f6ss\u00e4 on 3 irrotettavaa 8-nastaista liitint\u00e4. Sis\u00e4\u00e4ntulot on merkitty A, B ja C, joista sis\u00e4\u00e4ntulossa A on 6 sis\u00e4\u00e4ntuloa sek\u00e4 plus- ja miinusvirtal\u00e4hd\u00f6t, joita voidaan k\u00e4ytt\u00e4\u00e4 ulkoisten painikkeiden virransy\u00f6tt\u00f6\u00f6n. Sis\u00e4\u00e4ntuloissa B ja C on kummassakin 8 sis\u00e4\u00e4ntuloa, numeroitu 1-8.  <\/p>\n<p class=\"\" data-start=\"540\" data-end=\"683\">Tiedonsiirtoportti koostuu kahdesta RJ-10-liittimest\u00e4, jotka ovat identtisi\u00e4 ja kytketty rinnakkain, joten kumpaa tahansa liitint\u00e4 voidaan k\u00e4ytt\u00e4\u00e4.<\/p>\n<p class=\"\" data-start=\"30\" data-end=\"270\"><strong>Luo oma n\u00e4pp\u00e4imist\u00f6si<\/strong><br \/>\nJos haluat luoda oman n\u00e4pp\u00e4imist\u00f6n, jossa on jopa 22 mukautettavaa painiketta, kuten kest\u00e4v\u00e4t painikkeet ulkok\u00e4ytt\u00f6\u00f6n, voit liitt\u00e4\u00e4 yksitt\u00e4iset painikkeet t\u00e4h\u00e4n yksikk\u00f6\u00f6n, joka sitten yhdistet\u00e4\u00e4n DRB-yksikk\u00f6\u00f6n yksinkertaisella kaapelilla (CAN-v\u00e4yl\u00e4n kautta).<\/p>\n<p class=\"\" data-start=\"272\" data-end=\"401\">Addio-j\u00e4rjestelm\u00e4ss\u00e4 voidaan liitt\u00e4\u00e4 2 yksikk\u00f6\u00e4, jolloin voit saada 22 yksil\u00f6llist\u00e4 toimintoa rinnakkain kahdessa identtisess\u00e4 n\u00e4pp\u00e4imist\u00f6ss\u00e4<\/p>\n","protected":false},"featured_media":5891,"comment_status":"open","ping_status":"closed","template":"","meta":[],"product_brand":[],"product_cat":[302],"product_tag":[],"class_list":{"0":"post-11833","1":"product","2":"type-product","3":"status-publish","4":"has-post-thumbnail","6":"product_cat-can-liitettavyys","8":"first","9":"instock","10":"shipping-taxable","11":"product-type-simple"},"yoast_head":"<!-- This site is optimized with the Yoast SEO plugin v26.0 - https:\/\/yoast.com\/wordpress\/plugins\/seo\/ -->\n<title>22-kanavainen sis\u00e4\u00e4ntuloyksikk\u00f6 - Addio Electronics<\/title>\n<meta name=\"robots\" content=\"index, follow, max-snippet:-1, max-image-preview:large, max-video-preview:-1\" \/>\n<link rel=\"canonical\" href=\"https:\/\/addio.eu\/fi\/tuote\/22-kanavainen-sisaantuloyksikko\/\" \/>\n<meta property=\"og:locale\" content=\"fi_FI\" \/>\n<meta property=\"og:type\" content=\"article\" \/>\n<meta property=\"og:title\" content=\"22-kanavainen sis\u00e4\u00e4ntuloyksikk\u00f6 - Addio Electronics\" \/>\n<meta property=\"og:description\" content=\"ADV DRB:iden lis\u00e4varusteena on 22 sis\u00e4\u00e4ntulolla varustettu sis\u00e4\u00e4ntuloyksikk\u00f6, joka liitet\u00e4\u00e4n DRB:iden COM\/CAN-porttiin. Yksik\u00f6ss\u00e4 on 3 irrotettavaa 8-nastaista liitint\u00e4. Sis\u00e4\u00e4ntulot on merkitty A, B ja C, joista sis\u00e4\u00e4ntulossa A on 6 sis\u00e4\u00e4ntuloa sek\u00e4 plus- ja miinusvirtal\u00e4hd\u00f6t, joita voidaan k\u00e4ytt\u00e4\u00e4 ulkoisten painikkeiden virransy\u00f6tt\u00f6\u00f6n. Sis\u00e4\u00e4ntuloissa B ja C on kummassakin 8 sis\u00e4\u00e4ntuloa, numeroitu 1-8.  Tiedonsiirtoportti koostuu kahdesta RJ-10-liittimest\u00e4, jotka ovat identtisi\u00e4 ja kytketty rinnakkain, joten kumpaa tahansa liitint\u00e4 voidaan k\u00e4ytt\u00e4\u00e4. Luo oma n\u00e4pp\u00e4imist\u00f6si Jos haluat luoda oman n\u00e4pp\u00e4imist\u00f6n, jossa on jopa 22 mukautettavaa painiketta, kuten kest\u00e4v\u00e4t painikkeet ulkok\u00e4ytt\u00f6\u00f6n, voit liitt\u00e4\u00e4 yksitt\u00e4iset painikkeet t\u00e4h\u00e4n yksikk\u00f6\u00f6n, joka sitten yhdistet\u00e4\u00e4n DRB-yksikk\u00f6\u00f6n yksinkertaisella kaapelilla (CAN-v\u00e4yl\u00e4n kautta). Addio-j\u00e4rjestelm\u00e4ss\u00e4 voidaan liitt\u00e4\u00e4 2 yksikk\u00f6\u00e4, jolloin voit saada 22 yksil\u00f6llist\u00e4 toimintoa rinnakkain kahdessa identtisess\u00e4 n\u00e4pp\u00e4imist\u00f6ss\u00e4\" \/>\n<meta property=\"og:url\" content=\"https:\/\/addio.eu\/fi\/tuote\/22-kanavainen-sisaantuloyksikko\/\" \/>\n<meta property=\"og:site_name\" content=\"Addio Electronics\" \/>\n<meta property=\"article:publisher\" content=\"https:\/\/www.facebook.com\/AddioElectronicsAB\/\" \/>\n<meta property=\"og:image\" content=\"https:\/\/addio.eu\/wp-content\/uploads\/2025\/03\/IMG_1659-scaled.jpg\" \/>\n\t<meta property=\"og:image:width\" content=\"2560\" \/>\n\t<meta property=\"og:image:height\" content=\"1920\" \/>\n\t<meta property=\"og:image:type\" content=\"image\/jpeg\" \/>\n<meta name=\"twitter:card\" content=\"summary_large_image\" \/>\n<script type=\"application\/ld+json\" class=\"yoast-schema-graph\">{\"@context\":\"https:\/\/schema.org\",\"@graph\":[{\"@type\":\"WebPage\",\"@id\":\"https:\/\/addio.eu\/fi\/tuote\/22-kanavainen-sisaantuloyksikko\/\",\"url\":\"https:\/\/addio.eu\/fi\/tuote\/22-kanavainen-sisaantuloyksikko\/\",\"name\":\"22-kanavainen sis\u00e4\u00e4ntuloyksikk\u00f6 - Addio Electronics\",\"isPartOf\":{\"@id\":\"https:\/\/addio.eu\/fi\/#website\"},\"primaryImageOfPage\":{\"@id\":\"https:\/\/addio.eu\/fi\/tuote\/22-kanavainen-sisaantuloyksikko\/#primaryimage\"},\"image\":{\"@id\":\"https:\/\/addio.eu\/fi\/tuote\/22-kanavainen-sisaantuloyksikko\/#primaryimage\"},\"thumbnailUrl\":\"https:\/\/addio.eu\/wp-content\/uploads\/2025\/03\/IMG_1659-scaled.jpg\",\"datePublished\":\"2025-03-07T11:01:36+00:00\",\"breadcrumb\":{\"@id\":\"https:\/\/addio.eu\/fi\/tuote\/22-kanavainen-sisaantuloyksikko\/#breadcrumb\"},\"inLanguage\":\"fi\",\"potentialAction\":[{\"@type\":\"ReadAction\",\"target\":[\"https:\/\/addio.eu\/fi\/tuote\/22-kanavainen-sisaantuloyksikko\/\"]}]},{\"@type\":\"ImageObject\",\"inLanguage\":\"fi\",\"@id\":\"https:\/\/addio.eu\/fi\/tuote\/22-kanavainen-sisaantuloyksikko\/#primaryimage\",\"url\":\"https:\/\/addio.eu\/wp-content\/uploads\/2025\/03\/IMG_1659-scaled.jpg\",\"contentUrl\":\"https:\/\/addio.eu\/wp-content\/uploads\/2025\/03\/IMG_1659-scaled.jpg\",\"width\":2560,\"height\":1920},{\"@type\":\"BreadcrumbList\",\"@id\":\"https:\/\/addio.eu\/fi\/tuote\/22-kanavainen-sisaantuloyksikko\/#breadcrumb\",\"itemListElement\":[{\"@type\":\"ListItem\",\"position\":1,\"name\":\"Home\",\"item\":\"https:\/\/addio.eu\/fi\/addion-etusivu\/\"},{\"@type\":\"ListItem\",\"position\":2,\"name\":\"Tuotteet\",\"item\":\"https:\/\/addio.eu\/fi\/tuotteet\/\"},{\"@type\":\"ListItem\",\"position\":3,\"name\":\"22-kanavainen sis\u00e4\u00e4ntuloyksikk\u00f6\"}]},{\"@type\":\"WebSite\",\"@id\":\"https:\/\/addio.eu\/fi\/#website\",\"url\":\"https:\/\/addio.eu\/fi\/\",\"name\":\"addio.eu\",\"description\":\"\",\"publisher\":{\"@id\":\"https:\/\/addio.eu\/fi\/#organization\"},\"potentialAction\":[{\"@type\":\"SearchAction\",\"target\":{\"@type\":\"EntryPoint\",\"urlTemplate\":\"https:\/\/addio.eu\/fi\/?s={search_term_string}\"},\"query-input\":{\"@type\":\"PropertyValueSpecification\",\"valueRequired\":true,\"valueName\":\"search_term_string\"}}],\"inLanguage\":\"fi\"},{\"@type\":\"Organization\",\"@id\":\"https:\/\/addio.eu\/fi\/#organization\",\"name\":\"Addio elektroniikka\",\"url\":\"https:\/\/addio.eu\/fi\/\",\"logo\":{\"@type\":\"ImageObject\",\"inLanguage\":\"fi\",\"@id\":\"https:\/\/addio.eu\/fi\/#\/schema\/logo\/image\/\",\"url\":\"https:\/\/addio.eu\/wp-content\/uploads\/2024\/10\/Lager_1-1.svg\",\"contentUrl\":\"https:\/\/addio.eu\/wp-content\/uploads\/2024\/10\/Lager_1-1.svg\",\"caption\":\"Addio elektroniikka\"},\"image\":{\"@id\":\"https:\/\/addio.eu\/fi\/#\/schema\/logo\/image\/\"},\"sameAs\":[\"https:\/\/www.facebook.com\/AddioElectronicsAB\/\",\"https:\/\/www.linkedin.com\/company\/addio-electronics-ab\"]}]}<\/script>\n<!-- \/ Yoast SEO plugin. -->","yoast_head_json":{"title":"22-kanavainen sis\u00e4\u00e4ntuloyksikk\u00f6 - Addio Electronics","robots":{"index":"index","follow":"follow","max-snippet":"max-snippet:-1","max-image-preview":"max-image-preview:large","max-video-preview":"max-video-preview:-1"},"canonical":"https:\/\/addio.eu\/fi\/tuote\/22-kanavainen-sisaantuloyksikko\/","og_locale":"fi_FI","og_type":"article","og_title":"22-kanavainen sis\u00e4\u00e4ntuloyksikk\u00f6 - Addio Electronics","og_description":"ADV DRB:iden lis\u00e4varusteena on 22 sis\u00e4\u00e4ntulolla varustettu sis\u00e4\u00e4ntuloyksikk\u00f6, joka liitet\u00e4\u00e4n DRB:iden COM\/CAN-porttiin. Yksik\u00f6ss\u00e4 on 3 irrotettavaa 8-nastaista liitint\u00e4. Sis\u00e4\u00e4ntulot on merkitty A, B ja C, joista sis\u00e4\u00e4ntulossa A on 6 sis\u00e4\u00e4ntuloa sek\u00e4 plus- ja miinusvirtal\u00e4hd\u00f6t, joita voidaan k\u00e4ytt\u00e4\u00e4 ulkoisten painikkeiden virransy\u00f6tt\u00f6\u00f6n. Sis\u00e4\u00e4ntuloissa B ja C on kummassakin 8 sis\u00e4\u00e4ntuloa, numeroitu 1-8.  Tiedonsiirtoportti koostuu kahdesta RJ-10-liittimest\u00e4, jotka ovat identtisi\u00e4 ja kytketty rinnakkain, joten kumpaa tahansa liitint\u00e4 voidaan k\u00e4ytt\u00e4\u00e4. Luo oma n\u00e4pp\u00e4imist\u00f6si Jos haluat luoda oman n\u00e4pp\u00e4imist\u00f6n, jossa on jopa 22 mukautettavaa painiketta, kuten kest\u00e4v\u00e4t painikkeet ulkok\u00e4ytt\u00f6\u00f6n, voit liitt\u00e4\u00e4 yksitt\u00e4iset painikkeet t\u00e4h\u00e4n yksikk\u00f6\u00f6n, joka sitten yhdistet\u00e4\u00e4n DRB-yksikk\u00f6\u00f6n yksinkertaisella kaapelilla (CAN-v\u00e4yl\u00e4n kautta). Addio-j\u00e4rjestelm\u00e4ss\u00e4 voidaan liitt\u00e4\u00e4 2 yksikk\u00f6\u00e4, jolloin voit saada 22 yksil\u00f6llist\u00e4 toimintoa rinnakkain kahdessa identtisess\u00e4 n\u00e4pp\u00e4imist\u00f6ss\u00e4","og_url":"https:\/\/addio.eu\/fi\/tuote\/22-kanavainen-sisaantuloyksikko\/","og_site_name":"Addio Electronics","article_publisher":"https:\/\/www.facebook.com\/AddioElectronicsAB\/","og_image":[{"width":2560,"height":1920,"url":"https:\/\/addio.eu\/wp-content\/uploads\/2025\/03\/IMG_1659-scaled.jpg","type":"image\/jpeg"}],"twitter_card":"summary_large_image","schema":{"@context":"https:\/\/schema.org","@graph":[{"@type":"WebPage","@id":"https:\/\/addio.eu\/fi\/tuote\/22-kanavainen-sisaantuloyksikko\/","url":"https:\/\/addio.eu\/fi\/tuote\/22-kanavainen-sisaantuloyksikko\/","name":"22-kanavainen sis\u00e4\u00e4ntuloyksikk\u00f6 - Addio Electronics","isPartOf":{"@id":"https:\/\/addio.eu\/fi\/#website"},"primaryImageOfPage":{"@id":"https:\/\/addio.eu\/fi\/tuote\/22-kanavainen-sisaantuloyksikko\/#primaryimage"},"image":{"@id":"https:\/\/addio.eu\/fi\/tuote\/22-kanavainen-sisaantuloyksikko\/#primaryimage"},"thumbnailUrl":"https:\/\/addio.eu\/wp-content\/uploads\/2025\/03\/IMG_1659-scaled.jpg","datePublished":"2025-03-07T11:01:36+00:00","breadcrumb":{"@id":"https:\/\/addio.eu\/fi\/tuote\/22-kanavainen-sisaantuloyksikko\/#breadcrumb"},"inLanguage":"fi","potentialAction":[{"@type":"ReadAction","target":["https:\/\/addio.eu\/fi\/tuote\/22-kanavainen-sisaantuloyksikko\/"]}]},{"@type":"ImageObject","inLanguage":"fi","@id":"https:\/\/addio.eu\/fi\/tuote\/22-kanavainen-sisaantuloyksikko\/#primaryimage","url":"https:\/\/addio.eu\/wp-content\/uploads\/2025\/03\/IMG_1659-scaled.jpg","contentUrl":"https:\/\/addio.eu\/wp-content\/uploads\/2025\/03\/IMG_1659-scaled.jpg","width":2560,"height":1920},{"@type":"BreadcrumbList","@id":"https:\/\/addio.eu\/fi\/tuote\/22-kanavainen-sisaantuloyksikko\/#breadcrumb","itemListElement":[{"@type":"ListItem","position":1,"name":"Home","item":"https:\/\/addio.eu\/fi\/addion-etusivu\/"},{"@type":"ListItem","position":2,"name":"Tuotteet","item":"https:\/\/addio.eu\/fi\/tuotteet\/"},{"@type":"ListItem","position":3,"name":"22-kanavainen sis\u00e4\u00e4ntuloyksikk\u00f6"}]},{"@type":"WebSite","@id":"https:\/\/addio.eu\/fi\/#website","url":"https:\/\/addio.eu\/fi\/","name":"addio.eu","description":"","publisher":{"@id":"https:\/\/addio.eu\/fi\/#organization"},"potentialAction":[{"@type":"SearchAction","target":{"@type":"EntryPoint","urlTemplate":"https:\/\/addio.eu\/fi\/?s={search_term_string}"},"query-input":{"@type":"PropertyValueSpecification","valueRequired":true,"valueName":"search_term_string"}}],"inLanguage":"fi"},{"@type":"Organization","@id":"https:\/\/addio.eu\/fi\/#organization","name":"Addio elektroniikka","url":"https:\/\/addio.eu\/fi\/","logo":{"@type":"ImageObject","inLanguage":"fi","@id":"https:\/\/addio.eu\/fi\/#\/schema\/logo\/image\/","url":"https:\/\/addio.eu\/wp-content\/uploads\/2024\/10\/Lager_1-1.svg","contentUrl":"https:\/\/addio.eu\/wp-content\/uploads\/2024\/10\/Lager_1-1.svg","caption":"Addio elektroniikka"},"image":{"@id":"https:\/\/addio.eu\/fi\/#\/schema\/logo\/image\/"},"sameAs":["https:\/\/www.facebook.com\/AddioElectronicsAB\/","https:\/\/www.linkedin.com\/company\/addio-electronics-ab"]}]}},"_links":{"self":[{"href":"https:\/\/addio.eu\/fi\/wp-json\/wp\/v2\/product\/11833","targetHints":{"allow":["GET"]}}],"collection":[{"href":"https:\/\/addio.eu\/fi\/wp-json\/wp\/v2\/product"}],"about":[{"href":"https:\/\/addio.eu\/fi\/wp-json\/wp\/v2\/types\/product"}],"replies":[{"embeddable":true,"href":"https:\/\/addio.eu\/fi\/wp-json\/wp\/v2\/comments?post=11833"}],"wp:featuredmedia":[{"embeddable":true,"href":"https:\/\/addio.eu\/fi\/wp-json\/wp\/v2\/media\/5891"}],"wp:attachment":[{"href":"https:\/\/addio.eu\/fi\/wp-json\/wp\/v2\/media?parent=11833"}],"wp:term":[{"taxonomy":"product_brand","embeddable":true,"href":"https:\/\/addio.eu\/fi\/wp-json\/wp\/v2\/product_brand?post=11833"},{"taxonomy":"product_cat","embeddable":true,"href":"https:\/\/addio.eu\/fi\/wp-json\/wp\/v2\/product_cat?post=11833"},{"taxonomy":"product_tag","embeddable":true,"href":"https:\/\/addio.eu\/fi\/wp-json\/wp\/v2\/product_tag?post=11833"}],"curies":[{"name":"wp","href":"https:\/\/api.w.org\/{rel}","templated":true}]}}