{"id":11722,"date":"2025-03-07T10:42:15","date_gmt":"2025-03-07T10:42:15","guid":{"rendered":"https:\/\/addio.eu\/product\/bluetooth-ble-5-0-can\/"},"modified":"2025-03-07T10:42:15","modified_gmt":"2025-03-07T10:42:15","slug":"bluetooth-ble-5-0-can","status":"publish","type":"product","link":"https:\/\/addio.eu\/fi\/tuote\/bluetooth-ble-5-0-can\/","title":{"rendered":"Bluetooth BLE 5.0 CAN"},"content":{"rendered":"<p><strong>Koko<\/strong><br \/>\n50*25*16mm<\/p>\n<p><strong>Paino<\/strong><br \/>\n13g<\/p>\n","protected":false},"excerpt":{"rendered":"<p class=\"\" data-start=\"47\" data-end=\"110\"><strong data-start=\"47\" data-end=\"110\">Bluetooth-yksikk\u00f6 j\u00e4rjestelm\u00e4n ohjaamiseen matkapuhelimella<\/strong><\/p>\n<p class=\"\" data-start=\"112\" data-end=\"367\">Kaikkien ADV-yksik\u00f6iden lis\u00e4varusteena Bluetooth-moduuli voidaan liitt\u00e4\u00e4 CAN-portin kautta langatonta ohjausta varten iOS (Apple)- ja Android-laitteiden mobiilisovelluksen kautta. Mobiililaitteen on tuettava Bluetooth 4.0:aa tai uudempaa yhteyden muodostamiseksi. <\/p>\n<p class=\"\" data-start=\"369\" data-end=\"632\">Moduuli on t\u00e4rke\u00e4\u00e4 sijoittaa paikkaan, jossa se voi yll\u00e4pit\u00e4\u00e4 parhaan mahdollisen yhteyden mobiililaitteeseen. Selke\u00e4ll\u00e4 n\u00e4k\u00f6yhteydell\u00e4 voidaan saavuttaa yli 150 metrin kantama, vaikka t\u00e4m\u00e4 riippuu suuresti k\u00e4ytett\u00e4v\u00e4st\u00e4 mobiililaitteesta. <\/p>\n<p class=\"\" data-start=\"634\" data-end=\"763\">Tietoliikenneportti koostuu RJ-10-liittimest\u00e4 moduulin lyhyell\u00e4 sivulla, joka liitet\u00e4\u00e4n yksik\u00f6n COM\/CAN-porttiin.<\/p>\n","protected":false},"featured_media":5873,"comment_status":"open","ping_status":"closed","template":"","meta":[],"product_brand":[],"product_cat":[291],"product_tag":[292],"class_list":{"0":"post-11722","1":"product","2":"type-product","3":"status-publish","4":"has-post-thumbnail","6":"product_cat-bluetooth","7":"product_tag-bluetooth","9":"first","10":"instock","11":"shipping-taxable","12":"product-type-simple"},"yoast_head":"<!-- This site is optimized with the Yoast SEO plugin v26.0 - https:\/\/yoast.com\/wordpress\/plugins\/seo\/ -->\n<title>Bluetooth BLE 5.0 CAN - Addio Electronics<\/title>\n<meta name=\"robots\" content=\"index, follow, max-snippet:-1, max-image-preview:large, max-video-preview:-1\" \/>\n<link rel=\"canonical\" href=\"https:\/\/addio.eu\/fi\/tuote\/bluetooth-ble-5-0-can\/\" \/>\n<meta property=\"og:locale\" content=\"fi_FI\" \/>\n<meta property=\"og:type\" content=\"article\" \/>\n<meta property=\"og:title\" content=\"Bluetooth BLE 5.0 CAN - Addio Electronics\" \/>\n<meta property=\"og:description\" content=\"Bluetooth-yksikk\u00f6 j\u00e4rjestelm\u00e4n ohjaamiseen matkapuhelimella Kaikkien ADV-yksik\u00f6iden lis\u00e4varusteena Bluetooth-moduuli voidaan liitt\u00e4\u00e4 CAN-portin kautta langatonta ohjausta varten iOS (Apple)- ja Android-laitteiden mobiilisovelluksen kautta. Mobiililaitteen on tuettava Bluetooth 4.0:aa tai uudempaa yhteyden muodostamiseksi. Moduuli on t\u00e4rke\u00e4\u00e4 sijoittaa paikkaan, jossa se voi yll\u00e4pit\u00e4\u00e4 parhaan mahdollisen yhteyden mobiililaitteeseen. Selke\u00e4ll\u00e4 n\u00e4k\u00f6yhteydell\u00e4 voidaan saavuttaa yli 150 metrin kantama, vaikka t\u00e4m\u00e4 riippuu suuresti k\u00e4ytett\u00e4v\u00e4st\u00e4 mobiililaitteesta. Tietoliikenneportti koostuu RJ-10-liittimest\u00e4 moduulin lyhyell\u00e4 sivulla, joka liitet\u00e4\u00e4n yksik\u00f6n COM\/CAN-porttiin.\" \/>\n<meta property=\"og:url\" content=\"https:\/\/addio.eu\/fi\/tuote\/bluetooth-ble-5-0-can\/\" \/>\n<meta property=\"og:site_name\" content=\"Addio Electronics\" \/>\n<meta property=\"article:publisher\" content=\"https:\/\/www.facebook.com\/AddioElectronicsAB\/\" \/>\n<meta property=\"og:image\" content=\"https:\/\/addio.eu\/wp-content\/uploads\/2025\/03\/IMG_1545.jpg\" \/>\n\t<meta property=\"og:image:width\" content=\"1065\" \/>\n\t<meta property=\"og:image:height\" content=\"774\" \/>\n\t<meta property=\"og:image:type\" content=\"image\/jpeg\" \/>\n<meta name=\"twitter:card\" content=\"summary_large_image\" \/>\n<script type=\"application\/ld+json\" class=\"yoast-schema-graph\">{\"@context\":\"https:\/\/schema.org\",\"@graph\":[{\"@type\":\"WebPage\",\"@id\":\"https:\/\/addio.eu\/fi\/tuote\/bluetooth-ble-5-0-can\/\",\"url\":\"https:\/\/addio.eu\/fi\/tuote\/bluetooth-ble-5-0-can\/\",\"name\":\"Bluetooth BLE 5.0 CAN - Addio Electronics\",\"isPartOf\":{\"@id\":\"https:\/\/addio.eu\/fi\/#website\"},\"primaryImageOfPage\":{\"@id\":\"https:\/\/addio.eu\/fi\/tuote\/bluetooth-ble-5-0-can\/#primaryimage\"},\"image\":{\"@id\":\"https:\/\/addio.eu\/fi\/tuote\/bluetooth-ble-5-0-can\/#primaryimage\"},\"thumbnailUrl\":\"https:\/\/addio.eu\/wp-content\/uploads\/2025\/03\/IMG_1545.jpg\",\"datePublished\":\"2025-03-07T10:42:15+00:00\",\"breadcrumb\":{\"@id\":\"https:\/\/addio.eu\/fi\/tuote\/bluetooth-ble-5-0-can\/#breadcrumb\"},\"inLanguage\":\"fi\",\"potentialAction\":[{\"@type\":\"ReadAction\",\"target\":[\"https:\/\/addio.eu\/fi\/tuote\/bluetooth-ble-5-0-can\/\"]}]},{\"@type\":\"ImageObject\",\"inLanguage\":\"fi\",\"@id\":\"https:\/\/addio.eu\/fi\/tuote\/bluetooth-ble-5-0-can\/#primaryimage\",\"url\":\"https:\/\/addio.eu\/wp-content\/uploads\/2025\/03\/IMG_1545.jpg\",\"contentUrl\":\"https:\/\/addio.eu\/wp-content\/uploads\/2025\/03\/IMG_1545.jpg\",\"width\":1065,\"height\":774},{\"@type\":\"BreadcrumbList\",\"@id\":\"https:\/\/addio.eu\/fi\/tuote\/bluetooth-ble-5-0-can\/#breadcrumb\",\"itemListElement\":[{\"@type\":\"ListItem\",\"position\":1,\"name\":\"Home\",\"item\":\"https:\/\/addio.eu\/fi\/addion-etusivu\/\"},{\"@type\":\"ListItem\",\"position\":2,\"name\":\"Tuotteet\",\"item\":\"https:\/\/addio.eu\/fi\/tuotteet\/\"},{\"@type\":\"ListItem\",\"position\":3,\"name\":\"Bluetooth BLE 5.0 CAN\"}]},{\"@type\":\"WebSite\",\"@id\":\"https:\/\/addio.eu\/fi\/#website\",\"url\":\"https:\/\/addio.eu\/fi\/\",\"name\":\"addio.eu\",\"description\":\"\",\"publisher\":{\"@id\":\"https:\/\/addio.eu\/fi\/#organization\"},\"potentialAction\":[{\"@type\":\"SearchAction\",\"target\":{\"@type\":\"EntryPoint\",\"urlTemplate\":\"https:\/\/addio.eu\/fi\/?s={search_term_string}\"},\"query-input\":{\"@type\":\"PropertyValueSpecification\",\"valueRequired\":true,\"valueName\":\"search_term_string\"}}],\"inLanguage\":\"fi\"},{\"@type\":\"Organization\",\"@id\":\"https:\/\/addio.eu\/fi\/#organization\",\"name\":\"Addio elektroniikka\",\"url\":\"https:\/\/addio.eu\/fi\/\",\"logo\":{\"@type\":\"ImageObject\",\"inLanguage\":\"fi\",\"@id\":\"https:\/\/addio.eu\/fi\/#\/schema\/logo\/image\/\",\"url\":\"https:\/\/addio.eu\/wp-content\/uploads\/2024\/10\/Lager_1-1.svg\",\"contentUrl\":\"https:\/\/addio.eu\/wp-content\/uploads\/2024\/10\/Lager_1-1.svg\",\"caption\":\"Addio elektroniikka\"},\"image\":{\"@id\":\"https:\/\/addio.eu\/fi\/#\/schema\/logo\/image\/\"},\"sameAs\":[\"https:\/\/www.facebook.com\/AddioElectronicsAB\/\",\"https:\/\/www.linkedin.com\/company\/addio-electronics-ab\"]}]}<\/script>\n<!-- \/ Yoast SEO plugin. -->","yoast_head_json":{"title":"Bluetooth BLE 5.0 CAN - Addio Electronics","robots":{"index":"index","follow":"follow","max-snippet":"max-snippet:-1","max-image-preview":"max-image-preview:large","max-video-preview":"max-video-preview:-1"},"canonical":"https:\/\/addio.eu\/fi\/tuote\/bluetooth-ble-5-0-can\/","og_locale":"fi_FI","og_type":"article","og_title":"Bluetooth BLE 5.0 CAN - Addio Electronics","og_description":"Bluetooth-yksikk\u00f6 j\u00e4rjestelm\u00e4n ohjaamiseen matkapuhelimella Kaikkien ADV-yksik\u00f6iden lis\u00e4varusteena Bluetooth-moduuli voidaan liitt\u00e4\u00e4 CAN-portin kautta langatonta ohjausta varten iOS (Apple)- ja Android-laitteiden mobiilisovelluksen kautta. Mobiililaitteen on tuettava Bluetooth 4.0:aa tai uudempaa yhteyden muodostamiseksi. Moduuli on t\u00e4rke\u00e4\u00e4 sijoittaa paikkaan, jossa se voi yll\u00e4pit\u00e4\u00e4 parhaan mahdollisen yhteyden mobiililaitteeseen. Selke\u00e4ll\u00e4 n\u00e4k\u00f6yhteydell\u00e4 voidaan saavuttaa yli 150 metrin kantama, vaikka t\u00e4m\u00e4 riippuu suuresti k\u00e4ytett\u00e4v\u00e4st\u00e4 mobiililaitteesta. Tietoliikenneportti koostuu RJ-10-liittimest\u00e4 moduulin lyhyell\u00e4 sivulla, joka liitet\u00e4\u00e4n yksik\u00f6n COM\/CAN-porttiin.","og_url":"https:\/\/addio.eu\/fi\/tuote\/bluetooth-ble-5-0-can\/","og_site_name":"Addio Electronics","article_publisher":"https:\/\/www.facebook.com\/AddioElectronicsAB\/","og_image":[{"width":1065,"height":774,"url":"https:\/\/addio.eu\/wp-content\/uploads\/2025\/03\/IMG_1545.jpg","type":"image\/jpeg"}],"twitter_card":"summary_large_image","schema":{"@context":"https:\/\/schema.org","@graph":[{"@type":"WebPage","@id":"https:\/\/addio.eu\/fi\/tuote\/bluetooth-ble-5-0-can\/","url":"https:\/\/addio.eu\/fi\/tuote\/bluetooth-ble-5-0-can\/","name":"Bluetooth BLE 5.0 CAN - Addio Electronics","isPartOf":{"@id":"https:\/\/addio.eu\/fi\/#website"},"primaryImageOfPage":{"@id":"https:\/\/addio.eu\/fi\/tuote\/bluetooth-ble-5-0-can\/#primaryimage"},"image":{"@id":"https:\/\/addio.eu\/fi\/tuote\/bluetooth-ble-5-0-can\/#primaryimage"},"thumbnailUrl":"https:\/\/addio.eu\/wp-content\/uploads\/2025\/03\/IMG_1545.jpg","datePublished":"2025-03-07T10:42:15+00:00","breadcrumb":{"@id":"https:\/\/addio.eu\/fi\/tuote\/bluetooth-ble-5-0-can\/#breadcrumb"},"inLanguage":"fi","potentialAction":[{"@type":"ReadAction","target":["https:\/\/addio.eu\/fi\/tuote\/bluetooth-ble-5-0-can\/"]}]},{"@type":"ImageObject","inLanguage":"fi","@id":"https:\/\/addio.eu\/fi\/tuote\/bluetooth-ble-5-0-can\/#primaryimage","url":"https:\/\/addio.eu\/wp-content\/uploads\/2025\/03\/IMG_1545.jpg","contentUrl":"https:\/\/addio.eu\/wp-content\/uploads\/2025\/03\/IMG_1545.jpg","width":1065,"height":774},{"@type":"BreadcrumbList","@id":"https:\/\/addio.eu\/fi\/tuote\/bluetooth-ble-5-0-can\/#breadcrumb","itemListElement":[{"@type":"ListItem","position":1,"name":"Home","item":"https:\/\/addio.eu\/fi\/addion-etusivu\/"},{"@type":"ListItem","position":2,"name":"Tuotteet","item":"https:\/\/addio.eu\/fi\/tuotteet\/"},{"@type":"ListItem","position":3,"name":"Bluetooth BLE 5.0 CAN"}]},{"@type":"WebSite","@id":"https:\/\/addio.eu\/fi\/#website","url":"https:\/\/addio.eu\/fi\/","name":"addio.eu","description":"","publisher":{"@id":"https:\/\/addio.eu\/fi\/#organization"},"potentialAction":[{"@type":"SearchAction","target":{"@type":"EntryPoint","urlTemplate":"https:\/\/addio.eu\/fi\/?s={search_term_string}"},"query-input":{"@type":"PropertyValueSpecification","valueRequired":true,"valueName":"search_term_string"}}],"inLanguage":"fi"},{"@type":"Organization","@id":"https:\/\/addio.eu\/fi\/#organization","name":"Addio elektroniikka","url":"https:\/\/addio.eu\/fi\/","logo":{"@type":"ImageObject","inLanguage":"fi","@id":"https:\/\/addio.eu\/fi\/#\/schema\/logo\/image\/","url":"https:\/\/addio.eu\/wp-content\/uploads\/2024\/10\/Lager_1-1.svg","contentUrl":"https:\/\/addio.eu\/wp-content\/uploads\/2024\/10\/Lager_1-1.svg","caption":"Addio elektroniikka"},"image":{"@id":"https:\/\/addio.eu\/fi\/#\/schema\/logo\/image\/"},"sameAs":["https:\/\/www.facebook.com\/AddioElectronicsAB\/","https:\/\/www.linkedin.com\/company\/addio-electronics-ab"]}]}},"_links":{"self":[{"href":"https:\/\/addio.eu\/fi\/wp-json\/wp\/v2\/product\/11722","targetHints":{"allow":["GET"]}}],"collection":[{"href":"https:\/\/addio.eu\/fi\/wp-json\/wp\/v2\/product"}],"about":[{"href":"https:\/\/addio.eu\/fi\/wp-json\/wp\/v2\/types\/product"}],"replies":[{"embeddable":true,"href":"https:\/\/addio.eu\/fi\/wp-json\/wp\/v2\/comments?post=11722"}],"wp:featuredmedia":[{"embeddable":true,"href":"https:\/\/addio.eu\/fi\/wp-json\/wp\/v2\/media\/5873"}],"wp:attachment":[{"href":"https:\/\/addio.eu\/fi\/wp-json\/wp\/v2\/media?parent=11722"}],"wp:term":[{"taxonomy":"product_brand","embeddable":true,"href":"https:\/\/addio.eu\/fi\/wp-json\/wp\/v2\/product_brand?post=11722"},{"taxonomy":"product_cat","embeddable":true,"href":"https:\/\/addio.eu\/fi\/wp-json\/wp\/v2\/product_cat?post=11722"},{"taxonomy":"product_tag","embeddable":true,"href":"https:\/\/addio.eu\/fi\/wp-json\/wp\/v2\/product_tag?post=11722"}],"curies":[{"name":"wp","href":"https:\/\/api.w.org\/{rel}","templated":true}]}}