{"id":11302,"date":"2025-03-07T10:19:14","date_gmt":"2025-03-07T10:19:14","guid":{"rendered":"https:\/\/addio.eu\/product\/drb-5024-8-adv\/"},"modified":"2026-02-10T17:00:12","modified_gmt":"2026-02-10T17:00:12","slug":"drb-5024-8-adv","status":"publish","type":"product","link":"https:\/\/addio.eu\/fi\/tuote\/drb-5024-8-adv\/","title":{"rendered":"DRB 5024-8 ADV"},"content":{"rendered":"<p>Automatisoituja toimintoja varten Addio CAN Master voidaan liitt\u00e4\u00e4 ja k\u00e4ytt\u00e4\u00e4 integroitumiseen ajoneuvon signaalien kanssa, joita k\u00e4ytet\u00e4\u00e4n sy\u00f6ttein\u00e4.<\/p>\n<p>DRB konfiguroidaan ohjelmistollamme ADDIO CC:ll\u00e4.<\/p>\n<table width=\"298\">\n<tbody>\n<tr>\n<td width=\"234\">Malli<\/td>\n<td width=\"64\">DRB-5024-8 ADV<\/td>\n<\/tr>\n<tr>\n<td width=\"234\">Virtal\u00e4hde<\/td>\n<td width=\"64\">18-31 VDC<\/td>\n<\/tr>\n<tr>\n<td width=\"234\">Sis\u00e4inen virrankulutus (noin)Normaalitila ilman aktiivista l\u00e4ht\u00f6\u00e4 \/ Lepotila<\/td>\n<td width=\"64\">~30mA\/~10mA<\/td>\n<\/tr>\n<tr>\n<td width=\"234\">Alij\u00e4nnitesuoja (s\u00e4\u00e4dett\u00e4v\u00e4)<\/td>\n<td width=\"64\">18-25V, 0,5V askelin<\/td>\n<\/tr>\n<tr>\n<td width=\"234\">Ylij\u00e4nnitesuoja (s\u00e4\u00e4dett\u00e4v\u00e4)<\/td>\n<td width=\"64\">26-31V, 1V askelin<\/td>\n<\/tr>\n<tr>\n<td width=\"234\">Maks. kokonaisvirta 1 minuutti<\/td>\n<td width=\"64\">50A<\/td>\n<\/tr>\n<tr>\n<td width=\"234\">Maks. jatkuva kokonaisvirta<\/td>\n<td width=\"64\">50A<\/td>\n<\/tr>\n<tr>\n<td width=\"234\">Tulojen kokonaism\u00e4\u00e4r\u00e4<\/td>\n<td width=\"64\">8 kpl<\/td>\n<\/tr>\n<tr>\n<td width=\"234\">Digitaaliset tulot<\/td>\n<td width=\"64\">4 \/ 8 kpl<\/td>\n<\/tr>\n<tr>\n<td width=\"234\">Analogiset tulot<\/td>\n<td width=\"64\">4 \/ 8 kpl<\/td>\n<\/tr>\n<tr>\n<td width=\"234\">Tuloimpedanssi @12V<\/td>\n<td width=\"64\">22 k\u03a9<\/td>\n<\/tr>\n<tr>\n<td width=\"234\">Tuloliit\u00e4nn\u00e4t (irrotettavat ruuviliittimet)<\/td>\n<td width=\"64\">10-napainen sis. +\/-<\/td>\n<\/tr>\n<tr>\n<td width=\"234\">L\u00e4ht\u00f6jen m\u00e4\u00e4r\u00e4<\/td>\n<td width=\"64\">8 kpl<\/td>\n<\/tr>\n<tr>\n<td width=\"234\">L\u00e4ht\u00f6liit\u00e4nn\u00e4t<\/td>\n<td width=\"64\">Kaapelin puristusliitin<\/td>\n<\/tr>\n<tr>\n<td width=\"234\">Sulakekoko A, l\u00e4hd\u00f6t<\/td>\n<td width=\"64\">5, 10, 15<\/td>\n<\/tr>\n<tr>\n<td width=\"234\">Virtal\u00e4hteen liit\u00e4nt\u00e4<\/td>\n<td width=\"64\">M5-mutteri<\/td>\n<\/tr>\n<tr>\n<td width=\"234\">Bluetooth<\/td>\n<td width=\"64\">Kyll\u00e4, lis\u00e4varuste<\/td>\n<\/tr>\n<tr>\n<td width=\"234\">Moottorin ohjaus H-silta (alustava virta)<\/td>\n<td width=\"64\">kyll\u00e4, maks. 12A<\/td>\n<\/tr>\n<tr>\n<td width=\"234\">Virheilmaisin<\/td>\n<td width=\"64\">jaettu RGB LED<\/td>\n<\/tr>\n<tr>\n<td width=\"234\">LED per l\u00e4ht\u00f6 (s\u00e4\u00e4dett\u00e4v\u00e4 v\u00e4ri)<\/td>\n<td width=\"64\">kyll\u00e4, RGB<\/td>\n<\/tr>\n<tr>\n<td width=\"234\">Tiedonsiirtov\u00e4yl\u00e4 (CAN-v\u00e4yl\u00e4)<\/td>\n<td width=\"64\">Kyll\u00e4, 2 kpl RJ10<\/td>\n<\/tr>\n<tr>\n<td width=\"234\">Tietokoneliit\u00e4nn\u00e4t<\/td>\n<td width=\"64\">USB Mini<\/td>\n<\/tr>\n<tr>\n<td width=\"234\">Signaalien maadoitus<\/td>\n<td width=\"64\">Kyll\u00e4, sis\u00e4isell\u00e4 yl\u00f6svedolla. Tulot 1-4<\/td>\n<\/tr>\n<tr>\n<td width=\"234\">K\u00e4siohjain, kytkintaulut, anturit ym.<\/td>\n<td width=\"64\">Kyll\u00e4, lis\u00e4varusteena<\/td>\n<\/tr>\n<tr>\n<td width=\"234\">Koko (mm)<\/td>\n<td width=\"64\">170x92x21<\/td>\n<\/tr>\n<tr>\n<td width=\"234\">Paino<\/td>\n<td width=\"64\">191<\/td>\n<\/tr>\n<\/tbody>\n<\/table>\n","protected":false},"excerpt":{"rendered":"<div class=\"elementor-element elementor-element-28a1869 elementor-widget elementor-widget-woocommerce-product-title elementor-page-title elementor-widget-heading\" data-id=\"28a1869\" data-element_type=\"widget\" data-widget_type=\"woocommerce-product-title.default\">\n<div class=\"elementor-widget-container\"><\/div>\n<\/div>\n<div class=\"elementor-element elementor-element-b951bf8 elementor-widget elementor-widget-woocommerce-product-short-description\" data-id=\"b951bf8\" data-element_type=\"widget\" data-widget_type=\"woocommerce-product-short-description.default\">\n<div class=\"elementor-widget-container\">\n<div class=\"woocommerce-product-details__short-description\">\n<div class=\"elementor-element elementor-element-28a1869 elementor-widget elementor-widget-woocommerce-product-title elementor-page-title elementor-widget-heading\" data-id=\"28a1869\" data-element_type=\"widget\" data-widget_type=\"woocommerce-product-title.default\">\n<div class=\"elementor-widget-container\">DRB 5024-8 ADV on vakio 24V:n yksikk\u00f6mme, jossa on 8 l\u00e4ht\u00f6\u00e4 ja 8 tuloa, sek\u00e4 50 ampeerin jatkuva kokonaisvirta jaettuna kaikkien l\u00e4ht\u00f6jen kesken.<\/div>\n<\/div>\n<div class=\"elementor-element elementor-element-b951bf8 elementor-widget elementor-widget-woocommerce-product-short-description\" data-id=\"b951bf8\" data-element_type=\"widget\" data-widget_type=\"woocommerce-product-short-description.default\">\n<div class=\"elementor-widget-container\">\n<div class=\"woocommerce-product-details__short-description\">\n<p>Kuten kaikissa DRB-yksik\u00f6iss\u00e4mme, 5024-8 ADV tarjoaa laajan valikoiman ominaisuuksia, kuten:<\/p>\n<ul>\n<li>Reletoiminnot, kuten vilkku, himmennin ja ajastin<\/li>\n<li>Sulaketoiminto suurvirtakytkimien kautta<\/li>\n<li>Akkusuojaus ajastimien tai j\u00e4nnitesuojauksen avulla, yksil\u00f6llisesti per l\u00e4ht\u00f6<\/li>\n<li>S\u00e4\u00e4nt\u00f6pohjaiset loogiset toiminnot<\/li>\n<li>Jopa kolme eri toimintoa per l\u00e4ht\u00f6, kuten tasainen tai vilkkuva<\/li>\n<\/ul>\n<p class=\"\" data-start=\"112\" data-end=\"430\">L\u00e4hd\u00f6t on suojattu digitaalisesti 15 ampeerin virtaan asti l\u00e4ht\u00f6\u00e4 kohden.<\/p>\n<p class=\"\" data-start=\"432\" data-end=\"679\">Yksikk\u00f6\u00e4 ohjataan ihanteellisesti 8-painikkeisella ohjauspaneelillamme (lis\u00e4varuste), joka on liitetty CAN-v\u00e4yl\u00e4n kautta, mutta my\u00f6s tavallisia kytkimi\u00e4 tai muun tyyppisi\u00e4 signaaleja, sek\u00e4 digitaalisia (korkea\/matala) ett\u00e4 analogisia (vaihtelevat j\u00e4nnitteet), voidaan m\u00e4\u00e4ritt\u00e4\u00e4 ohjaamaan kutakin l\u00e4ht\u00f6\u00e4.<\/p>\n<\/div>\n<\/div>\n<\/div>\n<\/div>\n<\/div>\n<\/div>\n","protected":false},"featured_media":11305,"comment_status":"open","ping_status":"closed","template":"","meta":[],"product_brand":[],"product_cat":[170],"product_tag":[172,227,226,225],"class_list":{"0":"post-11302","1":"product","2":"type-product","3":"status-publish","4":"has-post-thumbnail","6":"product_cat-digitaaliset-releyksikot","7":"product_tag-2-can-porttia","8":"product_tag-24v","9":"product_tag-8-lahtoa","10":"product_tag-8-tuloa","12":"first","13":"instock","14":"shipping-taxable","15":"product-type-simple"},"yoast_head":"<!-- This site is optimized with the Yoast SEO plugin v26.0 - https:\/\/yoast.com\/wordpress\/plugins\/seo\/ -->\n<title>DRB 5024-8 ADV - Addio Electronics<\/title>\n<meta name=\"robots\" content=\"index, follow, max-snippet:-1, max-image-preview:large, max-video-preview:-1\" \/>\n<link rel=\"canonical\" href=\"https:\/\/addio.eu\/fi\/tuote\/drb-5024-8-adv\/\" \/>\n<meta property=\"og:locale\" content=\"fi_FI\" \/>\n<meta property=\"og:type\" content=\"article\" \/>\n<meta property=\"og:title\" content=\"DRB 5024-8 ADV - Addio Electronics\" \/>\n<meta property=\"og:description\" content=\"DRB 5024-8 ADV on vakio 24V:n yksikk\u00f6mme, jossa on 8 l\u00e4ht\u00f6\u00e4 ja 8 tuloa, sek\u00e4 50 ampeerin jatkuva kokonaisvirta jaettuna kaikkien l\u00e4ht\u00f6jen kesken.   Kuten kaikissa DRB-yksik\u00f6iss\u00e4mme, 5024-8 ADV tarjoaa laajan valikoiman ominaisuuksia, kuten:  Reletoiminnot, kuten vilkku, himmennin ja ajastin  Sulaketoiminto suurvirtakytkimien kautta  Akkusuojaus ajastimien tai j\u00e4nnitesuojauksen avulla, yksil\u00f6llisesti per l\u00e4ht\u00f6  S\u00e4\u00e4nt\u00f6pohjaiset loogiset toiminnot  Jopa kolme eri toimintoa per l\u00e4ht\u00f6, kuten tasainen tai vilkkuva L\u00e4hd\u00f6t on suojattu digitaalisesti 15 ampeerin virtaan asti l\u00e4ht\u00f6\u00e4 kohden. Yksikk\u00f6\u00e4 ohjataan ihanteellisesti 8-painikkeisella ohjauspaneelillamme (lis\u00e4varuste), joka on liitetty CAN-v\u00e4yl\u00e4n kautta, mutta my\u00f6s tavallisia kytkimi\u00e4 tai muun tyyppisi\u00e4 signaaleja, sek\u00e4 digitaalisia (korkea\/matala) ett\u00e4 analogisia (vaihtelevat j\u00e4nnitteet), voidaan m\u00e4\u00e4ritt\u00e4\u00e4 ohjaamaan kutakin l\u00e4ht\u00f6\u00e4.\" \/>\n<meta property=\"og:url\" content=\"https:\/\/addio.eu\/fi\/tuote\/drb-5024-8-adv\/\" \/>\n<meta property=\"og:site_name\" content=\"Addio Electronics\" \/>\n<meta property=\"article:publisher\" content=\"https:\/\/www.facebook.com\/AddioElectronicsAB\/\" \/>\n<meta property=\"article:modified_time\" content=\"2026-02-10T17:00:12+00:00\" \/>\n<meta property=\"og:image\" content=\"https:\/\/addio.eu\/wp-content\/uploads\/2025\/03\/IMG_1796-scaled.jpg\" \/>\n\t<meta property=\"og:image:width\" content=\"2560\" \/>\n\t<meta property=\"og:image:height\" content=\"1618\" \/>\n\t<meta property=\"og:image:type\" content=\"image\/jpeg\" \/>\n<meta name=\"twitter:card\" content=\"summary_large_image\" \/>\n<meta name=\"twitter:label1\" content=\"Arvioitu lukuaika\" \/>\n\t<meta name=\"twitter:data1\" content=\"1 minuutti\" \/>\n<script type=\"application\/ld+json\" class=\"yoast-schema-graph\">{\"@context\":\"https:\/\/schema.org\",\"@graph\":[{\"@type\":\"WebPage\",\"@id\":\"https:\/\/addio.eu\/fi\/tuote\/drb-5024-8-adv\/\",\"url\":\"https:\/\/addio.eu\/fi\/tuote\/drb-5024-8-adv\/\",\"name\":\"DRB 5024-8 ADV - Addio Electronics\",\"isPartOf\":{\"@id\":\"https:\/\/addio.eu\/fi\/#website\"},\"primaryImageOfPage\":{\"@id\":\"https:\/\/addio.eu\/fi\/tuote\/drb-5024-8-adv\/#primaryimage\"},\"image\":{\"@id\":\"https:\/\/addio.eu\/fi\/tuote\/drb-5024-8-adv\/#primaryimage\"},\"thumbnailUrl\":\"https:\/\/addio.eu\/wp-content\/uploads\/2025\/03\/IMG_1796-scaled.jpg\",\"datePublished\":\"2025-03-07T10:19:14+00:00\",\"dateModified\":\"2026-02-10T17:00:12+00:00\",\"breadcrumb\":{\"@id\":\"https:\/\/addio.eu\/fi\/tuote\/drb-5024-8-adv\/#breadcrumb\"},\"inLanguage\":\"fi\",\"potentialAction\":[{\"@type\":\"ReadAction\",\"target\":[\"https:\/\/addio.eu\/fi\/tuote\/drb-5024-8-adv\/\"]}]},{\"@type\":\"ImageObject\",\"inLanguage\":\"fi\",\"@id\":\"https:\/\/addio.eu\/fi\/tuote\/drb-5024-8-adv\/#primaryimage\",\"url\":\"https:\/\/addio.eu\/wp-content\/uploads\/2025\/03\/IMG_1796-scaled.jpg\",\"contentUrl\":\"https:\/\/addio.eu\/wp-content\/uploads\/2025\/03\/IMG_1796-scaled.jpg\",\"width\":2560,\"height\":1618},{\"@type\":\"BreadcrumbList\",\"@id\":\"https:\/\/addio.eu\/fi\/tuote\/drb-5024-8-adv\/#breadcrumb\",\"itemListElement\":[{\"@type\":\"ListItem\",\"position\":1,\"name\":\"Home\",\"item\":\"https:\/\/addio.eu\/fi\/addion-etusivu\/\"},{\"@type\":\"ListItem\",\"position\":2,\"name\":\"Tuotteet\",\"item\":\"https:\/\/addio.eu\/fi\/tuotteet\/\"},{\"@type\":\"ListItem\",\"position\":3,\"name\":\"DRB 5024-8 ADV\"}]},{\"@type\":\"WebSite\",\"@id\":\"https:\/\/addio.eu\/fi\/#website\",\"url\":\"https:\/\/addio.eu\/fi\/\",\"name\":\"addio.eu\",\"description\":\"\",\"publisher\":{\"@id\":\"https:\/\/addio.eu\/fi\/#organization\"},\"potentialAction\":[{\"@type\":\"SearchAction\",\"target\":{\"@type\":\"EntryPoint\",\"urlTemplate\":\"https:\/\/addio.eu\/fi\/?s={search_term_string}\"},\"query-input\":{\"@type\":\"PropertyValueSpecification\",\"valueRequired\":true,\"valueName\":\"search_term_string\"}}],\"inLanguage\":\"fi\"},{\"@type\":\"Organization\",\"@id\":\"https:\/\/addio.eu\/fi\/#organization\",\"name\":\"Addio elektroniikka\",\"url\":\"https:\/\/addio.eu\/fi\/\",\"logo\":{\"@type\":\"ImageObject\",\"inLanguage\":\"fi\",\"@id\":\"https:\/\/addio.eu\/fi\/#\/schema\/logo\/image\/\",\"url\":\"https:\/\/addio.eu\/wp-content\/uploads\/2024\/10\/Lager_1-1.svg\",\"contentUrl\":\"https:\/\/addio.eu\/wp-content\/uploads\/2024\/10\/Lager_1-1.svg\",\"caption\":\"Addio elektroniikka\"},\"image\":{\"@id\":\"https:\/\/addio.eu\/fi\/#\/schema\/logo\/image\/\"},\"sameAs\":[\"https:\/\/www.facebook.com\/AddioElectronicsAB\/\",\"https:\/\/www.linkedin.com\/company\/addio-electronics-ab\"]}]}<\/script>\n<!-- \/ Yoast SEO plugin. -->","yoast_head_json":{"title":"DRB 5024-8 ADV - Addio Electronics","robots":{"index":"index","follow":"follow","max-snippet":"max-snippet:-1","max-image-preview":"max-image-preview:large","max-video-preview":"max-video-preview:-1"},"canonical":"https:\/\/addio.eu\/fi\/tuote\/drb-5024-8-adv\/","og_locale":"fi_FI","og_type":"article","og_title":"DRB 5024-8 ADV - Addio Electronics","og_description":"DRB 5024-8 ADV on vakio 24V:n yksikk\u00f6mme, jossa on 8 l\u00e4ht\u00f6\u00e4 ja 8 tuloa, sek\u00e4 50 ampeerin jatkuva kokonaisvirta jaettuna kaikkien l\u00e4ht\u00f6jen kesken.   Kuten kaikissa DRB-yksik\u00f6iss\u00e4mme, 5024-8 ADV tarjoaa laajan valikoiman ominaisuuksia, kuten:  Reletoiminnot, kuten vilkku, himmennin ja ajastin  Sulaketoiminto suurvirtakytkimien kautta  Akkusuojaus ajastimien tai j\u00e4nnitesuojauksen avulla, yksil\u00f6llisesti per l\u00e4ht\u00f6  S\u00e4\u00e4nt\u00f6pohjaiset loogiset toiminnot  Jopa kolme eri toimintoa per l\u00e4ht\u00f6, kuten tasainen tai vilkkuva L\u00e4hd\u00f6t on suojattu digitaalisesti 15 ampeerin virtaan asti l\u00e4ht\u00f6\u00e4 kohden. Yksikk\u00f6\u00e4 ohjataan ihanteellisesti 8-painikkeisella ohjauspaneelillamme (lis\u00e4varuste), joka on liitetty CAN-v\u00e4yl\u00e4n kautta, mutta my\u00f6s tavallisia kytkimi\u00e4 tai muun tyyppisi\u00e4 signaaleja, sek\u00e4 digitaalisia (korkea\/matala) ett\u00e4 analogisia (vaihtelevat j\u00e4nnitteet), voidaan m\u00e4\u00e4ritt\u00e4\u00e4 ohjaamaan kutakin l\u00e4ht\u00f6\u00e4.","og_url":"https:\/\/addio.eu\/fi\/tuote\/drb-5024-8-adv\/","og_site_name":"Addio Electronics","article_publisher":"https:\/\/www.facebook.com\/AddioElectronicsAB\/","article_modified_time":"2026-02-10T17:00:12+00:00","og_image":[{"width":2560,"height":1618,"url":"https:\/\/addio.eu\/wp-content\/uploads\/2025\/03\/IMG_1796-scaled.jpg","type":"image\/jpeg"}],"twitter_card":"summary_large_image","twitter_misc":{"Arvioitu lukuaika":"1 minuutti"},"schema":{"@context":"https:\/\/schema.org","@graph":[{"@type":"WebPage","@id":"https:\/\/addio.eu\/fi\/tuote\/drb-5024-8-adv\/","url":"https:\/\/addio.eu\/fi\/tuote\/drb-5024-8-adv\/","name":"DRB 5024-8 ADV - Addio Electronics","isPartOf":{"@id":"https:\/\/addio.eu\/fi\/#website"},"primaryImageOfPage":{"@id":"https:\/\/addio.eu\/fi\/tuote\/drb-5024-8-adv\/#primaryimage"},"image":{"@id":"https:\/\/addio.eu\/fi\/tuote\/drb-5024-8-adv\/#primaryimage"},"thumbnailUrl":"https:\/\/addio.eu\/wp-content\/uploads\/2025\/03\/IMG_1796-scaled.jpg","datePublished":"2025-03-07T10:19:14+00:00","dateModified":"2026-02-10T17:00:12+00:00","breadcrumb":{"@id":"https:\/\/addio.eu\/fi\/tuote\/drb-5024-8-adv\/#breadcrumb"},"inLanguage":"fi","potentialAction":[{"@type":"ReadAction","target":["https:\/\/addio.eu\/fi\/tuote\/drb-5024-8-adv\/"]}]},{"@type":"ImageObject","inLanguage":"fi","@id":"https:\/\/addio.eu\/fi\/tuote\/drb-5024-8-adv\/#primaryimage","url":"https:\/\/addio.eu\/wp-content\/uploads\/2025\/03\/IMG_1796-scaled.jpg","contentUrl":"https:\/\/addio.eu\/wp-content\/uploads\/2025\/03\/IMG_1796-scaled.jpg","width":2560,"height":1618},{"@type":"BreadcrumbList","@id":"https:\/\/addio.eu\/fi\/tuote\/drb-5024-8-adv\/#breadcrumb","itemListElement":[{"@type":"ListItem","position":1,"name":"Home","item":"https:\/\/addio.eu\/fi\/addion-etusivu\/"},{"@type":"ListItem","position":2,"name":"Tuotteet","item":"https:\/\/addio.eu\/fi\/tuotteet\/"},{"@type":"ListItem","position":3,"name":"DRB 5024-8 ADV"}]},{"@type":"WebSite","@id":"https:\/\/addio.eu\/fi\/#website","url":"https:\/\/addio.eu\/fi\/","name":"addio.eu","description":"","publisher":{"@id":"https:\/\/addio.eu\/fi\/#organization"},"potentialAction":[{"@type":"SearchAction","target":{"@type":"EntryPoint","urlTemplate":"https:\/\/addio.eu\/fi\/?s={search_term_string}"},"query-input":{"@type":"PropertyValueSpecification","valueRequired":true,"valueName":"search_term_string"}}],"inLanguage":"fi"},{"@type":"Organization","@id":"https:\/\/addio.eu\/fi\/#organization","name":"Addio elektroniikka","url":"https:\/\/addio.eu\/fi\/","logo":{"@type":"ImageObject","inLanguage":"fi","@id":"https:\/\/addio.eu\/fi\/#\/schema\/logo\/image\/","url":"https:\/\/addio.eu\/wp-content\/uploads\/2024\/10\/Lager_1-1.svg","contentUrl":"https:\/\/addio.eu\/wp-content\/uploads\/2024\/10\/Lager_1-1.svg","caption":"Addio elektroniikka"},"image":{"@id":"https:\/\/addio.eu\/fi\/#\/schema\/logo\/image\/"},"sameAs":["https:\/\/www.facebook.com\/AddioElectronicsAB\/","https:\/\/www.linkedin.com\/company\/addio-electronics-ab"]}]}},"_links":{"self":[{"href":"https:\/\/addio.eu\/fi\/wp-json\/wp\/v2\/product\/11302","targetHints":{"allow":["GET"]}}],"collection":[{"href":"https:\/\/addio.eu\/fi\/wp-json\/wp\/v2\/product"}],"about":[{"href":"https:\/\/addio.eu\/fi\/wp-json\/wp\/v2\/types\/product"}],"replies":[{"embeddable":true,"href":"https:\/\/addio.eu\/fi\/wp-json\/wp\/v2\/comments?post=11302"}],"wp:featuredmedia":[{"embeddable":true,"href":"https:\/\/addio.eu\/fi\/wp-json\/wp\/v2\/media\/11305"}],"wp:attachment":[{"href":"https:\/\/addio.eu\/fi\/wp-json\/wp\/v2\/media?parent=11302"}],"wp:term":[{"taxonomy":"product_brand","embeddable":true,"href":"https:\/\/addio.eu\/fi\/wp-json\/wp\/v2\/product_brand?post=11302"},{"taxonomy":"product_cat","embeddable":true,"href":"https:\/\/addio.eu\/fi\/wp-json\/wp\/v2\/product_cat?post=11302"},{"taxonomy":"product_tag","embeddable":true,"href":"https:\/\/addio.eu\/fi\/wp-json\/wp\/v2\/product_tag?post=11302"}],"curies":[{"name":"wp","href":"https:\/\/api.w.org\/{rel}","templated":true}]}}