{"id":9006,"date":"2025-04-03T08:20:46","date_gmt":"2025-04-03T08:20:46","guid":{"rendered":"https:\/\/addio.eu\/tietosuojakaytanto-car-electric-ble-remote\/"},"modified":"2025-10-07T11:23:06","modified_gmt":"2025-10-07T11:23:06","slug":"tietosuojakaytanto-car-electric-ble-remote","status":"publish","type":"page","link":"https:\/\/addio.eu\/fi\/tietosuojakaytanto-car-electric-ble-remote\/","title":{"rendered":"Tietosuojak\u00e4yt\u00e4nt\u00f6: \u201dcar electric &#8211; BLE remote\u201d"},"content":{"rendered":"\t\t<div data-elementor-type=\"wp-page\" data-elementor-id=\"9006\" class=\"elementor elementor-9006 elementor-6270\" data-elementor-post-type=\"page\">\n\t\t\t\t<div class=\"elementor-element elementor-element-0c2cb60 e-flex e-con-boxed e-con e-parent\" data-id=\"0c2cb60\" data-element_type=\"container\">\n\t\t\t\t\t<div class=\"e-con-inner\">\n\t\t\t\t<div class=\"elementor-element elementor-element-758cfa2 elementor-widget elementor-widget-heading\" data-id=\"758cfa2\" data-element_type=\"widget\" data-widget_type=\"heading.default\">\n\t\t\t\t<div class=\"elementor-widget-container\">\n\t\t\t\t\t<h1 class=\"elementor-heading-title elementor-size-default\">Tietosuojak\u00e4yt\u00e4nt\u00f6: \u201dcar electric &#8211; BLE remote\u201d<\/h1>\t\t\t\t<\/div>\n\t\t\t\t<\/div>\n\t\t<div class=\"elementor-element elementor-element-1f616ec e-con-full e-flex e-con e-child\" data-id=\"1f616ec\" data-element_type=\"container\">\n\t\t<div class=\"elementor-element elementor-element-8e80135 e-con-full e-flex e-con e-child\" data-id=\"8e80135\" data-element_type=\"container\">\n\t\t\t\t<div class=\"elementor-element elementor-element-17537e1 elementor-widget elementor-widget-text-editor\" data-id=\"17537e1\" data-element_type=\"widget\" data-widget_type=\"text-editor.default\">\n\t\t\t\t<div class=\"elementor-widget-container\">\n\t\t\t\t\t\t\t\t\t<p>T\u00e4m\u00e4n sovelluksen on kehitt\u00e4nyt ja sit\u00e4 yll\u00e4pit\u00e4\u00e4 Addio Electronics AB. T\u00e4m\u00e4 sovellus ker\u00e4\u00e4 k\u00e4ytt\u00e4jilt\u00e4\u00e4n henkil\u00f6tietoja. <\/p><p><br>T\u00e4m\u00e4n asiakirjan voi tulostaa viitteeksi k\u00e4ytt\u00e4m\u00e4ll\u00e4 tulostustoimintoa mink\u00e4 tahansa selaimen asetuksista.<\/p><p><br><b>K\u00e4yt\u00e4nn\u00f6n yhteenveto<br>Henkil\u00f6tietoja k\u00e4sitell\u00e4\u00e4n seuraaviin tarkoituksiin ja seuraavien palveluiden avulla:<br>Sijaintiin perustuvat vuorovaikutukset<br>Paikannus ja ep\u00e4jatkuva paikannus<br>Henkil\u00f6tiedot: maantieteellinen sijainti<\/b><\/p><p><br><b>T\u00e4ysi k\u00e4yt\u00e4nt\u00f6<br>Addio Electronics AB kehitti Car Electric &#8211; BLE Remote -sovelluksen ilmaisena sovelluksena. T\u00e4m\u00e4n PALVELUN tarjoaa Addio Electronics AB maksutta, ja se on tarkoitettu k\u00e4ytett\u00e4v\u00e4ksi sellaisenaan. Lis\u00e4ksi t\u00e4m\u00e4 sovellus on kehitetty omistautuneille asiakkaille, jotka k\u00e4ytt\u00e4v\u00e4t elektronista tuotettamme nimelt\u00e4 Digital Relay Box.<\/b>  <\/p><p><br>T\u00e4ll\u00e4 sivulla tiedotetaan vierailijoita k\u00e4yt\u00e4nn\u00f6ist\u00e4mme henkil\u00f6tietojen ker\u00e4\u00e4misen, k\u00e4yt\u00f6n ja luovuttamisen suhteen, jos joku p\u00e4\u00e4tt\u00e4\u00e4 k\u00e4ytt\u00e4\u00e4 Palveluamme.<\/p><p><br>Jos p\u00e4\u00e4t\u00e4t k\u00e4ytt\u00e4\u00e4 Palveluamme, hyv\u00e4ksyt tietojen ker\u00e4\u00e4misen ja k\u00e4yt\u00f6n t\u00e4m\u00e4n k\u00e4yt\u00e4nn\u00f6n mukaisesti. Ker\u00e4\u00e4mi\u00e4mme henkil\u00f6tietoja k\u00e4ytet\u00e4\u00e4n Palvelun tarjoamiseen ja parantamiseen. Emme k\u00e4yt\u00e4 tai jaa tietojasi kenenk\u00e4\u00e4n kanssa, paitsi t\u00e4ss\u00e4 tietosuojak\u00e4yt\u00e4nn\u00f6ss\u00e4 kuvatulla tavalla.  <\/p><p><br>T\u00e4ss\u00e4 tietosuojak\u00e4yt\u00e4nn\u00f6ss\u00e4 k\u00e4ytetyill\u00e4 termeill\u00e4 on sama merkitys kuin k\u00e4ytt\u00f6ehdoissamme, jotka ovat saatavilla osoitteessa Car Electric &#8211; BLE Remote, ellei t\u00e4ss\u00e4 tietosuojak\u00e4yt\u00e4nn\u00f6ss\u00e4 toisin m\u00e4\u00e4ritell\u00e4.<\/p><p><b>Tietojen ker\u00e4\u00e4minen ja k\u00e4ytt\u00f6<br>Paremman k\u00e4ytt\u00f6kemuksen varmistamiseksi Palveluamme k\u00e4ytt\u00e4ess\u00e4si saatamme pyyt\u00e4\u00e4 sinua antamaan meille tiettyj\u00e4 henkil\u00f6kohtaisesti tunnistettavia tietoja, mukaan lukien, mutta ei rajoittuen, Bluetooth, tallennustila, paikannus. Pyyt\u00e4m\u00e4mme tiedot s\u00e4ilytet\u00e4\u00e4n meill\u00e4 ja niit\u00e4 k\u00e4ytet\u00e4\u00e4n t\u00e4ss\u00e4 tietosuojak\u00e4yt\u00e4nn\u00f6ss\u00e4 kuvatulla tavalla.<\/b> <\/p><p><br>Sovellus k\u00e4ytt\u00e4\u00e4 kolmannen osapuolen palveluita, jotka saattavat ker\u00e4t\u00e4 sinut tunnistavia tietoja.<br>Linkki sovelluksen k\u00e4ytt\u00e4mien kolmannen osapuolen palveluntarjoajien tietosuojak\u00e4yt\u00e4nt\u00f6\u00f6n<br>https:\/\/policies.google.com\/privacy<\/p><p><br><b>Google Play -palvelut<\/b><\/p><p><b>Lokitiedot<br>Haluamme ilmoittaa, ett\u00e4 aina kun k\u00e4yt\u00e4t Palveluamme, sovelluksen virhetilanteessa ker\u00e4\u00e4mme puhelimeesi tietoja (kolmannen osapuolen tuotteiden kautta), joita kutsutaan lokitiedoiksi. N\u00e4m\u00e4 lokitiedot voivat sis\u00e4lt\u00e4\u00e4 tietoja, kuten laitteesi Internet Protocol (\u201dIP\u201d) -osoitteen, laitteen nimen, k\u00e4ytt\u00f6j\u00e4rjestelm\u00e4n version, sovelluksen kokoonpanon Palveluamme k\u00e4ytett\u00e4ess\u00e4, Palvelun k\u00e4ytt\u00f6ajan ja -p\u00e4iv\u00e4m\u00e4\u00e4r\u00e4n sek\u00e4 muita tilastoja.<\/b> <\/p><p><b>Ev\u00e4steet<\/b><br>Ev\u00e4steet ovat pieni\u00e4 datam\u00e4\u00e4ri\u00e4 sis\u00e4lt\u00e4vi\u00e4 tiedostoja, joita k\u00e4ytet\u00e4\u00e4n yleisesti anonyymein\u00e4 yksil\u00f6llisin\u00e4 tunnisteina. Ne l\u00e4hetet\u00e4\u00e4n selaimeesi vierailemiltasi verkkosivustoilta ja tallennetaan laitteesi sis\u00e4iseen muistiin.<br>T\u00e4m\u00e4 Palvelu ei k\u00e4yt\u00e4 n\u00e4it\u00e4 \u201dev\u00e4steit\u00e4\u201d nimenomaisesti. Sovellus voi kuitenkin k\u00e4ytt\u00e4\u00e4 kolmannen osapuolen koodia ja kirjastoja, jotka k\u00e4ytt\u00e4v\u00e4t \u201dev\u00e4steit\u00e4\u201d tietojen ker\u00e4\u00e4miseen ja palveluidensa parantamiseen. Sinulla on mahdollisuus joko hyv\u00e4ksy\u00e4 tai kielt\u00e4yty\u00e4 n\u00e4ist\u00e4 ev\u00e4steist\u00e4 ja tiet\u00e4\u00e4, milloin ev\u00e4ste l\u00e4hetet\u00e4\u00e4n laitteellesi. Jos p\u00e4\u00e4t\u00e4t kielt\u00e4yty\u00e4 ev\u00e4steist\u00e4mme, et v\u00e4ltt\u00e4m\u00e4tt\u00e4 pysty k\u00e4ytt\u00e4m\u00e4\u00e4n joitakin Palvelun osia.    <\/p><p><b>Palveluntarjoajat<br>Saatamme k\u00e4ytt\u00e4\u00e4 kolmannen osapuolen yrityksi\u00e4 ja yksityishenkil\u00f6it\u00e4 seuraavista syist\u00e4:<br>Palvelumme helpottamiseksi;<br>Palvelun tarjoamiseksi puolestamme;<br>Palveluun liittyvien palveluiden suorittamiseksi; tai<br>auttaakseen meit\u00e4 analysoimaan Palvelumme k\u00e4ytt\u00f6\u00e4.<br>Haluamme ilmoittaa t\u00e4m\u00e4n Palvelun k\u00e4ytt\u00e4jille, ett\u00e4 n\u00e4ill\u00e4 kolmansilla osapuolilla on p\u00e4\u00e4sy henkil\u00f6tietoihisi. Syy t\u00e4h\u00e4n on heille puolestamme annettujen teht\u00e4vien suorittaminen. He ovat kuitenkin velvollisia olemaan luovuttamatta tai k\u00e4ytt\u00e4m\u00e4tt\u00e4 tietoja mihink\u00e4\u00e4n muuhun tarkoitukseen.<\/b>  <\/p><p><b>Turvallisuus<\/b><br>Arvostamme luottamustasi henkil\u00f6tietojesi antamisessa meille, ja pyrimme siksi k\u00e4ytt\u00e4m\u00e4\u00e4n kaupallisesti hyv\u00e4ksytt\u00e4vi\u00e4 keinoja niiden suojaamiseen. Muista kuitenkin, ett\u00e4 mik\u00e4\u00e4n tiedonsiirtomenetelm\u00e4 internetin kautta tai s\u00e4hk\u00f6inen tallennusmenetelm\u00e4 ei ole 100 % turvallinen ja luotettava, emmek\u00e4 voi taata sen ehdotonta turvallisuutta. <\/p><p><b>Linkit muille sivustoille<br>T\u00e4m\u00e4 Palvelu voi sis\u00e4lt\u00e4\u00e4 linkkej\u00e4 muille sivustoille. Jos napsautat kolmannen osapuolen linkki\u00e4, sinut ohjataan kyseiselle sivustolle. Huomaa, ett\u00e4 emme yll\u00e4pid\u00e4 n\u00e4it\u00e4 ulkoisia sivustoja. Siksi suosittelemme vahvasti, ett\u00e4 tarkistat n\u00e4iden verkkosivustojen tietosuojak\u00e4yt\u00e4nn\u00f6t. Meill\u00e4 ei ole valvontaa emmek\u00e4 ota vastuuta mink\u00e4\u00e4n kolmannen osapuolen sivustojen tai palveluiden sis\u00e4ll\u00f6st\u00e4, tietosuojak\u00e4yt\u00e4nn\u00f6ist\u00e4 tai k\u00e4yt\u00e4nn\u00f6ist\u00e4.<\/b>    <\/p><p><b>Lasten yksityisyys<br>N\u00e4m\u00e4 Palvelut eiv\u00e4t ole suunnattu alle 13-vuotiaille. Emme tietoisesti ker\u00e4\u00e4 henkil\u00f6kohtaisesti tunnistettavia tietoja alle 13-vuotiailta lapsilta. Jos havaitsemme, ett\u00e4 alle 13-vuotias lapsi on antanut meille henkil\u00f6tietoja, poistamme ne v\u00e4litt\u00f6m\u00e4sti palvelimiltamme. Jos olet vanhempi tai huoltaja ja tied\u00e4t, ett\u00e4 lapsesi on antanut meille henkil\u00f6tietoja, ota meihin yhteytt\u00e4, jotta voimme ryhty\u00e4 tarvittaviin toimenpiteisiin.<\/b>   <\/p><p><b>Muutokset t\u00e4h\u00e4n tietosuojak\u00e4yt\u00e4nt\u00f6\u00f6n<br>Saatamme p\u00e4ivitt\u00e4\u00e4 tietosuojak\u00e4yt\u00e4nt\u00f6\u00e4mme ajoittain. Siksi sinua kehotetaan tarkistamaan t\u00e4m\u00e4 sivu s\u00e4\u00e4nn\u00f6llisesti mahdollisten muutosten varalta. Ilmoitamme sinulle kaikista muutoksista julkaisemalla uuden tietosuojak\u00e4yt\u00e4nn\u00f6n t\u00e4ll\u00e4 sivulla.<br>T\u00e4m\u00e4 k\u00e4yt\u00e4nt\u00f6 on voimassa 28.2.2022 alkaen<\/b>  <\/p><p><b>Ota yhteytt\u00e4<br>Jos sinulla on kysytt\u00e4v\u00e4\u00e4 tai ehdotuksia tietosuojak\u00e4yt\u00e4nn\u00f6st\u00e4mme, \u00e4l\u00e4 ep\u00e4r\u00f6i ottaa meihin yhteytt\u00e4 osoitteeseen info@addio.eu.<\/b><\/p>\t\t\t\t\t\t\t\t<\/div>\n\t\t\t\t<\/div>\n\t\t\t\t<\/div>\n\t\t<div class=\"elementor-element elementor-element-1c4e995 e-con-full e-flex e-con e-child\" data-id=\"1c4e995\" data-element_type=\"container\">\n\t\t\t\t<div class=\"elementor-element elementor-element-37670bc elementor-icon-list--layout-traditional elementor-list-item-link-full_width elementor-widget elementor-widget-icon-list\" data-id=\"37670bc\" data-element_type=\"widget\" data-widget_type=\"icon-list.default\">\n\t\t\t\t<div class=\"elementor-widget-container\">\n\t\t\t\t\t\t\t<ul class=\"elementor-icon-list-items\">\n\t\t\t\t\t\t\t<li class=\"elementor-icon-list-item\">\n\t\t\t\t\t\t\t\t\t\t\t<a href=\"https:\/\/addio.eu\/cookie-policy\/\">\n\n\t\t\t\t\t\t\t\t\t\t\t\t<span class=\"elementor-icon-list-icon\">\n\t\t\t\t\t\t\t<svg xmlns=\"http:\/\/www.w3.org\/2000\/svg\" width=\"24\" height=\"24\" viewBox=\"0 0 24 24\" fill=\"none\"><path d=\"M17.9199 6.62C17.8185 6.37565 17.6243 6.18147 17.3799 6.08C17.2597 6.02876 17.1306 6.00158 16.9999 6H6.99994C6.73472 6 6.48037 6.10536 6.29283 6.29289C6.1053 6.48043 5.99994 6.73478 5.99994 7C5.99994 7.26522 6.1053 7.51957 6.29283 7.70711C6.48037 7.89464 6.73472 8 6.99994 8H14.5899L6.28994 16.29C6.19621 16.383 6.12182 16.4936 6.07105 16.6154C6.02028 16.7373 5.99414 16.868 5.99414 17C5.99414 17.132 6.02028 17.2627 6.07105 17.3846C6.12182 17.5064 6.19621 17.617 6.28994 17.71C6.3829 17.8037 6.4935 17.8781 6.61536 17.9289C6.73722 17.9797 6.86793 18.0058 6.99994 18.0058C7.13195 18.0058 7.26266 17.9797 7.38452 17.9289C7.50638 17.8781 7.61698 17.8037 7.70994 17.71L15.9999 9.41V17C15.9999 17.2652 16.1053 17.5196 16.2928 17.7071C16.4804 17.8946 16.7347 18 16.9999 18C17.2652 18 17.5195 17.8946 17.707 17.7071C17.8946 17.5196 17.9999 17.2652 17.9999 17V7C17.9984 6.86932 17.9712 6.74022 17.9199 6.62Z\" fill=\"#393939\"><\/path><\/svg>\t\t\t\t\t\t<\/span>\n\t\t\t\t\t\t\t\t\t\t<span class=\"elementor-icon-list-text\">Ev\u00e4stek\u00e4yt\u00e4nt\u00f6<\/span>\n\t\t\t\t\t\t\t\t\t\t\t<\/a>\n\t\t\t\t\t\t\t\t\t<\/li>\n\t\t\t\t\t\t<\/ul>\n\t\t\t\t\t\t<\/div>\n\t\t\t\t<\/div>\n\t\t\t\t<div class=\"elementor-element elementor-element-270a44c elementor-icon-list--layout-traditional elementor-list-item-link-full_width elementor-widget elementor-widget-icon-list\" data-id=\"270a44c\" data-element_type=\"widget\" data-widget_type=\"icon-list.default\">\n\t\t\t\t<div class=\"elementor-widget-container\">\n\t\t\t\t\t\t\t<ul class=\"elementor-icon-list-items\">\n\t\t\t\t\t\t\t<li class=\"elementor-icon-list-item\">\n\t\t\t\t\t\t\t\t\t\t\t<a href=\"https:\/\/addio.eu\/privacy-policy\/\">\n\n\t\t\t\t\t\t\t\t\t\t\t\t<span class=\"elementor-icon-list-icon\">\n\t\t\t\t\t\t\t<svg xmlns=\"http:\/\/www.w3.org\/2000\/svg\" width=\"24\" height=\"24\" viewBox=\"0 0 24 24\" fill=\"none\"><path d=\"M17.9199 6.62C17.8185 6.37565 17.6243 6.18147 17.3799 6.08C17.2597 6.02876 17.1306 6.00158 16.9999 6H6.99994C6.73472 6 6.48037 6.10536 6.29283 6.29289C6.1053 6.48043 5.99994 6.73478 5.99994 7C5.99994 7.26522 6.1053 7.51957 6.29283 7.70711C6.48037 7.89464 6.73472 8 6.99994 8H14.5899L6.28994 16.29C6.19621 16.383 6.12182 16.4936 6.07105 16.6154C6.02028 16.7373 5.99414 16.868 5.99414 17C5.99414 17.132 6.02028 17.2627 6.07105 17.3846C6.12182 17.5064 6.19621 17.617 6.28994 17.71C6.3829 17.8037 6.4935 17.8781 6.61536 17.9289C6.73722 17.9797 6.86793 18.0058 6.99994 18.0058C7.13195 18.0058 7.26266 17.9797 7.38452 17.9289C7.50638 17.8781 7.61698 17.8037 7.70994 17.71L15.9999 9.41V17C15.9999 17.2652 16.1053 17.5196 16.2928 17.7071C16.4804 17.8946 16.7347 18 16.9999 18C17.2652 18 17.5195 17.8946 17.707 17.7071C17.8946 17.5196 17.9999 17.2652 17.9999 17V7C17.9984 6.86932 17.9712 6.74022 17.9199 6.62Z\" fill=\"#393939\"><\/path><\/svg>\t\t\t\t\t\t<\/span>\n\t\t\t\t\t\t\t\t\t\t<span class=\"elementor-icon-list-text\">Tietosuojak\u00e4yt\u00e4nt\u00f6<\/span>\n\t\t\t\t\t\t\t\t\t\t\t<\/a>\n\t\t\t\t\t\t\t\t\t<\/li>\n\t\t\t\t\t\t<\/ul>\n\t\t\t\t\t\t<\/div>\n\t\t\t\t<\/div>\n\t\t\t\t<div class=\"elementor-element elementor-element-8af7789 elementor-icon-list--layout-traditional elementor-list-item-link-full_width elementor-widget elementor-widget-icon-list\" data-id=\"8af7789\" data-element_type=\"widget\" data-widget_type=\"icon-list.default\">\n\t\t\t\t<div class=\"elementor-widget-container\">\n\t\t\t\t\t\t\t<ul class=\"elementor-icon-list-items\">\n\t\t\t\t\t\t\t<li class=\"elementor-icon-list-item\">\n\t\t\t\t\t\t\t\t\t\t\t<a href=\"https:\/\/addio.eu\/terms-and-conditions\/\">\n\n\t\t\t\t\t\t\t\t\t\t\t\t<span class=\"elementor-icon-list-icon\">\n\t\t\t\t\t\t\t<svg xmlns=\"http:\/\/www.w3.org\/2000\/svg\" width=\"24\" height=\"24\" viewBox=\"0 0 24 24\" fill=\"none\"><path d=\"M17.9199 6.62C17.8185 6.37565 17.6243 6.18147 17.3799 6.08C17.2597 6.02876 17.1306 6.00158 16.9999 6H6.99994C6.73472 6 6.48037 6.10536 6.29283 6.29289C6.1053 6.48043 5.99994 6.73478 5.99994 7C5.99994 7.26522 6.1053 7.51957 6.29283 7.70711C6.48037 7.89464 6.73472 8 6.99994 8H14.5899L6.28994 16.29C6.19621 16.383 6.12182 16.4936 6.07105 16.6154C6.02028 16.7373 5.99414 16.868 5.99414 17C5.99414 17.132 6.02028 17.2627 6.07105 17.3846C6.12182 17.5064 6.19621 17.617 6.28994 17.71C6.3829 17.8037 6.4935 17.8781 6.61536 17.9289C6.73722 17.9797 6.86793 18.0058 6.99994 18.0058C7.13195 18.0058 7.26266 17.9797 7.38452 17.9289C7.50638 17.8781 7.61698 17.8037 7.70994 17.71L15.9999 9.41V17C15.9999 17.2652 16.1053 17.5196 16.2928 17.7071C16.4804 17.8946 16.7347 18 16.9999 18C17.2652 18 17.5195 17.8946 17.707 17.7071C17.8946 17.5196 17.9999 17.2652 17.9999 17V7C17.9984 6.86932 17.9712 6.74022 17.9199 6.62Z\" fill=\"#393939\"><\/path><\/svg>\t\t\t\t\t\t<\/span>\n\t\t\t\t\t\t\t\t\t\t<span class=\"elementor-icon-list-text\">Ehdot ja edellytykset<\/span>\n\t\t\t\t\t\t\t\t\t\t\t<\/a>\n\t\t\t\t\t\t\t\t\t<\/li>\n\t\t\t\t\t\t<\/ul>\n\t\t\t\t\t\t<\/div>\n\t\t\t\t<\/div>\n\t\t\t\t<\/div>\n\t\t\t\t<\/div>\n\t\t\t\t\t<\/div>\n\t\t\t\t<\/div>\n\t\t\t\t<\/div>\n\t\t","protected":false},"excerpt":{"rendered":"<p>T\u00e4m\u00e4n sovelluksen on kehitt\u00e4nyt ja sit\u00e4 yll\u00e4pit\u00e4\u00e4 Addio Electronics AB. T\u00e4m\u00e4 sovellus ker\u00e4\u00e4 k\u00e4ytt\u00e4jilt\u00e4\u00e4n henkil\u00f6tietoja. T\u00e4m\u00e4n asiakirjan voi tulostaa viitteeksi k\u00e4ytt\u00e4m\u00e4ll\u00e4 tulostustoimintoa mink\u00e4 tahansa selaimen asetuksista. K\u00e4yt\u00e4nn\u00f6n yhteenvetoHenkil\u00f6tietoja k\u00e4sitell\u00e4\u00e4n seuraaviin tarkoituksiin ja seuraavien palveluiden avulla:Sijaintiin perustuvat vuorovaikutuksetPaikannus ja ep\u00e4jatkuva paikannusHenkil\u00f6tiedot: maantieteellinen sijainti T\u00e4ysi k\u00e4yt\u00e4nt\u00f6Addio Electronics AB kehitti Car Electric &#8211; BLE Remote -sovelluksen ilmaisena sovelluksena. [&hellip;]<\/p>\n","protected":false},"author":1,"featured_media":0,"parent":0,"menu_order":0,"comment_status":"closed","ping_status":"closed","template":"","meta":{"footnotes":""},"class_list":["post-9006","page","type-page","status-publish","hentry"],"yoast_head":"<!-- This site is optimized with the Yoast SEO plugin v26.0 - https:\/\/yoast.com\/wordpress\/plugins\/seo\/ -->\n<title>Tietosuojak\u00e4yt\u00e4nt\u00f6: \u201dcar electric - BLE remote\u201d - Addio Electronics<\/title>\n<meta name=\"robots\" content=\"index, follow, max-snippet:-1, max-image-preview:large, max-video-preview:-1\" \/>\n<link rel=\"canonical\" href=\"https:\/\/addio.eu\/fi\/tietosuojakaytanto-car-electric-ble-remote\/\" \/>\n<meta property=\"og:locale\" content=\"fi_FI\" \/>\n<meta property=\"og:type\" content=\"article\" \/>\n<meta property=\"og:title\" content=\"Tietosuojak\u00e4yt\u00e4nt\u00f6: \u201dcar electric - BLE remote\u201d - Addio Electronics\" \/>\n<meta property=\"og:description\" content=\"T\u00e4m\u00e4n sovelluksen on kehitt\u00e4nyt ja sit\u00e4 yll\u00e4pit\u00e4\u00e4 Addio Electronics AB. T\u00e4m\u00e4 sovellus ker\u00e4\u00e4 k\u00e4ytt\u00e4jilt\u00e4\u00e4n henkil\u00f6tietoja. T\u00e4m\u00e4n asiakirjan voi tulostaa viitteeksi k\u00e4ytt\u00e4m\u00e4ll\u00e4 tulostustoimintoa mink\u00e4 tahansa selaimen asetuksista. K\u00e4yt\u00e4nn\u00f6n yhteenvetoHenkil\u00f6tietoja k\u00e4sitell\u00e4\u00e4n seuraaviin tarkoituksiin ja seuraavien palveluiden avulla:Sijaintiin perustuvat vuorovaikutuksetPaikannus ja ep\u00e4jatkuva paikannusHenkil\u00f6tiedot: maantieteellinen sijainti T\u00e4ysi k\u00e4yt\u00e4nt\u00f6Addio Electronics AB kehitti Car Electric &#8211; BLE Remote -sovelluksen ilmaisena sovelluksena. [&hellip;]\" \/>\n<meta property=\"og:url\" content=\"https:\/\/addio.eu\/fi\/tietosuojakaytanto-car-electric-ble-remote\/\" \/>\n<meta property=\"og:site_name\" content=\"Addio Electronics\" \/>\n<meta property=\"article:publisher\" content=\"https:\/\/www.facebook.com\/AddioElectronicsAB\/\" \/>\n<meta property=\"article:modified_time\" content=\"2025-10-07T11:23:06+00:00\" \/>\n<meta name=\"twitter:card\" content=\"summary_large_image\" \/>\n<meta name=\"twitter:label1\" content=\"Arvioitu lukuaika\" \/>\n\t<meta name=\"twitter:data1\" content=\"4 minuutti\" \/>\n<script type=\"application\/ld+json\" class=\"yoast-schema-graph\">{\"@context\":\"https:\/\/schema.org\",\"@graph\":[{\"@type\":\"WebPage\",\"@id\":\"https:\/\/addio.eu\/fi\/tietosuojakaytanto-car-electric-ble-remote\/\",\"url\":\"https:\/\/addio.eu\/fi\/tietosuojakaytanto-car-electric-ble-remote\/\",\"name\":\"Tietosuojak\u00e4yt\u00e4nt\u00f6: \u201dcar electric - BLE remote\u201d - Addio Electronics\",\"isPartOf\":{\"@id\":\"https:\/\/addio.eu\/fi\/#website\"},\"datePublished\":\"2025-04-03T08:20:46+00:00\",\"dateModified\":\"2025-10-07T11:23:06+00:00\",\"breadcrumb\":{\"@id\":\"https:\/\/addio.eu\/fi\/tietosuojakaytanto-car-electric-ble-remote\/#breadcrumb\"},\"inLanguage\":\"fi\",\"potentialAction\":[{\"@type\":\"ReadAction\",\"target\":[\"https:\/\/addio.eu\/fi\/tietosuojakaytanto-car-electric-ble-remote\/\"]}]},{\"@type\":\"BreadcrumbList\",\"@id\":\"https:\/\/addio.eu\/fi\/tietosuojakaytanto-car-electric-ble-remote\/#breadcrumb\",\"itemListElement\":[{\"@type\":\"ListItem\",\"position\":1,\"name\":\"Home\",\"item\":\"https:\/\/addio.eu\/fi\/addion-etusivu\/\"},{\"@type\":\"ListItem\",\"position\":2,\"name\":\"Tietosuojak\u00e4yt\u00e4nt\u00f6: \u201dcar electric &#8211; BLE remote\u201d\"}]},{\"@type\":\"WebSite\",\"@id\":\"https:\/\/addio.eu\/fi\/#website\",\"url\":\"https:\/\/addio.eu\/fi\/\",\"name\":\"addio.eu\",\"description\":\"\",\"publisher\":{\"@id\":\"https:\/\/addio.eu\/fi\/#organization\"},\"potentialAction\":[{\"@type\":\"SearchAction\",\"target\":{\"@type\":\"EntryPoint\",\"urlTemplate\":\"https:\/\/addio.eu\/fi\/?s={search_term_string}\"},\"query-input\":{\"@type\":\"PropertyValueSpecification\",\"valueRequired\":true,\"valueName\":\"search_term_string\"}}],\"inLanguage\":\"fi\"},{\"@type\":\"Organization\",\"@id\":\"https:\/\/addio.eu\/fi\/#organization\",\"name\":\"Addio elektroniikka\",\"url\":\"https:\/\/addio.eu\/fi\/\",\"logo\":{\"@type\":\"ImageObject\",\"inLanguage\":\"fi\",\"@id\":\"https:\/\/addio.eu\/fi\/#\/schema\/logo\/image\/\",\"url\":\"https:\/\/addio.eu\/wp-content\/uploads\/2024\/10\/Lager_1-1.svg\",\"contentUrl\":\"https:\/\/addio.eu\/wp-content\/uploads\/2024\/10\/Lager_1-1.svg\",\"caption\":\"Addio elektroniikka\"},\"image\":{\"@id\":\"https:\/\/addio.eu\/fi\/#\/schema\/logo\/image\/\"},\"sameAs\":[\"https:\/\/www.facebook.com\/AddioElectronicsAB\/\",\"https:\/\/www.linkedin.com\/company\/addio-electronics-ab\"]}]}<\/script>\n<!-- \/ Yoast SEO plugin. -->","yoast_head_json":{"title":"Tietosuojak\u00e4yt\u00e4nt\u00f6: \u201dcar electric - BLE remote\u201d - Addio Electronics","robots":{"index":"index","follow":"follow","max-snippet":"max-snippet:-1","max-image-preview":"max-image-preview:large","max-video-preview":"max-video-preview:-1"},"canonical":"https:\/\/addio.eu\/fi\/tietosuojakaytanto-car-electric-ble-remote\/","og_locale":"fi_FI","og_type":"article","og_title":"Tietosuojak\u00e4yt\u00e4nt\u00f6: \u201dcar electric - BLE remote\u201d - Addio Electronics","og_description":"T\u00e4m\u00e4n sovelluksen on kehitt\u00e4nyt ja sit\u00e4 yll\u00e4pit\u00e4\u00e4 Addio Electronics AB. T\u00e4m\u00e4 sovellus ker\u00e4\u00e4 k\u00e4ytt\u00e4jilt\u00e4\u00e4n henkil\u00f6tietoja. T\u00e4m\u00e4n asiakirjan voi tulostaa viitteeksi k\u00e4ytt\u00e4m\u00e4ll\u00e4 tulostustoimintoa mink\u00e4 tahansa selaimen asetuksista. K\u00e4yt\u00e4nn\u00f6n yhteenvetoHenkil\u00f6tietoja k\u00e4sitell\u00e4\u00e4n seuraaviin tarkoituksiin ja seuraavien palveluiden avulla:Sijaintiin perustuvat vuorovaikutuksetPaikannus ja ep\u00e4jatkuva paikannusHenkil\u00f6tiedot: maantieteellinen sijainti T\u00e4ysi k\u00e4yt\u00e4nt\u00f6Addio Electronics AB kehitti Car Electric &#8211; BLE Remote -sovelluksen ilmaisena sovelluksena. [&hellip;]","og_url":"https:\/\/addio.eu\/fi\/tietosuojakaytanto-car-electric-ble-remote\/","og_site_name":"Addio Electronics","article_publisher":"https:\/\/www.facebook.com\/AddioElectronicsAB\/","article_modified_time":"2025-10-07T11:23:06+00:00","twitter_card":"summary_large_image","twitter_misc":{"Arvioitu lukuaika":"4 minuutti"},"schema":{"@context":"https:\/\/schema.org","@graph":[{"@type":"WebPage","@id":"https:\/\/addio.eu\/fi\/tietosuojakaytanto-car-electric-ble-remote\/","url":"https:\/\/addio.eu\/fi\/tietosuojakaytanto-car-electric-ble-remote\/","name":"Tietosuojak\u00e4yt\u00e4nt\u00f6: \u201dcar electric - BLE remote\u201d - Addio Electronics","isPartOf":{"@id":"https:\/\/addio.eu\/fi\/#website"},"datePublished":"2025-04-03T08:20:46+00:00","dateModified":"2025-10-07T11:23:06+00:00","breadcrumb":{"@id":"https:\/\/addio.eu\/fi\/tietosuojakaytanto-car-electric-ble-remote\/#breadcrumb"},"inLanguage":"fi","potentialAction":[{"@type":"ReadAction","target":["https:\/\/addio.eu\/fi\/tietosuojakaytanto-car-electric-ble-remote\/"]}]},{"@type":"BreadcrumbList","@id":"https:\/\/addio.eu\/fi\/tietosuojakaytanto-car-electric-ble-remote\/#breadcrumb","itemListElement":[{"@type":"ListItem","position":1,"name":"Home","item":"https:\/\/addio.eu\/fi\/addion-etusivu\/"},{"@type":"ListItem","position":2,"name":"Tietosuojak\u00e4yt\u00e4nt\u00f6: \u201dcar electric &#8211; BLE remote\u201d"}]},{"@type":"WebSite","@id":"https:\/\/addio.eu\/fi\/#website","url":"https:\/\/addio.eu\/fi\/","name":"addio.eu","description":"","publisher":{"@id":"https:\/\/addio.eu\/fi\/#organization"},"potentialAction":[{"@type":"SearchAction","target":{"@type":"EntryPoint","urlTemplate":"https:\/\/addio.eu\/fi\/?s={search_term_string}"},"query-input":{"@type":"PropertyValueSpecification","valueRequired":true,"valueName":"search_term_string"}}],"inLanguage":"fi"},{"@type":"Organization","@id":"https:\/\/addio.eu\/fi\/#organization","name":"Addio elektroniikka","url":"https:\/\/addio.eu\/fi\/","logo":{"@type":"ImageObject","inLanguage":"fi","@id":"https:\/\/addio.eu\/fi\/#\/schema\/logo\/image\/","url":"https:\/\/addio.eu\/wp-content\/uploads\/2024\/10\/Lager_1-1.svg","contentUrl":"https:\/\/addio.eu\/wp-content\/uploads\/2024\/10\/Lager_1-1.svg","caption":"Addio elektroniikka"},"image":{"@id":"https:\/\/addio.eu\/fi\/#\/schema\/logo\/image\/"},"sameAs":["https:\/\/www.facebook.com\/AddioElectronicsAB\/","https:\/\/www.linkedin.com\/company\/addio-electronics-ab"]}]}},"_links":{"self":[{"href":"https:\/\/addio.eu\/fi\/wp-json\/wp\/v2\/pages\/9006","targetHints":{"allow":["GET"]}}],"collection":[{"href":"https:\/\/addio.eu\/fi\/wp-json\/wp\/v2\/pages"}],"about":[{"href":"https:\/\/addio.eu\/fi\/wp-json\/wp\/v2\/types\/page"}],"author":[{"embeddable":true,"href":"https:\/\/addio.eu\/fi\/wp-json\/wp\/v2\/users\/1"}],"replies":[{"embeddable":true,"href":"https:\/\/addio.eu\/fi\/wp-json\/wp\/v2\/comments?post=9006"}],"version-history":[{"count":1,"href":"https:\/\/addio.eu\/fi\/wp-json\/wp\/v2\/pages\/9006\/revisions"}],"predecessor-version":[{"id":9007,"href":"https:\/\/addio.eu\/fi\/wp-json\/wp\/v2\/pages\/9006\/revisions\/9007"}],"wp:attachment":[{"href":"https:\/\/addio.eu\/fi\/wp-json\/wp\/v2\/media?parent=9006"}],"curies":[{"name":"wp","href":"https:\/\/api.w.org\/{rel}","templated":true}]}}