{"id":15085,"date":"2025-03-07T10:19:14","date_gmt":"2025-03-07T10:19:14","guid":{"rendered":"https:\/\/addio.eu\/product\/drb-5024-8-adv\/"},"modified":"2026-02-10T17:00:13","modified_gmt":"2026-02-10T17:00:13","slug":"drb-5024-8-adv","status":"publish","type":"product","link":"https:\/\/addio.eu\/et\/product\/drb-5024-8-adv\/","title":{"rendered":"DRB 5024-8 ADV"},"content":{"rendered":"<p>Automatiseeritud funktsioonide jaoks saab \u00fchendada Addio CAN Masteri ja kasutada seda s\u00f5iduki sisendsignaalidega integreerimiseks.<\/p>\n<p>DRB konfigureeritakse meie tarkvara ADDIO CC kaudu.<\/p>\n<table width=\"298\">\n<tbody>\n<tr>\n<td width=\"234\">Mudel<\/td>\n<td width=\"64\">DRB-5024-8 ADV<\/td>\n<\/tr>\n<tr>\n<td width=\"234\">Toide<\/td>\n<td width=\"64\">18-31 VDC<\/td>\n<\/tr>\n<tr>\n<td width=\"234\">Sisemine voolutarve (ligikaudu) Tavare\u017eiim (v\u00e4ljundid passiivsed) \/ Puhkere\u017eiim<\/td>\n<td width=\"64\">~30mA\/~10mA<\/td>\n<\/tr>\n<tr>\n<td width=\"234\">Alapingekaitse (reguleeritav)<\/td>\n<td width=\"64\">18-25V, 0.5V sammud<\/td>\n<\/tr>\n<tr>\n<td width=\"234\">\u00dclepingekaitse (reguleeritav)<\/td>\n<td width=\"64\">26-31V, 1V sammud<\/td>\n<\/tr>\n<tr>\n<td width=\"234\">Maks. koguvool (1 min)<\/td>\n<td width=\"64\">50A<\/td>\n<\/tr>\n<tr>\n<td width=\"234\">Maks. pidev koguvool<\/td>\n<td width=\"64\">50A<\/td>\n<\/tr>\n<tr>\n<td width=\"234\">Sisendite koguarv<\/td>\n<td width=\"64\">8 tk<\/td>\n<\/tr>\n<tr>\n<td width=\"234\">Digitaalsisendid<\/td>\n<td width=\"64\">4\/8 tk<\/td>\n<\/tr>\n<tr>\n<td width=\"234\">Analoogsisendid<\/td>\n<td width=\"64\">4\/8 tk<\/td>\n<\/tr>\n<tr>\n<td width=\"234\">Sisendtakistus @12V<\/td>\n<td width=\"64\">22k\u03a9<\/td>\n<\/tr>\n<tr>\n<td width=\"234\">Sisendite \u00fchendused (pistik\u00fchendusega kruviklemmid)<\/td>\n<td width=\"64\">10-pooluseline, sh +\/-<\/td>\n<\/tr>\n<tr>\n<td width=\"234\">V\u00e4ljundite arv<\/td>\n<td width=\"64\">8 tk<\/td>\n<\/tr>\n<tr>\n<td width=\"234\">V\u00e4ljund\u00fchendused<\/td>\n<td width=\"64\">Kaabli press\u00fchendus<\/td>\n<\/tr>\n<tr>\n<td width=\"234\">V\u00e4ljundite kaitsmete suurus (A)<\/td>\n<td width=\"64\">5, 10, 15<\/td>\n<\/tr>\n<tr>\n<td width=\"234\">Toite\u00fchendus<\/td>\n<td width=\"64\">M5 mutter<\/td>\n<\/tr>\n<tr>\n<td width=\"234\">Bluetooth<\/td>\n<td width=\"64\">Jah, lisavarustusena<\/td>\n<\/tr>\n<tr>\n<td width=\"234\">Mootori juhtimine H-sild (eelvool)<\/td>\n<td width=\"64\">jah, maks 12A<\/td>\n<\/tr>\n<tr>\n<td width=\"234\">Veaindikatsioon<\/td>\n<td width=\"64\">Jagatud RGB LED<\/td>\n<\/tr>\n<tr>\n<td width=\"234\">LED v\u00e4ljundi kohta (reguleeritav v\u00e4rv)<\/td>\n<td width=\"64\">jah, RGB<\/td>\n<\/tr>\n<tr>\n<td width=\"234\">Kommunikatsioonisiini (CAN-siini)<\/td>\n<td width=\"64\">Jah, 2 tk RJ10<\/td>\n<\/tr>\n<tr>\n<td width=\"234\">Arvuti\u00fchendused<\/td>\n<td width=\"64\">USB Mini<\/td>\n<\/tr>\n<tr>\n<td width=\"234\">Maandussignaalid<\/td>\n<td width=\"64\">Jah, sisemise pull-up takistiga. Sisendid 1-4<\/td>\n<\/tr>\n<tr>\n<td width=\"234\">K\u00e4sinupp, l\u00fclituspaneelid, andurid jne.<\/td>\n<td width=\"64\">Jah, lisavarustusena<\/td>\n<\/tr>\n<tr>\n<td width=\"234\">Suurus (mm)<\/td>\n<td width=\"64\">170x92x21<\/td>\n<\/tr>\n<tr>\n<td width=\"234\">Kaal<\/td>\n<td width=\"64\">191<\/td>\n<\/tr>\n<\/tbody>\n<\/table>\n","protected":false},"excerpt":{"rendered":"<div class=\"elementor-element elementor-element-28a1869 elementor-widget elementor-widget-woocommerce-product-title elementor-page-title elementor-widget-heading\" data-id=\"28a1869\" data-element_type=\"widget\" data-widget_type=\"woocommerce-product-title.default\">\n<div class=\"elementor-widget-container\"><\/div>\n<\/div>\n<div class=\"elementor-element elementor-element-b951bf8 elementor-widget elementor-widget-woocommerce-product-short-description\" data-id=\"b951bf8\" data-element_type=\"widget\" data-widget_type=\"woocommerce-product-short-description.default\">\n<div class=\"elementor-widget-container\">\n<div class=\"woocommerce-product-details__short-description\">\n<div class=\"elementor-element elementor-element-28a1869 elementor-widget elementor-widget-woocommerce-product-title elementor-page-title elementor-widget-heading\" data-id=\"28a1869\" data-element_type=\"widget\" data-widget_type=\"woocommerce-product-title.default\">\n<div class=\"elementor-widget-container\">DRB 5024-8 ADV on meie standardne 24V seade 8 v\u00e4ljundi ja 8 sisendiga ning pideva koguvooluga 50 amprit, mis jaotub k\u00f5igi v\u00e4ljundite vahel.<\/div>\n<\/div>\n<div class=\"elementor-element elementor-element-b951bf8 elementor-widget elementor-widget-woocommerce-product-short-description\" data-id=\"b951bf8\" data-element_type=\"widget\" data-widget_type=\"woocommerce-product-short-description.default\">\n<div class=\"elementor-widget-container\">\n<div class=\"woocommerce-product-details__short-description\">\n<p>Nagu k\u00f5ik meie DRB-d, pakub 5024-8 ADV laia valikut funktsioone, n\u00e4iteks:<\/p>\n<ul>\n<li>Releefunktsioonid nagu vilkumine, h\u00e4mardamine ja taimer.<\/li>\n<li>Kaitsmefunktsioon suure voolutugevusega l\u00fclitite kaudu.<\/li>\n<li>Akukaitse taimerite v\u00f5i pingekaitse kaudu, individuaalselt v\u00e4ljundi kohta.<\/li>\n<li>Reeglip\u00f5hised loogikafunktsioonid.<\/li>\n<li>Kuni kolm erinevat funktsiooni v\u00e4ljundi kohta, n\u00e4iteks p\u00fcsiv v\u00f5i vilkuv.<\/li>\n<\/ul>\n<p class=\"\" data-start=\"112\" data-end=\"430\">V\u00e4ljundid on digitaalselt kaitstud kuni 15 amprini v\u00e4ljundi kohta.<\/p>\n<p class=\"\" data-start=\"432\" data-end=\"679\">Seadet juhitakse ideaalselt meie 8-nupulise juhtpaneeli (lisavarustus) kaudu, mis on \u00fchendatud CAN-siini abil, kuid iga v\u00e4ljundi juhtimiseks saab konfigureerida ka tavalisi l\u00fcliteid v\u00f5i muid signaalit\u00fc\u00fcpe, nii digitaalseid (k\u00f5rge\/madal) kui ka analoogseid (muutuvad pinged).<\/p>\n<\/div>\n<\/div>\n<\/div>\n<\/div>\n<\/div>\n<\/div>\n","protected":false},"featured_media":15088,"comment_status":"open","ping_status":"closed","template":"","meta":[],"product_brand":[],"product_cat":[467],"product_tag":[476,492,468,469],"class_list":{"0":"post-15085","1":"product","2":"type-product","3":"status-publish","4":"has-post-thumbnail","6":"product_cat-digitaalsed-releekarbid","7":"product_tag-2-can-porti","8":"product_tag-24v","9":"product_tag-8-sisendit","10":"product_tag-8-valjundit","12":"first","13":"instock","14":"shipping-taxable","15":"product-type-simple"},"yoast_head":"<!-- This site is optimized with the Yoast SEO plugin v26.0 - https:\/\/yoast.com\/wordpress\/plugins\/seo\/ -->\n<title>DRB 5024-8 ADV - Addio Electronics<\/title>\n<meta name=\"robots\" content=\"index, follow, max-snippet:-1, max-image-preview:large, max-video-preview:-1\" \/>\n<link rel=\"canonical\" href=\"https:\/\/addio.eu\/et\/product\/drb-5024-8-adv\/\" \/>\n<meta property=\"og:locale\" content=\"et_EE\" \/>\n<meta property=\"og:type\" content=\"article\" \/>\n<meta property=\"og:title\" content=\"DRB 5024-8 ADV - Addio Electronics\" \/>\n<meta property=\"og:description\" content=\"DRB 5024-8 ADV on meie standardne 24V seade 8 v\u00e4ljundi ja 8 sisendiga ning pideva koguvooluga 50 amprit, mis jaotub k\u00f5igi v\u00e4ljundite vahel.   Nagu k\u00f5ik meie DRB-d, pakub 5024-8 ADV laia valikut funktsioone, n\u00e4iteks:  Releefunktsioonid nagu vilkumine, h\u00e4mardamine ja taimer.  Kaitsmefunktsioon suure voolutugevusega l\u00fclitite kaudu.  Akukaitse taimerite v\u00f5i pingekaitse kaudu, individuaalselt v\u00e4ljundi kohta.  Reeglip\u00f5hised loogikafunktsioonid.  Kuni kolm erinevat funktsiooni v\u00e4ljundi kohta, n\u00e4iteks p\u00fcsiv v\u00f5i vilkuv. V\u00e4ljundid on digitaalselt kaitstud kuni 15 amprini v\u00e4ljundi kohta. Seadet juhitakse ideaalselt meie 8-nupulise juhtpaneeli (lisavarustus) kaudu, mis on \u00fchendatud CAN-siini abil, kuid iga v\u00e4ljundi juhtimiseks saab konfigureerida ka tavalisi l\u00fcliteid v\u00f5i muid signaalit\u00fc\u00fcpe, nii digitaalseid (k\u00f5rge\/madal) kui ka analoogseid (muutuvad pinged).\" \/>\n<meta property=\"og:url\" content=\"https:\/\/addio.eu\/et\/product\/drb-5024-8-adv\/\" \/>\n<meta property=\"og:site_name\" content=\"Addio Electronics\" \/>\n<meta property=\"article:publisher\" content=\"https:\/\/www.facebook.com\/AddioElectronicsAB\/\" \/>\n<meta property=\"article:modified_time\" content=\"2026-02-10T17:00:13+00:00\" \/>\n<meta property=\"og:image\" content=\"https:\/\/addio.eu\/wp-content\/uploads\/2025\/03\/IMG_1796-scaled.jpg\" \/>\n\t<meta property=\"og:image:width\" content=\"2560\" \/>\n\t<meta property=\"og:image:height\" content=\"1618\" \/>\n\t<meta property=\"og:image:type\" content=\"image\/jpeg\" \/>\n<meta name=\"twitter:card\" content=\"summary_large_image\" \/>\n<meta name=\"twitter:label1\" content=\"Est. reading time\" \/>\n\t<meta name=\"twitter:data1\" content=\"1 minut\" \/>\n<script type=\"application\/ld+json\" class=\"yoast-schema-graph\">{\"@context\":\"https:\/\/schema.org\",\"@graph\":[{\"@type\":\"WebPage\",\"@id\":\"https:\/\/addio.eu\/et\/product\/drb-5024-8-adv\/\",\"url\":\"https:\/\/addio.eu\/et\/product\/drb-5024-8-adv\/\",\"name\":\"DRB 5024-8 ADV - Addio Electronics\",\"isPartOf\":{\"@id\":\"https:\/\/addio.eu\/et\/#website\"},\"primaryImageOfPage\":{\"@id\":\"https:\/\/addio.eu\/et\/product\/drb-5024-8-adv\/#primaryimage\"},\"image\":{\"@id\":\"https:\/\/addio.eu\/et\/product\/drb-5024-8-adv\/#primaryimage\"},\"thumbnailUrl\":\"https:\/\/addio.eu\/wp-content\/uploads\/2025\/03\/IMG_1796-scaled.jpg\",\"datePublished\":\"2025-03-07T10:19:14+00:00\",\"dateModified\":\"2026-02-10T17:00:13+00:00\",\"breadcrumb\":{\"@id\":\"https:\/\/addio.eu\/et\/product\/drb-5024-8-adv\/#breadcrumb\"},\"inLanguage\":\"et\",\"potentialAction\":[{\"@type\":\"ReadAction\",\"target\":[\"https:\/\/addio.eu\/et\/product\/drb-5024-8-adv\/\"]}]},{\"@type\":\"ImageObject\",\"inLanguage\":\"et\",\"@id\":\"https:\/\/addio.eu\/et\/product\/drb-5024-8-adv\/#primaryimage\",\"url\":\"https:\/\/addio.eu\/wp-content\/uploads\/2025\/03\/IMG_1796-scaled.jpg\",\"contentUrl\":\"https:\/\/addio.eu\/wp-content\/uploads\/2025\/03\/IMG_1796-scaled.jpg\",\"width\":2560,\"height\":1618},{\"@type\":\"BreadcrumbList\",\"@id\":\"https:\/\/addio.eu\/et\/product\/drb-5024-8-adv\/#breadcrumb\",\"itemListElement\":[{\"@type\":\"ListItem\",\"position\":1,\"name\":\"Home\",\"item\":\"https:\/\/addio.eu\/et\/addio-esileht\/\"},{\"@type\":\"ListItem\",\"position\":2,\"name\":\"Tooted\",\"item\":\"https:\/\/addio.eu\/et\/tooted\/\"},{\"@type\":\"ListItem\",\"position\":3,\"name\":\"DRB 5024-8 ADV\"}]},{\"@type\":\"WebSite\",\"@id\":\"https:\/\/addio.eu\/et\/#website\",\"url\":\"https:\/\/addio.eu\/et\/\",\"name\":\"addio.eu\",\"description\":\"\",\"publisher\":{\"@id\":\"https:\/\/addio.eu\/et\/#organization\"},\"potentialAction\":[{\"@type\":\"SearchAction\",\"target\":{\"@type\":\"EntryPoint\",\"urlTemplate\":\"https:\/\/addio.eu\/et\/?s={search_term_string}\"},\"query-input\":{\"@type\":\"PropertyValueSpecification\",\"valueRequired\":true,\"valueName\":\"search_term_string\"}}],\"inLanguage\":\"et\"},{\"@type\":\"Organization\",\"@id\":\"https:\/\/addio.eu\/et\/#organization\",\"name\":\"Addio Electronics\",\"url\":\"https:\/\/addio.eu\/et\/\",\"logo\":{\"@type\":\"ImageObject\",\"inLanguage\":\"et\",\"@id\":\"https:\/\/addio.eu\/et\/#\/schema\/logo\/image\/\",\"url\":\"https:\/\/addio.eu\/wp-content\/uploads\/2024\/10\/Lager_1-1.svg\",\"contentUrl\":\"https:\/\/addio.eu\/wp-content\/uploads\/2024\/10\/Lager_1-1.svg\",\"width\":89,\"height\":26,\"caption\":\"Addio Electronics\"},\"image\":{\"@id\":\"https:\/\/addio.eu\/et\/#\/schema\/logo\/image\/\"},\"sameAs\":[\"https:\/\/www.facebook.com\/AddioElectronicsAB\/\",\"https:\/\/www.linkedin.com\/company\/addio-electronics-ab\"]}]}<\/script>\n<!-- \/ Yoast SEO plugin. -->","yoast_head_json":{"title":"DRB 5024-8 ADV - Addio Electronics","robots":{"index":"index","follow":"follow","max-snippet":"max-snippet:-1","max-image-preview":"max-image-preview:large","max-video-preview":"max-video-preview:-1"},"canonical":"https:\/\/addio.eu\/et\/product\/drb-5024-8-adv\/","og_locale":"et_EE","og_type":"article","og_title":"DRB 5024-8 ADV - Addio Electronics","og_description":"DRB 5024-8 ADV on meie standardne 24V seade 8 v\u00e4ljundi ja 8 sisendiga ning pideva koguvooluga 50 amprit, mis jaotub k\u00f5igi v\u00e4ljundite vahel.   Nagu k\u00f5ik meie DRB-d, pakub 5024-8 ADV laia valikut funktsioone, n\u00e4iteks:  Releefunktsioonid nagu vilkumine, h\u00e4mardamine ja taimer.  Kaitsmefunktsioon suure voolutugevusega l\u00fclitite kaudu.  Akukaitse taimerite v\u00f5i pingekaitse kaudu, individuaalselt v\u00e4ljundi kohta.  Reeglip\u00f5hised loogikafunktsioonid.  Kuni kolm erinevat funktsiooni v\u00e4ljundi kohta, n\u00e4iteks p\u00fcsiv v\u00f5i vilkuv. V\u00e4ljundid on digitaalselt kaitstud kuni 15 amprini v\u00e4ljundi kohta. Seadet juhitakse ideaalselt meie 8-nupulise juhtpaneeli (lisavarustus) kaudu, mis on \u00fchendatud CAN-siini abil, kuid iga v\u00e4ljundi juhtimiseks saab konfigureerida ka tavalisi l\u00fcliteid v\u00f5i muid signaalit\u00fc\u00fcpe, nii digitaalseid (k\u00f5rge\/madal) kui ka analoogseid (muutuvad pinged).","og_url":"https:\/\/addio.eu\/et\/product\/drb-5024-8-adv\/","og_site_name":"Addio Electronics","article_publisher":"https:\/\/www.facebook.com\/AddioElectronicsAB\/","article_modified_time":"2026-02-10T17:00:13+00:00","og_image":[{"width":2560,"height":1618,"url":"https:\/\/addio.eu\/wp-content\/uploads\/2025\/03\/IMG_1796-scaled.jpg","type":"image\/jpeg"}],"twitter_card":"summary_large_image","twitter_misc":{"Est. reading time":"1 minut"},"schema":{"@context":"https:\/\/schema.org","@graph":[{"@type":"WebPage","@id":"https:\/\/addio.eu\/et\/product\/drb-5024-8-adv\/","url":"https:\/\/addio.eu\/et\/product\/drb-5024-8-adv\/","name":"DRB 5024-8 ADV - Addio Electronics","isPartOf":{"@id":"https:\/\/addio.eu\/et\/#website"},"primaryImageOfPage":{"@id":"https:\/\/addio.eu\/et\/product\/drb-5024-8-adv\/#primaryimage"},"image":{"@id":"https:\/\/addio.eu\/et\/product\/drb-5024-8-adv\/#primaryimage"},"thumbnailUrl":"https:\/\/addio.eu\/wp-content\/uploads\/2025\/03\/IMG_1796-scaled.jpg","datePublished":"2025-03-07T10:19:14+00:00","dateModified":"2026-02-10T17:00:13+00:00","breadcrumb":{"@id":"https:\/\/addio.eu\/et\/product\/drb-5024-8-adv\/#breadcrumb"},"inLanguage":"et","potentialAction":[{"@type":"ReadAction","target":["https:\/\/addio.eu\/et\/product\/drb-5024-8-adv\/"]}]},{"@type":"ImageObject","inLanguage":"et","@id":"https:\/\/addio.eu\/et\/product\/drb-5024-8-adv\/#primaryimage","url":"https:\/\/addio.eu\/wp-content\/uploads\/2025\/03\/IMG_1796-scaled.jpg","contentUrl":"https:\/\/addio.eu\/wp-content\/uploads\/2025\/03\/IMG_1796-scaled.jpg","width":2560,"height":1618},{"@type":"BreadcrumbList","@id":"https:\/\/addio.eu\/et\/product\/drb-5024-8-adv\/#breadcrumb","itemListElement":[{"@type":"ListItem","position":1,"name":"Home","item":"https:\/\/addio.eu\/et\/addio-esileht\/"},{"@type":"ListItem","position":2,"name":"Tooted","item":"https:\/\/addio.eu\/et\/tooted\/"},{"@type":"ListItem","position":3,"name":"DRB 5024-8 ADV"}]},{"@type":"WebSite","@id":"https:\/\/addio.eu\/et\/#website","url":"https:\/\/addio.eu\/et\/","name":"addio.eu","description":"","publisher":{"@id":"https:\/\/addio.eu\/et\/#organization"},"potentialAction":[{"@type":"SearchAction","target":{"@type":"EntryPoint","urlTemplate":"https:\/\/addio.eu\/et\/?s={search_term_string}"},"query-input":{"@type":"PropertyValueSpecification","valueRequired":true,"valueName":"search_term_string"}}],"inLanguage":"et"},{"@type":"Organization","@id":"https:\/\/addio.eu\/et\/#organization","name":"Addio Electronics","url":"https:\/\/addio.eu\/et\/","logo":{"@type":"ImageObject","inLanguage":"et","@id":"https:\/\/addio.eu\/et\/#\/schema\/logo\/image\/","url":"https:\/\/addio.eu\/wp-content\/uploads\/2024\/10\/Lager_1-1.svg","contentUrl":"https:\/\/addio.eu\/wp-content\/uploads\/2024\/10\/Lager_1-1.svg","width":89,"height":26,"caption":"Addio Electronics"},"image":{"@id":"https:\/\/addio.eu\/et\/#\/schema\/logo\/image\/"},"sameAs":["https:\/\/www.facebook.com\/AddioElectronicsAB\/","https:\/\/www.linkedin.com\/company\/addio-electronics-ab"]}]}},"_links":{"self":[{"href":"https:\/\/addio.eu\/et\/wp-json\/wp\/v2\/product\/15085","targetHints":{"allow":["GET"]}}],"collection":[{"href":"https:\/\/addio.eu\/et\/wp-json\/wp\/v2\/product"}],"about":[{"href":"https:\/\/addio.eu\/et\/wp-json\/wp\/v2\/types\/product"}],"replies":[{"embeddable":true,"href":"https:\/\/addio.eu\/et\/wp-json\/wp\/v2\/comments?post=15085"}],"wp:featuredmedia":[{"embeddable":true,"href":"https:\/\/addio.eu\/et\/wp-json\/wp\/v2\/media\/15088"}],"wp:attachment":[{"href":"https:\/\/addio.eu\/et\/wp-json\/wp\/v2\/media?parent=15085"}],"wp:term":[{"taxonomy":"product_brand","embeddable":true,"href":"https:\/\/addio.eu\/et\/wp-json\/wp\/v2\/product_brand?post=15085"},{"taxonomy":"product_cat","embeddable":true,"href":"https:\/\/addio.eu\/et\/wp-json\/wp\/v2\/product_cat?post=15085"},{"taxonomy":"product_tag","embeddable":true,"href":"https:\/\/addio.eu\/et\/wp-json\/wp\/v2\/product_tag?post=15085"}],"curies":[{"name":"wp","href":"https:\/\/api.w.org\/{rel}","templated":true}]}}