{"id":15056,"date":"2025-03-07T11:01:36","date_gmt":"2025-03-07T11:01:36","guid":{"rendered":"https:\/\/addio.eu\/product\/22-kanaliga-sisendseade\/"},"modified":"2025-03-07T11:01:36","modified_gmt":"2025-03-07T11:01:36","slug":"22-kanaliga-sisendseade","status":"publish","type":"product","link":"https:\/\/addio.eu\/et\/product\/22-kanaliga-sisendseade\/","title":{"rendered":"22-kanaliga sisendseade"},"content":{"rendered":"<p><strong>M\u00f5\u00f5tmed<\/strong><br \/>\n74*71*21 mm<\/p>\n<p><strong>Kaal<\/strong><br \/>\n53 g<\/p>\n","protected":false},"excerpt":{"rendered":"<p class=\"\" data-start=\"72\" data-end=\"283\">ADV DRB-de lisaseadmena on olemas 22 sisendiga sisendseade, mis \u00fchendub DRB-de COM\/CAN pordiga.<\/p>\n<p class=\"\" data-start=\"285\" data-end=\"538\">Seadmel on 3 eemaldatavat 8-kontaktilist pistikut. Sisendid on m\u00e4rgistatud A, B ja C, kus sisendil A on 6 sisendit koos pluss- ja miinusvoolu\u00fchendustega, mida saab kasutada v\u00e4liste nuppude toiteks. Sisenditel B ja C on kummalgi 8 sisendit, nummerdatud 1-8.  <\/p>\n<p class=\"\" data-start=\"540\" data-end=\"683\">Kommunikatsiooniport koosneb kahest RJ-10 pistikust, mis on identsed ja paralleelselt \u00fchendatud, v\u00f5imaldades kasutada kumbagi pistikut.<\/p>\n<p class=\"\" data-start=\"30\" data-end=\"270\"><strong>Looge oma klaviatuur<\/strong><br \/>\nKui soovite luua oma klaviatuuri kuni 22 kohandatava nupuga, n\u00e4iteks vastupidavate nuppudega v\u00e4litingimustes kasutamiseks, saate \u00fchendada \u00fcksikud nupud selle seadmega, mis \u00fchendatakse seej\u00e4rel DRB seadmega lihtsa kaabli abil (CANBusi kaudu).<\/p>\n<p class=\"\" data-start=\"272\" data-end=\"401\">Addio s\u00fcsteemis saab \u00fchendada 2 seadet, mis v\u00f5imaldab teil kasutada 22 unikaalset funktsiooni paralleelselt kahel identsel klaviatuuril.<\/p>\n","protected":false},"featured_media":5891,"comment_status":"open","ping_status":"closed","template":"","meta":[],"product_brand":[],"product_cat":[463],"product_tag":[],"class_list":{"0":"post-15056","1":"product","2":"type-product","3":"status-publish","4":"has-post-thumbnail","6":"product_cat-can-uhenduvus","8":"first","9":"instock","10":"shipping-taxable","11":"product-type-simple"},"yoast_head":"<!-- This site is optimized with the Yoast SEO plugin v26.0 - https:\/\/yoast.com\/wordpress\/plugins\/seo\/ -->\n<title>22-kanaliga sisendseade - Addio Electronics<\/title>\n<meta name=\"robots\" content=\"index, follow, max-snippet:-1, max-image-preview:large, max-video-preview:-1\" \/>\n<link rel=\"canonical\" href=\"https:\/\/addio.eu\/et\/product\/22-kanaliga-sisendseade\/\" \/>\n<meta property=\"og:locale\" content=\"et_EE\" \/>\n<meta property=\"og:type\" content=\"article\" \/>\n<meta property=\"og:title\" content=\"22-kanaliga sisendseade - Addio Electronics\" \/>\n<meta property=\"og:description\" content=\"ADV DRB-de lisaseadmena on olemas 22 sisendiga sisendseade, mis \u00fchendub DRB-de COM\/CAN pordiga. Seadmel on 3 eemaldatavat 8-kontaktilist pistikut. Sisendid on m\u00e4rgistatud A, B ja C, kus sisendil A on 6 sisendit koos pluss- ja miinusvoolu\u00fchendustega, mida saab kasutada v\u00e4liste nuppude toiteks. Sisenditel B ja C on kummalgi 8 sisendit, nummerdatud 1-8.  Kommunikatsiooniport koosneb kahest RJ-10 pistikust, mis on identsed ja paralleelselt \u00fchendatud, v\u00f5imaldades kasutada kumbagi pistikut. Looge oma klaviatuur Kui soovite luua oma klaviatuuri kuni 22 kohandatava nupuga, n\u00e4iteks vastupidavate nuppudega v\u00e4litingimustes kasutamiseks, saate \u00fchendada \u00fcksikud nupud selle seadmega, mis \u00fchendatakse seej\u00e4rel DRB seadmega lihtsa kaabli abil (CANBusi kaudu). Addio s\u00fcsteemis saab \u00fchendada 2 seadet, mis v\u00f5imaldab teil kasutada 22 unikaalset funktsiooni paralleelselt kahel identsel klaviatuuril.\" \/>\n<meta property=\"og:url\" content=\"https:\/\/addio.eu\/et\/product\/22-kanaliga-sisendseade\/\" \/>\n<meta property=\"og:site_name\" content=\"Addio Electronics\" \/>\n<meta property=\"article:publisher\" content=\"https:\/\/www.facebook.com\/AddioElectronicsAB\/\" \/>\n<meta property=\"og:image\" content=\"https:\/\/addio.eu\/wp-content\/uploads\/2025\/03\/IMG_1659-scaled.jpg\" \/>\n\t<meta property=\"og:image:width\" content=\"2560\" \/>\n\t<meta property=\"og:image:height\" content=\"1920\" \/>\n\t<meta property=\"og:image:type\" content=\"image\/jpeg\" \/>\n<meta name=\"twitter:card\" content=\"summary_large_image\" \/>\n<script type=\"application\/ld+json\" class=\"yoast-schema-graph\">{\"@context\":\"https:\/\/schema.org\",\"@graph\":[{\"@type\":\"WebPage\",\"@id\":\"https:\/\/addio.eu\/et\/product\/22-kanaliga-sisendseade\/\",\"url\":\"https:\/\/addio.eu\/et\/product\/22-kanaliga-sisendseade\/\",\"name\":\"22-kanaliga sisendseade - Addio Electronics\",\"isPartOf\":{\"@id\":\"https:\/\/addio.eu\/et\/#website\"},\"primaryImageOfPage\":{\"@id\":\"https:\/\/addio.eu\/et\/product\/22-kanaliga-sisendseade\/#primaryimage\"},\"image\":{\"@id\":\"https:\/\/addio.eu\/et\/product\/22-kanaliga-sisendseade\/#primaryimage\"},\"thumbnailUrl\":\"https:\/\/addio.eu\/wp-content\/uploads\/2025\/03\/IMG_1659-scaled.jpg\",\"datePublished\":\"2025-03-07T11:01:36+00:00\",\"breadcrumb\":{\"@id\":\"https:\/\/addio.eu\/et\/product\/22-kanaliga-sisendseade\/#breadcrumb\"},\"inLanguage\":\"et\",\"potentialAction\":[{\"@type\":\"ReadAction\",\"target\":[\"https:\/\/addio.eu\/et\/product\/22-kanaliga-sisendseade\/\"]}]},{\"@type\":\"ImageObject\",\"inLanguage\":\"et\",\"@id\":\"https:\/\/addio.eu\/et\/product\/22-kanaliga-sisendseade\/#primaryimage\",\"url\":\"https:\/\/addio.eu\/wp-content\/uploads\/2025\/03\/IMG_1659-scaled.jpg\",\"contentUrl\":\"https:\/\/addio.eu\/wp-content\/uploads\/2025\/03\/IMG_1659-scaled.jpg\",\"width\":2560,\"height\":1920},{\"@type\":\"BreadcrumbList\",\"@id\":\"https:\/\/addio.eu\/et\/product\/22-kanaliga-sisendseade\/#breadcrumb\",\"itemListElement\":[{\"@type\":\"ListItem\",\"position\":1,\"name\":\"Home\",\"item\":\"https:\/\/addio.eu\/et\/addio-esileht\/\"},{\"@type\":\"ListItem\",\"position\":2,\"name\":\"Tooted\",\"item\":\"https:\/\/addio.eu\/et\/tooted\/\"},{\"@type\":\"ListItem\",\"position\":3,\"name\":\"22-kanaliga sisendseade\"}]},{\"@type\":\"WebSite\",\"@id\":\"https:\/\/addio.eu\/et\/#website\",\"url\":\"https:\/\/addio.eu\/et\/\",\"name\":\"addio.eu\",\"description\":\"\",\"publisher\":{\"@id\":\"https:\/\/addio.eu\/et\/#organization\"},\"potentialAction\":[{\"@type\":\"SearchAction\",\"target\":{\"@type\":\"EntryPoint\",\"urlTemplate\":\"https:\/\/addio.eu\/et\/?s={search_term_string}\"},\"query-input\":{\"@type\":\"PropertyValueSpecification\",\"valueRequired\":true,\"valueName\":\"search_term_string\"}}],\"inLanguage\":\"et\"},{\"@type\":\"Organization\",\"@id\":\"https:\/\/addio.eu\/et\/#organization\",\"name\":\"Addio Electronics\",\"url\":\"https:\/\/addio.eu\/et\/\",\"logo\":{\"@type\":\"ImageObject\",\"inLanguage\":\"et\",\"@id\":\"https:\/\/addio.eu\/et\/#\/schema\/logo\/image\/\",\"url\":\"https:\/\/addio.eu\/wp-content\/uploads\/2024\/10\/Lager_1-1.svg\",\"contentUrl\":\"https:\/\/addio.eu\/wp-content\/uploads\/2024\/10\/Lager_1-1.svg\",\"width\":89,\"height\":26,\"caption\":\"Addio Electronics\"},\"image\":{\"@id\":\"https:\/\/addio.eu\/et\/#\/schema\/logo\/image\/\"},\"sameAs\":[\"https:\/\/www.facebook.com\/AddioElectronicsAB\/\",\"https:\/\/www.linkedin.com\/company\/addio-electronics-ab\"]}]}<\/script>\n<!-- \/ Yoast SEO plugin. -->","yoast_head_json":{"title":"22-kanaliga sisendseade - Addio Electronics","robots":{"index":"index","follow":"follow","max-snippet":"max-snippet:-1","max-image-preview":"max-image-preview:large","max-video-preview":"max-video-preview:-1"},"canonical":"https:\/\/addio.eu\/et\/product\/22-kanaliga-sisendseade\/","og_locale":"et_EE","og_type":"article","og_title":"22-kanaliga sisendseade - Addio Electronics","og_description":"ADV DRB-de lisaseadmena on olemas 22 sisendiga sisendseade, mis \u00fchendub DRB-de COM\/CAN pordiga. Seadmel on 3 eemaldatavat 8-kontaktilist pistikut. Sisendid on m\u00e4rgistatud A, B ja C, kus sisendil A on 6 sisendit koos pluss- ja miinusvoolu\u00fchendustega, mida saab kasutada v\u00e4liste nuppude toiteks. Sisenditel B ja C on kummalgi 8 sisendit, nummerdatud 1-8.  Kommunikatsiooniport koosneb kahest RJ-10 pistikust, mis on identsed ja paralleelselt \u00fchendatud, v\u00f5imaldades kasutada kumbagi pistikut. Looge oma klaviatuur Kui soovite luua oma klaviatuuri kuni 22 kohandatava nupuga, n\u00e4iteks vastupidavate nuppudega v\u00e4litingimustes kasutamiseks, saate \u00fchendada \u00fcksikud nupud selle seadmega, mis \u00fchendatakse seej\u00e4rel DRB seadmega lihtsa kaabli abil (CANBusi kaudu). Addio s\u00fcsteemis saab \u00fchendada 2 seadet, mis v\u00f5imaldab teil kasutada 22 unikaalset funktsiooni paralleelselt kahel identsel klaviatuuril.","og_url":"https:\/\/addio.eu\/et\/product\/22-kanaliga-sisendseade\/","og_site_name":"Addio Electronics","article_publisher":"https:\/\/www.facebook.com\/AddioElectronicsAB\/","og_image":[{"width":2560,"height":1920,"url":"https:\/\/addio.eu\/wp-content\/uploads\/2025\/03\/IMG_1659-scaled.jpg","type":"image\/jpeg"}],"twitter_card":"summary_large_image","schema":{"@context":"https:\/\/schema.org","@graph":[{"@type":"WebPage","@id":"https:\/\/addio.eu\/et\/product\/22-kanaliga-sisendseade\/","url":"https:\/\/addio.eu\/et\/product\/22-kanaliga-sisendseade\/","name":"22-kanaliga sisendseade - Addio Electronics","isPartOf":{"@id":"https:\/\/addio.eu\/et\/#website"},"primaryImageOfPage":{"@id":"https:\/\/addio.eu\/et\/product\/22-kanaliga-sisendseade\/#primaryimage"},"image":{"@id":"https:\/\/addio.eu\/et\/product\/22-kanaliga-sisendseade\/#primaryimage"},"thumbnailUrl":"https:\/\/addio.eu\/wp-content\/uploads\/2025\/03\/IMG_1659-scaled.jpg","datePublished":"2025-03-07T11:01:36+00:00","breadcrumb":{"@id":"https:\/\/addio.eu\/et\/product\/22-kanaliga-sisendseade\/#breadcrumb"},"inLanguage":"et","potentialAction":[{"@type":"ReadAction","target":["https:\/\/addio.eu\/et\/product\/22-kanaliga-sisendseade\/"]}]},{"@type":"ImageObject","inLanguage":"et","@id":"https:\/\/addio.eu\/et\/product\/22-kanaliga-sisendseade\/#primaryimage","url":"https:\/\/addio.eu\/wp-content\/uploads\/2025\/03\/IMG_1659-scaled.jpg","contentUrl":"https:\/\/addio.eu\/wp-content\/uploads\/2025\/03\/IMG_1659-scaled.jpg","width":2560,"height":1920},{"@type":"BreadcrumbList","@id":"https:\/\/addio.eu\/et\/product\/22-kanaliga-sisendseade\/#breadcrumb","itemListElement":[{"@type":"ListItem","position":1,"name":"Home","item":"https:\/\/addio.eu\/et\/addio-esileht\/"},{"@type":"ListItem","position":2,"name":"Tooted","item":"https:\/\/addio.eu\/et\/tooted\/"},{"@type":"ListItem","position":3,"name":"22-kanaliga sisendseade"}]},{"@type":"WebSite","@id":"https:\/\/addio.eu\/et\/#website","url":"https:\/\/addio.eu\/et\/","name":"addio.eu","description":"","publisher":{"@id":"https:\/\/addio.eu\/et\/#organization"},"potentialAction":[{"@type":"SearchAction","target":{"@type":"EntryPoint","urlTemplate":"https:\/\/addio.eu\/et\/?s={search_term_string}"},"query-input":{"@type":"PropertyValueSpecification","valueRequired":true,"valueName":"search_term_string"}}],"inLanguage":"et"},{"@type":"Organization","@id":"https:\/\/addio.eu\/et\/#organization","name":"Addio Electronics","url":"https:\/\/addio.eu\/et\/","logo":{"@type":"ImageObject","inLanguage":"et","@id":"https:\/\/addio.eu\/et\/#\/schema\/logo\/image\/","url":"https:\/\/addio.eu\/wp-content\/uploads\/2024\/10\/Lager_1-1.svg","contentUrl":"https:\/\/addio.eu\/wp-content\/uploads\/2024\/10\/Lager_1-1.svg","width":89,"height":26,"caption":"Addio Electronics"},"image":{"@id":"https:\/\/addio.eu\/et\/#\/schema\/logo\/image\/"},"sameAs":["https:\/\/www.facebook.com\/AddioElectronicsAB\/","https:\/\/www.linkedin.com\/company\/addio-electronics-ab"]}]}},"_links":{"self":[{"href":"https:\/\/addio.eu\/et\/wp-json\/wp\/v2\/product\/15056","targetHints":{"allow":["GET"]}}],"collection":[{"href":"https:\/\/addio.eu\/et\/wp-json\/wp\/v2\/product"}],"about":[{"href":"https:\/\/addio.eu\/et\/wp-json\/wp\/v2\/types\/product"}],"replies":[{"embeddable":true,"href":"https:\/\/addio.eu\/et\/wp-json\/wp\/v2\/comments?post=15056"}],"wp:featuredmedia":[{"embeddable":true,"href":"https:\/\/addio.eu\/et\/wp-json\/wp\/v2\/media\/5891"}],"wp:attachment":[{"href":"https:\/\/addio.eu\/et\/wp-json\/wp\/v2\/media?parent=15056"}],"wp:term":[{"taxonomy":"product_brand","embeddable":true,"href":"https:\/\/addio.eu\/et\/wp-json\/wp\/v2\/product_brand?post=15056"},{"taxonomy":"product_cat","embeddable":true,"href":"https:\/\/addio.eu\/et\/wp-json\/wp\/v2\/product_cat?post=15056"},{"taxonomy":"product_tag","embeddable":true,"href":"https:\/\/addio.eu\/et\/wp-json\/wp\/v2\/product_tag?post=15056"}],"curies":[{"name":"wp","href":"https:\/\/api.w.org\/{rel}","templated":true}]}}