{"id":14975,"date":"2025-03-07T10:38:08","date_gmt":"2025-03-07T10:38:08","guid":{"rendered":"https:\/\/addio.eu\/product\/kasijuhtimispult-15\/"},"modified":"2025-03-07T10:38:08","modified_gmt":"2025-03-07T10:38:08","slug":"kasijuhtimispult-15","status":"publish","type":"product","link":"https:\/\/addio.eu\/et\/product\/kasijuhtimispult-15\/","title":{"rendered":"K\u00e4sijuhtimispult 15"},"content":{"rendered":"<p class=\"\" data-start=\"660\" data-end=\"682\"><strong data-start=\"660\" data-end=\"682\">V\u00e4rv ja valgustus<\/strong><\/p>\n<p class=\"\" data-start=\"684\" data-end=\"919\">K\u00f5ik juhtpaneeli nupud on valgustatud ja neid saab konfigureerida j\u00e4rgmiste v\u00e4rvidega: roheline, sinine, kollane, oran\u017e, valge ja punane. Nii taustavalguse v\u00e4rvi kui ka aktiivse v\u00e4rvi saab iga nupu jaoks men\u00fc\u00fcs seadistada. <\/p>\n<p class=\"\" data-start=\"921\" data-end=\"1055\">Nuppude valgustugevus reguleerub automaatselt vastavalt \u00fcmbritsevatele valgustingimustele, t\u00e4nu sisseehitatud valgusandurile.<\/p>\n<p class=\"\" data-start=\"1346\" data-end=\"1380\"><strong data-start=\"1346\" data-end=\"1380\">Paigaldus ja seadistamine<\/strong><\/p>\n<p class=\"\" data-start=\"1382\" data-end=\"1525\">Nuppude funktsioonide, aktiivsete ja passiivsete v\u00e4rvide ning muu seadistamine salvestatakse meie releekarpidesse ja toimub meie tarkvara Addio CC kaudu.<\/p>\n<p data-start=\"1382\" data-end=\"1525\"><strong>Komplektis<\/strong><br \/>\nAddio k\u00e4sijuhtimispuldiga on kaasas 3-meetrine kaabel, kinnitusklamber ja kleepuvad nupukleebised.<\/p>\n","protected":false},"excerpt":{"rendered":"<div class=\"elementor-element elementor-element-28a1869 elementor-widget elementor-widget-woocommerce-product-title elementor-page-title elementor-widget-heading\" data-id=\"28a1869\" data-element_type=\"widget\" data-widget_type=\"woocommerce-product-title.default\">\n<div class=\"elementor-widget-container\">\n<h2 class=\"product_title entry-title elementor-heading-title elementor-size-default\"><strong style=\"font-size: 16px;\" data-start=\"62\" data-end=\"120\">Lihtne \u00fchendamine ja paigaldus Addio k\u00e4sijuhtimispuldiga<\/strong><\/h2>\n<\/div>\n<\/div>\n<div class=\"elementor-element elementor-element-b951bf8 elementor-widget elementor-widget-woocommerce-product-short-description\" data-id=\"b951bf8\" data-element_type=\"widget\" data-widget_type=\"woocommerce-product-short-description.default\">\n<div class=\"elementor-widget-container\">\n<div class=\"woocommerce-product-details__short-description\">\n<p>Addio 13 nupuga k\u00e4sijuhtimispulti on lihtne paigaldada kaasasoleva kinnitusklambri abil. K\u00e4sijuhtimispult \u00fchendatakse releekarbi COM\/CAN-porti kaasasoleva kaabli kaudu. <\/p>\n<p>Addio k\u00e4sijuhtimispult \u00fchildub nii meie 12V kui ka 24V DRB-dega.<\/p>\n<div id=\"tw-target-rmn-container\" class=\"tw-target-rmn tw-ta-container tw-nfl\" tabindex=\"0\" role=\"text\">\n<p id=\"tw-target-rmn\" class=\"tw-data-placeholder tw-text-small tw-ta\" dir=\"ltr\"><strong data-start=\"333\" data-end=\"345\">Omadused<\/strong><\/p>\n<\/div>\n<p class=\"\" data-start=\"347\" data-end=\"523\">Iga nuppu saab seadistada juhtima mitut funktsiooni ning see saab aktiveerida v\u00e4ljundi ja\/v\u00f5i toimida indikaatorina, n\u00e4itamaks teatud sisendi, v\u00e4ljundi v\u00f5i muu sisemise funktsiooni olekut.<\/p>\n<p class=\"\" data-start=\"525\" data-end=\"658\">S\u00fcsteemis saab kasutada kuni nelja k\u00e4sijuhtimispulti, mis t\u00f6\u00f6tavad paralleelselt (trepistik\u00fchendus).<\/p>\n<\/div>\n<\/div>\n<\/div>\n","protected":false},"featured_media":5857,"comment_status":"open","ping_status":"closed","template":"","meta":[],"product_brand":[],"product_cat":[496],"product_tag":[497],"class_list":{"0":"post-14975","1":"product","2":"type-product","3":"status-publish","4":"has-post-thumbnail","6":"product_cat-kasijuhtimispuldid","7":"product_tag-15-nuppu","9":"first","10":"instock","11":"shipping-taxable","12":"product-type-simple"},"yoast_head":"<!-- This site is optimized with the Yoast SEO plugin v26.0 - https:\/\/yoast.com\/wordpress\/plugins\/seo\/ -->\n<title>K\u00e4sijuhtimispult 15 - Addio Electronics<\/title>\n<meta name=\"robots\" content=\"index, follow, max-snippet:-1, max-image-preview:large, max-video-preview:-1\" \/>\n<link rel=\"canonical\" href=\"https:\/\/addio.eu\/et\/product\/kasijuhtimispult-15\/\" \/>\n<meta property=\"og:locale\" content=\"et_EE\" \/>\n<meta property=\"og:type\" content=\"article\" \/>\n<meta property=\"og:title\" content=\"K\u00e4sijuhtimispult 15 - Addio Electronics\" \/>\n<meta property=\"og:description\" content=\"Lihtne \u00fchendamine ja paigaldus Addio k\u00e4sijuhtimispuldiga    Addio 13 nupuga k\u00e4sijuhtimispulti on lihtne paigaldada kaasasoleva kinnitusklambri abil. K\u00e4sijuhtimispult \u00fchendatakse releekarbi COM\/CAN-porti kaasasoleva kaabli kaudu.  Addio k\u00e4sijuhtimispult \u00fchildub nii meie 12V kui ka 24V DRB-dega. Omadused  Iga nuppu saab seadistada juhtima mitut funktsiooni ning see saab aktiveerida v\u00e4ljundi ja\/v\u00f5i toimida indikaatorina, n\u00e4itamaks teatud sisendi, v\u00e4ljundi v\u00f5i muu sisemise funktsiooni olekut. S\u00fcsteemis saab kasutada kuni nelja k\u00e4sijuhtimispulti, mis t\u00f6\u00f6tavad paralleelselt (trepistik\u00fchendus).\" \/>\n<meta property=\"og:url\" content=\"https:\/\/addio.eu\/et\/product\/kasijuhtimispult-15\/\" \/>\n<meta property=\"og:site_name\" content=\"Addio Electronics\" \/>\n<meta property=\"article:publisher\" content=\"https:\/\/www.facebook.com\/AddioElectronicsAB\/\" \/>\n<meta property=\"og:image\" content=\"https:\/\/addio.eu\/wp-content\/uploads\/2025\/03\/IMG_1590-scaled.jpg\" \/>\n\t<meta property=\"og:image:width\" content=\"1670\" \/>\n\t<meta property=\"og:image:height\" content=\"2560\" \/>\n\t<meta property=\"og:image:type\" content=\"image\/jpeg\" \/>\n<meta name=\"twitter:card\" content=\"summary_large_image\" \/>\n<script type=\"application\/ld+json\" class=\"yoast-schema-graph\">{\"@context\":\"https:\/\/schema.org\",\"@graph\":[{\"@type\":\"WebPage\",\"@id\":\"https:\/\/addio.eu\/et\/product\/kasijuhtimispult-15\/\",\"url\":\"https:\/\/addio.eu\/et\/product\/kasijuhtimispult-15\/\",\"name\":\"K\u00e4sijuhtimispult 15 - Addio Electronics\",\"isPartOf\":{\"@id\":\"https:\/\/addio.eu\/et\/#website\"},\"primaryImageOfPage\":{\"@id\":\"https:\/\/addio.eu\/et\/product\/kasijuhtimispult-15\/#primaryimage\"},\"image\":{\"@id\":\"https:\/\/addio.eu\/et\/product\/kasijuhtimispult-15\/#primaryimage\"},\"thumbnailUrl\":\"https:\/\/addio.eu\/wp-content\/uploads\/2025\/03\/IMG_1590-scaled.jpg\",\"datePublished\":\"2025-03-07T10:38:08+00:00\",\"breadcrumb\":{\"@id\":\"https:\/\/addio.eu\/et\/product\/kasijuhtimispult-15\/#breadcrumb\"},\"inLanguage\":\"et\",\"potentialAction\":[{\"@type\":\"ReadAction\",\"target\":[\"https:\/\/addio.eu\/et\/product\/kasijuhtimispult-15\/\"]}]},{\"@type\":\"ImageObject\",\"inLanguage\":\"et\",\"@id\":\"https:\/\/addio.eu\/et\/product\/kasijuhtimispult-15\/#primaryimage\",\"url\":\"https:\/\/addio.eu\/wp-content\/uploads\/2025\/03\/IMG_1590-scaled.jpg\",\"contentUrl\":\"https:\/\/addio.eu\/wp-content\/uploads\/2025\/03\/IMG_1590-scaled.jpg\",\"width\":1670,\"height\":2560},{\"@type\":\"BreadcrumbList\",\"@id\":\"https:\/\/addio.eu\/et\/product\/kasijuhtimispult-15\/#breadcrumb\",\"itemListElement\":[{\"@type\":\"ListItem\",\"position\":1,\"name\":\"Home\",\"item\":\"https:\/\/addio.eu\/et\/addio-esileht\/\"},{\"@type\":\"ListItem\",\"position\":2,\"name\":\"Tooted\",\"item\":\"https:\/\/addio.eu\/et\/tooted\/\"},{\"@type\":\"ListItem\",\"position\":3,\"name\":\"K\u00e4sijuhtimispult 15\"}]},{\"@type\":\"WebSite\",\"@id\":\"https:\/\/addio.eu\/et\/#website\",\"url\":\"https:\/\/addio.eu\/et\/\",\"name\":\"addio.eu\",\"description\":\"\",\"publisher\":{\"@id\":\"https:\/\/addio.eu\/et\/#organization\"},\"potentialAction\":[{\"@type\":\"SearchAction\",\"target\":{\"@type\":\"EntryPoint\",\"urlTemplate\":\"https:\/\/addio.eu\/et\/?s={search_term_string}\"},\"query-input\":{\"@type\":\"PropertyValueSpecification\",\"valueRequired\":true,\"valueName\":\"search_term_string\"}}],\"inLanguage\":\"et\"},{\"@type\":\"Organization\",\"@id\":\"https:\/\/addio.eu\/et\/#organization\",\"name\":\"Addio Electronics\",\"url\":\"https:\/\/addio.eu\/et\/\",\"logo\":{\"@type\":\"ImageObject\",\"inLanguage\":\"et\",\"@id\":\"https:\/\/addio.eu\/et\/#\/schema\/logo\/image\/\",\"url\":\"https:\/\/addio.eu\/wp-content\/uploads\/2024\/10\/Lager_1-1.svg\",\"contentUrl\":\"https:\/\/addio.eu\/wp-content\/uploads\/2024\/10\/Lager_1-1.svg\",\"width\":89,\"height\":26,\"caption\":\"Addio Electronics\"},\"image\":{\"@id\":\"https:\/\/addio.eu\/et\/#\/schema\/logo\/image\/\"},\"sameAs\":[\"https:\/\/www.facebook.com\/AddioElectronicsAB\/\",\"https:\/\/www.linkedin.com\/company\/addio-electronics-ab\"]}]}<\/script>\n<!-- \/ Yoast SEO plugin. -->","yoast_head_json":{"title":"K\u00e4sijuhtimispult 15 - Addio Electronics","robots":{"index":"index","follow":"follow","max-snippet":"max-snippet:-1","max-image-preview":"max-image-preview:large","max-video-preview":"max-video-preview:-1"},"canonical":"https:\/\/addio.eu\/et\/product\/kasijuhtimispult-15\/","og_locale":"et_EE","og_type":"article","og_title":"K\u00e4sijuhtimispult 15 - Addio Electronics","og_description":"Lihtne \u00fchendamine ja paigaldus Addio k\u00e4sijuhtimispuldiga    Addio 13 nupuga k\u00e4sijuhtimispulti on lihtne paigaldada kaasasoleva kinnitusklambri abil. K\u00e4sijuhtimispult \u00fchendatakse releekarbi COM\/CAN-porti kaasasoleva kaabli kaudu.  Addio k\u00e4sijuhtimispult \u00fchildub nii meie 12V kui ka 24V DRB-dega. Omadused  Iga nuppu saab seadistada juhtima mitut funktsiooni ning see saab aktiveerida v\u00e4ljundi ja\/v\u00f5i toimida indikaatorina, n\u00e4itamaks teatud sisendi, v\u00e4ljundi v\u00f5i muu sisemise funktsiooni olekut. S\u00fcsteemis saab kasutada kuni nelja k\u00e4sijuhtimispulti, mis t\u00f6\u00f6tavad paralleelselt (trepistik\u00fchendus).","og_url":"https:\/\/addio.eu\/et\/product\/kasijuhtimispult-15\/","og_site_name":"Addio Electronics","article_publisher":"https:\/\/www.facebook.com\/AddioElectronicsAB\/","og_image":[{"width":1670,"height":2560,"url":"https:\/\/addio.eu\/wp-content\/uploads\/2025\/03\/IMG_1590-scaled.jpg","type":"image\/jpeg"}],"twitter_card":"summary_large_image","schema":{"@context":"https:\/\/schema.org","@graph":[{"@type":"WebPage","@id":"https:\/\/addio.eu\/et\/product\/kasijuhtimispult-15\/","url":"https:\/\/addio.eu\/et\/product\/kasijuhtimispult-15\/","name":"K\u00e4sijuhtimispult 15 - Addio Electronics","isPartOf":{"@id":"https:\/\/addio.eu\/et\/#website"},"primaryImageOfPage":{"@id":"https:\/\/addio.eu\/et\/product\/kasijuhtimispult-15\/#primaryimage"},"image":{"@id":"https:\/\/addio.eu\/et\/product\/kasijuhtimispult-15\/#primaryimage"},"thumbnailUrl":"https:\/\/addio.eu\/wp-content\/uploads\/2025\/03\/IMG_1590-scaled.jpg","datePublished":"2025-03-07T10:38:08+00:00","breadcrumb":{"@id":"https:\/\/addio.eu\/et\/product\/kasijuhtimispult-15\/#breadcrumb"},"inLanguage":"et","potentialAction":[{"@type":"ReadAction","target":["https:\/\/addio.eu\/et\/product\/kasijuhtimispult-15\/"]}]},{"@type":"ImageObject","inLanguage":"et","@id":"https:\/\/addio.eu\/et\/product\/kasijuhtimispult-15\/#primaryimage","url":"https:\/\/addio.eu\/wp-content\/uploads\/2025\/03\/IMG_1590-scaled.jpg","contentUrl":"https:\/\/addio.eu\/wp-content\/uploads\/2025\/03\/IMG_1590-scaled.jpg","width":1670,"height":2560},{"@type":"BreadcrumbList","@id":"https:\/\/addio.eu\/et\/product\/kasijuhtimispult-15\/#breadcrumb","itemListElement":[{"@type":"ListItem","position":1,"name":"Home","item":"https:\/\/addio.eu\/et\/addio-esileht\/"},{"@type":"ListItem","position":2,"name":"Tooted","item":"https:\/\/addio.eu\/et\/tooted\/"},{"@type":"ListItem","position":3,"name":"K\u00e4sijuhtimispult 15"}]},{"@type":"WebSite","@id":"https:\/\/addio.eu\/et\/#website","url":"https:\/\/addio.eu\/et\/","name":"addio.eu","description":"","publisher":{"@id":"https:\/\/addio.eu\/et\/#organization"},"potentialAction":[{"@type":"SearchAction","target":{"@type":"EntryPoint","urlTemplate":"https:\/\/addio.eu\/et\/?s={search_term_string}"},"query-input":{"@type":"PropertyValueSpecification","valueRequired":true,"valueName":"search_term_string"}}],"inLanguage":"et"},{"@type":"Organization","@id":"https:\/\/addio.eu\/et\/#organization","name":"Addio Electronics","url":"https:\/\/addio.eu\/et\/","logo":{"@type":"ImageObject","inLanguage":"et","@id":"https:\/\/addio.eu\/et\/#\/schema\/logo\/image\/","url":"https:\/\/addio.eu\/wp-content\/uploads\/2024\/10\/Lager_1-1.svg","contentUrl":"https:\/\/addio.eu\/wp-content\/uploads\/2024\/10\/Lager_1-1.svg","width":89,"height":26,"caption":"Addio Electronics"},"image":{"@id":"https:\/\/addio.eu\/et\/#\/schema\/logo\/image\/"},"sameAs":["https:\/\/www.facebook.com\/AddioElectronicsAB\/","https:\/\/www.linkedin.com\/company\/addio-electronics-ab"]}]}},"_links":{"self":[{"href":"https:\/\/addio.eu\/et\/wp-json\/wp\/v2\/product\/14975","targetHints":{"allow":["GET"]}}],"collection":[{"href":"https:\/\/addio.eu\/et\/wp-json\/wp\/v2\/product"}],"about":[{"href":"https:\/\/addio.eu\/et\/wp-json\/wp\/v2\/types\/product"}],"replies":[{"embeddable":true,"href":"https:\/\/addio.eu\/et\/wp-json\/wp\/v2\/comments?post=14975"}],"wp:featuredmedia":[{"embeddable":true,"href":"https:\/\/addio.eu\/et\/wp-json\/wp\/v2\/media\/5857"}],"wp:attachment":[{"href":"https:\/\/addio.eu\/et\/wp-json\/wp\/v2\/media?parent=14975"}],"wp:term":[{"taxonomy":"product_brand","embeddable":true,"href":"https:\/\/addio.eu\/et\/wp-json\/wp\/v2\/product_brand?post=14975"},{"taxonomy":"product_cat","embeddable":true,"href":"https:\/\/addio.eu\/et\/wp-json\/wp\/v2\/product_cat?post=14975"},{"taxonomy":"product_tag","embeddable":true,"href":"https:\/\/addio.eu\/et\/wp-json\/wp\/v2\/product_tag?post=14975"}],"curies":[{"name":"wp","href":"https:\/\/api.w.org\/{rel}","templated":true}]}}