{"id":14884,"date":"2025-03-07T10:28:46","date_gmt":"2025-03-07T10:28:46","guid":{"rendered":"https:\/\/addio.eu\/product\/juhtpaneel-4\/"},"modified":"2025-03-07T10:28:46","modified_gmt":"2025-03-07T10:28:46","slug":"juhtpaneel-4","status":"publish","type":"product","link":"https:\/\/addio.eu\/et\/product\/juhtpaneel-4\/","title":{"rendered":"Juhtpaneel 4"},"content":{"rendered":"<p class=\"\" data-start=\"660\" data-end=\"682\"><strong data-start=\"660\" data-end=\"682\">V\u00e4rv ja valgustus<\/strong><\/p>\n<p class=\"\" data-start=\"684\" data-end=\"919\">K\u00f5ik juhtpaneeli nupud on valgustatud ja neid saab konfigureerida j\u00e4rgmiste v\u00e4rvidega: roheline, sinine, kollane, oran\u017e, valge ja punane. Iga nupu jaoks saab men\u00fc\u00fcs m\u00e4\u00e4rata nii taustavalguse v\u00e4rvi kui ka aktiivse v\u00e4rvi. <\/p>\n<p class=\"\" data-start=\"921\" data-end=\"1055\">Nuppude valgustugevus reguleerub automaatselt \u00fcmbritsevate valgustingimuste alusel t\u00e4nu sisseehitatud valgusandurile.<\/p>\n<p class=\"\" data-start=\"1057\" data-end=\"1085\"><strong data-start=\"1057\" data-end=\"1085\">Summer ja nupuhelid<\/strong><\/p>\n<p class=\"\" data-start=\"1087\" data-end=\"1344\">Juhtpaneelil on sisseehitatud summer, mis annab nupuvajutusel l\u00fchikese piiksuga tagasisidet. Summerit saab juhtida ka v\u00e4lisest allikast, n\u00e4iteks sisendist, v\u00e4ljundist v\u00f5i virtuaalsest v\u00e4ljundist, h\u00e4irefunktsioonide ja muu k\u00e4ivitamiseks. <\/p>\n<p class=\"\" data-start=\"1346\" data-end=\"1380\"><strong data-start=\"1346\" data-end=\"1380\">Paigaldus ja konfigureerimine<\/strong><\/p>\n<p class=\"\" data-start=\"1382\" data-end=\"1525\">Nupufunktsioonide, aktiivsete ja passiivsete v\u00e4rvide ning muu konfigureerimine salvestatakse meie releekarpidessse ja toimub meie tarkvara Addio CC kaudu.<\/p>\n<p data-start=\"1382\" data-end=\"1525\"><strong>Komplektis<\/strong><br \/>\nAddio juhtpaneelidega on kaasas 5-meetrine kaabel ja isekleepuvad nupukleebised.<br \/>\nAlternatiivne art. nr sisaldab ka kinnitusklambrit. <\/p>\n","protected":false},"excerpt":{"rendered":"<p class=\"\" data-start=\"62\" data-end=\"120\"><strong data-start=\"62\" data-end=\"120\">Lihtne juhtmestik ja paigaldus Addio juhtpaneelidega<\/strong><\/p>\n<p class=\"\" data-start=\"122\" data-end=\"331\">Addio juhtpaneele on lihtne paigaldada kasutades kaasasolevat kahepoolset teipi v\u00f5i kinnitusklambrit (saadaval lisatarvikuna). Klaviatuurid \u00fchendatakse releekarbi COM\/CAN-porti kaasasoleva kaabli abil. <\/p>\n<p class=\"\" data-start=\"333\" data-end=\"345\"><strong data-start=\"333\" data-end=\"345\">Omadused<\/strong><\/p>\n<p class=\"\" data-start=\"347\" data-end=\"523\">Iga nuppu saab seadistada mitmesse asendisse ja see saab aktiveerida v\u00e4ljundi ja\/v\u00f5i toimida indikaatorina n\u00e4itamaks, kas konkreetne sisend, v\u00e4ljund v\u00f5i muu sisemine funktsioon on aktiivne.<\/p>\n<p class=\"\" data-start=\"525\" data-end=\"658\">S\u00fcsteemis saab kasutada kuni nelja juhtpaneeli ja neid saab konfigureerida individuaalselt v\u00f5i paralleelselt (trepivalgustuse \u00fchendus).<\/p>\n","protected":false},"featured_media":5843,"comment_status":"open","ping_status":"closed","template":"","meta":[],"product_brand":[],"product_cat":[488],"product_tag":[489],"class_list":{"0":"post-14884","1":"product","2":"type-product","3":"status-publish","4":"has-post-thumbnail","6":"product_cat-juhtpaneelid","7":"product_tag-4-nuppu","9":"first","10":"instock","11":"shipping-taxable","12":"product-type-simple"},"yoast_head":"<!-- This site is optimized with the Yoast SEO plugin v26.0 - https:\/\/yoast.com\/wordpress\/plugins\/seo\/ -->\n<title>Juhtpaneel 4 - Addio Electronics<\/title>\n<meta name=\"robots\" content=\"index, follow, max-snippet:-1, max-image-preview:large, max-video-preview:-1\" \/>\n<link rel=\"canonical\" href=\"https:\/\/addio.eu\/et\/product\/juhtpaneel-4\/\" \/>\n<meta property=\"og:locale\" content=\"et_EE\" \/>\n<meta property=\"og:type\" content=\"article\" \/>\n<meta property=\"og:title\" content=\"Juhtpaneel 4 - Addio Electronics\" \/>\n<meta property=\"og:description\" content=\"Lihtne juhtmestik ja paigaldus Addio juhtpaneelidega Addio juhtpaneele on lihtne paigaldada kasutades kaasasolevat kahepoolset teipi v\u00f5i kinnitusklambrit (saadaval lisatarvikuna). Klaviatuurid \u00fchendatakse releekarbi COM\/CAN-porti kaasasoleva kaabli abil. Omadused Iga nuppu saab seadistada mitmesse asendisse ja see saab aktiveerida v\u00e4ljundi ja\/v\u00f5i toimida indikaatorina n\u00e4itamaks, kas konkreetne sisend, v\u00e4ljund v\u00f5i muu sisemine funktsioon on aktiivne. S\u00fcsteemis saab kasutada kuni nelja juhtpaneeli ja neid saab konfigureerida individuaalselt v\u00f5i paralleelselt (trepivalgustuse \u00fchendus).\" \/>\n<meta property=\"og:url\" content=\"https:\/\/addio.eu\/et\/product\/juhtpaneel-4\/\" \/>\n<meta property=\"og:site_name\" content=\"Addio Electronics\" \/>\n<meta property=\"article:publisher\" content=\"https:\/\/www.facebook.com\/AddioElectronicsAB\/\" \/>\n<meta property=\"og:image\" content=\"https:\/\/addio.eu\/wp-content\/uploads\/2025\/03\/IMG_1586-scaled.jpg\" \/>\n\t<meta property=\"og:image:width\" content=\"2560\" \/>\n\t<meta property=\"og:image:height\" content=\"1920\" \/>\n\t<meta property=\"og:image:type\" content=\"image\/jpeg\" \/>\n<meta name=\"twitter:card\" content=\"summary_large_image\" \/>\n<meta name=\"twitter:label1\" content=\"Est. reading time\" \/>\n\t<meta name=\"twitter:data1\" content=\"1 minut\" \/>\n<script type=\"application\/ld+json\" class=\"yoast-schema-graph\">{\"@context\":\"https:\/\/schema.org\",\"@graph\":[{\"@type\":\"WebPage\",\"@id\":\"https:\/\/addio.eu\/et\/product\/juhtpaneel-4\/\",\"url\":\"https:\/\/addio.eu\/et\/product\/juhtpaneel-4\/\",\"name\":\"Juhtpaneel 4 - Addio Electronics\",\"isPartOf\":{\"@id\":\"https:\/\/addio.eu\/et\/#website\"},\"primaryImageOfPage\":{\"@id\":\"https:\/\/addio.eu\/et\/product\/juhtpaneel-4\/#primaryimage\"},\"image\":{\"@id\":\"https:\/\/addio.eu\/et\/product\/juhtpaneel-4\/#primaryimage\"},\"thumbnailUrl\":\"https:\/\/addio.eu\/wp-content\/uploads\/2025\/03\/IMG_1586-scaled.jpg\",\"datePublished\":\"2025-03-07T10:28:46+00:00\",\"breadcrumb\":{\"@id\":\"https:\/\/addio.eu\/et\/product\/juhtpaneel-4\/#breadcrumb\"},\"inLanguage\":\"et\",\"potentialAction\":[{\"@type\":\"ReadAction\",\"target\":[\"https:\/\/addio.eu\/et\/product\/juhtpaneel-4\/\"]}]},{\"@type\":\"ImageObject\",\"inLanguage\":\"et\",\"@id\":\"https:\/\/addio.eu\/et\/product\/juhtpaneel-4\/#primaryimage\",\"url\":\"https:\/\/addio.eu\/wp-content\/uploads\/2025\/03\/IMG_1586-scaled.jpg\",\"contentUrl\":\"https:\/\/addio.eu\/wp-content\/uploads\/2025\/03\/IMG_1586-scaled.jpg\",\"width\":2560,\"height\":1920},{\"@type\":\"BreadcrumbList\",\"@id\":\"https:\/\/addio.eu\/et\/product\/juhtpaneel-4\/#breadcrumb\",\"itemListElement\":[{\"@type\":\"ListItem\",\"position\":1,\"name\":\"Home\",\"item\":\"https:\/\/addio.eu\/et\/addio-esileht\/\"},{\"@type\":\"ListItem\",\"position\":2,\"name\":\"Tooted\",\"item\":\"https:\/\/addio.eu\/et\/tooted\/\"},{\"@type\":\"ListItem\",\"position\":3,\"name\":\"Juhtpaneel 4\"}]},{\"@type\":\"WebSite\",\"@id\":\"https:\/\/addio.eu\/et\/#website\",\"url\":\"https:\/\/addio.eu\/et\/\",\"name\":\"addio.eu\",\"description\":\"\",\"publisher\":{\"@id\":\"https:\/\/addio.eu\/et\/#organization\"},\"potentialAction\":[{\"@type\":\"SearchAction\",\"target\":{\"@type\":\"EntryPoint\",\"urlTemplate\":\"https:\/\/addio.eu\/et\/?s={search_term_string}\"},\"query-input\":{\"@type\":\"PropertyValueSpecification\",\"valueRequired\":true,\"valueName\":\"search_term_string\"}}],\"inLanguage\":\"et\"},{\"@type\":\"Organization\",\"@id\":\"https:\/\/addio.eu\/et\/#organization\",\"name\":\"Addio Electronics\",\"url\":\"https:\/\/addio.eu\/et\/\",\"logo\":{\"@type\":\"ImageObject\",\"inLanguage\":\"et\",\"@id\":\"https:\/\/addio.eu\/et\/#\/schema\/logo\/image\/\",\"url\":\"https:\/\/addio.eu\/wp-content\/uploads\/2024\/10\/Lager_1-1.svg\",\"contentUrl\":\"https:\/\/addio.eu\/wp-content\/uploads\/2024\/10\/Lager_1-1.svg\",\"width\":89,\"height\":26,\"caption\":\"Addio Electronics\"},\"image\":{\"@id\":\"https:\/\/addio.eu\/et\/#\/schema\/logo\/image\/\"},\"sameAs\":[\"https:\/\/www.facebook.com\/AddioElectronicsAB\/\",\"https:\/\/www.linkedin.com\/company\/addio-electronics-ab\"]}]}<\/script>\n<!-- \/ Yoast SEO plugin. -->","yoast_head_json":{"title":"Juhtpaneel 4 - Addio Electronics","robots":{"index":"index","follow":"follow","max-snippet":"max-snippet:-1","max-image-preview":"max-image-preview:large","max-video-preview":"max-video-preview:-1"},"canonical":"https:\/\/addio.eu\/et\/product\/juhtpaneel-4\/","og_locale":"et_EE","og_type":"article","og_title":"Juhtpaneel 4 - Addio Electronics","og_description":"Lihtne juhtmestik ja paigaldus Addio juhtpaneelidega Addio juhtpaneele on lihtne paigaldada kasutades kaasasolevat kahepoolset teipi v\u00f5i kinnitusklambrit (saadaval lisatarvikuna). Klaviatuurid \u00fchendatakse releekarbi COM\/CAN-porti kaasasoleva kaabli abil. Omadused Iga nuppu saab seadistada mitmesse asendisse ja see saab aktiveerida v\u00e4ljundi ja\/v\u00f5i toimida indikaatorina n\u00e4itamaks, kas konkreetne sisend, v\u00e4ljund v\u00f5i muu sisemine funktsioon on aktiivne. S\u00fcsteemis saab kasutada kuni nelja juhtpaneeli ja neid saab konfigureerida individuaalselt v\u00f5i paralleelselt (trepivalgustuse \u00fchendus).","og_url":"https:\/\/addio.eu\/et\/product\/juhtpaneel-4\/","og_site_name":"Addio Electronics","article_publisher":"https:\/\/www.facebook.com\/AddioElectronicsAB\/","og_image":[{"width":2560,"height":1920,"url":"https:\/\/addio.eu\/wp-content\/uploads\/2025\/03\/IMG_1586-scaled.jpg","type":"image\/jpeg"}],"twitter_card":"summary_large_image","twitter_misc":{"Est. reading time":"1 minut"},"schema":{"@context":"https:\/\/schema.org","@graph":[{"@type":"WebPage","@id":"https:\/\/addio.eu\/et\/product\/juhtpaneel-4\/","url":"https:\/\/addio.eu\/et\/product\/juhtpaneel-4\/","name":"Juhtpaneel 4 - Addio Electronics","isPartOf":{"@id":"https:\/\/addio.eu\/et\/#website"},"primaryImageOfPage":{"@id":"https:\/\/addio.eu\/et\/product\/juhtpaneel-4\/#primaryimage"},"image":{"@id":"https:\/\/addio.eu\/et\/product\/juhtpaneel-4\/#primaryimage"},"thumbnailUrl":"https:\/\/addio.eu\/wp-content\/uploads\/2025\/03\/IMG_1586-scaled.jpg","datePublished":"2025-03-07T10:28:46+00:00","breadcrumb":{"@id":"https:\/\/addio.eu\/et\/product\/juhtpaneel-4\/#breadcrumb"},"inLanguage":"et","potentialAction":[{"@type":"ReadAction","target":["https:\/\/addio.eu\/et\/product\/juhtpaneel-4\/"]}]},{"@type":"ImageObject","inLanguage":"et","@id":"https:\/\/addio.eu\/et\/product\/juhtpaneel-4\/#primaryimage","url":"https:\/\/addio.eu\/wp-content\/uploads\/2025\/03\/IMG_1586-scaled.jpg","contentUrl":"https:\/\/addio.eu\/wp-content\/uploads\/2025\/03\/IMG_1586-scaled.jpg","width":2560,"height":1920},{"@type":"BreadcrumbList","@id":"https:\/\/addio.eu\/et\/product\/juhtpaneel-4\/#breadcrumb","itemListElement":[{"@type":"ListItem","position":1,"name":"Home","item":"https:\/\/addio.eu\/et\/addio-esileht\/"},{"@type":"ListItem","position":2,"name":"Tooted","item":"https:\/\/addio.eu\/et\/tooted\/"},{"@type":"ListItem","position":3,"name":"Juhtpaneel 4"}]},{"@type":"WebSite","@id":"https:\/\/addio.eu\/et\/#website","url":"https:\/\/addio.eu\/et\/","name":"addio.eu","description":"","publisher":{"@id":"https:\/\/addio.eu\/et\/#organization"},"potentialAction":[{"@type":"SearchAction","target":{"@type":"EntryPoint","urlTemplate":"https:\/\/addio.eu\/et\/?s={search_term_string}"},"query-input":{"@type":"PropertyValueSpecification","valueRequired":true,"valueName":"search_term_string"}}],"inLanguage":"et"},{"@type":"Organization","@id":"https:\/\/addio.eu\/et\/#organization","name":"Addio Electronics","url":"https:\/\/addio.eu\/et\/","logo":{"@type":"ImageObject","inLanguage":"et","@id":"https:\/\/addio.eu\/et\/#\/schema\/logo\/image\/","url":"https:\/\/addio.eu\/wp-content\/uploads\/2024\/10\/Lager_1-1.svg","contentUrl":"https:\/\/addio.eu\/wp-content\/uploads\/2024\/10\/Lager_1-1.svg","width":89,"height":26,"caption":"Addio Electronics"},"image":{"@id":"https:\/\/addio.eu\/et\/#\/schema\/logo\/image\/"},"sameAs":["https:\/\/www.facebook.com\/AddioElectronicsAB\/","https:\/\/www.linkedin.com\/company\/addio-electronics-ab"]}]}},"_links":{"self":[{"href":"https:\/\/addio.eu\/et\/wp-json\/wp\/v2\/product\/14884","targetHints":{"allow":["GET"]}}],"collection":[{"href":"https:\/\/addio.eu\/et\/wp-json\/wp\/v2\/product"}],"about":[{"href":"https:\/\/addio.eu\/et\/wp-json\/wp\/v2\/types\/product"}],"replies":[{"embeddable":true,"href":"https:\/\/addio.eu\/et\/wp-json\/wp\/v2\/comments?post=14884"}],"wp:featuredmedia":[{"embeddable":true,"href":"https:\/\/addio.eu\/et\/wp-json\/wp\/v2\/media\/5843"}],"wp:attachment":[{"href":"https:\/\/addio.eu\/et\/wp-json\/wp\/v2\/media?parent=14884"}],"wp:term":[{"taxonomy":"product_brand","embeddable":true,"href":"https:\/\/addio.eu\/et\/wp-json\/wp\/v2\/product_brand?post=14884"},{"taxonomy":"product_cat","embeddable":true,"href":"https:\/\/addio.eu\/et\/wp-json\/wp\/v2\/product_cat?post=14884"},{"taxonomy":"product_tag","embeddable":true,"href":"https:\/\/addio.eu\/et\/wp-json\/wp\/v2\/product_tag?post=14884"}],"curies":[{"name":"wp","href":"https:\/\/api.w.org\/{rel}","templated":true}]}}