{"id":14801,"date":"2025-03-24T09:43:40","date_gmt":"2025-03-24T09:43:40","guid":{"rendered":"https:\/\/addio.eu\/product\/drb-8012-3-esp\/"},"modified":"2026-02-10T16:55:26","modified_gmt":"2026-02-10T16:55:26","slug":"drb-8012-3-esp","status":"publish","type":"product","link":"https:\/\/addio.eu\/et\/product\/drb-8012-3-esp\/","title":{"rendered":"DRB 8012-3 ESP"},"content":{"rendered":"<p>&nbsp;<\/p>\n<table width=\"310\">\n<tbody>\n<tr>\n<td width=\"234\">Mudel<\/td>\n<td width=\"76\">DRB8012-3 ESP<\/td>\n<\/tr>\n<tr>\n<td width=\"234\">Toide<\/td>\n<td width=\"76\">10-22 VDC<\/td>\n<\/tr>\n<tr>\n<td width=\"234\">Sisemine voolutarve (ligikaudu) Tavare\u017eiim, v\u00e4ljundid passiivsed \/ Puhkere\u017eiim<\/td>\n<td width=\"76\">~5mA\/~2mA<\/td>\n<\/tr>\n<tr>\n<td width=\"234\">Alapingekaitse (reguleeritav)<\/td>\n<td width=\"76\">Fikseeritud 10V<\/td>\n<\/tr>\n<tr>\n<td width=\"234\">\u00dclepingekaitse (reguleeritav)<\/td>\n<td width=\"76\">Ei<\/td>\n<\/tr>\n<tr>\n<td width=\"234\">Maks. koguvool 1 minut<\/td>\n<td width=\"76\">80A<\/td>\n<\/tr>\n<tr>\n<td width=\"234\">Maks. koguvool pidev<\/td>\n<td width=\"76\">80A<\/td>\n<\/tr>\n<tr>\n<td width=\"234\">Sisendite koguarv<\/td>\n<td width=\"76\">3 tk<\/td>\n<\/tr>\n<tr>\n<td width=\"234\">Digitaalsisendid<\/td>\n<td width=\"76\">3 tk 3-st<\/td>\n<\/tr>\n<tr>\n<td width=\"234\">Analoogsisendid<\/td>\n<td width=\"76\">0 tk<\/td>\n<\/tr>\n<tr>\n<td width=\"234\">Sisendtakistus @12V<\/td>\n<td width=\"76\">22k\u03a9<\/td>\n<\/tr>\n<tr>\n<td width=\"234\">Sisendite \u00fchendused (pistik\u00fchendusega kruviklemmid)<\/td>\n<td width=\"76\">10-pooluseline, sh +\/-<\/td>\n<\/tr>\n<tr>\n<td width=\"234\">V\u00e4ljundite arv<\/td>\n<td width=\"76\">3 tk<\/td>\n<\/tr>\n<tr>\n<td width=\"234\">V\u00e4ljund\u00fchendused<\/td>\n<td width=\"76\">M5 mutter + press\u00fchendus<\/td>\n<\/tr>\n<tr>\n<td width=\"234\">Kaitsme suurus A, v\u00e4ljundid<\/td>\n<td width=\"76\">V\u00e4ljund 1 fikseeritud 80A, V\u00e4ljund 2-3 fikseeritud 6A<\/td>\n<\/tr>\n<tr>\n<td width=\"234\">Toite\u00fchendus<\/td>\n<td width=\"76\">M5 mutter<\/td>\n<\/tr>\n<tr>\n<td width=\"234\">Bluetooth<\/td>\n<td width=\"76\">Ei<\/td>\n<\/tr>\n<tr>\n<td width=\"234\">Mootori juhtimine H-sild (eelvool)<\/td>\n<td width=\"76\">Ei<\/td>\n<\/tr>\n<tr>\n<td width=\"234\">Veaindikatsioon<\/td>\n<td width=\"76\">Ei<\/td>\n<\/tr>\n<tr>\n<td width=\"234\">LED v\u00e4ljundi kohta (reguleeritav v\u00e4rv)<\/td>\n<td width=\"76\">Ei<\/td>\n<\/tr>\n<tr>\n<td width=\"234\">Kommunikatsioonisiini (CAN-siini)<\/td>\n<td width=\"76\">Jah, 1 tk RJ10<\/td>\n<\/tr>\n<tr>\n<td width=\"234\">Arvuti\u00fchendused<\/td>\n<td width=\"76\">Ei<\/td>\n<\/tr>\n<tr>\n<td width=\"234\">Maandusignaalid<\/td>\n<td width=\"76\">Jah, v\u00e4lise takistiga positiivse poolele<\/td>\n<\/tr>\n<tr>\n<td width=\"234\">K\u00e4sijuhtimispult, l\u00fclituspaneelid, andurid jne.<\/td>\n<td width=\"76\">Ei<\/td>\n<\/tr>\n<tr>\n<td width=\"234\">M\u00f5\u00f5tmed (mm)<\/td>\n<td width=\"76\">119x57x21<\/td>\n<\/tr>\n<tr>\n<td width=\"234\">Kaal<\/td>\n<td width=\"76\"><\/td>\n<\/tr>\n<\/tbody>\n<\/table>\n","protected":false},"excerpt":{"rendered":"<p>See seade on nagu v\u00e4ga v\u00f5imas relee, mis suudab l\u00fclitada 80 amprit \u00fchel suure v\u00f5imsusega v\u00e4ljundil ja kahel 6-amprisel v\u00e4ikese v\u00f5imsusega v\u00e4ljundil. See seade ei ole konfigureeritav ja seda juhitakse ainult CAN-siini v\u00f5i kolme sisendi kaudu. <\/p>\n<p>Seadet saab kasutada aku peavoolu juhtimiseks suure v\u00f5imsusega koormuste jaoks, n\u00e4iteks siis, kui on vaja \u00fchendada h\u00fcdraulikapump v\u00f5i 230 VAC inverter.<\/p>\n","protected":false},"featured_media":14810,"comment_status":"open","ping_status":"closed","template":"","meta":[],"product_brand":[],"product_cat":[467],"product_tag":[470,476,482,483],"class_list":{"0":"post-14801","1":"product","2":"type-product","3":"status-publish","4":"has-post-thumbnail","6":"product_cat-digitaalsed-releekarbid","7":"product_tag-12v","8":"product_tag-2-can-porti","9":"product_tag-3-sisendit","10":"product_tag-3-valjundit","12":"first","13":"instock","14":"shipping-taxable","15":"product-type-simple"},"yoast_head":"<!-- This site is optimized with the Yoast SEO plugin v26.0 - https:\/\/yoast.com\/wordpress\/plugins\/seo\/ -->\n<title>DRB 8012-3 ESP - Addio Electronics<\/title>\n<meta name=\"robots\" content=\"index, follow, max-snippet:-1, max-image-preview:large, max-video-preview:-1\" \/>\n<link rel=\"canonical\" href=\"https:\/\/addio.eu\/et\/product\/drb-8012-3-esp\/\" \/>\n<meta property=\"og:locale\" content=\"et_EE\" \/>\n<meta property=\"og:type\" content=\"article\" \/>\n<meta property=\"og:title\" content=\"DRB 8012-3 ESP - Addio Electronics\" \/>\n<meta property=\"og:description\" content=\"See seade on nagu v\u00e4ga v\u00f5imas relee, mis suudab l\u00fclitada 80 amprit \u00fchel suure v\u00f5imsusega v\u00e4ljundil ja kahel 6-amprisel v\u00e4ikese v\u00f5imsusega v\u00e4ljundil. See seade ei ole konfigureeritav ja seda juhitakse ainult CAN-siini v\u00f5i kolme sisendi kaudu.  Seadet saab kasutada aku peavoolu juhtimiseks suure v\u00f5imsusega koormuste jaoks, n\u00e4iteks siis, kui on vaja \u00fchendada h\u00fcdraulikapump v\u00f5i 230 VAC inverter.\" \/>\n<meta property=\"og:url\" content=\"https:\/\/addio.eu\/et\/product\/drb-8012-3-esp\/\" \/>\n<meta property=\"og:site_name\" content=\"Addio Electronics\" \/>\n<meta property=\"article:publisher\" content=\"https:\/\/www.facebook.com\/AddioElectronicsAB\/\" \/>\n<meta property=\"article:modified_time\" content=\"2026-02-10T16:55:26+00:00\" \/>\n<meta property=\"og:image\" content=\"https:\/\/addio.eu\/wp-content\/uploads\/2025\/03\/IMG_1729-scaled.jpg\" \/>\n\t<meta property=\"og:image:width\" content=\"2560\" \/>\n\t<meta property=\"og:image:height\" content=\"1211\" \/>\n\t<meta property=\"og:image:type\" content=\"image\/jpeg\" \/>\n<meta name=\"twitter:card\" content=\"summary_large_image\" \/>\n<meta name=\"twitter:label1\" content=\"Est. reading time\" \/>\n\t<meta name=\"twitter:data1\" content=\"1 minut\" \/>\n<script type=\"application\/ld+json\" class=\"yoast-schema-graph\">{\"@context\":\"https:\/\/schema.org\",\"@graph\":[{\"@type\":\"WebPage\",\"@id\":\"https:\/\/addio.eu\/et\/product\/drb-8012-3-esp\/\",\"url\":\"https:\/\/addio.eu\/et\/product\/drb-8012-3-esp\/\",\"name\":\"DRB 8012-3 ESP - Addio Electronics\",\"isPartOf\":{\"@id\":\"https:\/\/addio.eu\/et\/#website\"},\"primaryImageOfPage\":{\"@id\":\"https:\/\/addio.eu\/et\/product\/drb-8012-3-esp\/#primaryimage\"},\"image\":{\"@id\":\"https:\/\/addio.eu\/et\/product\/drb-8012-3-esp\/#primaryimage\"},\"thumbnailUrl\":\"https:\/\/addio.eu\/wp-content\/uploads\/2025\/03\/IMG_1729-scaled.jpg\",\"datePublished\":\"2025-03-24T09:43:40+00:00\",\"dateModified\":\"2026-02-10T16:55:26+00:00\",\"breadcrumb\":{\"@id\":\"https:\/\/addio.eu\/et\/product\/drb-8012-3-esp\/#breadcrumb\"},\"inLanguage\":\"et\",\"potentialAction\":[{\"@type\":\"ReadAction\",\"target\":[\"https:\/\/addio.eu\/et\/product\/drb-8012-3-esp\/\"]}]},{\"@type\":\"ImageObject\",\"inLanguage\":\"et\",\"@id\":\"https:\/\/addio.eu\/et\/product\/drb-8012-3-esp\/#primaryimage\",\"url\":\"https:\/\/addio.eu\/wp-content\/uploads\/2025\/03\/IMG_1729-scaled.jpg\",\"contentUrl\":\"https:\/\/addio.eu\/wp-content\/uploads\/2025\/03\/IMG_1729-scaled.jpg\",\"width\":2560,\"height\":1211},{\"@type\":\"BreadcrumbList\",\"@id\":\"https:\/\/addio.eu\/et\/product\/drb-8012-3-esp\/#breadcrumb\",\"itemListElement\":[{\"@type\":\"ListItem\",\"position\":1,\"name\":\"Home\",\"item\":\"https:\/\/addio.eu\/et\/addio-esileht\/\"},{\"@type\":\"ListItem\",\"position\":2,\"name\":\"Tooted\",\"item\":\"https:\/\/addio.eu\/et\/tooted\/\"},{\"@type\":\"ListItem\",\"position\":3,\"name\":\"DRB 8012-3 ESP\"}]},{\"@type\":\"WebSite\",\"@id\":\"https:\/\/addio.eu\/et\/#website\",\"url\":\"https:\/\/addio.eu\/et\/\",\"name\":\"addio.eu\",\"description\":\"\",\"publisher\":{\"@id\":\"https:\/\/addio.eu\/et\/#organization\"},\"potentialAction\":[{\"@type\":\"SearchAction\",\"target\":{\"@type\":\"EntryPoint\",\"urlTemplate\":\"https:\/\/addio.eu\/et\/?s={search_term_string}\"},\"query-input\":{\"@type\":\"PropertyValueSpecification\",\"valueRequired\":true,\"valueName\":\"search_term_string\"}}],\"inLanguage\":\"et\"},{\"@type\":\"Organization\",\"@id\":\"https:\/\/addio.eu\/et\/#organization\",\"name\":\"Addio Electronics\",\"url\":\"https:\/\/addio.eu\/et\/\",\"logo\":{\"@type\":\"ImageObject\",\"inLanguage\":\"et\",\"@id\":\"https:\/\/addio.eu\/et\/#\/schema\/logo\/image\/\",\"url\":\"https:\/\/addio.eu\/wp-content\/uploads\/2024\/10\/Lager_1-1.svg\",\"contentUrl\":\"https:\/\/addio.eu\/wp-content\/uploads\/2024\/10\/Lager_1-1.svg\",\"width\":89,\"height\":26,\"caption\":\"Addio Electronics\"},\"image\":{\"@id\":\"https:\/\/addio.eu\/et\/#\/schema\/logo\/image\/\"},\"sameAs\":[\"https:\/\/www.facebook.com\/AddioElectronicsAB\/\",\"https:\/\/www.linkedin.com\/company\/addio-electronics-ab\"]}]}<\/script>\n<!-- \/ Yoast SEO plugin. -->","yoast_head_json":{"title":"DRB 8012-3 ESP - Addio Electronics","robots":{"index":"index","follow":"follow","max-snippet":"max-snippet:-1","max-image-preview":"max-image-preview:large","max-video-preview":"max-video-preview:-1"},"canonical":"https:\/\/addio.eu\/et\/product\/drb-8012-3-esp\/","og_locale":"et_EE","og_type":"article","og_title":"DRB 8012-3 ESP - Addio Electronics","og_description":"See seade on nagu v\u00e4ga v\u00f5imas relee, mis suudab l\u00fclitada 80 amprit \u00fchel suure v\u00f5imsusega v\u00e4ljundil ja kahel 6-amprisel v\u00e4ikese v\u00f5imsusega v\u00e4ljundil. See seade ei ole konfigureeritav ja seda juhitakse ainult CAN-siini v\u00f5i kolme sisendi kaudu.  Seadet saab kasutada aku peavoolu juhtimiseks suure v\u00f5imsusega koormuste jaoks, n\u00e4iteks siis, kui on vaja \u00fchendada h\u00fcdraulikapump v\u00f5i 230 VAC inverter.","og_url":"https:\/\/addio.eu\/et\/product\/drb-8012-3-esp\/","og_site_name":"Addio Electronics","article_publisher":"https:\/\/www.facebook.com\/AddioElectronicsAB\/","article_modified_time":"2026-02-10T16:55:26+00:00","og_image":[{"width":2560,"height":1211,"url":"https:\/\/addio.eu\/wp-content\/uploads\/2025\/03\/IMG_1729-scaled.jpg","type":"image\/jpeg"}],"twitter_card":"summary_large_image","twitter_misc":{"Est. reading time":"1 minut"},"schema":{"@context":"https:\/\/schema.org","@graph":[{"@type":"WebPage","@id":"https:\/\/addio.eu\/et\/product\/drb-8012-3-esp\/","url":"https:\/\/addio.eu\/et\/product\/drb-8012-3-esp\/","name":"DRB 8012-3 ESP - Addio Electronics","isPartOf":{"@id":"https:\/\/addio.eu\/et\/#website"},"primaryImageOfPage":{"@id":"https:\/\/addio.eu\/et\/product\/drb-8012-3-esp\/#primaryimage"},"image":{"@id":"https:\/\/addio.eu\/et\/product\/drb-8012-3-esp\/#primaryimage"},"thumbnailUrl":"https:\/\/addio.eu\/wp-content\/uploads\/2025\/03\/IMG_1729-scaled.jpg","datePublished":"2025-03-24T09:43:40+00:00","dateModified":"2026-02-10T16:55:26+00:00","breadcrumb":{"@id":"https:\/\/addio.eu\/et\/product\/drb-8012-3-esp\/#breadcrumb"},"inLanguage":"et","potentialAction":[{"@type":"ReadAction","target":["https:\/\/addio.eu\/et\/product\/drb-8012-3-esp\/"]}]},{"@type":"ImageObject","inLanguage":"et","@id":"https:\/\/addio.eu\/et\/product\/drb-8012-3-esp\/#primaryimage","url":"https:\/\/addio.eu\/wp-content\/uploads\/2025\/03\/IMG_1729-scaled.jpg","contentUrl":"https:\/\/addio.eu\/wp-content\/uploads\/2025\/03\/IMG_1729-scaled.jpg","width":2560,"height":1211},{"@type":"BreadcrumbList","@id":"https:\/\/addio.eu\/et\/product\/drb-8012-3-esp\/#breadcrumb","itemListElement":[{"@type":"ListItem","position":1,"name":"Home","item":"https:\/\/addio.eu\/et\/addio-esileht\/"},{"@type":"ListItem","position":2,"name":"Tooted","item":"https:\/\/addio.eu\/et\/tooted\/"},{"@type":"ListItem","position":3,"name":"DRB 8012-3 ESP"}]},{"@type":"WebSite","@id":"https:\/\/addio.eu\/et\/#website","url":"https:\/\/addio.eu\/et\/","name":"addio.eu","description":"","publisher":{"@id":"https:\/\/addio.eu\/et\/#organization"},"potentialAction":[{"@type":"SearchAction","target":{"@type":"EntryPoint","urlTemplate":"https:\/\/addio.eu\/et\/?s={search_term_string}"},"query-input":{"@type":"PropertyValueSpecification","valueRequired":true,"valueName":"search_term_string"}}],"inLanguage":"et"},{"@type":"Organization","@id":"https:\/\/addio.eu\/et\/#organization","name":"Addio Electronics","url":"https:\/\/addio.eu\/et\/","logo":{"@type":"ImageObject","inLanguage":"et","@id":"https:\/\/addio.eu\/et\/#\/schema\/logo\/image\/","url":"https:\/\/addio.eu\/wp-content\/uploads\/2024\/10\/Lager_1-1.svg","contentUrl":"https:\/\/addio.eu\/wp-content\/uploads\/2024\/10\/Lager_1-1.svg","width":89,"height":26,"caption":"Addio Electronics"},"image":{"@id":"https:\/\/addio.eu\/et\/#\/schema\/logo\/image\/"},"sameAs":["https:\/\/www.facebook.com\/AddioElectronicsAB\/","https:\/\/www.linkedin.com\/company\/addio-electronics-ab"]}]}},"_links":{"self":[{"href":"https:\/\/addio.eu\/et\/wp-json\/wp\/v2\/product\/14801","targetHints":{"allow":["GET"]}}],"collection":[{"href":"https:\/\/addio.eu\/et\/wp-json\/wp\/v2\/product"}],"about":[{"href":"https:\/\/addio.eu\/et\/wp-json\/wp\/v2\/types\/product"}],"replies":[{"embeddable":true,"href":"https:\/\/addio.eu\/et\/wp-json\/wp\/v2\/comments?post=14801"}],"wp:featuredmedia":[{"embeddable":true,"href":"https:\/\/addio.eu\/et\/wp-json\/wp\/v2\/media\/14810"}],"wp:attachment":[{"href":"https:\/\/addio.eu\/et\/wp-json\/wp\/v2\/media?parent=14801"}],"wp:term":[{"taxonomy":"product_brand","embeddable":true,"href":"https:\/\/addio.eu\/et\/wp-json\/wp\/v2\/product_brand?post=14801"},{"taxonomy":"product_cat","embeddable":true,"href":"https:\/\/addio.eu\/et\/wp-json\/wp\/v2\/product_cat?post=14801"},{"taxonomy":"product_tag","embeddable":true,"href":"https:\/\/addio.eu\/et\/wp-json\/wp\/v2\/product_tag?post=14801"}],"curies":[{"name":"wp","href":"https:\/\/api.w.org\/{rel}","templated":true}]}}