{"id":14714,"date":"2025-03-07T11:15:14","date_gmt":"2025-03-07T11:15:14","guid":{"rendered":"https:\/\/addio.eu\/product\/pir-andur\/"},"modified":"2025-03-07T11:15:14","modified_gmt":"2025-03-07T11:15:14","slug":"pir-andur","status":"publish","type":"product","link":"https:\/\/addio.eu\/et\/product\/pir-andur\/","title":{"rendered":"PIR-andur"},"content":{"rendered":"","protected":false},"excerpt":{"rendered":"<p class=\"\" data-start=\"31\" data-end=\"127\">Liikumise tuvastamisel l\u00fclitub valgustus sisse ning v\u00e4ljal\u00fclitusaega saab seadistada. Vaikimisi on 2 min. <\/p>\n<p class=\"\" data-start=\"129\" data-end=\"419\">\u2022 Sisendpinge: 12 &amp; 24V<br data-start=\"154\" data-end=\"157\">\u2022 Maksimaalne koormus: 84W<br data-start=\"176\" data-end=\"179\" data-is-only-node=\"\">\u2022 Tuvastusnurk: 140\u00b0 horisontaalne, 140\u00b0 vertikaalne<br data-start=\"228\" data-end=\"231\">\u2022 Ulatus: 5m<br data-start=\"242\" data-end=\"245\">\u2022 V\u00e4ljal\u00fclitustaimer reguleeritav 1-minutiliste sammudega<br data-start=\"290\" data-end=\"293\">\u2022 V\u00f5imalus keelata IR-anduri v\u00e4ljund terminalisisendi kaudu<br data-start=\"352\" data-end=\"355\">\u2022 M\u00f5\u00f5tmed: 67x59x30mm (koos kinnitusk\u00f5rvade, terminali ja anduriga)&#8221;<\/p>\n<p>See andur t\u00f6\u00f6tab iseseisvalt v\u00f5i koos meie DRB-dega.<\/p>\n","protected":false},"featured_media":5934,"comment_status":"open","ping_status":"closed","template":"","meta":[],"product_brand":[],"product_cat":[465],"product_tag":[],"class_list":{"0":"post-14714","1":"product","2":"type-product","3":"status-publish","4":"has-post-thumbnail","6":"product_cat-andurid","8":"first","9":"instock","10":"shipping-taxable","11":"product-type-simple"},"yoast_head":"<!-- This site is optimized with the Yoast SEO plugin v26.0 - https:\/\/yoast.com\/wordpress\/plugins\/seo\/ -->\n<title>PIR-andur - Addio Electronics<\/title>\n<meta name=\"robots\" content=\"index, follow, max-snippet:-1, max-image-preview:large, max-video-preview:-1\" \/>\n<link rel=\"canonical\" href=\"https:\/\/addio.eu\/et\/product\/pir-andur\/\" \/>\n<meta property=\"og:locale\" content=\"et_EE\" \/>\n<meta property=\"og:type\" content=\"article\" \/>\n<meta property=\"og:title\" content=\"PIR-andur - Addio Electronics\" \/>\n<meta property=\"og:description\" content=\"Liikumise tuvastamisel l\u00fclitub valgustus sisse ning v\u00e4ljal\u00fclitusaega saab seadistada. Vaikimisi on 2 min. \u2022 Sisendpinge: 12 &amp; 24V\u2022 Maksimaalne koormus: 84W\u2022 Tuvastusnurk: 140\u00b0 horisontaalne, 140\u00b0 vertikaalne\u2022 Ulatus: 5m\u2022 V\u00e4ljal\u00fclitustaimer reguleeritav 1-minutiliste sammudega\u2022 V\u00f5imalus keelata IR-anduri v\u00e4ljund terminalisisendi kaudu\u2022 M\u00f5\u00f5tmed: 67x59x30mm (koos kinnitusk\u00f5rvade, terminali ja anduriga)&quot; See andur t\u00f6\u00f6tab iseseisvalt v\u00f5i koos meie DRB-dega.\" \/>\n<meta property=\"og:url\" content=\"https:\/\/addio.eu\/et\/product\/pir-andur\/\" \/>\n<meta property=\"og:site_name\" content=\"Addio Electronics\" \/>\n<meta property=\"article:publisher\" content=\"https:\/\/www.facebook.com\/AddioElectronicsAB\/\" \/>\n<meta property=\"og:image\" content=\"https:\/\/addio.eu\/wp-content\/uploads\/2025\/03\/IMG_1610-scaled.jpg\" \/>\n\t<meta property=\"og:image:width\" content=\"2560\" \/>\n\t<meta property=\"og:image:height\" content=\"2415\" \/>\n\t<meta property=\"og:image:type\" content=\"image\/jpeg\" \/>\n<meta name=\"twitter:card\" content=\"summary_large_image\" \/>\n<script type=\"application\/ld+json\" class=\"yoast-schema-graph\">{\"@context\":\"https:\/\/schema.org\",\"@graph\":[{\"@type\":\"WebPage\",\"@id\":\"https:\/\/addio.eu\/et\/product\/pir-andur\/\",\"url\":\"https:\/\/addio.eu\/et\/product\/pir-andur\/\",\"name\":\"PIR-andur - Addio Electronics\",\"isPartOf\":{\"@id\":\"https:\/\/addio.eu\/et\/#website\"},\"primaryImageOfPage\":{\"@id\":\"https:\/\/addio.eu\/et\/product\/pir-andur\/#primaryimage\"},\"image\":{\"@id\":\"https:\/\/addio.eu\/et\/product\/pir-andur\/#primaryimage\"},\"thumbnailUrl\":\"https:\/\/addio.eu\/wp-content\/uploads\/2025\/03\/IMG_1610-scaled.jpg\",\"datePublished\":\"2025-03-07T11:15:14+00:00\",\"breadcrumb\":{\"@id\":\"https:\/\/addio.eu\/et\/product\/pir-andur\/#breadcrumb\"},\"inLanguage\":\"et\",\"potentialAction\":[{\"@type\":\"ReadAction\",\"target\":[\"https:\/\/addio.eu\/et\/product\/pir-andur\/\"]}]},{\"@type\":\"ImageObject\",\"inLanguage\":\"et\",\"@id\":\"https:\/\/addio.eu\/et\/product\/pir-andur\/#primaryimage\",\"url\":\"https:\/\/addio.eu\/wp-content\/uploads\/2025\/03\/IMG_1610-scaled.jpg\",\"contentUrl\":\"https:\/\/addio.eu\/wp-content\/uploads\/2025\/03\/IMG_1610-scaled.jpg\",\"width\":2560,\"height\":2415},{\"@type\":\"BreadcrumbList\",\"@id\":\"https:\/\/addio.eu\/et\/product\/pir-andur\/#breadcrumb\",\"itemListElement\":[{\"@type\":\"ListItem\",\"position\":1,\"name\":\"Home\",\"item\":\"https:\/\/addio.eu\/et\/addio-esileht\/\"},{\"@type\":\"ListItem\",\"position\":2,\"name\":\"Tooted\",\"item\":\"https:\/\/addio.eu\/et\/tooted\/\"},{\"@type\":\"ListItem\",\"position\":3,\"name\":\"PIR-andur\"}]},{\"@type\":\"WebSite\",\"@id\":\"https:\/\/addio.eu\/et\/#website\",\"url\":\"https:\/\/addio.eu\/et\/\",\"name\":\"addio.eu\",\"description\":\"\",\"publisher\":{\"@id\":\"https:\/\/addio.eu\/et\/#organization\"},\"potentialAction\":[{\"@type\":\"SearchAction\",\"target\":{\"@type\":\"EntryPoint\",\"urlTemplate\":\"https:\/\/addio.eu\/et\/?s={search_term_string}\"},\"query-input\":{\"@type\":\"PropertyValueSpecification\",\"valueRequired\":true,\"valueName\":\"search_term_string\"}}],\"inLanguage\":\"et\"},{\"@type\":\"Organization\",\"@id\":\"https:\/\/addio.eu\/et\/#organization\",\"name\":\"Addio Electronics\",\"url\":\"https:\/\/addio.eu\/et\/\",\"logo\":{\"@type\":\"ImageObject\",\"inLanguage\":\"et\",\"@id\":\"https:\/\/addio.eu\/et\/#\/schema\/logo\/image\/\",\"url\":\"https:\/\/addio.eu\/wp-content\/uploads\/2024\/10\/Lager_1-1.svg\",\"contentUrl\":\"https:\/\/addio.eu\/wp-content\/uploads\/2024\/10\/Lager_1-1.svg\",\"width\":89,\"height\":26,\"caption\":\"Addio Electronics\"},\"image\":{\"@id\":\"https:\/\/addio.eu\/et\/#\/schema\/logo\/image\/\"},\"sameAs\":[\"https:\/\/www.facebook.com\/AddioElectronicsAB\/\",\"https:\/\/www.linkedin.com\/company\/addio-electronics-ab\"]}]}<\/script>\n<!-- \/ Yoast SEO plugin. -->","yoast_head_json":{"title":"PIR-andur - Addio Electronics","robots":{"index":"index","follow":"follow","max-snippet":"max-snippet:-1","max-image-preview":"max-image-preview:large","max-video-preview":"max-video-preview:-1"},"canonical":"https:\/\/addio.eu\/et\/product\/pir-andur\/","og_locale":"et_EE","og_type":"article","og_title":"PIR-andur - Addio Electronics","og_description":"Liikumise tuvastamisel l\u00fclitub valgustus sisse ning v\u00e4ljal\u00fclitusaega saab seadistada. Vaikimisi on 2 min. \u2022 Sisendpinge: 12 &amp; 24V\u2022 Maksimaalne koormus: 84W\u2022 Tuvastusnurk: 140\u00b0 horisontaalne, 140\u00b0 vertikaalne\u2022 Ulatus: 5m\u2022 V\u00e4ljal\u00fclitustaimer reguleeritav 1-minutiliste sammudega\u2022 V\u00f5imalus keelata IR-anduri v\u00e4ljund terminalisisendi kaudu\u2022 M\u00f5\u00f5tmed: 67x59x30mm (koos kinnitusk\u00f5rvade, terminali ja anduriga)\" See andur t\u00f6\u00f6tab iseseisvalt v\u00f5i koos meie DRB-dega.","og_url":"https:\/\/addio.eu\/et\/product\/pir-andur\/","og_site_name":"Addio Electronics","article_publisher":"https:\/\/www.facebook.com\/AddioElectronicsAB\/","og_image":[{"width":2560,"height":2415,"url":"https:\/\/addio.eu\/wp-content\/uploads\/2025\/03\/IMG_1610-scaled.jpg","type":"image\/jpeg"}],"twitter_card":"summary_large_image","schema":{"@context":"https:\/\/schema.org","@graph":[{"@type":"WebPage","@id":"https:\/\/addio.eu\/et\/product\/pir-andur\/","url":"https:\/\/addio.eu\/et\/product\/pir-andur\/","name":"PIR-andur - Addio Electronics","isPartOf":{"@id":"https:\/\/addio.eu\/et\/#website"},"primaryImageOfPage":{"@id":"https:\/\/addio.eu\/et\/product\/pir-andur\/#primaryimage"},"image":{"@id":"https:\/\/addio.eu\/et\/product\/pir-andur\/#primaryimage"},"thumbnailUrl":"https:\/\/addio.eu\/wp-content\/uploads\/2025\/03\/IMG_1610-scaled.jpg","datePublished":"2025-03-07T11:15:14+00:00","breadcrumb":{"@id":"https:\/\/addio.eu\/et\/product\/pir-andur\/#breadcrumb"},"inLanguage":"et","potentialAction":[{"@type":"ReadAction","target":["https:\/\/addio.eu\/et\/product\/pir-andur\/"]}]},{"@type":"ImageObject","inLanguage":"et","@id":"https:\/\/addio.eu\/et\/product\/pir-andur\/#primaryimage","url":"https:\/\/addio.eu\/wp-content\/uploads\/2025\/03\/IMG_1610-scaled.jpg","contentUrl":"https:\/\/addio.eu\/wp-content\/uploads\/2025\/03\/IMG_1610-scaled.jpg","width":2560,"height":2415},{"@type":"BreadcrumbList","@id":"https:\/\/addio.eu\/et\/product\/pir-andur\/#breadcrumb","itemListElement":[{"@type":"ListItem","position":1,"name":"Home","item":"https:\/\/addio.eu\/et\/addio-esileht\/"},{"@type":"ListItem","position":2,"name":"Tooted","item":"https:\/\/addio.eu\/et\/tooted\/"},{"@type":"ListItem","position":3,"name":"PIR-andur"}]},{"@type":"WebSite","@id":"https:\/\/addio.eu\/et\/#website","url":"https:\/\/addio.eu\/et\/","name":"addio.eu","description":"","publisher":{"@id":"https:\/\/addio.eu\/et\/#organization"},"potentialAction":[{"@type":"SearchAction","target":{"@type":"EntryPoint","urlTemplate":"https:\/\/addio.eu\/et\/?s={search_term_string}"},"query-input":{"@type":"PropertyValueSpecification","valueRequired":true,"valueName":"search_term_string"}}],"inLanguage":"et"},{"@type":"Organization","@id":"https:\/\/addio.eu\/et\/#organization","name":"Addio Electronics","url":"https:\/\/addio.eu\/et\/","logo":{"@type":"ImageObject","inLanguage":"et","@id":"https:\/\/addio.eu\/et\/#\/schema\/logo\/image\/","url":"https:\/\/addio.eu\/wp-content\/uploads\/2024\/10\/Lager_1-1.svg","contentUrl":"https:\/\/addio.eu\/wp-content\/uploads\/2024\/10\/Lager_1-1.svg","width":89,"height":26,"caption":"Addio Electronics"},"image":{"@id":"https:\/\/addio.eu\/et\/#\/schema\/logo\/image\/"},"sameAs":["https:\/\/www.facebook.com\/AddioElectronicsAB\/","https:\/\/www.linkedin.com\/company\/addio-electronics-ab"]}]}},"_links":{"self":[{"href":"https:\/\/addio.eu\/et\/wp-json\/wp\/v2\/product\/14714","targetHints":{"allow":["GET"]}}],"collection":[{"href":"https:\/\/addio.eu\/et\/wp-json\/wp\/v2\/product"}],"about":[{"href":"https:\/\/addio.eu\/et\/wp-json\/wp\/v2\/types\/product"}],"replies":[{"embeddable":true,"href":"https:\/\/addio.eu\/et\/wp-json\/wp\/v2\/comments?post=14714"}],"wp:featuredmedia":[{"embeddable":true,"href":"https:\/\/addio.eu\/et\/wp-json\/wp\/v2\/media\/5934"}],"wp:attachment":[{"href":"https:\/\/addio.eu\/et\/wp-json\/wp\/v2\/media?parent=14714"}],"wp:term":[{"taxonomy":"product_brand","embeddable":true,"href":"https:\/\/addio.eu\/et\/wp-json\/wp\/v2\/product_brand?post=14714"},{"taxonomy":"product_cat","embeddable":true,"href":"https:\/\/addio.eu\/et\/wp-json\/wp\/v2\/product_cat?post=14714"},{"taxonomy":"product_tag","embeddable":true,"href":"https:\/\/addio.eu\/et\/wp-json\/wp\/v2\/product_tag?post=14714"}],"curies":[{"name":"wp","href":"https:\/\/api.w.org\/{rel}","templated":true}]}}