{"id":15725,"date":"2024-10-11T12:21:05","date_gmt":"2024-10-11T12:21:05","guid":{"rendered":"https:\/\/addio.eu\/tingimused\/"},"modified":"2026-02-09T13:03:49","modified_gmt":"2026-02-09T13:03:49","slug":"tingimused","status":"publish","type":"page","link":"https:\/\/addio.eu\/et\/tingimused\/","title":{"rendered":"Tingimused"},"content":{"rendered":"\t\t<div data-elementor-type=\"wp-page\" data-elementor-id=\"15725\" class=\"elementor elementor-15725 elementor-1141\" data-elementor-post-type=\"page\">\n\t\t\t\t<div class=\"elementor-element elementor-element-0c2cb60 e-flex e-con-boxed e-con e-parent\" data-id=\"0c2cb60\" data-element_type=\"container\">\n\t\t\t\t\t<div class=\"e-con-inner\">\n\t\t\t\t<div class=\"elementor-element elementor-element-758cfa2 elementor-widget elementor-widget-heading\" data-id=\"758cfa2\" data-element_type=\"widget\" data-widget_type=\"heading.default\">\n\t\t\t\t<div class=\"elementor-widget-container\">\n\t\t\t\t\t<h1 class=\"elementor-heading-title elementor-size-default\">Tingimused<\/h1>\t\t\t\t<\/div>\n\t\t\t\t<\/div>\n\t\t<div class=\"elementor-element elementor-element-1f616ec e-con-full e-flex e-con e-child\" data-id=\"1f616ec\" data-element_type=\"container\">\n\t\t<div class=\"elementor-element elementor-element-8e80135 e-con-full e-flex e-con e-child\" data-id=\"8e80135\" data-element_type=\"container\">\n\t\t\t\t<div class=\"elementor-element elementor-element-17537e1 elementor-widget elementor-widget-text-editor\" data-id=\"17537e1\" data-element_type=\"widget\" data-widget_type=\"text-editor.default\">\n\t\t\t\t<div class=\"elementor-widget-container\">\n\t\t\t\t\t\t\t\t\t<p><strong>Uuendatud 30. septembril 2025<\/strong><\/p><p><strong>K\u00e4esolevad tingimused (\u201eTingimused\u201c) reguleerivad Addio (<a href=\"https:\/\/addio.eu\/et\/\">https:\/\/addio.eu<\/a>) pakutavate toodete ja teenuste ostmist ja kasutamist. Meie veebisaidile sisenedes, tellimust esitades v\u00f5i meie teenuseid kasutades n\u00f5ustute Te k\u00e4esolevate Tingimustega. Palun lugege need hoolikalt l\u00e4bi enne ostu sooritamist v\u00f5i meie teenuste kasutamist.  <\/strong><\/p><p><strong>1. M\u00f5isted<\/strong><\/p><ul><li>\u201eAddio\u201c viitab Addio Electronics AB-le, Rootsis registreeritud ettev\u00f5ttele, mis toodab ja m\u00fc\u00fcb digitaalseid releekarpe ja nendega seotud tooteid.<\/li><li>\u201eKlient\u201c viitab igale isikule, ettev\u00f5ttele, edasim\u00fc\u00fcjale v\u00f5i organisatsioonile, kes ostab Addio&#8217;lt tooteid v\u00f5i teenuseid.<\/li><li>\u201eTooted\u201c viitavad digitaalsetele releekarpidele ja muule riistvarale, mida Addio m\u00fc\u00fcb oma veebisaidi kaudu.<\/li><li>\u201eTeenused\u201c viitavad Addio pakutavatele t\u00e4iendavatele tugiteenustele, sealhulgas tehnilisele abile s\u00fcsteemi seadistamisel ja t\u00f5rkeotsingul.<br>\u201eVeebisait\u201c viitab aadressile https:\/\/addio.eu.<\/li><\/ul><p><strong>2. Toodete ja teenuste ulatus<\/strong><br><strong>2.1 Tooted<\/strong>\u2028<br>Addio projekteerib, toodab ja m\u00fc\u00fcb digitaalseid releekarpe ja muud seotud riistvara. K\u00f5ik tooted on valmistatud Rootsis ja neid m\u00fc\u00fcakse otse tarbijatele, ettev\u00f5tetele ja edasim\u00fc\u00fcjatele \u00fcle maailma. Peamised tootekategooriad h\u00f5lmavad:  <\/p><ul><li>P\u00f5hiseadmed<\/li><li>L\u00fclituspaneelid ja k\u00e4si<\/li><li>kontrollerid<\/li><li>CAN-moodulid ja andurid<\/li><li>CAN-i ja pistikute jaotuskarbid<\/li><li>S\u00fcmbolilehed ja kohandatud \u00fcksused<\/li><\/ul><p><strong>2.2 Tugiteenused\u2028<\/strong><br>\u2028Lisaks f\u00fc\u00fcsilistele toodetele pakub Addio tasulisi tugiteenuseid, et aidata kliente s\u00fcsteemi integreerimisel ja seadistamisel. Need teenused v\u00f5ivad h\u00f5lmata tehnilisi konsultatsioone, t\u00f5rkeotsingut ja kohandatud lahendusi vastavalt kliendi vajadustele. <\/p><p><strong>2.3 Toodete saadavus\u2028<br><\/strong>Addio j\u00e4tab endale \u00f5iguse muuta v\u00f5i l\u00f5petada mis tahes toote v\u00f5i teenuse pakkumine igal ajal ette teatamata. Toodete saadavus v\u00f5ib olla tingitud geograafilistest piirangutest v\u00f5i tarneahela kitsaskohtadest. <\/p><p><strong>3. Tellimused ja maksmine<\/strong><br><strong>3.1 Tellimisprotsess<br><\/strong>Tellimuse esitamiseks peab klient esitama t\u00e4pse ja t\u00e4ieliku isikliku ja makseinfo. Addio j\u00e4tab endale \u00f5iguse keelduda mis tahes tellimusest, mis ei vasta nendele n\u00f5uetele v\u00f5i mis tahes muul sobivaks peetaval p\u00f5hjusel. <\/p><p><strong>3.2 Maksetingimused<br><\/strong>Maksed tuleb tasuda t\u00e4ies ulatuses tellimuse esitamise ajal meie veebisaidil saadaolevate makseviiside kaudu. Maksev\u00f5imalused v\u00f5ivad h\u00f5lmata krediitkaarte, PayPali v\u00f5i muid veebip\u00f5hiseid maksev\u00e4ravaid, nagu Stripe. K\u00f5ik tehingud t\u00f6\u00f6deldakse turvaliselt ja Addio ei salvesta tundlikku makseinfot.  <\/p><p><strong>3.3 Hinnakujundus<br><\/strong>\u2028K\u00f5ik hinnad on loetletud EUR-des (v\u00f5i piirkonna asjakohases valuutas) ja v\u00f5ivad muutuda ette teatamata. Veebisaidil kuvatavad hinnad ei sisalda saatmiskulusid, makse, tollimakse ja muid kohaldatavaid tasusid, v\u00e4lja arvatud juhul, kui on teisiti m\u00e4rgitud. Kliendid vastutavad k\u00f5igi oma elukohariigis tekkivate lisatasude eest.  <\/p><p><strong>3.4 Maksud ja tollimaksud<br><\/strong>Rahvusvaheliste tellimuste puhul v\u00f5ivad kliendid vastutada tollimaksude, maksude ja muude imporditasude eest, mis ei sisaldu tellimuse kogusummas. Addio ei vastuta tollivormistuse k\u00e4igus tekkida v\u00f5ivate lisatasude eest. <\/p><p><strong>4. Kohaletoimetamine ja tarne<\/strong><br><strong>4.1 \u00dclemaailmne kohaletoimetamine\u2028<br><\/strong>Addio tarnib tooteid \u00fcle maailma, v\u00e4lja arvatud teatud geograafilised erandid kohalike impordipiirangute v\u00f5i sanktsioonide t\u00f5ttu. Saatmiskulud arvutatakse kassas ja tarneajad v\u00f5ivad s\u00f5ltuvalt sihtkohast erineda. Konkreetsete saatmispiirangute kohta v\u00f5tke meiega \u00fchendust aadressil <a href=\"mailto:info@addio.eu\">info@addio.eu<\/a>.  <\/p><p><strong>4.2 Tarneajad<\/strong> <br>Kuigi Addio p\u00fc\u00fcab t\u00e4ita hinnangulisi tarneaegu, v\u00f5ivad tekkida etten\u00e4gematud viivitused, mis on p\u00f5hjustatud sellistest teguritest nagu tollivormistus, ilmastikutingimused v\u00f5i logistilised probleemid. Addio ei vastuta tarneviivituste eest, kui tooted on \u00fcle antud transpordifirmale. <\/p><p><strong>4.3 Omandi\u00f5igus ja kahju risk<\/strong>\u2028<br>Toodete omandi\u00f5igus l\u00e4heb kliendile \u00fcle p\u00e4rast t\u00e4ieliku makse laekumist ja toodete saatmist. Kaotsimineku v\u00f5i kahjustumise risk transpordi ajal l\u00e4heb kliendile \u00fcle tarne hetkel. <\/p><p><strong>5. Tagastused, t\u00fchistamised ja tagasimaksed<\/strong><br><strong>5.1 L\u00f5plikud m\u00fc\u00fcgid<\/strong>\u2028<br>K\u00f5ik Addio veebisaidi kaudu tehtud ostud loetakse l\u00f5plikeks. Meie toodete ja s\u00fcsteemide olemuse t\u00f5ttu v\u00e4ljastatakse tagastusi ja tagasimakseid ainult erandjuhtudel. <\/p><p><strong>5.2 Defektsed tooted<br><\/strong>Kui saate defektse v\u00f5i kahjustatud toote, v\u00f5tke palun kohe p\u00e4rast k\u00e4ttesaamist \u00fchendust klienditoega. Addio vaatab k\u00f5ik defektin\u00f5uded k\u00e4sitsi l\u00e4bi ja v\u00f5ib pakkuda asendust v\u00f5i remonti, olenevalt probleemist. Addio j\u00e4tab endale \u00f5iguse keelduda mis tahes n\u00f5uetest, kui tootel on m\u00e4rke v\u00e4\u00e4rkasutusest v\u00f5i kliendi p\u00f5hjustatud kahjustustest.  <\/p><p><strong>5.3 T\u00fchistamised\u2028<br><\/strong>Tellimusi ei saa t\u00fchistada p\u00e4rast nende t\u00f6\u00f6tlemist ja saatmist. Tellimusega seotud k\u00fcsimuste korral v\u00f5tke esimesel v\u00f5imalusel \u00fchendust klienditoega, et n\u00e4ha, kas enne saatmist on v\u00f5imalik mingeid muudatusi teha. <\/p><p><strong>6. Kasutajakontod ja vastutus<\/strong><br><strong>6.1 Konto loomine<\/strong>\u2028 <br>Veebisaidi teatud funktsioonidele, sealhulgas toodete ostmisele, juurdep\u00e4\u00e4suks peavad kliendid looma konto. Kliendid vastutavad oma sisselogimisandmete konfidentsiaalsuse s\u00e4ilitamise ja k\u00f5igi oma konto all toimuvate tegevuste eest. <\/p><p><strong>6.2 Konto sulgemine<\/strong>\u2028<br>Kui klient rikub neid tingimusi, j\u00e4tab Addio endale \u00f5iguse tema konto sulgeda ja piirata tema juurdep\u00e4\u00e4su tulevastele ostudele v\u00f5i teenustele. Kontod, mis j\u00e4\u00e4vad 24 kuuks passiivseks, m\u00e4rgitakse kustutamiseks ja Addio teavitab klienti e-posti teel. Kui klient ei logi sisse 3 kuu jooksul, kustutatakse konto j\u00e4\u00e4davalt.  <\/p><p><strong>7. Garantiid ja tagatised<\/strong><br><strong>7.1 Toote garantii<\/strong><br>Addio pakub oma toodetele piiratud garantiid 24 kuud alates ostukuup\u00e4evast. See garantii katab materjali- ja tootmisvead tavakasutuse korral. Toote igasugune v\u00e4\u00e4rkasutus, modifitseerimine v\u00f5i volitamata remont t\u00fchistab garantii.  <\/p><p><strong>7.2 Garantiin\u00f5uded\u2028<br><\/strong>Garantiin\u00f5ude esitamiseks peavad kliendid v\u00f5tma \u00fchendust klienditoega. Addio vaatab iga n\u00f5ude l\u00e4bi juhtumip\u00f5hiselt ja otsustab, kas defektne toode parandada, asendada v\u00f5i tagastada. Klient vastutab defektse toote Addio&#8217;le tagastamise eest ja Addio kannab asendustoote saatmiskulud.  <\/p><p><strong>8. Intellektuaalomandi \u00f5igused<\/strong><br>Kogu Addio veebisaidil olev intellektuaalomand, sealhulgas, kuid mitte ainult, tootekujundused, tarkvara, tekst, graafika, pildid, logod ja kaubam\u00e4rgid, kuulub Addio&#8217;le. Te ei tohi kopeerida, levitada ega reprodutseerida meie veebisaidi sisu ilma eelneva kirjaliku n\u00f5usolekuta. Meie intellektuaalomandi volitamata kasutamine v\u00f5ib kaasa tuua \u00f5iguslikke tagaj\u00e4rgi.  <\/p><p><strong>9. Vastutuse piiramine<\/strong><br>Addio loobub igasugusest vastutusest oma toodete v\u00e4\u00e4rkasutuse v\u00f5i mittesihip\u00e4rase kasutamise eest klientide poolt. Addio tooteid ostes ja kasutades v\u00f5tavad kliendid t\u00e4ieliku vastutuse selle eest, kuidas nad tooteid paigaldavad, rakendavad v\u00f5i modifitseerivad. Addio ei vastuta kahjude, vigastuste ega kaotuste eest, mis tulenevad toodete eba\u00f5igest kasutamisest.  <\/p><p><strong>9.1 Kaudsed v\u00f5i tagaj\u00e4rjekahjud<br><\/strong>Addio ei vastuta kaudsete, juhuslike ega tagaj\u00e4rjekahjude eest, mis tulenevad tema toodete v\u00f5i teenuste kasutamisest, sealhulgas, kuid mitte ainult, andmete kadu, saamata j\u00e4\u00e4nud kasum v\u00f5i kolmandate isikute n\u00f5uded.<\/p><p><strong>10. Vaidluste lahendamine ja kohaldatav \u00f5igus<\/strong><br><strong>10.1 Vaidluste lahendamine<br><\/strong>K\u00f5ik Addio toodete v\u00f5i teenuste kasutamisega seotud vaidlused v\u00f5i n\u00f5uded tuleb esmalt suunata klienditoele. Kui probleemi ei saa lahendada, lepivad m\u00f5lemad pooled kokku asja lahendamises mitteametliku l\u00e4bir\u00e4\u00e4kimise teel. <\/p><p><strong>10.2 Kohaldatav \u00f5igus<\/strong>\u2028<br>Neid tingimusi reguleerib ja t\u00f5lgendatakse Rootsi seaduste kohaselt. K\u00f5ik \u00f5igusvaidlused, mida ei saa lahendada mitteametliku l\u00e4bir\u00e4\u00e4kimise teel, kuuluvad Rootsi kohtute ainup\u00e4devusse. <\/p><p><strong>11. Tingimuste ja s\u00e4tete muutmine<\/strong><br>Addio j\u00e4tab endale \u00f5iguse neid tingimusi igal ajal ette teatamata uuendada v\u00f5i muuta. K\u00f5ik muudatused j\u00f5ustuvad kohe p\u00e4rast nende veebisaidile postitamist. Veebisaidi ja teenuste j\u00e4tkuv kasutamine p\u00e4rast muudatusi t\u00e4hendab teie n\u00f5ustumist uuendatud tingimustega. Soovitame klientidel tingimusi regulaarselt \u00fcle vaadata.   <\/p><p><strong>12. Addio vastutuse piiramine<\/strong><br>Addio ei vastuta selle eest, kuidas kliendid otsustavad oma Addio tooteid p\u00e4rast ostmist kasutada, rakendada v\u00f5i modifitseerida. Addio loobub igasugusest vastutusest kahjude, \u00f5iguslike n\u00f5uete v\u00f5i vigastuste eest, mis tulenevad toodete eba\u00f5igest kasutamisest v\u00f5i valest rakendamisest. Kliendid vastutavad selle eest, et neil oleks vajalikud teadmised ja arusaam Addio toodete ohutuks ja \u00f5igeks kasutamiseks. Addio&#8217;t ei saa \u00f5igusprotsessis vastutusele v\u00f5tta toodete v\u00e4\u00e4rkasutusest tulenevate tagaj\u00e4rgede eest.   <\/p><p><strong>13. Kontaktandmed<\/strong><br>K\u00f5igi nende tingimuste ja s\u00e4tetega seotud k\u00fcsimuste v\u00f5i murede korral, v\u00f5i toote v\u00f5i teenuse kohta p\u00e4ringu tegemiseks, v\u00f5tke meiega \u00fchendust:<\/p><p><strong>Addio<\/strong><br><strong>E-post:<\/strong> <a href=\"mailto:info@addio.eu\">info@addio.eu<\/a><\/p>\t\t\t\t\t\t\t\t<\/div>\n\t\t\t\t<\/div>\n\t\t\t\t<\/div>\n\t\t<div class=\"elementor-element elementor-element-1c4e995 e-con-full e-flex e-con e-child\" data-id=\"1c4e995\" data-element_type=\"container\">\n\t\t\t\t<div class=\"elementor-element elementor-element-37670bc elementor-icon-list--layout-traditional elementor-list-item-link-full_width elementor-widget elementor-widget-icon-list\" data-id=\"37670bc\" data-element_type=\"widget\" data-widget_type=\"icon-list.default\">\n\t\t\t\t<div class=\"elementor-widget-container\">\n\t\t\t\t\t\t\t<ul class=\"elementor-icon-list-items\">\n\t\t\t\t\t\t\t<li class=\"elementor-icon-list-item\">\n\t\t\t\t\t\t\t\t\t\t\t<a href=\"https:\/\/addio.eu\/cookie-policy\/\">\n\n\t\t\t\t\t\t\t\t\t\t\t\t<span class=\"elementor-icon-list-icon\">\n\t\t\t\t\t\t\t<svg xmlns=\"http:\/\/www.w3.org\/2000\/svg\" width=\"24\" height=\"24\" viewBox=\"0 0 24 24\" fill=\"none\"><path d=\"M17.9199 6.62C17.8185 6.37565 17.6243 6.18147 17.3799 6.08C17.2597 6.02876 17.1306 6.00158 16.9999 6H6.99994C6.73472 6 6.48037 6.10536 6.29283 6.29289C6.1053 6.48043 5.99994 6.73478 5.99994 7C5.99994 7.26522 6.1053 7.51957 6.29283 7.70711C6.48037 7.89464 6.73472 8 6.99994 8H14.5899L6.28994 16.29C6.19621 16.383 6.12182 16.4936 6.07105 16.6154C6.02028 16.7373 5.99414 16.868 5.99414 17C5.99414 17.132 6.02028 17.2627 6.07105 17.3846C6.12182 17.5064 6.19621 17.617 6.28994 17.71C6.3829 17.8037 6.4935 17.8781 6.61536 17.9289C6.73722 17.9797 6.86793 18.0058 6.99994 18.0058C7.13195 18.0058 7.26266 17.9797 7.38452 17.9289C7.50638 17.8781 7.61698 17.8037 7.70994 17.71L15.9999 9.41V17C15.9999 17.2652 16.1053 17.5196 16.2928 17.7071C16.4804 17.8946 16.7347 18 16.9999 18C17.2652 18 17.5195 17.8946 17.707 17.7071C17.8946 17.5196 17.9999 17.2652 17.9999 17V7C17.9984 6.86932 17.9712 6.74022 17.9199 6.62Z\" fill=\"#393939\"><\/path><\/svg>\t\t\t\t\t\t<\/span>\n\t\t\t\t\t\t\t\t\t\t<span class=\"elementor-icon-list-text\">K\u00fcpsiste poliitika<\/span>\n\t\t\t\t\t\t\t\t\t\t\t<\/a>\n\t\t\t\t\t\t\t\t\t<\/li>\n\t\t\t\t\t\t<\/ul>\n\t\t\t\t\t\t<\/div>\n\t\t\t\t<\/div>\n\t\t\t\t<div class=\"elementor-element elementor-element-270a44c elementor-icon-list--layout-traditional elementor-list-item-link-full_width elementor-widget elementor-widget-icon-list\" data-id=\"270a44c\" data-element_type=\"widget\" data-widget_type=\"icon-list.default\">\n\t\t\t\t<div class=\"elementor-widget-container\">\n\t\t\t\t\t\t\t<ul class=\"elementor-icon-list-items\">\n\t\t\t\t\t\t\t<li class=\"elementor-icon-list-item\">\n\t\t\t\t\t\t\t\t\t\t\t<a href=\"https:\/\/addio.eu\/privacy-policy\/\">\n\n\t\t\t\t\t\t\t\t\t\t\t\t<span class=\"elementor-icon-list-icon\">\n\t\t\t\t\t\t\t<svg xmlns=\"http:\/\/www.w3.org\/2000\/svg\" width=\"24\" height=\"24\" viewBox=\"0 0 24 24\" fill=\"none\"><path d=\"M17.9199 6.62C17.8185 6.37565 17.6243 6.18147 17.3799 6.08C17.2597 6.02876 17.1306 6.00158 16.9999 6H6.99994C6.73472 6 6.48037 6.10536 6.29283 6.29289C6.1053 6.48043 5.99994 6.73478 5.99994 7C5.99994 7.26522 6.1053 7.51957 6.29283 7.70711C6.48037 7.89464 6.73472 8 6.99994 8H14.5899L6.28994 16.29C6.19621 16.383 6.12182 16.4936 6.07105 16.6154C6.02028 16.7373 5.99414 16.868 5.99414 17C5.99414 17.132 6.02028 17.2627 6.07105 17.3846C6.12182 17.5064 6.19621 17.617 6.28994 17.71C6.3829 17.8037 6.4935 17.8781 6.61536 17.9289C6.73722 17.9797 6.86793 18.0058 6.99994 18.0058C7.13195 18.0058 7.26266 17.9797 7.38452 17.9289C7.50638 17.8781 7.61698 17.8037 7.70994 17.71L15.9999 9.41V17C15.9999 17.2652 16.1053 17.5196 16.2928 17.7071C16.4804 17.8946 16.7347 18 16.9999 18C17.2652 18 17.5195 17.8946 17.707 17.7071C17.8946 17.5196 17.9999 17.2652 17.9999 17V7C17.9984 6.86932 17.9712 6.74022 17.9199 6.62Z\" fill=\"#393939\"><\/path><\/svg>\t\t\t\t\t\t<\/span>\n\t\t\t\t\t\t\t\t\t\t<span class=\"elementor-icon-list-text\">Privaatsuspoliitika<\/span>\n\t\t\t\t\t\t\t\t\t\t\t<\/a>\n\t\t\t\t\t\t\t\t\t<\/li>\n\t\t\t\t\t\t<\/ul>\n\t\t\t\t\t\t<\/div>\n\t\t\t\t<\/div>\n\t\t\t\t<div class=\"elementor-element elementor-element-70fddd5 elementor-icon-list--layout-traditional elementor-list-item-link-full_width elementor-widget elementor-widget-icon-list\" data-id=\"70fddd5\" data-element_type=\"widget\" data-widget_type=\"icon-list.default\">\n\t\t\t\t<div class=\"elementor-widget-container\">\n\t\t\t\t\t\t\t<ul class=\"elementor-icon-list-items\">\n\t\t\t\t\t\t\t<li class=\"elementor-icon-list-item\">\n\t\t\t\t\t\t\t\t\t\t\t<span class=\"elementor-icon-list-icon\">\n\t\t\t\t\t\t\t<svg xmlns=\"http:\/\/www.w3.org\/2000\/svg\" width=\"34\" height=\"34\" viewBox=\"0 0 34 34\" fill=\"none\"><g clip-path=\"url(#clip0_102_8520)\"><path d=\"M8.9802 16.6182C8.87917 16.8627 8.87917 17.1373 8.9802 17.3818C9.02898 17.5031 9.10105 17.6136 9.19233 17.7071L16.2634 24.7782C16.4509 24.9657 16.7053 25.0711 16.9705 25.0711C17.2357 25.0711 17.4901 24.9657 17.6776 24.7782C17.8652 24.5906 17.9705 24.3363 17.9705 24.0711C17.9705 23.8058 17.8652 23.5515 17.6776 23.364L12.3107 17.997L24.0416 18.0041C24.1736 18.0046 24.3044 17.979 24.4265 17.9288C24.5485 17.8785 24.6594 17.8046 24.7528 17.7112C24.8461 17.6179 24.9201 17.507 24.9703 17.3849C25.0206 17.2628 25.0462 17.132 25.0457 17C25.0462 16.868 25.0206 16.7372 24.9703 16.6151C24.9201 16.493 24.8461 16.3821 24.7528 16.2888C24.6594 16.1954 24.5485 16.1215 24.4265 16.0712C24.3044 16.021 24.1736 15.9954 24.0416 15.9959L12.3107 16.003L17.6776 10.636C17.8652 10.4485 17.9705 10.1941 17.9705 9.92893C17.9705 9.66371 17.8652 9.40936 17.6776 9.22182C17.4901 9.03429 17.2357 8.92893 16.9705 8.92893C16.7053 8.92893 16.4509 9.03429 16.2634 9.22182L9.19233 16.2929C9.10105 16.3864 9.02898 16.4969 8.9802 16.6182Z\" fill=\"#00DB72\"><\/path><\/g><defs><clipPath id=\"clip0_102_8520\"><rect width=\"24\" height=\"24\" fill=\"white\" transform=\"translate(16.9707 33.9706) rotate(-135)\"><\/rect><\/clipPath><\/defs><\/svg>\t\t\t\t\t\t<\/span>\n\t\t\t\t\t\t\t\t\t\t<span class=\"elementor-icon-list-text\">Kasutustingimused<\/span>\n\t\t\t\t\t\t\t\t\t<\/li>\n\t\t\t\t\t\t<\/ul>\n\t\t\t\t\t\t<\/div>\n\t\t\t\t<\/div>\n\t\t\t\t<\/div>\n\t\t\t\t<\/div>\n\t\t\t\t\t<\/div>\n\t\t\t\t<\/div>\n\t\t\t\t<\/div>\n\t\t","protected":false},"excerpt":{"rendered":"<p>Uuendatud 30. septembril 2025 K\u00e4esolevad tingimused (\u201eTingimused\u201c) reguleerivad Addio (https:\/\/addio.eu) pakutavate toodete ja teenuste ostmist ja kasutamist. Meie veebisaidile sisenedes, tellimust esitades v\u00f5i meie teenuseid kasutades n\u00f5ustute Te k\u00e4esolevate Tingimustega. Palun lugege need hoolikalt l\u00e4bi enne ostu sooritamist v\u00f5i meie teenuste kasutamist. 1. M\u00f5isted \u201eAddio\u201c viitab Addio Electronics AB-le, Rootsis registreeritud ettev\u00f5ttele, mis toodab ja [&hellip;]<\/p>\n","protected":false},"author":3,"featured_media":0,"parent":0,"menu_order":0,"comment_status":"closed","ping_status":"closed","template":"","meta":{"footnotes":""},"class_list":["post-15725","page","type-page","status-publish","hentry"],"yoast_head":"<!-- This site is optimized with the Yoast SEO plugin v26.0 - https:\/\/yoast.com\/wordpress\/plugins\/seo\/ -->\n<title>Tingimused - Addio Electronics<\/title>\n<meta name=\"robots\" content=\"index, follow, max-snippet:-1, max-image-preview:large, max-video-preview:-1\" \/>\n<link rel=\"canonical\" href=\"https:\/\/addio.eu\/et\/tingimused\/\" \/>\n<meta property=\"og:locale\" content=\"et_EE\" \/>\n<meta property=\"og:type\" content=\"article\" \/>\n<meta property=\"og:title\" content=\"Tingimused - Addio Electronics\" \/>\n<meta property=\"og:description\" content=\"Uuendatud 30. septembril 2025 K\u00e4esolevad tingimused (\u201eTingimused\u201c) reguleerivad Addio (https:\/\/addio.eu) pakutavate toodete ja teenuste ostmist ja kasutamist. Meie veebisaidile sisenedes, tellimust esitades v\u00f5i meie teenuseid kasutades n\u00f5ustute Te k\u00e4esolevate Tingimustega. Palun lugege need hoolikalt l\u00e4bi enne ostu sooritamist v\u00f5i meie teenuste kasutamist. 1. M\u00f5isted \u201eAddio\u201c viitab Addio Electronics AB-le, Rootsis registreeritud ettev\u00f5ttele, mis toodab ja [&hellip;]\" \/>\n<meta property=\"og:url\" content=\"https:\/\/addio.eu\/et\/tingimused\/\" \/>\n<meta property=\"og:site_name\" content=\"Addio Electronics\" \/>\n<meta property=\"article:publisher\" content=\"https:\/\/www.facebook.com\/AddioElectronicsAB\/\" \/>\n<meta property=\"article:modified_time\" content=\"2026-02-09T13:03:49+00:00\" \/>\n<meta name=\"twitter:card\" content=\"summary_large_image\" \/>\n<meta name=\"twitter:label1\" content=\"Est. reading time\" \/>\n\t<meta name=\"twitter:data1\" content=\"6 minut\" \/>\n<script type=\"application\/ld+json\" class=\"yoast-schema-graph\">{\"@context\":\"https:\/\/schema.org\",\"@graph\":[{\"@type\":\"WebPage\",\"@id\":\"https:\/\/addio.eu\/et\/tingimused\/\",\"url\":\"https:\/\/addio.eu\/et\/tingimused\/\",\"name\":\"Tingimused - Addio Electronics\",\"isPartOf\":{\"@id\":\"https:\/\/addio.eu\/et\/#website\"},\"datePublished\":\"2024-10-11T12:21:05+00:00\",\"dateModified\":\"2026-02-09T13:03:49+00:00\",\"breadcrumb\":{\"@id\":\"https:\/\/addio.eu\/et\/tingimused\/#breadcrumb\"},\"inLanguage\":\"et\",\"potentialAction\":[{\"@type\":\"ReadAction\",\"target\":[\"https:\/\/addio.eu\/et\/tingimused\/\"]}]},{\"@type\":\"BreadcrumbList\",\"@id\":\"https:\/\/addio.eu\/et\/tingimused\/#breadcrumb\",\"itemListElement\":[{\"@type\":\"ListItem\",\"position\":1,\"name\":\"Home\",\"item\":\"https:\/\/addio.eu\/et\/addio-esileht\/\"},{\"@type\":\"ListItem\",\"position\":2,\"name\":\"Tingimused\"}]},{\"@type\":\"WebSite\",\"@id\":\"https:\/\/addio.eu\/et\/#website\",\"url\":\"https:\/\/addio.eu\/et\/\",\"name\":\"addio.eu\",\"description\":\"\",\"publisher\":{\"@id\":\"https:\/\/addio.eu\/et\/#organization\"},\"potentialAction\":[{\"@type\":\"SearchAction\",\"target\":{\"@type\":\"EntryPoint\",\"urlTemplate\":\"https:\/\/addio.eu\/et\/?s={search_term_string}\"},\"query-input\":{\"@type\":\"PropertyValueSpecification\",\"valueRequired\":true,\"valueName\":\"search_term_string\"}}],\"inLanguage\":\"et\"},{\"@type\":\"Organization\",\"@id\":\"https:\/\/addio.eu\/et\/#organization\",\"name\":\"Addio Electronics\",\"url\":\"https:\/\/addio.eu\/et\/\",\"logo\":{\"@type\":\"ImageObject\",\"inLanguage\":\"et\",\"@id\":\"https:\/\/addio.eu\/et\/#\/schema\/logo\/image\/\",\"url\":\"https:\/\/addio.eu\/wp-content\/uploads\/2024\/10\/Lager_1-1.svg\",\"contentUrl\":\"https:\/\/addio.eu\/wp-content\/uploads\/2024\/10\/Lager_1-1.svg\",\"width\":89,\"height\":26,\"caption\":\"Addio Electronics\"},\"image\":{\"@id\":\"https:\/\/addio.eu\/et\/#\/schema\/logo\/image\/\"},\"sameAs\":[\"https:\/\/www.facebook.com\/AddioElectronicsAB\/\",\"https:\/\/www.linkedin.com\/company\/addio-electronics-ab\"]}]}<\/script>\n<!-- \/ Yoast SEO plugin. -->","yoast_head_json":{"title":"Tingimused - Addio Electronics","robots":{"index":"index","follow":"follow","max-snippet":"max-snippet:-1","max-image-preview":"max-image-preview:large","max-video-preview":"max-video-preview:-1"},"canonical":"https:\/\/addio.eu\/et\/tingimused\/","og_locale":"et_EE","og_type":"article","og_title":"Tingimused - Addio Electronics","og_description":"Uuendatud 30. septembril 2025 K\u00e4esolevad tingimused (\u201eTingimused\u201c) reguleerivad Addio (https:\/\/addio.eu) pakutavate toodete ja teenuste ostmist ja kasutamist. Meie veebisaidile sisenedes, tellimust esitades v\u00f5i meie teenuseid kasutades n\u00f5ustute Te k\u00e4esolevate Tingimustega. Palun lugege need hoolikalt l\u00e4bi enne ostu sooritamist v\u00f5i meie teenuste kasutamist. 1. M\u00f5isted \u201eAddio\u201c viitab Addio Electronics AB-le, Rootsis registreeritud ettev\u00f5ttele, mis toodab ja [&hellip;]","og_url":"https:\/\/addio.eu\/et\/tingimused\/","og_site_name":"Addio Electronics","article_publisher":"https:\/\/www.facebook.com\/AddioElectronicsAB\/","article_modified_time":"2026-02-09T13:03:49+00:00","twitter_card":"summary_large_image","twitter_misc":{"Est. reading time":"6 minut"},"schema":{"@context":"https:\/\/schema.org","@graph":[{"@type":"WebPage","@id":"https:\/\/addio.eu\/et\/tingimused\/","url":"https:\/\/addio.eu\/et\/tingimused\/","name":"Tingimused - Addio Electronics","isPartOf":{"@id":"https:\/\/addio.eu\/et\/#website"},"datePublished":"2024-10-11T12:21:05+00:00","dateModified":"2026-02-09T13:03:49+00:00","breadcrumb":{"@id":"https:\/\/addio.eu\/et\/tingimused\/#breadcrumb"},"inLanguage":"et","potentialAction":[{"@type":"ReadAction","target":["https:\/\/addio.eu\/et\/tingimused\/"]}]},{"@type":"BreadcrumbList","@id":"https:\/\/addio.eu\/et\/tingimused\/#breadcrumb","itemListElement":[{"@type":"ListItem","position":1,"name":"Home","item":"https:\/\/addio.eu\/et\/addio-esileht\/"},{"@type":"ListItem","position":2,"name":"Tingimused"}]},{"@type":"WebSite","@id":"https:\/\/addio.eu\/et\/#website","url":"https:\/\/addio.eu\/et\/","name":"addio.eu","description":"","publisher":{"@id":"https:\/\/addio.eu\/et\/#organization"},"potentialAction":[{"@type":"SearchAction","target":{"@type":"EntryPoint","urlTemplate":"https:\/\/addio.eu\/et\/?s={search_term_string}"},"query-input":{"@type":"PropertyValueSpecification","valueRequired":true,"valueName":"search_term_string"}}],"inLanguage":"et"},{"@type":"Organization","@id":"https:\/\/addio.eu\/et\/#organization","name":"Addio Electronics","url":"https:\/\/addio.eu\/et\/","logo":{"@type":"ImageObject","inLanguage":"et","@id":"https:\/\/addio.eu\/et\/#\/schema\/logo\/image\/","url":"https:\/\/addio.eu\/wp-content\/uploads\/2024\/10\/Lager_1-1.svg","contentUrl":"https:\/\/addio.eu\/wp-content\/uploads\/2024\/10\/Lager_1-1.svg","width":89,"height":26,"caption":"Addio Electronics"},"image":{"@id":"https:\/\/addio.eu\/et\/#\/schema\/logo\/image\/"},"sameAs":["https:\/\/www.facebook.com\/AddioElectronicsAB\/","https:\/\/www.linkedin.com\/company\/addio-electronics-ab"]}]}},"_links":{"self":[{"href":"https:\/\/addio.eu\/et\/wp-json\/wp\/v2\/pages\/15725","targetHints":{"allow":["GET"]}}],"collection":[{"href":"https:\/\/addio.eu\/et\/wp-json\/wp\/v2\/pages"}],"about":[{"href":"https:\/\/addio.eu\/et\/wp-json\/wp\/v2\/types\/page"}],"author":[{"embeddable":true,"href":"https:\/\/addio.eu\/et\/wp-json\/wp\/v2\/users\/3"}],"replies":[{"embeddable":true,"href":"https:\/\/addio.eu\/et\/wp-json\/wp\/v2\/comments?post=15725"}],"version-history":[{"count":2,"href":"https:\/\/addio.eu\/et\/wp-json\/wp\/v2\/pages\/15725\/revisions"}],"predecessor-version":[{"id":15819,"href":"https:\/\/addio.eu\/et\/wp-json\/wp\/v2\/pages\/15725\/revisions\/15819"}],"wp:attachment":[{"href":"https:\/\/addio.eu\/et\/wp-json\/wp\/v2\/media?parent=15725"}],"curies":[{"name":"wp","href":"https:\/\/api.w.org\/{rel}","templated":true}]}}