{"id":15527,"date":"2024-10-18T18:10:36","date_gmt":"2024-10-18T18:10:36","guid":{"rendered":"https:\/\/addio.eu\/kupsiste-poliitika\/"},"modified":"2026-01-29T13:23:55","modified_gmt":"2026-01-29T13:23:55","slug":"kupsiste-poliitika","status":"publish","type":"page","link":"https:\/\/addio.eu\/et\/kupsiste-poliitika\/","title":{"rendered":"K\u00fcpsiste poliitika"},"content":{"rendered":"\t\t<div data-elementor-type=\"wp-page\" data-elementor-id=\"15527\" class=\"elementor elementor-15527 elementor-2366\" data-elementor-post-type=\"page\">\n\t\t\t\t<div class=\"elementor-element elementor-element-482efb4 e-flex e-con-boxed e-con e-parent\" data-id=\"482efb4\" data-element_type=\"container\">\n\t\t\t\t\t<div class=\"e-con-inner\">\n\t\t<div class=\"elementor-element elementor-element-4abc206 e-con-full e-flex e-con e-child\" data-id=\"4abc206\" data-element_type=\"container\">\n\t\t<div class=\"elementor-element elementor-element-79a61e0 e-con-full e-flex e-con e-child\" data-id=\"79a61e0\" data-element_type=\"container\">\n\t\t\t\t<div class=\"elementor-element elementor-element-2ef6fc3 elementor-widget elementor-widget-text-editor\" data-id=\"2ef6fc3\" data-element_type=\"widget\" data-widget_type=\"text-editor.default\">\n\t\t\t\t<div class=\"elementor-widget-container\">\n\t\t\t\t\t\t\t\t\t<p><strong>Uuendatud 30. septembril<\/strong><\/p><p><strong>Addios kasutame oma veebisaidil (https:\/\/addio.eu) k\u00fcpsiseid ja sarnaseid j\u00e4lgimistehnoloogiaid, et parandada teie kasutuskogemust, anal\u00fc\u00fcsida kasutusviise ja tagada meie teenuste t\u00f5hus toimimine. K\u00e4esolev k\u00fcpsiste poliitika selgitab, mis on k\u00fcpsised, kuidas me neid kasutame, millised on teie valikud nende kasutamise osas ja kuidas saate oma k\u00fcpsiste eelistusi hallata. <\/strong><\/p><p><strong>1. Mis on k\u00fcpsised?<\/strong><br>K\u00fcpsised on v\u00e4ikesed tekstifailid, mis salvestatakse teie seadmesse (arvutisse, tahvelarvutisse v\u00f5i nutitelefoni), kui k\u00fclastate veebisaiti. Need v\u00f5imaldavad veebisaidil teatud aja jooksul meeles pidada teie tegevusi ja eelistusi (nagu sisselogimisandmed, keel ja kuvaseaded), nii et te ei pea neid iga kord uuesti sisestama, kui saiti k\u00fclastate v\u00f5i lehtede vahel navigeerite.<br>Meie veebisaidil kasutatakse erinevat t\u00fc\u00fcpi k\u00fcpsiseid ja iga\u00fchel neist on kindel eesm\u00e4rk. <\/p><p><strong>2. Meie kasutatavate k\u00fcpsiste t\u00fc\u00fcbid<\/strong><br><strong>2.1 Olulised k\u00fcpsised<br><\/strong>Need k\u00fcpsised on veebisaidi korrektseks toimimiseks vajalikud. Ilma nendeta ei pruugi te saada kasutada teatud funktsioone, n\u00e4iteks juurdep\u00e4\u00e4su veebisaidi turvalistele aladele v\u00f5i tehingute sooritamist.\u2028N\u00e4ited h\u00f5lmavad:<\/p><ul><li>Seansihaldusk\u00fcpsised, mis v\u00f5imaldavad teil sisse logida ja kliendiportaali kasutada.<\/li><li>K\u00fcpsised meie teenuste turvalisuse ja terviklikkuse s\u00e4ilitamiseks.<br><br><\/li><\/ul><p><strong>2.2 J\u00f5udluse ja anal\u00fc\u00fcsi k\u00fcpsised<\/strong><br>Need k\u00fcpsised aitavad meil anon\u00fc\u00fcmselt teavet kogudes m\u00f5ista, kuidas k\u00fclastajad meie veebisaidiga suhtlevad. Kasutame neid k\u00fcpsiseid k\u00fclastajate k\u00e4itumise anal\u00fc\u00fcsimiseks, kasutusmustrite j\u00e4lgimiseks ning veebisaidi \u00fcldise funktsionaalsuse ja j\u00f5udluse parandamiseks.\u2028N\u00e4ited h\u00f5lmavad:<\/p><ul><li>Google Analyticsi k\u00fcpsised veebisaidi liikluse ja kasutusstatistika j\u00e4lgimiseks.<br><br><\/li><\/ul><p><strong>2.3 Funktsionaalsuse k\u00fcpsised<\/strong><br>Funktsionaalsuse k\u00fcpsised v\u00f5imaldavad meil meeles pidada teie eelistusi ja pakkuda isikup\u00e4rastatud funktsioone. Need k\u00fcpsised aitavad parandada kasutajakogemust, meenutades teie tehtud valikuid, n\u00e4iteks keele-eelistusi v\u00f5i varasemaid ostueelistusi. <\/p><p><br><strong>2..4 Reklaami- ja sihtimisk\u00fcpsised<br><\/strong>Neid k\u00fcpsiseid kasutatakse teile huvipakkuvate reklaamide edastamiseks. Need j\u00e4lgivad teie sirvimisharjumusi ja v\u00f5imaldavad meil pakkuda teile sihtotstarbelisi reklaame meie saidil v\u00f5i kolmandate osapoolte platvormidel. Need k\u00fcpsised piiravad ka reklaami n\u00e4gemise kordade arvu ja aitavad m\u00f5\u00f5ta meie reklaamikampaaniate t\u00f5husust.  <\/p><p><strong>2.5 Kolmanda osapoole k\u00fcpsised<\/strong><br>V\u00f5ime lubada kolmandate osapoolte teenusepakkujatel, n\u00e4iteks Google&#8217;il, paigutada teie seadmesse k\u00fcpsiseid anal\u00fc\u00fcsi- ja reklaamieesm\u00e4rkidel. Need kolmanda osapoole k\u00fcpsised alluvad nende endi privaatsus- ja k\u00fcpsiste poliitikatele ning meil puudub kontroll nende kogutava teabe \u00fcle. <\/p><p><strong>3. Kuidas me k\u00fcpsiseid kasutame<br><\/strong>Kasutame k\u00fcpsiseid mitmel p\u00f5hjusel, sealhulgas:<\/p><ul><li>Teie sisselogimisandmete meelespidamiseks ja sisselogituna hoidmiseks.<\/li><li>Teie tellimuste t\u00f6\u00f6tlemise h\u00f5lbustamiseks ja meie tehingute turvalisuse tagamiseks.<\/li><li>Meie veebisaidi j\u00f5udluse ja disaini anal\u00fc\u00fcsimiseks ja parandamiseks.<\/li><li>M\u00f5istmaks, kuidas kasutajad meie veebisaidiga suhtlevad, ja kasutatavuse parandamiseks.<\/li><li>Isikup\u00e4rastatud sisu ja reklaamide kuvamiseks vastavalt teie sirvimisk\u00e4itumisele.<br><br><\/li><\/ul><p><strong>4. Teie valikud k\u00fcpsiste osas <\/strong><br>Teil on \u00f5igus meie veebisaidil k\u00fcpsiseid aktsepteerida v\u00f5i tagasi l\u00fckata. Meie veebisaidi esmakordsel k\u00fclastamisel kuvatakse teile k\u00fcpsiste n\u00f5usoleku b\u00e4nner, mis v\u00f5imaldab teil oma eelistusi hallata.\u2028 <\/p><p><strong>4.1 K\u00fcpsiste eelistuste haldamine<br><\/strong>Saate k\u00fcpsiseid igal ajal hallata v\u00f5i keelata, kohandades oma brauseri seadeid. Iga brauser pakub k\u00fcpsiste eelistuste konfigureerimiseks erinevaid viise. Allpool on lingid k\u00fcpsiste haldamiseks populaarsetes brauserites:  <\/p><ul><li>Google Chrome<\/li><li><a href=\"https:\/\/support.mozilla.org\/en-US\/kb\/enable-and-disable-cookies-website-preferences\">M<\/a><a href=\"https:\/\/support.mozilla.org\/en-US\/kb\/enable-and-disable-cookies-website-preferences\">ozilla Firefox<\/a><\/li><li><a href=\"https:\/\/support.apple.com\/guide\/safari\/manage-cookies-and-website-data-sfri11471\/mac\">Apple Safari<\/a><\/li><li><a href=\"https:\/\/support.microsoft.com\/en-us\/help\/4027947\/microsoft-edge-delete-cookies\">Microsoft Edge<\/a><\/li><\/ul><p>Pange t\u00e4hele, et k\u00fcpsiste keelamine v\u00f5ib m\u00f5jutada meie veebisaidi funktsionaalsust ja te ei pruugi p\u00e4\u00e4seda ligi teatud funktsioonidele.\u2028<br><br><strong>4.2 K\u00fcpsiste n\u00f5usoleku tagasiv\u00f5tmine<br><\/strong>Kui olete varem andnud n\u00f5usoleku k\u00fcpsiste kasutamiseks ja soovite oma n\u00f5usoleku tagasi v\u00f5tta, saate seda teha, kustutades brauseri seadetes salvestatud k\u00fcpsised v\u00f5i kohandades oma k\u00fcpsiste eelistusi meie veebisaidi k\u00fcpsiste seadete h\u00fcpikakna kaudu.<\/p><p><strong>5 Kolmanda osapoole teenused<\/strong><br>Kasutame kolmandate osapoolte teenusepakkujaid, n\u00e4iteks Google Analyticsit, et aidata meil m\u00f5ista, kuidas k\u00fclastajad meie veebisaiti kasutavad. Need kolmanda osapoole teenused v\u00f5ivad samuti kasutada k\u00fcpsiseid anon\u00fc\u00fcmsete \u0430\u043d\u0434mete kogumiseks, n\u00e4iteks saidi k\u00fclastajate arvu ja populaarsete lehtede kohta.<br>Lisateavet selle kohta, kuidas Google oma k\u00fcpsiste kaudu andmeid kogub ja t\u00f6\u00f6tleb, leiate nende privaatsuspoliitikast aadressil <a href=\"https:\/\/policies.google.com\/privacy.\">https:\/\/policies.google.com\/privacy.<\/a> <\/p><p><strong>6 K\u00fcpsiste poliitika uuendamine<\/strong><br>V\u00f5ime seda k\u00fcpsiste poliitikat aeg-ajalt uuendada, et kajastada muudatusi meie k\u00fcpsiste kasutamise tavades v\u00f5i juriidilistel p\u00f5hjustel. Oluliste muudatuste korral postitame selle poliitika uuendatud versiooni oma veebisaidile koos muudetud j\u00f5ustumiskuup\u00e4evaga.<br>Soovitame teil seda poliitikat regulaarselt \u00fcle vaadata, et olla kursis sellega, kuidas me k\u00fcpsiseid kasutame ja millised on teie sellega seotud valikud. <\/p><p><strong>6 V\u00f5tke meiega \u00fchendust <\/strong><br>kui teil on k\u00fcsimusi v\u00f5i muresid meie k\u00fcpsiste kasutamise v\u00f5i k\u00e4esoleva k\u00fcpsiste poliitika kohta, v\u00f5tke meiega \u00fchendust:<\/p><p><strong>Addio <br>E-post: <a href=\"mailto:info@addio.eu\">info@addio.eu<\/a><\/strong><\/p>\t\t\t\t\t\t\t\t<\/div>\n\t\t\t\t<\/div>\n\t\t\t\t<\/div>\n\t\t<div class=\"elementor-element elementor-element-a36d95e e-con-full e-flex e-con e-child\" data-id=\"a36d95e\" data-element_type=\"container\">\n\t\t\t\t<div class=\"elementor-element elementor-element-5cc2df3 elementor-icon-list--layout-traditional elementor-list-item-link-full_width elementor-widget elementor-widget-icon-list\" data-id=\"5cc2df3\" data-element_type=\"widget\" data-widget_type=\"icon-list.default\">\n\t\t\t\t<div class=\"elementor-widget-container\">\n\t\t\t\t\t\t\t<ul class=\"elementor-icon-list-items\">\n\t\t\t\t\t\t\t<li class=\"elementor-icon-list-item\">\n\t\t\t\t\t\t\t\t\t\t\t<span class=\"elementor-icon-list-icon\">\n\t\t\t\t\t\t\t<svg xmlns=\"http:\/\/www.w3.org\/2000\/svg\" width=\"34\" height=\"34\" viewBox=\"0 0 34 34\" fill=\"none\"><g clip-path=\"url(#clip0_102_8520)\"><path d=\"M8.9802 16.6182C8.87917 16.8627 8.87917 17.1373 8.9802 17.3818C9.02898 17.5031 9.10105 17.6136 9.19233 17.7071L16.2634 24.7782C16.4509 24.9657 16.7053 25.0711 16.9705 25.0711C17.2357 25.0711 17.4901 24.9657 17.6776 24.7782C17.8652 24.5906 17.9705 24.3363 17.9705 24.0711C17.9705 23.8058 17.8652 23.5515 17.6776 23.364L12.3107 17.997L24.0416 18.0041C24.1736 18.0046 24.3044 17.979 24.4265 17.9288C24.5485 17.8785 24.6594 17.8046 24.7528 17.7112C24.8461 17.6179 24.9201 17.507 24.9703 17.3849C25.0206 17.2628 25.0462 17.132 25.0457 17C25.0462 16.868 25.0206 16.7372 24.9703 16.6151C24.9201 16.493 24.8461 16.3821 24.7528 16.2888C24.6594 16.1954 24.5485 16.1215 24.4265 16.0712C24.3044 16.021 24.1736 15.9954 24.0416 15.9959L12.3107 16.003L17.6776 10.636C17.8652 10.4485 17.9705 10.1941 17.9705 9.92893C17.9705 9.66371 17.8652 9.40936 17.6776 9.22182C17.4901 9.03429 17.2357 8.92893 16.9705 8.92893C16.7053 8.92893 16.4509 9.03429 16.2634 9.22182L9.19233 16.2929C9.10105 16.3864 9.02898 16.4969 8.9802 16.6182Z\" fill=\"#00DB72\"><\/path><\/g><defs><clipPath id=\"clip0_102_8520\"><rect width=\"24\" height=\"24\" fill=\"white\" transform=\"translate(16.9707 33.9706) rotate(-135)\"><\/rect><\/clipPath><\/defs><\/svg>\t\t\t\t\t\t<\/span>\n\t\t\t\t\t\t\t\t\t\t<span class=\"elementor-icon-list-text\">K\u00fcpsiste poliitika<\/span>\n\t\t\t\t\t\t\t\t\t<\/li>\n\t\t\t\t\t\t<\/ul>\n\t\t\t\t\t\t<\/div>\n\t\t\t\t<\/div>\n\t\t\t\t<div class=\"elementor-element elementor-element-8a5470c elementor-icon-list--layout-traditional elementor-list-item-link-full_width elementor-widget elementor-widget-icon-list\" data-id=\"8a5470c\" data-element_type=\"widget\" data-widget_type=\"icon-list.default\">\n\t\t\t\t<div class=\"elementor-widget-container\">\n\t\t\t\t\t\t\t<ul class=\"elementor-icon-list-items\">\n\t\t\t\t\t\t\t<li class=\"elementor-icon-list-item\">\n\t\t\t\t\t\t\t\t\t\t\t<a href=\"https:\/\/addio.eu\/privacy-policy\/\">\n\n\t\t\t\t\t\t\t\t\t\t\t\t<span class=\"elementor-icon-list-icon\">\n\t\t\t\t\t\t\t<svg xmlns=\"http:\/\/www.w3.org\/2000\/svg\" width=\"24\" height=\"24\" viewBox=\"0 0 24 24\" fill=\"none\"><path d=\"M17.9199 6.62C17.8185 6.37565 17.6243 6.18147 17.3799 6.08C17.2597 6.02876 17.1306 6.00158 16.9999 6H6.99994C6.73472 6 6.48037 6.10536 6.29283 6.29289C6.1053 6.48043 5.99994 6.73478 5.99994 7C5.99994 7.26522 6.1053 7.51957 6.29283 7.70711C6.48037 7.89464 6.73472 8 6.99994 8H14.5899L6.28994 16.29C6.19621 16.383 6.12182 16.4936 6.07105 16.6154C6.02028 16.7373 5.99414 16.868 5.99414 17C5.99414 17.132 6.02028 17.2627 6.07105 17.3846C6.12182 17.5064 6.19621 17.617 6.28994 17.71C6.3829 17.8037 6.4935 17.8781 6.61536 17.9289C6.73722 17.9797 6.86793 18.0058 6.99994 18.0058C7.13195 18.0058 7.26266 17.9797 7.38452 17.9289C7.50638 17.8781 7.61698 17.8037 7.70994 17.71L15.9999 9.41V17C15.9999 17.2652 16.1053 17.5196 16.2928 17.7071C16.4804 17.8946 16.7347 18 16.9999 18C17.2652 18 17.5195 17.8946 17.707 17.7071C17.8946 17.5196 17.9999 17.2652 17.9999 17V7C17.9984 6.86932 17.9712 6.74022 17.9199 6.62Z\" fill=\"#393939\"><\/path><\/svg>\t\t\t\t\t\t<\/span>\n\t\t\t\t\t\t\t\t\t\t<span class=\"elementor-icon-list-text\">Privaatsuspoliitika<\/span>\n\t\t\t\t\t\t\t\t\t\t\t<\/a>\n\t\t\t\t\t\t\t\t\t<\/li>\n\t\t\t\t\t\t<\/ul>\n\t\t\t\t\t\t<\/div>\n\t\t\t\t<\/div>\n\t\t\t\t<div class=\"elementor-element elementor-element-4fc5578 elementor-icon-list--layout-traditional elementor-list-item-link-full_width elementor-widget elementor-widget-icon-list\" data-id=\"4fc5578\" data-element_type=\"widget\" data-widget_type=\"icon-list.default\">\n\t\t\t\t<div class=\"elementor-widget-container\">\n\t\t\t\t\t\t\t<ul class=\"elementor-icon-list-items\">\n\t\t\t\t\t\t\t<li class=\"elementor-icon-list-item\">\n\t\t\t\t\t\t\t\t\t\t\t<a href=\"https:\/\/addio.eu\/terms-and-conditions\/\">\n\n\t\t\t\t\t\t\t\t\t\t\t\t<span class=\"elementor-icon-list-icon\">\n\t\t\t\t\t\t\t<svg xmlns=\"http:\/\/www.w3.org\/2000\/svg\" width=\"24\" height=\"24\" viewBox=\"0 0 24 24\" fill=\"none\"><path d=\"M17.9199 6.62C17.8185 6.37565 17.6243 6.18147 17.3799 6.08C17.2597 6.02876 17.1306 6.00158 16.9999 6H6.99994C6.73472 6 6.48037 6.10536 6.29283 6.29289C6.1053 6.48043 5.99994 6.73478 5.99994 7C5.99994 7.26522 6.1053 7.51957 6.29283 7.70711C6.48037 7.89464 6.73472 8 6.99994 8H14.5899L6.28994 16.29C6.19621 16.383 6.12182 16.4936 6.07105 16.6154C6.02028 16.7373 5.99414 16.868 5.99414 17C5.99414 17.132 6.02028 17.2627 6.07105 17.3846C6.12182 17.5064 6.19621 17.617 6.28994 17.71C6.3829 17.8037 6.4935 17.8781 6.61536 17.9289C6.73722 17.9797 6.86793 18.0058 6.99994 18.0058C7.13195 18.0058 7.26266 17.9797 7.38452 17.9289C7.50638 17.8781 7.61698 17.8037 7.70994 17.71L15.9999 9.41V17C15.9999 17.2652 16.1053 17.5196 16.2928 17.7071C16.4804 17.8946 16.7347 18 16.9999 18C17.2652 18 17.5195 17.8946 17.707 17.7071C17.8946 17.5196 17.9999 17.2652 17.9999 17V7C17.9984 6.86932 17.9712 6.74022 17.9199 6.62Z\" fill=\"#393939\"><\/path><\/svg>\t\t\t\t\t\t<\/span>\n\t\t\t\t\t\t\t\t\t\t<span class=\"elementor-icon-list-text\">Kasutustingimused<\/span>\n\t\t\t\t\t\t\t\t\t\t\t<\/a>\n\t\t\t\t\t\t\t\t\t<\/li>\n\t\t\t\t\t\t<\/ul>\n\t\t\t\t\t\t<\/div>\n\t\t\t\t<\/div>\n\t\t\t\t<\/div>\n\t\t\t\t<\/div>\n\t\t\t\t\t<\/div>\n\t\t\t\t<\/div>\n\t\t\t\t<\/div>\n\t\t","protected":false},"excerpt":{"rendered":"<p>Uuendatud 30. septembril Addios kasutame oma veebisaidil (https:\/\/addio.eu) k\u00fcpsiseid ja sarnaseid j\u00e4lgimistehnoloogiaid, et parandada teie kasutuskogemust, anal\u00fc\u00fcsida kasutusviise ja tagada meie teenuste t\u00f5hus toimimine. K\u00e4esolev k\u00fcpsiste poliitika selgitab, mis on k\u00fcpsised, kuidas me neid kasutame, millised on teie valikud nende kasutamise osas ja kuidas saate oma k\u00fcpsiste eelistusi hallata. 1. Mis on k\u00fcpsised?K\u00fcpsised on v\u00e4ikesed [&hellip;]<\/p>\n","protected":false},"author":3,"featured_media":0,"parent":0,"menu_order":0,"comment_status":"closed","ping_status":"closed","template":"","meta":{"footnotes":""},"class_list":["post-15527","page","type-page","status-publish","hentry"],"yoast_head":"<!-- This site is optimized with the Yoast SEO plugin v26.0 - https:\/\/yoast.com\/wordpress\/plugins\/seo\/ -->\n<title>K\u00fcpsiste poliitika - Addio Electronics<\/title>\n<meta name=\"robots\" content=\"index, follow, max-snippet:-1, max-image-preview:large, max-video-preview:-1\" \/>\n<link rel=\"canonical\" href=\"https:\/\/addio.eu\/et\/kupsiste-poliitika\/\" \/>\n<meta property=\"og:locale\" content=\"et_EE\" \/>\n<meta property=\"og:type\" content=\"article\" \/>\n<meta property=\"og:title\" content=\"K\u00fcpsiste poliitika - Addio Electronics\" \/>\n<meta property=\"og:description\" content=\"Uuendatud 30. septembril Addios kasutame oma veebisaidil (https:\/\/addio.eu) k\u00fcpsiseid ja sarnaseid j\u00e4lgimistehnoloogiaid, et parandada teie kasutuskogemust, anal\u00fc\u00fcsida kasutusviise ja tagada meie teenuste t\u00f5hus toimimine. K\u00e4esolev k\u00fcpsiste poliitika selgitab, mis on k\u00fcpsised, kuidas me neid kasutame, millised on teie valikud nende kasutamise osas ja kuidas saate oma k\u00fcpsiste eelistusi hallata. 1. Mis on k\u00fcpsised?K\u00fcpsised on v\u00e4ikesed [&hellip;]\" \/>\n<meta property=\"og:url\" content=\"https:\/\/addio.eu\/et\/kupsiste-poliitika\/\" \/>\n<meta property=\"og:site_name\" content=\"Addio Electronics\" \/>\n<meta property=\"article:publisher\" content=\"https:\/\/www.facebook.com\/AddioElectronicsAB\/\" \/>\n<meta property=\"article:modified_time\" content=\"2026-01-29T13:23:55+00:00\" \/>\n<meta name=\"twitter:card\" content=\"summary_large_image\" \/>\n<meta name=\"twitter:label1\" content=\"Est. reading time\" \/>\n\t<meta name=\"twitter:data1\" content=\"4 minut\" \/>\n<script type=\"application\/ld+json\" class=\"yoast-schema-graph\">{\"@context\":\"https:\/\/schema.org\",\"@graph\":[{\"@type\":\"WebPage\",\"@id\":\"https:\/\/addio.eu\/et\/kupsiste-poliitika\/\",\"url\":\"https:\/\/addio.eu\/et\/kupsiste-poliitika\/\",\"name\":\"K\u00fcpsiste poliitika - Addio Electronics\",\"isPartOf\":{\"@id\":\"https:\/\/addio.eu\/et\/#website\"},\"datePublished\":\"2024-10-18T18:10:36+00:00\",\"dateModified\":\"2026-01-29T13:23:55+00:00\",\"breadcrumb\":{\"@id\":\"https:\/\/addio.eu\/et\/kupsiste-poliitika\/#breadcrumb\"},\"inLanguage\":\"et\",\"potentialAction\":[{\"@type\":\"ReadAction\",\"target\":[\"https:\/\/addio.eu\/et\/kupsiste-poliitika\/\"]}]},{\"@type\":\"BreadcrumbList\",\"@id\":\"https:\/\/addio.eu\/et\/kupsiste-poliitika\/#breadcrumb\",\"itemListElement\":[{\"@type\":\"ListItem\",\"position\":1,\"name\":\"Home\",\"item\":\"https:\/\/addio.eu\/et\/addio-esileht\/\"},{\"@type\":\"ListItem\",\"position\":2,\"name\":\"K\u00fcpsiste poliitika\"}]},{\"@type\":\"WebSite\",\"@id\":\"https:\/\/addio.eu\/et\/#website\",\"url\":\"https:\/\/addio.eu\/et\/\",\"name\":\"addio.eu\",\"description\":\"\",\"publisher\":{\"@id\":\"https:\/\/addio.eu\/et\/#organization\"},\"potentialAction\":[{\"@type\":\"SearchAction\",\"target\":{\"@type\":\"EntryPoint\",\"urlTemplate\":\"https:\/\/addio.eu\/et\/?s={search_term_string}\"},\"query-input\":{\"@type\":\"PropertyValueSpecification\",\"valueRequired\":true,\"valueName\":\"search_term_string\"}}],\"inLanguage\":\"et\"},{\"@type\":\"Organization\",\"@id\":\"https:\/\/addio.eu\/et\/#organization\",\"name\":\"Addio Electronics\",\"url\":\"https:\/\/addio.eu\/et\/\",\"logo\":{\"@type\":\"ImageObject\",\"inLanguage\":\"et\",\"@id\":\"https:\/\/addio.eu\/et\/#\/schema\/logo\/image\/\",\"url\":\"https:\/\/addio.eu\/wp-content\/uploads\/2024\/10\/Lager_1-1.svg\",\"contentUrl\":\"https:\/\/addio.eu\/wp-content\/uploads\/2024\/10\/Lager_1-1.svg\",\"width\":89,\"height\":26,\"caption\":\"Addio Electronics\"},\"image\":{\"@id\":\"https:\/\/addio.eu\/et\/#\/schema\/logo\/image\/\"},\"sameAs\":[\"https:\/\/www.facebook.com\/AddioElectronicsAB\/\",\"https:\/\/www.linkedin.com\/company\/addio-electronics-ab\"]}]}<\/script>\n<!-- \/ Yoast SEO plugin. -->","yoast_head_json":{"title":"K\u00fcpsiste poliitika - Addio Electronics","robots":{"index":"index","follow":"follow","max-snippet":"max-snippet:-1","max-image-preview":"max-image-preview:large","max-video-preview":"max-video-preview:-1"},"canonical":"https:\/\/addio.eu\/et\/kupsiste-poliitika\/","og_locale":"et_EE","og_type":"article","og_title":"K\u00fcpsiste poliitika - Addio Electronics","og_description":"Uuendatud 30. septembril Addios kasutame oma veebisaidil (https:\/\/addio.eu) k\u00fcpsiseid ja sarnaseid j\u00e4lgimistehnoloogiaid, et parandada teie kasutuskogemust, anal\u00fc\u00fcsida kasutusviise ja tagada meie teenuste t\u00f5hus toimimine. K\u00e4esolev k\u00fcpsiste poliitika selgitab, mis on k\u00fcpsised, kuidas me neid kasutame, millised on teie valikud nende kasutamise osas ja kuidas saate oma k\u00fcpsiste eelistusi hallata. 1. Mis on k\u00fcpsised?K\u00fcpsised on v\u00e4ikesed [&hellip;]","og_url":"https:\/\/addio.eu\/et\/kupsiste-poliitika\/","og_site_name":"Addio Electronics","article_publisher":"https:\/\/www.facebook.com\/AddioElectronicsAB\/","article_modified_time":"2026-01-29T13:23:55+00:00","twitter_card":"summary_large_image","twitter_misc":{"Est. reading time":"4 minut"},"schema":{"@context":"https:\/\/schema.org","@graph":[{"@type":"WebPage","@id":"https:\/\/addio.eu\/et\/kupsiste-poliitika\/","url":"https:\/\/addio.eu\/et\/kupsiste-poliitika\/","name":"K\u00fcpsiste poliitika - Addio Electronics","isPartOf":{"@id":"https:\/\/addio.eu\/et\/#website"},"datePublished":"2024-10-18T18:10:36+00:00","dateModified":"2026-01-29T13:23:55+00:00","breadcrumb":{"@id":"https:\/\/addio.eu\/et\/kupsiste-poliitika\/#breadcrumb"},"inLanguage":"et","potentialAction":[{"@type":"ReadAction","target":["https:\/\/addio.eu\/et\/kupsiste-poliitika\/"]}]},{"@type":"BreadcrumbList","@id":"https:\/\/addio.eu\/et\/kupsiste-poliitika\/#breadcrumb","itemListElement":[{"@type":"ListItem","position":1,"name":"Home","item":"https:\/\/addio.eu\/et\/addio-esileht\/"},{"@type":"ListItem","position":2,"name":"K\u00fcpsiste poliitika"}]},{"@type":"WebSite","@id":"https:\/\/addio.eu\/et\/#website","url":"https:\/\/addio.eu\/et\/","name":"addio.eu","description":"","publisher":{"@id":"https:\/\/addio.eu\/et\/#organization"},"potentialAction":[{"@type":"SearchAction","target":{"@type":"EntryPoint","urlTemplate":"https:\/\/addio.eu\/et\/?s={search_term_string}"},"query-input":{"@type":"PropertyValueSpecification","valueRequired":true,"valueName":"search_term_string"}}],"inLanguage":"et"},{"@type":"Organization","@id":"https:\/\/addio.eu\/et\/#organization","name":"Addio Electronics","url":"https:\/\/addio.eu\/et\/","logo":{"@type":"ImageObject","inLanguage":"et","@id":"https:\/\/addio.eu\/et\/#\/schema\/logo\/image\/","url":"https:\/\/addio.eu\/wp-content\/uploads\/2024\/10\/Lager_1-1.svg","contentUrl":"https:\/\/addio.eu\/wp-content\/uploads\/2024\/10\/Lager_1-1.svg","width":89,"height":26,"caption":"Addio Electronics"},"image":{"@id":"https:\/\/addio.eu\/et\/#\/schema\/logo\/image\/"},"sameAs":["https:\/\/www.facebook.com\/AddioElectronicsAB\/","https:\/\/www.linkedin.com\/company\/addio-electronics-ab"]}]}},"_links":{"self":[{"href":"https:\/\/addio.eu\/et\/wp-json\/wp\/v2\/pages\/15527","targetHints":{"allow":["GET"]}}],"collection":[{"href":"https:\/\/addio.eu\/et\/wp-json\/wp\/v2\/pages"}],"about":[{"href":"https:\/\/addio.eu\/et\/wp-json\/wp\/v2\/types\/page"}],"author":[{"embeddable":true,"href":"https:\/\/addio.eu\/et\/wp-json\/wp\/v2\/users\/3"}],"replies":[{"embeddable":true,"href":"https:\/\/addio.eu\/et\/wp-json\/wp\/v2\/comments?post=15527"}],"version-history":[{"count":1,"href":"https:\/\/addio.eu\/et\/wp-json\/wp\/v2\/pages\/15527\/revisions"}],"predecessor-version":[{"id":15530,"href":"https:\/\/addio.eu\/et\/wp-json\/wp\/v2\/pages\/15527\/revisions\/15530"}],"wp:attachment":[{"href":"https:\/\/addio.eu\/et\/wp-json\/wp\/v2\/media?parent=15527"}],"curies":[{"name":"wp","href":"https:\/\/api.w.org\/{rel}","templated":true}]}}