{"id":15504,"date":"2024-10-18T20:08:19","date_gmt":"2024-10-18T20:08:19","guid":{"rendered":"https:\/\/addio.eu\/privaatsuspoliitika\/"},"modified":"2026-01-29T13:23:58","modified_gmt":"2026-01-29T13:23:58","slug":"privaatsuspoliitika","status":"publish","type":"page","link":"https:\/\/addio.eu\/et\/privaatsuspoliitika\/","title":{"rendered":"Privaatsuspoliitika"},"content":{"rendered":"\t\t<div data-elementor-type=\"wp-page\" data-elementor-id=\"15504\" class=\"elementor elementor-15504 elementor-2381\" data-elementor-post-type=\"page\">\n\t\t\t\t<div class=\"elementor-element elementor-element-80633f2 e-flex e-con-boxed e-con e-parent\" data-id=\"80633f2\" data-element_type=\"container\">\n\t\t\t\t\t<div class=\"e-con-inner\">\n\t\t<div class=\"elementor-element elementor-element-190492a e-con-full e-flex e-con e-child\" data-id=\"190492a\" data-element_type=\"container\">\n\t\t<div class=\"elementor-element elementor-element-4b1b113 e-con-full e-flex e-con e-child\" data-id=\"4b1b113\" data-element_type=\"container\">\n\t\t\t\t<div class=\"elementor-element elementor-element-351288c elementor-widget elementor-widget-text-editor\" data-id=\"351288c\" data-element_type=\"widget\" data-widget_type=\"text-editor.default\">\n\t\t\t\t<div class=\"elementor-widget-container\">\n\t\t\t\t\t\t\t\t\t<p><strong>Uuendatud 30. septembril<\/strong><\/p><p><strong>Addios oleme p\u00fchendunud teie privaatsuse kaitsmisele ja isikuandmete turvalisuse tagamisele. K\u00e4esolev privaatsuspoliitika kirjeldab, kuidas me kogume, kasutame, s\u00e4ilitame ja kaitseme isikuandmeid, mida kogume oma veebisaidi (<a href=\"https:\/\/addio.eu\/et\/\">https:\/\/addio.eu<\/a>) kaudu ja seoses meie digitaalsete releekarpide m\u00fc\u00fcgiga kogu maailmas. Meie teenuseid kasutades n\u00f5ustute teabe kogumise ja kasutamisega vastavalt k\u00e4esolevale poliitikale.  <\/strong><\/p><p><strong>1. Andmete kogumine ja kasutamine<\/strong><\/p><p><strong>1.1 Isikuandmed<\/strong><br>Kui ostate meilt toote v\u00f5i loote meie veebisaidil konto, kogume ja s\u00e4ilitame tehingu l\u00f5puleviimiseks ja teenuste osutamiseks vajalikke isikuandmeid. See teave v\u00f5ib h\u00f5lmata: <\/p><ul><li>T\u00e4isnimi<\/li><li>E-posti aadress<\/li><li>Arveldus ja tarne<\/li><li>aadress<\/li><li>Makseandmed<\/li><li>Kontakttelefoninumber<\/li><\/ul><p>See teave v\u00f5imaldab meil t\u00f6\u00f6delda teie tellimusi, tarnida teie tooteid ja hallata teie kliendikontot meie platvormil.<\/p><p><strong>1.2 Automaatselt kogutud andmed<br><\/strong>Kasutame k\u00fcpsiseid ja sarnaseid tehnoloogiaid, et parandada teie kasutuskogemust meie veebisaidil. Need tehnoloogiad v\u00f5imaldavad meil: <\/p><ul><li>J\u00e4lgida sirvimistegevust ja kasutaja eelistusi<\/li><li>Parandada veebisaidi funktsionaalsust ja j\u00f5udlust<\/li><li>Koguda anal\u00fc\u00fcsiandmeid kasutajak\u00e4itumise paremaks m\u00f5istmiseks<br><br><\/li><\/ul><p>See teave v\u00f5imaldab meil t\u00f6\u00f6delda teie tellimusi, tarnida teie tooteid ja hallata teie kliendikontot meie platvormil.<\/p><p><strong>2. Konto loomine ja maksete t\u00f6\u00f6tlemine<\/strong><\/p><p><br><strong>2.1 Konto loomine<br><\/strong>Kui teete oma esimese ostu Stripe&#8217;i kaudu, loome teile kliendikonto, et tulevasi tehinguid lihtsustada. P\u00e4rast esmast ostu saate kinnitusmeili. Peate kinnitusprotsessi l\u00e4bima enne, kui saate juurdep\u00e4\u00e4su oma kontole meie kliendiportaalis.<br>Teie konto on kaitstud turvalise parooliga, mille eest vastutate. Palun veenduge, et teie sisselogimisandmed j\u00e4\u00e4vad konfidentsiaalseks, et v\u00e4ltida volitamata juurdep\u00e4\u00e4su teie kontole.   <\/p><p><strong>2.2 Makseandmed<br><\/strong>K\u00f5ik maksed meie veebisaidil t\u00f6\u00f6deldakse turvaliselt Stripe&#8217;i kaudu. Me ei salvesta tundlikke makseandmeid, nagu krediitkaardi numbrid. Stripe vastab t\u00e4ielikult maksekaardit\u00f6\u00f6stuse andmeturbe standardile (PCI DSS), tagades teie makseandmete kaitse.  <\/p><p><strong>3. N\u00f5usolek tingimustega<\/strong><br>Tellimuse esitamiseks, konto loomiseks v\u00f5i meie teenustele juurdep\u00e4\u00e4suks peavad kliendid n\u00f5ustuma meie tingimuste ja k\u00e4esoleva privaatsuspoliitikaga. Tehinguga j\u00e4tkates kinnitate, et olete need tingimused l\u00e4bi lugenud, neist aru saanud ja nendega n\u00f5ustunud. <br><br><strong>4. Andmete jagamine ja rahvusvahelised edastused<br><\/strong>Me ei jaga ega m\u00fc\u00fc isikuandmeid kolmandatele osapooltele turunduslikel v\u00f5i mitteseotud \u00e4rieesm\u00e4rkidel. Teie esitatud andmeid jagatakse kolmandate osapooltega ainult siis, kui see on vajalik tehingu l\u00f5puleviimiseks v\u00f5i juriidiliste n\u00f5uete t\u00e4itmiseks. See h\u00f5lmab:  <\/p><ul><li>Kolmandate osapoolte makset\u00f6\u00f6tlejad (nt Stripe) tehingute haldamiseks<\/li><li>Tarne- ja logistikateenuste pakkujad toodete kohaletoimetamiseks<br><br><\/li><\/ul><p><strong>GDPR-i vastavus<\/strong><br>Kuna asume Euroopa Liidus (EL), j\u00e4rgime me isikuandmete kaitse \u00fcldm\u00e4\u00e4rust (GDPR). Andmete edastamisel v\u00e4ljapoole EL-i\/EMP-d tagame, et teie andmete kaitsmiseks ja kohalike eeskirjade j\u00e4rgimiseks on kehtestatud asjakohased kaitsemeetmed, n\u00e4iteks standardsed lepingutingimused (SCC). <\/p><p><strong>Andmet\u00f6\u00f6tlejad<br><\/strong>K\u00f5ik kolmandatest osapooltest andmet\u00f6\u00f6tlejad, kellega koost\u00f6\u00f6d teeme, on kontrollitud, et tagada nende vastavus meie andmekaitsestandarditele ja kohaldatavatele eeskirjadele.<\/p><p><strong>5. Andmete s\u00e4ilitamine<br><\/strong>S\u00e4ilitame teie isikuandmeid seni, kuni teie konto on aktiivne ja vajalik k\u00e4esolevas poliitikas kirjeldatud eesm\u00e4rkidel. Kui te ei logi oma kontole sisse 24 kuu jooksul, alustame teie konto ja sellega seotud andmete kustutamise protsessi. Enne kustutamisega j\u00e4tkamist teavitame teid e-posti teel ja anname teile 3 kuud aega sisse logimiseks ja kustutamise v\u00e4ltimiseks.  <\/p><p><strong>6. Teie andme\u00f5igused<br><\/strong>GDPR-i ja muude kohaldatavate privaatsusseaduste kohaselt on teil oma isikuandmete osas j\u00e4rgmised \u00f5igused:<\/p><ul><li>Juurdep\u00e4\u00e4su\u00f5igus: Saate taotleda koopia isikuandmetest, mida me teie kohta hoiame.<\/li><li>\u00d5igus andmete parandamisele: Saate taotleda, et me parandaksime ebat\u00e4psed v\u00f5i mittet\u00e4ielikud andmed.<\/li><li>\u00d5igus andmete kustutamisele (\u201e\u00d5igus olla unustatud\u201c): Saate taotleda oma isikuandmete kustutamist, teatud tingimustel.<\/li><li>\u00d5igus andmete \u00fclekantavusele: Saate taotleda koopia oma isikuandmetest struktureeritud, \u00fcldkasutatavas ja masinloetavas vormingus.<\/li><li>\u00d5igus t\u00f6\u00f6tlemise piiramisele: Saate taotleda, et me piiraksime teie andmete t\u00f6\u00f6tlemist teatud asjaoludel.<\/li><li>Vastuv\u00e4ite esitamise \u00f5igus: Saate esitada vastuv\u00e4ite oma andmete t\u00f6\u00f6tlemisele teatud eesm\u00e4rkidel, n\u00e4iteks otseturunduseks.<br><br><\/li><\/ul><p>Oma \u00f5iguste teostamiseks v\u00f5tke meiega \u00fchendust aadressil info@addio.eu. P\u00fc\u00fcame vastata k\u00f5ikidele p\u00e4ringutele 30 p\u00e4eva jooksul. <\/p><p><strong>7. Turvameetmed<\/strong><br>Suhtume teie isikuandmete turvalisusesse t\u00f5siselt ja rakendame nende kaitsmiseks mitmeid meetmeid:<\/p><ul><li>Andmete kr\u00fcpteerimine: Kr\u00fcpteerime tundliku teabe, sealhulgas makseandmed, et tagada turvaline edastus interneti kaudu.<\/li><li>Turvaline juurdep\u00e4\u00e4s: Juurdep\u00e4\u00e4s isikuandmetele on piiratud ainult volitatud personaliga.<br>Regulaarsed auditid: Teostame regulaarselt turvaauditeid ja haavatavuse hindamisi, et tagada meie s\u00fcsteemide turvalisus.<\/li><li>Kahefaktoriline autentimine (2FA): Soovitame kasutajatel lubada 2FA konto turvalisuse lisakihina.<\/li><li>Andmete minimeerimine: Kogume ja s\u00e4ilitame ainult meie \u00e4ritegevuseks ja teenusteks vajalikke andmeid.<br><br><\/li><\/ul><p><strong>8. K\u00fcpsised ja j\u00e4lgimistehnoloogiad<\/strong><br>Kasutame k\u00fcpsiseid kasutajate tegevuse, eelistuste j\u00e4lgimiseks ja teie kasutuskogemuse parandamiseks meie veebisaidil. Saate hallata oma k\u00fcpsiste eelistusi ja n\u00f5usolekut meie <a href=\"https:\/\/addio.eu\/cookie-policy\/\">k\u00fcpsiste poliitika<\/a> kaudu. <\/p><p><strong>9. Klienditugi ja suhtlus<br><\/strong>K\u00f5igi teie andmete v\u00f5i k\u00e4esoleva privaatsuspoliitikaga seotud k\u00fcsimuste, murede v\u00f5i taotluste korral v\u00f5tke \u00fchendust meie klienditoe meeskonnaga aadressil info@addio.eu v\u00f5i k\u00fclastage lisateabe saamiseks meie klienditoe lehte.<\/p><p><strong>Muudatused k\u00e4esolevas privaatsuspoliitikas<br><\/strong>J\u00e4tame endale \u00f5iguse k\u00e4esolevat privaatsuspoliitikat uuendada, et kajastada muudatusi meie tavades, juriidilistes n\u00f5uetes v\u00f5i operatiivsetes vajadustes. K\u00f5ik uuendused postitatakse sellele lehele koos uuendatud j\u00f5ustumiskuup\u00e4evaga. Soovitame seda poliitikat regulaarselt \u00fcle vaadata, et olla kursis sellega, kuidas me teie isikuandmeid kaitseme.  <\/p>\t\t\t\t\t\t\t\t<\/div>\n\t\t\t\t<\/div>\n\t\t\t\t<\/div>\n\t\t<div class=\"elementor-element elementor-element-df3def4 e-con-full e-flex e-con e-child\" data-id=\"df3def4\" data-element_type=\"container\">\n\t\t\t\t<div class=\"elementor-element elementor-element-6840190 elementor-icon-list--layout-traditional elementor-list-item-link-full_width elementor-widget elementor-widget-icon-list\" data-id=\"6840190\" data-element_type=\"widget\" data-widget_type=\"icon-list.default\">\n\t\t\t\t<div class=\"elementor-widget-container\">\n\t\t\t\t\t\t\t<ul class=\"elementor-icon-list-items\">\n\t\t\t\t\t\t\t<li class=\"elementor-icon-list-item\">\n\t\t\t\t\t\t\t\t\t\t\t<a href=\"https:\/\/addio.eu\/cookie-policy\/\">\n\n\t\t\t\t\t\t\t\t\t\t\t\t<span class=\"elementor-icon-list-icon\">\n\t\t\t\t\t\t\t<svg xmlns=\"http:\/\/www.w3.org\/2000\/svg\" width=\"24\" height=\"24\" viewBox=\"0 0 24 24\" fill=\"none\"><path d=\"M17.9199 6.62C17.8185 6.37565 17.6243 6.18147 17.3799 6.08C17.2597 6.02876 17.1306 6.00158 16.9999 6H6.99994C6.73472 6 6.48037 6.10536 6.29283 6.29289C6.1053 6.48043 5.99994 6.73478 5.99994 7C5.99994 7.26522 6.1053 7.51957 6.29283 7.70711C6.48037 7.89464 6.73472 8 6.99994 8H14.5899L6.28994 16.29C6.19621 16.383 6.12182 16.4936 6.07105 16.6154C6.02028 16.7373 5.99414 16.868 5.99414 17C5.99414 17.132 6.02028 17.2627 6.07105 17.3846C6.12182 17.5064 6.19621 17.617 6.28994 17.71C6.3829 17.8037 6.4935 17.8781 6.61536 17.9289C6.73722 17.9797 6.86793 18.0058 6.99994 18.0058C7.13195 18.0058 7.26266 17.9797 7.38452 17.9289C7.50638 17.8781 7.61698 17.8037 7.70994 17.71L15.9999 9.41V17C15.9999 17.2652 16.1053 17.5196 16.2928 17.7071C16.4804 17.8946 16.7347 18 16.9999 18C17.2652 18 17.5195 17.8946 17.707 17.7071C17.8946 17.5196 17.9999 17.2652 17.9999 17V7C17.9984 6.86932 17.9712 6.74022 17.9199 6.62Z\" fill=\"#393939\"><\/path><\/svg>\t\t\t\t\t\t<\/span>\n\t\t\t\t\t\t\t\t\t\t<span class=\"elementor-icon-list-text\">K\u00fcpsiste poliitika<\/span>\n\t\t\t\t\t\t\t\t\t\t\t<\/a>\n\t\t\t\t\t\t\t\t\t<\/li>\n\t\t\t\t\t\t<\/ul>\n\t\t\t\t\t\t<\/div>\n\t\t\t\t<\/div>\n\t\t\t\t<div class=\"elementor-element elementor-element-37f3efb elementor-icon-list--layout-traditional elementor-list-item-link-full_width elementor-widget elementor-widget-icon-list\" data-id=\"37f3efb\" data-element_type=\"widget\" data-widget_type=\"icon-list.default\">\n\t\t\t\t<div class=\"elementor-widget-container\">\n\t\t\t\t\t\t\t<ul class=\"elementor-icon-list-items\">\n\t\t\t\t\t\t\t<li class=\"elementor-icon-list-item\">\n\t\t\t\t\t\t\t\t\t\t\t<span class=\"elementor-icon-list-icon\">\n\t\t\t\t\t\t\t<svg xmlns=\"http:\/\/www.w3.org\/2000\/svg\" width=\"34\" height=\"34\" viewBox=\"0 0 34 34\" fill=\"none\"><g clip-path=\"url(#clip0_102_8520)\"><path d=\"M8.9802 16.6182C8.87917 16.8627 8.87917 17.1373 8.9802 17.3818C9.02898 17.5031 9.10105 17.6136 9.19233 17.7071L16.2634 24.7782C16.4509 24.9657 16.7053 25.0711 16.9705 25.0711C17.2357 25.0711 17.4901 24.9657 17.6776 24.7782C17.8652 24.5906 17.9705 24.3363 17.9705 24.0711C17.9705 23.8058 17.8652 23.5515 17.6776 23.364L12.3107 17.997L24.0416 18.0041C24.1736 18.0046 24.3044 17.979 24.4265 17.9288C24.5485 17.8785 24.6594 17.8046 24.7528 17.7112C24.8461 17.6179 24.9201 17.507 24.9703 17.3849C25.0206 17.2628 25.0462 17.132 25.0457 17C25.0462 16.868 25.0206 16.7372 24.9703 16.6151C24.9201 16.493 24.8461 16.3821 24.7528 16.2888C24.6594 16.1954 24.5485 16.1215 24.4265 16.0712C24.3044 16.021 24.1736 15.9954 24.0416 15.9959L12.3107 16.003L17.6776 10.636C17.8652 10.4485 17.9705 10.1941 17.9705 9.92893C17.9705 9.66371 17.8652 9.40936 17.6776 9.22182C17.4901 9.03429 17.2357 8.92893 16.9705 8.92893C16.7053 8.92893 16.4509 9.03429 16.2634 9.22182L9.19233 16.2929C9.10105 16.3864 9.02898 16.4969 8.9802 16.6182Z\" fill=\"#00DB72\"><\/path><\/g><defs><clipPath id=\"clip0_102_8520\"><rect width=\"24\" height=\"24\" fill=\"white\" transform=\"translate(16.9707 33.9706) rotate(-135)\"><\/rect><\/clipPath><\/defs><\/svg>\t\t\t\t\t\t<\/span>\n\t\t\t\t\t\t\t\t\t\t<span class=\"elementor-icon-list-text\">Privaatsuspoliitika<\/span>\n\t\t\t\t\t\t\t\t\t<\/li>\n\t\t\t\t\t\t<\/ul>\n\t\t\t\t\t\t<\/div>\n\t\t\t\t<\/div>\n\t\t\t\t<div class=\"elementor-element elementor-element-1afe948 elementor-icon-list--layout-traditional elementor-list-item-link-full_width elementor-widget elementor-widget-icon-list\" data-id=\"1afe948\" data-element_type=\"widget\" data-widget_type=\"icon-list.default\">\n\t\t\t\t<div class=\"elementor-widget-container\">\n\t\t\t\t\t\t\t<ul class=\"elementor-icon-list-items\">\n\t\t\t\t\t\t\t<li class=\"elementor-icon-list-item\">\n\t\t\t\t\t\t\t\t\t\t\t<a href=\"https:\/\/addio.eu\/terms-and-conditions\/\">\n\n\t\t\t\t\t\t\t\t\t\t\t\t<span class=\"elementor-icon-list-icon\">\n\t\t\t\t\t\t\t<svg xmlns=\"http:\/\/www.w3.org\/2000\/svg\" width=\"24\" height=\"24\" viewBox=\"0 0 24 24\" fill=\"none\"><path d=\"M17.9199 6.62C17.8185 6.37565 17.6243 6.18147 17.3799 6.08C17.2597 6.02876 17.1306 6.00158 16.9999 6H6.99994C6.73472 6 6.48037 6.10536 6.29283 6.29289C6.1053 6.48043 5.99994 6.73478 5.99994 7C5.99994 7.26522 6.1053 7.51957 6.29283 7.70711C6.48037 7.89464 6.73472 8 6.99994 8H14.5899L6.28994 16.29C6.19621 16.383 6.12182 16.4936 6.07105 16.6154C6.02028 16.7373 5.99414 16.868 5.99414 17C5.99414 17.132 6.02028 17.2627 6.07105 17.3846C6.12182 17.5064 6.19621 17.617 6.28994 17.71C6.3829 17.8037 6.4935 17.8781 6.61536 17.9289C6.73722 17.9797 6.86793 18.0058 6.99994 18.0058C7.13195 18.0058 7.26266 17.9797 7.38452 17.9289C7.50638 17.8781 7.61698 17.8037 7.70994 17.71L15.9999 9.41V17C15.9999 17.2652 16.1053 17.5196 16.2928 17.7071C16.4804 17.8946 16.7347 18 16.9999 18C17.2652 18 17.5195 17.8946 17.707 17.7071C17.8946 17.5196 17.9999 17.2652 17.9999 17V7C17.9984 6.86932 17.9712 6.74022 17.9199 6.62Z\" fill=\"#393939\"><\/path><\/svg>\t\t\t\t\t\t<\/span>\n\t\t\t\t\t\t\t\t\t\t<span class=\"elementor-icon-list-text\">Kasutustingimused<\/span>\n\t\t\t\t\t\t\t\t\t\t\t<\/a>\n\t\t\t\t\t\t\t\t\t<\/li>\n\t\t\t\t\t\t<\/ul>\n\t\t\t\t\t\t<\/div>\n\t\t\t\t<\/div>\n\t\t\t\t<\/div>\n\t\t\t\t<\/div>\n\t\t\t\t\t<\/div>\n\t\t\t\t<\/div>\n\t\t\t\t<\/div>\n\t\t","protected":false},"excerpt":{"rendered":"<p>Uuendatud 30. septembril Addios oleme p\u00fchendunud teie privaatsuse kaitsmisele ja isikuandmete turvalisuse tagamisele. K\u00e4esolev privaatsuspoliitika kirjeldab, kuidas me kogume, kasutame, s\u00e4ilitame ja kaitseme isikuandmeid, mida kogume oma veebisaidi (https:\/\/addio.eu) kaudu ja seoses meie digitaalsete releekarpide m\u00fc\u00fcgiga kogu maailmas. Meie teenuseid kasutades n\u00f5ustute teabe kogumise ja kasutamisega vastavalt k\u00e4esolevale poliitikale. 1. Andmete kogumine ja kasutamine 1.1 [&hellip;]<\/p>\n","protected":false},"author":3,"featured_media":0,"parent":0,"menu_order":0,"comment_status":"closed","ping_status":"closed","template":"","meta":{"footnotes":""},"class_list":["post-15504","page","type-page","status-publish","hentry"],"yoast_head":"<!-- This site is optimized with the Yoast SEO plugin v26.0 - https:\/\/yoast.com\/wordpress\/plugins\/seo\/ -->\n<title>Privaatsuspoliitika - Addio Electronics<\/title>\n<meta name=\"robots\" content=\"index, follow, max-snippet:-1, max-image-preview:large, max-video-preview:-1\" \/>\n<link rel=\"canonical\" href=\"https:\/\/addio.eu\/et\/privaatsuspoliitika\/\" \/>\n<meta property=\"og:locale\" content=\"et_EE\" \/>\n<meta property=\"og:type\" content=\"article\" \/>\n<meta property=\"og:title\" content=\"Privaatsuspoliitika - Addio Electronics\" \/>\n<meta property=\"og:description\" content=\"Uuendatud 30. septembril Addios oleme p\u00fchendunud teie privaatsuse kaitsmisele ja isikuandmete turvalisuse tagamisele. K\u00e4esolev privaatsuspoliitika kirjeldab, kuidas me kogume, kasutame, s\u00e4ilitame ja kaitseme isikuandmeid, mida kogume oma veebisaidi (https:\/\/addio.eu) kaudu ja seoses meie digitaalsete releekarpide m\u00fc\u00fcgiga kogu maailmas. Meie teenuseid kasutades n\u00f5ustute teabe kogumise ja kasutamisega vastavalt k\u00e4esolevale poliitikale. 1. Andmete kogumine ja kasutamine 1.1 [&hellip;]\" \/>\n<meta property=\"og:url\" content=\"https:\/\/addio.eu\/et\/privaatsuspoliitika\/\" \/>\n<meta property=\"og:site_name\" content=\"Addio Electronics\" \/>\n<meta property=\"article:publisher\" content=\"https:\/\/www.facebook.com\/AddioElectronicsAB\/\" \/>\n<meta property=\"article:modified_time\" content=\"2026-01-29T13:23:58+00:00\" \/>\n<meta name=\"twitter:card\" content=\"summary_large_image\" \/>\n<meta name=\"twitter:label1\" content=\"Est. reading time\" \/>\n\t<meta name=\"twitter:data1\" content=\"4 minut\" \/>\n<script type=\"application\/ld+json\" class=\"yoast-schema-graph\">{\"@context\":\"https:\/\/schema.org\",\"@graph\":[{\"@type\":\"WebPage\",\"@id\":\"https:\/\/addio.eu\/et\/privaatsuspoliitika\/\",\"url\":\"https:\/\/addio.eu\/et\/privaatsuspoliitika\/\",\"name\":\"Privaatsuspoliitika - Addio Electronics\",\"isPartOf\":{\"@id\":\"https:\/\/addio.eu\/et\/#website\"},\"datePublished\":\"2024-10-18T20:08:19+00:00\",\"dateModified\":\"2026-01-29T13:23:58+00:00\",\"breadcrumb\":{\"@id\":\"https:\/\/addio.eu\/et\/privaatsuspoliitika\/#breadcrumb\"},\"inLanguage\":\"et\",\"potentialAction\":[{\"@type\":\"ReadAction\",\"target\":[\"https:\/\/addio.eu\/et\/privaatsuspoliitika\/\"]}]},{\"@type\":\"BreadcrumbList\",\"@id\":\"https:\/\/addio.eu\/et\/privaatsuspoliitika\/#breadcrumb\",\"itemListElement\":[{\"@type\":\"ListItem\",\"position\":1,\"name\":\"Home\",\"item\":\"https:\/\/addio.eu\/et\/addio-esileht\/\"},{\"@type\":\"ListItem\",\"position\":2,\"name\":\"Privaatsuspoliitika\"}]},{\"@type\":\"WebSite\",\"@id\":\"https:\/\/addio.eu\/et\/#website\",\"url\":\"https:\/\/addio.eu\/et\/\",\"name\":\"addio.eu\",\"description\":\"\",\"publisher\":{\"@id\":\"https:\/\/addio.eu\/et\/#organization\"},\"potentialAction\":[{\"@type\":\"SearchAction\",\"target\":{\"@type\":\"EntryPoint\",\"urlTemplate\":\"https:\/\/addio.eu\/et\/?s={search_term_string}\"},\"query-input\":{\"@type\":\"PropertyValueSpecification\",\"valueRequired\":true,\"valueName\":\"search_term_string\"}}],\"inLanguage\":\"et\"},{\"@type\":\"Organization\",\"@id\":\"https:\/\/addio.eu\/et\/#organization\",\"name\":\"Addio Electronics\",\"url\":\"https:\/\/addio.eu\/et\/\",\"logo\":{\"@type\":\"ImageObject\",\"inLanguage\":\"et\",\"@id\":\"https:\/\/addio.eu\/et\/#\/schema\/logo\/image\/\",\"url\":\"https:\/\/addio.eu\/wp-content\/uploads\/2024\/10\/Lager_1-1.svg\",\"contentUrl\":\"https:\/\/addio.eu\/wp-content\/uploads\/2024\/10\/Lager_1-1.svg\",\"width\":89,\"height\":26,\"caption\":\"Addio Electronics\"},\"image\":{\"@id\":\"https:\/\/addio.eu\/et\/#\/schema\/logo\/image\/\"},\"sameAs\":[\"https:\/\/www.facebook.com\/AddioElectronicsAB\/\",\"https:\/\/www.linkedin.com\/company\/addio-electronics-ab\"]}]}<\/script>\n<!-- \/ Yoast SEO plugin. -->","yoast_head_json":{"title":"Privaatsuspoliitika - Addio Electronics","robots":{"index":"index","follow":"follow","max-snippet":"max-snippet:-1","max-image-preview":"max-image-preview:large","max-video-preview":"max-video-preview:-1"},"canonical":"https:\/\/addio.eu\/et\/privaatsuspoliitika\/","og_locale":"et_EE","og_type":"article","og_title":"Privaatsuspoliitika - Addio Electronics","og_description":"Uuendatud 30. septembril Addios oleme p\u00fchendunud teie privaatsuse kaitsmisele ja isikuandmete turvalisuse tagamisele. K\u00e4esolev privaatsuspoliitika kirjeldab, kuidas me kogume, kasutame, s\u00e4ilitame ja kaitseme isikuandmeid, mida kogume oma veebisaidi (https:\/\/addio.eu) kaudu ja seoses meie digitaalsete releekarpide m\u00fc\u00fcgiga kogu maailmas. Meie teenuseid kasutades n\u00f5ustute teabe kogumise ja kasutamisega vastavalt k\u00e4esolevale poliitikale. 1. Andmete kogumine ja kasutamine 1.1 [&hellip;]","og_url":"https:\/\/addio.eu\/et\/privaatsuspoliitika\/","og_site_name":"Addio Electronics","article_publisher":"https:\/\/www.facebook.com\/AddioElectronicsAB\/","article_modified_time":"2026-01-29T13:23:58+00:00","twitter_card":"summary_large_image","twitter_misc":{"Est. reading time":"4 minut"},"schema":{"@context":"https:\/\/schema.org","@graph":[{"@type":"WebPage","@id":"https:\/\/addio.eu\/et\/privaatsuspoliitika\/","url":"https:\/\/addio.eu\/et\/privaatsuspoliitika\/","name":"Privaatsuspoliitika - Addio Electronics","isPartOf":{"@id":"https:\/\/addio.eu\/et\/#website"},"datePublished":"2024-10-18T20:08:19+00:00","dateModified":"2026-01-29T13:23:58+00:00","breadcrumb":{"@id":"https:\/\/addio.eu\/et\/privaatsuspoliitika\/#breadcrumb"},"inLanguage":"et","potentialAction":[{"@type":"ReadAction","target":["https:\/\/addio.eu\/et\/privaatsuspoliitika\/"]}]},{"@type":"BreadcrumbList","@id":"https:\/\/addio.eu\/et\/privaatsuspoliitika\/#breadcrumb","itemListElement":[{"@type":"ListItem","position":1,"name":"Home","item":"https:\/\/addio.eu\/et\/addio-esileht\/"},{"@type":"ListItem","position":2,"name":"Privaatsuspoliitika"}]},{"@type":"WebSite","@id":"https:\/\/addio.eu\/et\/#website","url":"https:\/\/addio.eu\/et\/","name":"addio.eu","description":"","publisher":{"@id":"https:\/\/addio.eu\/et\/#organization"},"potentialAction":[{"@type":"SearchAction","target":{"@type":"EntryPoint","urlTemplate":"https:\/\/addio.eu\/et\/?s={search_term_string}"},"query-input":{"@type":"PropertyValueSpecification","valueRequired":true,"valueName":"search_term_string"}}],"inLanguage":"et"},{"@type":"Organization","@id":"https:\/\/addio.eu\/et\/#organization","name":"Addio Electronics","url":"https:\/\/addio.eu\/et\/","logo":{"@type":"ImageObject","inLanguage":"et","@id":"https:\/\/addio.eu\/et\/#\/schema\/logo\/image\/","url":"https:\/\/addio.eu\/wp-content\/uploads\/2024\/10\/Lager_1-1.svg","contentUrl":"https:\/\/addio.eu\/wp-content\/uploads\/2024\/10\/Lager_1-1.svg","width":89,"height":26,"caption":"Addio Electronics"},"image":{"@id":"https:\/\/addio.eu\/et\/#\/schema\/logo\/image\/"},"sameAs":["https:\/\/www.facebook.com\/AddioElectronicsAB\/","https:\/\/www.linkedin.com\/company\/addio-electronics-ab"]}]}},"_links":{"self":[{"href":"https:\/\/addio.eu\/et\/wp-json\/wp\/v2\/pages\/15504","targetHints":{"allow":["GET"]}}],"collection":[{"href":"https:\/\/addio.eu\/et\/wp-json\/wp\/v2\/pages"}],"about":[{"href":"https:\/\/addio.eu\/et\/wp-json\/wp\/v2\/types\/page"}],"author":[{"embeddable":true,"href":"https:\/\/addio.eu\/et\/wp-json\/wp\/v2\/users\/3"}],"replies":[{"embeddable":true,"href":"https:\/\/addio.eu\/et\/wp-json\/wp\/v2\/comments?post=15504"}],"version-history":[{"count":9,"href":"https:\/\/addio.eu\/et\/wp-json\/wp\/v2\/pages\/15504\/revisions"}],"predecessor-version":[{"id":15565,"href":"https:\/\/addio.eu\/et\/wp-json\/wp\/v2\/pages\/15504\/revisions\/15565"}],"wp:attachment":[{"href":"https:\/\/addio.eu\/et\/wp-json\/wp\/v2\/media?parent=15504"}],"curies":[{"name":"wp","href":"https:\/\/api.w.org\/{rel}","templated":true}]}}