{"id":14610,"date":"2025-04-03T08:20:46","date_gmt":"2025-04-03T08:20:46","guid":{"rendered":"https:\/\/addio.eu\/car-electric-ble-remote-rakenduse-privaatsuspoliitika\/"},"modified":"2026-01-23T09:04:39","modified_gmt":"2026-01-23T09:04:39","slug":"car-electric-ble-remote-rakenduse-privaatsuspoliitika","status":"publish","type":"page","link":"https:\/\/addio.eu\/et\/car-electric-ble-remote-rakenduse-privaatsuspoliitika\/","title":{"rendered":"\u201eCar Electric &#8211; BLE Remote\u201c rakenduse privaatsuspoliitika"},"content":{"rendered":"\t\t<div data-elementor-type=\"wp-page\" data-elementor-id=\"14610\" class=\"elementor elementor-14610 elementor-6270\" data-elementor-post-type=\"page\">\n\t\t\t\t<div class=\"elementor-element elementor-element-0c2cb60 e-flex e-con-boxed e-con e-parent\" data-id=\"0c2cb60\" data-element_type=\"container\">\n\t\t\t\t\t<div class=\"e-con-inner\">\n\t\t\t\t<div class=\"elementor-element elementor-element-758cfa2 elementor-widget elementor-widget-heading\" data-id=\"758cfa2\" data-element_type=\"widget\" data-widget_type=\"heading.default\">\n\t\t\t\t<div class=\"elementor-widget-container\">\n\t\t\t\t\t<h1 class=\"elementor-heading-title elementor-size-default\">\u201eCar Electric &#8211; BLE Remote\u201c rakenduse privaatsuspoliitika<\/h1>\t\t\t\t<\/div>\n\t\t\t\t<\/div>\n\t\t<div class=\"elementor-element elementor-element-1f616ec e-con-full e-flex e-con e-child\" data-id=\"1f616ec\" data-element_type=\"container\">\n\t\t<div class=\"elementor-element elementor-element-8e80135 e-con-full e-flex e-con e-child\" data-id=\"8e80135\" data-element_type=\"container\">\n\t\t\t\t<div class=\"elementor-element elementor-element-17537e1 elementor-widget elementor-widget-text-editor\" data-id=\"17537e1\" data-element_type=\"widget\" data-widget_type=\"text-editor.default\">\n\t\t\t\t<div class=\"elementor-widget-container\">\n\t\t\t\t\t\t\t\t\t<p>K\u00e4esoleva rakenduse on arendanud ja haldab Addio Electronics AB. See rakendus kogub oma kasutajatelt isikuandmeid. <\/p><p><br>Seda dokumenti saab viitamiseks printida, kasutades printimisk\u00e4sku mis tahes brauseri seadetes.<\/p><p><br><b>Poliitika kokkuv\u00f5te<br><\/b>Isikuandmeid t\u00f6\u00f6deldakse j\u00e4rgmistel eesm\u00e4rkidel ja j\u00e4rgmiste teenuste abil:<br>Asukohap\u00f5hised interaktsioonid<br>Geolokatsioon ja mittepidev geolokatsioon<br>Isikuandmed: geograafiline asukoht<\/p><p><br><b>T\u00e4ielik poliitika<br><\/b>Addio Electronics AB arendas rakenduse Car Electric &#8211; BLE Remote tasuta rakendusena. Seda TEENUST pakub Addio Electronics AB tasuta ja see on m\u00f5eldud kasutamiseks sellisel kujul, nagu see on. Lisaks on see rakendus v\u00e4lja t\u00f6\u00f6tatud p\u00fchendunud klientidele, kes kasutavad meie elektroonilist toodet nimega Digital Relay Box.  <\/p><p><br>Sellel lehel teavitatakse k\u00fclastajaid meie isikuandmete kogumise, kasutamise ja avaldamise p\u00f5him\u00f5tetest juhul, kui keegi otsustab meie Teenust kasutada.<\/p><p><br>Kui otsustate meie Teenust kasutada, siis n\u00f5ustute teabe kogumise ja kasutamisega vastavalt k\u00e4esolevale poliitikale. Meie kogutud isikuandmeid kasutatakse Teenuse pakkumiseks ja t\u00e4iustamiseks. Me ei kasuta ega jaga teie teavet kellegagi, v\u00e4lja arvatud k\u00e4esolevas privaatsuspoliitikas kirjeldatud juhtudel.  <\/p><p><br>K\u00e4esolevas privaatsuspoliitikas kasutatud terminid on sama t\u00e4hendusega nagu meie Kasutustingimustes, mis on k\u00e4ttesaadavad rakenduses Car Electric &#8211; BLE Remote, v\u00e4lja arvatud juhul, kui k\u00e4esolevas privaatsuspoliitikas on s\u00e4testatud teisiti.<\/p><p><b>Teabe kogumine ja kasutamine<br><\/b>Parema kasutuskogemuse tagamiseks, meie Teenuse kasutamisel, v\u00f5ime paluda teil esitada meile teatud isikut tuvastavat teavet, sealhulgas, kuid mitte ainult, Bluetooth, salvestusruum, geolokatsioon. Meie poolt k\u00fcsitud teavet s\u00e4ilitatakse meie poolt ja kasutatakse vastavalt k\u00e4esolevale privaatsuspoliitikale. <\/p><p><br>Rakendus kasutab kolmandate osapoolte teenuseid, mis v\u00f5ivad koguda teavet teie tuvastamiseks.<br>Link rakenduse kasutatavate kolmandate osapoolte teenusepakkujate privaatsuspoliitikale<br>https:\/\/policies.google.com\/privacy<\/p><p><br><b>Google Play Services<\/b><\/p><p><b>Logiandmed<br><\/b>Soovime teid teavitada, et iga kord, kui kasutate meie Teenust, kogume rakenduse vea korral teie telefonist andmeid ja teavet (kolmandate osapoolte toodete kaudu), mida nimetatakse logiandmeteks. Need logiandmed v\u00f5ivad sisaldada teavet, nagu teie seadme internetiprotokolli (\u201eIP\u201c) aadress, seadme nimi, operatsioonis\u00fcsteemi versioon, rakenduse konfiguratsioon meie Teenuse kasutamisel, Teenuse kasutamise aeg ja kuup\u00e4ev ning muud statistikad. <\/p><p><b>K\u00fcpsised<\/b><br>K\u00fcpsised on v\u00e4ikese andmemahuga failid, mida kasutatakse tavaliselt anon\u00fc\u00fcmsete unikaalsete identifikaatoritena. Need saadetakse teie brauserisse k\u00fclastatavatelt veebisaitidelt ja salvestatakse teie seadme sisem\u00e4llu.<br>See Teenus ei kasuta neid \u201ek\u00fcpsiseid\u201c otseselt. Rakendus v\u00f5ib aga kasutada kolmandate osapoolte koodi ja teeke, mis kasutavad \u201ek\u00fcpsiseid\u201c teabe kogumiseks ja oma teenuste t\u00e4iustamiseks. Teil on v\u00f5imalus neid k\u00fcpsiseid kas aktsepteerida v\u00f5i keelduda ning teada, millal k\u00fcpsis teie seadmesse saadetakse. Kui otsustate meie k\u00fcpsistest keelduda, ei pruugi te saada kasutada Teenuse teatud osi.    <\/p><p><b>Teenusepakkujad<br><\/b>V\u00f5ime kasutada kolmandate osapoolte ettev\u00f5tteid ja isikuid j\u00e4rgmistel p\u00f5hjustel:<br>Meie Teenuse h\u00f5lbustamiseks;<br>Teenuse pakkumiseks meie nimel;<br>Teenusega seotud teenuste osutamiseks; v\u00f5i<br>Aitamaks meil anal\u00fc\u00fcsida, kuidas meie Teenust kasutatakse.<br>Soovime teavitada selle Teenuse kasutajaid, et neil kolmandatel osapooltel on juurdep\u00e4\u00e4s teie isikuandmetele. P\u00f5hjus on t\u00e4ita neile meie nimel m\u00e4\u00e4ratud \u00fclesandeid. Nad on aga kohustatud teavet mitte avaldama ega kasutama muul eesm\u00e4rgil.  <\/p><p><b>Turvalisus<\/b><br>Hindame teie usaldust meie isikuandmete edastamisel, seet\u00f5ttu p\u00fc\u00fcame kasutada selle kaitsmiseks kaubanduslikult vastuv\u00f5etavaid vahendeid. Kuid pidage meeles, et \u00fckski interneti kaudu edastamise meetod ega elektroonilise salvestamise meetod ei ole 100% turvaline ja usaldusv\u00e4\u00e4rne ning me ei saa garanteerida selle absoluutset turvalisust. <\/p><p><b>Lingid teistele saitidele<br><\/b>See Teenus v\u00f5ib sisaldada linke teistele saitidele. Kui kl\u00f5psate kolmanda osapoole lingil, suunatakse teid sellele saidile. Pange t\u00e4hele, et neid v\u00e4liseid saite ei halda meie. Seet\u00f5ttu soovitame tungivalt teil tutvuda nende veebisaitide privaatsuspoliitikaga. Meil puudub kontroll ja me ei v\u00f5ta vastutust kolmandate osapoolte saitide v\u00f5i teenuste sisu, privaatsuspoliitikate ega tavade eest.    <\/p><p><b>Laste privaatsus<br><\/b>Need Teenused ei ole m\u00f5eldud alla 13-aastastele isikutele. Me ei kogu teadlikult isikut tuvastavat teavet alla 13-aastastelt lastelt. Juhul, kui avastame, et alla 13-aastane laps on meile isikuandmeid edastanud, kustutame need koheselt oma serveritest. Kui olete lapsevanem v\u00f5i eestkostja ja olete teadlik, et teie laps on meile isikuandmeid edastanud, v\u00f5tke meiega \u00fchendust, et saaksime v\u00f5tta vajalikke meetmeid.   <\/p><p><b>Muudatused k\u00e4esolevas privaatsuspoliitikas<br><\/b>V\u00f5ime oma privaatsuspoliitikat aeg-ajalt uuendada. Seet\u00f5ttu soovitame teil seda lehte perioodiliselt muudatuste osas \u00fcle vaadata. Teavitame teid k\u00f5igist muudatustest, postitades uue privaatsuspoliitika sellele lehele.<br>See poliitika j\u00f5ustub alates 28.02.2022.  <\/p><p><b>V\u00f5tke meiega \u00fchendust<br><\/b>Kui teil on k\u00fcsimusi v\u00f5i ettepanekuid meie privaatsuspoliitika kohta, \u00e4rge k\u00f5helge meiega \u00fchendust v\u00f5tmast aadressil info@addio.eu.<\/p>\t\t\t\t\t\t\t\t<\/div>\n\t\t\t\t<\/div>\n\t\t\t\t<\/div>\n\t\t<div class=\"elementor-element elementor-element-1c4e995 e-con-full e-flex e-con e-child\" data-id=\"1c4e995\" data-element_type=\"container\">\n\t\t\t\t<div class=\"elementor-element elementor-element-37670bc elementor-icon-list--layout-traditional elementor-list-item-link-full_width elementor-widget elementor-widget-icon-list\" data-id=\"37670bc\" data-element_type=\"widget\" data-widget_type=\"icon-list.default\">\n\t\t\t\t<div class=\"elementor-widget-container\">\n\t\t\t\t\t\t\t<ul class=\"elementor-icon-list-items\">\n\t\t\t\t\t\t\t<li class=\"elementor-icon-list-item\">\n\t\t\t\t\t\t\t\t\t\t\t<a href=\"https:\/\/addio.eu\/cookie-policy\/\">\n\n\t\t\t\t\t\t\t\t\t\t\t\t<span class=\"elementor-icon-list-icon\">\n\t\t\t\t\t\t\t<svg xmlns=\"http:\/\/www.w3.org\/2000\/svg\" width=\"24\" height=\"24\" viewBox=\"0 0 24 24\" fill=\"none\"><path d=\"M17.9199 6.62C17.8185 6.37565 17.6243 6.18147 17.3799 6.08C17.2597 6.02876 17.1306 6.00158 16.9999 6H6.99994C6.73472 6 6.48037 6.10536 6.29283 6.29289C6.1053 6.48043 5.99994 6.73478 5.99994 7C5.99994 7.26522 6.1053 7.51957 6.29283 7.70711C6.48037 7.89464 6.73472 8 6.99994 8H14.5899L6.28994 16.29C6.19621 16.383 6.12182 16.4936 6.07105 16.6154C6.02028 16.7373 5.99414 16.868 5.99414 17C5.99414 17.132 6.02028 17.2627 6.07105 17.3846C6.12182 17.5064 6.19621 17.617 6.28994 17.71C6.3829 17.8037 6.4935 17.8781 6.61536 17.9289C6.73722 17.9797 6.86793 18.0058 6.99994 18.0058C7.13195 18.0058 7.26266 17.9797 7.38452 17.9289C7.50638 17.8781 7.61698 17.8037 7.70994 17.71L15.9999 9.41V17C15.9999 17.2652 16.1053 17.5196 16.2928 17.7071C16.4804 17.8946 16.7347 18 16.9999 18C17.2652 18 17.5195 17.8946 17.707 17.7071C17.8946 17.5196 17.9999 17.2652 17.9999 17V7C17.9984 6.86932 17.9712 6.74022 17.9199 6.62Z\" fill=\"#393939\"><\/path><\/svg>\t\t\t\t\t\t<\/span>\n\t\t\t\t\t\t\t\t\t\t<span class=\"elementor-icon-list-text\">K\u00fcpsiste poliitika<\/span>\n\t\t\t\t\t\t\t\t\t\t\t<\/a>\n\t\t\t\t\t\t\t\t\t<\/li>\n\t\t\t\t\t\t<\/ul>\n\t\t\t\t\t\t<\/div>\n\t\t\t\t<\/div>\n\t\t\t\t<div class=\"elementor-element elementor-element-270a44c elementor-icon-list--layout-traditional elementor-list-item-link-full_width elementor-widget elementor-widget-icon-list\" data-id=\"270a44c\" data-element_type=\"widget\" data-widget_type=\"icon-list.default\">\n\t\t\t\t<div class=\"elementor-widget-container\">\n\t\t\t\t\t\t\t<ul class=\"elementor-icon-list-items\">\n\t\t\t\t\t\t\t<li class=\"elementor-icon-list-item\">\n\t\t\t\t\t\t\t\t\t\t\t<a href=\"https:\/\/addio.eu\/privacy-policy\/\">\n\n\t\t\t\t\t\t\t\t\t\t\t\t<span class=\"elementor-icon-list-icon\">\n\t\t\t\t\t\t\t<svg xmlns=\"http:\/\/www.w3.org\/2000\/svg\" width=\"24\" height=\"24\" viewBox=\"0 0 24 24\" fill=\"none\"><path d=\"M17.9199 6.62C17.8185 6.37565 17.6243 6.18147 17.3799 6.08C17.2597 6.02876 17.1306 6.00158 16.9999 6H6.99994C6.73472 6 6.48037 6.10536 6.29283 6.29289C6.1053 6.48043 5.99994 6.73478 5.99994 7C5.99994 7.26522 6.1053 7.51957 6.29283 7.70711C6.48037 7.89464 6.73472 8 6.99994 8H14.5899L6.28994 16.29C6.19621 16.383 6.12182 16.4936 6.07105 16.6154C6.02028 16.7373 5.99414 16.868 5.99414 17C5.99414 17.132 6.02028 17.2627 6.07105 17.3846C6.12182 17.5064 6.19621 17.617 6.28994 17.71C6.3829 17.8037 6.4935 17.8781 6.61536 17.9289C6.73722 17.9797 6.86793 18.0058 6.99994 18.0058C7.13195 18.0058 7.26266 17.9797 7.38452 17.9289C7.50638 17.8781 7.61698 17.8037 7.70994 17.71L15.9999 9.41V17C15.9999 17.2652 16.1053 17.5196 16.2928 17.7071C16.4804 17.8946 16.7347 18 16.9999 18C17.2652 18 17.5195 17.8946 17.707 17.7071C17.8946 17.5196 17.9999 17.2652 17.9999 17V7C17.9984 6.86932 17.9712 6.74022 17.9199 6.62Z\" fill=\"#393939\"><\/path><\/svg>\t\t\t\t\t\t<\/span>\n\t\t\t\t\t\t\t\t\t\t<span class=\"elementor-icon-list-text\">Privaatsuspoliitika<\/span>\n\t\t\t\t\t\t\t\t\t\t\t<\/a>\n\t\t\t\t\t\t\t\t\t<\/li>\n\t\t\t\t\t\t<\/ul>\n\t\t\t\t\t\t<\/div>\n\t\t\t\t<\/div>\n\t\t\t\t<div class=\"elementor-element elementor-element-8af7789 elementor-icon-list--layout-traditional elementor-list-item-link-full_width elementor-widget elementor-widget-icon-list\" data-id=\"8af7789\" data-element_type=\"widget\" data-widget_type=\"icon-list.default\">\n\t\t\t\t<div class=\"elementor-widget-container\">\n\t\t\t\t\t\t\t<ul class=\"elementor-icon-list-items\">\n\t\t\t\t\t\t\t<li class=\"elementor-icon-list-item\">\n\t\t\t\t\t\t\t\t\t\t\t<a href=\"https:\/\/addio.eu\/terms-and-conditions\/\">\n\n\t\t\t\t\t\t\t\t\t\t\t\t<span class=\"elementor-icon-list-icon\">\n\t\t\t\t\t\t\t<svg xmlns=\"http:\/\/www.w3.org\/2000\/svg\" width=\"24\" height=\"24\" viewBox=\"0 0 24 24\" fill=\"none\"><path d=\"M17.9199 6.62C17.8185 6.37565 17.6243 6.18147 17.3799 6.08C17.2597 6.02876 17.1306 6.00158 16.9999 6H6.99994C6.73472 6 6.48037 6.10536 6.29283 6.29289C6.1053 6.48043 5.99994 6.73478 5.99994 7C5.99994 7.26522 6.1053 7.51957 6.29283 7.70711C6.48037 7.89464 6.73472 8 6.99994 8H14.5899L6.28994 16.29C6.19621 16.383 6.12182 16.4936 6.07105 16.6154C6.02028 16.7373 5.99414 16.868 5.99414 17C5.99414 17.132 6.02028 17.2627 6.07105 17.3846C6.12182 17.5064 6.19621 17.617 6.28994 17.71C6.3829 17.8037 6.4935 17.8781 6.61536 17.9289C6.73722 17.9797 6.86793 18.0058 6.99994 18.0058C7.13195 18.0058 7.26266 17.9797 7.38452 17.9289C7.50638 17.8781 7.61698 17.8037 7.70994 17.71L15.9999 9.41V17C15.9999 17.2652 16.1053 17.5196 16.2928 17.7071C16.4804 17.8946 16.7347 18 16.9999 18C17.2652 18 17.5195 17.8946 17.707 17.7071C17.8946 17.5196 17.9999 17.2652 17.9999 17V7C17.9984 6.86932 17.9712 6.74022 17.9199 6.62Z\" fill=\"#393939\"><\/path><\/svg>\t\t\t\t\t\t<\/span>\n\t\t\t\t\t\t\t\t\t\t<span class=\"elementor-icon-list-text\">Kasutustingimused<\/span>\n\t\t\t\t\t\t\t\t\t\t\t<\/a>\n\t\t\t\t\t\t\t\t\t<\/li>\n\t\t\t\t\t\t<\/ul>\n\t\t\t\t\t\t<\/div>\n\t\t\t\t<\/div>\n\t\t\t\t<\/div>\n\t\t\t\t<\/div>\n\t\t\t\t\t<\/div>\n\t\t\t\t<\/div>\n\t\t\t\t<\/div>\n\t\t","protected":false},"excerpt":{"rendered":"<p>K\u00e4esoleva rakenduse on arendanud ja haldab Addio Electronics AB. See rakendus kogub oma kasutajatelt isikuandmeid. Seda dokumenti saab viitamiseks printida, kasutades printimisk\u00e4sku mis tahes brauseri seadetes. Poliitika kokkuv\u00f5teIsikuandmeid t\u00f6\u00f6deldakse j\u00e4rgmistel eesm\u00e4rkidel ja j\u00e4rgmiste teenuste abil:Asukohap\u00f5hised interaktsioonidGeolokatsioon ja mittepidev geolokatsioonIsikuandmed: geograafiline asukoht T\u00e4ielik poliitikaAddio Electronics AB arendas rakenduse Car Electric &#8211; BLE Remote tasuta rakendusena. Seda [&hellip;]<\/p>\n","protected":false},"author":1,"featured_media":0,"parent":0,"menu_order":0,"comment_status":"closed","ping_status":"closed","template":"","meta":{"footnotes":""},"class_list":["post-14610","page","type-page","status-publish","hentry"],"yoast_head":"<!-- This site is optimized with the Yoast SEO plugin v26.0 - https:\/\/yoast.com\/wordpress\/plugins\/seo\/ -->\n<title>\u201eCar Electric - BLE Remote\u201c rakenduse privaatsuspoliitika - Addio Electronics<\/title>\n<meta name=\"robots\" content=\"index, follow, max-snippet:-1, max-image-preview:large, max-video-preview:-1\" \/>\n<link rel=\"canonical\" href=\"https:\/\/addio.eu\/et\/car-electric-ble-remote-rakenduse-privaatsuspoliitika\/\" \/>\n<meta property=\"og:locale\" content=\"et_EE\" \/>\n<meta property=\"og:type\" content=\"article\" \/>\n<meta property=\"og:title\" content=\"\u201eCar Electric - BLE Remote\u201c rakenduse privaatsuspoliitika - Addio Electronics\" \/>\n<meta property=\"og:description\" content=\"K\u00e4esoleva rakenduse on arendanud ja haldab Addio Electronics AB. See rakendus kogub oma kasutajatelt isikuandmeid. Seda dokumenti saab viitamiseks printida, kasutades printimisk\u00e4sku mis tahes brauseri seadetes. Poliitika kokkuv\u00f5teIsikuandmeid t\u00f6\u00f6deldakse j\u00e4rgmistel eesm\u00e4rkidel ja j\u00e4rgmiste teenuste abil:Asukohap\u00f5hised interaktsioonidGeolokatsioon ja mittepidev geolokatsioonIsikuandmed: geograafiline asukoht T\u00e4ielik poliitikaAddio Electronics AB arendas rakenduse Car Electric &#8211; BLE Remote tasuta rakendusena. Seda [&hellip;]\" \/>\n<meta property=\"og:url\" content=\"https:\/\/addio.eu\/et\/car-electric-ble-remote-rakenduse-privaatsuspoliitika\/\" \/>\n<meta property=\"og:site_name\" content=\"Addio Electronics\" \/>\n<meta property=\"article:publisher\" content=\"https:\/\/www.facebook.com\/AddioElectronicsAB\/\" \/>\n<meta property=\"article:modified_time\" content=\"2026-01-23T09:04:39+00:00\" \/>\n<meta name=\"twitter:card\" content=\"summary_large_image\" \/>\n<meta name=\"twitter:label1\" content=\"Est. reading time\" \/>\n\t<meta name=\"twitter:data1\" content=\"4 minut\" \/>\n<script type=\"application\/ld+json\" class=\"yoast-schema-graph\">{\"@context\":\"https:\/\/schema.org\",\"@graph\":[{\"@type\":\"WebPage\",\"@id\":\"https:\/\/addio.eu\/et\/car-electric-ble-remote-rakenduse-privaatsuspoliitika\/\",\"url\":\"https:\/\/addio.eu\/et\/car-electric-ble-remote-rakenduse-privaatsuspoliitika\/\",\"name\":\"\u201eCar Electric - BLE Remote\u201c rakenduse privaatsuspoliitika - Addio Electronics\",\"isPartOf\":{\"@id\":\"https:\/\/addio.eu\/et\/#website\"},\"datePublished\":\"2025-04-03T08:20:46+00:00\",\"dateModified\":\"2026-01-23T09:04:39+00:00\",\"breadcrumb\":{\"@id\":\"https:\/\/addio.eu\/et\/car-electric-ble-remote-rakenduse-privaatsuspoliitika\/#breadcrumb\"},\"inLanguage\":\"et\",\"potentialAction\":[{\"@type\":\"ReadAction\",\"target\":[\"https:\/\/addio.eu\/et\/car-electric-ble-remote-rakenduse-privaatsuspoliitika\/\"]}]},{\"@type\":\"BreadcrumbList\",\"@id\":\"https:\/\/addio.eu\/et\/car-electric-ble-remote-rakenduse-privaatsuspoliitika\/#breadcrumb\",\"itemListElement\":[{\"@type\":\"ListItem\",\"position\":1,\"name\":\"Home\",\"item\":\"https:\/\/addio.eu\/et\/addio-esileht\/\"},{\"@type\":\"ListItem\",\"position\":2,\"name\":\"\u201eCar Electric &#8211; BLE Remote\u201c rakenduse privaatsuspoliitika\"}]},{\"@type\":\"WebSite\",\"@id\":\"https:\/\/addio.eu\/et\/#website\",\"url\":\"https:\/\/addio.eu\/et\/\",\"name\":\"addio.eu\",\"description\":\"\",\"publisher\":{\"@id\":\"https:\/\/addio.eu\/et\/#organization\"},\"potentialAction\":[{\"@type\":\"SearchAction\",\"target\":{\"@type\":\"EntryPoint\",\"urlTemplate\":\"https:\/\/addio.eu\/et\/?s={search_term_string}\"},\"query-input\":{\"@type\":\"PropertyValueSpecification\",\"valueRequired\":true,\"valueName\":\"search_term_string\"}}],\"inLanguage\":\"et\"},{\"@type\":\"Organization\",\"@id\":\"https:\/\/addio.eu\/et\/#organization\",\"name\":\"Addio Electronics\",\"url\":\"https:\/\/addio.eu\/et\/\",\"logo\":{\"@type\":\"ImageObject\",\"inLanguage\":\"et\",\"@id\":\"https:\/\/addio.eu\/et\/#\/schema\/logo\/image\/\",\"url\":\"https:\/\/addio.eu\/wp-content\/uploads\/2024\/10\/Lager_1-1.svg\",\"contentUrl\":\"https:\/\/addio.eu\/wp-content\/uploads\/2024\/10\/Lager_1-1.svg\",\"width\":89,\"height\":26,\"caption\":\"Addio Electronics\"},\"image\":{\"@id\":\"https:\/\/addio.eu\/et\/#\/schema\/logo\/image\/\"},\"sameAs\":[\"https:\/\/www.facebook.com\/AddioElectronicsAB\/\",\"https:\/\/www.linkedin.com\/company\/addio-electronics-ab\"]}]}<\/script>\n<!-- \/ Yoast SEO plugin. -->","yoast_head_json":{"title":"\u201eCar Electric - BLE Remote\u201c rakenduse privaatsuspoliitika - Addio Electronics","robots":{"index":"index","follow":"follow","max-snippet":"max-snippet:-1","max-image-preview":"max-image-preview:large","max-video-preview":"max-video-preview:-1"},"canonical":"https:\/\/addio.eu\/et\/car-electric-ble-remote-rakenduse-privaatsuspoliitika\/","og_locale":"et_EE","og_type":"article","og_title":"\u201eCar Electric - BLE Remote\u201c rakenduse privaatsuspoliitika - Addio Electronics","og_description":"K\u00e4esoleva rakenduse on arendanud ja haldab Addio Electronics AB. See rakendus kogub oma kasutajatelt isikuandmeid. Seda dokumenti saab viitamiseks printida, kasutades printimisk\u00e4sku mis tahes brauseri seadetes. Poliitika kokkuv\u00f5teIsikuandmeid t\u00f6\u00f6deldakse j\u00e4rgmistel eesm\u00e4rkidel ja j\u00e4rgmiste teenuste abil:Asukohap\u00f5hised interaktsioonidGeolokatsioon ja mittepidev geolokatsioonIsikuandmed: geograafiline asukoht T\u00e4ielik poliitikaAddio Electronics AB arendas rakenduse Car Electric &#8211; BLE Remote tasuta rakendusena. Seda [&hellip;]","og_url":"https:\/\/addio.eu\/et\/car-electric-ble-remote-rakenduse-privaatsuspoliitika\/","og_site_name":"Addio Electronics","article_publisher":"https:\/\/www.facebook.com\/AddioElectronicsAB\/","article_modified_time":"2026-01-23T09:04:39+00:00","twitter_card":"summary_large_image","twitter_misc":{"Est. reading time":"4 minut"},"schema":{"@context":"https:\/\/schema.org","@graph":[{"@type":"WebPage","@id":"https:\/\/addio.eu\/et\/car-electric-ble-remote-rakenduse-privaatsuspoliitika\/","url":"https:\/\/addio.eu\/et\/car-electric-ble-remote-rakenduse-privaatsuspoliitika\/","name":"\u201eCar Electric - BLE Remote\u201c rakenduse privaatsuspoliitika - Addio Electronics","isPartOf":{"@id":"https:\/\/addio.eu\/et\/#website"},"datePublished":"2025-04-03T08:20:46+00:00","dateModified":"2026-01-23T09:04:39+00:00","breadcrumb":{"@id":"https:\/\/addio.eu\/et\/car-electric-ble-remote-rakenduse-privaatsuspoliitika\/#breadcrumb"},"inLanguage":"et","potentialAction":[{"@type":"ReadAction","target":["https:\/\/addio.eu\/et\/car-electric-ble-remote-rakenduse-privaatsuspoliitika\/"]}]},{"@type":"BreadcrumbList","@id":"https:\/\/addio.eu\/et\/car-electric-ble-remote-rakenduse-privaatsuspoliitika\/#breadcrumb","itemListElement":[{"@type":"ListItem","position":1,"name":"Home","item":"https:\/\/addio.eu\/et\/addio-esileht\/"},{"@type":"ListItem","position":2,"name":"\u201eCar Electric &#8211; BLE Remote\u201c rakenduse privaatsuspoliitika"}]},{"@type":"WebSite","@id":"https:\/\/addio.eu\/et\/#website","url":"https:\/\/addio.eu\/et\/","name":"addio.eu","description":"","publisher":{"@id":"https:\/\/addio.eu\/et\/#organization"},"potentialAction":[{"@type":"SearchAction","target":{"@type":"EntryPoint","urlTemplate":"https:\/\/addio.eu\/et\/?s={search_term_string}"},"query-input":{"@type":"PropertyValueSpecification","valueRequired":true,"valueName":"search_term_string"}}],"inLanguage":"et"},{"@type":"Organization","@id":"https:\/\/addio.eu\/et\/#organization","name":"Addio Electronics","url":"https:\/\/addio.eu\/et\/","logo":{"@type":"ImageObject","inLanguage":"et","@id":"https:\/\/addio.eu\/et\/#\/schema\/logo\/image\/","url":"https:\/\/addio.eu\/wp-content\/uploads\/2024\/10\/Lager_1-1.svg","contentUrl":"https:\/\/addio.eu\/wp-content\/uploads\/2024\/10\/Lager_1-1.svg","width":89,"height":26,"caption":"Addio Electronics"},"image":{"@id":"https:\/\/addio.eu\/et\/#\/schema\/logo\/image\/"},"sameAs":["https:\/\/www.facebook.com\/AddioElectronicsAB\/","https:\/\/www.linkedin.com\/company\/addio-electronics-ab"]}]}},"_links":{"self":[{"href":"https:\/\/addio.eu\/et\/wp-json\/wp\/v2\/pages\/14610","targetHints":{"allow":["GET"]}}],"collection":[{"href":"https:\/\/addio.eu\/et\/wp-json\/wp\/v2\/pages"}],"about":[{"href":"https:\/\/addio.eu\/et\/wp-json\/wp\/v2\/types\/page"}],"author":[{"embeddable":true,"href":"https:\/\/addio.eu\/et\/wp-json\/wp\/v2\/users\/1"}],"replies":[{"embeddable":true,"href":"https:\/\/addio.eu\/et\/wp-json\/wp\/v2\/comments?post=14610"}],"version-history":[{"count":1,"href":"https:\/\/addio.eu\/et\/wp-json\/wp\/v2\/pages\/14610\/revisions"}],"predecessor-version":[{"id":14611,"href":"https:\/\/addio.eu\/et\/wp-json\/wp\/v2\/pages\/14610\/revisions\/14611"}],"wp:attachment":[{"href":"https:\/\/addio.eu\/et\/wp-json\/wp\/v2\/media?parent=14610"}],"curies":[{"name":"wp","href":"https:\/\/api.w.org\/{rel}","templated":true}]}}