{"id":12983,"date":"2025-03-24T09:47:26","date_gmt":"2025-03-24T09:47:26","guid":{"rendered":"https:\/\/addio.eu\/product\/drb-9012-8-std\/"},"modified":"2026-02-10T16:48:17","modified_gmt":"2026-02-10T16:48:17","slug":"drb-9012-8-std","status":"publish","type":"product","link":"https:\/\/addio.eu\/es\/producto\/drb-9012-8-std\/","title":{"rendered":"DRB 9012-8 STD"},"content":{"rendered":"<table width=\"310\">\n<tbody>\n<tr>\n<td width=\"234\">Modelo<\/td>\n<td width=\"76\">DRB-9012-8 STD<\/td>\n<\/tr>\n<tr>\n<td width=\"234\">Fuente de alimentaci\u00f3n<\/td>\n<td width=\"76\">10-22 VCC<\/td>\n<\/tr>\n<tr>\n<td width=\"234\">Consumo de energ\u00eda interno (aproximadamente) Modo normal sin salida activa \/ Modo de suspensi\u00f3n<\/td>\n<td width=\"76\">~30mA\/~6mA<\/td>\n<\/tr>\n<tr>\n<td width=\"234\">Protecci\u00f3n contra subtensi\u00f3n (ajustable)<\/td>\n<td width=\"76\">10-13V, pasos de 0.5V<\/td>\n<\/tr>\n<tr>\n<td width=\"234\">Protecci\u00f3n contra sobretensi\u00f3n (ajustable)<\/td>\n<td width=\"76\">16-26V, pasos de 2V<\/td>\n<\/tr>\n<tr>\n<td width=\"234\">Corriente m\u00e1xima total 1 minuto<\/td>\n<td width=\"76\">90A<\/td>\n<\/tr>\n<tr>\n<td width=\"234\">Corriente m\u00e1xima total continua<\/td>\n<td width=\"76\">70A<\/td>\n<\/tr>\n<tr>\n<td width=\"234\">N\u00famero total de entradas<\/td>\n<td width=\"76\">8 unidades<\/td>\n<\/tr>\n<tr>\n<td width=\"234\">Entradas digitales<\/td>\n<td width=\"76\">8 de 8 unidades<\/td>\n<\/tr>\n<tr>\n<td width=\"234\">Entradas anal\u00f3gicas<\/td>\n<td width=\"76\">4 de 8 unidades<\/td>\n<\/tr>\n<tr>\n<td width=\"234\">Resistencia de entrada @12V<\/td>\n<td width=\"76\">22k\u03a9<\/td>\n<\/tr>\n<tr>\n<td width=\"234\">Conexiones de entradas (terminales de tornillo enchufables)<\/td>\n<td width=\"76\">10 polos incl. +\/-<\/td>\n<\/tr>\n<tr>\n<td width=\"234\">N\u00famero de salidas<\/td>\n<td width=\"76\">8 unidades<\/td>\n<\/tr>\n<tr>\n<td width=\"234\">Conexiones de salida<\/td>\n<td width=\"76\">Conector de crimpado de cable<\/td>\n<\/tr>\n<tr>\n<td width=\"234\">Tama\u00f1o del fusible A, salidas<\/td>\n<td width=\"76\">5, 10, 15, 20, (25 solo U7, U8)<\/td>\n<\/tr>\n<tr>\n<td width=\"234\">Conexi\u00f3n de la fuente de alimentaci\u00f3n<\/td>\n<td width=\"76\">Tuerca M5<\/td>\n<\/tr>\n<tr>\n<td width=\"234\">Bluetooth<\/td>\n<td width=\"76\">No<\/td>\n<\/tr>\n<tr>\n<td width=\"234\">Control del motor Puente H (corriente preliminar)<\/td>\n<td width=\"76\">No<\/td>\n<\/tr>\n<tr>\n<td width=\"234\">Indicaci\u00f3n de error<\/td>\n<td width=\"76\">LED RGB compartido<\/td>\n<\/tr>\n<tr>\n<td width=\"234\">Led por salida (color ajustable)<\/td>\n<td width=\"76\">No<\/td>\n<\/tr>\n<tr>\n<td width=\"234\">Bus de comunicaci\u00f3n (bus CAN)<\/td>\n<td width=\"76\">No<\/td>\n<\/tr>\n<tr>\n<td width=\"234\">Conexiones de ordenador<\/td>\n<td width=\"76\">USB Mini<\/td>\n<\/tr>\n<tr>\n<td width=\"234\">Se\u00f1ales de puesta a tierra<\/td>\n<td width=\"76\">S\u00ed, con resistencia externa a positivo<\/td>\n<\/tr>\n<tr>\n<td width=\"234\">Controlador manual, paneles de interruptores, sensores, etc.<\/td>\n<td width=\"76\">No<\/td>\n<\/tr>\n<tr>\n<td width=\"234\">Tama\u00f1o (mm)<\/td>\n<td width=\"76\">170x92x21<\/td>\n<\/tr>\n<tr>\n<td width=\"234\">Peso<\/td>\n<td width=\"76\">174g<\/td>\n<\/tr>\n<\/tbody>\n<\/table>\n","protected":false},"excerpt":{"rendered":"<div class=\"elementor-element elementor-element-28a1869 elementor-widget elementor-widget-woocommerce-product-title elementor-page-title elementor-widget-heading\" data-id=\"28a1869\" data-element_type=\"widget\" data-widget_type=\"woocommerce-product-title.default\">\n<div class=\"elementor-widget-container\"><strong><span style=\"font-size: 16px;\">DRB 9012-8 STD es nuestra unidad optimizada en costes con 8 salidas y 8 entradas, y una corriente total continua de 90 amperios distribuidos en todas las salidas.<\/span><\/strong><\/div>\n<div><\/div>\n<div class=\"elementor-widget-container\">En comparaci\u00f3n con las unidades ADV, la STD no tiene comunicaci\u00f3n CANBus, ni puente H incorporado (control del motor), ni LED por salida, ni resistencias pull-up incorporadas en las entradas para se\u00f1ales de entrada GND.<strong>La unidad STD no puede ser controlada por nuestros SwitchPanels o Handcontrol ya que no tiene ning\u00fan puerto CAN\/COM.<\/strong><\/div>\n<\/div>\n<div class=\"elementor-element elementor-element-b951bf8 elementor-widget elementor-widget-woocommerce-product-short-description\" data-id=\"b951bf8\" data-element_type=\"widget\" data-widget_type=\"woocommerce-product-short-description.default\">\n<div class=\"elementor-widget-container\">\n<div class=\"woocommerce-product-details__short-description\">\n<p>Al igual que todos nuestros DRB, el 9012-8 STD ofrece una amplia gama de caracter\u00edsticas tales como:<\/p>\n<ul>\n<li>Funciones de rel\u00e9 como flash, atenuador y temporizador<\/li>\n<li>Funci\u00f3n de fusible a trav\u00e9s de interruptores de alta corriente<\/li>\n<li>Protecci\u00f3n de la bater\u00eda a trav\u00e9s de temporizadores o protecci\u00f3n de voltaje, individualmente por salida<\/li>\n<li>Funciones l\u00f3gicas basadas en reglas<\/li>\n<li>Hasta tres funciones diferentes por salida, como fija o intermitente<\/li>\n<\/ul>\n<p class=\"\" data-start=\"112\" data-end=\"430\">Las salidas est\u00e1n protegidas digitalmente hasta 25 amperios por salida (ajustable en intervalos de 5 A).<\/p>\n<\/div>\n<\/div>\n<\/div>\n","protected":false},"featured_media":12990,"comment_status":"open","ping_status":"closed","template":"","meta":[],"product_brand":[],"product_cat":[180],"product_tag":[181,234,235],"class_list":{"0":"post-12983","1":"product","2":"type-product","3":"status-publish","4":"has-post-thumbnail","6":"product_cat-cajas-de-reles-digitales","7":"product_tag-12v","8":"product_tag-8-entradas","9":"product_tag-8-salidas","11":"first","12":"instock","13":"shipping-taxable","14":"product-type-simple"},"yoast_head":"<!-- This site is optimized with the Yoast SEO plugin v26.0 - https:\/\/yoast.com\/wordpress\/plugins\/seo\/ -->\n<title>DRB 9012-8 STD - Addio Electronics<\/title>\n<meta name=\"robots\" content=\"index, follow, max-snippet:-1, max-image-preview:large, max-video-preview:-1\" \/>\n<link rel=\"canonical\" href=\"https:\/\/addio.eu\/es\/producto\/drb-9012-8-std\/\" \/>\n<meta property=\"og:locale\" content=\"es_ES\" \/>\n<meta property=\"og:type\" content=\"article\" \/>\n<meta property=\"og:title\" content=\"DRB 9012-8 STD - Addio Electronics\" \/>\n<meta property=\"og:description\" content=\"DRB 9012-8 STD es nuestra unidad optimizada en costes con 8 salidas y 8 entradas, y una corriente total continua de 90 amperios distribuidos en todas las salidas. En comparaci\u00f3n con las unidades ADV, la STD no tiene comunicaci\u00f3n CANBus, ni puente H incorporado (control del motor), ni LED por salida, ni resistencias pull-up incorporadas en las entradas para se\u00f1ales de entrada GND.La unidad STD no puede ser controlada por nuestros SwitchPanels o Handcontrol ya que no tiene ning\u00fan puerto CAN\/COM.   Al igual que todos nuestros DRB, el 9012-8 STD ofrece una amplia gama de caracter\u00edsticas tales como:  Funciones de rel\u00e9 como flash, atenuador y temporizador  Funci\u00f3n de fusible a trav\u00e9s de interruptores de alta corriente  Protecci\u00f3n de la bater\u00eda a trav\u00e9s de temporizadores o protecci\u00f3n de voltaje, individualmente por salida  Funciones l\u00f3gicas basadas en reglas  Hasta tres funciones diferentes por salida, como fija o intermitente Las salidas est\u00e1n protegidas digitalmente hasta 25 amperios por salida (ajustable en intervalos de 5 A).\" \/>\n<meta property=\"og:url\" content=\"https:\/\/addio.eu\/es\/producto\/drb-9012-8-std\/\" \/>\n<meta property=\"og:site_name\" content=\"Addio Electronics\" \/>\n<meta property=\"article:publisher\" content=\"https:\/\/www.facebook.com\/AddioElectronicsAB\/\" \/>\n<meta property=\"article:modified_time\" content=\"2026-02-10T16:48:17+00:00\" \/>\n<meta property=\"og:image\" content=\"https:\/\/addio.eu\/wp-content\/uploads\/2025\/03\/IMG_1788-scaled.jpg\" \/>\n\t<meta property=\"og:image:width\" content=\"2560\" \/>\n\t<meta property=\"og:image:height\" content=\"1654\" \/>\n\t<meta property=\"og:image:type\" content=\"image\/jpeg\" \/>\n<meta name=\"twitter:card\" content=\"summary_large_image\" \/>\n<meta name=\"twitter:label1\" content=\"Tiempo de lectura\" \/>\n\t<meta name=\"twitter:data1\" content=\"1 minuto\" \/>\n<script type=\"application\/ld+json\" class=\"yoast-schema-graph\">{\"@context\":\"https:\/\/schema.org\",\"@graph\":[{\"@type\":\"WebPage\",\"@id\":\"https:\/\/addio.eu\/es\/producto\/drb-9012-8-std\/\",\"url\":\"https:\/\/addio.eu\/es\/producto\/drb-9012-8-std\/\",\"name\":\"DRB 9012-8 STD - Addio Electronics\",\"isPartOf\":{\"@id\":\"https:\/\/addio.eu\/es\/#website\"},\"primaryImageOfPage\":{\"@id\":\"https:\/\/addio.eu\/es\/producto\/drb-9012-8-std\/#primaryimage\"},\"image\":{\"@id\":\"https:\/\/addio.eu\/es\/producto\/drb-9012-8-std\/#primaryimage\"},\"thumbnailUrl\":\"https:\/\/addio.eu\/wp-content\/uploads\/2025\/03\/IMG_1788-scaled.jpg\",\"datePublished\":\"2025-03-24T09:47:26+00:00\",\"dateModified\":\"2026-02-10T16:48:17+00:00\",\"breadcrumb\":{\"@id\":\"https:\/\/addio.eu\/es\/producto\/drb-9012-8-std\/#breadcrumb\"},\"inLanguage\":\"es\",\"potentialAction\":[{\"@type\":\"ReadAction\",\"target\":[\"https:\/\/addio.eu\/es\/producto\/drb-9012-8-std\/\"]}]},{\"@type\":\"ImageObject\",\"inLanguage\":\"es\",\"@id\":\"https:\/\/addio.eu\/es\/producto\/drb-9012-8-std\/#primaryimage\",\"url\":\"https:\/\/addio.eu\/wp-content\/uploads\/2025\/03\/IMG_1788-scaled.jpg\",\"contentUrl\":\"https:\/\/addio.eu\/wp-content\/uploads\/2025\/03\/IMG_1788-scaled.jpg\",\"width\":2560,\"height\":1654},{\"@type\":\"BreadcrumbList\",\"@id\":\"https:\/\/addio.eu\/es\/producto\/drb-9012-8-std\/#breadcrumb\",\"itemListElement\":[{\"@type\":\"ListItem\",\"position\":1,\"name\":\"Home\",\"item\":\"https:\/\/addio.eu\/es\/pagina-de-inicio-de-addio\/\"},{\"@type\":\"ListItem\",\"position\":2,\"name\":\"Productos\",\"item\":\"https:\/\/addio.eu\/es\/productos\/\"},{\"@type\":\"ListItem\",\"position\":3,\"name\":\"DRB 9012-8 STD\"}]},{\"@type\":\"WebSite\",\"@id\":\"https:\/\/addio.eu\/es\/#website\",\"url\":\"https:\/\/addio.eu\/es\/\",\"name\":\"addio.eu\",\"description\":\"\",\"publisher\":{\"@id\":\"https:\/\/addio.eu\/es\/#organization\"},\"potentialAction\":[{\"@type\":\"SearchAction\",\"target\":{\"@type\":\"EntryPoint\",\"urlTemplate\":\"https:\/\/addio.eu\/es\/?s={search_term_string}\"},\"query-input\":{\"@type\":\"PropertyValueSpecification\",\"valueRequired\":true,\"valueName\":\"search_term_string\"}}],\"inLanguage\":\"es\"},{\"@type\":\"Organization\",\"@id\":\"https:\/\/addio.eu\/es\/#organization\",\"name\":\"Addio electronics\",\"url\":\"https:\/\/addio.eu\/es\/\",\"logo\":{\"@type\":\"ImageObject\",\"inLanguage\":\"es\",\"@id\":\"https:\/\/addio.eu\/es\/#\/schema\/logo\/image\/\",\"url\":\"https:\/\/addio.eu\/wp-content\/uploads\/2024\/10\/Lager_1-1.svg\",\"contentUrl\":\"https:\/\/addio.eu\/wp-content\/uploads\/2024\/10\/Lager_1-1.svg\",\"caption\":\"Addio electronics\"},\"image\":{\"@id\":\"https:\/\/addio.eu\/es\/#\/schema\/logo\/image\/\"},\"sameAs\":[\"https:\/\/www.facebook.com\/AddioElectronicsAB\/\",\"https:\/\/www.linkedin.com\/company\/addio-electronics-ab\"]}]}<\/script>\n<!-- \/ Yoast SEO plugin. -->","yoast_head_json":{"title":"DRB 9012-8 STD - Addio Electronics","robots":{"index":"index","follow":"follow","max-snippet":"max-snippet:-1","max-image-preview":"max-image-preview:large","max-video-preview":"max-video-preview:-1"},"canonical":"https:\/\/addio.eu\/es\/producto\/drb-9012-8-std\/","og_locale":"es_ES","og_type":"article","og_title":"DRB 9012-8 STD - Addio Electronics","og_description":"DRB 9012-8 STD es nuestra unidad optimizada en costes con 8 salidas y 8 entradas, y una corriente total continua de 90 amperios distribuidos en todas las salidas. En comparaci\u00f3n con las unidades ADV, la STD no tiene comunicaci\u00f3n CANBus, ni puente H incorporado (control del motor), ni LED por salida, ni resistencias pull-up incorporadas en las entradas para se\u00f1ales de entrada GND.La unidad STD no puede ser controlada por nuestros SwitchPanels o Handcontrol ya que no tiene ning\u00fan puerto CAN\/COM.   Al igual que todos nuestros DRB, el 9012-8 STD ofrece una amplia gama de caracter\u00edsticas tales como:  Funciones de rel\u00e9 como flash, atenuador y temporizador  Funci\u00f3n de fusible a trav\u00e9s de interruptores de alta corriente  Protecci\u00f3n de la bater\u00eda a trav\u00e9s de temporizadores o protecci\u00f3n de voltaje, individualmente por salida  Funciones l\u00f3gicas basadas en reglas  Hasta tres funciones diferentes por salida, como fija o intermitente Las salidas est\u00e1n protegidas digitalmente hasta 25 amperios por salida (ajustable en intervalos de 5 A).","og_url":"https:\/\/addio.eu\/es\/producto\/drb-9012-8-std\/","og_site_name":"Addio Electronics","article_publisher":"https:\/\/www.facebook.com\/AddioElectronicsAB\/","article_modified_time":"2026-02-10T16:48:17+00:00","og_image":[{"width":2560,"height":1654,"url":"https:\/\/addio.eu\/wp-content\/uploads\/2025\/03\/IMG_1788-scaled.jpg","type":"image\/jpeg"}],"twitter_card":"summary_large_image","twitter_misc":{"Tiempo de lectura":"1 minuto"},"schema":{"@context":"https:\/\/schema.org","@graph":[{"@type":"WebPage","@id":"https:\/\/addio.eu\/es\/producto\/drb-9012-8-std\/","url":"https:\/\/addio.eu\/es\/producto\/drb-9012-8-std\/","name":"DRB 9012-8 STD - Addio Electronics","isPartOf":{"@id":"https:\/\/addio.eu\/es\/#website"},"primaryImageOfPage":{"@id":"https:\/\/addio.eu\/es\/producto\/drb-9012-8-std\/#primaryimage"},"image":{"@id":"https:\/\/addio.eu\/es\/producto\/drb-9012-8-std\/#primaryimage"},"thumbnailUrl":"https:\/\/addio.eu\/wp-content\/uploads\/2025\/03\/IMG_1788-scaled.jpg","datePublished":"2025-03-24T09:47:26+00:00","dateModified":"2026-02-10T16:48:17+00:00","breadcrumb":{"@id":"https:\/\/addio.eu\/es\/producto\/drb-9012-8-std\/#breadcrumb"},"inLanguage":"es","potentialAction":[{"@type":"ReadAction","target":["https:\/\/addio.eu\/es\/producto\/drb-9012-8-std\/"]}]},{"@type":"ImageObject","inLanguage":"es","@id":"https:\/\/addio.eu\/es\/producto\/drb-9012-8-std\/#primaryimage","url":"https:\/\/addio.eu\/wp-content\/uploads\/2025\/03\/IMG_1788-scaled.jpg","contentUrl":"https:\/\/addio.eu\/wp-content\/uploads\/2025\/03\/IMG_1788-scaled.jpg","width":2560,"height":1654},{"@type":"BreadcrumbList","@id":"https:\/\/addio.eu\/es\/producto\/drb-9012-8-std\/#breadcrumb","itemListElement":[{"@type":"ListItem","position":1,"name":"Home","item":"https:\/\/addio.eu\/es\/pagina-de-inicio-de-addio\/"},{"@type":"ListItem","position":2,"name":"Productos","item":"https:\/\/addio.eu\/es\/productos\/"},{"@type":"ListItem","position":3,"name":"DRB 9012-8 STD"}]},{"@type":"WebSite","@id":"https:\/\/addio.eu\/es\/#website","url":"https:\/\/addio.eu\/es\/","name":"addio.eu","description":"","publisher":{"@id":"https:\/\/addio.eu\/es\/#organization"},"potentialAction":[{"@type":"SearchAction","target":{"@type":"EntryPoint","urlTemplate":"https:\/\/addio.eu\/es\/?s={search_term_string}"},"query-input":{"@type":"PropertyValueSpecification","valueRequired":true,"valueName":"search_term_string"}}],"inLanguage":"es"},{"@type":"Organization","@id":"https:\/\/addio.eu\/es\/#organization","name":"Addio electronics","url":"https:\/\/addio.eu\/es\/","logo":{"@type":"ImageObject","inLanguage":"es","@id":"https:\/\/addio.eu\/es\/#\/schema\/logo\/image\/","url":"https:\/\/addio.eu\/wp-content\/uploads\/2024\/10\/Lager_1-1.svg","contentUrl":"https:\/\/addio.eu\/wp-content\/uploads\/2024\/10\/Lager_1-1.svg","caption":"Addio electronics"},"image":{"@id":"https:\/\/addio.eu\/es\/#\/schema\/logo\/image\/"},"sameAs":["https:\/\/www.facebook.com\/AddioElectronicsAB\/","https:\/\/www.linkedin.com\/company\/addio-electronics-ab"]}]}},"_links":{"self":[{"href":"https:\/\/addio.eu\/es\/wp-json\/wp\/v2\/product\/12983","targetHints":{"allow":["GET"]}}],"collection":[{"href":"https:\/\/addio.eu\/es\/wp-json\/wp\/v2\/product"}],"about":[{"href":"https:\/\/addio.eu\/es\/wp-json\/wp\/v2\/types\/product"}],"replies":[{"embeddable":true,"href":"https:\/\/addio.eu\/es\/wp-json\/wp\/v2\/comments?post=12983"}],"wp:featuredmedia":[{"embeddable":true,"href":"https:\/\/addio.eu\/es\/wp-json\/wp\/v2\/media\/12990"}],"wp:attachment":[{"href":"https:\/\/addio.eu\/es\/wp-json\/wp\/v2\/media?parent=12983"}],"wp:term":[{"taxonomy":"product_brand","embeddable":true,"href":"https:\/\/addio.eu\/es\/wp-json\/wp\/v2\/product_brand?post=12983"},{"taxonomy":"product_cat","embeddable":true,"href":"https:\/\/addio.eu\/es\/wp-json\/wp\/v2\/product_cat?post=12983"},{"taxonomy":"product_tag","embeddable":true,"href":"https:\/\/addio.eu\/es\/wp-json\/wp\/v2\/product_tag?post=12983"}],"curies":[{"name":"wp","href":"https:\/\/api.w.org\/{rel}","templated":true}]}}