{"id":12453,"date":"2025-03-24T11:20:39","date_gmt":"2025-03-24T11:20:39","guid":{"rendered":"https:\/\/addio.eu\/product\/kit-maestro-can\/"},"modified":"2025-03-24T11:20:39","modified_gmt":"2025-03-24T11:20:39","slug":"kit-maestro-can","status":"publish","type":"product","link":"https:\/\/addio.eu\/es\/producto\/kit-maestro-can\/","title":{"rendered":"Kit maestro CAN"},"content":{"rendered":"<p data-start=\"1346\" data-end=\"1380\"><strong>Instalaci\u00f3n<\/strong><br \/>\nConecte el CAN Master al coche con el lector CAN inductivo Addio o mediante conexi\u00f3n directa al cableado del bus CAN.<\/p>\n<p data-start=\"1346\" data-end=\"1380\"><strong>Compatibilidad<\/strong><br \/>\nEl CAN Master es compatible con nuestros DRB ADV de 12 V y 24 V.<\/p>\n<p class=\"\" data-start=\"1346\" data-end=\"1380\"><strong data-start=\"1346\" data-end=\"1380\">Instalaci\u00f3n y configuraci\u00f3n<br \/>\n<\/strong>Software CAN Master y Addio CC.<\/p>\n<p data-start=\"1382\" data-end=\"1525\"><strong>Incluido en la caja<\/strong><br \/>\nCAN Master, cable de 0,5 metros, adaptador RJ.<\/p>\n<p><strong>Tama\u00f1o<\/strong><br \/>\n68*67*21 mm<\/p>\n","protected":false},"excerpt":{"rendered":"<p><strong>Addio CAN Master permite que su sistema Addio se conecte, escanee y utilice las se\u00f1ales de su veh\u00edculo.<\/strong><\/p>\n<p>Addio ofrece la posibilidad de crear funciones automatizadas con integraci\u00f3n a su veh\u00edculo. Las se\u00f1ales CAN de su veh\u00edculo se pueden utilizar como se\u00f1ales de entrada para el sistema Addio. Con esto, puede crear funciones automatizadas adaptadas a las necesidades de los usuarios. Los ejemplos cl\u00e1sicos son las luces traseras o la c\u00e1mara que se encienden con la marcha atr\u00e1s como entrada.  <\/p>\n<p><strong>El software CAN Master<\/strong> se utiliza cuando el instalador desea integrarse con las se\u00f1ales CAN del veh\u00edculo. La funcionalidad del esc\u00e1ner puede analizar y detectar se\u00f1ales de cualquier veh\u00edculo, como faros, puertas, freno de mano, marcha atr\u00e1s, velocidad y mucho m\u00e1s. <\/p>\n<p>Guarde las se\u00f1ales en la base de datos de Addio para una instalaci\u00f3n f\u00e1cil y sin problemas en el futuro.<\/p>\n<p>&nbsp;<\/p>\n","protected":false},"featured_media":5958,"comment_status":"open","ping_status":"closed","template":"","meta":[],"product_brand":[],"product_cat":[281,349],"product_tag":[],"class_list":{"0":"post-12453","1":"product","2":"type-product","3":"status-publish","4":"has-post-thumbnail","6":"product_cat-conectividad-can","7":"product_cat-integracion-can","9":"first","10":"instock","11":"shipping-taxable","12":"product-type-simple"},"yoast_head":"<!-- This site is optimized with the Yoast SEO plugin v26.0 - https:\/\/yoast.com\/wordpress\/plugins\/seo\/ -->\n<title>Kit maestro CAN - Addio Electronics<\/title>\n<meta name=\"robots\" content=\"index, follow, max-snippet:-1, max-image-preview:large, max-video-preview:-1\" \/>\n<link rel=\"canonical\" href=\"https:\/\/addio.eu\/es\/producto\/kit-maestro-can\/\" \/>\n<meta property=\"og:locale\" content=\"es_ES\" \/>\n<meta property=\"og:type\" content=\"article\" \/>\n<meta property=\"og:title\" content=\"Kit maestro CAN - Addio Electronics\" \/>\n<meta property=\"og:description\" content=\"Addio CAN Master permite que su sistema Addio se conecte, escanee y utilice las se\u00f1ales de su veh\u00edculo. Addio ofrece la posibilidad de crear funciones automatizadas con integraci\u00f3n a su veh\u00edculo. Las se\u00f1ales CAN de su veh\u00edculo se pueden utilizar como se\u00f1ales de entrada para el sistema Addio. Con esto, puede crear funciones automatizadas adaptadas a las necesidades de los usuarios. Los ejemplos cl\u00e1sicos son las luces traseras o la c\u00e1mara que se encienden con la marcha atr\u00e1s como entrada.  El software CAN Master se utiliza cuando el instalador desea integrarse con las se\u00f1ales CAN del veh\u00edculo. La funcionalidad del esc\u00e1ner puede analizar y detectar se\u00f1ales de cualquier veh\u00edculo, como faros, puertas, freno de mano, marcha atr\u00e1s, velocidad y mucho m\u00e1s.  Guarde las se\u00f1ales en la base de datos de Addio para una instalaci\u00f3n f\u00e1cil y sin problemas en el futuro. &nbsp;\" \/>\n<meta property=\"og:url\" content=\"https:\/\/addio.eu\/es\/producto\/kit-maestro-can\/\" \/>\n<meta property=\"og:site_name\" content=\"Addio Electronics\" \/>\n<meta property=\"article:publisher\" content=\"https:\/\/www.facebook.com\/AddioElectronicsAB\/\" \/>\n<meta property=\"og:image\" content=\"https:\/\/addio.eu\/wp-content\/uploads\/2025\/03\/IMG_1824-scaled.jpg\" \/>\n\t<meta property=\"og:image:width\" content=\"2560\" \/>\n\t<meta property=\"og:image:height\" content=\"2215\" \/>\n\t<meta property=\"og:image:type\" content=\"image\/jpeg\" \/>\n<meta name=\"twitter:card\" content=\"summary_large_image\" \/>\n<script type=\"application\/ld+json\" class=\"yoast-schema-graph\">{\"@context\":\"https:\/\/schema.org\",\"@graph\":[{\"@type\":\"WebPage\",\"@id\":\"https:\/\/addio.eu\/es\/producto\/kit-maestro-can\/\",\"url\":\"https:\/\/addio.eu\/es\/producto\/kit-maestro-can\/\",\"name\":\"Kit maestro CAN - Addio Electronics\",\"isPartOf\":{\"@id\":\"https:\/\/addio.eu\/es\/#website\"},\"primaryImageOfPage\":{\"@id\":\"https:\/\/addio.eu\/es\/producto\/kit-maestro-can\/#primaryimage\"},\"image\":{\"@id\":\"https:\/\/addio.eu\/es\/producto\/kit-maestro-can\/#primaryimage\"},\"thumbnailUrl\":\"https:\/\/addio.eu\/wp-content\/uploads\/2025\/03\/IMG_1824-scaled.jpg\",\"datePublished\":\"2025-03-24T11:20:39+00:00\",\"breadcrumb\":{\"@id\":\"https:\/\/addio.eu\/es\/producto\/kit-maestro-can\/#breadcrumb\"},\"inLanguage\":\"es\",\"potentialAction\":[{\"@type\":\"ReadAction\",\"target\":[\"https:\/\/addio.eu\/es\/producto\/kit-maestro-can\/\"]}]},{\"@type\":\"ImageObject\",\"inLanguage\":\"es\",\"@id\":\"https:\/\/addio.eu\/es\/producto\/kit-maestro-can\/#primaryimage\",\"url\":\"https:\/\/addio.eu\/wp-content\/uploads\/2025\/03\/IMG_1824-scaled.jpg\",\"contentUrl\":\"https:\/\/addio.eu\/wp-content\/uploads\/2025\/03\/IMG_1824-scaled.jpg\",\"width\":2560,\"height\":2215},{\"@type\":\"BreadcrumbList\",\"@id\":\"https:\/\/addio.eu\/es\/producto\/kit-maestro-can\/#breadcrumb\",\"itemListElement\":[{\"@type\":\"ListItem\",\"position\":1,\"name\":\"Home\",\"item\":\"https:\/\/addio.eu\/es\/pagina-de-inicio-de-addio\/\"},{\"@type\":\"ListItem\",\"position\":2,\"name\":\"Productos\",\"item\":\"https:\/\/addio.eu\/es\/productos\/\"},{\"@type\":\"ListItem\",\"position\":3,\"name\":\"Kit maestro CAN\"}]},{\"@type\":\"WebSite\",\"@id\":\"https:\/\/addio.eu\/es\/#website\",\"url\":\"https:\/\/addio.eu\/es\/\",\"name\":\"addio.eu\",\"description\":\"\",\"publisher\":{\"@id\":\"https:\/\/addio.eu\/es\/#organization\"},\"potentialAction\":[{\"@type\":\"SearchAction\",\"target\":{\"@type\":\"EntryPoint\",\"urlTemplate\":\"https:\/\/addio.eu\/es\/?s={search_term_string}\"},\"query-input\":{\"@type\":\"PropertyValueSpecification\",\"valueRequired\":true,\"valueName\":\"search_term_string\"}}],\"inLanguage\":\"es\"},{\"@type\":\"Organization\",\"@id\":\"https:\/\/addio.eu\/es\/#organization\",\"name\":\"Addio electronics\",\"url\":\"https:\/\/addio.eu\/es\/\",\"logo\":{\"@type\":\"ImageObject\",\"inLanguage\":\"es\",\"@id\":\"https:\/\/addio.eu\/es\/#\/schema\/logo\/image\/\",\"url\":\"https:\/\/addio.eu\/wp-content\/uploads\/2024\/10\/Lager_1-1.svg\",\"contentUrl\":\"https:\/\/addio.eu\/wp-content\/uploads\/2024\/10\/Lager_1-1.svg\",\"caption\":\"Addio electronics\"},\"image\":{\"@id\":\"https:\/\/addio.eu\/es\/#\/schema\/logo\/image\/\"},\"sameAs\":[\"https:\/\/www.facebook.com\/AddioElectronicsAB\/\",\"https:\/\/www.linkedin.com\/company\/addio-electronics-ab\"]}]}<\/script>\n<!-- \/ Yoast SEO plugin. -->","yoast_head_json":{"title":"Kit maestro CAN - Addio Electronics","robots":{"index":"index","follow":"follow","max-snippet":"max-snippet:-1","max-image-preview":"max-image-preview:large","max-video-preview":"max-video-preview:-1"},"canonical":"https:\/\/addio.eu\/es\/producto\/kit-maestro-can\/","og_locale":"es_ES","og_type":"article","og_title":"Kit maestro CAN - Addio Electronics","og_description":"Addio CAN Master permite que su sistema Addio se conecte, escanee y utilice las se\u00f1ales de su veh\u00edculo. Addio ofrece la posibilidad de crear funciones automatizadas con integraci\u00f3n a su veh\u00edculo. Las se\u00f1ales CAN de su veh\u00edculo se pueden utilizar como se\u00f1ales de entrada para el sistema Addio. Con esto, puede crear funciones automatizadas adaptadas a las necesidades de los usuarios. Los ejemplos cl\u00e1sicos son las luces traseras o la c\u00e1mara que se encienden con la marcha atr\u00e1s como entrada.  El software CAN Master se utiliza cuando el instalador desea integrarse con las se\u00f1ales CAN del veh\u00edculo. La funcionalidad del esc\u00e1ner puede analizar y detectar se\u00f1ales de cualquier veh\u00edculo, como faros, puertas, freno de mano, marcha atr\u00e1s, velocidad y mucho m\u00e1s.  Guarde las se\u00f1ales en la base de datos de Addio para una instalaci\u00f3n f\u00e1cil y sin problemas en el futuro. &nbsp;","og_url":"https:\/\/addio.eu\/es\/producto\/kit-maestro-can\/","og_site_name":"Addio Electronics","article_publisher":"https:\/\/www.facebook.com\/AddioElectronicsAB\/","og_image":[{"width":2560,"height":2215,"url":"https:\/\/addio.eu\/wp-content\/uploads\/2025\/03\/IMG_1824-scaled.jpg","type":"image\/jpeg"}],"twitter_card":"summary_large_image","schema":{"@context":"https:\/\/schema.org","@graph":[{"@type":"WebPage","@id":"https:\/\/addio.eu\/es\/producto\/kit-maestro-can\/","url":"https:\/\/addio.eu\/es\/producto\/kit-maestro-can\/","name":"Kit maestro CAN - Addio Electronics","isPartOf":{"@id":"https:\/\/addio.eu\/es\/#website"},"primaryImageOfPage":{"@id":"https:\/\/addio.eu\/es\/producto\/kit-maestro-can\/#primaryimage"},"image":{"@id":"https:\/\/addio.eu\/es\/producto\/kit-maestro-can\/#primaryimage"},"thumbnailUrl":"https:\/\/addio.eu\/wp-content\/uploads\/2025\/03\/IMG_1824-scaled.jpg","datePublished":"2025-03-24T11:20:39+00:00","breadcrumb":{"@id":"https:\/\/addio.eu\/es\/producto\/kit-maestro-can\/#breadcrumb"},"inLanguage":"es","potentialAction":[{"@type":"ReadAction","target":["https:\/\/addio.eu\/es\/producto\/kit-maestro-can\/"]}]},{"@type":"ImageObject","inLanguage":"es","@id":"https:\/\/addio.eu\/es\/producto\/kit-maestro-can\/#primaryimage","url":"https:\/\/addio.eu\/wp-content\/uploads\/2025\/03\/IMG_1824-scaled.jpg","contentUrl":"https:\/\/addio.eu\/wp-content\/uploads\/2025\/03\/IMG_1824-scaled.jpg","width":2560,"height":2215},{"@type":"BreadcrumbList","@id":"https:\/\/addio.eu\/es\/producto\/kit-maestro-can\/#breadcrumb","itemListElement":[{"@type":"ListItem","position":1,"name":"Home","item":"https:\/\/addio.eu\/es\/pagina-de-inicio-de-addio\/"},{"@type":"ListItem","position":2,"name":"Productos","item":"https:\/\/addio.eu\/es\/productos\/"},{"@type":"ListItem","position":3,"name":"Kit maestro CAN"}]},{"@type":"WebSite","@id":"https:\/\/addio.eu\/es\/#website","url":"https:\/\/addio.eu\/es\/","name":"addio.eu","description":"","publisher":{"@id":"https:\/\/addio.eu\/es\/#organization"},"potentialAction":[{"@type":"SearchAction","target":{"@type":"EntryPoint","urlTemplate":"https:\/\/addio.eu\/es\/?s={search_term_string}"},"query-input":{"@type":"PropertyValueSpecification","valueRequired":true,"valueName":"search_term_string"}}],"inLanguage":"es"},{"@type":"Organization","@id":"https:\/\/addio.eu\/es\/#organization","name":"Addio electronics","url":"https:\/\/addio.eu\/es\/","logo":{"@type":"ImageObject","inLanguage":"es","@id":"https:\/\/addio.eu\/es\/#\/schema\/logo\/image\/","url":"https:\/\/addio.eu\/wp-content\/uploads\/2024\/10\/Lager_1-1.svg","contentUrl":"https:\/\/addio.eu\/wp-content\/uploads\/2024\/10\/Lager_1-1.svg","caption":"Addio electronics"},"image":{"@id":"https:\/\/addio.eu\/es\/#\/schema\/logo\/image\/"},"sameAs":["https:\/\/www.facebook.com\/AddioElectronicsAB\/","https:\/\/www.linkedin.com\/company\/addio-electronics-ab"]}]}},"_links":{"self":[{"href":"https:\/\/addio.eu\/es\/wp-json\/wp\/v2\/product\/12453","targetHints":{"allow":["GET"]}}],"collection":[{"href":"https:\/\/addio.eu\/es\/wp-json\/wp\/v2\/product"}],"about":[{"href":"https:\/\/addio.eu\/es\/wp-json\/wp\/v2\/types\/product"}],"replies":[{"embeddable":true,"href":"https:\/\/addio.eu\/es\/wp-json\/wp\/v2\/comments?post=12453"}],"wp:featuredmedia":[{"embeddable":true,"href":"https:\/\/addio.eu\/es\/wp-json\/wp\/v2\/media\/5958"}],"wp:attachment":[{"href":"https:\/\/addio.eu\/es\/wp-json\/wp\/v2\/media?parent=12453"}],"wp:term":[{"taxonomy":"product_brand","embeddable":true,"href":"https:\/\/addio.eu\/es\/wp-json\/wp\/v2\/product_brand?post=12453"},{"taxonomy":"product_cat","embeddable":true,"href":"https:\/\/addio.eu\/es\/wp-json\/wp\/v2\/product_cat?post=12453"},{"taxonomy":"product_tag","embeddable":true,"href":"https:\/\/addio.eu\/es\/wp-json\/wp\/v2\/product_tag?post=12453"}],"curies":[{"name":"wp","href":"https:\/\/api.w.org\/{rel}","templated":true}]}}