{"id":12243,"date":"2025-03-07T10:28:46","date_gmt":"2025-03-07T10:28:46","guid":{"rendered":"https:\/\/addio.eu\/product\/panel-de-interruptores-4\/"},"modified":"2025-03-07T10:28:46","modified_gmt":"2025-03-07T10:28:46","slug":"panel-de-interruptores-4","status":"publish","type":"product","link":"https:\/\/addio.eu\/es\/producto\/panel-de-interruptores-4\/","title":{"rendered":"Panel de interruptores 4"},"content":{"rendered":"<p class=\"\" data-start=\"660\" data-end=\"682\"><strong data-start=\"660\" data-end=\"682\">Color e iluminaci\u00f3n<\/strong><\/p>\n<p class=\"\" data-start=\"684\" data-end=\"919\">Todos los botones del panel de control est\u00e1n iluminados y se pueden configurar con los siguientes colores: verde, azul, amarillo, naranja, blanco y rojo. Tanto el color de la luz de fondo como el color activo se pueden configurar en el men\u00fa para cada bot\u00f3n. <\/p>\n<p class=\"\" data-start=\"921\" data-end=\"1055\">La intensidad de la luz de los botones se ajusta autom\u00e1ticamente en funci\u00f3n de las condiciones de luz ambiental, gracias a un sensor de luz incorporado.<\/p>\n<p class=\"\" data-start=\"1057\" data-end=\"1085\"><strong data-start=\"1057\" data-end=\"1085\">Zumbador y sonidos de los botones<\/strong><\/p>\n<p class=\"\" data-start=\"1087\" data-end=\"1344\">El panel de control cuenta con un zumbador incorporado, que puede proporcionar retroalimentaci\u00f3n con un breve pitido cuando se presiona un bot\u00f3n. El zumbador tambi\u00e9n se puede controlar desde una fuente externa, como una entrada, salida o salida virtual, para activar funciones de alarma y m\u00e1s. <\/p>\n<p class=\"\" data-start=\"1346\" data-end=\"1380\"><strong data-start=\"1346\" data-end=\"1380\">Instalaci\u00f3n y configuraci\u00f3n<\/strong><\/p>\n<p class=\"\" data-start=\"1382\" data-end=\"1525\">La configuraci\u00f3n de las funciones de los botones, los colores activos y pasivos, y m\u00e1s, se almacena en nuestras cajas de rel\u00e9s y se realiza a trav\u00e9s de nuestro software, Addio CC.<\/p>\n<p data-start=\"1382\" data-end=\"1525\"><strong>Incluido en la caja<\/strong><br \/>\nLos paneles de interruptores Addio vienen con un cable de 5 metros y pegatinas adhesivas para los botones.<br \/>\nUn Art. no alternativo tambi\u00e9n incluye un soporte. <\/p>\n","protected":false},"excerpt":{"rendered":"<p class=\"\" data-start=\"62\" data-end=\"120\"><strong data-start=\"62\" data-end=\"120\">F\u00e1cil cableado e instalaci\u00f3n con los paneles de control Addio<\/strong><\/p>\n<p class=\"\" data-start=\"122\" data-end=\"331\">Los paneles de control Addio son f\u00e1ciles de instalar utilizando la cinta de doble cara incluida o con un soporte de montaje (disponible como accesorio). Los teclados se conectan al puerto COM\/CAN de la caja de rel\u00e9s a trav\u00e9s del cable incluido. <\/p>\n<p class=\"\" data-start=\"333\" data-end=\"345\"><strong data-start=\"333\" data-end=\"345\">Caracter\u00edsticas<\/strong><\/p>\n<p class=\"\" data-start=\"347\" data-end=\"523\">Cada bot\u00f3n se puede configurar en m\u00faltiples posiciones y puede activar una salida y\/o servir como indicador para mostrar si una entrada, salida u otra funci\u00f3n interna espec\u00edfica est\u00e1 activa.<\/p>\n<p class=\"\" data-start=\"525\" data-end=\"658\">Se pueden utilizar hasta cuatro paneles de control en un sistema, y se pueden configurar individualmente o funcionar en paralelo (cableado de escalera).<\/p>\n","protected":false},"featured_media":5843,"comment_status":"open","ping_status":"closed","template":"","meta":[],"product_brand":[],"product_cat":[328],"product_tag":[335],"class_list":{"0":"post-12243","1":"product","2":"type-product","3":"status-publish","4":"has-post-thumbnail","6":"product_cat-paneles-de-interruptores","7":"product_tag-4-botones","9":"first","10":"instock","11":"shipping-taxable","12":"product-type-simple"},"yoast_head":"<!-- This site is optimized with the Yoast SEO plugin v26.0 - https:\/\/yoast.com\/wordpress\/plugins\/seo\/ -->\n<title>Panel de interruptores 4 - Addio Electronics<\/title>\n<meta name=\"robots\" content=\"index, follow, max-snippet:-1, max-image-preview:large, max-video-preview:-1\" \/>\n<link rel=\"canonical\" href=\"https:\/\/addio.eu\/es\/producto\/panel-de-interruptores-4\/\" \/>\n<meta property=\"og:locale\" content=\"es_ES\" \/>\n<meta property=\"og:type\" content=\"article\" \/>\n<meta property=\"og:title\" content=\"Panel de interruptores 4 - Addio Electronics\" \/>\n<meta property=\"og:description\" content=\"F\u00e1cil cableado e instalaci\u00f3n con los paneles de control Addio Los paneles de control Addio son f\u00e1ciles de instalar utilizando la cinta de doble cara incluida o con un soporte de montaje (disponible como accesorio). Los teclados se conectan al puerto COM\/CAN de la caja de rel\u00e9s a trav\u00e9s del cable incluido. Caracter\u00edsticas Cada bot\u00f3n se puede configurar en m\u00faltiples posiciones y puede activar una salida y\/o servir como indicador para mostrar si una entrada, salida u otra funci\u00f3n interna espec\u00edfica est\u00e1 activa. Se pueden utilizar hasta cuatro paneles de control en un sistema, y se pueden configurar individualmente o funcionar en paralelo (cableado de escalera).\" \/>\n<meta property=\"og:url\" content=\"https:\/\/addio.eu\/es\/producto\/panel-de-interruptores-4\/\" \/>\n<meta property=\"og:site_name\" content=\"Addio Electronics\" \/>\n<meta property=\"article:publisher\" content=\"https:\/\/www.facebook.com\/AddioElectronicsAB\/\" \/>\n<meta property=\"og:image\" content=\"https:\/\/addio.eu\/wp-content\/uploads\/2025\/03\/IMG_1586-scaled.jpg\" \/>\n\t<meta property=\"og:image:width\" content=\"2560\" \/>\n\t<meta property=\"og:image:height\" content=\"1920\" \/>\n\t<meta property=\"og:image:type\" content=\"image\/jpeg\" \/>\n<meta name=\"twitter:card\" content=\"summary_large_image\" \/>\n<meta name=\"twitter:label1\" content=\"Tiempo de lectura\" \/>\n\t<meta name=\"twitter:data1\" content=\"1 minuto\" \/>\n<script type=\"application\/ld+json\" class=\"yoast-schema-graph\">{\"@context\":\"https:\/\/schema.org\",\"@graph\":[{\"@type\":\"WebPage\",\"@id\":\"https:\/\/addio.eu\/es\/producto\/panel-de-interruptores-4\/\",\"url\":\"https:\/\/addio.eu\/es\/producto\/panel-de-interruptores-4\/\",\"name\":\"Panel de interruptores 4 - Addio Electronics\",\"isPartOf\":{\"@id\":\"https:\/\/addio.eu\/es\/#website\"},\"primaryImageOfPage\":{\"@id\":\"https:\/\/addio.eu\/es\/producto\/panel-de-interruptores-4\/#primaryimage\"},\"image\":{\"@id\":\"https:\/\/addio.eu\/es\/producto\/panel-de-interruptores-4\/#primaryimage\"},\"thumbnailUrl\":\"https:\/\/addio.eu\/wp-content\/uploads\/2025\/03\/IMG_1586-scaled.jpg\",\"datePublished\":\"2025-03-07T10:28:46+00:00\",\"breadcrumb\":{\"@id\":\"https:\/\/addio.eu\/es\/producto\/panel-de-interruptores-4\/#breadcrumb\"},\"inLanguage\":\"es\",\"potentialAction\":[{\"@type\":\"ReadAction\",\"target\":[\"https:\/\/addio.eu\/es\/producto\/panel-de-interruptores-4\/\"]}]},{\"@type\":\"ImageObject\",\"inLanguage\":\"es\",\"@id\":\"https:\/\/addio.eu\/es\/producto\/panel-de-interruptores-4\/#primaryimage\",\"url\":\"https:\/\/addio.eu\/wp-content\/uploads\/2025\/03\/IMG_1586-scaled.jpg\",\"contentUrl\":\"https:\/\/addio.eu\/wp-content\/uploads\/2025\/03\/IMG_1586-scaled.jpg\",\"width\":2560,\"height\":1920},{\"@type\":\"BreadcrumbList\",\"@id\":\"https:\/\/addio.eu\/es\/producto\/panel-de-interruptores-4\/#breadcrumb\",\"itemListElement\":[{\"@type\":\"ListItem\",\"position\":1,\"name\":\"Home\",\"item\":\"https:\/\/addio.eu\/es\/pagina-de-inicio-de-addio\/\"},{\"@type\":\"ListItem\",\"position\":2,\"name\":\"Productos\",\"item\":\"https:\/\/addio.eu\/es\/productos\/\"},{\"@type\":\"ListItem\",\"position\":3,\"name\":\"Panel de interruptores 4\"}]},{\"@type\":\"WebSite\",\"@id\":\"https:\/\/addio.eu\/es\/#website\",\"url\":\"https:\/\/addio.eu\/es\/\",\"name\":\"addio.eu\",\"description\":\"\",\"publisher\":{\"@id\":\"https:\/\/addio.eu\/es\/#organization\"},\"potentialAction\":[{\"@type\":\"SearchAction\",\"target\":{\"@type\":\"EntryPoint\",\"urlTemplate\":\"https:\/\/addio.eu\/es\/?s={search_term_string}\"},\"query-input\":{\"@type\":\"PropertyValueSpecification\",\"valueRequired\":true,\"valueName\":\"search_term_string\"}}],\"inLanguage\":\"es\"},{\"@type\":\"Organization\",\"@id\":\"https:\/\/addio.eu\/es\/#organization\",\"name\":\"Addio electronics\",\"url\":\"https:\/\/addio.eu\/es\/\",\"logo\":{\"@type\":\"ImageObject\",\"inLanguage\":\"es\",\"@id\":\"https:\/\/addio.eu\/es\/#\/schema\/logo\/image\/\",\"url\":\"https:\/\/addio.eu\/wp-content\/uploads\/2024\/10\/Lager_1-1.svg\",\"contentUrl\":\"https:\/\/addio.eu\/wp-content\/uploads\/2024\/10\/Lager_1-1.svg\",\"caption\":\"Addio electronics\"},\"image\":{\"@id\":\"https:\/\/addio.eu\/es\/#\/schema\/logo\/image\/\"},\"sameAs\":[\"https:\/\/www.facebook.com\/AddioElectronicsAB\/\",\"https:\/\/www.linkedin.com\/company\/addio-electronics-ab\"]}]}<\/script>\n<!-- \/ Yoast SEO plugin. -->","yoast_head_json":{"title":"Panel de interruptores 4 - Addio Electronics","robots":{"index":"index","follow":"follow","max-snippet":"max-snippet:-1","max-image-preview":"max-image-preview:large","max-video-preview":"max-video-preview:-1"},"canonical":"https:\/\/addio.eu\/es\/producto\/panel-de-interruptores-4\/","og_locale":"es_ES","og_type":"article","og_title":"Panel de interruptores 4 - Addio Electronics","og_description":"F\u00e1cil cableado e instalaci\u00f3n con los paneles de control Addio Los paneles de control Addio son f\u00e1ciles de instalar utilizando la cinta de doble cara incluida o con un soporte de montaje (disponible como accesorio). Los teclados se conectan al puerto COM\/CAN de la caja de rel\u00e9s a trav\u00e9s del cable incluido. Caracter\u00edsticas Cada bot\u00f3n se puede configurar en m\u00faltiples posiciones y puede activar una salida y\/o servir como indicador para mostrar si una entrada, salida u otra funci\u00f3n interna espec\u00edfica est\u00e1 activa. Se pueden utilizar hasta cuatro paneles de control en un sistema, y se pueden configurar individualmente o funcionar en paralelo (cableado de escalera).","og_url":"https:\/\/addio.eu\/es\/producto\/panel-de-interruptores-4\/","og_site_name":"Addio Electronics","article_publisher":"https:\/\/www.facebook.com\/AddioElectronicsAB\/","og_image":[{"width":2560,"height":1920,"url":"https:\/\/addio.eu\/wp-content\/uploads\/2025\/03\/IMG_1586-scaled.jpg","type":"image\/jpeg"}],"twitter_card":"summary_large_image","twitter_misc":{"Tiempo de lectura":"1 minuto"},"schema":{"@context":"https:\/\/schema.org","@graph":[{"@type":"WebPage","@id":"https:\/\/addio.eu\/es\/producto\/panel-de-interruptores-4\/","url":"https:\/\/addio.eu\/es\/producto\/panel-de-interruptores-4\/","name":"Panel de interruptores 4 - Addio Electronics","isPartOf":{"@id":"https:\/\/addio.eu\/es\/#website"},"primaryImageOfPage":{"@id":"https:\/\/addio.eu\/es\/producto\/panel-de-interruptores-4\/#primaryimage"},"image":{"@id":"https:\/\/addio.eu\/es\/producto\/panel-de-interruptores-4\/#primaryimage"},"thumbnailUrl":"https:\/\/addio.eu\/wp-content\/uploads\/2025\/03\/IMG_1586-scaled.jpg","datePublished":"2025-03-07T10:28:46+00:00","breadcrumb":{"@id":"https:\/\/addio.eu\/es\/producto\/panel-de-interruptores-4\/#breadcrumb"},"inLanguage":"es","potentialAction":[{"@type":"ReadAction","target":["https:\/\/addio.eu\/es\/producto\/panel-de-interruptores-4\/"]}]},{"@type":"ImageObject","inLanguage":"es","@id":"https:\/\/addio.eu\/es\/producto\/panel-de-interruptores-4\/#primaryimage","url":"https:\/\/addio.eu\/wp-content\/uploads\/2025\/03\/IMG_1586-scaled.jpg","contentUrl":"https:\/\/addio.eu\/wp-content\/uploads\/2025\/03\/IMG_1586-scaled.jpg","width":2560,"height":1920},{"@type":"BreadcrumbList","@id":"https:\/\/addio.eu\/es\/producto\/panel-de-interruptores-4\/#breadcrumb","itemListElement":[{"@type":"ListItem","position":1,"name":"Home","item":"https:\/\/addio.eu\/es\/pagina-de-inicio-de-addio\/"},{"@type":"ListItem","position":2,"name":"Productos","item":"https:\/\/addio.eu\/es\/productos\/"},{"@type":"ListItem","position":3,"name":"Panel de interruptores 4"}]},{"@type":"WebSite","@id":"https:\/\/addio.eu\/es\/#website","url":"https:\/\/addio.eu\/es\/","name":"addio.eu","description":"","publisher":{"@id":"https:\/\/addio.eu\/es\/#organization"},"potentialAction":[{"@type":"SearchAction","target":{"@type":"EntryPoint","urlTemplate":"https:\/\/addio.eu\/es\/?s={search_term_string}"},"query-input":{"@type":"PropertyValueSpecification","valueRequired":true,"valueName":"search_term_string"}}],"inLanguage":"es"},{"@type":"Organization","@id":"https:\/\/addio.eu\/es\/#organization","name":"Addio electronics","url":"https:\/\/addio.eu\/es\/","logo":{"@type":"ImageObject","inLanguage":"es","@id":"https:\/\/addio.eu\/es\/#\/schema\/logo\/image\/","url":"https:\/\/addio.eu\/wp-content\/uploads\/2024\/10\/Lager_1-1.svg","contentUrl":"https:\/\/addio.eu\/wp-content\/uploads\/2024\/10\/Lager_1-1.svg","caption":"Addio electronics"},"image":{"@id":"https:\/\/addio.eu\/es\/#\/schema\/logo\/image\/"},"sameAs":["https:\/\/www.facebook.com\/AddioElectronicsAB\/","https:\/\/www.linkedin.com\/company\/addio-electronics-ab"]}]}},"_links":{"self":[{"href":"https:\/\/addio.eu\/es\/wp-json\/wp\/v2\/product\/12243","targetHints":{"allow":["GET"]}}],"collection":[{"href":"https:\/\/addio.eu\/es\/wp-json\/wp\/v2\/product"}],"about":[{"href":"https:\/\/addio.eu\/es\/wp-json\/wp\/v2\/types\/product"}],"replies":[{"embeddable":true,"href":"https:\/\/addio.eu\/es\/wp-json\/wp\/v2\/comments?post=12243"}],"wp:featuredmedia":[{"embeddable":true,"href":"https:\/\/addio.eu\/es\/wp-json\/wp\/v2\/media\/5843"}],"wp:attachment":[{"href":"https:\/\/addio.eu\/es\/wp-json\/wp\/v2\/media?parent=12243"}],"wp:term":[{"taxonomy":"product_brand","embeddable":true,"href":"https:\/\/addio.eu\/es\/wp-json\/wp\/v2\/product_brand?post=12243"},{"taxonomy":"product_cat","embeddable":true,"href":"https:\/\/addio.eu\/es\/wp-json\/wp\/v2\/product_cat?post=12243"},{"taxonomy":"product_tag","embeddable":true,"href":"https:\/\/addio.eu\/es\/wp-json\/wp\/v2\/product_tag?post=12243"}],"curies":[{"name":"wp","href":"https:\/\/api.w.org\/{rel}","templated":true}]}}